{"id":507495,"date":"2022-11-17T20:27:40","date_gmt":"2022-11-17T19:27:40","guid":{"rendered":"https:\/\/www.vetorino.com\/boutique\/product\/strap-band-bleu\/"},"modified":"2023-05-24T10:45:42","modified_gmt":"2023-05-24T08:45:42","slug":"strap-band-bleu","status":"publish","type":"product","link":"https:\/\/www.vetorino.com\/veterinaire\/landos-43340\/boutique\/product\/strap-band-bleu\/","title":{"rendered":"Strap Band &#8211; Bleu"},"content":{"rendered":"<div class=\"description\"><strong>Bande \u00e9lastique coh\u00e9sive.<\/strong><\/div>\n<p>Adh\u00e8re sur elle-m\u00eame, sans coller \u00e0 la peau ou aux poils. R\u00e9sistante et agr\u00e9able \u00e0 poser, elle se d\u00e9coupe \u00e0 la main.<\/p>\n","protected":false},"excerpt":{"rendered":"<div class=\"description\">\n<p><strong>Bandes \u00e9lastiques coh\u00e9sives avec motifs color\u00e9s, sans latex.<\/strong><\/p>\n<\/div>\n<ul>\n<li>Adh\u00e8rent sur elles-m\u00eames, sans coller \u00e0 la peau ou aux poils.<\/li>\n<li>R\u00e9sistantes et agr\u00e9ables \u00e0 poser.<\/li>\n<li>Se d\u00e9coupent \u00e0 la main, pas besoin de ciseaux.<\/li>\n<li>Disponibles en 3 largeurs (5\u00a0cm, 7,5\u00a0cm, 10\u00a0cm) et 3\u202fcouleurs.<\/li>\n<\/ul>\n","protected":false},"featured_media":620759,"template":"","meta":[],"product_cat":[2698,12596],"product_tag":[],"class_list":{"0":"post-507495","1":"product","2":"type-product","3":"status-publish","4":"has-post-thumbnail","6":"product_cat-chien","7":"product_cat-confort-du-chien","8":"pa_marque-genia","10":"first","11":"instock","12":"taxable","13":"shipping-taxable","14":"purchasable","15":"product-type-variable"},"yoast_head":"<!-- This site is optimized with the Yoast SEO plugin v27.3 - https:\/\/yoast.com\/product\/yoast-seo-wordpress\/ -->\n<title>Strap Band - Bleu Genia - V\u00e9torino<\/title>\n<meta name=\"description\" content=\"Bandes \u00e9lastiques coh\u00e9sives avec motifs color\u00e9s, sans latex.     Adh\u00e8rent sur elles-m\u00eames, sans coller \u00e0 la peau ou aux poils.  R\u00e9sistantes et agr\u00e9ables \u00e0 poser.  Se d\u00e9coupent \u00e0 la main, pas besoin de ciseaux.  Disponibles en 3 largeurs (5\u00a0cm, 7,5\u00a0cm, 10\u00a0cm) et 3\u202fcouleurs.\" \/>\n<meta name=\"robots\" content=\"noindex, nofollow\" \/>\n<meta property=\"og:locale\" content=\"fr_FR\" \/>\n<meta property=\"og:type\" content=\"article\" \/>\n<meta property=\"og:title\" content=\"Strap Band - Bleu Genia - V\u00e9torino\" \/>\n<meta property=\"og:description\" content=\"Bandes \u00e9lastiques coh\u00e9sives avec motifs color\u00e9s, sans latex.     Adh\u00e8rent sur elles-m\u00eames, sans coller \u00e0 la peau ou aux poils.  R\u00e9sistantes et agr\u00e9ables \u00e0 poser.  Se d\u00e9coupent \u00e0 la main, pas besoin de ciseaux.  Disponibles en 3 largeurs (5\u00a0cm, 7,5\u00a0cm, 10\u00a0cm) et 3\u202fcouleurs.\" \/>\n<meta property=\"og:url\" content=\"https:\/\/www.vetorino.com\/veterinaire\/landos-43340\/boutique\/product\/strap-band-bleu\/\" \/>\n<meta property=\"og:site_name\" content=\"V\u00e9torino\" \/>\n<meta property=\"article:publisher\" content=\"https:\/\/www.facebook.com\/Vetorino\/\" \/>\n<meta property=\"article:modified_time\" content=\"2023-05-24T08:45:42+00:00\" \/>\n<meta property=\"og:image\" content=\"https:\/\/www.vetorino.com\/boutique\/wp-content\/uploads\/2022\/11\/8389724-2.jpg\" \/>\n\t<meta property=\"og:image:width\" content=\"500\" \/>\n\t<meta property=\"og:image:height\" content=\"375\" \/>\n\t<meta property=\"og:image:type\" content=\"image\/jpeg\" \/>\n<meta name=\"twitter:card\" content=\"summary_large_image\" \/>\n<meta name=\"twitter:label1\" content=\"Disponibilit\u00e9\" \/>\n\t<meta name=\"twitter:data1\" content=\"En stock\" \/>\n<script type=\"application\/ld+json\" class=\"yoast-schema-graph\">{\"@context\":\"https:\\\/\\\/schema.org\",\"@graph\":[{\"@type\":\"WebPage\",\"@id\":\"https:\\\/\\\/www.vetorino.com\\\/boutique\\\/product\\\/strap-band-bleu\\\/\",\"url\":\"https:\\\/\\\/www.vetorino.com\\\/boutique\\\/product\\\/strap-band-bleu\\\/\",\"name\":\"Strap Band - Bleu Genia - V\u00e9torino\",\"isPartOf\":{\"@id\":\"https:\\\/\\\/www.vetorino.com\\\/boutique\\\/#website\"},\"primaryImageOfPage\":{\"@id\":\"https:\\\/\\\/www.vetorino.com\\\/boutique\\\/product\\\/strap-band-bleu\\\/#primaryimage\"},\"image\":{\"@id\":\"https:\\\/\\\/www.vetorino.com\\\/boutique\\\/product\\\/strap-band-bleu\\\/#primaryimage\"},\"thumbnailUrl\":\"https:\\\/\\\/www.vetorino.com\\\/boutique\\\/wp-content\\\/uploads\\\/2022\\\/11\\\/8389724-2.jpg\",\"datePublished\":\"2022-11-17T19:27:40+00:00\",\"dateModified\":\"2023-05-24T08:45:42+00:00\",\"description\":\"Bandes \u00e9lastiques coh\u00e9sives avec motifs color\u00e9s, sans latex. Adh\u00e8rent sur elles-m\u00eames, sans coller \u00e0 la peau ou aux poils. R\u00e9sistantes et agr\u00e9ables \u00e0 poser. Se d\u00e9coupent \u00e0 la main, pas besoin de ciseaux. Disponibles en 3 largeurs (5\u00a0cm, 7,5\u00a0cm, 10\u00a0cm) et 3\u202fcouleurs.\",\"breadcrumb\":{\"@id\":\"https:\\\/\\\/www.vetorino.com\\\/boutique\\\/product\\\/strap-band-bleu\\\/#breadcrumb\"},\"inLanguage\":\"fr-FR\",\"potentialAction\":[{\"@type\":\"ReadAction\",\"target\":[\"https:\\\/\\\/www.vetorino.com\\\/boutique\\\/product\\\/strap-band-bleu\\\/\"]}]},{\"@type\":\"ImageObject\",\"inLanguage\":\"fr-FR\",\"@id\":\"https:\\\/\\\/www.vetorino.com\\\/boutique\\\/product\\\/strap-band-bleu\\\/#primaryimage\",\"url\":\"https:\\\/\\\/www.vetorino.com\\\/boutique\\\/wp-content\\\/uploads\\\/2022\\\/11\\\/8389724-2.jpg\",\"contentUrl\":\"https:\\\/\\\/www.vetorino.com\\\/boutique\\\/wp-content\\\/uploads\\\/2022\\\/11\\\/8389724-2.jpg\",\"width\":500,\"height\":375},{\"@type\":\"BreadcrumbList\",\"@id\":\"https:\\\/\\\/www.vetorino.com\\\/boutique\\\/product\\\/strap-band-bleu\\\/#breadcrumb\",\"itemListElement\":[{\"@type\":\"ListItem\",\"position\":1,\"name\":\"Accueil\",\"item\":\"https:\\\/\\\/www.vetorino.com\\\/boutique\\\/\"},{\"@type\":\"ListItem\",\"position\":2,\"name\":\"Produits\",\"item\":\"https:\\\/\\\/www.vetorino.com\\\/boutique\\\/\"},{\"@type\":\"ListItem\",\"position\":3,\"name\":\"Strap Band &#8211; Bleu\"}]},{\"@type\":\"WebSite\",\"@id\":\"https:\\\/\\\/www.vetorino.com\\\/boutique\\\/#website\",\"url\":\"https:\\\/\\\/www.vetorino.com\\\/boutique\\\/\",\"name\":\"V\u00e9torino\",\"description\":\"\",\"publisher\":{\"@id\":\"https:\\\/\\\/www.vetorino.com\\\/boutique\\\/#organization\"},\"potentialAction\":[{\"@type\":\"SearchAction\",\"target\":{\"@type\":\"EntryPoint\",\"urlTemplate\":\"https:\\\/\\\/www.vetorino.com\\\/boutique\\\/?s={search_term_string}\"},\"query-input\":{\"@type\":\"PropertyValueSpecification\",\"valueRequired\":true,\"valueName\":\"search_term_string\"}}],\"inLanguage\":\"fr-FR\"},{\"@type\":\"Organization\",\"@id\":\"https:\\\/\\\/www.vetorino.com\\\/boutique\\\/#organization\",\"name\":\"V\u00e9torino\",\"url\":\"https:\\\/\\\/www.vetorino.com\\\/boutique\\\/\",\"logo\":{\"@type\":\"ImageObject\",\"inLanguage\":\"fr-FR\",\"@id\":\"https:\\\/\\\/www.vetorino.com\\\/boutique\\\/#\\\/schema\\\/logo\\\/image\\\/\",\"url\":\"https:\\\/\\\/www.vetorino.com\\\/boutique\\\/wp-content\\\/uploads\\\/2024\\\/10\\\/logo.jpg\",\"contentUrl\":\"https:\\\/\\\/www.vetorino.com\\\/boutique\\\/wp-content\\\/uploads\\\/2024\\\/10\\\/logo.jpg\",\"width\":1200,\"height\":610,\"caption\":\"V\u00e9torino\"},\"image\":{\"@id\":\"https:\\\/\\\/www.vetorino.com\\\/boutique\\\/#\\\/schema\\\/logo\\\/image\\\/\"},\"sameAs\":[\"https:\\\/\\\/www.facebook.com\\\/Vetorino\\\/\",\"https:\\\/\\\/www.instagram.com\\\/vetorino_off\\\/\",\"https:\\\/\\\/www.linkedin.com\\\/company\\\/vtorino\\\/\"]}]}<\/script>\n<meta property=\"product:brand\" content=\"Genia\" \/>\n<meta property=\"og:availability\" content=\"instock\" \/>\n<meta property=\"product:availability\" content=\"instock\" \/>\n<meta property=\"product:condition\" content=\"new\" \/>\n<!-- \/ Yoast SEO plugin. -->","yoast_head_json":{"title":"Strap Band - Bleu Genia - V\u00e9torino","description":"Bandes \u00e9lastiques coh\u00e9sives avec motifs color\u00e9s, sans latex.     Adh\u00e8rent sur elles-m\u00eames, sans coller \u00e0 la peau ou aux poils.  R\u00e9sistantes et agr\u00e9ables \u00e0 poser.  Se d\u00e9coupent \u00e0 la main, pas besoin de ciseaux.  Disponibles en 3 largeurs (5\u00a0cm, 7,5\u00a0cm, 10\u00a0cm) et 3\u202fcouleurs.","robots":{"index":"noindex","follow":"nofollow"},"og_locale":"fr_FR","og_type":"article","og_title":"Strap Band - Bleu Genia - V\u00e9torino","og_description":"Bandes \u00e9lastiques coh\u00e9sives avec motifs color\u00e9s, sans latex.     Adh\u00e8rent sur elles-m\u00eames, sans coller \u00e0 la peau ou aux poils.  R\u00e9sistantes et agr\u00e9ables \u00e0 poser.  Se d\u00e9coupent \u00e0 la main, pas besoin de ciseaux.  Disponibles en 3 largeurs (5\u00a0cm, 7,5\u00a0cm, 10\u00a0cm) et 3\u202fcouleurs.","og_url":"https:\/\/www.vetorino.com\/veterinaire\/landos-43340\/boutique\/product\/strap-band-bleu\/","og_site_name":"V\u00e9torino","article_publisher":"https:\/\/www.facebook.com\/Vetorino\/","article_modified_time":"2023-05-24T08:45:42+00:00","og_image":[{"width":500,"height":375,"url":"https:\/\/www.vetorino.com\/boutique\/wp-content\/uploads\/2022\/11\/8389724-2.jpg","type":"image\/jpeg"}],"twitter_card":"summary_large_image","twitter_misc":{"Disponibilit\u00e9":"En stock"},"schema":{"@context":"https:\/\/schema.org","@graph":[{"@type":"WebPage","@id":"https:\/\/www.vetorino.com\/boutique\/product\/strap-band-bleu\/","url":"https:\/\/www.vetorino.com\/boutique\/product\/strap-band-bleu\/","name":"Strap Band - Bleu Genia - V\u00e9torino","isPartOf":{"@id":"https:\/\/www.vetorino.com\/boutique\/#website"},"primaryImageOfPage":{"@id":"https:\/\/www.vetorino.com\/boutique\/product\/strap-band-bleu\/#primaryimage"},"image":{"@id":"https:\/\/www.vetorino.com\/boutique\/product\/strap-band-bleu\/#primaryimage"},"thumbnailUrl":"https:\/\/www.vetorino.com\/boutique\/wp-content\/uploads\/2022\/11\/8389724-2.jpg","datePublished":"2022-11-17T19:27:40+00:00","dateModified":"2023-05-24T08:45:42+00:00","description":"Bandes \u00e9lastiques coh\u00e9sives avec motifs color\u00e9s, sans latex. Adh\u00e8rent sur elles-m\u00eames, sans coller \u00e0 la peau ou aux poils. R\u00e9sistantes et agr\u00e9ables \u00e0 poser. Se d\u00e9coupent \u00e0 la main, pas besoin de ciseaux. Disponibles en 3 largeurs (5\u00a0cm, 7,5\u00a0cm, 10\u00a0cm) et 3\u202fcouleurs.","breadcrumb":{"@id":"https:\/\/www.vetorino.com\/boutique\/product\/strap-band-bleu\/#breadcrumb"},"inLanguage":"fr-FR","potentialAction":[{"@type":"ReadAction","target":["https:\/\/www.vetorino.com\/boutique\/product\/strap-band-bleu\/"]}]},{"@type":"ImageObject","inLanguage":"fr-FR","@id":"https:\/\/www.vetorino.com\/boutique\/product\/strap-band-bleu\/#primaryimage","url":"https:\/\/www.vetorino.com\/boutique\/wp-content\/uploads\/2022\/11\/8389724-2.jpg","contentUrl":"https:\/\/www.vetorino.com\/boutique\/wp-content\/uploads\/2022\/11\/8389724-2.jpg","width":500,"height":375},{"@type":"BreadcrumbList","@id":"https:\/\/www.vetorino.com\/boutique\/product\/strap-band-bleu\/#breadcrumb","itemListElement":[{"@type":"ListItem","position":1,"name":"Accueil","item":"https:\/\/www.vetorino.com\/boutique\/"},{"@type":"ListItem","position":2,"name":"Produits","item":"https:\/\/www.vetorino.com\/boutique\/"},{"@type":"ListItem","position":3,"name":"Strap Band &#8211; Bleu"}]},{"@type":"WebSite","@id":"https:\/\/www.vetorino.com\/boutique\/#website","url":"https:\/\/www.vetorino.com\/boutique\/","name":"V\u00e9torino","description":"","publisher":{"@id":"https:\/\/www.vetorino.com\/boutique\/#organization"},"potentialAction":[{"@type":"SearchAction","target":{"@type":"EntryPoint","urlTemplate":"https:\/\/www.vetorino.com\/boutique\/?s={search_term_string}"},"query-input":{"@type":"PropertyValueSpecification","valueRequired":true,"valueName":"search_term_string"}}],"inLanguage":"fr-FR"},{"@type":"Organization","@id":"https:\/\/www.vetorino.com\/boutique\/#organization","name":"V\u00e9torino","url":"https:\/\/www.vetorino.com\/boutique\/","logo":{"@type":"ImageObject","inLanguage":"fr-FR","@id":"https:\/\/www.vetorino.com\/boutique\/#\/schema\/logo\/image\/","url":"https:\/\/www.vetorino.com\/boutique\/wp-content\/uploads\/2024\/10\/logo.jpg","contentUrl":"https:\/\/www.vetorino.com\/boutique\/wp-content\/uploads\/2024\/10\/logo.jpg","width":1200,"height":610,"caption":"V\u00e9torino"},"image":{"@id":"https:\/\/www.vetorino.com\/boutique\/#\/schema\/logo\/image\/"},"sameAs":["https:\/\/www.facebook.com\/Vetorino\/","https:\/\/www.instagram.com\/vetorino_off\/","https:\/\/www.linkedin.com\/company\/vtorino\/"]}]},"product_brand":"Genia","og_availability":"instock","product_availability":"instock","product_condition":"new"},"_links":{"self":[{"href":"https:\/\/www.vetorino.com\/veterinaire\/landos-43340\/boutique\/wp-json\/wp\/v2\/product\/507495","targetHints":{"allow":["GET"]}}],"collection":[{"href":"https:\/\/www.vetorino.com\/veterinaire\/landos-43340\/boutique\/wp-json\/wp\/v2\/product"}],"about":[{"href":"https:\/\/www.vetorino.com\/veterinaire\/landos-43340\/boutique\/wp-json\/wp\/v2\/types\/product"}],"wp:featuredmedia":[{"embeddable":true,"href":"https:\/\/www.vetorino.com\/veterinaire\/landos-43340\/boutique\/wp-json\/wp\/v2\/media\/620759"}],"wp:attachment":[{"href":"https:\/\/www.vetorino.com\/veterinaire\/landos-43340\/boutique\/wp-json\/wp\/v2\/media?parent=507495"}],"wp:term":[{"taxonomy":"product_cat","embeddable":true,"href":"https:\/\/www.vetorino.com\/veterinaire\/landos-43340\/boutique\/wp-json\/wp\/v2\/product_cat?post=507495"},{"taxonomy":"product_tag","embeddable":true,"href":"https:\/\/www.vetorino.com\/veterinaire\/landos-43340\/boutique\/wp-json\/wp\/v2\/product_tag?post=507495"}],"curies":[{"name":"wp","href":"https:\/\/api.w.org\/{rel}","templated":true}]}}