{"id":507912,"date":"2022-11-17T20:42:21","date_gmt":"2022-11-17T19:42:21","guid":{"rendered":"https:\/\/www.vetorino.com\/boutique\/product\/colostimel-plus-energie\/"},"modified":"2025-07-28T10:35:09","modified_gmt":"2025-07-28T08:35:09","slug":"colostimel-plus-energie","status":"publish","type":"product","link":"https:\/\/www.vetorino.com\/veterinaire\/landos-43340\/boutique\/product\/colostimel-plus-energie\/","title":{"rendered":"Colostimel Plus Energie"},"content":{"rendered":"<p><strong>COLOSTIMEL\u00ae + energie de chez Biove<span class=\"st\">\u00ae<\/span>\u00a0:<br \/>\n<\/strong><em><strong>Compl\u00e9ment de colostrum\u00a0<\/strong>&#8211; Il est adapt\u00e9 pour le Veau, l&#8217;agneau et le chevreau<\/em><\/p>\n<p>Aliment compl\u00e9mentaire du colostrum\u00a0<strong>pour veaux, agneaux et chevreaux.<br \/>\n<\/strong>Participe au renforcement des d\u00e9fenses naturelles g\u00e9n\u00e9rales et locales.<\/p>\n<p>Apporte \u00e0 la fois des<strong>\u00a0immunoglobulines<\/strong>\u00a0rapidement absorb\u00e9es et des\u00a0<strong>bact\u00e9ries lactiques<\/strong>\u00a0protectrices de la muqueuse intestinale.<\/p>\n<p>Colostimel<span class=\"st\">\u00ae<\/span>\u00a0est \u00e0 distribuer\u00a0<strong>en compl\u00e9ment du colostrum maternel <\/strong>(en cas de colostrum de mauvaise qualit\u00e9, de vache primipare&#8230;)<\/p>\n<p><em>Composition<\/em>\u00a0: 7g d&#8217;IgG actives obtenues \u00e0 partir d&#8217;un colostrum de 1\u00e8re traite<\/p>\n<p><em>Mode d&#8217;emploi :\u00a0<\/em>1 sachet de 200g \u00e0 diluer dans 1 litre de colostrum, de lait ou d&#8217;eau ti\u00e8de.<br \/>\nUn sachet convient pour 1 veau ou 5 agneaux\/chevreaux.<\/p>\n","protected":false},"excerpt":{"rendered":"<p><strong>COLOSTIMEL\u00ae + energie de chez Biove<span class=\"st\">\u00ae<\/span>\u00a0:<br \/>\n<\/strong><em><strong>Compl\u00e9ment de colostrum\u00a0<\/strong>&#8211; Il est adapt\u00e9 pour le Veau, l&#8217;agneau et le chevreau<\/em><\/p>\n<p>Aliment compl\u00e9mentaire du colostrum\u00a0<strong>pour veaux, agneaux et chevreaux.<br \/>\n<\/strong>Participe au renforcement des d\u00e9fenses naturelles g\u00e9n\u00e9rales et locales.<\/p>\n<p>Apporte \u00e0 la fois des<strong>\u00a0immunoglobulines<\/strong>\u00a0rapidement absorb\u00e9es et des\u00a0<strong>bact\u00e9ries lactiques<\/strong>\u00a0protectrices de la muqueuse intestinale.<\/p>\n","protected":false},"featured_media":1430755,"template":"","meta":[],"product_cat":[6864,6870,6871,6873],"product_tag":[],"class_list":{"0":"post-507912","1":"product","2":"type-product","3":"status-publish","4":"has-post-thumbnail","6":"product_cat-animaux-delevage","7":"product_cat-bovins","8":"product_cat-caprins","9":"product_cat-ovins","10":"pa_marque-biove","12":"first","13":"instock","14":"taxable","15":"shipping-taxable","16":"purchasable","17":"product-type-simple"},"yoast_head":"<!-- This site is optimized with the Yoast SEO plugin v27.3 - https:\/\/yoast.com\/product\/yoast-seo-wordpress\/ -->\n<title>Colostimel Plus Energie Biove - V\u00e9torino<\/title>\n<meta name=\"description\" content=\"COLOSTIMEL\u00ae + energie de chez Biove\u00ae\u00a0: Compl\u00e9ment de colostrum\u00a0- Il est adapt\u00e9 pour le Veau, l&#039;agneau et le chevreau  Aliment compl\u00e9mentaire du colostrum\u00a0pour veaux, agneaux et chevreaux. Participe au renforcement des d\u00e9fenses naturelles g\u00e9n\u00e9rales et locales.  Apporte \u00e0 la fois des\u00a0immunoglobulines\u00a0rapidement absorb\u00e9es et des\u00a0bact\u00e9ries lactiques\u00a0protectrices de la muqueuse intestinale.\" \/>\n<meta name=\"robots\" content=\"noindex, nofollow\" \/>\n<meta property=\"og:locale\" content=\"fr_FR\" \/>\n<meta property=\"og:type\" content=\"article\" \/>\n<meta property=\"og:title\" content=\"Colostimel Plus Energie Biove - V\u00e9torino\" \/>\n<meta property=\"og:description\" content=\"COLOSTIMEL\u00ae + energie de chez Biove\u00ae\u00a0: Compl\u00e9ment de colostrum\u00a0- Il est adapt\u00e9 pour le Veau, l&#039;agneau et le chevreau  Aliment compl\u00e9mentaire du colostrum\u00a0pour veaux, agneaux et chevreaux. Participe au renforcement des d\u00e9fenses naturelles g\u00e9n\u00e9rales et locales.  Apporte \u00e0 la fois des\u00a0immunoglobulines\u00a0rapidement absorb\u00e9es et des\u00a0bact\u00e9ries lactiques\u00a0protectrices de la muqueuse intestinale.\" \/>\n<meta property=\"og:url\" content=\"https:\/\/www.vetorino.com\/veterinaire\/landos-43340\/boutique\/product\/colostimel-plus-energie\/\" \/>\n<meta property=\"og:site_name\" content=\"V\u00e9torino\" \/>\n<meta property=\"article:publisher\" content=\"https:\/\/www.facebook.com\/Vetorino\/\" \/>\n<meta property=\"article:modified_time\" content=\"2025-07-28T08:35:09+00:00\" \/>\n<meta property=\"og:image\" content=\"https:\/\/www.vetorino.com\/boutique\/wp-content\/uploads\/2022\/11\/colostimel-plus-energie-scaled.png\" \/>\n\t<meta property=\"og:image:width\" content=\"2560\" \/>\n\t<meta property=\"og:image:height\" content=\"2560\" \/>\n\t<meta property=\"og:image:type\" content=\"image\/png\" \/>\n<meta name=\"twitter:card\" content=\"summary_large_image\" \/>\n<meta name=\"twitter:label1\" content=\"Prix\" \/>\n\t<meta name=\"twitter:data1\" content=\"110,42&euro;\" \/>\n\t<meta name=\"twitter:label2\" content=\"Disponibilit\u00e9\" \/>\n\t<meta name=\"twitter:data2\" content=\"En stock\" \/>\n<script type=\"application\/ld+json\" class=\"yoast-schema-graph\">{\"@context\":\"https:\\\/\\\/schema.org\",\"@graph\":[{\"@type\":\"WebPage\",\"@id\":\"https:\\\/\\\/www.vetorino.com\\\/boutique\\\/product\\\/colostimel-plus-energie\\\/\",\"url\":\"https:\\\/\\\/www.vetorino.com\\\/boutique\\\/product\\\/colostimel-plus-energie\\\/\",\"name\":\"Colostimel Plus Energie Biove - V\u00e9torino\",\"isPartOf\":{\"@id\":\"https:\\\/\\\/www.vetorino.com\\\/boutique\\\/#website\"},\"primaryImageOfPage\":{\"@id\":\"https:\\\/\\\/www.vetorino.com\\\/boutique\\\/product\\\/colostimel-plus-energie\\\/#primaryimage\"},\"image\":{\"@id\":\"https:\\\/\\\/www.vetorino.com\\\/boutique\\\/product\\\/colostimel-plus-energie\\\/#primaryimage\"},\"thumbnailUrl\":\"https:\\\/\\\/www.vetorino.com\\\/boutique\\\/wp-content\\\/uploads\\\/2022\\\/11\\\/colostimel-plus-energie-scaled.png\",\"datePublished\":\"2022-11-17T19:42:21+00:00\",\"dateModified\":\"2025-07-28T08:35:09+00:00\",\"description\":\"COLOSTIMEL\u00ae + energie de chez Biove\u00ae\u00a0: Compl\u00e9ment de colostrum\u00a0- Il est adapt\u00e9 pour le Veau, l'agneau et le chevreau Aliment compl\u00e9mentaire du colostrum\u00a0pour veaux, agneaux et chevreaux. Participe au renforcement des d\u00e9fenses naturelles g\u00e9n\u00e9rales et locales. Apporte \u00e0 la fois des\u00a0immunoglobulines\u00a0rapidement absorb\u00e9es et des\u00a0bact\u00e9ries lactiques\u00a0protectrices de la muqueuse intestinale.\",\"breadcrumb\":{\"@id\":\"https:\\\/\\\/www.vetorino.com\\\/boutique\\\/product\\\/colostimel-plus-energie\\\/#breadcrumb\"},\"inLanguage\":\"fr-FR\",\"potentialAction\":[{\"@type\":\"ReadAction\",\"target\":[\"https:\\\/\\\/www.vetorino.com\\\/boutique\\\/product\\\/colostimel-plus-energie\\\/\"]}]},{\"@type\":\"ImageObject\",\"inLanguage\":\"fr-FR\",\"@id\":\"https:\\\/\\\/www.vetorino.com\\\/boutique\\\/product\\\/colostimel-plus-energie\\\/#primaryimage\",\"url\":\"https:\\\/\\\/www.vetorino.com\\\/boutique\\\/wp-content\\\/uploads\\\/2022\\\/11\\\/colostimel-plus-energie-scaled.png\",\"contentUrl\":\"https:\\\/\\\/www.vetorino.com\\\/boutique\\\/wp-content\\\/uploads\\\/2022\\\/11\\\/colostimel-plus-energie-scaled.png\",\"width\":2560,\"height\":2560},{\"@type\":\"BreadcrumbList\",\"@id\":\"https:\\\/\\\/www.vetorino.com\\\/boutique\\\/product\\\/colostimel-plus-energie\\\/#breadcrumb\",\"itemListElement\":[{\"@type\":\"ListItem\",\"position\":1,\"name\":\"Accueil\",\"item\":\"https:\\\/\\\/www.vetorino.com\\\/boutique\\\/\"},{\"@type\":\"ListItem\",\"position\":2,\"name\":\"Produits\",\"item\":\"https:\\\/\\\/www.vetorino.com\\\/boutique\\\/\"},{\"@type\":\"ListItem\",\"position\":3,\"name\":\"Colostimel Plus Energie\"}]},{\"@type\":\"WebSite\",\"@id\":\"https:\\\/\\\/www.vetorino.com\\\/boutique\\\/#website\",\"url\":\"https:\\\/\\\/www.vetorino.com\\\/boutique\\\/\",\"name\":\"V\u00e9torino\",\"description\":\"\",\"publisher\":{\"@id\":\"https:\\\/\\\/www.vetorino.com\\\/boutique\\\/#organization\"},\"potentialAction\":[{\"@type\":\"SearchAction\",\"target\":{\"@type\":\"EntryPoint\",\"urlTemplate\":\"https:\\\/\\\/www.vetorino.com\\\/boutique\\\/?s={search_term_string}\"},\"query-input\":{\"@type\":\"PropertyValueSpecification\",\"valueRequired\":true,\"valueName\":\"search_term_string\"}}],\"inLanguage\":\"fr-FR\"},{\"@type\":\"Organization\",\"@id\":\"https:\\\/\\\/www.vetorino.com\\\/boutique\\\/#organization\",\"name\":\"V\u00e9torino\",\"url\":\"https:\\\/\\\/www.vetorino.com\\\/boutique\\\/\",\"logo\":{\"@type\":\"ImageObject\",\"inLanguage\":\"fr-FR\",\"@id\":\"https:\\\/\\\/www.vetorino.com\\\/boutique\\\/#\\\/schema\\\/logo\\\/image\\\/\",\"url\":\"https:\\\/\\\/www.vetorino.com\\\/boutique\\\/wp-content\\\/uploads\\\/2024\\\/10\\\/logo.jpg\",\"contentUrl\":\"https:\\\/\\\/www.vetorino.com\\\/boutique\\\/wp-content\\\/uploads\\\/2024\\\/10\\\/logo.jpg\",\"width\":1200,\"height\":610,\"caption\":\"V\u00e9torino\"},\"image\":{\"@id\":\"https:\\\/\\\/www.vetorino.com\\\/boutique\\\/#\\\/schema\\\/logo\\\/image\\\/\"},\"sameAs\":[\"https:\\\/\\\/www.facebook.com\\\/Vetorino\\\/\",\"https:\\\/\\\/www.instagram.com\\\/vetorino_off\\\/\",\"https:\\\/\\\/www.linkedin.com\\\/company\\\/vtorino\\\/\"]}]}<\/script>\n<meta property=\"product:brand\" content=\"Biove\" \/>\n<meta property=\"product:price:amount\" content=\"110.42\" \/>\n<meta property=\"product:price:currency\" content=\"EUR\" \/>\n<meta property=\"og:availability\" content=\"instock\" \/>\n<meta property=\"product:availability\" content=\"instock\" \/>\n<meta property=\"product:retailer_item_id\" content=\"A-4455921\" \/>\n<meta property=\"product:condition\" content=\"new\" \/>\n<!-- \/ Yoast SEO plugin. -->","yoast_head_json":{"title":"Colostimel Plus Energie Biove - V\u00e9torino","description":"COLOSTIMEL\u00ae + energie de chez Biove\u00ae\u00a0: Compl\u00e9ment de colostrum\u00a0- Il est adapt\u00e9 pour le Veau, l'agneau et le chevreau  Aliment compl\u00e9mentaire du colostrum\u00a0pour veaux, agneaux et chevreaux. Participe au renforcement des d\u00e9fenses naturelles g\u00e9n\u00e9rales et locales.  Apporte \u00e0 la fois des\u00a0immunoglobulines\u00a0rapidement absorb\u00e9es et des\u00a0bact\u00e9ries lactiques\u00a0protectrices de la muqueuse intestinale.","robots":{"index":"noindex","follow":"nofollow"},"og_locale":"fr_FR","og_type":"article","og_title":"Colostimel Plus Energie Biove - V\u00e9torino","og_description":"COLOSTIMEL\u00ae + energie de chez Biove\u00ae\u00a0: Compl\u00e9ment de colostrum\u00a0- Il est adapt\u00e9 pour le Veau, l'agneau et le chevreau  Aliment compl\u00e9mentaire du colostrum\u00a0pour veaux, agneaux et chevreaux. Participe au renforcement des d\u00e9fenses naturelles g\u00e9n\u00e9rales et locales.  Apporte \u00e0 la fois des\u00a0immunoglobulines\u00a0rapidement absorb\u00e9es et des\u00a0bact\u00e9ries lactiques\u00a0protectrices de la muqueuse intestinale.","og_url":"https:\/\/www.vetorino.com\/veterinaire\/landos-43340\/boutique\/product\/colostimel-plus-energie\/","og_site_name":"V\u00e9torino","article_publisher":"https:\/\/www.facebook.com\/Vetorino\/","article_modified_time":"2025-07-28T08:35:09+00:00","og_image":[{"width":2560,"height":2560,"url":"https:\/\/www.vetorino.com\/boutique\/wp-content\/uploads\/2022\/11\/colostimel-plus-energie-scaled.png","type":"image\/png"}],"twitter_card":"summary_large_image","twitter_misc":{"Prix":"110,42&euro;","Disponibilit\u00e9":"En stock"},"schema":{"@context":"https:\/\/schema.org","@graph":[{"@type":"WebPage","@id":"https:\/\/www.vetorino.com\/boutique\/product\/colostimel-plus-energie\/","url":"https:\/\/www.vetorino.com\/boutique\/product\/colostimel-plus-energie\/","name":"Colostimel Plus Energie Biove - V\u00e9torino","isPartOf":{"@id":"https:\/\/www.vetorino.com\/boutique\/#website"},"primaryImageOfPage":{"@id":"https:\/\/www.vetorino.com\/boutique\/product\/colostimel-plus-energie\/#primaryimage"},"image":{"@id":"https:\/\/www.vetorino.com\/boutique\/product\/colostimel-plus-energie\/#primaryimage"},"thumbnailUrl":"https:\/\/www.vetorino.com\/boutique\/wp-content\/uploads\/2022\/11\/colostimel-plus-energie-scaled.png","datePublished":"2022-11-17T19:42:21+00:00","dateModified":"2025-07-28T08:35:09+00:00","description":"COLOSTIMEL\u00ae + energie de chez Biove\u00ae\u00a0: Compl\u00e9ment de colostrum\u00a0- Il est adapt\u00e9 pour le Veau, l'agneau et le chevreau Aliment compl\u00e9mentaire du colostrum\u00a0pour veaux, agneaux et chevreaux. Participe au renforcement des d\u00e9fenses naturelles g\u00e9n\u00e9rales et locales. Apporte \u00e0 la fois des\u00a0immunoglobulines\u00a0rapidement absorb\u00e9es et des\u00a0bact\u00e9ries lactiques\u00a0protectrices de la muqueuse intestinale.","breadcrumb":{"@id":"https:\/\/www.vetorino.com\/boutique\/product\/colostimel-plus-energie\/#breadcrumb"},"inLanguage":"fr-FR","potentialAction":[{"@type":"ReadAction","target":["https:\/\/www.vetorino.com\/boutique\/product\/colostimel-plus-energie\/"]}]},{"@type":"ImageObject","inLanguage":"fr-FR","@id":"https:\/\/www.vetorino.com\/boutique\/product\/colostimel-plus-energie\/#primaryimage","url":"https:\/\/www.vetorino.com\/boutique\/wp-content\/uploads\/2022\/11\/colostimel-plus-energie-scaled.png","contentUrl":"https:\/\/www.vetorino.com\/boutique\/wp-content\/uploads\/2022\/11\/colostimel-plus-energie-scaled.png","width":2560,"height":2560},{"@type":"BreadcrumbList","@id":"https:\/\/www.vetorino.com\/boutique\/product\/colostimel-plus-energie\/#breadcrumb","itemListElement":[{"@type":"ListItem","position":1,"name":"Accueil","item":"https:\/\/www.vetorino.com\/boutique\/"},{"@type":"ListItem","position":2,"name":"Produits","item":"https:\/\/www.vetorino.com\/boutique\/"},{"@type":"ListItem","position":3,"name":"Colostimel Plus Energie"}]},{"@type":"WebSite","@id":"https:\/\/www.vetorino.com\/boutique\/#website","url":"https:\/\/www.vetorino.com\/boutique\/","name":"V\u00e9torino","description":"","publisher":{"@id":"https:\/\/www.vetorino.com\/boutique\/#organization"},"potentialAction":[{"@type":"SearchAction","target":{"@type":"EntryPoint","urlTemplate":"https:\/\/www.vetorino.com\/boutique\/?s={search_term_string}"},"query-input":{"@type":"PropertyValueSpecification","valueRequired":true,"valueName":"search_term_string"}}],"inLanguage":"fr-FR"},{"@type":"Organization","@id":"https:\/\/www.vetorino.com\/boutique\/#organization","name":"V\u00e9torino","url":"https:\/\/www.vetorino.com\/boutique\/","logo":{"@type":"ImageObject","inLanguage":"fr-FR","@id":"https:\/\/www.vetorino.com\/boutique\/#\/schema\/logo\/image\/","url":"https:\/\/www.vetorino.com\/boutique\/wp-content\/uploads\/2024\/10\/logo.jpg","contentUrl":"https:\/\/www.vetorino.com\/boutique\/wp-content\/uploads\/2024\/10\/logo.jpg","width":1200,"height":610,"caption":"V\u00e9torino"},"image":{"@id":"https:\/\/www.vetorino.com\/boutique\/#\/schema\/logo\/image\/"},"sameAs":["https:\/\/www.facebook.com\/Vetorino\/","https:\/\/www.instagram.com\/vetorino_off\/","https:\/\/www.linkedin.com\/company\/vtorino\/"]}]},"product_brand":"Biove","product_price_amount":"110.42","product_price_currency":"EUR","og_availability":"instock","product_availability":"instock","product_retailer_item_id":"A-4455921","product_condition":"new"},"_links":{"self":[{"href":"https:\/\/www.vetorino.com\/veterinaire\/landos-43340\/boutique\/wp-json\/wp\/v2\/product\/507912","targetHints":{"allow":["GET"]}}],"collection":[{"href":"https:\/\/www.vetorino.com\/veterinaire\/landos-43340\/boutique\/wp-json\/wp\/v2\/product"}],"about":[{"href":"https:\/\/www.vetorino.com\/veterinaire\/landos-43340\/boutique\/wp-json\/wp\/v2\/types\/product"}],"wp:featuredmedia":[{"embeddable":true,"href":"https:\/\/www.vetorino.com\/veterinaire\/landos-43340\/boutique\/wp-json\/wp\/v2\/media\/1430755"}],"wp:attachment":[{"href":"https:\/\/www.vetorino.com\/veterinaire\/landos-43340\/boutique\/wp-json\/wp\/v2\/media?parent=507912"}],"wp:term":[{"taxonomy":"product_cat","embeddable":true,"href":"https:\/\/www.vetorino.com\/veterinaire\/landos-43340\/boutique\/wp-json\/wp\/v2\/product_cat?post=507912"},{"taxonomy":"product_tag","embeddable":true,"href":"https:\/\/www.vetorino.com\/veterinaire\/landos-43340\/boutique\/wp-json\/wp\/v2\/product_tag?post=507912"}],"curies":[{"name":"wp","href":"https:\/\/api.w.org\/{rel}","templated":true}]}}