{"id":508006,"date":"2022-11-17T20:46:00","date_gmt":"2022-11-17T19:46:00","guid":{"rendered":"https:\/\/www.vetorino.com\/boutique\/product\/drainophyt-ruminants\/"},"modified":"2025-07-29T11:53:22","modified_gmt":"2025-07-29T09:53:22","slug":"drainophyt-ruminants","status":"publish","type":"product","link":"https:\/\/www.vetorino.com\/veterinaire\/landos-43340\/boutique\/product\/drainophyt-ruminants\/","title":{"rendered":"Drainophyt"},"content":{"rendered":"<p><strong>Soutient les fonctions de drainage et de d\u00e9toxification des animaux en convalescence. DrainoPhyt ne contient pas de substances dopantes.<\/strong><\/p>\n<p>Drainophyt est un produit<strong> \u00e0 base de plantes<\/strong> sp\u00e9cifiquement adapt\u00e9 pour les besoins d\u2019\u00e9limination des animaux en convalescence qui :<\/p>\n<ul>\n<li><strong>Stimule la fonction r\u00e9nale<\/strong> d\u2019\u00e9limination des d\u00e9chets<\/li>\n<li><strong>Pr\u00e9serve le foie<\/strong> et favorise son fonctionnement : R\u00e9g\u00e9n\u00e9ration, d\u00e9toxification et s\u00e9cr\u00e9tions.<\/li>\n<li><strong>Limite le stress oxydatif<\/strong> et le processus inflammatoire.<\/li>\n<\/ul>\n","protected":false},"excerpt":{"rendered":"<p><strong>Soutient les fonctions de drainage et de d\u00e9toxification des animaux en convalescence. DrainoPhyt ne contient pas de substances dopantes.<\/strong><\/p>\n<p>Drainophyt est un produit<strong> \u00e0 base de plantes<\/strong> sp\u00e9cifiquement adapt\u00e9 pour les besoins d\u2019\u00e9limination des animaux en convalescence qui :<\/p>\n<ul>\n<li><strong>Stimule la fonction r\u00e9nale<\/strong> d\u2019\u00e9limination des d\u00e9chets<\/li>\n<li><strong>Pr\u00e9serve le foie<\/strong> et favorise son fonctionnement : R\u00e9g\u00e9n\u00e9ration, d\u00e9toxification et s\u00e9cr\u00e9tions.<\/li>\n<li><strong>Limite le stress oxydatif<\/strong> et le processus inflammatoire.<\/li>\n<\/ul>\n","protected":false},"featured_media":1432254,"template":"","meta":[],"product_cat":[6864,6870,6871,6873],"product_tag":[],"class_list":{"0":"post-508006","1":"product","2":"type-product","3":"status-publish","4":"has-post-thumbnail","6":"product_cat-animaux-delevage","7":"product_cat-bovins","8":"product_cat-caprins","9":"product_cat-ovins","10":"pa_marque-savetis","12":"first","13":"instock","14":"taxable","15":"shipping-taxable","16":"purchasable","17":"product-type-simple"},"yoast_head":"<!-- This site is optimized with the Yoast SEO plugin v27.3 - https:\/\/yoast.com\/product\/yoast-seo-wordpress\/ -->\n<title>Drainophyt Savetis - V\u00e9torino<\/title>\n<meta name=\"description\" content=\"Soutient les fonctions de drainage et de d\u00e9toxification des animaux en convalescence. DrainoPhyt ne contient pas de substances dopantes.  Drainophyt est un produit \u00e0 base de plantes sp\u00e9cifiquement adapt\u00e9 pour les besoins d\u2019\u00e9limination des animaux en convalescence qui :   Stimule la fonction r\u00e9nale d\u2019\u00e9limination des d\u00e9chets  Pr\u00e9serve le foie et favorise son fonctionnement : R\u00e9g\u00e9n\u00e9ration, d\u00e9toxification et s\u00e9cr\u00e9tions.  Limite le stress oxydatif et le processus inflammatoire.\" \/>\n<meta name=\"robots\" content=\"noindex, nofollow\" \/>\n<meta property=\"og:locale\" content=\"fr_FR\" \/>\n<meta property=\"og:type\" content=\"article\" \/>\n<meta property=\"og:title\" content=\"Drainophyt Savetis - V\u00e9torino\" \/>\n<meta property=\"og:description\" content=\"Soutient les fonctions de drainage et de d\u00e9toxification des animaux en convalescence. DrainoPhyt ne contient pas de substances dopantes.  Drainophyt est un produit \u00e0 base de plantes sp\u00e9cifiquement adapt\u00e9 pour les besoins d\u2019\u00e9limination des animaux en convalescence qui :   Stimule la fonction r\u00e9nale d\u2019\u00e9limination des d\u00e9chets  Pr\u00e9serve le foie et favorise son fonctionnement : R\u00e9g\u00e9n\u00e9ration, d\u00e9toxification et s\u00e9cr\u00e9tions.  Limite le stress oxydatif et le processus inflammatoire.\" \/>\n<meta property=\"og:url\" content=\"https:\/\/www.vetorino.com\/veterinaire\/landos-43340\/boutique\/product\/drainophyt-ruminants\/\" \/>\n<meta property=\"og:site_name\" content=\"V\u00e9torino\" \/>\n<meta property=\"article:publisher\" content=\"https:\/\/www.facebook.com\/Vetorino\/\" \/>\n<meta property=\"article:modified_time\" content=\"2025-07-29T09:53:22+00:00\" \/>\n<meta property=\"og:image\" content=\"https:\/\/www.vetorino.com\/boutique\/wp-content\/uploads\/2022\/11\/drainophyt_uab.jpg\" \/>\n\t<meta property=\"og:image:width\" content=\"715\" \/>\n\t<meta property=\"og:image:height\" content=\"773\" \/>\n\t<meta property=\"og:image:type\" content=\"image\/jpeg\" \/>\n<meta name=\"twitter:card\" content=\"summary_large_image\" \/>\n<meta name=\"twitter:label1\" content=\"Prix\" \/>\n\t<meta name=\"twitter:data1\" content=\"19,88&euro;\" \/>\n\t<meta name=\"twitter:label2\" content=\"Disponibilit\u00e9\" \/>\n\t<meta name=\"twitter:data2\" content=\"En stock\" \/>\n<script type=\"application\/ld+json\" class=\"yoast-schema-graph\">{\"@context\":\"https:\\\/\\\/schema.org\",\"@graph\":[{\"@type\":\"WebPage\",\"@id\":\"https:\\\/\\\/www.vetorino.com\\\/boutique\\\/product\\\/drainophyt-ruminants\\\/\",\"url\":\"https:\\\/\\\/www.vetorino.com\\\/boutique\\\/product\\\/drainophyt-ruminants\\\/\",\"name\":\"Drainophyt Savetis - V\u00e9torino\",\"isPartOf\":{\"@id\":\"https:\\\/\\\/www.vetorino.com\\\/boutique\\\/#website\"},\"primaryImageOfPage\":{\"@id\":\"https:\\\/\\\/www.vetorino.com\\\/boutique\\\/product\\\/drainophyt-ruminants\\\/#primaryimage\"},\"image\":{\"@id\":\"https:\\\/\\\/www.vetorino.com\\\/boutique\\\/product\\\/drainophyt-ruminants\\\/#primaryimage\"},\"thumbnailUrl\":\"https:\\\/\\\/www.vetorino.com\\\/boutique\\\/wp-content\\\/uploads\\\/2022\\\/11\\\/drainophyt_uab.jpg\",\"datePublished\":\"2022-11-17T19:46:00+00:00\",\"dateModified\":\"2025-07-29T09:53:22+00:00\",\"description\":\"Soutient les fonctions de drainage et de d\u00e9toxification des animaux en convalescence. DrainoPhyt ne contient pas de substances dopantes. Drainophyt est un produit \u00e0 base de plantes sp\u00e9cifiquement adapt\u00e9 pour les besoins d\u2019\u00e9limination des animaux en convalescence qui : Stimule la fonction r\u00e9nale d\u2019\u00e9limination des d\u00e9chets Pr\u00e9serve le foie et favorise son fonctionnement : R\u00e9g\u00e9n\u00e9ration, d\u00e9toxification et s\u00e9cr\u00e9tions. Limite le stress oxydatif et le processus inflammatoire.\",\"breadcrumb\":{\"@id\":\"https:\\\/\\\/www.vetorino.com\\\/boutique\\\/product\\\/drainophyt-ruminants\\\/#breadcrumb\"},\"inLanguage\":\"fr-FR\",\"potentialAction\":[{\"@type\":\"ReadAction\",\"target\":[\"https:\\\/\\\/www.vetorino.com\\\/boutique\\\/product\\\/drainophyt-ruminants\\\/\"]}]},{\"@type\":\"ImageObject\",\"inLanguage\":\"fr-FR\",\"@id\":\"https:\\\/\\\/www.vetorino.com\\\/boutique\\\/product\\\/drainophyt-ruminants\\\/#primaryimage\",\"url\":\"https:\\\/\\\/www.vetorino.com\\\/boutique\\\/wp-content\\\/uploads\\\/2022\\\/11\\\/drainophyt_uab.jpg\",\"contentUrl\":\"https:\\\/\\\/www.vetorino.com\\\/boutique\\\/wp-content\\\/uploads\\\/2022\\\/11\\\/drainophyt_uab.jpg\",\"width\":715,\"height\":773},{\"@type\":\"BreadcrumbList\",\"@id\":\"https:\\\/\\\/www.vetorino.com\\\/boutique\\\/product\\\/drainophyt-ruminants\\\/#breadcrumb\",\"itemListElement\":[{\"@type\":\"ListItem\",\"position\":1,\"name\":\"Accueil\",\"item\":\"https:\\\/\\\/www.vetorino.com\\\/boutique\\\/\"},{\"@type\":\"ListItem\",\"position\":2,\"name\":\"Produits\",\"item\":\"https:\\\/\\\/www.vetorino.com\\\/boutique\\\/\"},{\"@type\":\"ListItem\",\"position\":3,\"name\":\"Drainophyt\"}]},{\"@type\":\"WebSite\",\"@id\":\"https:\\\/\\\/www.vetorino.com\\\/boutique\\\/#website\",\"url\":\"https:\\\/\\\/www.vetorino.com\\\/boutique\\\/\",\"name\":\"V\u00e9torino\",\"description\":\"\",\"publisher\":{\"@id\":\"https:\\\/\\\/www.vetorino.com\\\/boutique\\\/#organization\"},\"potentialAction\":[{\"@type\":\"SearchAction\",\"target\":{\"@type\":\"EntryPoint\",\"urlTemplate\":\"https:\\\/\\\/www.vetorino.com\\\/boutique\\\/?s={search_term_string}\"},\"query-input\":{\"@type\":\"PropertyValueSpecification\",\"valueRequired\":true,\"valueName\":\"search_term_string\"}}],\"inLanguage\":\"fr-FR\"},{\"@type\":\"Organization\",\"@id\":\"https:\\\/\\\/www.vetorino.com\\\/boutique\\\/#organization\",\"name\":\"V\u00e9torino\",\"url\":\"https:\\\/\\\/www.vetorino.com\\\/boutique\\\/\",\"logo\":{\"@type\":\"ImageObject\",\"inLanguage\":\"fr-FR\",\"@id\":\"https:\\\/\\\/www.vetorino.com\\\/boutique\\\/#\\\/schema\\\/logo\\\/image\\\/\",\"url\":\"https:\\\/\\\/www.vetorino.com\\\/boutique\\\/wp-content\\\/uploads\\\/2024\\\/10\\\/logo.jpg\",\"contentUrl\":\"https:\\\/\\\/www.vetorino.com\\\/boutique\\\/wp-content\\\/uploads\\\/2024\\\/10\\\/logo.jpg\",\"width\":1200,\"height\":610,\"caption\":\"V\u00e9torino\"},\"image\":{\"@id\":\"https:\\\/\\\/www.vetorino.com\\\/boutique\\\/#\\\/schema\\\/logo\\\/image\\\/\"},\"sameAs\":[\"https:\\\/\\\/www.facebook.com\\\/Vetorino\\\/\",\"https:\\\/\\\/www.instagram.com\\\/vetorino_off\\\/\",\"https:\\\/\\\/www.linkedin.com\\\/company\\\/vtorino\\\/\"]}]}<\/script>\n<meta property=\"product:brand\" content=\"Savetis\" \/>\n<meta property=\"product:price:amount\" content=\"19.88\" \/>\n<meta property=\"product:price:currency\" content=\"EUR\" \/>\n<meta property=\"og:availability\" content=\"instock\" \/>\n<meta property=\"product:availability\" content=\"instock\" \/>\n<meta property=\"product:retailer_item_id\" content=\"A-1829540\" \/>\n<meta property=\"product:condition\" content=\"new\" \/>\n<!-- \/ Yoast SEO plugin. -->","yoast_head_json":{"title":"Drainophyt Savetis - V\u00e9torino","description":"Soutient les fonctions de drainage et de d\u00e9toxification des animaux en convalescence. DrainoPhyt ne contient pas de substances dopantes.  Drainophyt est un produit \u00e0 base de plantes sp\u00e9cifiquement adapt\u00e9 pour les besoins d\u2019\u00e9limination des animaux en convalescence qui :   Stimule la fonction r\u00e9nale d\u2019\u00e9limination des d\u00e9chets  Pr\u00e9serve le foie et favorise son fonctionnement : R\u00e9g\u00e9n\u00e9ration, d\u00e9toxification et s\u00e9cr\u00e9tions.  Limite le stress oxydatif et le processus inflammatoire.","robots":{"index":"noindex","follow":"nofollow"},"og_locale":"fr_FR","og_type":"article","og_title":"Drainophyt Savetis - V\u00e9torino","og_description":"Soutient les fonctions de drainage et de d\u00e9toxification des animaux en convalescence. DrainoPhyt ne contient pas de substances dopantes.  Drainophyt est un produit \u00e0 base de plantes sp\u00e9cifiquement adapt\u00e9 pour les besoins d\u2019\u00e9limination des animaux en convalescence qui :   Stimule la fonction r\u00e9nale d\u2019\u00e9limination des d\u00e9chets  Pr\u00e9serve le foie et favorise son fonctionnement : R\u00e9g\u00e9n\u00e9ration, d\u00e9toxification et s\u00e9cr\u00e9tions.  Limite le stress oxydatif et le processus inflammatoire.","og_url":"https:\/\/www.vetorino.com\/veterinaire\/landos-43340\/boutique\/product\/drainophyt-ruminants\/","og_site_name":"V\u00e9torino","article_publisher":"https:\/\/www.facebook.com\/Vetorino\/","article_modified_time":"2025-07-29T09:53:22+00:00","og_image":[{"width":715,"height":773,"url":"https:\/\/www.vetorino.com\/boutique\/wp-content\/uploads\/2022\/11\/drainophyt_uab.jpg","type":"image\/jpeg"}],"twitter_card":"summary_large_image","twitter_misc":{"Prix":"19,88&euro;","Disponibilit\u00e9":"En stock"},"schema":{"@context":"https:\/\/schema.org","@graph":[{"@type":"WebPage","@id":"https:\/\/www.vetorino.com\/boutique\/product\/drainophyt-ruminants\/","url":"https:\/\/www.vetorino.com\/boutique\/product\/drainophyt-ruminants\/","name":"Drainophyt Savetis - V\u00e9torino","isPartOf":{"@id":"https:\/\/www.vetorino.com\/boutique\/#website"},"primaryImageOfPage":{"@id":"https:\/\/www.vetorino.com\/boutique\/product\/drainophyt-ruminants\/#primaryimage"},"image":{"@id":"https:\/\/www.vetorino.com\/boutique\/product\/drainophyt-ruminants\/#primaryimage"},"thumbnailUrl":"https:\/\/www.vetorino.com\/boutique\/wp-content\/uploads\/2022\/11\/drainophyt_uab.jpg","datePublished":"2022-11-17T19:46:00+00:00","dateModified":"2025-07-29T09:53:22+00:00","description":"Soutient les fonctions de drainage et de d\u00e9toxification des animaux en convalescence. DrainoPhyt ne contient pas de substances dopantes. Drainophyt est un produit \u00e0 base de plantes sp\u00e9cifiquement adapt\u00e9 pour les besoins d\u2019\u00e9limination des animaux en convalescence qui : Stimule la fonction r\u00e9nale d\u2019\u00e9limination des d\u00e9chets Pr\u00e9serve le foie et favorise son fonctionnement : R\u00e9g\u00e9n\u00e9ration, d\u00e9toxification et s\u00e9cr\u00e9tions. Limite le stress oxydatif et le processus inflammatoire.","breadcrumb":{"@id":"https:\/\/www.vetorino.com\/boutique\/product\/drainophyt-ruminants\/#breadcrumb"},"inLanguage":"fr-FR","potentialAction":[{"@type":"ReadAction","target":["https:\/\/www.vetorino.com\/boutique\/product\/drainophyt-ruminants\/"]}]},{"@type":"ImageObject","inLanguage":"fr-FR","@id":"https:\/\/www.vetorino.com\/boutique\/product\/drainophyt-ruminants\/#primaryimage","url":"https:\/\/www.vetorino.com\/boutique\/wp-content\/uploads\/2022\/11\/drainophyt_uab.jpg","contentUrl":"https:\/\/www.vetorino.com\/boutique\/wp-content\/uploads\/2022\/11\/drainophyt_uab.jpg","width":715,"height":773},{"@type":"BreadcrumbList","@id":"https:\/\/www.vetorino.com\/boutique\/product\/drainophyt-ruminants\/#breadcrumb","itemListElement":[{"@type":"ListItem","position":1,"name":"Accueil","item":"https:\/\/www.vetorino.com\/boutique\/"},{"@type":"ListItem","position":2,"name":"Produits","item":"https:\/\/www.vetorino.com\/boutique\/"},{"@type":"ListItem","position":3,"name":"Drainophyt"}]},{"@type":"WebSite","@id":"https:\/\/www.vetorino.com\/boutique\/#website","url":"https:\/\/www.vetorino.com\/boutique\/","name":"V\u00e9torino","description":"","publisher":{"@id":"https:\/\/www.vetorino.com\/boutique\/#organization"},"potentialAction":[{"@type":"SearchAction","target":{"@type":"EntryPoint","urlTemplate":"https:\/\/www.vetorino.com\/boutique\/?s={search_term_string}"},"query-input":{"@type":"PropertyValueSpecification","valueRequired":true,"valueName":"search_term_string"}}],"inLanguage":"fr-FR"},{"@type":"Organization","@id":"https:\/\/www.vetorino.com\/boutique\/#organization","name":"V\u00e9torino","url":"https:\/\/www.vetorino.com\/boutique\/","logo":{"@type":"ImageObject","inLanguage":"fr-FR","@id":"https:\/\/www.vetorino.com\/boutique\/#\/schema\/logo\/image\/","url":"https:\/\/www.vetorino.com\/boutique\/wp-content\/uploads\/2024\/10\/logo.jpg","contentUrl":"https:\/\/www.vetorino.com\/boutique\/wp-content\/uploads\/2024\/10\/logo.jpg","width":1200,"height":610,"caption":"V\u00e9torino"},"image":{"@id":"https:\/\/www.vetorino.com\/boutique\/#\/schema\/logo\/image\/"},"sameAs":["https:\/\/www.facebook.com\/Vetorino\/","https:\/\/www.instagram.com\/vetorino_off\/","https:\/\/www.linkedin.com\/company\/vtorino\/"]}]},"product_brand":"Savetis","product_price_amount":"19.88","product_price_currency":"EUR","og_availability":"instock","product_availability":"instock","product_retailer_item_id":"A-1829540","product_condition":"new"},"_links":{"self":[{"href":"https:\/\/www.vetorino.com\/veterinaire\/landos-43340\/boutique\/wp-json\/wp\/v2\/product\/508006","targetHints":{"allow":["GET"]}}],"collection":[{"href":"https:\/\/www.vetorino.com\/veterinaire\/landos-43340\/boutique\/wp-json\/wp\/v2\/product"}],"about":[{"href":"https:\/\/www.vetorino.com\/veterinaire\/landos-43340\/boutique\/wp-json\/wp\/v2\/types\/product"}],"wp:featuredmedia":[{"embeddable":true,"href":"https:\/\/www.vetorino.com\/veterinaire\/landos-43340\/boutique\/wp-json\/wp\/v2\/media\/1432254"}],"wp:attachment":[{"href":"https:\/\/www.vetorino.com\/veterinaire\/landos-43340\/boutique\/wp-json\/wp\/v2\/media?parent=508006"}],"wp:term":[{"taxonomy":"product_cat","embeddable":true,"href":"https:\/\/www.vetorino.com\/veterinaire\/landos-43340\/boutique\/wp-json\/wp\/v2\/product_cat?post=508006"},{"taxonomy":"product_tag","embeddable":true,"href":"https:\/\/www.vetorino.com\/veterinaire\/landos-43340\/boutique\/wp-json\/wp\/v2\/product_tag?post=508006"}],"curies":[{"name":"wp","href":"https:\/\/api.w.org\/{rel}","templated":true}]}}