{"id":508100,"date":"2022-11-17T20:49:10","date_gmt":"2022-11-17T19:49:10","guid":{"rendered":"https:\/\/www.vetorino.com\/boutique\/product\/respiphytol\/"},"modified":"2024-04-24T16:55:12","modified_gmt":"2024-04-24T14:55:12","slug":"respiphytol","status":"publish","type":"product","link":"https:\/\/www.vetorino.com\/veterinaire\/landos-43340\/boutique\/product\/respiphytol\/","title":{"rendered":"Respiphytol"},"content":{"rendered":"<p><strong>RESPIPHYTOL est un compl\u00e9ment alimentaire naturel pour les chiens et les chats destin\u00e9 \u00e0 stimuler les d\u00e9fenses immunitaires et \u00e0 apaiser les voies respiratoires. Il est constitu\u00e9 de plantes adoucissantes, de plantes expectorantes et de poudre de propolis.<\/strong><\/p>\n<p><strong>Utilisation :<\/strong><\/p>\n<ul>\n<li>Chien et chat<\/li>\n<li>Aide \u00e0 apaiser les voies respiratoires et \u00e0 stimuler les d\u00e9fenses immunitaires<\/li>\n<\/ul>\n<p><strong>Mode d&#8217;emploi :<\/strong><\/p>\n<p>1 prise quotidienne pendant 3 \u00e0 4 semaines \u00e0 raison de :<\/p>\n<ul>\n<li>\u00bc comprim\u00e9 pour 5 kg<\/li>\n<li>\u00bd comprim\u00e9 pour 10 kg<\/li>\n<li>\u00be comprim\u00e9 pour 15 kg<\/li>\n<li>1 comprim\u00e9 quadris\u00e9cable pour 20 kg<\/li>\n<li>Pour les chiens de plus de 20 kg, respecter la posologie en proportion.<\/li>\n<\/ul>\n<p>Ne pas prendre en continu plus de 8 semaines.<\/p>\n<p>Faire une interruption de 1 mois avant de recommencer les prises.<\/p>\n<p><strong>Avantages :<\/strong><\/p>\n<ul>\n<li>Constitu\u00e9 de\u00a0plantes adoucissantes, de plantes expectorantes et de poudre de propolis.<\/li>\n<li>Aide \u00e0<strong> soulager efficacement les\u00a0troubles respiratoires<\/strong> de votre animal tels que toux, rhume, \u00e9ternuements, encombrement des bronches, affections ORL, toux du chenil\u2026<\/li>\n<\/ul>\n","protected":false},"excerpt":{"rendered":"<p><strong>RESPIPHYTOL est un compl\u00e9ment alimentaire naturel pour les chiens et les chats destin\u00e9 \u00e0 stimuler les d\u00e9fenses immunitaires et \u00e0 apaiser les voies respiratoires. Il est constitu\u00e9 de plantes adoucissantes, de plantes expectorantes et de poudre de propolis.<\/strong><\/p>\n<p><strong>Utilisation :<\/strong><\/p>\n<ul>\n<li>Chien et chat<\/li>\n<li>Aide \u00e0 apaiser les voies respiratoires et \u00e0 stimuler les d\u00e9fenses immunitaires<\/li>\n<\/ul>\n","protected":false},"featured_media":904411,"template":"","meta":[],"product_cat":[2730,12554,2697,2698,12567,12639,12640],"product_tag":[],"class_list":{"0":"post-508100","1":"product","2":"type-product","3":"status-publish","4":"has-post-thumbnail","6":"product_cat-aliments-complementaires-pour-chat","7":"product_cat-antiparasitaire-du-chien","8":"product_cat-chat","9":"product_cat-chien","10":"product_cat-produit-veterinaire-du-chat","11":"product_cat-systeme-immunitaire-du-chat","12":"product_cat-systeme-immunitaire-du-chien","13":"pa_marque-greenvet","15":"first","16":"instock","17":"taxable","18":"shipping-taxable","19":"purchasable","20":"product-type-variable"},"yoast_head":"<!-- This site is optimized with the Yoast SEO plugin v27.3 - https:\/\/yoast.com\/product\/yoast-seo-wordpress\/ -->\n<title>Respiphytol Greenvet - V\u00e9torino<\/title>\n<meta name=\"description\" content=\"RESPIPHYTOL est un compl\u00e9ment alimentaire naturel pour les chiens et les chats destin\u00e9 \u00e0 stimuler les d\u00e9fenses immunitaires et \u00e0 apaiser les voies respiratoires. Il est constitu\u00e9 de plantes adoucissantes, de plantes expectorantes et de poudre de propolis.  Utilisation :   Chien et chat  Aide \u00e0 apaiser les voies respiratoires et \u00e0 stimuler les d\u00e9fenses immunitaires\" \/>\n<meta name=\"robots\" content=\"noindex, nofollow\" \/>\n<meta property=\"og:locale\" content=\"fr_FR\" \/>\n<meta property=\"og:type\" content=\"article\" \/>\n<meta property=\"og:title\" content=\"Respiphytol Greenvet - V\u00e9torino\" \/>\n<meta property=\"og:description\" content=\"RESPIPHYTOL est un compl\u00e9ment alimentaire naturel pour les chiens et les chats destin\u00e9 \u00e0 stimuler les d\u00e9fenses immunitaires et \u00e0 apaiser les voies respiratoires. Il est constitu\u00e9 de plantes adoucissantes, de plantes expectorantes et de poudre de propolis.  Utilisation :   Chien et chat  Aide \u00e0 apaiser les voies respiratoires et \u00e0 stimuler les d\u00e9fenses immunitaires\" \/>\n<meta property=\"og:url\" content=\"https:\/\/www.vetorino.com\/veterinaire\/landos-43340\/boutique\/product\/respiphytol\/\" \/>\n<meta property=\"og:site_name\" content=\"V\u00e9torino\" \/>\n<meta property=\"article:publisher\" content=\"https:\/\/www.facebook.com\/Vetorino\/\" \/>\n<meta property=\"article:modified_time\" content=\"2024-04-24T14:55:12+00:00\" \/>\n<meta property=\"og:image\" content=\"https:\/\/www.vetorino.com\/boutique\/wp-content\/uploads\/2022\/11\/respiphytol.webp\" \/>\n\t<meta property=\"og:image:width\" content=\"458\" \/>\n\t<meta property=\"og:image:height\" content=\"458\" \/>\n\t<meta property=\"og:image:type\" content=\"image\/webp\" \/>\n<meta name=\"twitter:card\" content=\"summary_large_image\" \/>\n<meta name=\"twitter:label1\" content=\"Disponibilit\u00e9\" \/>\n\t<meta name=\"twitter:data1\" content=\"En stock\" \/>\n<script type=\"application\/ld+json\" class=\"yoast-schema-graph\">{\"@context\":\"https:\\\/\\\/schema.org\",\"@graph\":[{\"@type\":\"WebPage\",\"@id\":\"https:\\\/\\\/www.vetorino.com\\\/boutique\\\/product\\\/respiphytol\\\/\",\"url\":\"https:\\\/\\\/www.vetorino.com\\\/boutique\\\/product\\\/respiphytol\\\/\",\"name\":\"Respiphytol Greenvet - V\u00e9torino\",\"isPartOf\":{\"@id\":\"https:\\\/\\\/www.vetorino.com\\\/boutique\\\/#website\"},\"primaryImageOfPage\":{\"@id\":\"https:\\\/\\\/www.vetorino.com\\\/boutique\\\/product\\\/respiphytol\\\/#primaryimage\"},\"image\":{\"@id\":\"https:\\\/\\\/www.vetorino.com\\\/boutique\\\/product\\\/respiphytol\\\/#primaryimage\"},\"thumbnailUrl\":\"https:\\\/\\\/www.vetorino.com\\\/boutique\\\/wp-content\\\/uploads\\\/2022\\\/11\\\/respiphytol.webp\",\"datePublished\":\"2022-11-17T19:49:10+00:00\",\"dateModified\":\"2024-04-24T14:55:12+00:00\",\"description\":\"RESPIPHYTOL est un compl\u00e9ment alimentaire naturel pour les chiens et les chats destin\u00e9 \u00e0 stimuler les d\u00e9fenses immunitaires et \u00e0 apaiser les voies respiratoires. Il est constitu\u00e9 de plantes adoucissantes, de plantes expectorantes et de poudre de propolis. Utilisation : Chien et chat Aide \u00e0 apaiser les voies respiratoires et \u00e0 stimuler les d\u00e9fenses immunitaires\",\"breadcrumb\":{\"@id\":\"https:\\\/\\\/www.vetorino.com\\\/boutique\\\/product\\\/respiphytol\\\/#breadcrumb\"},\"inLanguage\":\"fr-FR\",\"potentialAction\":[{\"@type\":\"ReadAction\",\"target\":[\"https:\\\/\\\/www.vetorino.com\\\/boutique\\\/product\\\/respiphytol\\\/\"]}]},{\"@type\":\"ImageObject\",\"inLanguage\":\"fr-FR\",\"@id\":\"https:\\\/\\\/www.vetorino.com\\\/boutique\\\/product\\\/respiphytol\\\/#primaryimage\",\"url\":\"https:\\\/\\\/www.vetorino.com\\\/boutique\\\/wp-content\\\/uploads\\\/2022\\\/11\\\/respiphytol.webp\",\"contentUrl\":\"https:\\\/\\\/www.vetorino.com\\\/boutique\\\/wp-content\\\/uploads\\\/2022\\\/11\\\/respiphytol.webp\",\"width\":458,\"height\":458},{\"@type\":\"BreadcrumbList\",\"@id\":\"https:\\\/\\\/www.vetorino.com\\\/boutique\\\/product\\\/respiphytol\\\/#breadcrumb\",\"itemListElement\":[{\"@type\":\"ListItem\",\"position\":1,\"name\":\"Accueil\",\"item\":\"https:\\\/\\\/www.vetorino.com\\\/boutique\\\/\"},{\"@type\":\"ListItem\",\"position\":2,\"name\":\"Produits\",\"item\":\"https:\\\/\\\/www.vetorino.com\\\/boutique\\\/\"},{\"@type\":\"ListItem\",\"position\":3,\"name\":\"Respiphytol\"}]},{\"@type\":\"WebSite\",\"@id\":\"https:\\\/\\\/www.vetorino.com\\\/boutique\\\/#website\",\"url\":\"https:\\\/\\\/www.vetorino.com\\\/boutique\\\/\",\"name\":\"V\u00e9torino\",\"description\":\"\",\"publisher\":{\"@id\":\"https:\\\/\\\/www.vetorino.com\\\/boutique\\\/#organization\"},\"potentialAction\":[{\"@type\":\"SearchAction\",\"target\":{\"@type\":\"EntryPoint\",\"urlTemplate\":\"https:\\\/\\\/www.vetorino.com\\\/boutique\\\/?s={search_term_string}\"},\"query-input\":{\"@type\":\"PropertyValueSpecification\",\"valueRequired\":true,\"valueName\":\"search_term_string\"}}],\"inLanguage\":\"fr-FR\"},{\"@type\":\"Organization\",\"@id\":\"https:\\\/\\\/www.vetorino.com\\\/boutique\\\/#organization\",\"name\":\"V\u00e9torino\",\"url\":\"https:\\\/\\\/www.vetorino.com\\\/boutique\\\/\",\"logo\":{\"@type\":\"ImageObject\",\"inLanguage\":\"fr-FR\",\"@id\":\"https:\\\/\\\/www.vetorino.com\\\/boutique\\\/#\\\/schema\\\/logo\\\/image\\\/\",\"url\":\"https:\\\/\\\/www.vetorino.com\\\/boutique\\\/wp-content\\\/uploads\\\/2024\\\/10\\\/logo.jpg\",\"contentUrl\":\"https:\\\/\\\/www.vetorino.com\\\/boutique\\\/wp-content\\\/uploads\\\/2024\\\/10\\\/logo.jpg\",\"width\":1200,\"height\":610,\"caption\":\"V\u00e9torino\"},\"image\":{\"@id\":\"https:\\\/\\\/www.vetorino.com\\\/boutique\\\/#\\\/schema\\\/logo\\\/image\\\/\"},\"sameAs\":[\"https:\\\/\\\/www.facebook.com\\\/Vetorino\\\/\",\"https:\\\/\\\/www.instagram.com\\\/vetorino_off\\\/\",\"https:\\\/\\\/www.linkedin.com\\\/company\\\/vtorino\\\/\"]}]}<\/script>\n<meta property=\"product:brand\" content=\"Greenvet\" \/>\n<meta property=\"og:availability\" content=\"instock\" \/>\n<meta property=\"product:availability\" content=\"instock\" \/>\n<meta property=\"product:condition\" content=\"new\" \/>\n<!-- \/ Yoast SEO plugin. -->","yoast_head_json":{"title":"Respiphytol Greenvet - V\u00e9torino","description":"RESPIPHYTOL est un compl\u00e9ment alimentaire naturel pour les chiens et les chats destin\u00e9 \u00e0 stimuler les d\u00e9fenses immunitaires et \u00e0 apaiser les voies respiratoires. Il est constitu\u00e9 de plantes adoucissantes, de plantes expectorantes et de poudre de propolis.  Utilisation :   Chien et chat  Aide \u00e0 apaiser les voies respiratoires et \u00e0 stimuler les d\u00e9fenses immunitaires","robots":{"index":"noindex","follow":"nofollow"},"og_locale":"fr_FR","og_type":"article","og_title":"Respiphytol Greenvet - V\u00e9torino","og_description":"RESPIPHYTOL est un compl\u00e9ment alimentaire naturel pour les chiens et les chats destin\u00e9 \u00e0 stimuler les d\u00e9fenses immunitaires et \u00e0 apaiser les voies respiratoires. Il est constitu\u00e9 de plantes adoucissantes, de plantes expectorantes et de poudre de propolis.  Utilisation :   Chien et chat  Aide \u00e0 apaiser les voies respiratoires et \u00e0 stimuler les d\u00e9fenses immunitaires","og_url":"https:\/\/www.vetorino.com\/veterinaire\/landos-43340\/boutique\/product\/respiphytol\/","og_site_name":"V\u00e9torino","article_publisher":"https:\/\/www.facebook.com\/Vetorino\/","article_modified_time":"2024-04-24T14:55:12+00:00","og_image":[{"width":458,"height":458,"url":"https:\/\/www.vetorino.com\/boutique\/wp-content\/uploads\/2022\/11\/respiphytol.webp","type":"image\/webp"}],"twitter_card":"summary_large_image","twitter_misc":{"Disponibilit\u00e9":"En stock"},"schema":{"@context":"https:\/\/schema.org","@graph":[{"@type":"WebPage","@id":"https:\/\/www.vetorino.com\/boutique\/product\/respiphytol\/","url":"https:\/\/www.vetorino.com\/boutique\/product\/respiphytol\/","name":"Respiphytol Greenvet - V\u00e9torino","isPartOf":{"@id":"https:\/\/www.vetorino.com\/boutique\/#website"},"primaryImageOfPage":{"@id":"https:\/\/www.vetorino.com\/boutique\/product\/respiphytol\/#primaryimage"},"image":{"@id":"https:\/\/www.vetorino.com\/boutique\/product\/respiphytol\/#primaryimage"},"thumbnailUrl":"https:\/\/www.vetorino.com\/boutique\/wp-content\/uploads\/2022\/11\/respiphytol.webp","datePublished":"2022-11-17T19:49:10+00:00","dateModified":"2024-04-24T14:55:12+00:00","description":"RESPIPHYTOL est un compl\u00e9ment alimentaire naturel pour les chiens et les chats destin\u00e9 \u00e0 stimuler les d\u00e9fenses immunitaires et \u00e0 apaiser les voies respiratoires. Il est constitu\u00e9 de plantes adoucissantes, de plantes expectorantes et de poudre de propolis. Utilisation : Chien et chat Aide \u00e0 apaiser les voies respiratoires et \u00e0 stimuler les d\u00e9fenses immunitaires","breadcrumb":{"@id":"https:\/\/www.vetorino.com\/boutique\/product\/respiphytol\/#breadcrumb"},"inLanguage":"fr-FR","potentialAction":[{"@type":"ReadAction","target":["https:\/\/www.vetorino.com\/boutique\/product\/respiphytol\/"]}]},{"@type":"ImageObject","inLanguage":"fr-FR","@id":"https:\/\/www.vetorino.com\/boutique\/product\/respiphytol\/#primaryimage","url":"https:\/\/www.vetorino.com\/boutique\/wp-content\/uploads\/2022\/11\/respiphytol.webp","contentUrl":"https:\/\/www.vetorino.com\/boutique\/wp-content\/uploads\/2022\/11\/respiphytol.webp","width":458,"height":458},{"@type":"BreadcrumbList","@id":"https:\/\/www.vetorino.com\/boutique\/product\/respiphytol\/#breadcrumb","itemListElement":[{"@type":"ListItem","position":1,"name":"Accueil","item":"https:\/\/www.vetorino.com\/boutique\/"},{"@type":"ListItem","position":2,"name":"Produits","item":"https:\/\/www.vetorino.com\/boutique\/"},{"@type":"ListItem","position":3,"name":"Respiphytol"}]},{"@type":"WebSite","@id":"https:\/\/www.vetorino.com\/boutique\/#website","url":"https:\/\/www.vetorino.com\/boutique\/","name":"V\u00e9torino","description":"","publisher":{"@id":"https:\/\/www.vetorino.com\/boutique\/#organization"},"potentialAction":[{"@type":"SearchAction","target":{"@type":"EntryPoint","urlTemplate":"https:\/\/www.vetorino.com\/boutique\/?s={search_term_string}"},"query-input":{"@type":"PropertyValueSpecification","valueRequired":true,"valueName":"search_term_string"}}],"inLanguage":"fr-FR"},{"@type":"Organization","@id":"https:\/\/www.vetorino.com\/boutique\/#organization","name":"V\u00e9torino","url":"https:\/\/www.vetorino.com\/boutique\/","logo":{"@type":"ImageObject","inLanguage":"fr-FR","@id":"https:\/\/www.vetorino.com\/boutique\/#\/schema\/logo\/image\/","url":"https:\/\/www.vetorino.com\/boutique\/wp-content\/uploads\/2024\/10\/logo.jpg","contentUrl":"https:\/\/www.vetorino.com\/boutique\/wp-content\/uploads\/2024\/10\/logo.jpg","width":1200,"height":610,"caption":"V\u00e9torino"},"image":{"@id":"https:\/\/www.vetorino.com\/boutique\/#\/schema\/logo\/image\/"},"sameAs":["https:\/\/www.facebook.com\/Vetorino\/","https:\/\/www.instagram.com\/vetorino_off\/","https:\/\/www.linkedin.com\/company\/vtorino\/"]}]},"product_brand":"Greenvet","og_availability":"instock","product_availability":"instock","product_condition":"new"},"_links":{"self":[{"href":"https:\/\/www.vetorino.com\/veterinaire\/landos-43340\/boutique\/wp-json\/wp\/v2\/product\/508100","targetHints":{"allow":["GET"]}}],"collection":[{"href":"https:\/\/www.vetorino.com\/veterinaire\/landos-43340\/boutique\/wp-json\/wp\/v2\/product"}],"about":[{"href":"https:\/\/www.vetorino.com\/veterinaire\/landos-43340\/boutique\/wp-json\/wp\/v2\/types\/product"}],"wp:featuredmedia":[{"embeddable":true,"href":"https:\/\/www.vetorino.com\/veterinaire\/landos-43340\/boutique\/wp-json\/wp\/v2\/media\/904411"}],"wp:attachment":[{"href":"https:\/\/www.vetorino.com\/veterinaire\/landos-43340\/boutique\/wp-json\/wp\/v2\/media?parent=508100"}],"wp:term":[{"taxonomy":"product_cat","embeddable":true,"href":"https:\/\/www.vetorino.com\/veterinaire\/landos-43340\/boutique\/wp-json\/wp\/v2\/product_cat?post=508100"},{"taxonomy":"product_tag","embeddable":true,"href":"https:\/\/www.vetorino.com\/veterinaire\/landos-43340\/boutique\/wp-json\/wp\/v2\/product_tag?post=508100"}],"curies":[{"name":"wp","href":"https:\/\/api.w.org\/{rel}","templated":true}]}}