{"id":508190,"date":"2022-11-17T20:52:47","date_gmt":"2022-11-17T19:52:47","guid":{"rendered":"https:\/\/www.vetorino.com\/boutique\/product\/dermoscent-atop-7-spot-on-0-10-kg\/"},"modified":"2024-07-10T10:37:10","modified_gmt":"2024-07-10T08:37:10","slug":"dermoscent-atop-7-spot-on-0-10-kg","status":"publish","type":"product","link":"https:\/\/www.vetorino.com\/veterinaire\/landos-43340\/boutique\/product\/dermoscent-atop-7-spot-on-0-10-kg\/","title":{"rendered":"Dermoscent\u00ae ATOP 7\u00ae Spot-on Chien et chat 0-10 Kg"},"content":{"rendered":"<p><strong>Spot-on contenant exclusivement des ingr\u00e9dients d\u2019origine naturelle pour favoriser la r\u00e9paration de la barri\u00e8re cutan\u00e9e et contribuer \u00e0 apaiser les peaux irrit\u00e9es.<\/strong><\/p>\n<p><strong>Utilisation :<\/strong><\/p>\n<ul>\n<li>Chiens et chats pesant moins de 10 kg<\/li>\n<li>Peaux sujettes aux d\u00e9mangeaisons<\/li>\n<li>Irritations, rougeurs<\/li>\n<li>Hypersensibilit\u00e9<\/li>\n<\/ul>\n<p><strong>Mode d&#8217;emploi :<\/strong><\/p>\n<ul>\n<li>1 pipette par semaine aussi longtemps que n\u00e9cessaire.<\/li>\n<li>Il n&#8217;est pas n\u00e9cessaire de masser. Un agent bio-diffusant performant permet une r\u00e9partition homog\u00e8ne du produit sur l\u2019ensemble du corps de l\u2019animal et ce \u00e0 partir d\u2019un seul point d\u2019application.<\/li>\n<li>Il est recommand\u00e9 de ne pas laver l\u2019animal les 2 jours pr\u00e9c\u00e9dant et suivant l\u2019application afin que le s\u00e9bum naturellement pr\u00e9sent \u00e0 la surface de la peau de l\u2019animal ne soit pas \u00e9limin\u00e9 pr\u00e9matur\u00e9ment avant la diffusion totale des actifs.<\/li>\n<li>Aucune interaction connue pour une utilisation combin\u00e9e avec les autres spot-on.<\/li>\n<li>Pour les animaux \u00e0 poils longs ou abondants, brosser le point d\u2019application 24H apr\u00e8s afin d\u2019enlever les \u00e9ventuels r\u00e9sidus de produit sur le pelage.<\/li>\n<\/ul>\n<p><strong>Avantages :<\/strong><\/p>\n<ul>\n<li>Aide \u00e0 apaiser, hydrater et r\u00e9parer la barri\u00e8re cutan\u00e9e des peaux irrit\u00e9es ou \u00e0 tendance allergique gr\u00e2ce \u00e0 une synergie sp\u00e9cifique d&#8217;huiles essentielles, des acides gras essentiels (Om\u00e9ga6-3) extraits de plantes et des c\u00e9ramides v\u00e9g\u00e9taux.<\/li>\n<\/ul>\n","protected":false},"excerpt":{"rendered":"<p><strong>Spot-on contenant exclusivement des ingr\u00e9dients d\u2019origine naturelle pour favoriser la r\u00e9paration de la barri\u00e8re cutan\u00e9e et contribuer \u00e0 apaiser les peaux irrit\u00e9es.<br \/>\n<\/strong><strong>Utilisation :<\/strong><\/p>\n<ul>\n<li>Chiens et chats pesant moins de 10 kg<\/li>\n<li>Peaux sujettes aux d\u00e9mangeaisons<\/li>\n<li>Irritations, rougeurs<\/li>\n<li>Hypersensibilit\u00e9<\/li>\n<\/ul>\n","protected":false},"featured_media":970121,"template":"","meta":[],"product_cat":[2697,2698,12611,12612,12560,12561],"product_tag":[],"class_list":{"0":"post-508190","1":"product","2":"type-product","3":"status-publish","4":"has-post-thumbnail","6":"product_cat-chat","7":"product_cat-chien","8":"product_cat-hygiene-de-la-peau-et-du-pelage-du-chat","9":"product_cat-hygiene-de-la-peau-et-du-pelage-du-chien","10":"product_cat-hygiene-du-chat","11":"product_cat-hygiene-du-chien","12":"pa_marque-dermoscent","14":"first","15":"instock","16":"taxable","17":"shipping-taxable","18":"purchasable","19":"product-type-simple"},"yoast_head":"<!-- This site is optimized with the Yoast SEO plugin v27.3 - https:\/\/yoast.com\/product\/yoast-seo-wordpress\/ -->\n<title>Dermoscent\u00ae ATOP 7\u00ae Spot-on Chien et chat 0-10 Kg Dermoscent - V\u00e9torino<\/title>\n<meta name=\"description\" content=\"Spot-on contenant exclusivement des ingr\u00e9dients d\u2019origine naturelle pour favoriser la r\u00e9paration de la barri\u00e8re cutan\u00e9e et contribuer \u00e0 apaiser les peaux irrit\u00e9es. Utilisation :   Chiens et chats pesant moins de 10 kg  Peaux sujettes aux d\u00e9mangeaisons  Irritations, rougeurs  Hypersensibilit\u00e9\" \/>\n<meta name=\"robots\" content=\"noindex, nofollow\" \/>\n<meta property=\"og:locale\" content=\"fr_FR\" \/>\n<meta property=\"og:type\" content=\"article\" \/>\n<meta property=\"og:title\" content=\"Dermoscent\u00ae ATOP 7\u00ae Spot-on Chien et chat 0-10 Kg Dermoscent - V\u00e9torino\" \/>\n<meta property=\"og:description\" content=\"Spot-on contenant exclusivement des ingr\u00e9dients d\u2019origine naturelle pour favoriser la r\u00e9paration de la barri\u00e8re cutan\u00e9e et contribuer \u00e0 apaiser les peaux irrit\u00e9es. Utilisation :   Chiens et chats pesant moins de 10 kg  Peaux sujettes aux d\u00e9mangeaisons  Irritations, rougeurs  Hypersensibilit\u00e9\" \/>\n<meta property=\"og:url\" content=\"https:\/\/www.vetorino.com\/veterinaire\/landos-43340\/boutique\/product\/dermoscent-atop-7-spot-on-0-10-kg\/\" \/>\n<meta property=\"og:site_name\" content=\"V\u00e9torino\" \/>\n<meta property=\"article:publisher\" content=\"https:\/\/www.facebook.com\/Vetorino\/\" \/>\n<meta property=\"article:modified_time\" content=\"2024-07-10T08:37:10+00:00\" \/>\n<meta property=\"og:image\" content=\"https:\/\/www.vetorino.com\/boutique\/wp-content\/uploads\/2022\/11\/dermoscent-atop-7-spot-on-chien-et-chat-0-10-kg.png\" \/>\n\t<meta property=\"og:image:width\" content=\"540\" \/>\n\t<meta property=\"og:image:height\" content=\"540\" \/>\n\t<meta property=\"og:image:type\" content=\"image\/png\" \/>\n<meta name=\"twitter:card\" content=\"summary_large_image\" \/>\n<meta name=\"twitter:label1\" content=\"Prix\" \/>\n\t<meta name=\"twitter:data1\" content=\"17,32&euro;\" \/>\n\t<meta name=\"twitter:label2\" content=\"Disponibilit\u00e9\" \/>\n\t<meta name=\"twitter:data2\" content=\"En stock\" \/>\n<script type=\"application\/ld+json\" class=\"yoast-schema-graph\">{\"@context\":\"https:\\\/\\\/schema.org\",\"@graph\":[{\"@type\":\"WebPage\",\"@id\":\"https:\\\/\\\/www.vetorino.com\\\/boutique\\\/product\\\/dermoscent-atop-7-spot-on-0-10-kg\\\/\",\"url\":\"https:\\\/\\\/www.vetorino.com\\\/boutique\\\/product\\\/dermoscent-atop-7-spot-on-0-10-kg\\\/\",\"name\":\"Dermoscent\u00ae ATOP 7\u00ae Spot-on Chien et chat 0-10 Kg Dermoscent - V\u00e9torino\",\"isPartOf\":{\"@id\":\"https:\\\/\\\/www.vetorino.com\\\/boutique\\\/#website\"},\"primaryImageOfPage\":{\"@id\":\"https:\\\/\\\/www.vetorino.com\\\/boutique\\\/product\\\/dermoscent-atop-7-spot-on-0-10-kg\\\/#primaryimage\"},\"image\":{\"@id\":\"https:\\\/\\\/www.vetorino.com\\\/boutique\\\/product\\\/dermoscent-atop-7-spot-on-0-10-kg\\\/#primaryimage\"},\"thumbnailUrl\":\"https:\\\/\\\/www.vetorino.com\\\/boutique\\\/wp-content\\\/uploads\\\/2022\\\/11\\\/dermoscent-atop-7-spot-on-chien-et-chat-0-10-kg.png\",\"datePublished\":\"2022-11-17T19:52:47+00:00\",\"dateModified\":\"2024-07-10T08:37:10+00:00\",\"description\":\"Spot-on contenant exclusivement des ingr\u00e9dients d\u2019origine naturelle pour favoriser la r\u00e9paration de la barri\u00e8re cutan\u00e9e et contribuer \u00e0 apaiser les peaux irrit\u00e9es. Utilisation : Chiens et chats pesant moins de 10 kg Peaux sujettes aux d\u00e9mangeaisons Irritations, rougeurs Hypersensibilit\u00e9\",\"breadcrumb\":{\"@id\":\"https:\\\/\\\/www.vetorino.com\\\/boutique\\\/product\\\/dermoscent-atop-7-spot-on-0-10-kg\\\/#breadcrumb\"},\"inLanguage\":\"fr-FR\",\"potentialAction\":[{\"@type\":\"ReadAction\",\"target\":[\"https:\\\/\\\/www.vetorino.com\\\/boutique\\\/product\\\/dermoscent-atop-7-spot-on-0-10-kg\\\/\"]}]},{\"@type\":\"ImageObject\",\"inLanguage\":\"fr-FR\",\"@id\":\"https:\\\/\\\/www.vetorino.com\\\/boutique\\\/product\\\/dermoscent-atop-7-spot-on-0-10-kg\\\/#primaryimage\",\"url\":\"https:\\\/\\\/www.vetorino.com\\\/boutique\\\/wp-content\\\/uploads\\\/2022\\\/11\\\/dermoscent-atop-7-spot-on-chien-et-chat-0-10-kg.png\",\"contentUrl\":\"https:\\\/\\\/www.vetorino.com\\\/boutique\\\/wp-content\\\/uploads\\\/2022\\\/11\\\/dermoscent-atop-7-spot-on-chien-et-chat-0-10-kg.png\",\"width\":540,\"height\":540},{\"@type\":\"BreadcrumbList\",\"@id\":\"https:\\\/\\\/www.vetorino.com\\\/boutique\\\/product\\\/dermoscent-atop-7-spot-on-0-10-kg\\\/#breadcrumb\",\"itemListElement\":[{\"@type\":\"ListItem\",\"position\":1,\"name\":\"Accueil\",\"item\":\"https:\\\/\\\/www.vetorino.com\\\/boutique\\\/\"},{\"@type\":\"ListItem\",\"position\":2,\"name\":\"Produits\",\"item\":\"https:\\\/\\\/www.vetorino.com\\\/boutique\\\/\"},{\"@type\":\"ListItem\",\"position\":3,\"name\":\"Dermoscent\u00ae ATOP 7\u00ae Spot-on Chien et chat 0-10 Kg\"}]},{\"@type\":\"WebSite\",\"@id\":\"https:\\\/\\\/www.vetorino.com\\\/boutique\\\/#website\",\"url\":\"https:\\\/\\\/www.vetorino.com\\\/boutique\\\/\",\"name\":\"V\u00e9torino\",\"description\":\"\",\"publisher\":{\"@id\":\"https:\\\/\\\/www.vetorino.com\\\/boutique\\\/#organization\"},\"potentialAction\":[{\"@type\":\"SearchAction\",\"target\":{\"@type\":\"EntryPoint\",\"urlTemplate\":\"https:\\\/\\\/www.vetorino.com\\\/boutique\\\/?s={search_term_string}\"},\"query-input\":{\"@type\":\"PropertyValueSpecification\",\"valueRequired\":true,\"valueName\":\"search_term_string\"}}],\"inLanguage\":\"fr-FR\"},{\"@type\":\"Organization\",\"@id\":\"https:\\\/\\\/www.vetorino.com\\\/boutique\\\/#organization\",\"name\":\"V\u00e9torino\",\"url\":\"https:\\\/\\\/www.vetorino.com\\\/boutique\\\/\",\"logo\":{\"@type\":\"ImageObject\",\"inLanguage\":\"fr-FR\",\"@id\":\"https:\\\/\\\/www.vetorino.com\\\/boutique\\\/#\\\/schema\\\/logo\\\/image\\\/\",\"url\":\"https:\\\/\\\/www.vetorino.com\\\/boutique\\\/wp-content\\\/uploads\\\/2024\\\/10\\\/logo.jpg\",\"contentUrl\":\"https:\\\/\\\/www.vetorino.com\\\/boutique\\\/wp-content\\\/uploads\\\/2024\\\/10\\\/logo.jpg\",\"width\":1200,\"height\":610,\"caption\":\"V\u00e9torino\"},\"image\":{\"@id\":\"https:\\\/\\\/www.vetorino.com\\\/boutique\\\/#\\\/schema\\\/logo\\\/image\\\/\"},\"sameAs\":[\"https:\\\/\\\/www.facebook.com\\\/Vetorino\\\/\",\"https:\\\/\\\/www.instagram.com\\\/vetorino_off\\\/\",\"https:\\\/\\\/www.linkedin.com\\\/company\\\/vtorino\\\/\"]}]}<\/script>\n<meta property=\"product:brand\" content=\"Dermoscent\" \/>\n<meta property=\"product:price:amount\" content=\"17.32\" \/>\n<meta property=\"product:price:currency\" content=\"EUR\" \/>\n<meta property=\"og:availability\" content=\"instock\" \/>\n<meta property=\"product:availability\" content=\"instock\" \/>\n<meta property=\"product:retailer_item_id\" content=\"A-1853560\" \/>\n<meta property=\"product:condition\" content=\"new\" \/>\n<!-- \/ Yoast SEO plugin. -->","yoast_head_json":{"title":"Dermoscent\u00ae ATOP 7\u00ae Spot-on Chien et chat 0-10 Kg Dermoscent - V\u00e9torino","description":"Spot-on contenant exclusivement des ingr\u00e9dients d\u2019origine naturelle pour favoriser la r\u00e9paration de la barri\u00e8re cutan\u00e9e et contribuer \u00e0 apaiser les peaux irrit\u00e9es. Utilisation :   Chiens et chats pesant moins de 10 kg  Peaux sujettes aux d\u00e9mangeaisons  Irritations, rougeurs  Hypersensibilit\u00e9","robots":{"index":"noindex","follow":"nofollow"},"og_locale":"fr_FR","og_type":"article","og_title":"Dermoscent\u00ae ATOP 7\u00ae Spot-on Chien et chat 0-10 Kg Dermoscent - V\u00e9torino","og_description":"Spot-on contenant exclusivement des ingr\u00e9dients d\u2019origine naturelle pour favoriser la r\u00e9paration de la barri\u00e8re cutan\u00e9e et contribuer \u00e0 apaiser les peaux irrit\u00e9es. Utilisation :   Chiens et chats pesant moins de 10 kg  Peaux sujettes aux d\u00e9mangeaisons  Irritations, rougeurs  Hypersensibilit\u00e9","og_url":"https:\/\/www.vetorino.com\/veterinaire\/landos-43340\/boutique\/product\/dermoscent-atop-7-spot-on-0-10-kg\/","og_site_name":"V\u00e9torino","article_publisher":"https:\/\/www.facebook.com\/Vetorino\/","article_modified_time":"2024-07-10T08:37:10+00:00","og_image":[{"width":540,"height":540,"url":"https:\/\/www.vetorino.com\/boutique\/wp-content\/uploads\/2022\/11\/dermoscent-atop-7-spot-on-chien-et-chat-0-10-kg.png","type":"image\/png"}],"twitter_card":"summary_large_image","twitter_misc":{"Prix":"17,32&euro;","Disponibilit\u00e9":"En stock"},"schema":{"@context":"https:\/\/schema.org","@graph":[{"@type":"WebPage","@id":"https:\/\/www.vetorino.com\/boutique\/product\/dermoscent-atop-7-spot-on-0-10-kg\/","url":"https:\/\/www.vetorino.com\/boutique\/product\/dermoscent-atop-7-spot-on-0-10-kg\/","name":"Dermoscent\u00ae ATOP 7\u00ae Spot-on Chien et chat 0-10 Kg Dermoscent - V\u00e9torino","isPartOf":{"@id":"https:\/\/www.vetorino.com\/boutique\/#website"},"primaryImageOfPage":{"@id":"https:\/\/www.vetorino.com\/boutique\/product\/dermoscent-atop-7-spot-on-0-10-kg\/#primaryimage"},"image":{"@id":"https:\/\/www.vetorino.com\/boutique\/product\/dermoscent-atop-7-spot-on-0-10-kg\/#primaryimage"},"thumbnailUrl":"https:\/\/www.vetorino.com\/boutique\/wp-content\/uploads\/2022\/11\/dermoscent-atop-7-spot-on-chien-et-chat-0-10-kg.png","datePublished":"2022-11-17T19:52:47+00:00","dateModified":"2024-07-10T08:37:10+00:00","description":"Spot-on contenant exclusivement des ingr\u00e9dients d\u2019origine naturelle pour favoriser la r\u00e9paration de la barri\u00e8re cutan\u00e9e et contribuer \u00e0 apaiser les peaux irrit\u00e9es. Utilisation : Chiens et chats pesant moins de 10 kg Peaux sujettes aux d\u00e9mangeaisons Irritations, rougeurs Hypersensibilit\u00e9","breadcrumb":{"@id":"https:\/\/www.vetorino.com\/boutique\/product\/dermoscent-atop-7-spot-on-0-10-kg\/#breadcrumb"},"inLanguage":"fr-FR","potentialAction":[{"@type":"ReadAction","target":["https:\/\/www.vetorino.com\/boutique\/product\/dermoscent-atop-7-spot-on-0-10-kg\/"]}]},{"@type":"ImageObject","inLanguage":"fr-FR","@id":"https:\/\/www.vetorino.com\/boutique\/product\/dermoscent-atop-7-spot-on-0-10-kg\/#primaryimage","url":"https:\/\/www.vetorino.com\/boutique\/wp-content\/uploads\/2022\/11\/dermoscent-atop-7-spot-on-chien-et-chat-0-10-kg.png","contentUrl":"https:\/\/www.vetorino.com\/boutique\/wp-content\/uploads\/2022\/11\/dermoscent-atop-7-spot-on-chien-et-chat-0-10-kg.png","width":540,"height":540},{"@type":"BreadcrumbList","@id":"https:\/\/www.vetorino.com\/boutique\/product\/dermoscent-atop-7-spot-on-0-10-kg\/#breadcrumb","itemListElement":[{"@type":"ListItem","position":1,"name":"Accueil","item":"https:\/\/www.vetorino.com\/boutique\/"},{"@type":"ListItem","position":2,"name":"Produits","item":"https:\/\/www.vetorino.com\/boutique\/"},{"@type":"ListItem","position":3,"name":"Dermoscent\u00ae ATOP 7\u00ae Spot-on Chien et chat 0-10 Kg"}]},{"@type":"WebSite","@id":"https:\/\/www.vetorino.com\/boutique\/#website","url":"https:\/\/www.vetorino.com\/boutique\/","name":"V\u00e9torino","description":"","publisher":{"@id":"https:\/\/www.vetorino.com\/boutique\/#organization"},"potentialAction":[{"@type":"SearchAction","target":{"@type":"EntryPoint","urlTemplate":"https:\/\/www.vetorino.com\/boutique\/?s={search_term_string}"},"query-input":{"@type":"PropertyValueSpecification","valueRequired":true,"valueName":"search_term_string"}}],"inLanguage":"fr-FR"},{"@type":"Organization","@id":"https:\/\/www.vetorino.com\/boutique\/#organization","name":"V\u00e9torino","url":"https:\/\/www.vetorino.com\/boutique\/","logo":{"@type":"ImageObject","inLanguage":"fr-FR","@id":"https:\/\/www.vetorino.com\/boutique\/#\/schema\/logo\/image\/","url":"https:\/\/www.vetorino.com\/boutique\/wp-content\/uploads\/2024\/10\/logo.jpg","contentUrl":"https:\/\/www.vetorino.com\/boutique\/wp-content\/uploads\/2024\/10\/logo.jpg","width":1200,"height":610,"caption":"V\u00e9torino"},"image":{"@id":"https:\/\/www.vetorino.com\/boutique\/#\/schema\/logo\/image\/"},"sameAs":["https:\/\/www.facebook.com\/Vetorino\/","https:\/\/www.instagram.com\/vetorino_off\/","https:\/\/www.linkedin.com\/company\/vtorino\/"]}]},"product_brand":"Dermoscent","product_price_amount":"17.32","product_price_currency":"EUR","og_availability":"instock","product_availability":"instock","product_retailer_item_id":"A-1853560","product_condition":"new"},"_links":{"self":[{"href":"https:\/\/www.vetorino.com\/veterinaire\/landos-43340\/boutique\/wp-json\/wp\/v2\/product\/508190","targetHints":{"allow":["GET"]}}],"collection":[{"href":"https:\/\/www.vetorino.com\/veterinaire\/landos-43340\/boutique\/wp-json\/wp\/v2\/product"}],"about":[{"href":"https:\/\/www.vetorino.com\/veterinaire\/landos-43340\/boutique\/wp-json\/wp\/v2\/types\/product"}],"wp:featuredmedia":[{"embeddable":true,"href":"https:\/\/www.vetorino.com\/veterinaire\/landos-43340\/boutique\/wp-json\/wp\/v2\/media\/970121"}],"wp:attachment":[{"href":"https:\/\/www.vetorino.com\/veterinaire\/landos-43340\/boutique\/wp-json\/wp\/v2\/media?parent=508190"}],"wp:term":[{"taxonomy":"product_cat","embeddable":true,"href":"https:\/\/www.vetorino.com\/veterinaire\/landos-43340\/boutique\/wp-json\/wp\/v2\/product_cat?post=508190"},{"taxonomy":"product_tag","embeddable":true,"href":"https:\/\/www.vetorino.com\/veterinaire\/landos-43340\/boutique\/wp-json\/wp\/v2\/product_tag?post=508190"}],"curies":[{"name":"wp","href":"https:\/\/api.w.org\/{rel}","templated":true}]}}