{"id":508646,"date":"2022-11-18T20:26:32","date_gmt":"2022-11-18T19:26:32","guid":{"rendered":"https:\/\/www.vetorino.com\/boutique\/product\/le-pre-vert-multi-oligos\/"},"modified":"2025-07-21T16:50:08","modified_gmt":"2025-07-21T14:50:08","slug":"le-pre-vert-multi-oligos","status":"publish","type":"product","link":"https:\/\/www.vetorino.com\/veterinaire\/landos-43340\/boutique\/product\/le-pre-vert-multi-oligos\/","title":{"rendered":"Le Pr\u00e9 Vert Multi Oligos"},"content":{"rendered":"<p>Pour<strong> bovins au rumen fonctionnel<\/strong> uniquement.<\/p>\n<ul>\n<li>Bovins adultes &gt; 400 kg\u00a0: administrer 2 bolus par animal lors de la mise \u00e0 l&#8217;herbe.<\/li>\n<li>G\u00e9nisses \/ Taurillons\u00a0 de 200kg \u00e0 400kg\u00a0 \u00a0: administrer 1 bolus unique lors de la mise \u00e0 l&#8217;herbe.<\/li>\n<\/ul>\n<p>Manipuler les bolus avec pr\u00e9caution pour \u00e9viter les chocs. Un bolus fractur\u00e9 peut avoir une d\u00e9litescence raccourcie apr\u00e8s absorption.<\/p>\n<p><strong>Les bolus doivent \u00eatre administr\u00e9s avec pr\u00e9caution avec un applicateur adapt\u00e9.<\/strong><\/p>\n","protected":false},"excerpt":{"rendered":"<p>Pour<strong> bovins au rumen fonctionnel<\/strong> uniquement.<\/p>\n<ul>\n<li>Bovins adultes &gt; 400 kg\u00a0: administrer 2 bolus par animal lors de la mise \u00e0 l&#8217;herbe.<\/li>\n<li>G\u00e9nisses \/ Taurillons\u00a0 de 200kg \u00e0 400kg\u00a0 \u00a0: administrer 1 bolus unique lors de la mise \u00e0 l&#8217;herbe.<\/li>\n<\/ul>\n<p>Manipuler les bolus avec pr\u00e9caution pour \u00e9viter les chocs. Un bolus fractur\u00e9 peut avoir une d\u00e9litescence raccourcie apr\u00e8s absorption.<\/p>\n<p><strong>Les bolus doivent \u00eatre administr\u00e9s avec pr\u00e9caution avec un applicateur adapt\u00e9.<\/strong><\/p>\n","protected":false},"featured_media":918158,"template":"","meta":[],"product_cat":[6864,6870],"product_tag":[],"class_list":{"0":"post-508646","1":"product","2":"type-product","3":"status-publish","4":"has-post-thumbnail","6":"product_cat-animaux-delevage","7":"product_cat-bovins","8":"pa_marque-vetalis","10":"first","11":"instock","12":"taxable","13":"shipping-taxable","14":"purchasable","15":"product-type-simple"},"yoast_head":"<!-- This site is optimized with the Yoast SEO plugin v27.3 - https:\/\/yoast.com\/product\/yoast-seo-wordpress\/ -->\n<title>Le Pr\u00e9 Vert Multi Oligos Vetalis - V\u00e9torino<\/title>\n<meta name=\"description\" content=\"Pour bovins au rumen fonctionnel uniquement.   Bovins adultes &gt; 400 kg\u00a0: administrer 2 bolus par animal lors de la mise \u00e0 l&#039;herbe.  G\u00e9nisses \/ Taurillons\u00a0 de 200kg \u00e0 400kg\u00a0 \u00a0: administrer 1 bolus unique lors de la mise \u00e0 l&#039;herbe.  Manipuler les bolus avec pr\u00e9caution pour \u00e9viter les chocs. Un bolus fractur\u00e9 peut avoir une d\u00e9litescence raccourcie apr\u00e8s absorption.  Les bolus doivent \u00eatre administr\u00e9s avec pr\u00e9caution avec un applicateur adapt\u00e9.\" \/>\n<meta name=\"robots\" content=\"noindex, nofollow\" \/>\n<meta property=\"og:locale\" content=\"fr_FR\" \/>\n<meta property=\"og:type\" content=\"article\" \/>\n<meta property=\"og:title\" content=\"Le Pr\u00e9 Vert Multi Oligos Vetalis - V\u00e9torino\" \/>\n<meta property=\"og:description\" content=\"Pour bovins au rumen fonctionnel uniquement.   Bovins adultes &gt; 400 kg\u00a0: administrer 2 bolus par animal lors de la mise \u00e0 l&#039;herbe.  G\u00e9nisses \/ Taurillons\u00a0 de 200kg \u00e0 400kg\u00a0 \u00a0: administrer 1 bolus unique lors de la mise \u00e0 l&#039;herbe.  Manipuler les bolus avec pr\u00e9caution pour \u00e9viter les chocs. Un bolus fractur\u00e9 peut avoir une d\u00e9litescence raccourcie apr\u00e8s absorption.  Les bolus doivent \u00eatre administr\u00e9s avec pr\u00e9caution avec un applicateur adapt\u00e9.\" \/>\n<meta property=\"og:url\" content=\"https:\/\/www.vetorino.com\/veterinaire\/landos-43340\/boutique\/product\/le-pre-vert-multi-oligos\/\" \/>\n<meta property=\"og:site_name\" content=\"V\u00e9torino\" \/>\n<meta property=\"article:publisher\" content=\"https:\/\/www.facebook.com\/Vetorino\/\" \/>\n<meta property=\"article:modified_time\" content=\"2025-07-21T14:50:08+00:00\" \/>\n<meta property=\"og:image\" content=\"https:\/\/www.vetorino.com\/boutique\/wp-content\/uploads\/2022\/11\/le-pre-vert-multi-oligos.webp\" \/>\n\t<meta property=\"og:image:width\" content=\"800\" \/>\n\t<meta property=\"og:image:height\" content=\"800\" \/>\n\t<meta property=\"og:image:type\" content=\"image\/webp\" \/>\n<meta name=\"twitter:card\" content=\"summary_large_image\" \/>\n<meta name=\"twitter:label1\" content=\"Prix\" \/>\n\t<meta name=\"twitter:data1\" content=\"229,48&euro;\" \/>\n\t<meta name=\"twitter:label2\" content=\"Disponibilit\u00e9\" \/>\n\t<meta name=\"twitter:data2\" content=\"En stock\" \/>\n<script type=\"application\/ld+json\" class=\"yoast-schema-graph\">{\"@context\":\"https:\\\/\\\/schema.org\",\"@graph\":[{\"@type\":\"WebPage\",\"@id\":\"https:\\\/\\\/www.vetorino.com\\\/boutique\\\/product\\\/le-pre-vert-multi-oligos\\\/\",\"url\":\"https:\\\/\\\/www.vetorino.com\\\/boutique\\\/product\\\/le-pre-vert-multi-oligos\\\/\",\"name\":\"Le Pr\u00e9 Vert Multi Oligos Vetalis - V\u00e9torino\",\"isPartOf\":{\"@id\":\"https:\\\/\\\/www.vetorino.com\\\/boutique\\\/#website\"},\"primaryImageOfPage\":{\"@id\":\"https:\\\/\\\/www.vetorino.com\\\/boutique\\\/product\\\/le-pre-vert-multi-oligos\\\/#primaryimage\"},\"image\":{\"@id\":\"https:\\\/\\\/www.vetorino.com\\\/boutique\\\/product\\\/le-pre-vert-multi-oligos\\\/#primaryimage\"},\"thumbnailUrl\":\"https:\\\/\\\/www.vetorino.com\\\/boutique\\\/wp-content\\\/uploads\\\/2022\\\/11\\\/le-pre-vert-multi-oligos.webp\",\"datePublished\":\"2022-11-18T19:26:32+00:00\",\"dateModified\":\"2025-07-21T14:50:08+00:00\",\"description\":\"Pour bovins au rumen fonctionnel uniquement. Bovins adultes &gt; 400 kg\u00a0: administrer 2 bolus par animal lors de la mise \u00e0 l'herbe. G\u00e9nisses \\\/ Taurillons\u00a0 de 200kg \u00e0 400kg\u00a0 \u00a0: administrer 1 bolus unique lors de la mise \u00e0 l'herbe. Manipuler les bolus avec pr\u00e9caution pour \u00e9viter les chocs. Un bolus fractur\u00e9 peut avoir une d\u00e9litescence raccourcie apr\u00e8s absorption. Les bolus doivent \u00eatre administr\u00e9s avec pr\u00e9caution avec un applicateur adapt\u00e9.\",\"breadcrumb\":{\"@id\":\"https:\\\/\\\/www.vetorino.com\\\/boutique\\\/product\\\/le-pre-vert-multi-oligos\\\/#breadcrumb\"},\"inLanguage\":\"fr-FR\",\"potentialAction\":[{\"@type\":\"ReadAction\",\"target\":[\"https:\\\/\\\/www.vetorino.com\\\/boutique\\\/product\\\/le-pre-vert-multi-oligos\\\/\"]}]},{\"@type\":\"ImageObject\",\"inLanguage\":\"fr-FR\",\"@id\":\"https:\\\/\\\/www.vetorino.com\\\/boutique\\\/product\\\/le-pre-vert-multi-oligos\\\/#primaryimage\",\"url\":\"https:\\\/\\\/www.vetorino.com\\\/boutique\\\/wp-content\\\/uploads\\\/2022\\\/11\\\/le-pre-vert-multi-oligos.webp\",\"contentUrl\":\"https:\\\/\\\/www.vetorino.com\\\/boutique\\\/wp-content\\\/uploads\\\/2022\\\/11\\\/le-pre-vert-multi-oligos.webp\",\"width\":800,\"height\":800},{\"@type\":\"BreadcrumbList\",\"@id\":\"https:\\\/\\\/www.vetorino.com\\\/boutique\\\/product\\\/le-pre-vert-multi-oligos\\\/#breadcrumb\",\"itemListElement\":[{\"@type\":\"ListItem\",\"position\":1,\"name\":\"Accueil\",\"item\":\"https:\\\/\\\/www.vetorino.com\\\/boutique\\\/\"},{\"@type\":\"ListItem\",\"position\":2,\"name\":\"Produits\",\"item\":\"https:\\\/\\\/www.vetorino.com\\\/boutique\\\/\"},{\"@type\":\"ListItem\",\"position\":3,\"name\":\"Le Pr\u00e9 Vert Multi Oligos\"}]},{\"@type\":\"WebSite\",\"@id\":\"https:\\\/\\\/www.vetorino.com\\\/boutique\\\/#website\",\"url\":\"https:\\\/\\\/www.vetorino.com\\\/boutique\\\/\",\"name\":\"V\u00e9torino\",\"description\":\"\",\"publisher\":{\"@id\":\"https:\\\/\\\/www.vetorino.com\\\/boutique\\\/#organization\"},\"potentialAction\":[{\"@type\":\"SearchAction\",\"target\":{\"@type\":\"EntryPoint\",\"urlTemplate\":\"https:\\\/\\\/www.vetorino.com\\\/boutique\\\/?s={search_term_string}\"},\"query-input\":{\"@type\":\"PropertyValueSpecification\",\"valueRequired\":true,\"valueName\":\"search_term_string\"}}],\"inLanguage\":\"fr-FR\"},{\"@type\":\"Organization\",\"@id\":\"https:\\\/\\\/www.vetorino.com\\\/boutique\\\/#organization\",\"name\":\"V\u00e9torino\",\"url\":\"https:\\\/\\\/www.vetorino.com\\\/boutique\\\/\",\"logo\":{\"@type\":\"ImageObject\",\"inLanguage\":\"fr-FR\",\"@id\":\"https:\\\/\\\/www.vetorino.com\\\/boutique\\\/#\\\/schema\\\/logo\\\/image\\\/\",\"url\":\"https:\\\/\\\/www.vetorino.com\\\/boutique\\\/wp-content\\\/uploads\\\/2024\\\/10\\\/logo.jpg\",\"contentUrl\":\"https:\\\/\\\/www.vetorino.com\\\/boutique\\\/wp-content\\\/uploads\\\/2024\\\/10\\\/logo.jpg\",\"width\":1200,\"height\":610,\"caption\":\"V\u00e9torino\"},\"image\":{\"@id\":\"https:\\\/\\\/www.vetorino.com\\\/boutique\\\/#\\\/schema\\\/logo\\\/image\\\/\"},\"sameAs\":[\"https:\\\/\\\/www.facebook.com\\\/Vetorino\\\/\",\"https:\\\/\\\/www.instagram.com\\\/vetorino_off\\\/\",\"https:\\\/\\\/www.linkedin.com\\\/company\\\/vtorino\\\/\"]}]}<\/script>\n<meta property=\"product:brand\" content=\"Vetalis\" \/>\n<meta property=\"product:price:amount\" content=\"229.48\" \/>\n<meta property=\"product:price:currency\" content=\"EUR\" \/>\n<meta property=\"og:availability\" content=\"instock\" \/>\n<meta property=\"product:availability\" content=\"instock\" \/>\n<meta property=\"product:retailer_item_id\" content=\"A-1855770\" \/>\n<meta property=\"product:condition\" content=\"new\" \/>\n<!-- \/ Yoast SEO plugin. -->","yoast_head_json":{"title":"Le Pr\u00e9 Vert Multi Oligos Vetalis - V\u00e9torino","description":"Pour bovins au rumen fonctionnel uniquement.   Bovins adultes &gt; 400 kg\u00a0: administrer 2 bolus par animal lors de la mise \u00e0 l'herbe.  G\u00e9nisses \/ Taurillons\u00a0 de 200kg \u00e0 400kg\u00a0 \u00a0: administrer 1 bolus unique lors de la mise \u00e0 l'herbe.  Manipuler les bolus avec pr\u00e9caution pour \u00e9viter les chocs. Un bolus fractur\u00e9 peut avoir une d\u00e9litescence raccourcie apr\u00e8s absorption.  Les bolus doivent \u00eatre administr\u00e9s avec pr\u00e9caution avec un applicateur adapt\u00e9.","robots":{"index":"noindex","follow":"nofollow"},"og_locale":"fr_FR","og_type":"article","og_title":"Le Pr\u00e9 Vert Multi Oligos Vetalis - V\u00e9torino","og_description":"Pour bovins au rumen fonctionnel uniquement.   Bovins adultes &gt; 400 kg\u00a0: administrer 2 bolus par animal lors de la mise \u00e0 l'herbe.  G\u00e9nisses \/ Taurillons\u00a0 de 200kg \u00e0 400kg\u00a0 \u00a0: administrer 1 bolus unique lors de la mise \u00e0 l'herbe.  Manipuler les bolus avec pr\u00e9caution pour \u00e9viter les chocs. Un bolus fractur\u00e9 peut avoir une d\u00e9litescence raccourcie apr\u00e8s absorption.  Les bolus doivent \u00eatre administr\u00e9s avec pr\u00e9caution avec un applicateur adapt\u00e9.","og_url":"https:\/\/www.vetorino.com\/veterinaire\/landos-43340\/boutique\/product\/le-pre-vert-multi-oligos\/","og_site_name":"V\u00e9torino","article_publisher":"https:\/\/www.facebook.com\/Vetorino\/","article_modified_time":"2025-07-21T14:50:08+00:00","og_image":[{"width":800,"height":800,"url":"https:\/\/www.vetorino.com\/boutique\/wp-content\/uploads\/2022\/11\/le-pre-vert-multi-oligos.webp","type":"image\/webp"}],"twitter_card":"summary_large_image","twitter_misc":{"Prix":"229,48&euro;","Disponibilit\u00e9":"En stock"},"schema":{"@context":"https:\/\/schema.org","@graph":[{"@type":"WebPage","@id":"https:\/\/www.vetorino.com\/boutique\/product\/le-pre-vert-multi-oligos\/","url":"https:\/\/www.vetorino.com\/boutique\/product\/le-pre-vert-multi-oligos\/","name":"Le Pr\u00e9 Vert Multi Oligos Vetalis - V\u00e9torino","isPartOf":{"@id":"https:\/\/www.vetorino.com\/boutique\/#website"},"primaryImageOfPage":{"@id":"https:\/\/www.vetorino.com\/boutique\/product\/le-pre-vert-multi-oligos\/#primaryimage"},"image":{"@id":"https:\/\/www.vetorino.com\/boutique\/product\/le-pre-vert-multi-oligos\/#primaryimage"},"thumbnailUrl":"https:\/\/www.vetorino.com\/boutique\/wp-content\/uploads\/2022\/11\/le-pre-vert-multi-oligos.webp","datePublished":"2022-11-18T19:26:32+00:00","dateModified":"2025-07-21T14:50:08+00:00","description":"Pour bovins au rumen fonctionnel uniquement. Bovins adultes &gt; 400 kg\u00a0: administrer 2 bolus par animal lors de la mise \u00e0 l'herbe. G\u00e9nisses \/ Taurillons\u00a0 de 200kg \u00e0 400kg\u00a0 \u00a0: administrer 1 bolus unique lors de la mise \u00e0 l'herbe. Manipuler les bolus avec pr\u00e9caution pour \u00e9viter les chocs. Un bolus fractur\u00e9 peut avoir une d\u00e9litescence raccourcie apr\u00e8s absorption. Les bolus doivent \u00eatre administr\u00e9s avec pr\u00e9caution avec un applicateur adapt\u00e9.","breadcrumb":{"@id":"https:\/\/www.vetorino.com\/boutique\/product\/le-pre-vert-multi-oligos\/#breadcrumb"},"inLanguage":"fr-FR","potentialAction":[{"@type":"ReadAction","target":["https:\/\/www.vetorino.com\/boutique\/product\/le-pre-vert-multi-oligos\/"]}]},{"@type":"ImageObject","inLanguage":"fr-FR","@id":"https:\/\/www.vetorino.com\/boutique\/product\/le-pre-vert-multi-oligos\/#primaryimage","url":"https:\/\/www.vetorino.com\/boutique\/wp-content\/uploads\/2022\/11\/le-pre-vert-multi-oligos.webp","contentUrl":"https:\/\/www.vetorino.com\/boutique\/wp-content\/uploads\/2022\/11\/le-pre-vert-multi-oligos.webp","width":800,"height":800},{"@type":"BreadcrumbList","@id":"https:\/\/www.vetorino.com\/boutique\/product\/le-pre-vert-multi-oligos\/#breadcrumb","itemListElement":[{"@type":"ListItem","position":1,"name":"Accueil","item":"https:\/\/www.vetorino.com\/boutique\/"},{"@type":"ListItem","position":2,"name":"Produits","item":"https:\/\/www.vetorino.com\/boutique\/"},{"@type":"ListItem","position":3,"name":"Le Pr\u00e9 Vert Multi Oligos"}]},{"@type":"WebSite","@id":"https:\/\/www.vetorino.com\/boutique\/#website","url":"https:\/\/www.vetorino.com\/boutique\/","name":"V\u00e9torino","description":"","publisher":{"@id":"https:\/\/www.vetorino.com\/boutique\/#organization"},"potentialAction":[{"@type":"SearchAction","target":{"@type":"EntryPoint","urlTemplate":"https:\/\/www.vetorino.com\/boutique\/?s={search_term_string}"},"query-input":{"@type":"PropertyValueSpecification","valueRequired":true,"valueName":"search_term_string"}}],"inLanguage":"fr-FR"},{"@type":"Organization","@id":"https:\/\/www.vetorino.com\/boutique\/#organization","name":"V\u00e9torino","url":"https:\/\/www.vetorino.com\/boutique\/","logo":{"@type":"ImageObject","inLanguage":"fr-FR","@id":"https:\/\/www.vetorino.com\/boutique\/#\/schema\/logo\/image\/","url":"https:\/\/www.vetorino.com\/boutique\/wp-content\/uploads\/2024\/10\/logo.jpg","contentUrl":"https:\/\/www.vetorino.com\/boutique\/wp-content\/uploads\/2024\/10\/logo.jpg","width":1200,"height":610,"caption":"V\u00e9torino"},"image":{"@id":"https:\/\/www.vetorino.com\/boutique\/#\/schema\/logo\/image\/"},"sameAs":["https:\/\/www.facebook.com\/Vetorino\/","https:\/\/www.instagram.com\/vetorino_off\/","https:\/\/www.linkedin.com\/company\/vtorino\/"]}]},"product_brand":"Vetalis","product_price_amount":"229.48","product_price_currency":"EUR","og_availability":"instock","product_availability":"instock","product_retailer_item_id":"A-1855770","product_condition":"new"},"_links":{"self":[{"href":"https:\/\/www.vetorino.com\/veterinaire\/landos-43340\/boutique\/wp-json\/wp\/v2\/product\/508646","targetHints":{"allow":["GET"]}}],"collection":[{"href":"https:\/\/www.vetorino.com\/veterinaire\/landos-43340\/boutique\/wp-json\/wp\/v2\/product"}],"about":[{"href":"https:\/\/www.vetorino.com\/veterinaire\/landos-43340\/boutique\/wp-json\/wp\/v2\/types\/product"}],"wp:featuredmedia":[{"embeddable":true,"href":"https:\/\/www.vetorino.com\/veterinaire\/landos-43340\/boutique\/wp-json\/wp\/v2\/media\/918158"}],"wp:attachment":[{"href":"https:\/\/www.vetorino.com\/veterinaire\/landos-43340\/boutique\/wp-json\/wp\/v2\/media?parent=508646"}],"wp:term":[{"taxonomy":"product_cat","embeddable":true,"href":"https:\/\/www.vetorino.com\/veterinaire\/landos-43340\/boutique\/wp-json\/wp\/v2\/product_cat?post=508646"},{"taxonomy":"product_tag","embeddable":true,"href":"https:\/\/www.vetorino.com\/veterinaire\/landos-43340\/boutique\/wp-json\/wp\/v2\/product_tag?post=508646"}],"curies":[{"name":"wp","href":"https:\/\/api.w.org\/{rel}","templated":true}]}}