{"id":508730,"date":"2022-11-18T20:29:41","date_gmt":"2022-11-18T19:29:41","guid":{"rendered":"https:\/\/www.vetorino.com\/boutique\/product\/oligovet-pop\/"},"modified":"2025-08-07T12:11:18","modified_gmt":"2025-08-07T10:11:18","slug":"oligovet-pop","status":"publish","type":"product","link":"https:\/\/www.vetorino.com\/veterinaire\/landos-43340\/boutique\/product\/oligovet-pop\/","title":{"rendered":"Oligovet Pop"},"content":{"rendered":"<div id=\"product-description\" class=\"block md-bottom product-description-block \">\n<div class=\"block-content\">\n<div class=\"product-description typo\">Aliment min\u00e9ral di\u00e9t\u00e9tique<strong> pour le soutien de la r\u00e9g\u00e9n\u00e9ration des sabots, des onglons et de la peau.<\/strong><\/div>\n<div><\/div>\n<div class=\"product-description typo\">\n<p>Pour bovins au rumen fonctionnel uniquement.<\/p>\n<ul>\n<li>Bovin adulte &gt; 400 kg : administrer 1 bolus unique par vache<\/li>\n<\/ul>\n<p><strong>Manipuler les bolus avec pr\u00e9caution pour \u00e9viter les chocs.<\/strong><\/p>\n<ul>\n<li>Un bolus fractur\u00e9 peut avoir une d\u00e9litescence raccourcie apr\u00e8s absorption.<\/li>\n<li>Les bolus doivent \u00eatre administr\u00e9s avec pr\u00e9caution avec un applicateur adapt\u00e9.<\/li>\n<li>Le bolus contient 7,4 % de fer inerte afin d\u2019accroitre sa densit\u00e9.<\/li>\n<\/ul>\n<\/div>\n<\/div>\n<\/div>\n<div class=\"block md-bottom product-features-block \"><\/div>\n","protected":false},"excerpt":{"rendered":"<div id=\"product-description\" class=\"block md-bottom product-description-block \">\n<div class=\"block-content\">\n<div class=\"product-description typo\">Aliment min\u00e9ral di\u00e9t\u00e9tique<strong> pour le soutien de la r\u00e9g\u00e9n\u00e9ration des sabots, des onglons et de la peau.<\/strong><\/div>\n<div><\/div>\n<div class=\"product-description typo\">\n<p>Pour bovins au rumen fonctionnel uniquement.<\/p>\n<ul>\n<li>Bovin adulte &gt; 400 kg : administrer 1 bolus unique par vache<\/li>\n<\/ul>\n<p><strong>Manipuler les bolus avec pr\u00e9caution pour \u00e9viter les chocs.<\/strong><\/p>\n<ul>\n<li>Un bolus fractur\u00e9 peut avoir une d\u00e9litescence raccourcie apr\u00e8s absorption.<\/li>\n<li>Les bolus doivent \u00eatre administr\u00e9s avec pr\u00e9caution avec un applicateur adapt\u00e9.<\/li>\n<li>Le bolus contient 7,4 % de fer inerte afin d\u2019accroitre sa densit\u00e9.<\/li>\n<\/ul>\n<\/div>\n<\/div>\n<\/div>\n<div class=\"block md-bottom product-features-block \"><\/div>\n","protected":false},"featured_media":1422693,"template":"","meta":[],"product_cat":[6870],"product_tag":[],"class_list":{"0":"post-508730","1":"product","2":"type-product","3":"status-publish","4":"has-post-thumbnail","6":"product_cat-bovins","7":"pa_marque-vetalis","9":"first","10":"outofstock","11":"taxable","12":"shipping-taxable","13":"purchasable","14":"product-type-simple"},"yoast_head":"<!-- This site is optimized with the Yoast SEO plugin v27.3 - https:\/\/yoast.com\/product\/yoast-seo-wordpress\/ -->\n<title>Oligovet Pop Vetalis - V\u00e9torino<\/title>\n<meta name=\"description\" content=\"Aliment min\u00e9ral di\u00e9t\u00e9tique pour le soutien de la r\u00e9g\u00e9n\u00e9ration des sabots, des onglons et de la peau.    Pour bovins au rumen fonctionnel uniquement.   Bovin adulte &gt; 400 kg : administrer 1 bolus unique par vache  Manipuler les bolus avec pr\u00e9caution pour \u00e9viter les chocs.   Un bolus fractur\u00e9 peut avoir une d\u00e9litescence raccourcie apr\u00e8s absorption.  Les bolus doivent \u00eatre administr\u00e9s avec pr\u00e9caution avec un applicateur adapt\u00e9.  Le bolus contient 7,4 % de fer inerte afin d\u2019accroitre sa densit\u00e9.\" \/>\n<meta name=\"robots\" content=\"noindex, nofollow\" \/>\n<meta property=\"og:locale\" content=\"fr_FR\" \/>\n<meta property=\"og:type\" content=\"article\" \/>\n<meta property=\"og:title\" content=\"Oligovet Pop Vetalis - V\u00e9torino\" \/>\n<meta property=\"og:description\" content=\"Aliment min\u00e9ral di\u00e9t\u00e9tique pour le soutien de la r\u00e9g\u00e9n\u00e9ration des sabots, des onglons et de la peau.    Pour bovins au rumen fonctionnel uniquement.   Bovin adulte &gt; 400 kg : administrer 1 bolus unique par vache  Manipuler les bolus avec pr\u00e9caution pour \u00e9viter les chocs.   Un bolus fractur\u00e9 peut avoir une d\u00e9litescence raccourcie apr\u00e8s absorption.  Les bolus doivent \u00eatre administr\u00e9s avec pr\u00e9caution avec un applicateur adapt\u00e9.  Le bolus contient 7,4 % de fer inerte afin d\u2019accroitre sa densit\u00e9.\" \/>\n<meta property=\"og:url\" content=\"https:\/\/www.vetorino.com\/veterinaire\/landos-43340\/boutique\/product\/oligovet-pop\/\" \/>\n<meta property=\"og:site_name\" content=\"V\u00e9torino\" \/>\n<meta property=\"article:publisher\" content=\"https:\/\/www.facebook.com\/Vetorino\/\" \/>\n<meta property=\"article:modified_time\" content=\"2025-08-07T10:11:18+00:00\" \/>\n<meta property=\"og:image\" content=\"https:\/\/www.vetorino.com\/boutique\/wp-content\/uploads\/2022\/11\/Mockup_OLIGOVET-POP-Etui-v2.png\" \/>\n\t<meta property=\"og:image:width\" content=\"800\" \/>\n\t<meta property=\"og:image:height\" content=\"800\" \/>\n\t<meta property=\"og:image:type\" content=\"image\/png\" \/>\n<meta name=\"twitter:card\" content=\"summary_large_image\" \/>\n<meta name=\"twitter:label1\" content=\"Prix\" \/>\n\t<meta name=\"twitter:data1\" content=\"205,20&euro;\" \/>\n\t<meta name=\"twitter:label2\" content=\"Disponibilit\u00e9\" \/>\n\t<meta name=\"twitter:data2\" content=\"Rupture de stock\" \/>\n<script type=\"application\/ld+json\" class=\"yoast-schema-graph\">{\"@context\":\"https:\\\/\\\/schema.org\",\"@graph\":[{\"@type\":\"WebPage\",\"@id\":\"https:\\\/\\\/www.vetorino.com\\\/boutique\\\/product\\\/oligovet-pop\\\/\",\"url\":\"https:\\\/\\\/www.vetorino.com\\\/boutique\\\/product\\\/oligovet-pop\\\/\",\"name\":\"Oligovet Pop Vetalis - V\u00e9torino\",\"isPartOf\":{\"@id\":\"https:\\\/\\\/www.vetorino.com\\\/boutique\\\/#website\"},\"primaryImageOfPage\":{\"@id\":\"https:\\\/\\\/www.vetorino.com\\\/boutique\\\/product\\\/oligovet-pop\\\/#primaryimage\"},\"image\":{\"@id\":\"https:\\\/\\\/www.vetorino.com\\\/boutique\\\/product\\\/oligovet-pop\\\/#primaryimage\"},\"thumbnailUrl\":\"https:\\\/\\\/www.vetorino.com\\\/boutique\\\/wp-content\\\/uploads\\\/2022\\\/11\\\/Mockup_OLIGOVET-POP-Etui-v2.png\",\"datePublished\":\"2022-11-18T19:29:41+00:00\",\"dateModified\":\"2025-08-07T10:11:18+00:00\",\"description\":\"Aliment min\u00e9ral di\u00e9t\u00e9tique pour le soutien de la r\u00e9g\u00e9n\u00e9ration des sabots, des onglons et de la peau. Pour bovins au rumen fonctionnel uniquement. Bovin adulte &gt; 400 kg : administrer 1 bolus unique par vache Manipuler les bolus avec pr\u00e9caution pour \u00e9viter les chocs. Un bolus fractur\u00e9 peut avoir une d\u00e9litescence raccourcie apr\u00e8s absorption. Les bolus doivent \u00eatre administr\u00e9s avec pr\u00e9caution avec un applicateur adapt\u00e9. Le bolus contient 7,4 % de fer inerte afin d\u2019accroitre sa densit\u00e9.\",\"breadcrumb\":{\"@id\":\"https:\\\/\\\/www.vetorino.com\\\/boutique\\\/product\\\/oligovet-pop\\\/#breadcrumb\"},\"inLanguage\":\"fr-FR\",\"potentialAction\":[{\"@type\":\"ReadAction\",\"target\":[\"https:\\\/\\\/www.vetorino.com\\\/boutique\\\/product\\\/oligovet-pop\\\/\"]}]},{\"@type\":\"ImageObject\",\"inLanguage\":\"fr-FR\",\"@id\":\"https:\\\/\\\/www.vetorino.com\\\/boutique\\\/product\\\/oligovet-pop\\\/#primaryimage\",\"url\":\"https:\\\/\\\/www.vetorino.com\\\/boutique\\\/wp-content\\\/uploads\\\/2022\\\/11\\\/Mockup_OLIGOVET-POP-Etui-v2.png\",\"contentUrl\":\"https:\\\/\\\/www.vetorino.com\\\/boutique\\\/wp-content\\\/uploads\\\/2022\\\/11\\\/Mockup_OLIGOVET-POP-Etui-v2.png\",\"width\":800,\"height\":800},{\"@type\":\"BreadcrumbList\",\"@id\":\"https:\\\/\\\/www.vetorino.com\\\/boutique\\\/product\\\/oligovet-pop\\\/#breadcrumb\",\"itemListElement\":[{\"@type\":\"ListItem\",\"position\":1,\"name\":\"Accueil\",\"item\":\"https:\\\/\\\/www.vetorino.com\\\/boutique\\\/\"},{\"@type\":\"ListItem\",\"position\":2,\"name\":\"Produits\",\"item\":\"https:\\\/\\\/www.vetorino.com\\\/boutique\\\/\"},{\"@type\":\"ListItem\",\"position\":3,\"name\":\"Oligovet Pop\"}]},{\"@type\":\"WebSite\",\"@id\":\"https:\\\/\\\/www.vetorino.com\\\/boutique\\\/#website\",\"url\":\"https:\\\/\\\/www.vetorino.com\\\/boutique\\\/\",\"name\":\"V\u00e9torino\",\"description\":\"\",\"publisher\":{\"@id\":\"https:\\\/\\\/www.vetorino.com\\\/boutique\\\/#organization\"},\"potentialAction\":[{\"@type\":\"SearchAction\",\"target\":{\"@type\":\"EntryPoint\",\"urlTemplate\":\"https:\\\/\\\/www.vetorino.com\\\/boutique\\\/?s={search_term_string}\"},\"query-input\":{\"@type\":\"PropertyValueSpecification\",\"valueRequired\":true,\"valueName\":\"search_term_string\"}}],\"inLanguage\":\"fr-FR\"},{\"@type\":\"Organization\",\"@id\":\"https:\\\/\\\/www.vetorino.com\\\/boutique\\\/#organization\",\"name\":\"V\u00e9torino\",\"url\":\"https:\\\/\\\/www.vetorino.com\\\/boutique\\\/\",\"logo\":{\"@type\":\"ImageObject\",\"inLanguage\":\"fr-FR\",\"@id\":\"https:\\\/\\\/www.vetorino.com\\\/boutique\\\/#\\\/schema\\\/logo\\\/image\\\/\",\"url\":\"https:\\\/\\\/www.vetorino.com\\\/boutique\\\/wp-content\\\/uploads\\\/2024\\\/10\\\/logo.jpg\",\"contentUrl\":\"https:\\\/\\\/www.vetorino.com\\\/boutique\\\/wp-content\\\/uploads\\\/2024\\\/10\\\/logo.jpg\",\"width\":1200,\"height\":610,\"caption\":\"V\u00e9torino\"},\"image\":{\"@id\":\"https:\\\/\\\/www.vetorino.com\\\/boutique\\\/#\\\/schema\\\/logo\\\/image\\\/\"},\"sameAs\":[\"https:\\\/\\\/www.facebook.com\\\/Vetorino\\\/\",\"https:\\\/\\\/www.instagram.com\\\/vetorino_off\\\/\",\"https:\\\/\\\/www.linkedin.com\\\/company\\\/vtorino\\\/\"]}]}<\/script>\n<meta property=\"product:brand\" content=\"Vetalis\" \/>\n<meta property=\"product:price:amount\" content=\"205.20\" \/>\n<meta property=\"product:price:currency\" content=\"EUR\" \/>\n<meta property=\"og:availability\" content=\"out of stock\" \/>\n<meta property=\"product:availability\" content=\"out of stock\" \/>\n<meta property=\"product:retailer_item_id\" content=\"A-1858710\" \/>\n<meta property=\"product:condition\" content=\"new\" \/>\n<!-- \/ Yoast SEO plugin. -->","yoast_head_json":{"title":"Oligovet Pop Vetalis - V\u00e9torino","description":"Aliment min\u00e9ral di\u00e9t\u00e9tique pour le soutien de la r\u00e9g\u00e9n\u00e9ration des sabots, des onglons et de la peau.    Pour bovins au rumen fonctionnel uniquement.   Bovin adulte &gt; 400 kg : administrer 1 bolus unique par vache  Manipuler les bolus avec pr\u00e9caution pour \u00e9viter les chocs.   Un bolus fractur\u00e9 peut avoir une d\u00e9litescence raccourcie apr\u00e8s absorption.  Les bolus doivent \u00eatre administr\u00e9s avec pr\u00e9caution avec un applicateur adapt\u00e9.  Le bolus contient 7,4 % de fer inerte afin d\u2019accroitre sa densit\u00e9.","robots":{"index":"noindex","follow":"nofollow"},"og_locale":"fr_FR","og_type":"article","og_title":"Oligovet Pop Vetalis - V\u00e9torino","og_description":"Aliment min\u00e9ral di\u00e9t\u00e9tique pour le soutien de la r\u00e9g\u00e9n\u00e9ration des sabots, des onglons et de la peau.    Pour bovins au rumen fonctionnel uniquement.   Bovin adulte &gt; 400 kg : administrer 1 bolus unique par vache  Manipuler les bolus avec pr\u00e9caution pour \u00e9viter les chocs.   Un bolus fractur\u00e9 peut avoir une d\u00e9litescence raccourcie apr\u00e8s absorption.  Les bolus doivent \u00eatre administr\u00e9s avec pr\u00e9caution avec un applicateur adapt\u00e9.  Le bolus contient 7,4 % de fer inerte afin d\u2019accroitre sa densit\u00e9.","og_url":"https:\/\/www.vetorino.com\/veterinaire\/landos-43340\/boutique\/product\/oligovet-pop\/","og_site_name":"V\u00e9torino","article_publisher":"https:\/\/www.facebook.com\/Vetorino\/","article_modified_time":"2025-08-07T10:11:18+00:00","og_image":[{"width":800,"height":800,"url":"https:\/\/www.vetorino.com\/boutique\/wp-content\/uploads\/2022\/11\/Mockup_OLIGOVET-POP-Etui-v2.png","type":"image\/png"}],"twitter_card":"summary_large_image","twitter_misc":{"Prix":"205,20&euro;","Disponibilit\u00e9":"Rupture de stock"},"schema":{"@context":"https:\/\/schema.org","@graph":[{"@type":"WebPage","@id":"https:\/\/www.vetorino.com\/boutique\/product\/oligovet-pop\/","url":"https:\/\/www.vetorino.com\/boutique\/product\/oligovet-pop\/","name":"Oligovet Pop Vetalis - V\u00e9torino","isPartOf":{"@id":"https:\/\/www.vetorino.com\/boutique\/#website"},"primaryImageOfPage":{"@id":"https:\/\/www.vetorino.com\/boutique\/product\/oligovet-pop\/#primaryimage"},"image":{"@id":"https:\/\/www.vetorino.com\/boutique\/product\/oligovet-pop\/#primaryimage"},"thumbnailUrl":"https:\/\/www.vetorino.com\/boutique\/wp-content\/uploads\/2022\/11\/Mockup_OLIGOVET-POP-Etui-v2.png","datePublished":"2022-11-18T19:29:41+00:00","dateModified":"2025-08-07T10:11:18+00:00","description":"Aliment min\u00e9ral di\u00e9t\u00e9tique pour le soutien de la r\u00e9g\u00e9n\u00e9ration des sabots, des onglons et de la peau. Pour bovins au rumen fonctionnel uniquement. Bovin adulte &gt; 400 kg : administrer 1 bolus unique par vache Manipuler les bolus avec pr\u00e9caution pour \u00e9viter les chocs. Un bolus fractur\u00e9 peut avoir une d\u00e9litescence raccourcie apr\u00e8s absorption. Les bolus doivent \u00eatre administr\u00e9s avec pr\u00e9caution avec un applicateur adapt\u00e9. Le bolus contient 7,4 % de fer inerte afin d\u2019accroitre sa densit\u00e9.","breadcrumb":{"@id":"https:\/\/www.vetorino.com\/boutique\/product\/oligovet-pop\/#breadcrumb"},"inLanguage":"fr-FR","potentialAction":[{"@type":"ReadAction","target":["https:\/\/www.vetorino.com\/boutique\/product\/oligovet-pop\/"]}]},{"@type":"ImageObject","inLanguage":"fr-FR","@id":"https:\/\/www.vetorino.com\/boutique\/product\/oligovet-pop\/#primaryimage","url":"https:\/\/www.vetorino.com\/boutique\/wp-content\/uploads\/2022\/11\/Mockup_OLIGOVET-POP-Etui-v2.png","contentUrl":"https:\/\/www.vetorino.com\/boutique\/wp-content\/uploads\/2022\/11\/Mockup_OLIGOVET-POP-Etui-v2.png","width":800,"height":800},{"@type":"BreadcrumbList","@id":"https:\/\/www.vetorino.com\/boutique\/product\/oligovet-pop\/#breadcrumb","itemListElement":[{"@type":"ListItem","position":1,"name":"Accueil","item":"https:\/\/www.vetorino.com\/boutique\/"},{"@type":"ListItem","position":2,"name":"Produits","item":"https:\/\/www.vetorino.com\/boutique\/"},{"@type":"ListItem","position":3,"name":"Oligovet Pop"}]},{"@type":"WebSite","@id":"https:\/\/www.vetorino.com\/boutique\/#website","url":"https:\/\/www.vetorino.com\/boutique\/","name":"V\u00e9torino","description":"","publisher":{"@id":"https:\/\/www.vetorino.com\/boutique\/#organization"},"potentialAction":[{"@type":"SearchAction","target":{"@type":"EntryPoint","urlTemplate":"https:\/\/www.vetorino.com\/boutique\/?s={search_term_string}"},"query-input":{"@type":"PropertyValueSpecification","valueRequired":true,"valueName":"search_term_string"}}],"inLanguage":"fr-FR"},{"@type":"Organization","@id":"https:\/\/www.vetorino.com\/boutique\/#organization","name":"V\u00e9torino","url":"https:\/\/www.vetorino.com\/boutique\/","logo":{"@type":"ImageObject","inLanguage":"fr-FR","@id":"https:\/\/www.vetorino.com\/boutique\/#\/schema\/logo\/image\/","url":"https:\/\/www.vetorino.com\/boutique\/wp-content\/uploads\/2024\/10\/logo.jpg","contentUrl":"https:\/\/www.vetorino.com\/boutique\/wp-content\/uploads\/2024\/10\/logo.jpg","width":1200,"height":610,"caption":"V\u00e9torino"},"image":{"@id":"https:\/\/www.vetorino.com\/boutique\/#\/schema\/logo\/image\/"},"sameAs":["https:\/\/www.facebook.com\/Vetorino\/","https:\/\/www.instagram.com\/vetorino_off\/","https:\/\/www.linkedin.com\/company\/vtorino\/"]}]},"product_brand":"Vetalis","product_price_amount":"205.20","product_price_currency":"EUR","og_availability":"out of stock","product_availability":"out of stock","product_retailer_item_id":"A-1858710","product_condition":"new"},"_links":{"self":[{"href":"https:\/\/www.vetorino.com\/veterinaire\/landos-43340\/boutique\/wp-json\/wp\/v2\/product\/508730","targetHints":{"allow":["GET"]}}],"collection":[{"href":"https:\/\/www.vetorino.com\/veterinaire\/landos-43340\/boutique\/wp-json\/wp\/v2\/product"}],"about":[{"href":"https:\/\/www.vetorino.com\/veterinaire\/landos-43340\/boutique\/wp-json\/wp\/v2\/types\/product"}],"wp:featuredmedia":[{"embeddable":true,"href":"https:\/\/www.vetorino.com\/veterinaire\/landos-43340\/boutique\/wp-json\/wp\/v2\/media\/1422693"}],"wp:attachment":[{"href":"https:\/\/www.vetorino.com\/veterinaire\/landos-43340\/boutique\/wp-json\/wp\/v2\/media?parent=508730"}],"wp:term":[{"taxonomy":"product_cat","embeddable":true,"href":"https:\/\/www.vetorino.com\/veterinaire\/landos-43340\/boutique\/wp-json\/wp\/v2\/product_cat?post=508730"},{"taxonomy":"product_tag","embeddable":true,"href":"https:\/\/www.vetorino.com\/veterinaire\/landos-43340\/boutique\/wp-json\/wp\/v2\/product_tag?post=508730"}],"curies":[{"name":"wp","href":"https:\/\/api.w.org\/{rel}","templated":true}]}}