{"id":508908,"date":"2022-11-18T20:37:13","date_gmt":"2022-11-18T19:37:13","guid":{"rendered":"https:\/\/www.vetorino.com\/boutique\/product\/oligovet-cap-gel\/"},"modified":"2025-07-24T15:54:55","modified_gmt":"2025-07-24T13:54:55","slug":"oligovet-cap-gel","status":"publish","type":"product","link":"https:\/\/www.vetorino.com\/veterinaire\/landos-43340\/boutique\/product\/oligovet-cap-gel\/","title":{"rendered":"Oligovet CaP Gel +"},"content":{"rendered":"<p>Permet<strong> un apport de calcium<\/strong> \u00e0 un niveau de pH <strong>non acide permettant de respecter l&#8217;int\u00e9grit\u00e9 des muqueuses buccales et oesophagiennes.<\/strong><\/p>\n<p>Il assure \u00e9galement un <strong>apport en phosphore<\/strong> sous forme hautement soluble ainsi qu&#8217;un <strong>apport en potassium en post-partum.<\/strong><\/p>\n<p><strong>Recommandations :\u00a0<\/strong><\/p>\n<p><em>Administrer un flacon de 500ml.<\/em><\/p>\n<p><em>Peut \u00eatre renouvel\u00e9 une fois 12 heures plus tard.<\/em><\/p>\n<p><em>Mettre 20 \u00e0 30L d\u2019eau \u00e0 disposition de la vache.<\/em><\/p>\n","protected":false},"excerpt":{"rendered":"<p><strong>Gel buvable de Calcium, phosphore et potassium.<\/strong><\/p>\n<p>Permet<strong> un apport de calcium<\/strong> \u00e0 un niveau de pH <strong>non acide permettant de respecter l&#8217;int\u00e9grit\u00e9 des muqueuses buccales et oesophagiennes.<\/strong><\/p>\n<p>Il assure \u00e9galement un <strong>apport en phosphore<\/strong> sous forme hautement soluble ainsi qu&#8217;un <strong>apport en potassium en post-partum.<\/strong><\/p>\n<p>&nbsp;<\/p>\n","protected":false},"featured_media":1426457,"template":"","meta":[],"product_cat":[6864,6870],"product_tag":[],"class_list":{"0":"post-508908","1":"product","2":"type-product","3":"status-publish","4":"has-post-thumbnail","6":"product_cat-animaux-delevage","7":"product_cat-bovins","8":"pa_marque-vetalis","10":"first","11":"outofstock","12":"taxable","13":"shipping-taxable","14":"purchasable","15":"product-type-simple"},"yoast_head":"<!-- This site is optimized with the Yoast SEO plugin v27.3 - https:\/\/yoast.com\/product\/yoast-seo-wordpress\/ -->\n<title>Oligovet CaP Gel + Vetalis - V\u00e9torino<\/title>\n<meta name=\"description\" content=\"Gel buvable de Calcium, phosphore et potassium.  Permet un apport de calcium \u00e0 un niveau de pH non acide permettant de respecter l&#039;int\u00e9grit\u00e9 des muqueuses buccales et oesophagiennes.  Il assure \u00e9galement un apport en phosphore sous forme hautement soluble ainsi qu&#039;un apport en potassium en post-partum.  &nbsp;\" \/>\n<meta name=\"robots\" content=\"noindex, nofollow\" \/>\n<meta property=\"og:locale\" content=\"fr_FR\" \/>\n<meta property=\"og:type\" content=\"article\" \/>\n<meta property=\"og:title\" content=\"Oligovet CaP Gel + Vetalis - V\u00e9torino\" \/>\n<meta property=\"og:description\" content=\"Gel buvable de Calcium, phosphore et potassium.  Permet un apport de calcium \u00e0 un niveau de pH non acide permettant de respecter l&#039;int\u00e9grit\u00e9 des muqueuses buccales et oesophagiennes.  Il assure \u00e9galement un apport en phosphore sous forme hautement soluble ainsi qu&#039;un apport en potassium en post-partum.  &nbsp;\" \/>\n<meta property=\"og:url\" content=\"https:\/\/www.vetorino.com\/veterinaire\/landos-43340\/boutique\/product\/oligovet-cap-gel\/\" \/>\n<meta property=\"og:site_name\" content=\"V\u00e9torino\" \/>\n<meta property=\"article:publisher\" content=\"https:\/\/www.facebook.com\/Vetorino\/\" \/>\n<meta property=\"article:modified_time\" content=\"2025-07-24T13:54:55+00:00\" \/>\n<meta property=\"og:image\" content=\"https:\/\/www.vetorino.com\/boutique\/wp-content\/uploads\/2022\/11\/Oligovet-CaP-Gel_FlaconPack.png\" \/>\n\t<meta property=\"og:image:width\" content=\"498\" \/>\n\t<meta property=\"og:image:height\" content=\"640\" \/>\n\t<meta property=\"og:image:type\" content=\"image\/png\" \/>\n<meta name=\"twitter:card\" content=\"summary_large_image\" \/>\n<meta name=\"twitter:label1\" content=\"Prix\" \/>\n\t<meta name=\"twitter:data1\" content=\"75,18&euro;\" \/>\n\t<meta name=\"twitter:label2\" content=\"Disponibilit\u00e9\" \/>\n\t<meta name=\"twitter:data2\" content=\"Rupture de stock\" \/>\n<script type=\"application\/ld+json\" class=\"yoast-schema-graph\">{\"@context\":\"https:\\\/\\\/schema.org\",\"@graph\":[{\"@type\":\"WebPage\",\"@id\":\"https:\\\/\\\/www.vetorino.com\\\/boutique\\\/product\\\/oligovet-cap-gel\\\/\",\"url\":\"https:\\\/\\\/www.vetorino.com\\\/boutique\\\/product\\\/oligovet-cap-gel\\\/\",\"name\":\"Oligovet CaP Gel + Vetalis - V\u00e9torino\",\"isPartOf\":{\"@id\":\"https:\\\/\\\/www.vetorino.com\\\/boutique\\\/#website\"},\"primaryImageOfPage\":{\"@id\":\"https:\\\/\\\/www.vetorino.com\\\/boutique\\\/product\\\/oligovet-cap-gel\\\/#primaryimage\"},\"image\":{\"@id\":\"https:\\\/\\\/www.vetorino.com\\\/boutique\\\/product\\\/oligovet-cap-gel\\\/#primaryimage\"},\"thumbnailUrl\":\"https:\\\/\\\/www.vetorino.com\\\/boutique\\\/wp-content\\\/uploads\\\/2022\\\/11\\\/Oligovet-CaP-Gel_FlaconPack.png\",\"datePublished\":\"2022-11-18T19:37:13+00:00\",\"dateModified\":\"2025-07-24T13:54:55+00:00\",\"description\":\"Gel buvable de Calcium, phosphore et potassium. Permet un apport de calcium \u00e0 un niveau de pH non acide permettant de respecter l'int\u00e9grit\u00e9 des muqueuses buccales et oesophagiennes. Il assure \u00e9galement un apport en phosphore sous forme hautement soluble ainsi qu'un apport en potassium en post-partum. &nbsp;\",\"breadcrumb\":{\"@id\":\"https:\\\/\\\/www.vetorino.com\\\/boutique\\\/product\\\/oligovet-cap-gel\\\/#breadcrumb\"},\"inLanguage\":\"fr-FR\",\"potentialAction\":[{\"@type\":\"ReadAction\",\"target\":[\"https:\\\/\\\/www.vetorino.com\\\/boutique\\\/product\\\/oligovet-cap-gel\\\/\"]}]},{\"@type\":\"ImageObject\",\"inLanguage\":\"fr-FR\",\"@id\":\"https:\\\/\\\/www.vetorino.com\\\/boutique\\\/product\\\/oligovet-cap-gel\\\/#primaryimage\",\"url\":\"https:\\\/\\\/www.vetorino.com\\\/boutique\\\/wp-content\\\/uploads\\\/2022\\\/11\\\/Oligovet-CaP-Gel_FlaconPack.png\",\"contentUrl\":\"https:\\\/\\\/www.vetorino.com\\\/boutique\\\/wp-content\\\/uploads\\\/2022\\\/11\\\/Oligovet-CaP-Gel_FlaconPack.png\",\"width\":498,\"height\":640},{\"@type\":\"BreadcrumbList\",\"@id\":\"https:\\\/\\\/www.vetorino.com\\\/boutique\\\/product\\\/oligovet-cap-gel\\\/#breadcrumb\",\"itemListElement\":[{\"@type\":\"ListItem\",\"position\":1,\"name\":\"Accueil\",\"item\":\"https:\\\/\\\/www.vetorino.com\\\/boutique\\\/\"},{\"@type\":\"ListItem\",\"position\":2,\"name\":\"Produits\",\"item\":\"https:\\\/\\\/www.vetorino.com\\\/boutique\\\/\"},{\"@type\":\"ListItem\",\"position\":3,\"name\":\"Oligovet CaP Gel +\"}]},{\"@type\":\"WebSite\",\"@id\":\"https:\\\/\\\/www.vetorino.com\\\/boutique\\\/#website\",\"url\":\"https:\\\/\\\/www.vetorino.com\\\/boutique\\\/\",\"name\":\"V\u00e9torino\",\"description\":\"\",\"publisher\":{\"@id\":\"https:\\\/\\\/www.vetorino.com\\\/boutique\\\/#organization\"},\"potentialAction\":[{\"@type\":\"SearchAction\",\"target\":{\"@type\":\"EntryPoint\",\"urlTemplate\":\"https:\\\/\\\/www.vetorino.com\\\/boutique\\\/?s={search_term_string}\"},\"query-input\":{\"@type\":\"PropertyValueSpecification\",\"valueRequired\":true,\"valueName\":\"search_term_string\"}}],\"inLanguage\":\"fr-FR\"},{\"@type\":\"Organization\",\"@id\":\"https:\\\/\\\/www.vetorino.com\\\/boutique\\\/#organization\",\"name\":\"V\u00e9torino\",\"url\":\"https:\\\/\\\/www.vetorino.com\\\/boutique\\\/\",\"logo\":{\"@type\":\"ImageObject\",\"inLanguage\":\"fr-FR\",\"@id\":\"https:\\\/\\\/www.vetorino.com\\\/boutique\\\/#\\\/schema\\\/logo\\\/image\\\/\",\"url\":\"https:\\\/\\\/www.vetorino.com\\\/boutique\\\/wp-content\\\/uploads\\\/2024\\\/10\\\/logo.jpg\",\"contentUrl\":\"https:\\\/\\\/www.vetorino.com\\\/boutique\\\/wp-content\\\/uploads\\\/2024\\\/10\\\/logo.jpg\",\"width\":1200,\"height\":610,\"caption\":\"V\u00e9torino\"},\"image\":{\"@id\":\"https:\\\/\\\/www.vetorino.com\\\/boutique\\\/#\\\/schema\\\/logo\\\/image\\\/\"},\"sameAs\":[\"https:\\\/\\\/www.facebook.com\\\/Vetorino\\\/\",\"https:\\\/\\\/www.instagram.com\\\/vetorino_off\\\/\",\"https:\\\/\\\/www.linkedin.com\\\/company\\\/vtorino\\\/\"]}]}<\/script>\n<meta property=\"product:brand\" content=\"Vetalis\" \/>\n<meta property=\"product:price:amount\" content=\"75.18\" \/>\n<meta property=\"product:price:currency\" content=\"EUR\" \/>\n<meta property=\"og:availability\" content=\"out of stock\" \/>\n<meta property=\"product:availability\" content=\"out of stock\" \/>\n<meta property=\"product:retailer_item_id\" content=\"A-1865810\" \/>\n<meta property=\"product:condition\" content=\"new\" \/>\n<!-- \/ Yoast SEO plugin. -->","yoast_head_json":{"title":"Oligovet CaP Gel + Vetalis - V\u00e9torino","description":"Gel buvable de Calcium, phosphore et potassium.  Permet un apport de calcium \u00e0 un niveau de pH non acide permettant de respecter l'int\u00e9grit\u00e9 des muqueuses buccales et oesophagiennes.  Il assure \u00e9galement un apport en phosphore sous forme hautement soluble ainsi qu'un apport en potassium en post-partum.  &nbsp;","robots":{"index":"noindex","follow":"nofollow"},"og_locale":"fr_FR","og_type":"article","og_title":"Oligovet CaP Gel + Vetalis - V\u00e9torino","og_description":"Gel buvable de Calcium, phosphore et potassium.  Permet un apport de calcium \u00e0 un niveau de pH non acide permettant de respecter l'int\u00e9grit\u00e9 des muqueuses buccales et oesophagiennes.  Il assure \u00e9galement un apport en phosphore sous forme hautement soluble ainsi qu'un apport en potassium en post-partum.  &nbsp;","og_url":"https:\/\/www.vetorino.com\/veterinaire\/landos-43340\/boutique\/product\/oligovet-cap-gel\/","og_site_name":"V\u00e9torino","article_publisher":"https:\/\/www.facebook.com\/Vetorino\/","article_modified_time":"2025-07-24T13:54:55+00:00","og_image":[{"width":498,"height":640,"url":"https:\/\/www.vetorino.com\/boutique\/wp-content\/uploads\/2022\/11\/Oligovet-CaP-Gel_FlaconPack.png","type":"image\/png"}],"twitter_card":"summary_large_image","twitter_misc":{"Prix":"75,18&euro;","Disponibilit\u00e9":"Rupture de stock"},"schema":{"@context":"https:\/\/schema.org","@graph":[{"@type":"WebPage","@id":"https:\/\/www.vetorino.com\/boutique\/product\/oligovet-cap-gel\/","url":"https:\/\/www.vetorino.com\/boutique\/product\/oligovet-cap-gel\/","name":"Oligovet CaP Gel + Vetalis - V\u00e9torino","isPartOf":{"@id":"https:\/\/www.vetorino.com\/boutique\/#website"},"primaryImageOfPage":{"@id":"https:\/\/www.vetorino.com\/boutique\/product\/oligovet-cap-gel\/#primaryimage"},"image":{"@id":"https:\/\/www.vetorino.com\/boutique\/product\/oligovet-cap-gel\/#primaryimage"},"thumbnailUrl":"https:\/\/www.vetorino.com\/boutique\/wp-content\/uploads\/2022\/11\/Oligovet-CaP-Gel_FlaconPack.png","datePublished":"2022-11-18T19:37:13+00:00","dateModified":"2025-07-24T13:54:55+00:00","description":"Gel buvable de Calcium, phosphore et potassium. Permet un apport de calcium \u00e0 un niveau de pH non acide permettant de respecter l'int\u00e9grit\u00e9 des muqueuses buccales et oesophagiennes. Il assure \u00e9galement un apport en phosphore sous forme hautement soluble ainsi qu'un apport en potassium en post-partum. &nbsp;","breadcrumb":{"@id":"https:\/\/www.vetorino.com\/boutique\/product\/oligovet-cap-gel\/#breadcrumb"},"inLanguage":"fr-FR","potentialAction":[{"@type":"ReadAction","target":["https:\/\/www.vetorino.com\/boutique\/product\/oligovet-cap-gel\/"]}]},{"@type":"ImageObject","inLanguage":"fr-FR","@id":"https:\/\/www.vetorino.com\/boutique\/product\/oligovet-cap-gel\/#primaryimage","url":"https:\/\/www.vetorino.com\/boutique\/wp-content\/uploads\/2022\/11\/Oligovet-CaP-Gel_FlaconPack.png","contentUrl":"https:\/\/www.vetorino.com\/boutique\/wp-content\/uploads\/2022\/11\/Oligovet-CaP-Gel_FlaconPack.png","width":498,"height":640},{"@type":"BreadcrumbList","@id":"https:\/\/www.vetorino.com\/boutique\/product\/oligovet-cap-gel\/#breadcrumb","itemListElement":[{"@type":"ListItem","position":1,"name":"Accueil","item":"https:\/\/www.vetorino.com\/boutique\/"},{"@type":"ListItem","position":2,"name":"Produits","item":"https:\/\/www.vetorino.com\/boutique\/"},{"@type":"ListItem","position":3,"name":"Oligovet CaP Gel +"}]},{"@type":"WebSite","@id":"https:\/\/www.vetorino.com\/boutique\/#website","url":"https:\/\/www.vetorino.com\/boutique\/","name":"V\u00e9torino","description":"","publisher":{"@id":"https:\/\/www.vetorino.com\/boutique\/#organization"},"potentialAction":[{"@type":"SearchAction","target":{"@type":"EntryPoint","urlTemplate":"https:\/\/www.vetorino.com\/boutique\/?s={search_term_string}"},"query-input":{"@type":"PropertyValueSpecification","valueRequired":true,"valueName":"search_term_string"}}],"inLanguage":"fr-FR"},{"@type":"Organization","@id":"https:\/\/www.vetorino.com\/boutique\/#organization","name":"V\u00e9torino","url":"https:\/\/www.vetorino.com\/boutique\/","logo":{"@type":"ImageObject","inLanguage":"fr-FR","@id":"https:\/\/www.vetorino.com\/boutique\/#\/schema\/logo\/image\/","url":"https:\/\/www.vetorino.com\/boutique\/wp-content\/uploads\/2024\/10\/logo.jpg","contentUrl":"https:\/\/www.vetorino.com\/boutique\/wp-content\/uploads\/2024\/10\/logo.jpg","width":1200,"height":610,"caption":"V\u00e9torino"},"image":{"@id":"https:\/\/www.vetorino.com\/boutique\/#\/schema\/logo\/image\/"},"sameAs":["https:\/\/www.facebook.com\/Vetorino\/","https:\/\/www.instagram.com\/vetorino_off\/","https:\/\/www.linkedin.com\/company\/vtorino\/"]}]},"product_brand":"Vetalis","product_price_amount":"75.18","product_price_currency":"EUR","og_availability":"out of stock","product_availability":"out of stock","product_retailer_item_id":"A-1865810","product_condition":"new"},"_links":{"self":[{"href":"https:\/\/www.vetorino.com\/veterinaire\/landos-43340\/boutique\/wp-json\/wp\/v2\/product\/508908","targetHints":{"allow":["GET"]}}],"collection":[{"href":"https:\/\/www.vetorino.com\/veterinaire\/landos-43340\/boutique\/wp-json\/wp\/v2\/product"}],"about":[{"href":"https:\/\/www.vetorino.com\/veterinaire\/landos-43340\/boutique\/wp-json\/wp\/v2\/types\/product"}],"wp:featuredmedia":[{"embeddable":true,"href":"https:\/\/www.vetorino.com\/veterinaire\/landos-43340\/boutique\/wp-json\/wp\/v2\/media\/1426457"}],"wp:attachment":[{"href":"https:\/\/www.vetorino.com\/veterinaire\/landos-43340\/boutique\/wp-json\/wp\/v2\/media?parent=508908"}],"wp:term":[{"taxonomy":"product_cat","embeddable":true,"href":"https:\/\/www.vetorino.com\/veterinaire\/landos-43340\/boutique\/wp-json\/wp\/v2\/product_cat?post=508908"},{"taxonomy":"product_tag","embeddable":true,"href":"https:\/\/www.vetorino.com\/veterinaire\/landos-43340\/boutique\/wp-json\/wp\/v2\/product_tag?post=508908"}],"curies":[{"name":"wp","href":"https:\/\/api.w.org\/{rel}","templated":true}]}}