{"id":508923,"date":"2022-11-18T20:37:55","date_gmt":"2022-11-18T19:37:55","guid":{"rendered":"https:\/\/www.vetorino.com\/boutique\/product\/specific-chat-fiw-digestive-barquettes\/"},"modified":"2025-08-20T16:25:33","modified_gmt":"2025-08-20T14:25:33","slug":"specific-chat-fiw-digestive-barquettes","status":"publish","type":"product","link":"https:\/\/www.vetorino.com\/veterinaire\/landos-43340\/boutique\/product\/specific-chat-fiw-digestive-barquettes\/","title":{"rendered":"FIW Digestive Support &#8211; chat"},"content":{"rendered":"<p><strong>Aliment di\u00e9t\u00e9tique complet pour chat qui r\u00e9duit le risque de malabsorption intestinale aigu\u00eb et compense la maldigestion et l\u2019insuffisance pancr\u00e9atique exocrine.<\/strong><\/p>\n<p><strong>Utilisation :<\/strong><\/p>\n<ul>\n<li>Affections gastro-intestinales aigu\u00ebs ou chroniques accompagn\u00e9es de diarrh\u00e9e, vomissements et\/ou flatulences<\/li>\n<li>Malabsorption, maldigestion<\/li>\n<li>Insuffisance pancr\u00e9atique exocrine<\/li>\n<li>Prolif\u00e9ration bact\u00e9rienne dans l\u2019intestin gr\u00eale<\/li>\n<li>Colite<\/li>\n<li>Convalescence<\/li>\n<\/ul>\n<p><strong>Bienfaits essentiels :<\/strong><\/p>\n<ul>\n<li>Les ingr\u00e9dients hautement digestibles compensent l\u2019activit\u00e9 enzymatique intestinale r\u00e9duite et <strong>assurent une absorption optimale des nutriments<\/strong>. L\u2019aliment convient ainsi parfaitement aux chats souffrant d\u2019affections gastrointestinales aigu\u00ebs ou chroniques, telles que diarrh\u00e9e, vomissements et\/ou flatulences.<\/li>\n<li>Les teneurs \u00e9lev\u00e9es en min\u00e9raux et en vitamines liposolubles compensent les troubles de l\u2019absorption au niveau du tube digestif. Le taux \u00e9lev\u00e9 d\u2019\u00e9lectrolytes <strong>compense les pertes accrues pendant les \u00e9pisodes de diarrh\u00e9e et de vomissements<\/strong><\/li>\n<li>Contient des \u00df-1,3\/1,6-glucanes issus de levure boulang\u00e8re, qui peuvent se lier aux r\u00e9cepteurs des macrophages et ainsi <strong>stimuler le syst\u00e8me immunitaire et favoriser la r\u00e9ponse immunitaire<\/strong>. L\u2019aliment contient de la poudre d\u2019oeuf, riche en immunoglobulines naturelles d\u2019oeuf, des prot\u00e9ines qui font partie du syst\u00e8me immunitaire de l\u2019animal. L\u2019aliment contient \u00e9galement des mannan-oligo-saccharides (MOS) qui peuvent aussi se lier aux bact\u00e9ries pathog\u00e8nes et ainsi les emp\u00eacher de se fixer \u00e0 la paroi intestinale. Les MOS <strong>stimulent \u00e9galement l\u2019immunit\u00e9 locale du tractus intestinal<\/strong>.<\/li>\n<li>Le psyllium est une fibre soluble mucilagineuse qui a la capacit\u00e9 d\u2019absorber plusieurs fois son poids en eau. Elle est connue pour son<strong> effet b\u00e9n\u00e9fique sur la r\u00e9gulation du transit digestif et pour son action protectrice sur la muqueuse intestinale<\/strong>.<\/li>\n<li>Les extraits de Yucca <strong>r\u00e9duisent la production de flatulences et l\u2019odeur des selles.<\/strong><\/li>\n<\/ul>\n<p><strong>Cet aliment est destin\u00e9 \u00e0 la prise en charge nutritionnelle d\u2019une maladie. Pour la sant\u00e9 de votre chat, il est recommand\u00e9 de consulter votre v\u00e9t\u00e9rinaire et de respecter scrupuleusement ses recommandations nutritionnelles.<\/strong><\/p>\n","protected":false},"excerpt":{"rendered":"<div id=\"product-description-short-1217\">\n<p><strong>Aliment di\u00e9t\u00e9tique complet pour chat qui r\u00e9duit le risque de malabsorption intestinale aigu\u00eb et compense la maldigestion et l\u2019insuffisance pancr\u00e9atique exocrine.<\/strong><\/p>\n<p><strong>Utilisation :<\/strong><\/p>\n<ul>\n<li>Affections gastro-intestinales aigu\u00ebs ou chroniques accompagn\u00e9es de diarrh\u00e9e, vomissements et\/ou flatulences<\/li>\n<li>Malabsorption, maldigestion<\/li>\n<li>Colite<\/li>\n<li>Convalescence<\/li>\n<\/ul>\n<p><strong>Cet aliment est destin\u00e9 \u00e0 la prise en charge nutritionnelle d\u2019une maladie. Il est recommand\u00e9 de consulter votre v\u00e9t\u00e9rinaire.<\/strong><\/p>\n<\/div>\n","protected":false},"featured_media":915133,"template":"","meta":[],"product_cat":[12551,12581,2697,12635],"product_tag":[],"class_list":{"0":"post-508923","1":"product","2":"type-product","3":"status-publish","4":"has-post-thumbnail","6":"product_cat-alimentation-du-chat","7":"product_cat-alimentation-medicalisee-pour-chat","8":"product_cat-chat","9":"product_cat-systeme-digestif-du-chat","10":"pa_marque-specific","12":"first","13":"instock","14":"taxable","15":"shipping-taxable","16":"purchasable","17":"product-type-simple"},"yoast_head":"<!-- This site is optimized with the Yoast SEO plugin v27.3 - https:\/\/yoast.com\/product\/yoast-seo-wordpress\/ -->\n<title>FIW Digestive Support - chat Specific - V\u00e9torino<\/title>\n<meta name=\"description\" content=\"Aliment di\u00e9t\u00e9tique complet pour chat qui r\u00e9duit le risque de malabsorption intestinale aigu\u00eb et compense la maldigestion et l\u2019insuffisance pancr\u00e9atique exocrine.  Utilisation :   Affections gastro-intestinales aigu\u00ebs ou chroniques accompagn\u00e9es de diarrh\u00e9e, vomissements et\/ou flatulences  Malabsorption, maldigestion  Colite  Convalescence  Cet aliment est destin\u00e9 \u00e0 la prise en charge nutritionnelle d\u2019une maladie. Il est recommand\u00e9 de consulter votre v\u00e9t\u00e9rinaire.\" \/>\n<meta name=\"robots\" content=\"noindex, nofollow\" \/>\n<meta property=\"og:locale\" content=\"fr_FR\" \/>\n<meta property=\"og:type\" content=\"article\" \/>\n<meta property=\"og:title\" content=\"FIW Digestive Support - chat Specific - V\u00e9torino\" \/>\n<meta property=\"og:description\" content=\"Aliment di\u00e9t\u00e9tique complet pour chat qui r\u00e9duit le risque de malabsorption intestinale aigu\u00eb et compense la maldigestion et l\u2019insuffisance pancr\u00e9atique exocrine.  Utilisation :   Affections gastro-intestinales aigu\u00ebs ou chroniques accompagn\u00e9es de diarrh\u00e9e, vomissements et\/ou flatulences  Malabsorption, maldigestion  Colite  Convalescence  Cet aliment est destin\u00e9 \u00e0 la prise en charge nutritionnelle d\u2019une maladie. Il est recommand\u00e9 de consulter votre v\u00e9t\u00e9rinaire.\" \/>\n<meta property=\"og:url\" content=\"https:\/\/www.vetorino.com\/veterinaire\/landos-43340\/boutique\/product\/specific-chat-fiw-digestive-barquettes\/\" \/>\n<meta property=\"og:site_name\" content=\"V\u00e9torino\" \/>\n<meta property=\"article:publisher\" content=\"https:\/\/www.facebook.com\/Vetorino\/\" \/>\n<meta property=\"article:modified_time\" content=\"2025-08-20T14:25:33+00:00\" \/>\n<meta property=\"og:image\" content=\"https:\/\/www.vetorino.com\/boutique\/wp-content\/uploads\/2020\/06\/chat-fiw-digestive-support.webp\" \/>\n\t<meta property=\"og:image:width\" content=\"458\" \/>\n\t<meta property=\"og:image:height\" content=\"458\" \/>\n\t<meta property=\"og:image:type\" content=\"image\/webp\" \/>\n<meta name=\"twitter:card\" content=\"summary_large_image\" \/>\n<meta name=\"twitter:label1\" content=\"Prix\" \/>\n\t<meta name=\"twitter:data1\" content=\"11,07&euro;\" \/>\n\t<meta name=\"twitter:label2\" content=\"Disponibilit\u00e9\" \/>\n\t<meta name=\"twitter:data2\" content=\"En stock\" \/>\n<script type=\"application\/ld+json\" class=\"yoast-schema-graph\">{\"@context\":\"https:\\\/\\\/schema.org\",\"@graph\":[{\"@type\":\"WebPage\",\"@id\":\"https:\\\/\\\/www.vetorino.com\\\/boutique\\\/product\\\/specific-chat-fiw-digestive-barquettes\\\/\",\"url\":\"https:\\\/\\\/www.vetorino.com\\\/boutique\\\/product\\\/specific-chat-fiw-digestive-barquettes\\\/\",\"name\":\"FIW Digestive Support - chat Specific - V\u00e9torino\",\"isPartOf\":{\"@id\":\"https:\\\/\\\/www.vetorino.com\\\/boutique\\\/#website\"},\"primaryImageOfPage\":{\"@id\":\"https:\\\/\\\/www.vetorino.com\\\/boutique\\\/product\\\/specific-chat-fiw-digestive-barquettes\\\/#primaryimage\"},\"image\":{\"@id\":\"https:\\\/\\\/www.vetorino.com\\\/boutique\\\/product\\\/specific-chat-fiw-digestive-barquettes\\\/#primaryimage\"},\"thumbnailUrl\":\"https:\\\/\\\/www.vetorino.com\\\/boutique\\\/wp-content\\\/uploads\\\/2020\\\/06\\\/chat-fiw-digestive-support.webp\",\"datePublished\":\"2022-11-18T19:37:55+00:00\",\"dateModified\":\"2025-08-20T14:25:33+00:00\",\"description\":\"Aliment di\u00e9t\u00e9tique complet pour chat qui r\u00e9duit le risque de malabsorption intestinale aigu\u00eb et compense la maldigestion et l\u2019insuffisance pancr\u00e9atique exocrine. Utilisation : Affections gastro-intestinales aigu\u00ebs ou chroniques accompagn\u00e9es de diarrh\u00e9e, vomissements et\\\/ou flatulences Malabsorption, maldigestion Colite Convalescence Cet aliment est destin\u00e9 \u00e0 la prise en charge nutritionnelle d\u2019une maladie. Il est recommand\u00e9 de consulter votre v\u00e9t\u00e9rinaire.\",\"breadcrumb\":{\"@id\":\"https:\\\/\\\/www.vetorino.com\\\/boutique\\\/product\\\/specific-chat-fiw-digestive-barquettes\\\/#breadcrumb\"},\"inLanguage\":\"fr-FR\",\"potentialAction\":[{\"@type\":\"ReadAction\",\"target\":[\"https:\\\/\\\/www.vetorino.com\\\/boutique\\\/product\\\/specific-chat-fiw-digestive-barquettes\\\/\"]}]},{\"@type\":\"ImageObject\",\"inLanguage\":\"fr-FR\",\"@id\":\"https:\\\/\\\/www.vetorino.com\\\/boutique\\\/product\\\/specific-chat-fiw-digestive-barquettes\\\/#primaryimage\",\"url\":\"https:\\\/\\\/www.vetorino.com\\\/boutique\\\/wp-content\\\/uploads\\\/2020\\\/06\\\/chat-fiw-digestive-support.webp\",\"contentUrl\":\"https:\\\/\\\/www.vetorino.com\\\/boutique\\\/wp-content\\\/uploads\\\/2020\\\/06\\\/chat-fiw-digestive-support.webp\",\"width\":458,\"height\":458},{\"@type\":\"BreadcrumbList\",\"@id\":\"https:\\\/\\\/www.vetorino.com\\\/boutique\\\/product\\\/specific-chat-fiw-digestive-barquettes\\\/#breadcrumb\",\"itemListElement\":[{\"@type\":\"ListItem\",\"position\":1,\"name\":\"Accueil\",\"item\":\"https:\\\/\\\/www.vetorino.com\\\/boutique\\\/\"},{\"@type\":\"ListItem\",\"position\":2,\"name\":\"Produits\",\"item\":\"https:\\\/\\\/www.vetorino.com\\\/boutique\\\/\"},{\"@type\":\"ListItem\",\"position\":3,\"name\":\"FIW Digestive Support &#8211; chat\"}]},{\"@type\":\"WebSite\",\"@id\":\"https:\\\/\\\/www.vetorino.com\\\/boutique\\\/#website\",\"url\":\"https:\\\/\\\/www.vetorino.com\\\/boutique\\\/\",\"name\":\"V\u00e9torino\",\"description\":\"\",\"publisher\":{\"@id\":\"https:\\\/\\\/www.vetorino.com\\\/boutique\\\/#organization\"},\"potentialAction\":[{\"@type\":\"SearchAction\",\"target\":{\"@type\":\"EntryPoint\",\"urlTemplate\":\"https:\\\/\\\/www.vetorino.com\\\/boutique\\\/?s={search_term_string}\"},\"query-input\":{\"@type\":\"PropertyValueSpecification\",\"valueRequired\":true,\"valueName\":\"search_term_string\"}}],\"inLanguage\":\"fr-FR\"},{\"@type\":\"Organization\",\"@id\":\"https:\\\/\\\/www.vetorino.com\\\/boutique\\\/#organization\",\"name\":\"V\u00e9torino\",\"url\":\"https:\\\/\\\/www.vetorino.com\\\/boutique\\\/\",\"logo\":{\"@type\":\"ImageObject\",\"inLanguage\":\"fr-FR\",\"@id\":\"https:\\\/\\\/www.vetorino.com\\\/boutique\\\/#\\\/schema\\\/logo\\\/image\\\/\",\"url\":\"https:\\\/\\\/www.vetorino.com\\\/boutique\\\/wp-content\\\/uploads\\\/2024\\\/10\\\/logo.jpg\",\"contentUrl\":\"https:\\\/\\\/www.vetorino.com\\\/boutique\\\/wp-content\\\/uploads\\\/2024\\\/10\\\/logo.jpg\",\"width\":1200,\"height\":610,\"caption\":\"V\u00e9torino\"},\"image\":{\"@id\":\"https:\\\/\\\/www.vetorino.com\\\/boutique\\\/#\\\/schema\\\/logo\\\/image\\\/\"},\"sameAs\":[\"https:\\\/\\\/www.facebook.com\\\/Vetorino\\\/\",\"https:\\\/\\\/www.instagram.com\\\/vetorino_off\\\/\",\"https:\\\/\\\/www.linkedin.com\\\/company\\\/vtorino\\\/\"]}]}<\/script>\n<meta property=\"product:brand\" content=\"Specific\" \/>\n<meta property=\"product:price:amount\" content=\"11.07\" \/>\n<meta property=\"product:price:currency\" content=\"EUR\" \/>\n<meta property=\"og:availability\" content=\"instock\" \/>\n<meta property=\"product:availability\" content=\"instock\" \/>\n<meta property=\"product:retailer_item_id\" content=\"A-1867620\" \/>\n<meta property=\"product:condition\" content=\"new\" \/>\n<!-- \/ Yoast SEO plugin. -->","yoast_head_json":{"title":"FIW Digestive Support - chat Specific - V\u00e9torino","description":"Aliment di\u00e9t\u00e9tique complet pour chat qui r\u00e9duit le risque de malabsorption intestinale aigu\u00eb et compense la maldigestion et l\u2019insuffisance pancr\u00e9atique exocrine.  Utilisation :   Affections gastro-intestinales aigu\u00ebs ou chroniques accompagn\u00e9es de diarrh\u00e9e, vomissements et\/ou flatulences  Malabsorption, maldigestion  Colite  Convalescence  Cet aliment est destin\u00e9 \u00e0 la prise en charge nutritionnelle d\u2019une maladie. Il est recommand\u00e9 de consulter votre v\u00e9t\u00e9rinaire.","robots":{"index":"noindex","follow":"nofollow"},"og_locale":"fr_FR","og_type":"article","og_title":"FIW Digestive Support - chat Specific - V\u00e9torino","og_description":"Aliment di\u00e9t\u00e9tique complet pour chat qui r\u00e9duit le risque de malabsorption intestinale aigu\u00eb et compense la maldigestion et l\u2019insuffisance pancr\u00e9atique exocrine.  Utilisation :   Affections gastro-intestinales aigu\u00ebs ou chroniques accompagn\u00e9es de diarrh\u00e9e, vomissements et\/ou flatulences  Malabsorption, maldigestion  Colite  Convalescence  Cet aliment est destin\u00e9 \u00e0 la prise en charge nutritionnelle d\u2019une maladie. Il est recommand\u00e9 de consulter votre v\u00e9t\u00e9rinaire.","og_url":"https:\/\/www.vetorino.com\/veterinaire\/landos-43340\/boutique\/product\/specific-chat-fiw-digestive-barquettes\/","og_site_name":"V\u00e9torino","article_publisher":"https:\/\/www.facebook.com\/Vetorino\/","article_modified_time":"2025-08-20T14:25:33+00:00","og_image":[{"width":458,"height":458,"url":"https:\/\/www.vetorino.com\/boutique\/wp-content\/uploads\/2020\/06\/chat-fiw-digestive-support.webp","type":"image\/webp"}],"twitter_card":"summary_large_image","twitter_misc":{"Prix":"11,07&euro;","Disponibilit\u00e9":"En stock"},"schema":{"@context":"https:\/\/schema.org","@graph":[{"@type":"WebPage","@id":"https:\/\/www.vetorino.com\/boutique\/product\/specific-chat-fiw-digestive-barquettes\/","url":"https:\/\/www.vetorino.com\/boutique\/product\/specific-chat-fiw-digestive-barquettes\/","name":"FIW Digestive Support - chat Specific - V\u00e9torino","isPartOf":{"@id":"https:\/\/www.vetorino.com\/boutique\/#website"},"primaryImageOfPage":{"@id":"https:\/\/www.vetorino.com\/boutique\/product\/specific-chat-fiw-digestive-barquettes\/#primaryimage"},"image":{"@id":"https:\/\/www.vetorino.com\/boutique\/product\/specific-chat-fiw-digestive-barquettes\/#primaryimage"},"thumbnailUrl":"https:\/\/www.vetorino.com\/boutique\/wp-content\/uploads\/2020\/06\/chat-fiw-digestive-support.webp","datePublished":"2022-11-18T19:37:55+00:00","dateModified":"2025-08-20T14:25:33+00:00","description":"Aliment di\u00e9t\u00e9tique complet pour chat qui r\u00e9duit le risque de malabsorption intestinale aigu\u00eb et compense la maldigestion et l\u2019insuffisance pancr\u00e9atique exocrine. Utilisation : Affections gastro-intestinales aigu\u00ebs ou chroniques accompagn\u00e9es de diarrh\u00e9e, vomissements et\/ou flatulences Malabsorption, maldigestion Colite Convalescence Cet aliment est destin\u00e9 \u00e0 la prise en charge nutritionnelle d\u2019une maladie. Il est recommand\u00e9 de consulter votre v\u00e9t\u00e9rinaire.","breadcrumb":{"@id":"https:\/\/www.vetorino.com\/boutique\/product\/specific-chat-fiw-digestive-barquettes\/#breadcrumb"},"inLanguage":"fr-FR","potentialAction":[{"@type":"ReadAction","target":["https:\/\/www.vetorino.com\/boutique\/product\/specific-chat-fiw-digestive-barquettes\/"]}]},{"@type":"ImageObject","inLanguage":"fr-FR","@id":"https:\/\/www.vetorino.com\/boutique\/product\/specific-chat-fiw-digestive-barquettes\/#primaryimage","url":"https:\/\/www.vetorino.com\/boutique\/wp-content\/uploads\/2020\/06\/chat-fiw-digestive-support.webp","contentUrl":"https:\/\/www.vetorino.com\/boutique\/wp-content\/uploads\/2020\/06\/chat-fiw-digestive-support.webp","width":458,"height":458},{"@type":"BreadcrumbList","@id":"https:\/\/www.vetorino.com\/boutique\/product\/specific-chat-fiw-digestive-barquettes\/#breadcrumb","itemListElement":[{"@type":"ListItem","position":1,"name":"Accueil","item":"https:\/\/www.vetorino.com\/boutique\/"},{"@type":"ListItem","position":2,"name":"Produits","item":"https:\/\/www.vetorino.com\/boutique\/"},{"@type":"ListItem","position":3,"name":"FIW Digestive Support &#8211; chat"}]},{"@type":"WebSite","@id":"https:\/\/www.vetorino.com\/boutique\/#website","url":"https:\/\/www.vetorino.com\/boutique\/","name":"V\u00e9torino","description":"","publisher":{"@id":"https:\/\/www.vetorino.com\/boutique\/#organization"},"potentialAction":[{"@type":"SearchAction","target":{"@type":"EntryPoint","urlTemplate":"https:\/\/www.vetorino.com\/boutique\/?s={search_term_string}"},"query-input":{"@type":"PropertyValueSpecification","valueRequired":true,"valueName":"search_term_string"}}],"inLanguage":"fr-FR"},{"@type":"Organization","@id":"https:\/\/www.vetorino.com\/boutique\/#organization","name":"V\u00e9torino","url":"https:\/\/www.vetorino.com\/boutique\/","logo":{"@type":"ImageObject","inLanguage":"fr-FR","@id":"https:\/\/www.vetorino.com\/boutique\/#\/schema\/logo\/image\/","url":"https:\/\/www.vetorino.com\/boutique\/wp-content\/uploads\/2024\/10\/logo.jpg","contentUrl":"https:\/\/www.vetorino.com\/boutique\/wp-content\/uploads\/2024\/10\/logo.jpg","width":1200,"height":610,"caption":"V\u00e9torino"},"image":{"@id":"https:\/\/www.vetorino.com\/boutique\/#\/schema\/logo\/image\/"},"sameAs":["https:\/\/www.facebook.com\/Vetorino\/","https:\/\/www.instagram.com\/vetorino_off\/","https:\/\/www.linkedin.com\/company\/vtorino\/"]}]},"product_brand":"Specific","product_price_amount":"11.07","product_price_currency":"EUR","og_availability":"instock","product_availability":"instock","product_retailer_item_id":"A-1867620","product_condition":"new"},"_links":{"self":[{"href":"https:\/\/www.vetorino.com\/veterinaire\/landos-43340\/boutique\/wp-json\/wp\/v2\/product\/508923","targetHints":{"allow":["GET"]}}],"collection":[{"href":"https:\/\/www.vetorino.com\/veterinaire\/landos-43340\/boutique\/wp-json\/wp\/v2\/product"}],"about":[{"href":"https:\/\/www.vetorino.com\/veterinaire\/landos-43340\/boutique\/wp-json\/wp\/v2\/types\/product"}],"wp:featuredmedia":[{"embeddable":true,"href":"https:\/\/www.vetorino.com\/veterinaire\/landos-43340\/boutique\/wp-json\/wp\/v2\/media\/915133"}],"wp:attachment":[{"href":"https:\/\/www.vetorino.com\/veterinaire\/landos-43340\/boutique\/wp-json\/wp\/v2\/media?parent=508923"}],"wp:term":[{"taxonomy":"product_cat","embeddable":true,"href":"https:\/\/www.vetorino.com\/veterinaire\/landos-43340\/boutique\/wp-json\/wp\/v2\/product_cat?post=508923"},{"taxonomy":"product_tag","embeddable":true,"href":"https:\/\/www.vetorino.com\/veterinaire\/landos-43340\/boutique\/wp-json\/wp\/v2\/product_tag?post=508923"}],"curies":[{"name":"wp","href":"https:\/\/api.w.org\/{rel}","templated":true}]}}