{"id":603382,"date":"2023-04-27T05:35:08","date_gmt":"2023-04-27T03:35:08","guid":{"rendered":"https:\/\/www.vetorino.com\/boutique\/product\/ziggy-croquettes-chat-adulte-sterilise-saumon\/"},"modified":"2025-10-07T11:26:53","modified_gmt":"2025-10-07T09:26:53","slug":"ziggy-croquettes-chat-adulte-sterilise-saumon","status":"publish","type":"product","link":"https:\/\/www.vetorino.com\/veterinaire\/landos-43340\/boutique\/product\/ziggy-croquettes-chat-adulte-sterilise-saumon\/","title":{"rendered":"St\u00e9rilis\u00e9 Sans C\u00e9r\u00e9ales Saumon &#8211; chat"},"content":{"rendered":"<div id=\"DESCR_TINY-bloc-1\" class=\"stylusBloc stylusBloc--text stylusBloc--autogen\">\n<div class=\"stylusBloc__content\">\n<div id=\"DESCR_TINY-bloc-1\" class=\"stylusBloc stylusBloc--text stylusBloc--autogen\">\n<div class=\"stylusBloc__content\">\n<div class=\"product-section product-section--tableau-analytique\">\n<div class=\"row\">\n<div class=\"col-md-5 col-sm-12\">\n<div id=\"tableau-analytique\" class=\"product-section--observed\">\n<div class=\"nav-tabs__content\">\n<div class=\"zm-title\"><\/div>\n<\/div>\n<\/div>\n<\/div>\n<\/div>\n<\/div>\n<\/div>\n<\/div>\n<p>Croquettes sans c\u00e9r\u00e9ales au saumon pour chat st\u00e9rilis\u00e9 sont sp\u00e9cialement formul\u00e9es pour offrir une <strong>nutrition optimale<\/strong> tout en pr\u00e9servant<strong> la ligne et la vitalit\u00e9 de votre compagnon.<\/strong><\/p>\n<p>Avec 44% de prot\u00e9ines de haute qualit\u00e9 et une faible teneur en glucides et en phosphore, ces croquettes sont id\u00e9ales <strong>pour maintenir votre chat en pleine forme<\/strong> tout en lui garantissant un <strong>plaisir gustatif<\/strong> in\u00e9gal\u00e9.<\/p>\n<div id=\"DESCR_TINY-bloc-2\" class=\"stylusBloc stylusBloc--text\">\n<div class=\"stylusBloc__content\">\n<div class=\"zms-title-div\">\n<ul>\n<li class=\"zms-title\" data-size=\"t1\"><strong>Une recette riche en prot\u00e9ines pour une silhouette athl\u00e9tique :<\/strong><\/li>\n<\/ul>\n<\/div>\n<p>Les chats st\u00e9rilis\u00e9s ont tendance \u00e0 prendre du poids plus facilement. Pour pr\u00e9venir ce risque,\u00a0<strong>ZIGGY Croquettes sans c\u00e9r\u00e9ales au saumon pour chat st\u00e9rilis\u00e9\u00a0<\/strong>privil\u00e9gient un apport \u00e9lev\u00e9 en prot\u00e9ines de qualit\u00e9 (saumon, poulet et porc), essentielles au maintien d\u2019une musculature forte et harmonieuse. Associ\u00e9es \u00e0 une faible teneur en glucides, ces croquettes permettent de contr\u00f4ler le poids sans frustrer votre chat.<\/p>\n<\/div>\n<\/div>\n<div id=\"DESCR_TINY-bloc-3\" class=\"stylusBloc stylusBloc--text\">\n<div class=\"stylusBloc__content\">\n<div class=\"zms-title-div\">\n<ul>\n<li class=\"zms-title\" data-size=\"t1\"><strong>Une alimentation adapt\u00e9e pour pr\u00e9server la sant\u00e9 urinaire<\/strong><\/li>\n<\/ul>\n<\/div>\n<p>Le bien-\u00eatre d\u2019un chat st\u00e9rilis\u00e9 passe \u00e9galement par le maintien d\u2019un bon \u00e9quilibre urinaire. Gr\u00e2ce \u00e0 une teneur r\u00e9duite en phosphore et en min\u00e9raux,\u00a0<strong>ZIGGY Croquettes sans c\u00e9r\u00e9ales au saumon pour chat st\u00e9rilis\u00e9<\/strong>\u00a0aident \u00e0 pr\u00e9venir les troubles urinaires fr\u00e9quents chez les f\u00e9lins adultes, tout en garantissant une excellente digestibilit\u00e9.<\/p>\n<\/div>\n<\/div>\n<div id=\"DESCR_TINY-bloc-4\" class=\"stylusBloc stylusBloc--text\">\n<div class=\"stylusBloc__content\">\n<div class=\"zms-title-div\">\n<ul>\n<li class=\"zms-title\" data-size=\"t1\"><strong>Une recette sans c\u00e9r\u00e9ales pour une digestion optimale<\/strong><\/li>\n<\/ul>\n<\/div>\n<p>Les chats sont des carnivores stricts, et leur alimentation doit \u00eatre adapt\u00e9e en cons\u00e9quence. En excluant les c\u00e9r\u00e9ales et en privil\u00e9giant des sources de glucides alternatives comme la patate douce et les pois,\u00a0<strong>ZIGGY Croquettes sans c\u00e9r\u00e9ales au saumon pour chat st\u00e9rilis\u00e9<\/strong>\u00a0assurent une digestion facile et une meilleure assimilation des nutriments essentiels.<\/p>\n<\/div>\n<\/div>\n<div id=\"DESCR_TINY-bloc-5\" class=\"stylusBloc stylusBloc--text\">\n<div class=\"stylusBloc__content\">\n<div class=\"zms-title-div\">\n<div class=\"zms-title-div\">\n<div class=\"zms-title\" data-size=\"t1\"><strong>Caract\u00e9ristiques :<\/strong><\/div>\n<\/div>\n<ul>\n<li>Pour chats adultes st\u00e9rilis\u00e9s de toutes races<\/li>\n<li>44% de prot\u00e9ines animales<\/li>\n<li>Sans c\u00e9r\u00e9ales, faible en glucide et en phosphore pour un maintien du poids optimal<\/li>\n<li>Source d\u2019acides gras essentiels (huile de saumon, graines de lin)<\/li>\n<li>Soutient la sant\u00e9 urinaire<\/li>\n<li>Offre un go\u00fbt irr\u00e9sistible de saumon<\/li>\n<\/ul>\n<\/div>\n<\/div>\n<\/div>\n<\/div>\n<\/div>\n","protected":false},"excerpt":{"rendered":"<div id=\"DESCR_TINY-bloc-1\" class=\"stylusBloc stylusBloc--text stylusBloc--autogen\">\n<div class=\"stylusBloc__content\">\n<div id=\"DESCR_TINY-bloc-1\" class=\"stylusBloc stylusBloc--text stylusBloc--autogen\">\n<div class=\"stylusBloc__content\">\n<p>Croquettes sans c\u00e9r\u00e9ales au saumon pour chat st\u00e9rilis\u00e9 sont sp\u00e9cialement formul\u00e9es pour offrir une <strong>nutrition optimale<\/strong> tout en pr\u00e9servant<strong> la ligne et la vitalit\u00e9 de votre compagnon.<\/strong><\/p>\n<p>Avec 44% de prot\u00e9ines de haute qualit\u00e9 et une faible teneur en glucides et en phosphore, ces croquettes sont id\u00e9ales <strong>pour maintenir votre chat en pleine forme<\/strong> tout en lui garantissant un <strong>plaisir gustatif<\/strong> in\u00e9gal\u00e9.<\/p>\n<div class=\"nav-tabs__content\">\n<div class=\"product-zmstylus mwct2\">\n<div id=\"DESCR_TINY-bloc-5\" class=\"stylusBloc stylusBloc--text\">\n<div class=\"stylusBloc__content\">\n<div class=\"zms-title-div\">\n<div class=\"zms-title\" data-size=\"t1\"><strong>Caract\u00e9ristiques :<\/strong><\/div>\n<\/div>\n<ul>\n<li>Pour chats adultes st\u00e9rilis\u00e9s de toutes races<\/li>\n<li>Sans c\u00e9r\u00e9ales, faible en glucide et en phosphore pour un maintien du poids optimal<\/li>\n<li>Source d\u2019acides gras essentiels (huile de saumon, graines de lin)<\/li>\n<li>Soutient la sant\u00e9 urinaire<\/li>\n<li>Go\u00fbt irr\u00e9sistible de saumon<\/li>\n<\/ul>\n<\/div>\n<\/div>\n<\/div>\n<\/div>\n<div class=\"product-section product-section--tableau-analytique\">\n<div class=\"row\">\n<div class=\"col-md-5 col-sm-12\"><\/div>\n<\/div>\n<\/div>\n<\/div>\n<\/div>\n<div id=\"DESCR_TINY-bloc-5\" class=\"stylusBloc stylusBloc--text\"><\/div>\n<\/div>\n<\/div>\n","protected":false},"featured_media":1036943,"template":"","meta":[],"product_cat":[12551,12583,2697],"product_tag":[],"class_list":{"0":"post-603382","1":"product","2":"type-product","3":"status-publish","4":"has-post-thumbnail","6":"product_cat-alimentation-du-chat","7":"product_cat-alimentation-premium-pour-chat","8":"product_cat-chat","9":"pa_marque-s-a-s-ziggy","11":"first","12":"instock","13":"taxable","14":"shipping-taxable","15":"purchasable","16":"product-type-variable"},"yoast_head":"<!-- This site is optimized with the Yoast SEO plugin v27.3 - https:\/\/yoast.com\/product\/yoast-seo-wordpress\/ -->\n<title>St\u00e9rilis\u00e9 Sans C\u00e9r\u00e9ales Saumon - chat Ziggy - V\u00e9torino<\/title>\n<meta name=\"description\" content=\"Croquettes sans c\u00e9r\u00e9ales au saumon pour chat st\u00e9rilis\u00e9 sont sp\u00e9cialement formul\u00e9es pour offrir une nutrition optimale tout en pr\u00e9servant la ligne et la vitalit\u00e9 de votre compagnon.  Avec 44% de prot\u00e9ines de haute qualit\u00e9 et une faible teneur en glucides et en phosphore, ces croquettes sont id\u00e9ales pour maintenir votre chat en pleine forme tout en lui garantissant un plaisir gustatif in\u00e9gal\u00e9.      Caract\u00e9ristiques :    Pour chats adultes st\u00e9rilis\u00e9s de toutes races  Sans c\u00e9r\u00e9ales, faible en glucide et en phosphore pour un maintien du poids optimal  Source d\u2019acides gras essentiels (huile de saumon, graines de lin)  Soutient la sant\u00e9 urinaire  Go\u00fbt irr\u00e9sistible de saumon\" \/>\n<meta name=\"robots\" content=\"noindex, nofollow\" \/>\n<meta property=\"og:locale\" content=\"fr_FR\" \/>\n<meta property=\"og:type\" content=\"article\" \/>\n<meta property=\"og:title\" content=\"St\u00e9rilis\u00e9 Sans C\u00e9r\u00e9ales Saumon - chat Ziggy - V\u00e9torino\" \/>\n<meta property=\"og:description\" content=\"Croquettes sans c\u00e9r\u00e9ales au saumon pour chat st\u00e9rilis\u00e9 sont sp\u00e9cialement formul\u00e9es pour offrir une nutrition optimale tout en pr\u00e9servant la ligne et la vitalit\u00e9 de votre compagnon.  Avec 44% de prot\u00e9ines de haute qualit\u00e9 et une faible teneur en glucides et en phosphore, ces croquettes sont id\u00e9ales pour maintenir votre chat en pleine forme tout en lui garantissant un plaisir gustatif in\u00e9gal\u00e9.      Caract\u00e9ristiques :    Pour chats adultes st\u00e9rilis\u00e9s de toutes races  Sans c\u00e9r\u00e9ales, faible en glucide et en phosphore pour un maintien du poids optimal  Source d\u2019acides gras essentiels (huile de saumon, graines de lin)  Soutient la sant\u00e9 urinaire  Go\u00fbt irr\u00e9sistible de saumon\" \/>\n<meta property=\"og:url\" content=\"https:\/\/www.vetorino.com\/veterinaire\/landos-43340\/boutique\/product\/ziggy-croquettes-chat-adulte-sterilise-saumon\/\" \/>\n<meta property=\"og:site_name\" content=\"V\u00e9torino\" \/>\n<meta property=\"article:publisher\" content=\"https:\/\/www.facebook.com\/Vetorino\/\" \/>\n<meta property=\"article:modified_time\" content=\"2025-10-07T09:26:53+00:00\" \/>\n<meta property=\"og:image\" content=\"https:\/\/www.vetorino.com\/boutique\/wp-content\/uploads\/2023\/04\/croquetteschat-saumon2_5kg1.webp\" \/>\n\t<meta property=\"og:image:width\" content=\"1080\" \/>\n\t<meta property=\"og:image:height\" content=\"1080\" \/>\n\t<meta property=\"og:image:type\" content=\"image\/webp\" \/>\n<meta name=\"twitter:card\" content=\"summary_large_image\" \/>\n<meta name=\"twitter:label1\" content=\"Disponibilit\u00e9\" \/>\n\t<meta name=\"twitter:data1\" content=\"En stock\" \/>\n<script type=\"application\/ld+json\" class=\"yoast-schema-graph\">{\"@context\":\"https:\\\/\\\/schema.org\",\"@graph\":[{\"@type\":\"WebPage\",\"@id\":\"https:\\\/\\\/www.vetorino.com\\\/boutique\\\/product\\\/ziggy-croquettes-chat-adulte-sterilise-saumon\\\/\",\"url\":\"https:\\\/\\\/www.vetorino.com\\\/boutique\\\/product\\\/ziggy-croquettes-chat-adulte-sterilise-saumon\\\/\",\"name\":\"St\u00e9rilis\u00e9 Sans C\u00e9r\u00e9ales Saumon - chat Ziggy - V\u00e9torino\",\"isPartOf\":{\"@id\":\"https:\\\/\\\/www.vetorino.com\\\/boutique\\\/#website\"},\"primaryImageOfPage\":{\"@id\":\"https:\\\/\\\/www.vetorino.com\\\/boutique\\\/product\\\/ziggy-croquettes-chat-adulte-sterilise-saumon\\\/#primaryimage\"},\"image\":{\"@id\":\"https:\\\/\\\/www.vetorino.com\\\/boutique\\\/product\\\/ziggy-croquettes-chat-adulte-sterilise-saumon\\\/#primaryimage\"},\"thumbnailUrl\":\"https:\\\/\\\/www.vetorino.com\\\/boutique\\\/wp-content\\\/uploads\\\/2023\\\/04\\\/croquetteschat-saumon2_5kg1.webp\",\"datePublished\":\"2023-04-27T03:35:08+00:00\",\"dateModified\":\"2025-10-07T09:26:53+00:00\",\"description\":\"Croquettes sans c\u00e9r\u00e9ales au saumon pour chat st\u00e9rilis\u00e9 sont sp\u00e9cialement formul\u00e9es pour offrir une nutrition optimale tout en pr\u00e9servant la ligne et la vitalit\u00e9 de votre compagnon. Avec 44% de prot\u00e9ines de haute qualit\u00e9 et une faible teneur en glucides et en phosphore, ces croquettes sont id\u00e9ales pour maintenir votre chat en pleine forme tout en lui garantissant un plaisir gustatif in\u00e9gal\u00e9. Caract\u00e9ristiques : Pour chats adultes st\u00e9rilis\u00e9s de toutes races Sans c\u00e9r\u00e9ales, faible en glucide et en phosphore pour un maintien du poids optimal Source d\u2019acides gras essentiels (huile de saumon, graines de lin) Soutient la sant\u00e9 urinaire Go\u00fbt irr\u00e9sistible de saumon\",\"breadcrumb\":{\"@id\":\"https:\\\/\\\/www.vetorino.com\\\/boutique\\\/product\\\/ziggy-croquettes-chat-adulte-sterilise-saumon\\\/#breadcrumb\"},\"inLanguage\":\"fr-FR\",\"potentialAction\":[{\"@type\":\"ReadAction\",\"target\":[\"https:\\\/\\\/www.vetorino.com\\\/boutique\\\/product\\\/ziggy-croquettes-chat-adulte-sterilise-saumon\\\/\"]}]},{\"@type\":\"ImageObject\",\"inLanguage\":\"fr-FR\",\"@id\":\"https:\\\/\\\/www.vetorino.com\\\/boutique\\\/product\\\/ziggy-croquettes-chat-adulte-sterilise-saumon\\\/#primaryimage\",\"url\":\"https:\\\/\\\/www.vetorino.com\\\/boutique\\\/wp-content\\\/uploads\\\/2023\\\/04\\\/croquetteschat-saumon2_5kg1.webp\",\"contentUrl\":\"https:\\\/\\\/www.vetorino.com\\\/boutique\\\/wp-content\\\/uploads\\\/2023\\\/04\\\/croquetteschat-saumon2_5kg1.webp\",\"width\":1080,\"height\":1080},{\"@type\":\"BreadcrumbList\",\"@id\":\"https:\\\/\\\/www.vetorino.com\\\/boutique\\\/product\\\/ziggy-croquettes-chat-adulte-sterilise-saumon\\\/#breadcrumb\",\"itemListElement\":[{\"@type\":\"ListItem\",\"position\":1,\"name\":\"Accueil\",\"item\":\"https:\\\/\\\/www.vetorino.com\\\/boutique\\\/\"},{\"@type\":\"ListItem\",\"position\":2,\"name\":\"Produits\",\"item\":\"https:\\\/\\\/www.vetorino.com\\\/boutique\\\/\"},{\"@type\":\"ListItem\",\"position\":3,\"name\":\"St\u00e9rilis\u00e9 Sans C\u00e9r\u00e9ales Saumon &#8211; chat\"}]},{\"@type\":\"WebSite\",\"@id\":\"https:\\\/\\\/www.vetorino.com\\\/boutique\\\/#website\",\"url\":\"https:\\\/\\\/www.vetorino.com\\\/boutique\\\/\",\"name\":\"V\u00e9torino\",\"description\":\"\",\"publisher\":{\"@id\":\"https:\\\/\\\/www.vetorino.com\\\/boutique\\\/#organization\"},\"potentialAction\":[{\"@type\":\"SearchAction\",\"target\":{\"@type\":\"EntryPoint\",\"urlTemplate\":\"https:\\\/\\\/www.vetorino.com\\\/boutique\\\/?s={search_term_string}\"},\"query-input\":{\"@type\":\"PropertyValueSpecification\",\"valueRequired\":true,\"valueName\":\"search_term_string\"}}],\"inLanguage\":\"fr-FR\"},{\"@type\":\"Organization\",\"@id\":\"https:\\\/\\\/www.vetorino.com\\\/boutique\\\/#organization\",\"name\":\"V\u00e9torino\",\"url\":\"https:\\\/\\\/www.vetorino.com\\\/boutique\\\/\",\"logo\":{\"@type\":\"ImageObject\",\"inLanguage\":\"fr-FR\",\"@id\":\"https:\\\/\\\/www.vetorino.com\\\/boutique\\\/#\\\/schema\\\/logo\\\/image\\\/\",\"url\":\"https:\\\/\\\/www.vetorino.com\\\/boutique\\\/wp-content\\\/uploads\\\/2024\\\/10\\\/logo.jpg\",\"contentUrl\":\"https:\\\/\\\/www.vetorino.com\\\/boutique\\\/wp-content\\\/uploads\\\/2024\\\/10\\\/logo.jpg\",\"width\":1200,\"height\":610,\"caption\":\"V\u00e9torino\"},\"image\":{\"@id\":\"https:\\\/\\\/www.vetorino.com\\\/boutique\\\/#\\\/schema\\\/logo\\\/image\\\/\"},\"sameAs\":[\"https:\\\/\\\/www.facebook.com\\\/Vetorino\\\/\",\"https:\\\/\\\/www.instagram.com\\\/vetorino_off\\\/\",\"https:\\\/\\\/www.linkedin.com\\\/company\\\/vtorino\\\/\"]}]}<\/script>\n<meta property=\"product:brand\" content=\"Ziggy\" \/>\n<meta property=\"og:availability\" content=\"instock\" \/>\n<meta property=\"product:availability\" content=\"instock\" \/>\n<meta property=\"product:condition\" content=\"new\" \/>\n<!-- \/ Yoast SEO plugin. -->","yoast_head_json":{"title":"St\u00e9rilis\u00e9 Sans C\u00e9r\u00e9ales Saumon - chat Ziggy - V\u00e9torino","description":"Croquettes sans c\u00e9r\u00e9ales au saumon pour chat st\u00e9rilis\u00e9 sont sp\u00e9cialement formul\u00e9es pour offrir une nutrition optimale tout en pr\u00e9servant la ligne et la vitalit\u00e9 de votre compagnon.  Avec 44% de prot\u00e9ines de haute qualit\u00e9 et une faible teneur en glucides et en phosphore, ces croquettes sont id\u00e9ales pour maintenir votre chat en pleine forme tout en lui garantissant un plaisir gustatif in\u00e9gal\u00e9.      Caract\u00e9ristiques :    Pour chats adultes st\u00e9rilis\u00e9s de toutes races  Sans c\u00e9r\u00e9ales, faible en glucide et en phosphore pour un maintien du poids optimal  Source d\u2019acides gras essentiels (huile de saumon, graines de lin)  Soutient la sant\u00e9 urinaire  Go\u00fbt irr\u00e9sistible de saumon","robots":{"index":"noindex","follow":"nofollow"},"og_locale":"fr_FR","og_type":"article","og_title":"St\u00e9rilis\u00e9 Sans C\u00e9r\u00e9ales Saumon - chat Ziggy - V\u00e9torino","og_description":"Croquettes sans c\u00e9r\u00e9ales au saumon pour chat st\u00e9rilis\u00e9 sont sp\u00e9cialement formul\u00e9es pour offrir une nutrition optimale tout en pr\u00e9servant la ligne et la vitalit\u00e9 de votre compagnon.  Avec 44% de prot\u00e9ines de haute qualit\u00e9 et une faible teneur en glucides et en phosphore, ces croquettes sont id\u00e9ales pour maintenir votre chat en pleine forme tout en lui garantissant un plaisir gustatif in\u00e9gal\u00e9.      Caract\u00e9ristiques :    Pour chats adultes st\u00e9rilis\u00e9s de toutes races  Sans c\u00e9r\u00e9ales, faible en glucide et en phosphore pour un maintien du poids optimal  Source d\u2019acides gras essentiels (huile de saumon, graines de lin)  Soutient la sant\u00e9 urinaire  Go\u00fbt irr\u00e9sistible de saumon","og_url":"https:\/\/www.vetorino.com\/veterinaire\/landos-43340\/boutique\/product\/ziggy-croquettes-chat-adulte-sterilise-saumon\/","og_site_name":"V\u00e9torino","article_publisher":"https:\/\/www.facebook.com\/Vetorino\/","article_modified_time":"2025-10-07T09:26:53+00:00","og_image":[{"width":1080,"height":1080,"url":"https:\/\/www.vetorino.com\/boutique\/wp-content\/uploads\/2023\/04\/croquetteschat-saumon2_5kg1.webp","type":"image\/webp"}],"twitter_card":"summary_large_image","twitter_misc":{"Disponibilit\u00e9":"En stock"},"schema":{"@context":"https:\/\/schema.org","@graph":[{"@type":"WebPage","@id":"https:\/\/www.vetorino.com\/boutique\/product\/ziggy-croquettes-chat-adulte-sterilise-saumon\/","url":"https:\/\/www.vetorino.com\/boutique\/product\/ziggy-croquettes-chat-adulte-sterilise-saumon\/","name":"St\u00e9rilis\u00e9 Sans C\u00e9r\u00e9ales Saumon - chat Ziggy - V\u00e9torino","isPartOf":{"@id":"https:\/\/www.vetorino.com\/boutique\/#website"},"primaryImageOfPage":{"@id":"https:\/\/www.vetorino.com\/boutique\/product\/ziggy-croquettes-chat-adulte-sterilise-saumon\/#primaryimage"},"image":{"@id":"https:\/\/www.vetorino.com\/boutique\/product\/ziggy-croquettes-chat-adulte-sterilise-saumon\/#primaryimage"},"thumbnailUrl":"https:\/\/www.vetorino.com\/boutique\/wp-content\/uploads\/2023\/04\/croquetteschat-saumon2_5kg1.webp","datePublished":"2023-04-27T03:35:08+00:00","dateModified":"2025-10-07T09:26:53+00:00","description":"Croquettes sans c\u00e9r\u00e9ales au saumon pour chat st\u00e9rilis\u00e9 sont sp\u00e9cialement formul\u00e9es pour offrir une nutrition optimale tout en pr\u00e9servant la ligne et la vitalit\u00e9 de votre compagnon. Avec 44% de prot\u00e9ines de haute qualit\u00e9 et une faible teneur en glucides et en phosphore, ces croquettes sont id\u00e9ales pour maintenir votre chat en pleine forme tout en lui garantissant un plaisir gustatif in\u00e9gal\u00e9. Caract\u00e9ristiques : Pour chats adultes st\u00e9rilis\u00e9s de toutes races Sans c\u00e9r\u00e9ales, faible en glucide et en phosphore pour un maintien du poids optimal Source d\u2019acides gras essentiels (huile de saumon, graines de lin) Soutient la sant\u00e9 urinaire Go\u00fbt irr\u00e9sistible de saumon","breadcrumb":{"@id":"https:\/\/www.vetorino.com\/boutique\/product\/ziggy-croquettes-chat-adulte-sterilise-saumon\/#breadcrumb"},"inLanguage":"fr-FR","potentialAction":[{"@type":"ReadAction","target":["https:\/\/www.vetorino.com\/boutique\/product\/ziggy-croquettes-chat-adulte-sterilise-saumon\/"]}]},{"@type":"ImageObject","inLanguage":"fr-FR","@id":"https:\/\/www.vetorino.com\/boutique\/product\/ziggy-croquettes-chat-adulte-sterilise-saumon\/#primaryimage","url":"https:\/\/www.vetorino.com\/boutique\/wp-content\/uploads\/2023\/04\/croquetteschat-saumon2_5kg1.webp","contentUrl":"https:\/\/www.vetorino.com\/boutique\/wp-content\/uploads\/2023\/04\/croquetteschat-saumon2_5kg1.webp","width":1080,"height":1080},{"@type":"BreadcrumbList","@id":"https:\/\/www.vetorino.com\/boutique\/product\/ziggy-croquettes-chat-adulte-sterilise-saumon\/#breadcrumb","itemListElement":[{"@type":"ListItem","position":1,"name":"Accueil","item":"https:\/\/www.vetorino.com\/boutique\/"},{"@type":"ListItem","position":2,"name":"Produits","item":"https:\/\/www.vetorino.com\/boutique\/"},{"@type":"ListItem","position":3,"name":"St\u00e9rilis\u00e9 Sans C\u00e9r\u00e9ales Saumon &#8211; chat"}]},{"@type":"WebSite","@id":"https:\/\/www.vetorino.com\/boutique\/#website","url":"https:\/\/www.vetorino.com\/boutique\/","name":"V\u00e9torino","description":"","publisher":{"@id":"https:\/\/www.vetorino.com\/boutique\/#organization"},"potentialAction":[{"@type":"SearchAction","target":{"@type":"EntryPoint","urlTemplate":"https:\/\/www.vetorino.com\/boutique\/?s={search_term_string}"},"query-input":{"@type":"PropertyValueSpecification","valueRequired":true,"valueName":"search_term_string"}}],"inLanguage":"fr-FR"},{"@type":"Organization","@id":"https:\/\/www.vetorino.com\/boutique\/#organization","name":"V\u00e9torino","url":"https:\/\/www.vetorino.com\/boutique\/","logo":{"@type":"ImageObject","inLanguage":"fr-FR","@id":"https:\/\/www.vetorino.com\/boutique\/#\/schema\/logo\/image\/","url":"https:\/\/www.vetorino.com\/boutique\/wp-content\/uploads\/2024\/10\/logo.jpg","contentUrl":"https:\/\/www.vetorino.com\/boutique\/wp-content\/uploads\/2024\/10\/logo.jpg","width":1200,"height":610,"caption":"V\u00e9torino"},"image":{"@id":"https:\/\/www.vetorino.com\/boutique\/#\/schema\/logo\/image\/"},"sameAs":["https:\/\/www.facebook.com\/Vetorino\/","https:\/\/www.instagram.com\/vetorino_off\/","https:\/\/www.linkedin.com\/company\/vtorino\/"]}]},"product_brand":"Ziggy","og_availability":"instock","product_availability":"instock","product_condition":"new"},"_links":{"self":[{"href":"https:\/\/www.vetorino.com\/veterinaire\/landos-43340\/boutique\/wp-json\/wp\/v2\/product\/603382","targetHints":{"allow":["GET"]}}],"collection":[{"href":"https:\/\/www.vetorino.com\/veterinaire\/landos-43340\/boutique\/wp-json\/wp\/v2\/product"}],"about":[{"href":"https:\/\/www.vetorino.com\/veterinaire\/landos-43340\/boutique\/wp-json\/wp\/v2\/types\/product"}],"wp:featuredmedia":[{"embeddable":true,"href":"https:\/\/www.vetorino.com\/veterinaire\/landos-43340\/boutique\/wp-json\/wp\/v2\/media\/1036943"}],"wp:attachment":[{"href":"https:\/\/www.vetorino.com\/veterinaire\/landos-43340\/boutique\/wp-json\/wp\/v2\/media?parent=603382"}],"wp:term":[{"taxonomy":"product_cat","embeddable":true,"href":"https:\/\/www.vetorino.com\/veterinaire\/landos-43340\/boutique\/wp-json\/wp\/v2\/product_cat?post=603382"},{"taxonomy":"product_tag","embeddable":true,"href":"https:\/\/www.vetorino.com\/veterinaire\/landos-43340\/boutique\/wp-json\/wp\/v2\/product_tag?post=603382"}],"curies":[{"name":"wp","href":"https:\/\/api.w.org\/{rel}","templated":true}]}}