{"id":731413,"date":"2023-11-01T05:35:07","date_gmt":"2023-11-01T04:35:07","guid":{"rendered":"https:\/\/www.vetorino.com\/boutique\/product\/feline-metabolic-poisson-sachet\/"},"modified":"2026-01-19T14:18:19","modified_gmt":"2026-01-19T13:18:19","slug":"feline-metabolic-poisson-sachet","status":"publish","type":"product","link":"https:\/\/www.vetorino.com\/veterinaire\/landos-43340\/boutique\/product\/feline-metabolic-poisson-sachet\/","title":{"rendered":"Metabolic &#8211; Sachet Repas pour Chat Poisson"},"content":{"rendered":"<p>Hill&#8217;s Prescription Diet\u00a0Metabolic &#8211; Sachet Repas pour Chat au Poisson de l&#8217;Oc\u00e9an est <strong>un aliment di\u00e9t\u00e9tique complet destin\u00e9 \u00e0 r\u00e9duire la masse corporelle excessive<\/strong> et \u00e0 <strong>maintenir un poids sain chez les chats adultes<\/strong>. Ces sachets repas ont <strong>une faible densit\u00e9 \u00e9nerg\u00e9tique<\/strong>.<\/p>\n<p>Nutrition cliniquement prouv\u00e9e pour aider les chats \u00e0 perdre naturellement du poids.<\/p>\n<p>Ne donnez que cet aliment. Il est recommand\u00e9 de demander l&#8217;avis d&#8217;un v\u00e9t\u00e9rinaire avant utilisation ou avant prolongation de la dur\u00e9e d&#8217;utilisation. <strong>Pour une perte de poids efficace, l&#8217;apport \u00e9nerg\u00e9tique quotidien recommand\u00e9 ne doit pas \u00eatre d\u00e9pass\u00e9. Il est conseill\u00e9 de pr\u00e9voir une p\u00e9riode de transition au d\u00e9but du r\u00e9gime.<\/strong><\/p>\n<p><strong>POUR LA PERTE DE POIDS :<\/strong> D\u00e9terminez la quantit\u00e9 d&#8217;aliment sur la base du poids cible plut\u00f4t que du poids actuel. Pour un chat de 4 kg, donnez 3 sachets par jour.<\/p>\n<p><strong>POUR LE MAINTIEN DU POIDS :<\/strong> Pour un chat de 4 kg, donnez 3 1\/2 sachets par jour. Dur\u00e9e d&#8217;utilisation recommand\u00e9e : jusqu&#8217;\u00e0 obtention du poids recherch\u00e9 et apr\u00e8s, si n\u00e9cessaire pour maintenir le poids recherch\u00e9. Laissez de l&#8217;eau fra\u00eeche disponible en permanence.<\/p>\n","protected":false},"excerpt":{"rendered":"<div>\n<div><strong>Hill&#8217;s Prescription Diet Metabolic Feline est un aliment cliniquement prouv\u00e9 pour favoriser la perte de poids chez le chat.<br \/>\n<\/strong><\/div>\n<\/div>\n<p><strong>Utilisation :<\/strong><\/p>\n<ul>\n<li>Chat en surpoids ou ob\u00e8se<\/li>\n<li>Entretien du poids apr\u00e8s amaigrissement<\/li>\n<\/ul>\n","protected":false},"featured_media":896329,"template":"","meta":[],"product_cat":[12551,12581,2697],"product_tag":[],"class_list":{"0":"post-731413","1":"product","2":"type-product","3":"status-publish","4":"has-post-thumbnail","6":"product_cat-alimentation-du-chat","7":"product_cat-alimentation-medicalisee-pour-chat","8":"product_cat-chat","9":"pa_marque-hills-pet-nutrition","11":"first","12":"instock","13":"taxable","14":"shipping-taxable","15":"purchasable","16":"product-type-simple"},"yoast_head":"<!-- This site is optimized with the Yoast SEO plugin v27.3 - https:\/\/yoast.com\/product\/yoast-seo-wordpress\/ -->\n<title>Prescription Diet (Hill&#039;s) Metabolic - Sachet Repas pour Chat Poisson Hill&#039;s - V\u00e9torino<\/title>\n<meta name=\"description\" content=\"Hill&#039;s Prescription Diet Metabolic Feline est un aliment cliniquement prouv\u00e9 pour favoriser la perte de poids chez le chat.   Utilisation :   Chat en surpoids ou ob\u00e8se  Entretien du poids apr\u00e8s amaigrissement\" \/>\n<meta name=\"robots\" content=\"noindex, nofollow\" \/>\n<meta property=\"og:locale\" content=\"fr_FR\" \/>\n<meta property=\"og:type\" content=\"article\" \/>\n<meta property=\"og:title\" content=\"Prescription Diet (Hill&#039;s) Metabolic - Sachet Repas pour Chat Poisson Hill&#039;s - V\u00e9torino\" \/>\n<meta property=\"og:description\" content=\"Hill&#039;s Prescription Diet Metabolic Feline est un aliment cliniquement prouv\u00e9 pour favoriser la perte de poids chez le chat.   Utilisation :   Chat en surpoids ou ob\u00e8se  Entretien du poids apr\u00e8s amaigrissement\" \/>\n<meta property=\"og:url\" content=\"https:\/\/www.vetorino.com\/veterinaire\/landos-43340\/boutique\/product\/feline-metabolic-poisson-sachet\/\" \/>\n<meta property=\"og:site_name\" content=\"V\u00e9torino\" \/>\n<meta property=\"article:publisher\" content=\"https:\/\/www.facebook.com\/Vetorino\/\" \/>\n<meta property=\"article:modified_time\" content=\"2026-01-19T13:18:19+00:00\" \/>\n<meta property=\"og:image\" content=\"https:\/\/www.vetorino.com\/boutique\/wp-content\/uploads\/2023\/11\/chat-metabolic-au-poisson-en-sauce.jpg\" \/>\n\t<meta property=\"og:image:width\" content=\"800\" \/>\n\t<meta property=\"og:image:height\" content=\"800\" \/>\n\t<meta property=\"og:image:type\" content=\"image\/jpeg\" \/>\n<meta name=\"twitter:card\" content=\"summary_large_image\" \/>\n<meta name=\"twitter:label1\" content=\"Prix\" \/>\n\t<meta name=\"twitter:data1\" content=\"19,66&euro;\" \/>\n\t<meta name=\"twitter:label2\" content=\"Disponibilit\u00e9\" \/>\n\t<meta name=\"twitter:data2\" content=\"En stock\" \/>\n<script type=\"application\/ld+json\" class=\"yoast-schema-graph\">{\"@context\":\"https:\\\/\\\/schema.org\",\"@graph\":[{\"@type\":\"WebPage\",\"@id\":\"https:\\\/\\\/www.vetorino.com\\\/veterinaire\\\/briancon-05100\\\/boutique\\\/product\\\/feline-metabolic-poisson-sachet\\\/\",\"url\":\"https:\\\/\\\/www.vetorino.com\\\/veterinaire\\\/briancon-05100\\\/boutique\\\/product\\\/feline-metabolic-poisson-sachet\\\/\",\"name\":\"Prescription Diet (Hill's) Metabolic - Sachet Repas pour Chat Poisson Hill's - V\u00e9torino\",\"isPartOf\":{\"@id\":\"https:\\\/\\\/www.vetorino.com\\\/boutique\\\/#website\"},\"primaryImageOfPage\":{\"@id\":\"https:\\\/\\\/www.vetorino.com\\\/veterinaire\\\/briancon-05100\\\/boutique\\\/product\\\/feline-metabolic-poisson-sachet\\\/#primaryimage\"},\"image\":{\"@id\":\"https:\\\/\\\/www.vetorino.com\\\/veterinaire\\\/briancon-05100\\\/boutique\\\/product\\\/feline-metabolic-poisson-sachet\\\/#primaryimage\"},\"thumbnailUrl\":\"https:\\\/\\\/www.vetorino.com\\\/boutique\\\/wp-content\\\/uploads\\\/2023\\\/11\\\/chat-metabolic-au-poisson-en-sauce.jpg\",\"datePublished\":\"2023-11-01T04:35:07+00:00\",\"dateModified\":\"2026-01-19T13:18:19+00:00\",\"description\":\"Hill's Prescription Diet Metabolic Feline est un aliment cliniquement prouv\u00e9 pour favoriser la perte de poids chez le chat. Utilisation : Chat en surpoids ou ob\u00e8se Entretien du poids apr\u00e8s amaigrissement\",\"breadcrumb\":{\"@id\":\"https:\\\/\\\/www.vetorino.com\\\/veterinaire\\\/briancon-05100\\\/boutique\\\/product\\\/feline-metabolic-poisson-sachet\\\/#breadcrumb\"},\"inLanguage\":\"fr-FR\",\"potentialAction\":[{\"@type\":\"ReadAction\",\"target\":[\"https:\\\/\\\/www.vetorino.com\\\/veterinaire\\\/briancon-05100\\\/boutique\\\/product\\\/feline-metabolic-poisson-sachet\\\/\"]}]},{\"@type\":\"ImageObject\",\"inLanguage\":\"fr-FR\",\"@id\":\"https:\\\/\\\/www.vetorino.com\\\/veterinaire\\\/briancon-05100\\\/boutique\\\/product\\\/feline-metabolic-poisson-sachet\\\/#primaryimage\",\"url\":\"https:\\\/\\\/www.vetorino.com\\\/boutique\\\/wp-content\\\/uploads\\\/2023\\\/11\\\/chat-metabolic-au-poisson-en-sauce.jpg\",\"contentUrl\":\"https:\\\/\\\/www.vetorino.com\\\/boutique\\\/wp-content\\\/uploads\\\/2023\\\/11\\\/chat-metabolic-au-poisson-en-sauce.jpg\",\"width\":800,\"height\":800},{\"@type\":\"BreadcrumbList\",\"@id\":\"https:\\\/\\\/www.vetorino.com\\\/veterinaire\\\/briancon-05100\\\/boutique\\\/product\\\/feline-metabolic-poisson-sachet\\\/#breadcrumb\",\"itemListElement\":[{\"@type\":\"ListItem\",\"position\":1,\"name\":\"Accueil\",\"item\":\"https:\\\/\\\/www.vetorino.com\\\/boutique\\\/\"},{\"@type\":\"ListItem\",\"position\":2,\"name\":\"Produits\",\"item\":\"https:\\\/\\\/www.vetorino.com\\\/boutique\\\/\"},{\"@type\":\"ListItem\",\"position\":3,\"name\":\"Metabolic &#8211; Sachet Repas pour Chat Poisson\"}]},{\"@type\":\"WebSite\",\"@id\":\"https:\\\/\\\/www.vetorino.com\\\/boutique\\\/#website\",\"url\":\"https:\\\/\\\/www.vetorino.com\\\/boutique\\\/\",\"name\":\"V\u00e9torino\",\"description\":\"\",\"publisher\":{\"@id\":\"https:\\\/\\\/www.vetorino.com\\\/boutique\\\/#organization\"},\"potentialAction\":[{\"@type\":\"SearchAction\",\"target\":{\"@type\":\"EntryPoint\",\"urlTemplate\":\"https:\\\/\\\/www.vetorino.com\\\/boutique\\\/?s={search_term_string}\"},\"query-input\":{\"@type\":\"PropertyValueSpecification\",\"valueRequired\":true,\"valueName\":\"search_term_string\"}}],\"inLanguage\":\"fr-FR\"},{\"@type\":\"Organization\",\"@id\":\"https:\\\/\\\/www.vetorino.com\\\/boutique\\\/#organization\",\"name\":\"V\u00e9torino\",\"url\":\"https:\\\/\\\/www.vetorino.com\\\/boutique\\\/\",\"logo\":{\"@type\":\"ImageObject\",\"inLanguage\":\"fr-FR\",\"@id\":\"https:\\\/\\\/www.vetorino.com\\\/boutique\\\/#\\\/schema\\\/logo\\\/image\\\/\",\"url\":\"https:\\\/\\\/www.vetorino.com\\\/boutique\\\/wp-content\\\/uploads\\\/2024\\\/10\\\/logo.jpg\",\"contentUrl\":\"https:\\\/\\\/www.vetorino.com\\\/boutique\\\/wp-content\\\/uploads\\\/2024\\\/10\\\/logo.jpg\",\"width\":1200,\"height\":610,\"caption\":\"V\u00e9torino\"},\"image\":{\"@id\":\"https:\\\/\\\/www.vetorino.com\\\/boutique\\\/#\\\/schema\\\/logo\\\/image\\\/\"},\"sameAs\":[\"https:\\\/\\\/www.facebook.com\\\/Vetorino\\\/\",\"https:\\\/\\\/www.instagram.com\\\/vetorino_off\\\/\",\"https:\\\/\\\/www.linkedin.com\\\/company\\\/vtorino\\\/\"]}]}<\/script>\n<meta property=\"product:brand\" content=\"Hill&#039;s\" \/>\n<meta property=\"product:price:amount\" content=\"19.66\" \/>\n<meta property=\"product:price:currency\" content=\"EUR\" \/>\n<meta property=\"og:availability\" content=\"instock\" \/>\n<meta property=\"product:availability\" content=\"instock\" \/>\n<meta property=\"product:retailer_item_id\" content=\"A-1879340\" \/>\n<meta property=\"product:condition\" content=\"new\" \/>\n<!-- \/ Yoast SEO plugin. -->","yoast_head_json":{"title":"Prescription Diet (Hill's) Metabolic - Sachet Repas pour Chat Poisson Hill's - V\u00e9torino","description":"Hill's Prescription Diet Metabolic Feline est un aliment cliniquement prouv\u00e9 pour favoriser la perte de poids chez le chat.   Utilisation :   Chat en surpoids ou ob\u00e8se  Entretien du poids apr\u00e8s amaigrissement","robots":{"index":"noindex","follow":"nofollow"},"og_locale":"fr_FR","og_type":"article","og_title":"Prescription Diet (Hill's) Metabolic - Sachet Repas pour Chat Poisson Hill's - V\u00e9torino","og_description":"Hill's Prescription Diet Metabolic Feline est un aliment cliniquement prouv\u00e9 pour favoriser la perte de poids chez le chat.   Utilisation :   Chat en surpoids ou ob\u00e8se  Entretien du poids apr\u00e8s amaigrissement","og_url":"https:\/\/www.vetorino.com\/veterinaire\/landos-43340\/boutique\/product\/feline-metabolic-poisson-sachet\/","og_site_name":"V\u00e9torino","article_publisher":"https:\/\/www.facebook.com\/Vetorino\/","article_modified_time":"2026-01-19T13:18:19+00:00","og_image":[{"width":800,"height":800,"url":"https:\/\/www.vetorino.com\/boutique\/wp-content\/uploads\/2023\/11\/chat-metabolic-au-poisson-en-sauce.jpg","type":"image\/jpeg"}],"twitter_card":"summary_large_image","twitter_misc":{"Prix":"19,66&euro;","Disponibilit\u00e9":"En stock"},"schema":{"@context":"https:\/\/schema.org","@graph":[{"@type":"WebPage","@id":"https:\/\/www.vetorino.com\/veterinaire\/briancon-05100\/boutique\/product\/feline-metabolic-poisson-sachet\/","url":"https:\/\/www.vetorino.com\/veterinaire\/briancon-05100\/boutique\/product\/feline-metabolic-poisson-sachet\/","name":"Prescription Diet (Hill's) Metabolic - Sachet Repas pour Chat Poisson Hill's - V\u00e9torino","isPartOf":{"@id":"https:\/\/www.vetorino.com\/boutique\/#website"},"primaryImageOfPage":{"@id":"https:\/\/www.vetorino.com\/veterinaire\/briancon-05100\/boutique\/product\/feline-metabolic-poisson-sachet\/#primaryimage"},"image":{"@id":"https:\/\/www.vetorino.com\/veterinaire\/briancon-05100\/boutique\/product\/feline-metabolic-poisson-sachet\/#primaryimage"},"thumbnailUrl":"https:\/\/www.vetorino.com\/boutique\/wp-content\/uploads\/2023\/11\/chat-metabolic-au-poisson-en-sauce.jpg","datePublished":"2023-11-01T04:35:07+00:00","dateModified":"2026-01-19T13:18:19+00:00","description":"Hill's Prescription Diet Metabolic Feline est un aliment cliniquement prouv\u00e9 pour favoriser la perte de poids chez le chat. Utilisation : Chat en surpoids ou ob\u00e8se Entretien du poids apr\u00e8s amaigrissement","breadcrumb":{"@id":"https:\/\/www.vetorino.com\/veterinaire\/briancon-05100\/boutique\/product\/feline-metabolic-poisson-sachet\/#breadcrumb"},"inLanguage":"fr-FR","potentialAction":[{"@type":"ReadAction","target":["https:\/\/www.vetorino.com\/veterinaire\/briancon-05100\/boutique\/product\/feline-metabolic-poisson-sachet\/"]}]},{"@type":"ImageObject","inLanguage":"fr-FR","@id":"https:\/\/www.vetorino.com\/veterinaire\/briancon-05100\/boutique\/product\/feline-metabolic-poisson-sachet\/#primaryimage","url":"https:\/\/www.vetorino.com\/boutique\/wp-content\/uploads\/2023\/11\/chat-metabolic-au-poisson-en-sauce.jpg","contentUrl":"https:\/\/www.vetorino.com\/boutique\/wp-content\/uploads\/2023\/11\/chat-metabolic-au-poisson-en-sauce.jpg","width":800,"height":800},{"@type":"BreadcrumbList","@id":"https:\/\/www.vetorino.com\/veterinaire\/briancon-05100\/boutique\/product\/feline-metabolic-poisson-sachet\/#breadcrumb","itemListElement":[{"@type":"ListItem","position":1,"name":"Accueil","item":"https:\/\/www.vetorino.com\/boutique\/"},{"@type":"ListItem","position":2,"name":"Produits","item":"https:\/\/www.vetorino.com\/boutique\/"},{"@type":"ListItem","position":3,"name":"Metabolic &#8211; Sachet Repas pour Chat Poisson"}]},{"@type":"WebSite","@id":"https:\/\/www.vetorino.com\/boutique\/#website","url":"https:\/\/www.vetorino.com\/boutique\/","name":"V\u00e9torino","description":"","publisher":{"@id":"https:\/\/www.vetorino.com\/boutique\/#organization"},"potentialAction":[{"@type":"SearchAction","target":{"@type":"EntryPoint","urlTemplate":"https:\/\/www.vetorino.com\/boutique\/?s={search_term_string}"},"query-input":{"@type":"PropertyValueSpecification","valueRequired":true,"valueName":"search_term_string"}}],"inLanguage":"fr-FR"},{"@type":"Organization","@id":"https:\/\/www.vetorino.com\/boutique\/#organization","name":"V\u00e9torino","url":"https:\/\/www.vetorino.com\/boutique\/","logo":{"@type":"ImageObject","inLanguage":"fr-FR","@id":"https:\/\/www.vetorino.com\/boutique\/#\/schema\/logo\/image\/","url":"https:\/\/www.vetorino.com\/boutique\/wp-content\/uploads\/2024\/10\/logo.jpg","contentUrl":"https:\/\/www.vetorino.com\/boutique\/wp-content\/uploads\/2024\/10\/logo.jpg","width":1200,"height":610,"caption":"V\u00e9torino"},"image":{"@id":"https:\/\/www.vetorino.com\/boutique\/#\/schema\/logo\/image\/"},"sameAs":["https:\/\/www.facebook.com\/Vetorino\/","https:\/\/www.instagram.com\/vetorino_off\/","https:\/\/www.linkedin.com\/company\/vtorino\/"]}]},"product_brand":"Hill's","product_price_amount":"19.66","product_price_currency":"EUR","og_availability":"instock","product_availability":"instock","product_retailer_item_id":"A-1879340","product_condition":"new"},"_links":{"self":[{"href":"https:\/\/www.vetorino.com\/veterinaire\/landos-43340\/boutique\/wp-json\/wp\/v2\/product\/731413","targetHints":{"allow":["GET"]}}],"collection":[{"href":"https:\/\/www.vetorino.com\/veterinaire\/landos-43340\/boutique\/wp-json\/wp\/v2\/product"}],"about":[{"href":"https:\/\/www.vetorino.com\/veterinaire\/landos-43340\/boutique\/wp-json\/wp\/v2\/types\/product"}],"wp:featuredmedia":[{"embeddable":true,"href":"https:\/\/www.vetorino.com\/veterinaire\/landos-43340\/boutique\/wp-json\/wp\/v2\/media\/896329"}],"wp:attachment":[{"href":"https:\/\/www.vetorino.com\/veterinaire\/landos-43340\/boutique\/wp-json\/wp\/v2\/media?parent=731413"}],"wp:term":[{"taxonomy":"product_cat","embeddable":true,"href":"https:\/\/www.vetorino.com\/veterinaire\/landos-43340\/boutique\/wp-json\/wp\/v2\/product_cat?post=731413"},{"taxonomy":"product_tag","embeddable":true,"href":"https:\/\/www.vetorino.com\/veterinaire\/landos-43340\/boutique\/wp-json\/wp\/v2\/product_tag?post=731413"}],"curies":[{"name":"wp","href":"https:\/\/api.w.org\/{rel}","templated":true}]}}