{"id":731414,"date":"2023-11-01T05:35:08","date_gmt":"2023-11-01T04:35:08","guid":{"rendered":"https:\/\/www.vetorino.com\/boutique\/product\/feline-c-d-urinary-stress-mijotes-thon-et-legumes\/"},"modified":"2025-09-04T17:32:12","modified_gmt":"2025-09-04T15:32:12","slug":"feline-c-d-urinary-stress-mijotes-thon-et-legumes","status":"publish","type":"product","link":"https:\/\/www.vetorino.com\/veterinaire\/landos-43340\/boutique\/product\/feline-c-d-urinary-stress-mijotes-thon-et-legumes\/","title":{"rendered":"Chat C\/D Urinary Stress mijot\u00e9s Thon et L\u00e9gumes"},"content":{"rendered":"<p><strong>Les bo\u00eetes c\/d Urinary Stress Multicare Mijot\u00e9s Thon &amp; L\u00e9gumes sont formul\u00e9es pour limiter les risques de probl\u00e8mes urinaires chez votre f\u00e9lin. Cette recette, de nature humide contient une saveur au thon de haute app\u00e9tence.<\/strong><\/p>\n<p><strong>Les bienfaits des Bo\u00eetes Chat c\/d Urinary Stress Multicare Mijot\u00e9s Thon &amp; L\u00e9gumes :<\/strong><\/p>\n<ul>\n<li>D\u00e9velopp\u00e9es sp\u00e9cialement pour r\u00e9duire le risque de r\u00e9cidive des calculs de struvite chez le chat adulte<\/li>\n<li>Cette recette dispose d\u2019une faible teneur en phosphore pour ralentir le d\u00e9clin de la fonction r\u00e9nale et augmenter leur esp\u00e9rance de vie.<\/li>\n<li>Contient \u00e9galement une teneur r\u00e9duite en prot\u00e9ines de qualit\u00e9 afin de r\u00e9duire la charge sur les reins, pr\u00e9venir la formation de cristaux et maintenir un pH urinaire optimal chez les chats atteints de probl\u00e8mes urinaires.<\/li>\n<\/ul>\n<p>Cet aliment est destin\u00e9 \u00e0 la prise en charge nutritionnelle <strong>des probl\u00e8mes urinaires chez le chat<\/strong>. Veuillez consulter votre v\u00e9t\u00e9rinaire avant utilisation.<\/p>\n","protected":false},"excerpt":{"rendered":"<p>Aliment di\u00e9t\u00e9tique complet destin\u00e9 \u00e0 r\u00e9duire le risque de r\u00e9cidive des calculs de struvite (cause d&#8217;affections du bas-appareil f\u00e9lin, ABAUF) chez le chat adulte.-<\/p>\n","protected":false},"featured_media":794091,"template":"","meta":[],"product_cat":[2697],"product_tag":[],"class_list":{"0":"post-731414","1":"product","2":"type-product","3":"status-publish","4":"has-post-thumbnail","6":"product_cat-chat","7":"pa_marque-hills-pet-nutrition","9":"first","10":"instock","11":"taxable","12":"shipping-taxable","13":"purchasable","14":"product-type-simple"},"yoast_head":"<!-- This site is optimized with the Yoast SEO plugin v27.3 - https:\/\/yoast.com\/product\/yoast-seo-wordpress\/ -->\n<title>Vetessentials (Hill&#039;s) Chat C\/D Urinary Stress mijot\u00e9s Thon et L\u00e9gumes Hill&#039;s - V\u00e9torino<\/title>\n<meta name=\"description\" content=\"Aliment di\u00e9t\u00e9tique complet destin\u00e9 \u00e0 r\u00e9duire le risque de r\u00e9cidive des calculs de struvite (cause d&#039;affections du bas-appareil f\u00e9lin, ABAUF) chez le chat adulte.-\" \/>\n<meta name=\"robots\" content=\"noindex, nofollow\" \/>\n<meta property=\"og:locale\" content=\"fr_FR\" \/>\n<meta property=\"og:type\" content=\"article\" \/>\n<meta property=\"og:title\" content=\"Vetessentials (Hill&#039;s) Chat C\/D Urinary Stress mijot\u00e9s Thon et L\u00e9gumes Hill&#039;s - V\u00e9torino\" \/>\n<meta property=\"og:description\" content=\"Aliment di\u00e9t\u00e9tique complet destin\u00e9 \u00e0 r\u00e9duire le risque de r\u00e9cidive des calculs de struvite (cause d&#039;affections du bas-appareil f\u00e9lin, ABAUF) chez le chat adulte.-\" \/>\n<meta property=\"og:url\" content=\"https:\/\/www.vetorino.com\/veterinaire\/landos-43340\/boutique\/product\/feline-c-d-urinary-stress-mijotes-thon-et-legumes\/\" \/>\n<meta property=\"og:site_name\" content=\"V\u00e9torino\" \/>\n<meta property=\"article:publisher\" content=\"https:\/\/www.facebook.com\/Vetorino\/\" \/>\n<meta property=\"article:modified_time\" content=\"2025-09-04T15:32:12+00:00\" \/>\n<meta property=\"og:image\" content=\"https:\/\/www.vetorino.com\/boutique\/wp-content\/uploads\/2023\/11\/HILLS-1879650-1.png\" \/>\n\t<meta property=\"og:image:width\" content=\"512\" \/>\n\t<meta property=\"og:image:height\" content=\"512\" \/>\n\t<meta property=\"og:image:type\" content=\"image\/png\" \/>\n<meta name=\"twitter:card\" content=\"summary_large_image\" \/>\n<meta name=\"twitter:label1\" content=\"Prix\" \/>\n\t<meta name=\"twitter:data1\" content=\"44,82&euro;\" \/>\n\t<meta name=\"twitter:label2\" content=\"Disponibilit\u00e9\" \/>\n\t<meta name=\"twitter:data2\" content=\"En stock\" \/>\n<script type=\"application\/ld+json\" class=\"yoast-schema-graph\">{\"@context\":\"https:\\\/\\\/schema.org\",\"@graph\":[{\"@type\":\"WebPage\",\"@id\":\"https:\\\/\\\/www.vetorino.com\\\/veterinaire\\\/briancon-05100\\\/boutique\\\/product\\\/feline-c-d-urinary-stress-mijotes-thon-et-legumes\\\/\",\"url\":\"https:\\\/\\\/www.vetorino.com\\\/veterinaire\\\/briancon-05100\\\/boutique\\\/product\\\/feline-c-d-urinary-stress-mijotes-thon-et-legumes\\\/\",\"name\":\"Vetessentials (Hill's) Chat C\\\/D Urinary Stress mijot\u00e9s Thon et L\u00e9gumes Hill's - V\u00e9torino\",\"isPartOf\":{\"@id\":\"https:\\\/\\\/www.vetorino.com\\\/boutique\\\/#website\"},\"primaryImageOfPage\":{\"@id\":\"https:\\\/\\\/www.vetorino.com\\\/veterinaire\\\/briancon-05100\\\/boutique\\\/product\\\/feline-c-d-urinary-stress-mijotes-thon-et-legumes\\\/#primaryimage\"},\"image\":{\"@id\":\"https:\\\/\\\/www.vetorino.com\\\/veterinaire\\\/briancon-05100\\\/boutique\\\/product\\\/feline-c-d-urinary-stress-mijotes-thon-et-legumes\\\/#primaryimage\"},\"thumbnailUrl\":\"https:\\\/\\\/www.vetorino.com\\\/boutique\\\/wp-content\\\/uploads\\\/2023\\\/11\\\/HILLS-1879650-1.png\",\"datePublished\":\"2023-11-01T04:35:08+00:00\",\"dateModified\":\"2025-09-04T15:32:12+00:00\",\"description\":\"Aliment di\u00e9t\u00e9tique complet destin\u00e9 \u00e0 r\u00e9duire le risque de r\u00e9cidive des calculs de struvite (cause d'affections du bas-appareil f\u00e9lin, ABAUF) chez le chat adulte.-\",\"breadcrumb\":{\"@id\":\"https:\\\/\\\/www.vetorino.com\\\/veterinaire\\\/briancon-05100\\\/boutique\\\/product\\\/feline-c-d-urinary-stress-mijotes-thon-et-legumes\\\/#breadcrumb\"},\"inLanguage\":\"fr-FR\",\"potentialAction\":[{\"@type\":\"ReadAction\",\"target\":[\"https:\\\/\\\/www.vetorino.com\\\/veterinaire\\\/briancon-05100\\\/boutique\\\/product\\\/feline-c-d-urinary-stress-mijotes-thon-et-legumes\\\/\"]}]},{\"@type\":\"ImageObject\",\"inLanguage\":\"fr-FR\",\"@id\":\"https:\\\/\\\/www.vetorino.com\\\/veterinaire\\\/briancon-05100\\\/boutique\\\/product\\\/feline-c-d-urinary-stress-mijotes-thon-et-legumes\\\/#primaryimage\",\"url\":\"https:\\\/\\\/www.vetorino.com\\\/boutique\\\/wp-content\\\/uploads\\\/2023\\\/11\\\/HILLS-1879650-1.png\",\"contentUrl\":\"https:\\\/\\\/www.vetorino.com\\\/boutique\\\/wp-content\\\/uploads\\\/2023\\\/11\\\/HILLS-1879650-1.png\",\"width\":512,\"height\":512},{\"@type\":\"BreadcrumbList\",\"@id\":\"https:\\\/\\\/www.vetorino.com\\\/veterinaire\\\/briancon-05100\\\/boutique\\\/product\\\/feline-c-d-urinary-stress-mijotes-thon-et-legumes\\\/#breadcrumb\",\"itemListElement\":[{\"@type\":\"ListItem\",\"position\":1,\"name\":\"Accueil\",\"item\":\"https:\\\/\\\/www.vetorino.com\\\/boutique\\\/\"},{\"@type\":\"ListItem\",\"position\":2,\"name\":\"Produits\",\"item\":\"https:\\\/\\\/www.vetorino.com\\\/boutique\\\/\"},{\"@type\":\"ListItem\",\"position\":3,\"name\":\"Chat C\\\/D Urinary Stress mijot\u00e9s Thon et L\u00e9gumes\"}]},{\"@type\":\"WebSite\",\"@id\":\"https:\\\/\\\/www.vetorino.com\\\/boutique\\\/#website\",\"url\":\"https:\\\/\\\/www.vetorino.com\\\/boutique\\\/\",\"name\":\"V\u00e9torino\",\"description\":\"\",\"publisher\":{\"@id\":\"https:\\\/\\\/www.vetorino.com\\\/boutique\\\/#organization\"},\"potentialAction\":[{\"@type\":\"SearchAction\",\"target\":{\"@type\":\"EntryPoint\",\"urlTemplate\":\"https:\\\/\\\/www.vetorino.com\\\/boutique\\\/?s={search_term_string}\"},\"query-input\":{\"@type\":\"PropertyValueSpecification\",\"valueRequired\":true,\"valueName\":\"search_term_string\"}}],\"inLanguage\":\"fr-FR\"},{\"@type\":\"Organization\",\"@id\":\"https:\\\/\\\/www.vetorino.com\\\/boutique\\\/#organization\",\"name\":\"V\u00e9torino\",\"url\":\"https:\\\/\\\/www.vetorino.com\\\/boutique\\\/\",\"logo\":{\"@type\":\"ImageObject\",\"inLanguage\":\"fr-FR\",\"@id\":\"https:\\\/\\\/www.vetorino.com\\\/boutique\\\/#\\\/schema\\\/logo\\\/image\\\/\",\"url\":\"https:\\\/\\\/www.vetorino.com\\\/boutique\\\/wp-content\\\/uploads\\\/2024\\\/10\\\/logo.jpg\",\"contentUrl\":\"https:\\\/\\\/www.vetorino.com\\\/boutique\\\/wp-content\\\/uploads\\\/2024\\\/10\\\/logo.jpg\",\"width\":1200,\"height\":610,\"caption\":\"V\u00e9torino\"},\"image\":{\"@id\":\"https:\\\/\\\/www.vetorino.com\\\/boutique\\\/#\\\/schema\\\/logo\\\/image\\\/\"},\"sameAs\":[\"https:\\\/\\\/www.facebook.com\\\/Vetorino\\\/\",\"https:\\\/\\\/www.instagram.com\\\/vetorino_off\\\/\",\"https:\\\/\\\/www.linkedin.com\\\/company\\\/vtorino\\\/\"]}]}<\/script>\n<meta property=\"product:brand\" content=\"Hill&#039;s\" \/>\n<meta property=\"product:price:amount\" content=\"44.82\" \/>\n<meta property=\"product:price:currency\" content=\"EUR\" \/>\n<meta property=\"og:availability\" content=\"instock\" \/>\n<meta property=\"product:availability\" content=\"instock\" \/>\n<meta property=\"product:retailer_item_id\" content=\"A-1879650\" \/>\n<meta property=\"product:condition\" content=\"new\" \/>\n<!-- \/ Yoast SEO plugin. -->","yoast_head_json":{"title":"Vetessentials (Hill's) Chat C\/D Urinary Stress mijot\u00e9s Thon et L\u00e9gumes Hill's - V\u00e9torino","description":"Aliment di\u00e9t\u00e9tique complet destin\u00e9 \u00e0 r\u00e9duire le risque de r\u00e9cidive des calculs de struvite (cause d'affections du bas-appareil f\u00e9lin, ABAUF) chez le chat adulte.-","robots":{"index":"noindex","follow":"nofollow"},"og_locale":"fr_FR","og_type":"article","og_title":"Vetessentials (Hill's) Chat C\/D Urinary Stress mijot\u00e9s Thon et L\u00e9gumes Hill's - V\u00e9torino","og_description":"Aliment di\u00e9t\u00e9tique complet destin\u00e9 \u00e0 r\u00e9duire le risque de r\u00e9cidive des calculs de struvite (cause d'affections du bas-appareil f\u00e9lin, ABAUF) chez le chat adulte.-","og_url":"https:\/\/www.vetorino.com\/veterinaire\/landos-43340\/boutique\/product\/feline-c-d-urinary-stress-mijotes-thon-et-legumes\/","og_site_name":"V\u00e9torino","article_publisher":"https:\/\/www.facebook.com\/Vetorino\/","article_modified_time":"2025-09-04T15:32:12+00:00","og_image":[{"width":512,"height":512,"url":"https:\/\/www.vetorino.com\/boutique\/wp-content\/uploads\/2023\/11\/HILLS-1879650-1.png","type":"image\/png"}],"twitter_card":"summary_large_image","twitter_misc":{"Prix":"44,82&euro;","Disponibilit\u00e9":"En stock"},"schema":{"@context":"https:\/\/schema.org","@graph":[{"@type":"WebPage","@id":"https:\/\/www.vetorino.com\/veterinaire\/briancon-05100\/boutique\/product\/feline-c-d-urinary-stress-mijotes-thon-et-legumes\/","url":"https:\/\/www.vetorino.com\/veterinaire\/briancon-05100\/boutique\/product\/feline-c-d-urinary-stress-mijotes-thon-et-legumes\/","name":"Vetessentials (Hill's) Chat C\/D Urinary Stress mijot\u00e9s Thon et L\u00e9gumes Hill's - V\u00e9torino","isPartOf":{"@id":"https:\/\/www.vetorino.com\/boutique\/#website"},"primaryImageOfPage":{"@id":"https:\/\/www.vetorino.com\/veterinaire\/briancon-05100\/boutique\/product\/feline-c-d-urinary-stress-mijotes-thon-et-legumes\/#primaryimage"},"image":{"@id":"https:\/\/www.vetorino.com\/veterinaire\/briancon-05100\/boutique\/product\/feline-c-d-urinary-stress-mijotes-thon-et-legumes\/#primaryimage"},"thumbnailUrl":"https:\/\/www.vetorino.com\/boutique\/wp-content\/uploads\/2023\/11\/HILLS-1879650-1.png","datePublished":"2023-11-01T04:35:08+00:00","dateModified":"2025-09-04T15:32:12+00:00","description":"Aliment di\u00e9t\u00e9tique complet destin\u00e9 \u00e0 r\u00e9duire le risque de r\u00e9cidive des calculs de struvite (cause d'affections du bas-appareil f\u00e9lin, ABAUF) chez le chat adulte.-","breadcrumb":{"@id":"https:\/\/www.vetorino.com\/veterinaire\/briancon-05100\/boutique\/product\/feline-c-d-urinary-stress-mijotes-thon-et-legumes\/#breadcrumb"},"inLanguage":"fr-FR","potentialAction":[{"@type":"ReadAction","target":["https:\/\/www.vetorino.com\/veterinaire\/briancon-05100\/boutique\/product\/feline-c-d-urinary-stress-mijotes-thon-et-legumes\/"]}]},{"@type":"ImageObject","inLanguage":"fr-FR","@id":"https:\/\/www.vetorino.com\/veterinaire\/briancon-05100\/boutique\/product\/feline-c-d-urinary-stress-mijotes-thon-et-legumes\/#primaryimage","url":"https:\/\/www.vetorino.com\/boutique\/wp-content\/uploads\/2023\/11\/HILLS-1879650-1.png","contentUrl":"https:\/\/www.vetorino.com\/boutique\/wp-content\/uploads\/2023\/11\/HILLS-1879650-1.png","width":512,"height":512},{"@type":"BreadcrumbList","@id":"https:\/\/www.vetorino.com\/veterinaire\/briancon-05100\/boutique\/product\/feline-c-d-urinary-stress-mijotes-thon-et-legumes\/#breadcrumb","itemListElement":[{"@type":"ListItem","position":1,"name":"Accueil","item":"https:\/\/www.vetorino.com\/boutique\/"},{"@type":"ListItem","position":2,"name":"Produits","item":"https:\/\/www.vetorino.com\/boutique\/"},{"@type":"ListItem","position":3,"name":"Chat C\/D Urinary Stress mijot\u00e9s Thon et L\u00e9gumes"}]},{"@type":"WebSite","@id":"https:\/\/www.vetorino.com\/boutique\/#website","url":"https:\/\/www.vetorino.com\/boutique\/","name":"V\u00e9torino","description":"","publisher":{"@id":"https:\/\/www.vetorino.com\/boutique\/#organization"},"potentialAction":[{"@type":"SearchAction","target":{"@type":"EntryPoint","urlTemplate":"https:\/\/www.vetorino.com\/boutique\/?s={search_term_string}"},"query-input":{"@type":"PropertyValueSpecification","valueRequired":true,"valueName":"search_term_string"}}],"inLanguage":"fr-FR"},{"@type":"Organization","@id":"https:\/\/www.vetorino.com\/boutique\/#organization","name":"V\u00e9torino","url":"https:\/\/www.vetorino.com\/boutique\/","logo":{"@type":"ImageObject","inLanguage":"fr-FR","@id":"https:\/\/www.vetorino.com\/boutique\/#\/schema\/logo\/image\/","url":"https:\/\/www.vetorino.com\/boutique\/wp-content\/uploads\/2024\/10\/logo.jpg","contentUrl":"https:\/\/www.vetorino.com\/boutique\/wp-content\/uploads\/2024\/10\/logo.jpg","width":1200,"height":610,"caption":"V\u00e9torino"},"image":{"@id":"https:\/\/www.vetorino.com\/boutique\/#\/schema\/logo\/image\/"},"sameAs":["https:\/\/www.facebook.com\/Vetorino\/","https:\/\/www.instagram.com\/vetorino_off\/","https:\/\/www.linkedin.com\/company\/vtorino\/"]}]},"product_brand":"Hill's","product_price_amount":"44.82","product_price_currency":"EUR","og_availability":"instock","product_availability":"instock","product_retailer_item_id":"A-1879650","product_condition":"new"},"_links":{"self":[{"href":"https:\/\/www.vetorino.com\/veterinaire\/landos-43340\/boutique\/wp-json\/wp\/v2\/product\/731414","targetHints":{"allow":["GET"]}}],"collection":[{"href":"https:\/\/www.vetorino.com\/veterinaire\/landos-43340\/boutique\/wp-json\/wp\/v2\/product"}],"about":[{"href":"https:\/\/www.vetorino.com\/veterinaire\/landos-43340\/boutique\/wp-json\/wp\/v2\/types\/product"}],"wp:featuredmedia":[{"embeddable":true,"href":"https:\/\/www.vetorino.com\/veterinaire\/landos-43340\/boutique\/wp-json\/wp\/v2\/media\/794091"}],"wp:attachment":[{"href":"https:\/\/www.vetorino.com\/veterinaire\/landos-43340\/boutique\/wp-json\/wp\/v2\/media?parent=731414"}],"wp:term":[{"taxonomy":"product_cat","embeddable":true,"href":"https:\/\/www.vetorino.com\/veterinaire\/landos-43340\/boutique\/wp-json\/wp\/v2\/product_cat?post=731414"},{"taxonomy":"product_tag","embeddable":true,"href":"https:\/\/www.vetorino.com\/veterinaire\/landos-43340\/boutique\/wp-json\/wp\/v2\/product_tag?post=731414"}],"curies":[{"name":"wp","href":"https:\/\/api.w.org\/{rel}","templated":true}]}}