{"id":906369,"date":"2024-04-26T17:38:33","date_gmt":"2024-04-26T15:38:33","guid":{"rendered":"https:\/\/www.vetorino.com\/boutique\/product\/jouet-matatabi\/"},"modified":"2024-04-29T14:36:31","modified_gmt":"2024-04-29T12:36:31","slug":"jouet-matatabi","status":"publish","type":"product","link":"https:\/\/www.vetorino.com\/veterinaire\/landos-43340\/boutique\/product\/jouet-matatabi\/","title":{"rendered":"Jouet Poisson \u00e0 Plumes pour Chat"},"content":{"rendered":"<p><strong>Jouet pour chat fabriqu\u00e9 \u00e0 partir d\u2019herbe \u00e0 chat et de Matatabi, qui stimulera l\u2019int\u00e9r\u00eat du f\u00e9lin pendant de longues minutes.<\/strong><br \/>\nCe jouet est pens\u00e9 pour \u00eatre chass\u00e9 puis m\u00e2ch\u00e9. Il favorise la sant\u00e9 dentaire en massant les gencives et en \u00e9liminant le tartre mou des dents.<\/p>\n","protected":false},"excerpt":{"rendered":"<p><strong>Jouet pour chat<\/strong> avec Matatabi qui stimulera l\u2019int\u00e9r\u00eat du f\u00e9lin pendant de longues minutes.<\/p>\n","protected":false},"featured_media":906367,"template":"","meta":[],"product_cat":[12548,2697,15793,2774],"product_tag":[],"class_list":{"0":"post-906369","1":"product","2":"type-product","3":"status-publish","4":"has-post-thumbnail","6":"product_cat-accessoire-du-chat","7":"product_cat-chat","8":"product_cat-jouets-pour-chat","9":"product_cat-souris-peluches-pour-chat","10":"pa_marque-wouapy","12":"first","13":"instock","14":"taxable","15":"shipping-taxable","16":"purchasable","17":"product-type-variable"},"yoast_head":"<!-- This site is optimized with the Yoast SEO plugin v27.3 - https:\/\/yoast.com\/product\/yoast-seo-wordpress\/ -->\n<title>Jouet Poisson \u00e0 Plumes pour Chat Wouapy - V\u00e9torino<\/title>\n<meta name=\"description\" content=\"Jouet pour chat avec Matatabi qui stimulera l\u2019int\u00e9r\u00eat du f\u00e9lin pendant de longues minutes.\" \/>\n<meta name=\"robots\" content=\"noindex, nofollow\" \/>\n<meta property=\"og:locale\" content=\"fr_FR\" \/>\n<meta property=\"og:type\" content=\"article\" \/>\n<meta property=\"og:title\" content=\"Jouet Poisson \u00e0 Plumes pour Chat Wouapy - V\u00e9torino\" \/>\n<meta property=\"og:description\" content=\"Jouet pour chat avec Matatabi qui stimulera l\u2019int\u00e9r\u00eat du f\u00e9lin pendant de longues minutes.\" \/>\n<meta property=\"og:url\" content=\"https:\/\/www.vetorino.com\/veterinaire\/landos-43340\/boutique\/product\/jouet-matatabi\/\" \/>\n<meta property=\"og:site_name\" content=\"V\u00e9torino\" \/>\n<meta property=\"article:publisher\" content=\"https:\/\/www.facebook.com\/Vetorino\/\" \/>\n<meta property=\"article:modified_time\" content=\"2024-04-29T12:36:31+00:00\" \/>\n<meta property=\"og:image\" content=\"https:\/\/www.vetorino.com\/boutique\/wp-content\/uploads\/2024\/04\/1149580-1.jpg\" \/>\n\t<meta property=\"og:image:width\" content=\"600\" \/>\n\t<meta property=\"og:image:height\" content=\"392\" \/>\n\t<meta property=\"og:image:type\" content=\"image\/jpeg\" \/>\n<meta name=\"twitter:card\" content=\"summary_large_image\" \/>\n<meta name=\"twitter:label1\" content=\"Disponibilit\u00e9\" \/>\n\t<meta name=\"twitter:data1\" content=\"En stock\" \/>\n<script type=\"application\/ld+json\" class=\"yoast-schema-graph\">{\"@context\":\"https:\\\/\\\/schema.org\",\"@graph\":[{\"@type\":\"WebPage\",\"@id\":\"https:\\\/\\\/www.vetorino.com\\\/boutique\\\/product\\\/jouet-matatabi\\\/\",\"url\":\"https:\\\/\\\/www.vetorino.com\\\/boutique\\\/product\\\/jouet-matatabi\\\/\",\"name\":\"Jouet Poisson \u00e0 Plumes pour Chat Wouapy - V\u00e9torino\",\"isPartOf\":{\"@id\":\"https:\\\/\\\/www.vetorino.com\\\/boutique\\\/#website\"},\"primaryImageOfPage\":{\"@id\":\"https:\\\/\\\/www.vetorino.com\\\/boutique\\\/product\\\/jouet-matatabi\\\/#primaryimage\"},\"image\":{\"@id\":\"https:\\\/\\\/www.vetorino.com\\\/boutique\\\/product\\\/jouet-matatabi\\\/#primaryimage\"},\"thumbnailUrl\":\"https:\\\/\\\/www.vetorino.com\\\/boutique\\\/wp-content\\\/uploads\\\/2024\\\/04\\\/1149580-1.jpg\",\"datePublished\":\"2024-04-26T15:38:33+00:00\",\"dateModified\":\"2024-04-29T12:36:31+00:00\",\"description\":\"Jouet pour chat avec Matatabi qui stimulera l\u2019int\u00e9r\u00eat du f\u00e9lin pendant de longues minutes.\",\"breadcrumb\":{\"@id\":\"https:\\\/\\\/www.vetorino.com\\\/boutique\\\/product\\\/jouet-matatabi\\\/#breadcrumb\"},\"inLanguage\":\"fr-FR\",\"potentialAction\":[{\"@type\":\"ReadAction\",\"target\":[\"https:\\\/\\\/www.vetorino.com\\\/boutique\\\/product\\\/jouet-matatabi\\\/\"]}]},{\"@type\":\"ImageObject\",\"inLanguage\":\"fr-FR\",\"@id\":\"https:\\\/\\\/www.vetorino.com\\\/boutique\\\/product\\\/jouet-matatabi\\\/#primaryimage\",\"url\":\"https:\\\/\\\/www.vetorino.com\\\/boutique\\\/wp-content\\\/uploads\\\/2024\\\/04\\\/1149580-1.jpg\",\"contentUrl\":\"https:\\\/\\\/www.vetorino.com\\\/boutique\\\/wp-content\\\/uploads\\\/2024\\\/04\\\/1149580-1.jpg\",\"width\":600,\"height\":392},{\"@type\":\"BreadcrumbList\",\"@id\":\"https:\\\/\\\/www.vetorino.com\\\/boutique\\\/product\\\/jouet-matatabi\\\/#breadcrumb\",\"itemListElement\":[{\"@type\":\"ListItem\",\"position\":1,\"name\":\"Accueil\",\"item\":\"https:\\\/\\\/www.vetorino.com\\\/boutique\\\/\"},{\"@type\":\"ListItem\",\"position\":2,\"name\":\"Produits\",\"item\":\"https:\\\/\\\/www.vetorino.com\\\/boutique\\\/\"},{\"@type\":\"ListItem\",\"position\":3,\"name\":\"Jouet Poisson \u00e0 Plumes pour Chat\"}]},{\"@type\":\"WebSite\",\"@id\":\"https:\\\/\\\/www.vetorino.com\\\/boutique\\\/#website\",\"url\":\"https:\\\/\\\/www.vetorino.com\\\/boutique\\\/\",\"name\":\"V\u00e9torino\",\"description\":\"\",\"publisher\":{\"@id\":\"https:\\\/\\\/www.vetorino.com\\\/boutique\\\/#organization\"},\"potentialAction\":[{\"@type\":\"SearchAction\",\"target\":{\"@type\":\"EntryPoint\",\"urlTemplate\":\"https:\\\/\\\/www.vetorino.com\\\/boutique\\\/?s={search_term_string}\"},\"query-input\":{\"@type\":\"PropertyValueSpecification\",\"valueRequired\":true,\"valueName\":\"search_term_string\"}}],\"inLanguage\":\"fr-FR\"},{\"@type\":\"Organization\",\"@id\":\"https:\\\/\\\/www.vetorino.com\\\/boutique\\\/#organization\",\"name\":\"V\u00e9torino\",\"url\":\"https:\\\/\\\/www.vetorino.com\\\/boutique\\\/\",\"logo\":{\"@type\":\"ImageObject\",\"inLanguage\":\"fr-FR\",\"@id\":\"https:\\\/\\\/www.vetorino.com\\\/boutique\\\/#\\\/schema\\\/logo\\\/image\\\/\",\"url\":\"https:\\\/\\\/www.vetorino.com\\\/boutique\\\/wp-content\\\/uploads\\\/2024\\\/10\\\/logo.jpg\",\"contentUrl\":\"https:\\\/\\\/www.vetorino.com\\\/boutique\\\/wp-content\\\/uploads\\\/2024\\\/10\\\/logo.jpg\",\"width\":1200,\"height\":610,\"caption\":\"V\u00e9torino\"},\"image\":{\"@id\":\"https:\\\/\\\/www.vetorino.com\\\/boutique\\\/#\\\/schema\\\/logo\\\/image\\\/\"},\"sameAs\":[\"https:\\\/\\\/www.facebook.com\\\/Vetorino\\\/\",\"https:\\\/\\\/www.instagram.com\\\/vetorino_off\\\/\",\"https:\\\/\\\/www.linkedin.com\\\/company\\\/vtorino\\\/\"]}]}<\/script>\n<meta property=\"product:brand\" content=\"Wouapy\" \/>\n<meta property=\"og:availability\" content=\"instock\" \/>\n<meta property=\"product:availability\" content=\"instock\" \/>\n<meta property=\"product:condition\" content=\"new\" \/>\n<!-- \/ Yoast SEO plugin. -->","yoast_head_json":{"title":"Jouet Poisson \u00e0 Plumes pour Chat Wouapy - V\u00e9torino","description":"Jouet pour chat avec Matatabi qui stimulera l\u2019int\u00e9r\u00eat du f\u00e9lin pendant de longues minutes.","robots":{"index":"noindex","follow":"nofollow"},"og_locale":"fr_FR","og_type":"article","og_title":"Jouet Poisson \u00e0 Plumes pour Chat Wouapy - V\u00e9torino","og_description":"Jouet pour chat avec Matatabi qui stimulera l\u2019int\u00e9r\u00eat du f\u00e9lin pendant de longues minutes.","og_url":"https:\/\/www.vetorino.com\/veterinaire\/landos-43340\/boutique\/product\/jouet-matatabi\/","og_site_name":"V\u00e9torino","article_publisher":"https:\/\/www.facebook.com\/Vetorino\/","article_modified_time":"2024-04-29T12:36:31+00:00","og_image":[{"width":600,"height":392,"url":"https:\/\/www.vetorino.com\/boutique\/wp-content\/uploads\/2024\/04\/1149580-1.jpg","type":"image\/jpeg"}],"twitter_card":"summary_large_image","twitter_misc":{"Disponibilit\u00e9":"En stock"},"schema":{"@context":"https:\/\/schema.org","@graph":[{"@type":"WebPage","@id":"https:\/\/www.vetorino.com\/boutique\/product\/jouet-matatabi\/","url":"https:\/\/www.vetorino.com\/boutique\/product\/jouet-matatabi\/","name":"Jouet Poisson \u00e0 Plumes pour Chat Wouapy - V\u00e9torino","isPartOf":{"@id":"https:\/\/www.vetorino.com\/boutique\/#website"},"primaryImageOfPage":{"@id":"https:\/\/www.vetorino.com\/boutique\/product\/jouet-matatabi\/#primaryimage"},"image":{"@id":"https:\/\/www.vetorino.com\/boutique\/product\/jouet-matatabi\/#primaryimage"},"thumbnailUrl":"https:\/\/www.vetorino.com\/boutique\/wp-content\/uploads\/2024\/04\/1149580-1.jpg","datePublished":"2024-04-26T15:38:33+00:00","dateModified":"2024-04-29T12:36:31+00:00","description":"Jouet pour chat avec Matatabi qui stimulera l\u2019int\u00e9r\u00eat du f\u00e9lin pendant de longues minutes.","breadcrumb":{"@id":"https:\/\/www.vetorino.com\/boutique\/product\/jouet-matatabi\/#breadcrumb"},"inLanguage":"fr-FR","potentialAction":[{"@type":"ReadAction","target":["https:\/\/www.vetorino.com\/boutique\/product\/jouet-matatabi\/"]}]},{"@type":"ImageObject","inLanguage":"fr-FR","@id":"https:\/\/www.vetorino.com\/boutique\/product\/jouet-matatabi\/#primaryimage","url":"https:\/\/www.vetorino.com\/boutique\/wp-content\/uploads\/2024\/04\/1149580-1.jpg","contentUrl":"https:\/\/www.vetorino.com\/boutique\/wp-content\/uploads\/2024\/04\/1149580-1.jpg","width":600,"height":392},{"@type":"BreadcrumbList","@id":"https:\/\/www.vetorino.com\/boutique\/product\/jouet-matatabi\/#breadcrumb","itemListElement":[{"@type":"ListItem","position":1,"name":"Accueil","item":"https:\/\/www.vetorino.com\/boutique\/"},{"@type":"ListItem","position":2,"name":"Produits","item":"https:\/\/www.vetorino.com\/boutique\/"},{"@type":"ListItem","position":3,"name":"Jouet Poisson \u00e0 Plumes pour Chat"}]},{"@type":"WebSite","@id":"https:\/\/www.vetorino.com\/boutique\/#website","url":"https:\/\/www.vetorino.com\/boutique\/","name":"V\u00e9torino","description":"","publisher":{"@id":"https:\/\/www.vetorino.com\/boutique\/#organization"},"potentialAction":[{"@type":"SearchAction","target":{"@type":"EntryPoint","urlTemplate":"https:\/\/www.vetorino.com\/boutique\/?s={search_term_string}"},"query-input":{"@type":"PropertyValueSpecification","valueRequired":true,"valueName":"search_term_string"}}],"inLanguage":"fr-FR"},{"@type":"Organization","@id":"https:\/\/www.vetorino.com\/boutique\/#organization","name":"V\u00e9torino","url":"https:\/\/www.vetorino.com\/boutique\/","logo":{"@type":"ImageObject","inLanguage":"fr-FR","@id":"https:\/\/www.vetorino.com\/boutique\/#\/schema\/logo\/image\/","url":"https:\/\/www.vetorino.com\/boutique\/wp-content\/uploads\/2024\/10\/logo.jpg","contentUrl":"https:\/\/www.vetorino.com\/boutique\/wp-content\/uploads\/2024\/10\/logo.jpg","width":1200,"height":610,"caption":"V\u00e9torino"},"image":{"@id":"https:\/\/www.vetorino.com\/boutique\/#\/schema\/logo\/image\/"},"sameAs":["https:\/\/www.facebook.com\/Vetorino\/","https:\/\/www.instagram.com\/vetorino_off\/","https:\/\/www.linkedin.com\/company\/vtorino\/"]}]},"product_brand":"Wouapy","og_availability":"instock","product_availability":"instock","product_condition":"new"},"_links":{"self":[{"href":"https:\/\/www.vetorino.com\/veterinaire\/landos-43340\/boutique\/wp-json\/wp\/v2\/product\/906369","targetHints":{"allow":["GET"]}}],"collection":[{"href":"https:\/\/www.vetorino.com\/veterinaire\/landos-43340\/boutique\/wp-json\/wp\/v2\/product"}],"about":[{"href":"https:\/\/www.vetorino.com\/veterinaire\/landos-43340\/boutique\/wp-json\/wp\/v2\/types\/product"}],"wp:featuredmedia":[{"embeddable":true,"href":"https:\/\/www.vetorino.com\/veterinaire\/landos-43340\/boutique\/wp-json\/wp\/v2\/media\/906367"}],"wp:attachment":[{"href":"https:\/\/www.vetorino.com\/veterinaire\/landos-43340\/boutique\/wp-json\/wp\/v2\/media?parent=906369"}],"wp:term":[{"taxonomy":"product_cat","embeddable":true,"href":"https:\/\/www.vetorino.com\/veterinaire\/landos-43340\/boutique\/wp-json\/wp\/v2\/product_cat?post=906369"},{"taxonomy":"product_tag","embeddable":true,"href":"https:\/\/www.vetorino.com\/veterinaire\/landos-43340\/boutique\/wp-json\/wp\/v2\/product_tag?post=906369"}],"curies":[{"name":"wp","href":"https:\/\/api.w.org\/{rel}","templated":true}]}}