{"id":35046,"date":"2020-03-04T22:05:27","date_gmt":"2020-03-04T21:05:27","guid":{"rendered":"https:\/\/www.vetorino.com\/boutique\/product\/tonivet-chien-adulte-maxi-26-16\/"},"modified":"2022-01-14T11:07:14","modified_gmt":"2022-01-14T10:07:14","slug":"tonivet-chien-adulte-maxi-26-16","status":"publish","type":"product","link":"https:\/\/www.vetorino.com\/veterinaire\/lasalvetatsaintgilles-31880\/boutique\/product\/tonivet-chien-adulte-maxi-26-16\/","title":{"rendered":"Croquettes Chien ADULT MAXI &#8211; Tonivet"},"content":{"rendered":"<div class=\"hidden\">Tonivet<\/div>\n<p>Croquettes \u00e9labor\u00e9es pour r\u00e9pondre au statut carnivore du chien gr\u00e2ce \u00e0 une alimentation riche en prot\u00e9ines d\u2019origine animale, de haute digestibilit\u00e9 et une teneur raisonn\u00e9e en cendre.<\/p>\n<p>Demandez conseil \u00e0 votre v\u00e9t\u00e9rinaire pour conna\u00eetre les quantit\u00e9s journali\u00e8res selon le poids de l&#8217;animal. De l&#8217;eau fra\u00eeche et propre doit \u00eatre disponible \u00e0 tout moment de la journ\u00e9e.<\/p>\n<p><strong>Utilisation\u00a0<\/strong><\/p>\n<ul>\n<li>Chien \u00e2g\u00e9 entre 18 mois et 6 ans<\/li>\n<li>Grande race (plus de 25 kg)<\/li>\n<\/ul>\n<p><strong>Bienfaits essentiels\u00a0<\/strong><\/p>\n<ul>\n<li>Formulation faible en glucides assimilables.<\/li>\n<li>Aliment parfaitement dos\u00e9 en acides anim\u00e9s, acides gras essentiels et vitamines\u00a0pour les chiens adultes.<\/li>\n<li>Fabriqu\u00e9 \u00e0 partir de prot\u00e9ines d\u00e9shydrat\u00e9es de canard-volaille, viandes blanches et de graisse de canard qui conf\u00e8rent au produit une tr\u00e8s bonne digestibilit\u00e9.<\/li>\n<\/ul>\n<p>&nbsp;<\/p>\n<p>INGREDIENTS Prot\u00e9ines animales d\u00e9shydrat\u00e9es 32% (dont canard 38%, porc 35%, poulet 27%), ma\u00efs, graisse de canard, riz, poudre d&#8217;oeuf, levure de bi\u00e8re, pulpe de betterave, prot\u00e9ine de ma\u00efs, hydrolysat de prot\u00e9ines animales, farine de saumon, chlorure de sodium, glucosamine (origine marine), sulfate de chondro\u00eftine, graines de chia, inuline de chicor\u00e9e (FOS), parois de levures Saccharomyces cerevisiae (riche en ?-Glucanes et MOS), huile de poisson, yucca schidigera, camellia sp, quillaja saponaria. \u00c9nergie m\u00e9tabolisable calcul\u00e9e (NRC 85): 356 Kcal\/100g.<\/p>\n","protected":false},"excerpt":{"rendered":"<p>Les croquettes ADULTE MAXI, sont adapt\u00e9es pour les <strong>chien adultes<\/strong> \u00e2g\u00e9s de <strong>14 mois \u00e0 6 ans<\/strong> et pesant plus de <strong>26 kg<\/strong>. Ces croquettes sont \u00e9labor\u00e9es pour <strong>r\u00e9pondre au statut carnivore<\/strong> du chien gr\u00e2ce \u00e0 une , de haute digestibilit\u00e9 et une teneur raisonn\u00e9e en cendre.<\/p>\n","protected":false},"featured_media":77388,"template":"","meta":[],"product_cat":[12552,12584,2698],"product_tag":[],"class_list":{"0":"post-35046","1":"product","2":"type-product","3":"status-publish","4":"has-post-thumbnail","6":"product_cat-alimentation-du-chien","7":"product_cat-alimentation-premium-pour-chien","8":"product_cat-chien","9":"pa_marque-tonivet","11":"first","12":"instock","13":"taxable","14":"shipping-taxable","15":"purchasable","16":"product-type-simple"},"yoast_head":"<!-- This site is optimized with the Yoast SEO plugin v27.3 - https:\/\/yoast.com\/product\/yoast-seo-wordpress\/ -->\n<title>Croquettes Chien ADULT MAXI - Tonivet Tonivet - V\u00e9torino<\/title>\n<meta name=\"description\" content=\"Les croquettes ADULTE MAXI, sont adapt\u00e9es pour les chien adultes \u00e2g\u00e9s de 14 mois \u00e0 6 ans et pesant plus de 26 kg. Ces croquettes sont \u00e9labor\u00e9es pour r\u00e9pondre au statut carnivore du chien gr\u00e2ce \u00e0 une , de haute digestibilit\u00e9 et une teneur raisonn\u00e9e en cendre.\" \/>\n<meta name=\"robots\" content=\"noindex, nofollow\" \/>\n<meta property=\"og:locale\" content=\"fr_FR\" \/>\n<meta property=\"og:type\" content=\"article\" \/>\n<meta property=\"og:title\" content=\"Croquettes Chien ADULT MAXI - Tonivet Tonivet - V\u00e9torino\" \/>\n<meta property=\"og:description\" content=\"Les croquettes ADULTE MAXI, sont adapt\u00e9es pour les chien adultes \u00e2g\u00e9s de 14 mois \u00e0 6 ans et pesant plus de 26 kg. Ces croquettes sont \u00e9labor\u00e9es pour r\u00e9pondre au statut carnivore du chien gr\u00e2ce \u00e0 une , de haute digestibilit\u00e9 et une teneur raisonn\u00e9e en cendre.\" \/>\n<meta property=\"og:url\" content=\"https:\/\/www.vetorino.com\/veterinaire\/lasalvetatsaintgilles-31880\/boutique\/product\/tonivet-chien-adulte-maxi-26-16\/\" \/>\n<meta property=\"og:site_name\" content=\"V\u00e9torino\" \/>\n<meta property=\"article:publisher\" content=\"https:\/\/www.facebook.com\/Vetorino\/\" \/>\n<meta property=\"article:modified_time\" content=\"2022-01-14T10:07:14+00:00\" \/>\n<meta property=\"og:image\" content=\"https:\/\/www.vetorino.com\/boutique\/wp-content\/uploads\/2020\/03\/croquettes-adult-maxi-chien-sac-15-kg-tonivet-14.jpg\" \/>\n\t<meta property=\"og:image:width\" content=\"700\" \/>\n\t<meta property=\"og:image:height\" content=\"800\" \/>\n\t<meta property=\"og:image:type\" content=\"image\/jpeg\" \/>\n<meta name=\"twitter:card\" content=\"summary_large_image\" \/>\n<meta name=\"twitter:label1\" content=\"Prix\" \/>\n\t<meta name=\"twitter:data1\" content=\"50,76&euro;\" \/>\n\t<meta name=\"twitter:label2\" content=\"Disponibilit\u00e9\" \/>\n\t<meta name=\"twitter:data2\" content=\"En stock\" \/>\n<script type=\"application\/ld+json\" class=\"yoast-schema-graph\">{\"@context\":\"https:\\\/\\\/schema.org\",\"@graph\":[{\"@type\":\"WebPage\",\"@id\":\"https:\\\/\\\/www.vetorino.com\\\/boutique\\\/product\\\/tonivet-chien-adulte-maxi-26-16\\\/\",\"url\":\"https:\\\/\\\/www.vetorino.com\\\/boutique\\\/product\\\/tonivet-chien-adulte-maxi-26-16\\\/\",\"name\":\"Croquettes Chien ADULT MAXI - Tonivet Tonivet - V\u00e9torino\",\"isPartOf\":{\"@id\":\"https:\\\/\\\/www.vetorino.com\\\/boutique\\\/#website\"},\"primaryImageOfPage\":{\"@id\":\"https:\\\/\\\/www.vetorino.com\\\/boutique\\\/product\\\/tonivet-chien-adulte-maxi-26-16\\\/#primaryimage\"},\"image\":{\"@id\":\"https:\\\/\\\/www.vetorino.com\\\/boutique\\\/product\\\/tonivet-chien-adulte-maxi-26-16\\\/#primaryimage\"},\"thumbnailUrl\":\"https:\\\/\\\/www.vetorino.com\\\/boutique\\\/wp-content\\\/uploads\\\/2020\\\/03\\\/croquettes-adult-maxi-chien-sac-15-kg-tonivet-14.jpg\",\"datePublished\":\"2020-03-04T21:05:27+00:00\",\"dateModified\":\"2022-01-14T10:07:14+00:00\",\"description\":\"Les croquettes ADULTE MAXI, sont adapt\u00e9es pour les chien adultes \u00e2g\u00e9s de 14 mois \u00e0 6 ans et pesant plus de 26 kg. Ces croquettes sont \u00e9labor\u00e9es pour r\u00e9pondre au statut carnivore du chien gr\u00e2ce \u00e0 une , de haute digestibilit\u00e9 et une teneur raisonn\u00e9e en cendre.\",\"breadcrumb\":{\"@id\":\"https:\\\/\\\/www.vetorino.com\\\/boutique\\\/product\\\/tonivet-chien-adulte-maxi-26-16\\\/#breadcrumb\"},\"inLanguage\":\"fr-FR\",\"potentialAction\":[{\"@type\":\"ReadAction\",\"target\":[\"https:\\\/\\\/www.vetorino.com\\\/boutique\\\/product\\\/tonivet-chien-adulte-maxi-26-16\\\/\"]}]},{\"@type\":\"ImageObject\",\"inLanguage\":\"fr-FR\",\"@id\":\"https:\\\/\\\/www.vetorino.com\\\/boutique\\\/product\\\/tonivet-chien-adulte-maxi-26-16\\\/#primaryimage\",\"url\":\"https:\\\/\\\/www.vetorino.com\\\/boutique\\\/wp-content\\\/uploads\\\/2020\\\/03\\\/croquettes-adult-maxi-chien-sac-15-kg-tonivet-14.jpg\",\"contentUrl\":\"https:\\\/\\\/www.vetorino.com\\\/boutique\\\/wp-content\\\/uploads\\\/2020\\\/03\\\/croquettes-adult-maxi-chien-sac-15-kg-tonivet-14.jpg\",\"width\":700,\"height\":800},{\"@type\":\"BreadcrumbList\",\"@id\":\"https:\\\/\\\/www.vetorino.com\\\/boutique\\\/product\\\/tonivet-chien-adulte-maxi-26-16\\\/#breadcrumb\",\"itemListElement\":[{\"@type\":\"ListItem\",\"position\":1,\"name\":\"Accueil\",\"item\":\"https:\\\/\\\/www.vetorino.com\\\/boutique\\\/\"},{\"@type\":\"ListItem\",\"position\":2,\"name\":\"Produits\",\"item\":\"https:\\\/\\\/www.vetorino.com\\\/boutique\\\/\"},{\"@type\":\"ListItem\",\"position\":3,\"name\":\"Croquettes Chien ADULT MAXI &#8211; Tonivet\"}]},{\"@type\":\"WebSite\",\"@id\":\"https:\\\/\\\/www.vetorino.com\\\/boutique\\\/#website\",\"url\":\"https:\\\/\\\/www.vetorino.com\\\/boutique\\\/\",\"name\":\"V\u00e9torino\",\"description\":\"\",\"publisher\":{\"@id\":\"https:\\\/\\\/www.vetorino.com\\\/boutique\\\/#organization\"},\"potentialAction\":[{\"@type\":\"SearchAction\",\"target\":{\"@type\":\"EntryPoint\",\"urlTemplate\":\"https:\\\/\\\/www.vetorino.com\\\/boutique\\\/?s={search_term_string}\"},\"query-input\":{\"@type\":\"PropertyValueSpecification\",\"valueRequired\":true,\"valueName\":\"search_term_string\"}}],\"inLanguage\":\"fr-FR\"},{\"@type\":\"Organization\",\"@id\":\"https:\\\/\\\/www.vetorino.com\\\/boutique\\\/#organization\",\"name\":\"V\u00e9torino\",\"url\":\"https:\\\/\\\/www.vetorino.com\\\/boutique\\\/\",\"logo\":{\"@type\":\"ImageObject\",\"inLanguage\":\"fr-FR\",\"@id\":\"https:\\\/\\\/www.vetorino.com\\\/boutique\\\/#\\\/schema\\\/logo\\\/image\\\/\",\"url\":\"https:\\\/\\\/www.vetorino.com\\\/boutique\\\/wp-content\\\/uploads\\\/2024\\\/10\\\/logo.jpg\",\"contentUrl\":\"https:\\\/\\\/www.vetorino.com\\\/boutique\\\/wp-content\\\/uploads\\\/2024\\\/10\\\/logo.jpg\",\"width\":1200,\"height\":610,\"caption\":\"V\u00e9torino\"},\"image\":{\"@id\":\"https:\\\/\\\/www.vetorino.com\\\/boutique\\\/#\\\/schema\\\/logo\\\/image\\\/\"},\"sameAs\":[\"https:\\\/\\\/www.facebook.com\\\/Vetorino\\\/\",\"https:\\\/\\\/www.instagram.com\\\/vetorino_off\\\/\",\"https:\\\/\\\/www.linkedin.com\\\/company\\\/vtorino\\\/\"]}]}<\/script>\n<meta property=\"product:brand\" content=\"Tonivet\" \/>\n<meta property=\"product:price:amount\" content=\"50.76\" \/>\n<meta property=\"product:price:currency\" content=\"EUR\" \/>\n<meta property=\"og:availability\" content=\"instock\" \/>\n<meta property=\"product:availability\" content=\"instock\" \/>\n<meta property=\"product:retailer_item_id\" content=\"A-1839620\" \/>\n<meta property=\"product:condition\" content=\"new\" \/>\n<!-- \/ Yoast SEO plugin. -->","yoast_head_json":{"title":"Croquettes Chien ADULT MAXI - Tonivet Tonivet - V\u00e9torino","description":"Les croquettes ADULTE MAXI, sont adapt\u00e9es pour les chien adultes \u00e2g\u00e9s de 14 mois \u00e0 6 ans et pesant plus de 26 kg. Ces croquettes sont \u00e9labor\u00e9es pour r\u00e9pondre au statut carnivore du chien gr\u00e2ce \u00e0 une , de haute digestibilit\u00e9 et une teneur raisonn\u00e9e en cendre.","robots":{"index":"noindex","follow":"nofollow"},"og_locale":"fr_FR","og_type":"article","og_title":"Croquettes Chien ADULT MAXI - Tonivet Tonivet - V\u00e9torino","og_description":"Les croquettes ADULTE MAXI, sont adapt\u00e9es pour les chien adultes \u00e2g\u00e9s de 14 mois \u00e0 6 ans et pesant plus de 26 kg. Ces croquettes sont \u00e9labor\u00e9es pour r\u00e9pondre au statut carnivore du chien gr\u00e2ce \u00e0 une , de haute digestibilit\u00e9 et une teneur raisonn\u00e9e en cendre.","og_url":"https:\/\/www.vetorino.com\/veterinaire\/lasalvetatsaintgilles-31880\/boutique\/product\/tonivet-chien-adulte-maxi-26-16\/","og_site_name":"V\u00e9torino","article_publisher":"https:\/\/www.facebook.com\/Vetorino\/","article_modified_time":"2022-01-14T10:07:14+00:00","og_image":[{"width":700,"height":800,"url":"https:\/\/www.vetorino.com\/boutique\/wp-content\/uploads\/2020\/03\/croquettes-adult-maxi-chien-sac-15-kg-tonivet-14.jpg","type":"image\/jpeg"}],"twitter_card":"summary_large_image","twitter_misc":{"Prix":"50,76&euro;","Disponibilit\u00e9":"En stock"},"schema":{"@context":"https:\/\/schema.org","@graph":[{"@type":"WebPage","@id":"https:\/\/www.vetorino.com\/boutique\/product\/tonivet-chien-adulte-maxi-26-16\/","url":"https:\/\/www.vetorino.com\/boutique\/product\/tonivet-chien-adulte-maxi-26-16\/","name":"Croquettes Chien ADULT MAXI - Tonivet Tonivet - V\u00e9torino","isPartOf":{"@id":"https:\/\/www.vetorino.com\/boutique\/#website"},"primaryImageOfPage":{"@id":"https:\/\/www.vetorino.com\/boutique\/product\/tonivet-chien-adulte-maxi-26-16\/#primaryimage"},"image":{"@id":"https:\/\/www.vetorino.com\/boutique\/product\/tonivet-chien-adulte-maxi-26-16\/#primaryimage"},"thumbnailUrl":"https:\/\/www.vetorino.com\/boutique\/wp-content\/uploads\/2020\/03\/croquettes-adult-maxi-chien-sac-15-kg-tonivet-14.jpg","datePublished":"2020-03-04T21:05:27+00:00","dateModified":"2022-01-14T10:07:14+00:00","description":"Les croquettes ADULTE MAXI, sont adapt\u00e9es pour les chien adultes \u00e2g\u00e9s de 14 mois \u00e0 6 ans et pesant plus de 26 kg. Ces croquettes sont \u00e9labor\u00e9es pour r\u00e9pondre au statut carnivore du chien gr\u00e2ce \u00e0 une , de haute digestibilit\u00e9 et une teneur raisonn\u00e9e en cendre.","breadcrumb":{"@id":"https:\/\/www.vetorino.com\/boutique\/product\/tonivet-chien-adulte-maxi-26-16\/#breadcrumb"},"inLanguage":"fr-FR","potentialAction":[{"@type":"ReadAction","target":["https:\/\/www.vetorino.com\/boutique\/product\/tonivet-chien-adulte-maxi-26-16\/"]}]},{"@type":"ImageObject","inLanguage":"fr-FR","@id":"https:\/\/www.vetorino.com\/boutique\/product\/tonivet-chien-adulte-maxi-26-16\/#primaryimage","url":"https:\/\/www.vetorino.com\/boutique\/wp-content\/uploads\/2020\/03\/croquettes-adult-maxi-chien-sac-15-kg-tonivet-14.jpg","contentUrl":"https:\/\/www.vetorino.com\/boutique\/wp-content\/uploads\/2020\/03\/croquettes-adult-maxi-chien-sac-15-kg-tonivet-14.jpg","width":700,"height":800},{"@type":"BreadcrumbList","@id":"https:\/\/www.vetorino.com\/boutique\/product\/tonivet-chien-adulte-maxi-26-16\/#breadcrumb","itemListElement":[{"@type":"ListItem","position":1,"name":"Accueil","item":"https:\/\/www.vetorino.com\/boutique\/"},{"@type":"ListItem","position":2,"name":"Produits","item":"https:\/\/www.vetorino.com\/boutique\/"},{"@type":"ListItem","position":3,"name":"Croquettes Chien ADULT MAXI &#8211; Tonivet"}]},{"@type":"WebSite","@id":"https:\/\/www.vetorino.com\/boutique\/#website","url":"https:\/\/www.vetorino.com\/boutique\/","name":"V\u00e9torino","description":"","publisher":{"@id":"https:\/\/www.vetorino.com\/boutique\/#organization"},"potentialAction":[{"@type":"SearchAction","target":{"@type":"EntryPoint","urlTemplate":"https:\/\/www.vetorino.com\/boutique\/?s={search_term_string}"},"query-input":{"@type":"PropertyValueSpecification","valueRequired":true,"valueName":"search_term_string"}}],"inLanguage":"fr-FR"},{"@type":"Organization","@id":"https:\/\/www.vetorino.com\/boutique\/#organization","name":"V\u00e9torino","url":"https:\/\/www.vetorino.com\/boutique\/","logo":{"@type":"ImageObject","inLanguage":"fr-FR","@id":"https:\/\/www.vetorino.com\/boutique\/#\/schema\/logo\/image\/","url":"https:\/\/www.vetorino.com\/boutique\/wp-content\/uploads\/2024\/10\/logo.jpg","contentUrl":"https:\/\/www.vetorino.com\/boutique\/wp-content\/uploads\/2024\/10\/logo.jpg","width":1200,"height":610,"caption":"V\u00e9torino"},"image":{"@id":"https:\/\/www.vetorino.com\/boutique\/#\/schema\/logo\/image\/"},"sameAs":["https:\/\/www.facebook.com\/Vetorino\/","https:\/\/www.instagram.com\/vetorino_off\/","https:\/\/www.linkedin.com\/company\/vtorino\/"]}]},"product_brand":"Tonivet","product_price_amount":"50.76","product_price_currency":"EUR","og_availability":"instock","product_availability":"instock","product_retailer_item_id":"A-1839620","product_condition":"new"},"_links":{"self":[{"href":"https:\/\/www.vetorino.com\/veterinaire\/lasalvetatsaintgilles-31880\/boutique\/wp-json\/wp\/v2\/product\/35046","targetHints":{"allow":["GET"]}}],"collection":[{"href":"https:\/\/www.vetorino.com\/veterinaire\/lasalvetatsaintgilles-31880\/boutique\/wp-json\/wp\/v2\/product"}],"about":[{"href":"https:\/\/www.vetorino.com\/veterinaire\/lasalvetatsaintgilles-31880\/boutique\/wp-json\/wp\/v2\/types\/product"}],"wp:featuredmedia":[{"embeddable":true,"href":"https:\/\/www.vetorino.com\/veterinaire\/lasalvetatsaintgilles-31880\/boutique\/wp-json\/wp\/v2\/media\/77388"}],"wp:attachment":[{"href":"https:\/\/www.vetorino.com\/veterinaire\/lasalvetatsaintgilles-31880\/boutique\/wp-json\/wp\/v2\/media?parent=35046"}],"wp:term":[{"taxonomy":"product_cat","embeddable":true,"href":"https:\/\/www.vetorino.com\/veterinaire\/lasalvetatsaintgilles-31880\/boutique\/wp-json\/wp\/v2\/product_cat?post=35046"},{"taxonomy":"product_tag","embeddable":true,"href":"https:\/\/www.vetorino.com\/veterinaire\/lasalvetatsaintgilles-31880\/boutique\/wp-json\/wp\/v2\/product_tag?post=35046"}],"curies":[{"name":"wp","href":"https:\/\/api.w.org\/{rel}","templated":true}]}}