{"id":1362659,"date":"2025-06-07T05:35:09","date_gmt":"2025-06-07T03:35:09","guid":{"rendered":"https:\/\/www.vetorino.com\/boutique\/product\/advance-chien-puppy-mini-poulet\/"},"modified":"2025-10-29T17:55:08","modified_gmt":"2025-10-29T16:55:08","slug":"advance-chien-puppy-mini-poulet","status":"publish","type":"product","link":"https:\/\/www.vetorino.com\/veterinaire\/lens-62300\/boutique\/product\/advance-chien-puppy-mini-poulet\/","title":{"rendered":"Chien Puppy Mini Poulet"},"content":{"rendered":"<p><strong>Advance Puppy Mini<\/strong> est sp\u00e9cialement formul\u00e9 pour r\u00e9pondre aux besoins nutritionnels des chiots.<\/p>\n<p>Cet aliment est <strong>facile \u00e0 dig\u00e9rer<\/strong> et <strong>contribue au d\u00e9veloppement normal du cerveau et de la vision<\/strong>, et <strong>\u00e0 la croissance optimale des os<\/strong> gr\u00e2ce aux acides gras om\u00e9ga-3, vitamines et min\u00e9raux.<\/p>\n<p>Les nucl\u00e9otides contribuent \u00e0 <strong>maintenir la r\u00e9ponse immunitaire naturelle des chiens et chiots.<\/strong><\/p>\n<p>La taille des croquettes est adapt\u00e9e aux petits chiots.<\/p>\n","protected":false},"excerpt":{"rendered":"<p><strong>Advance Puppy Mini<\/strong> est sp\u00e9cialement formul\u00e9 pour r\u00e9pondre aux besoins nutritionnels des chiots.<\/p>\n<p>Cet aliment est <strong>facile \u00e0 dig\u00e9rer<\/strong> et <strong>contribue au d\u00e9veloppement normal du cerveau et de la vision<\/strong>, et <strong>\u00e0 la croissance optimale des os<\/strong> gr\u00e2ce aux acides gras om\u00e9ga-3, vitamines et min\u00e9raux.<\/p>\n<p>Les nucl\u00e9otides contribuent \u00e0 <strong>maintenir la r\u00e9ponse immunitaire naturelle des chiens et chiots.<\/strong><\/p>\n","protected":false},"featured_media":1312776,"template":"","meta":[],"product_cat":[12552,12584,2698],"product_tag":[],"class_list":{"0":"post-1362659","1":"product","2":"type-product","3":"status-publish","4":"has-post-thumbnail","6":"product_cat-alimentation-du-chien","7":"product_cat-alimentation-premium-pour-chien","8":"product_cat-chien","9":"pa_marque-advance","11":"first","12":"instock","13":"taxable","14":"shipping-taxable","15":"purchasable","16":"product-type-simple"},"yoast_head":"<!-- This site is optimized with the Yoast SEO plugin v27.3 - https:\/\/yoast.com\/product\/yoast-seo-wordpress\/ -->\n<title>Chien Puppy Mini Poulet Advance - V\u00e9torino<\/title>\n<meta name=\"description\" content=\"Advance Puppy Mini est sp\u00e9cialement formul\u00e9 pour r\u00e9pondre aux besoins nutritionnels des chiots.  Cet aliment est facile \u00e0 dig\u00e9rer et contribue au d\u00e9veloppement normal du cerveau et de la vision, et \u00e0 la croissance optimale des os gr\u00e2ce aux acides gras om\u00e9ga-3, vitamines et min\u00e9raux.  Les nucl\u00e9otides contribuent \u00e0 maintenir la r\u00e9ponse immunitaire naturelle des chiens et chiots.\" \/>\n<meta name=\"robots\" content=\"noindex, nofollow\" \/>\n<meta property=\"og:locale\" content=\"fr_FR\" \/>\n<meta property=\"og:type\" content=\"article\" \/>\n<meta property=\"og:title\" content=\"Chien Puppy Mini Poulet Advance - V\u00e9torino\" \/>\n<meta property=\"og:description\" content=\"Advance Puppy Mini est sp\u00e9cialement formul\u00e9 pour r\u00e9pondre aux besoins nutritionnels des chiots.  Cet aliment est facile \u00e0 dig\u00e9rer et contribue au d\u00e9veloppement normal du cerveau et de la vision, et \u00e0 la croissance optimale des os gr\u00e2ce aux acides gras om\u00e9ga-3, vitamines et min\u00e9raux.  Les nucl\u00e9otides contribuent \u00e0 maintenir la r\u00e9ponse immunitaire naturelle des chiens et chiots.\" \/>\n<meta property=\"og:url\" content=\"https:\/\/www.vetorino.com\/veterinaire\/lens-62300\/boutique\/product\/advance-chien-puppy-mini-poulet\/\" \/>\n<meta property=\"og:site_name\" content=\"V\u00e9torino\" \/>\n<meta property=\"article:publisher\" content=\"https:\/\/www.facebook.com\/Vetorino\/\" \/>\n<meta property=\"article:modified_time\" content=\"2025-10-29T16:55:08+00:00\" \/>\n<meta property=\"og:image\" content=\"https:\/\/www.vetorino.com\/boutique\/wp-content\/uploads\/2025\/05\/chiot-mini-advance.jpg\" \/>\n\t<meta property=\"og:image:width\" content=\"967\" \/>\n\t<meta property=\"og:image:height\" content=\"1024\" \/>\n\t<meta property=\"og:image:type\" content=\"image\/jpeg\" \/>\n<meta name=\"twitter:card\" content=\"summary_large_image\" \/>\n<meta name=\"twitter:label1\" content=\"Prix\" \/>\n\t<meta name=\"twitter:data1\" content=\"23,57&euro;\" \/>\n\t<meta name=\"twitter:label2\" content=\"Disponibilit\u00e9\" \/>\n\t<meta name=\"twitter:data2\" content=\"En stock\" \/>\n<script type=\"application\/ld+json\" class=\"yoast-schema-graph\">{\"@context\":\"https:\\\/\\\/schema.org\",\"@graph\":[{\"@type\":\"WebPage\",\"@id\":\"https:\\\/\\\/www.vetorino.com\\\/veterinaire\\\/briancon-05100\\\/boutique\\\/product\\\/advance-chien-puppy-mini-poulet\\\/\",\"url\":\"https:\\\/\\\/www.vetorino.com\\\/veterinaire\\\/briancon-05100\\\/boutique\\\/product\\\/advance-chien-puppy-mini-poulet\\\/\",\"name\":\"Chien Puppy Mini Poulet Advance - V\u00e9torino\",\"isPartOf\":{\"@id\":\"https:\\\/\\\/www.vetorino.com\\\/boutique\\\/#website\"},\"primaryImageOfPage\":{\"@id\":\"https:\\\/\\\/www.vetorino.com\\\/veterinaire\\\/briancon-05100\\\/boutique\\\/product\\\/advance-chien-puppy-mini-poulet\\\/#primaryimage\"},\"image\":{\"@id\":\"https:\\\/\\\/www.vetorino.com\\\/veterinaire\\\/briancon-05100\\\/boutique\\\/product\\\/advance-chien-puppy-mini-poulet\\\/#primaryimage\"},\"thumbnailUrl\":\"https:\\\/\\\/www.vetorino.com\\\/boutique\\\/wp-content\\\/uploads\\\/2025\\\/05\\\/chiot-mini-advance.jpg\",\"datePublished\":\"2025-06-07T03:35:09+00:00\",\"dateModified\":\"2025-10-29T16:55:08+00:00\",\"description\":\"Advance Puppy Mini est sp\u00e9cialement formul\u00e9 pour r\u00e9pondre aux besoins nutritionnels des chiots. Cet aliment est facile \u00e0 dig\u00e9rer et contribue au d\u00e9veloppement normal du cerveau et de la vision, et \u00e0 la croissance optimale des os gr\u00e2ce aux acides gras om\u00e9ga-3, vitamines et min\u00e9raux. Les nucl\u00e9otides contribuent \u00e0 maintenir la r\u00e9ponse immunitaire naturelle des chiens et chiots.\",\"breadcrumb\":{\"@id\":\"https:\\\/\\\/www.vetorino.com\\\/veterinaire\\\/briancon-05100\\\/boutique\\\/product\\\/advance-chien-puppy-mini-poulet\\\/#breadcrumb\"},\"inLanguage\":\"fr-FR\",\"potentialAction\":[{\"@type\":\"ReadAction\",\"target\":[\"https:\\\/\\\/www.vetorino.com\\\/veterinaire\\\/briancon-05100\\\/boutique\\\/product\\\/advance-chien-puppy-mini-poulet\\\/\"]}]},{\"@type\":\"ImageObject\",\"inLanguage\":\"fr-FR\",\"@id\":\"https:\\\/\\\/www.vetorino.com\\\/veterinaire\\\/briancon-05100\\\/boutique\\\/product\\\/advance-chien-puppy-mini-poulet\\\/#primaryimage\",\"url\":\"https:\\\/\\\/www.vetorino.com\\\/boutique\\\/wp-content\\\/uploads\\\/2025\\\/05\\\/chiot-mini-advance.jpg\",\"contentUrl\":\"https:\\\/\\\/www.vetorino.com\\\/boutique\\\/wp-content\\\/uploads\\\/2025\\\/05\\\/chiot-mini-advance.jpg\",\"width\":967,\"height\":1024},{\"@type\":\"BreadcrumbList\",\"@id\":\"https:\\\/\\\/www.vetorino.com\\\/veterinaire\\\/briancon-05100\\\/boutique\\\/product\\\/advance-chien-puppy-mini-poulet\\\/#breadcrumb\",\"itemListElement\":[{\"@type\":\"ListItem\",\"position\":1,\"name\":\"Accueil\",\"item\":\"https:\\\/\\\/www.vetorino.com\\\/boutique\\\/\"},{\"@type\":\"ListItem\",\"position\":2,\"name\":\"Produits\",\"item\":\"https:\\\/\\\/www.vetorino.com\\\/boutique\\\/\"},{\"@type\":\"ListItem\",\"position\":3,\"name\":\"Chien Puppy Mini Poulet\"}]},{\"@type\":\"WebSite\",\"@id\":\"https:\\\/\\\/www.vetorino.com\\\/boutique\\\/#website\",\"url\":\"https:\\\/\\\/www.vetorino.com\\\/boutique\\\/\",\"name\":\"V\u00e9torino\",\"description\":\"\",\"publisher\":{\"@id\":\"https:\\\/\\\/www.vetorino.com\\\/boutique\\\/#organization\"},\"potentialAction\":[{\"@type\":\"SearchAction\",\"target\":{\"@type\":\"EntryPoint\",\"urlTemplate\":\"https:\\\/\\\/www.vetorino.com\\\/boutique\\\/?s={search_term_string}\"},\"query-input\":{\"@type\":\"PropertyValueSpecification\",\"valueRequired\":true,\"valueName\":\"search_term_string\"}}],\"inLanguage\":\"fr-FR\"},{\"@type\":\"Organization\",\"@id\":\"https:\\\/\\\/www.vetorino.com\\\/boutique\\\/#organization\",\"name\":\"V\u00e9torino\",\"url\":\"https:\\\/\\\/www.vetorino.com\\\/boutique\\\/\",\"logo\":{\"@type\":\"ImageObject\",\"inLanguage\":\"fr-FR\",\"@id\":\"https:\\\/\\\/www.vetorino.com\\\/boutique\\\/#\\\/schema\\\/logo\\\/image\\\/\",\"url\":\"https:\\\/\\\/www.vetorino.com\\\/boutique\\\/wp-content\\\/uploads\\\/2024\\\/10\\\/logo.jpg\",\"contentUrl\":\"https:\\\/\\\/www.vetorino.com\\\/boutique\\\/wp-content\\\/uploads\\\/2024\\\/10\\\/logo.jpg\",\"width\":1200,\"height\":610,\"caption\":\"V\u00e9torino\"},\"image\":{\"@id\":\"https:\\\/\\\/www.vetorino.com\\\/boutique\\\/#\\\/schema\\\/logo\\\/image\\\/\"},\"sameAs\":[\"https:\\\/\\\/www.facebook.com\\\/Vetorino\\\/\",\"https:\\\/\\\/www.instagram.com\\\/vetorino_off\\\/\",\"https:\\\/\\\/www.linkedin.com\\\/company\\\/vtorino\\\/\"]}]}<\/script>\n<meta property=\"product:brand\" content=\"Advance\" \/>\n<meta property=\"product:price:amount\" content=\"23.57\" \/>\n<meta property=\"product:price:currency\" content=\"EUR\" \/>\n<meta property=\"og:availability\" content=\"instock\" \/>\n<meta property=\"product:availability\" content=\"instock\" \/>\n<meta property=\"product:retailer_item_id\" content=\"A-1891850\" \/>\n<meta property=\"product:condition\" content=\"new\" \/>\n<!-- \/ Yoast SEO plugin. -->","yoast_head_json":{"title":"Chien Puppy Mini Poulet Advance - V\u00e9torino","description":"Advance Puppy Mini est sp\u00e9cialement formul\u00e9 pour r\u00e9pondre aux besoins nutritionnels des chiots.  Cet aliment est facile \u00e0 dig\u00e9rer et contribue au d\u00e9veloppement normal du cerveau et de la vision, et \u00e0 la croissance optimale des os gr\u00e2ce aux acides gras om\u00e9ga-3, vitamines et min\u00e9raux.  Les nucl\u00e9otides contribuent \u00e0 maintenir la r\u00e9ponse immunitaire naturelle des chiens et chiots.","robots":{"index":"noindex","follow":"nofollow"},"og_locale":"fr_FR","og_type":"article","og_title":"Chien Puppy Mini Poulet Advance - V\u00e9torino","og_description":"Advance Puppy Mini est sp\u00e9cialement formul\u00e9 pour r\u00e9pondre aux besoins nutritionnels des chiots.  Cet aliment est facile \u00e0 dig\u00e9rer et contribue au d\u00e9veloppement normal du cerveau et de la vision, et \u00e0 la croissance optimale des os gr\u00e2ce aux acides gras om\u00e9ga-3, vitamines et min\u00e9raux.  Les nucl\u00e9otides contribuent \u00e0 maintenir la r\u00e9ponse immunitaire naturelle des chiens et chiots.","og_url":"https:\/\/www.vetorino.com\/veterinaire\/lens-62300\/boutique\/product\/advance-chien-puppy-mini-poulet\/","og_site_name":"V\u00e9torino","article_publisher":"https:\/\/www.facebook.com\/Vetorino\/","article_modified_time":"2025-10-29T16:55:08+00:00","og_image":[{"width":967,"height":1024,"url":"https:\/\/www.vetorino.com\/boutique\/wp-content\/uploads\/2025\/05\/chiot-mini-advance.jpg","type":"image\/jpeg"}],"twitter_card":"summary_large_image","twitter_misc":{"Prix":"23,57&euro;","Disponibilit\u00e9":"En stock"},"schema":{"@context":"https:\/\/schema.org","@graph":[{"@type":"WebPage","@id":"https:\/\/www.vetorino.com\/veterinaire\/briancon-05100\/boutique\/product\/advance-chien-puppy-mini-poulet\/","url":"https:\/\/www.vetorino.com\/veterinaire\/briancon-05100\/boutique\/product\/advance-chien-puppy-mini-poulet\/","name":"Chien Puppy Mini Poulet Advance - V\u00e9torino","isPartOf":{"@id":"https:\/\/www.vetorino.com\/boutique\/#website"},"primaryImageOfPage":{"@id":"https:\/\/www.vetorino.com\/veterinaire\/briancon-05100\/boutique\/product\/advance-chien-puppy-mini-poulet\/#primaryimage"},"image":{"@id":"https:\/\/www.vetorino.com\/veterinaire\/briancon-05100\/boutique\/product\/advance-chien-puppy-mini-poulet\/#primaryimage"},"thumbnailUrl":"https:\/\/www.vetorino.com\/boutique\/wp-content\/uploads\/2025\/05\/chiot-mini-advance.jpg","datePublished":"2025-06-07T03:35:09+00:00","dateModified":"2025-10-29T16:55:08+00:00","description":"Advance Puppy Mini est sp\u00e9cialement formul\u00e9 pour r\u00e9pondre aux besoins nutritionnels des chiots. Cet aliment est facile \u00e0 dig\u00e9rer et contribue au d\u00e9veloppement normal du cerveau et de la vision, et \u00e0 la croissance optimale des os gr\u00e2ce aux acides gras om\u00e9ga-3, vitamines et min\u00e9raux. Les nucl\u00e9otides contribuent \u00e0 maintenir la r\u00e9ponse immunitaire naturelle des chiens et chiots.","breadcrumb":{"@id":"https:\/\/www.vetorino.com\/veterinaire\/briancon-05100\/boutique\/product\/advance-chien-puppy-mini-poulet\/#breadcrumb"},"inLanguage":"fr-FR","potentialAction":[{"@type":"ReadAction","target":["https:\/\/www.vetorino.com\/veterinaire\/briancon-05100\/boutique\/product\/advance-chien-puppy-mini-poulet\/"]}]},{"@type":"ImageObject","inLanguage":"fr-FR","@id":"https:\/\/www.vetorino.com\/veterinaire\/briancon-05100\/boutique\/product\/advance-chien-puppy-mini-poulet\/#primaryimage","url":"https:\/\/www.vetorino.com\/boutique\/wp-content\/uploads\/2025\/05\/chiot-mini-advance.jpg","contentUrl":"https:\/\/www.vetorino.com\/boutique\/wp-content\/uploads\/2025\/05\/chiot-mini-advance.jpg","width":967,"height":1024},{"@type":"BreadcrumbList","@id":"https:\/\/www.vetorino.com\/veterinaire\/briancon-05100\/boutique\/product\/advance-chien-puppy-mini-poulet\/#breadcrumb","itemListElement":[{"@type":"ListItem","position":1,"name":"Accueil","item":"https:\/\/www.vetorino.com\/boutique\/"},{"@type":"ListItem","position":2,"name":"Produits","item":"https:\/\/www.vetorino.com\/boutique\/"},{"@type":"ListItem","position":3,"name":"Chien Puppy Mini Poulet"}]},{"@type":"WebSite","@id":"https:\/\/www.vetorino.com\/boutique\/#website","url":"https:\/\/www.vetorino.com\/boutique\/","name":"V\u00e9torino","description":"","publisher":{"@id":"https:\/\/www.vetorino.com\/boutique\/#organization"},"potentialAction":[{"@type":"SearchAction","target":{"@type":"EntryPoint","urlTemplate":"https:\/\/www.vetorino.com\/boutique\/?s={search_term_string}"},"query-input":{"@type":"PropertyValueSpecification","valueRequired":true,"valueName":"search_term_string"}}],"inLanguage":"fr-FR"},{"@type":"Organization","@id":"https:\/\/www.vetorino.com\/boutique\/#organization","name":"V\u00e9torino","url":"https:\/\/www.vetorino.com\/boutique\/","logo":{"@type":"ImageObject","inLanguage":"fr-FR","@id":"https:\/\/www.vetorino.com\/boutique\/#\/schema\/logo\/image\/","url":"https:\/\/www.vetorino.com\/boutique\/wp-content\/uploads\/2024\/10\/logo.jpg","contentUrl":"https:\/\/www.vetorino.com\/boutique\/wp-content\/uploads\/2024\/10\/logo.jpg","width":1200,"height":610,"caption":"V\u00e9torino"},"image":{"@id":"https:\/\/www.vetorino.com\/boutique\/#\/schema\/logo\/image\/"},"sameAs":["https:\/\/www.facebook.com\/Vetorino\/","https:\/\/www.instagram.com\/vetorino_off\/","https:\/\/www.linkedin.com\/company\/vtorino\/"]}]},"product_brand":"Advance","product_price_amount":"23.57","product_price_currency":"EUR","og_availability":"instock","product_availability":"instock","product_retailer_item_id":"A-1891850","product_condition":"new"},"_links":{"self":[{"href":"https:\/\/www.vetorino.com\/veterinaire\/lens-62300\/boutique\/wp-json\/wp\/v2\/product\/1362659","targetHints":{"allow":["GET"]}}],"collection":[{"href":"https:\/\/www.vetorino.com\/veterinaire\/lens-62300\/boutique\/wp-json\/wp\/v2\/product"}],"about":[{"href":"https:\/\/www.vetorino.com\/veterinaire\/lens-62300\/boutique\/wp-json\/wp\/v2\/types\/product"}],"wp:featuredmedia":[{"embeddable":true,"href":"https:\/\/www.vetorino.com\/veterinaire\/lens-62300\/boutique\/wp-json\/wp\/v2\/media\/1312776"}],"wp:attachment":[{"href":"https:\/\/www.vetorino.com\/veterinaire\/lens-62300\/boutique\/wp-json\/wp\/v2\/media?parent=1362659"}],"wp:term":[{"taxonomy":"product_cat","embeddable":true,"href":"https:\/\/www.vetorino.com\/veterinaire\/lens-62300\/boutique\/wp-json\/wp\/v2\/product_cat?post=1362659"},{"taxonomy":"product_tag","embeddable":true,"href":"https:\/\/www.vetorino.com\/veterinaire\/lens-62300\/boutique\/wp-json\/wp\/v2\/product_tag?post=1362659"}],"curies":[{"name":"wp","href":"https:\/\/api.w.org\/{rel}","templated":true}]}}