{"id":1499240,"date":"2025-09-22T15:18:13","date_gmt":"2025-09-22T13:18:13","guid":{"rendered":"https:\/\/www.vetorino.com\/boutique\/product\/vetexpert-icloderm-gel\/"},"modified":"2026-02-18T17:05:35","modified_gmt":"2026-02-18T16:05:35","slug":"vetexpert-icloderm-gel","status":"publish","type":"product","link":"https:\/\/www.vetorino.com\/veterinaire\/lens-62300\/boutique\/product\/vetexpert-icloderm-gel\/","title":{"rendered":"Icloderm &#8211; chien chat"},"content":{"rendered":"<p><strong>Utilisation :<\/strong><\/p>\n<p><em>Produit destin\u00e9 \u00e0 \u00eatre utilis\u00e9 chez les chiens, les chats et les petits animaux. Appliquer sur la peau nettoy\u00e9e et d\u00e9sinfect\u00e9e. Ne frottez pas. Si n\u00e9cessaire, prot\u00e9gez la zone avec un pansement.<\/em><\/p>\n<p>Sa <strong>composition<\/strong> \u00e0 base d\u2019ingr\u00e9dients d\u2019origine naturelles permet de favoriser toutes les \u00e9tapes de la cicatrisation :<\/p>\n<ul>\n<li><strong>L\u2019acide hypochloreux<\/strong>\u00a0est une substance naturelle, l&#8217;un des agents antimicrobiens les plus s\u00fbrs et les plus efficaces; son action cr\u00e9\u00e9e les conditions d\u2019hygi\u00e8ne cutan\u00e9e favorables \u00e0 la cicatrisation naturelle des plaies.<\/li>\n<li><strong>L\u2019hinoline<\/strong>\u00a0est un complexe d&#8217;acide levulinique et d&#8217;hinokitiol (d\u00e9riv\u00e9 de l&#8217;arbre d&#8217;Aomori Hiba); il assure l&#8217;\u00e9quilibre du microbiome de la peau, a un effet positif sur l&#8217;augmentation de la production de collag\u00e8ne et augmente le niveau d&#8217;acide hyaluronique dans la peau (\u00e9tudes ex vivo).<\/li>\n<li><strong>Le collag\u00e8ne marin\u00a0<\/strong> soutient le renouvellement de la peau et l&#8217;\u00e9lasticit\u00e9; il prend soin des zones avec des cicatrices, ce qui contribue \u00e0 les lisser.<\/li>\n<li><strong>Les gag<\/strong> (glycosaminoglycanes)maintiennent l\u2019humidit\u00e9 de la peau, apaisent et soutiennent les fonctions de barri\u00e8re protectrice de l&#8217;\u00e9piderme, et r\u00e9duisent le risque d&#8217;irritation.<\/li>\n<li><strong>L\u2019acide hyaluronique<\/strong> hydrate et assure une bonne humidit\u00e9 dans la plaie, soutenant ainsi plus efficacement la r\u00e9g\u00e9n\u00e9ration de la peau.<\/li>\n<\/ul>\n","protected":false},"excerpt":{"rendered":"<p><strong>Hydrogel destin\u00e9e \u00e0 soutenir le processus de cicatrisation naturelle des plaies chez les chiens et les chats. <\/strong><\/p>\n<p>Il peut \u00e9galement \u00eatre appliqu\u00e9 pour adoucir et lisser la texture de la peau cicatricielle. Formul\u00e9 sans parab\u00e8ne ni alcool, il poss\u00e8de une excellente tol\u00e9rance et une viscosit\u00e9 id\u00e9ale pour une application facile.<\/p>\n<p>Le flacon airless garantit une s\u00e9curit\u00e9 microbiologique maximale.<\/p>\n","protected":false},"featured_media":1500512,"template":"","meta":[],"product_cat":[2697,2698,12611,12612,12560,12561],"product_tag":[],"class_list":{"0":"post-1499240","1":"product","2":"type-product","3":"status-publish","4":"has-post-thumbnail","6":"product_cat-chat","7":"product_cat-chien","8":"product_cat-hygiene-de-la-peau-et-du-pelage-du-chat","9":"product_cat-hygiene-de-la-peau-et-du-pelage-du-chien","10":"product_cat-hygiene-du-chat","11":"product_cat-hygiene-du-chien","12":"pa_marque-vetexpert","14":"first","15":"instock","16":"taxable","17":"shipping-taxable","18":"purchasable","19":"product-type-simple"},"yoast_head":"<!-- This site is optimized with the Yoast SEO plugin v27.3 - https:\/\/yoast.com\/product\/yoast-seo-wordpress\/ -->\n<title>Icloderm - chien chat Vetexpert - V\u00e9torino<\/title>\n<meta name=\"description\" content=\"Hydrogel destin\u00e9e \u00e0 soutenir le processus de cicatrisation naturelle des plaies chez les chiens et les chats.   Il peut \u00e9galement \u00eatre appliqu\u00e9 pour adoucir et lisser la texture de la peau cicatricielle. Formul\u00e9 sans parab\u00e8ne ni alcool, il poss\u00e8de une excellente tol\u00e9rance et une viscosit\u00e9 id\u00e9ale pour une application facile.  Le flacon airless garantit une s\u00e9curit\u00e9 microbiologique maximale.\" \/>\n<meta name=\"robots\" content=\"noindex, nofollow\" \/>\n<meta property=\"og:locale\" content=\"fr_FR\" \/>\n<meta property=\"og:type\" content=\"article\" \/>\n<meta property=\"og:title\" content=\"Icloderm - chien chat Vetexpert - V\u00e9torino\" \/>\n<meta property=\"og:description\" content=\"Hydrogel destin\u00e9e \u00e0 soutenir le processus de cicatrisation naturelle des plaies chez les chiens et les chats.   Il peut \u00e9galement \u00eatre appliqu\u00e9 pour adoucir et lisser la texture de la peau cicatricielle. Formul\u00e9 sans parab\u00e8ne ni alcool, il poss\u00e8de une excellente tol\u00e9rance et une viscosit\u00e9 id\u00e9ale pour une application facile.  Le flacon airless garantit une s\u00e9curit\u00e9 microbiologique maximale.\" \/>\n<meta property=\"og:url\" content=\"https:\/\/www.vetorino.com\/veterinaire\/lens-62300\/boutique\/product\/vetexpert-icloderm-gel\/\" \/>\n<meta property=\"og:site_name\" content=\"V\u00e9torino\" \/>\n<meta property=\"article:publisher\" content=\"https:\/\/www.facebook.com\/Vetorino\/\" \/>\n<meta property=\"article:modified_time\" content=\"2026-02-18T16:05:35+00:00\" \/>\n<meta property=\"og:image\" content=\"https:\/\/www.vetorino.com\/boutique\/wp-content\/uploads\/2025\/09\/vetexpert-icloderm-gel-gel-assainissant-hydratant-et-reparateur.webp\" \/>\n\t<meta property=\"og:image:width\" content=\"800\" \/>\n\t<meta property=\"og:image:height\" content=\"800\" \/>\n\t<meta property=\"og:image:type\" content=\"image\/webp\" \/>\n<meta name=\"twitter:card\" content=\"summary_large_image\" \/>\n<meta name=\"twitter:label1\" content=\"Prix\" \/>\n\t<meta name=\"twitter:data1\" content=\"23,30&euro;\" \/>\n\t<meta name=\"twitter:label2\" content=\"Disponibilit\u00e9\" \/>\n\t<meta name=\"twitter:data2\" content=\"En stock\" \/>\n<script type=\"application\/ld+json\" class=\"yoast-schema-graph\">{\"@context\":\"https:\\\/\\\/schema.org\",\"@graph\":[{\"@type\":\"WebPage\",\"@id\":\"https:\\\/\\\/www.vetorino.com\\\/boutique\\\/product\\\/vetexpert-icloderm-gel\\\/\",\"url\":\"https:\\\/\\\/www.vetorino.com\\\/boutique\\\/product\\\/vetexpert-icloderm-gel\\\/\",\"name\":\"Icloderm - chien chat Vetexpert - V\u00e9torino\",\"isPartOf\":{\"@id\":\"https:\\\/\\\/www.vetorino.com\\\/boutique\\\/#website\"},\"primaryImageOfPage\":{\"@id\":\"https:\\\/\\\/www.vetorino.com\\\/boutique\\\/product\\\/vetexpert-icloderm-gel\\\/#primaryimage\"},\"image\":{\"@id\":\"https:\\\/\\\/www.vetorino.com\\\/boutique\\\/product\\\/vetexpert-icloderm-gel\\\/#primaryimage\"},\"thumbnailUrl\":\"https:\\\/\\\/www.vetorino.com\\\/boutique\\\/wp-content\\\/uploads\\\/2025\\\/09\\\/vetexpert-icloderm-gel-gel-assainissant-hydratant-et-reparateur.webp\",\"datePublished\":\"2025-09-22T13:18:13+00:00\",\"dateModified\":\"2026-02-18T16:05:35+00:00\",\"description\":\"Hydrogel destin\u00e9e \u00e0 soutenir le processus de cicatrisation naturelle des plaies chez les chiens et les chats. Il peut \u00e9galement \u00eatre appliqu\u00e9 pour adoucir et lisser la texture de la peau cicatricielle. Formul\u00e9 sans parab\u00e8ne ni alcool, il poss\u00e8de une excellente tol\u00e9rance et une viscosit\u00e9 id\u00e9ale pour une application facile. Le flacon airless garantit une s\u00e9curit\u00e9 microbiologique maximale.\",\"breadcrumb\":{\"@id\":\"https:\\\/\\\/www.vetorino.com\\\/boutique\\\/product\\\/vetexpert-icloderm-gel\\\/#breadcrumb\"},\"inLanguage\":\"fr-FR\",\"potentialAction\":[{\"@type\":\"ReadAction\",\"target\":[\"https:\\\/\\\/www.vetorino.com\\\/boutique\\\/product\\\/vetexpert-icloderm-gel\\\/\"]}]},{\"@type\":\"ImageObject\",\"inLanguage\":\"fr-FR\",\"@id\":\"https:\\\/\\\/www.vetorino.com\\\/boutique\\\/product\\\/vetexpert-icloderm-gel\\\/#primaryimage\",\"url\":\"https:\\\/\\\/www.vetorino.com\\\/boutique\\\/wp-content\\\/uploads\\\/2025\\\/09\\\/vetexpert-icloderm-gel-gel-assainissant-hydratant-et-reparateur.webp\",\"contentUrl\":\"https:\\\/\\\/www.vetorino.com\\\/boutique\\\/wp-content\\\/uploads\\\/2025\\\/09\\\/vetexpert-icloderm-gel-gel-assainissant-hydratant-et-reparateur.webp\",\"width\":800,\"height\":800},{\"@type\":\"BreadcrumbList\",\"@id\":\"https:\\\/\\\/www.vetorino.com\\\/boutique\\\/product\\\/vetexpert-icloderm-gel\\\/#breadcrumb\",\"itemListElement\":[{\"@type\":\"ListItem\",\"position\":1,\"name\":\"Accueil\",\"item\":\"https:\\\/\\\/www.vetorino.com\\\/boutique\\\/\"},{\"@type\":\"ListItem\",\"position\":2,\"name\":\"Produits\",\"item\":\"https:\\\/\\\/www.vetorino.com\\\/boutique\\\/\"},{\"@type\":\"ListItem\",\"position\":3,\"name\":\"Icloderm &#8211; chien chat\"}]},{\"@type\":\"WebSite\",\"@id\":\"https:\\\/\\\/www.vetorino.com\\\/boutique\\\/#website\",\"url\":\"https:\\\/\\\/www.vetorino.com\\\/boutique\\\/\",\"name\":\"V\u00e9torino\",\"description\":\"\",\"publisher\":{\"@id\":\"https:\\\/\\\/www.vetorino.com\\\/boutique\\\/#organization\"},\"potentialAction\":[{\"@type\":\"SearchAction\",\"target\":{\"@type\":\"EntryPoint\",\"urlTemplate\":\"https:\\\/\\\/www.vetorino.com\\\/boutique\\\/?s={search_term_string}\"},\"query-input\":{\"@type\":\"PropertyValueSpecification\",\"valueRequired\":true,\"valueName\":\"search_term_string\"}}],\"inLanguage\":\"fr-FR\"},{\"@type\":\"Organization\",\"@id\":\"https:\\\/\\\/www.vetorino.com\\\/boutique\\\/#organization\",\"name\":\"V\u00e9torino\",\"url\":\"https:\\\/\\\/www.vetorino.com\\\/boutique\\\/\",\"logo\":{\"@type\":\"ImageObject\",\"inLanguage\":\"fr-FR\",\"@id\":\"https:\\\/\\\/www.vetorino.com\\\/boutique\\\/#\\\/schema\\\/logo\\\/image\\\/\",\"url\":\"https:\\\/\\\/www.vetorino.com\\\/boutique\\\/wp-content\\\/uploads\\\/2024\\\/10\\\/logo.jpg\",\"contentUrl\":\"https:\\\/\\\/www.vetorino.com\\\/boutique\\\/wp-content\\\/uploads\\\/2024\\\/10\\\/logo.jpg\",\"width\":1200,\"height\":610,\"caption\":\"V\u00e9torino\"},\"image\":{\"@id\":\"https:\\\/\\\/www.vetorino.com\\\/boutique\\\/#\\\/schema\\\/logo\\\/image\\\/\"},\"sameAs\":[\"https:\\\/\\\/www.facebook.com\\\/Vetorino\\\/\",\"https:\\\/\\\/www.instagram.com\\\/vetorino_off\\\/\",\"https:\\\/\\\/www.linkedin.com\\\/company\\\/vtorino\\\/\"]}]}<\/script>\n<meta property=\"product:brand\" content=\"Vetexpert\" \/>\n<meta property=\"product:price:amount\" content=\"23.30\" \/>\n<meta property=\"product:price:currency\" content=\"EUR\" \/>\n<meta property=\"og:availability\" content=\"instock\" \/>\n<meta property=\"product:availability\" content=\"instock\" \/>\n<meta property=\"product:retailer_item_id\" content=\"A-1893240\" \/>\n<meta property=\"product:condition\" content=\"new\" \/>\n<!-- \/ Yoast SEO plugin. -->","yoast_head_json":{"title":"Icloderm - chien chat Vetexpert - V\u00e9torino","description":"Hydrogel destin\u00e9e \u00e0 soutenir le processus de cicatrisation naturelle des plaies chez les chiens et les chats.   Il peut \u00e9galement \u00eatre appliqu\u00e9 pour adoucir et lisser la texture de la peau cicatricielle. Formul\u00e9 sans parab\u00e8ne ni alcool, il poss\u00e8de une excellente tol\u00e9rance et une viscosit\u00e9 id\u00e9ale pour une application facile.  Le flacon airless garantit une s\u00e9curit\u00e9 microbiologique maximale.","robots":{"index":"noindex","follow":"nofollow"},"og_locale":"fr_FR","og_type":"article","og_title":"Icloderm - chien chat Vetexpert - V\u00e9torino","og_description":"Hydrogel destin\u00e9e \u00e0 soutenir le processus de cicatrisation naturelle des plaies chez les chiens et les chats.   Il peut \u00e9galement \u00eatre appliqu\u00e9 pour adoucir et lisser la texture de la peau cicatricielle. Formul\u00e9 sans parab\u00e8ne ni alcool, il poss\u00e8de une excellente tol\u00e9rance et une viscosit\u00e9 id\u00e9ale pour une application facile.  Le flacon airless garantit une s\u00e9curit\u00e9 microbiologique maximale.","og_url":"https:\/\/www.vetorino.com\/veterinaire\/lens-62300\/boutique\/product\/vetexpert-icloderm-gel\/","og_site_name":"V\u00e9torino","article_publisher":"https:\/\/www.facebook.com\/Vetorino\/","article_modified_time":"2026-02-18T16:05:35+00:00","og_image":[{"width":800,"height":800,"url":"https:\/\/www.vetorino.com\/boutique\/wp-content\/uploads\/2025\/09\/vetexpert-icloderm-gel-gel-assainissant-hydratant-et-reparateur.webp","type":"image\/webp"}],"twitter_card":"summary_large_image","twitter_misc":{"Prix":"23,30&euro;","Disponibilit\u00e9":"En stock"},"schema":{"@context":"https:\/\/schema.org","@graph":[{"@type":"WebPage","@id":"https:\/\/www.vetorino.com\/boutique\/product\/vetexpert-icloderm-gel\/","url":"https:\/\/www.vetorino.com\/boutique\/product\/vetexpert-icloderm-gel\/","name":"Icloderm - chien chat Vetexpert - V\u00e9torino","isPartOf":{"@id":"https:\/\/www.vetorino.com\/boutique\/#website"},"primaryImageOfPage":{"@id":"https:\/\/www.vetorino.com\/boutique\/product\/vetexpert-icloderm-gel\/#primaryimage"},"image":{"@id":"https:\/\/www.vetorino.com\/boutique\/product\/vetexpert-icloderm-gel\/#primaryimage"},"thumbnailUrl":"https:\/\/www.vetorino.com\/boutique\/wp-content\/uploads\/2025\/09\/vetexpert-icloderm-gel-gel-assainissant-hydratant-et-reparateur.webp","datePublished":"2025-09-22T13:18:13+00:00","dateModified":"2026-02-18T16:05:35+00:00","description":"Hydrogel destin\u00e9e \u00e0 soutenir le processus de cicatrisation naturelle des plaies chez les chiens et les chats. Il peut \u00e9galement \u00eatre appliqu\u00e9 pour adoucir et lisser la texture de la peau cicatricielle. Formul\u00e9 sans parab\u00e8ne ni alcool, il poss\u00e8de une excellente tol\u00e9rance et une viscosit\u00e9 id\u00e9ale pour une application facile. Le flacon airless garantit une s\u00e9curit\u00e9 microbiologique maximale.","breadcrumb":{"@id":"https:\/\/www.vetorino.com\/boutique\/product\/vetexpert-icloderm-gel\/#breadcrumb"},"inLanguage":"fr-FR","potentialAction":[{"@type":"ReadAction","target":["https:\/\/www.vetorino.com\/boutique\/product\/vetexpert-icloderm-gel\/"]}]},{"@type":"ImageObject","inLanguage":"fr-FR","@id":"https:\/\/www.vetorino.com\/boutique\/product\/vetexpert-icloderm-gel\/#primaryimage","url":"https:\/\/www.vetorino.com\/boutique\/wp-content\/uploads\/2025\/09\/vetexpert-icloderm-gel-gel-assainissant-hydratant-et-reparateur.webp","contentUrl":"https:\/\/www.vetorino.com\/boutique\/wp-content\/uploads\/2025\/09\/vetexpert-icloderm-gel-gel-assainissant-hydratant-et-reparateur.webp","width":800,"height":800},{"@type":"BreadcrumbList","@id":"https:\/\/www.vetorino.com\/boutique\/product\/vetexpert-icloderm-gel\/#breadcrumb","itemListElement":[{"@type":"ListItem","position":1,"name":"Accueil","item":"https:\/\/www.vetorino.com\/boutique\/"},{"@type":"ListItem","position":2,"name":"Produits","item":"https:\/\/www.vetorino.com\/boutique\/"},{"@type":"ListItem","position":3,"name":"Icloderm &#8211; chien chat"}]},{"@type":"WebSite","@id":"https:\/\/www.vetorino.com\/boutique\/#website","url":"https:\/\/www.vetorino.com\/boutique\/","name":"V\u00e9torino","description":"","publisher":{"@id":"https:\/\/www.vetorino.com\/boutique\/#organization"},"potentialAction":[{"@type":"SearchAction","target":{"@type":"EntryPoint","urlTemplate":"https:\/\/www.vetorino.com\/boutique\/?s={search_term_string}"},"query-input":{"@type":"PropertyValueSpecification","valueRequired":true,"valueName":"search_term_string"}}],"inLanguage":"fr-FR"},{"@type":"Organization","@id":"https:\/\/www.vetorino.com\/boutique\/#organization","name":"V\u00e9torino","url":"https:\/\/www.vetorino.com\/boutique\/","logo":{"@type":"ImageObject","inLanguage":"fr-FR","@id":"https:\/\/www.vetorino.com\/boutique\/#\/schema\/logo\/image\/","url":"https:\/\/www.vetorino.com\/boutique\/wp-content\/uploads\/2024\/10\/logo.jpg","contentUrl":"https:\/\/www.vetorino.com\/boutique\/wp-content\/uploads\/2024\/10\/logo.jpg","width":1200,"height":610,"caption":"V\u00e9torino"},"image":{"@id":"https:\/\/www.vetorino.com\/boutique\/#\/schema\/logo\/image\/"},"sameAs":["https:\/\/www.facebook.com\/Vetorino\/","https:\/\/www.instagram.com\/vetorino_off\/","https:\/\/www.linkedin.com\/company\/vtorino\/"]}]},"product_brand":"Vetexpert","product_price_amount":"23.30","product_price_currency":"EUR","og_availability":"instock","product_availability":"instock","product_retailer_item_id":"A-1893240","product_condition":"new"},"_links":{"self":[{"href":"https:\/\/www.vetorino.com\/veterinaire\/lens-62300\/boutique\/wp-json\/wp\/v2\/product\/1499240","targetHints":{"allow":["GET"]}}],"collection":[{"href":"https:\/\/www.vetorino.com\/veterinaire\/lens-62300\/boutique\/wp-json\/wp\/v2\/product"}],"about":[{"href":"https:\/\/www.vetorino.com\/veterinaire\/lens-62300\/boutique\/wp-json\/wp\/v2\/types\/product"}],"wp:featuredmedia":[{"embeddable":true,"href":"https:\/\/www.vetorino.com\/veterinaire\/lens-62300\/boutique\/wp-json\/wp\/v2\/media\/1500512"}],"wp:attachment":[{"href":"https:\/\/www.vetorino.com\/veterinaire\/lens-62300\/boutique\/wp-json\/wp\/v2\/media?parent=1499240"}],"wp:term":[{"taxonomy":"product_cat","embeddable":true,"href":"https:\/\/www.vetorino.com\/veterinaire\/lens-62300\/boutique\/wp-json\/wp\/v2\/product_cat?post=1499240"},{"taxonomy":"product_tag","embeddable":true,"href":"https:\/\/www.vetorino.com\/veterinaire\/lens-62300\/boutique\/wp-json\/wp\/v2\/product_tag?post=1499240"}],"curies":[{"name":"wp","href":"https:\/\/api.w.org\/{rel}","templated":true}]}}