{"id":187168,"date":"2021-05-31T20:33:01","date_gmt":"2021-05-31T18:33:01","guid":{"rendered":"https:\/\/www.vetorino.com\/boutique\/product\/hysterphyt-coffret-12-fl-50ml\/"},"modified":"2025-08-01T16:00:33","modified_gmt":"2025-08-01T14:00:33","slug":"hysterphyt-coffret-12-fl-50ml","status":"publish","type":"product","link":"https:\/\/www.vetorino.com\/veterinaire\/lens-62300\/boutique\/product\/hysterphyt-coffret-12-fl-50ml\/","title":{"rendered":"HysterPhyt"},"content":{"rendered":"<p><strong>Hysterphyt<\/strong> est un gel topique \u00e0 usage externe pour les bovins, \u00e0 base de plantes mac\u00e9r\u00e9es (dont Calendula officinalis), et huiles essentielles (dont Cymbopagon martinii et Lavendula hybrida).<\/p>\n<p>Ce gel est \u00e0 la fois <strong>hydratant et apaisant.<\/strong><\/p>\n<p><em>Appliquer 50 ml sur la zone concern\u00e9e.<\/em><\/p>\n","protected":false},"excerpt":{"rendered":"<p><strong>Hysterphyt<\/strong> est un gel topique \u00e0 usage externe pour les bovins, \u00e0 base de plantes mac\u00e9r\u00e9es (dont Calendula officinalis), et huiles essentielles (dont Cymbopagon martinii et Lavendula hybrida).<\/p>\n<p>Ce gel est \u00e0 la fois <strong>hydratant et apaisant.<\/strong><\/p>\n<p><em>Appliquer 50 ml sur la zone concern\u00e9e.<\/em><\/p>\n","protected":false},"featured_media":1436502,"template":"","meta":[],"product_cat":[6864,6870],"product_tag":[],"class_list":{"0":"post-187168","1":"product","2":"type-product","3":"status-publish","4":"has-post-thumbnail","6":"product_cat-animaux-delevage","7":"product_cat-bovins","8":"pa_marque-savetis","10":"first","11":"instock","12":"taxable","13":"shipping-taxable","14":"purchasable","15":"product-type-simple"},"yoast_head":"<!-- This site is optimized with the Yoast SEO plugin v27.3 - https:\/\/yoast.com\/product\/yoast-seo-wordpress\/ -->\n<title>HysterPhyt Savetis - V\u00e9torino<\/title>\n<meta name=\"description\" content=\"Hysterphyt est un gel topique \u00e0 usage externe pour les bovins, \u00e0 base de plantes mac\u00e9r\u00e9es (dont Calendula officinalis), et huiles essentielles (dont Cymbopagon martinii et Lavendula hybrida).  Ce gel est \u00e0 la fois hydratant et apaisant.  Appliquer 50 ml sur la zone concern\u00e9e.\" \/>\n<meta name=\"robots\" content=\"noindex, nofollow\" \/>\n<meta property=\"og:locale\" content=\"fr_FR\" \/>\n<meta property=\"og:type\" content=\"article\" \/>\n<meta property=\"og:title\" content=\"HysterPhyt Savetis - V\u00e9torino\" \/>\n<meta property=\"og:description\" content=\"Hysterphyt est un gel topique \u00e0 usage externe pour les bovins, \u00e0 base de plantes mac\u00e9r\u00e9es (dont Calendula officinalis), et huiles essentielles (dont Cymbopagon martinii et Lavendula hybrida).  Ce gel est \u00e0 la fois hydratant et apaisant.  Appliquer 50 ml sur la zone concern\u00e9e.\" \/>\n<meta property=\"og:url\" content=\"https:\/\/www.vetorino.com\/veterinaire\/lens-62300\/boutique\/product\/hysterphyt-coffret-12-fl-50ml\/\" \/>\n<meta property=\"og:site_name\" content=\"V\u00e9torino\" \/>\n<meta property=\"article:publisher\" content=\"https:\/\/www.facebook.com\/Vetorino\/\" \/>\n<meta property=\"article:modified_time\" content=\"2025-08-01T14:00:33+00:00\" \/>\n<meta property=\"og:image\" content=\"https:\/\/www.vetorino.com\/boutique\/wp-content\/uploads\/2021\/05\/hysterphyt.jpg\" \/>\n\t<meta property=\"og:image:width\" content=\"1200\" \/>\n\t<meta property=\"og:image:height\" content=\"1200\" \/>\n\t<meta property=\"og:image:type\" content=\"image\/jpeg\" \/>\n<meta name=\"twitter:card\" content=\"summary_large_image\" \/>\n<meta name=\"twitter:label1\" content=\"Prix\" \/>\n\t<meta name=\"twitter:data1\" content=\"115,49&euro;\" \/>\n\t<meta name=\"twitter:label2\" content=\"Disponibilit\u00e9\" \/>\n\t<meta name=\"twitter:data2\" content=\"En stock\" \/>\n<script type=\"application\/ld+json\" class=\"yoast-schema-graph\">{\"@context\":\"https:\\\/\\\/schema.org\",\"@graph\":[{\"@type\":\"WebPage\",\"@id\":\"https:\\\/\\\/www.vetorino.com\\\/boutique\\\/product\\\/hysterphyt-coffret-12-fl-50ml\\\/\",\"url\":\"https:\\\/\\\/www.vetorino.com\\\/boutique\\\/product\\\/hysterphyt-coffret-12-fl-50ml\\\/\",\"name\":\"HysterPhyt Savetis - V\u00e9torino\",\"isPartOf\":{\"@id\":\"https:\\\/\\\/www.vetorino.com\\\/boutique\\\/#website\"},\"primaryImageOfPage\":{\"@id\":\"https:\\\/\\\/www.vetorino.com\\\/boutique\\\/product\\\/hysterphyt-coffret-12-fl-50ml\\\/#primaryimage\"},\"image\":{\"@id\":\"https:\\\/\\\/www.vetorino.com\\\/boutique\\\/product\\\/hysterphyt-coffret-12-fl-50ml\\\/#primaryimage\"},\"thumbnailUrl\":\"https:\\\/\\\/www.vetorino.com\\\/boutique\\\/wp-content\\\/uploads\\\/2021\\\/05\\\/hysterphyt.jpg\",\"datePublished\":\"2021-05-31T18:33:01+00:00\",\"dateModified\":\"2025-08-01T14:00:33+00:00\",\"description\":\"Hysterphyt est un gel topique \u00e0 usage externe pour les bovins, \u00e0 base de plantes mac\u00e9r\u00e9es (dont Calendula officinalis), et huiles essentielles (dont Cymbopagon martinii et Lavendula hybrida). Ce gel est \u00e0 la fois hydratant et apaisant. Appliquer 50 ml sur la zone concern\u00e9e.\",\"breadcrumb\":{\"@id\":\"https:\\\/\\\/www.vetorino.com\\\/boutique\\\/product\\\/hysterphyt-coffret-12-fl-50ml\\\/#breadcrumb\"},\"inLanguage\":\"fr-FR\",\"potentialAction\":[{\"@type\":\"ReadAction\",\"target\":[\"https:\\\/\\\/www.vetorino.com\\\/boutique\\\/product\\\/hysterphyt-coffret-12-fl-50ml\\\/\"]}]},{\"@type\":\"ImageObject\",\"inLanguage\":\"fr-FR\",\"@id\":\"https:\\\/\\\/www.vetorino.com\\\/boutique\\\/product\\\/hysterphyt-coffret-12-fl-50ml\\\/#primaryimage\",\"url\":\"https:\\\/\\\/www.vetorino.com\\\/boutique\\\/wp-content\\\/uploads\\\/2021\\\/05\\\/hysterphyt.jpg\",\"contentUrl\":\"https:\\\/\\\/www.vetorino.com\\\/boutique\\\/wp-content\\\/uploads\\\/2021\\\/05\\\/hysterphyt.jpg\",\"width\":1200,\"height\":1200},{\"@type\":\"BreadcrumbList\",\"@id\":\"https:\\\/\\\/www.vetorino.com\\\/boutique\\\/product\\\/hysterphyt-coffret-12-fl-50ml\\\/#breadcrumb\",\"itemListElement\":[{\"@type\":\"ListItem\",\"position\":1,\"name\":\"Accueil\",\"item\":\"https:\\\/\\\/www.vetorino.com\\\/boutique\\\/\"},{\"@type\":\"ListItem\",\"position\":2,\"name\":\"Produits\",\"item\":\"https:\\\/\\\/www.vetorino.com\\\/boutique\\\/\"},{\"@type\":\"ListItem\",\"position\":3,\"name\":\"HysterPhyt\"}]},{\"@type\":\"WebSite\",\"@id\":\"https:\\\/\\\/www.vetorino.com\\\/boutique\\\/#website\",\"url\":\"https:\\\/\\\/www.vetorino.com\\\/boutique\\\/\",\"name\":\"V\u00e9torino\",\"description\":\"\",\"publisher\":{\"@id\":\"https:\\\/\\\/www.vetorino.com\\\/boutique\\\/#organization\"},\"potentialAction\":[{\"@type\":\"SearchAction\",\"target\":{\"@type\":\"EntryPoint\",\"urlTemplate\":\"https:\\\/\\\/www.vetorino.com\\\/boutique\\\/?s={search_term_string}\"},\"query-input\":{\"@type\":\"PropertyValueSpecification\",\"valueRequired\":true,\"valueName\":\"search_term_string\"}}],\"inLanguage\":\"fr-FR\"},{\"@type\":\"Organization\",\"@id\":\"https:\\\/\\\/www.vetorino.com\\\/boutique\\\/#organization\",\"name\":\"V\u00e9torino\",\"url\":\"https:\\\/\\\/www.vetorino.com\\\/boutique\\\/\",\"logo\":{\"@type\":\"ImageObject\",\"inLanguage\":\"fr-FR\",\"@id\":\"https:\\\/\\\/www.vetorino.com\\\/boutique\\\/#\\\/schema\\\/logo\\\/image\\\/\",\"url\":\"https:\\\/\\\/www.vetorino.com\\\/boutique\\\/wp-content\\\/uploads\\\/2024\\\/10\\\/logo.jpg\",\"contentUrl\":\"https:\\\/\\\/www.vetorino.com\\\/boutique\\\/wp-content\\\/uploads\\\/2024\\\/10\\\/logo.jpg\",\"width\":1200,\"height\":610,\"caption\":\"V\u00e9torino\"},\"image\":{\"@id\":\"https:\\\/\\\/www.vetorino.com\\\/boutique\\\/#\\\/schema\\\/logo\\\/image\\\/\"},\"sameAs\":[\"https:\\\/\\\/www.facebook.com\\\/Vetorino\\\/\",\"https:\\\/\\\/www.instagram.com\\\/vetorino_off\\\/\",\"https:\\\/\\\/www.linkedin.com\\\/company\\\/vtorino\\\/\"]}]}<\/script>\n<meta property=\"product:brand\" content=\"Savetis\" \/>\n<meta property=\"product:price:amount\" content=\"115.49\" \/>\n<meta property=\"product:price:currency\" content=\"EUR\" \/>\n<meta property=\"og:availability\" content=\"instock\" \/>\n<meta property=\"product:availability\" content=\"instock\" \/>\n<meta property=\"product:retailer_item_id\" content=\"A-1850980\" \/>\n<meta property=\"product:condition\" content=\"new\" \/>\n<!-- \/ Yoast SEO plugin. -->","yoast_head_json":{"title":"HysterPhyt Savetis - V\u00e9torino","description":"Hysterphyt est un gel topique \u00e0 usage externe pour les bovins, \u00e0 base de plantes mac\u00e9r\u00e9es (dont Calendula officinalis), et huiles essentielles (dont Cymbopagon martinii et Lavendula hybrida).  Ce gel est \u00e0 la fois hydratant et apaisant.  Appliquer 50 ml sur la zone concern\u00e9e.","robots":{"index":"noindex","follow":"nofollow"},"og_locale":"fr_FR","og_type":"article","og_title":"HysterPhyt Savetis - V\u00e9torino","og_description":"Hysterphyt est un gel topique \u00e0 usage externe pour les bovins, \u00e0 base de plantes mac\u00e9r\u00e9es (dont Calendula officinalis), et huiles essentielles (dont Cymbopagon martinii et Lavendula hybrida).  Ce gel est \u00e0 la fois hydratant et apaisant.  Appliquer 50 ml sur la zone concern\u00e9e.","og_url":"https:\/\/www.vetorino.com\/veterinaire\/lens-62300\/boutique\/product\/hysterphyt-coffret-12-fl-50ml\/","og_site_name":"V\u00e9torino","article_publisher":"https:\/\/www.facebook.com\/Vetorino\/","article_modified_time":"2025-08-01T14:00:33+00:00","og_image":[{"width":1200,"height":1200,"url":"https:\/\/www.vetorino.com\/boutique\/wp-content\/uploads\/2021\/05\/hysterphyt.jpg","type":"image\/jpeg"}],"twitter_card":"summary_large_image","twitter_misc":{"Prix":"115,49&euro;","Disponibilit\u00e9":"En stock"},"schema":{"@context":"https:\/\/schema.org","@graph":[{"@type":"WebPage","@id":"https:\/\/www.vetorino.com\/boutique\/product\/hysterphyt-coffret-12-fl-50ml\/","url":"https:\/\/www.vetorino.com\/boutique\/product\/hysterphyt-coffret-12-fl-50ml\/","name":"HysterPhyt Savetis - V\u00e9torino","isPartOf":{"@id":"https:\/\/www.vetorino.com\/boutique\/#website"},"primaryImageOfPage":{"@id":"https:\/\/www.vetorino.com\/boutique\/product\/hysterphyt-coffret-12-fl-50ml\/#primaryimage"},"image":{"@id":"https:\/\/www.vetorino.com\/boutique\/product\/hysterphyt-coffret-12-fl-50ml\/#primaryimage"},"thumbnailUrl":"https:\/\/www.vetorino.com\/boutique\/wp-content\/uploads\/2021\/05\/hysterphyt.jpg","datePublished":"2021-05-31T18:33:01+00:00","dateModified":"2025-08-01T14:00:33+00:00","description":"Hysterphyt est un gel topique \u00e0 usage externe pour les bovins, \u00e0 base de plantes mac\u00e9r\u00e9es (dont Calendula officinalis), et huiles essentielles (dont Cymbopagon martinii et Lavendula hybrida). Ce gel est \u00e0 la fois hydratant et apaisant. Appliquer 50 ml sur la zone concern\u00e9e.","breadcrumb":{"@id":"https:\/\/www.vetorino.com\/boutique\/product\/hysterphyt-coffret-12-fl-50ml\/#breadcrumb"},"inLanguage":"fr-FR","potentialAction":[{"@type":"ReadAction","target":["https:\/\/www.vetorino.com\/boutique\/product\/hysterphyt-coffret-12-fl-50ml\/"]}]},{"@type":"ImageObject","inLanguage":"fr-FR","@id":"https:\/\/www.vetorino.com\/boutique\/product\/hysterphyt-coffret-12-fl-50ml\/#primaryimage","url":"https:\/\/www.vetorino.com\/boutique\/wp-content\/uploads\/2021\/05\/hysterphyt.jpg","contentUrl":"https:\/\/www.vetorino.com\/boutique\/wp-content\/uploads\/2021\/05\/hysterphyt.jpg","width":1200,"height":1200},{"@type":"BreadcrumbList","@id":"https:\/\/www.vetorino.com\/boutique\/product\/hysterphyt-coffret-12-fl-50ml\/#breadcrumb","itemListElement":[{"@type":"ListItem","position":1,"name":"Accueil","item":"https:\/\/www.vetorino.com\/boutique\/"},{"@type":"ListItem","position":2,"name":"Produits","item":"https:\/\/www.vetorino.com\/boutique\/"},{"@type":"ListItem","position":3,"name":"HysterPhyt"}]},{"@type":"WebSite","@id":"https:\/\/www.vetorino.com\/boutique\/#website","url":"https:\/\/www.vetorino.com\/boutique\/","name":"V\u00e9torino","description":"","publisher":{"@id":"https:\/\/www.vetorino.com\/boutique\/#organization"},"potentialAction":[{"@type":"SearchAction","target":{"@type":"EntryPoint","urlTemplate":"https:\/\/www.vetorino.com\/boutique\/?s={search_term_string}"},"query-input":{"@type":"PropertyValueSpecification","valueRequired":true,"valueName":"search_term_string"}}],"inLanguage":"fr-FR"},{"@type":"Organization","@id":"https:\/\/www.vetorino.com\/boutique\/#organization","name":"V\u00e9torino","url":"https:\/\/www.vetorino.com\/boutique\/","logo":{"@type":"ImageObject","inLanguage":"fr-FR","@id":"https:\/\/www.vetorino.com\/boutique\/#\/schema\/logo\/image\/","url":"https:\/\/www.vetorino.com\/boutique\/wp-content\/uploads\/2024\/10\/logo.jpg","contentUrl":"https:\/\/www.vetorino.com\/boutique\/wp-content\/uploads\/2024\/10\/logo.jpg","width":1200,"height":610,"caption":"V\u00e9torino"},"image":{"@id":"https:\/\/www.vetorino.com\/boutique\/#\/schema\/logo\/image\/"},"sameAs":["https:\/\/www.facebook.com\/Vetorino\/","https:\/\/www.instagram.com\/vetorino_off\/","https:\/\/www.linkedin.com\/company\/vtorino\/"]}]},"product_brand":"Savetis","product_price_amount":"115.49","product_price_currency":"EUR","og_availability":"instock","product_availability":"instock","product_retailer_item_id":"A-1850980","product_condition":"new"},"_links":{"self":[{"href":"https:\/\/www.vetorino.com\/veterinaire\/lens-62300\/boutique\/wp-json\/wp\/v2\/product\/187168","targetHints":{"allow":["GET"]}}],"collection":[{"href":"https:\/\/www.vetorino.com\/veterinaire\/lens-62300\/boutique\/wp-json\/wp\/v2\/product"}],"about":[{"href":"https:\/\/www.vetorino.com\/veterinaire\/lens-62300\/boutique\/wp-json\/wp\/v2\/types\/product"}],"wp:featuredmedia":[{"embeddable":true,"href":"https:\/\/www.vetorino.com\/veterinaire\/lens-62300\/boutique\/wp-json\/wp\/v2\/media\/1436502"}],"wp:attachment":[{"href":"https:\/\/www.vetorino.com\/veterinaire\/lens-62300\/boutique\/wp-json\/wp\/v2\/media?parent=187168"}],"wp:term":[{"taxonomy":"product_cat","embeddable":true,"href":"https:\/\/www.vetorino.com\/veterinaire\/lens-62300\/boutique\/wp-json\/wp\/v2\/product_cat?post=187168"},{"taxonomy":"product_tag","embeddable":true,"href":"https:\/\/www.vetorino.com\/veterinaire\/lens-62300\/boutique\/wp-json\/wp\/v2\/product_tag?post=187168"}],"curies":[{"name":"wp","href":"https:\/\/api.w.org\/{rel}","templated":true}]}}