{"id":217378,"date":"2021-08-23T16:10:46","date_gmt":"2021-08-23T14:10:46","guid":{"rendered":"https:\/\/www.vetorino.com\/boutique\/product\/friandise-en-bois-de-cerf\/"},"modified":"2024-07-03T14:14:31","modified_gmt":"2024-07-03T12:14:31","slug":"friandise-en-bois-de-cerf","status":"publish","type":"product","link":"https:\/\/www.vetorino.com\/veterinaire\/lens-62300\/boutique\/product\/friandise-en-bois-de-cerf\/","title":{"rendered":"Friandise en bois de cerf"},"content":{"rendered":"<p><strong>Le bois de cerf entier <\/strong>taille XS convient pour les chiens de tr\u00e8s petite taille (Pinscher, Yorkshire&#8230;). Le bois de cerf entier\u00a0<strong>permet d&#8217;occuper votre chien<\/strong>\u00a0et convient parfaitement <strong>aux chiens qui aiment m\u00e2chouiller<\/strong>. De plus, ce bois permet naturellement de <strong>d\u00e9tartrer les dents et d&#8217;apporter du calcium et min\u00e9raux<\/strong> \u00e0 votre chien.<\/p>\n<p>Le bois de cerf entier est <strong>beaucoup plus robuste et r\u00e9sistant<\/strong> que le bois de cerf tranch\u00e9. Pour les chiens aimant <strong>mastiquer intens\u00e9ment et pouvant faire des d\u00e9gats<\/strong> (chien destructeur), cet os leur correspond parfaitement.\u00a0Il est conseill\u00e9 pour les chiens adultes et endurants \u00e0 la mastication.<\/p>\n<p><strong>Les plus du produit:\u00a0<\/strong><\/p>\n<p>&#8211; Un produit 100% naturel<br \/>\n&#8211; Riche en calcium et en min\u00e9reaux naturels<br \/>\n&#8211; Longue dur\u00e9e et r\u00e9sistant<br \/>\n&#8211; Contre les d\u00e9gats<br \/>\n&#8211; Sans conservateur et additif<br \/>\n&#8211; Ne colle pas dans les poils<\/p>\n<p><strong>Caract\u00e9ristiques:\u00a0<\/strong><\/p>\n<p>Poids: &lt; 50g &#8211; Longueur : 10-12cm<br \/>\nGourmandise: 2\/5<br \/>\nNiveau de mastication : Confirm\u00e9<\/p>\n<p><strong>Attention ce produit ne convient pas pour un chien peu endurant \u00e0 la mastication.\u00a0<\/strong><\/p>\n","protected":false},"excerpt":{"rendered":"<p><strong>Le bois de cerf entier <\/strong>taille XS convient pour les chiens de tr\u00e8s petite taille (Pinscher, Yorkshire&#8230;). Le bois de cerf entier\u00a0<strong>permet d&#8217;occuper votre chien<\/strong>\u00a0et convient parfaitement <strong>aux chiens qui aiment m\u00e2chouiller<\/strong>. De plus, ce bois permet naturellement de <strong>d\u00e9tartrer les dents et d&#8217;apporter du calcium et min\u00e9raux<\/strong> \u00e0 votre chien.<\/p>\n","protected":false},"featured_media":217377,"template":"","meta":[],"product_cat":[2698,12603],"product_tag":[],"class_list":{"0":"post-217378","1":"product","2":"type-product","3":"status-publish","4":"has-post-thumbnail","6":"product_cat-chien","7":"product_cat-friandises-pour-chien","8":"pa_marque-evident","10":"first","11":"instock","12":"taxable","13":"shipping-taxable","14":"purchasable","15":"product-type-variable"},"yoast_head":"<!-- This site is optimized with the Yoast SEO plugin v27.3 - https:\/\/yoast.com\/product\/yoast-seo-wordpress\/ -->\n<title>Friandise en bois de cerf evident - V\u00e9torino<\/title>\n<meta name=\"description\" content=\"Le bois de cerf entier taille XS convient pour les chiens de tr\u00e8s petite taille (Pinscher, Yorkshire...). Le bois de cerf entier\u00a0permet d&#039;occuper votre chien\u00a0et convient parfaitement aux chiens qui aiment m\u00e2chouiller. De plus, ce bois permet naturellement de d\u00e9tartrer les dents et d&#039;apporter du calcium et min\u00e9raux \u00e0 votre chien.\" \/>\n<meta name=\"robots\" content=\"noindex, nofollow\" \/>\n<meta property=\"og:locale\" content=\"fr_FR\" \/>\n<meta property=\"og:type\" content=\"article\" \/>\n<meta property=\"og:title\" content=\"Friandise en bois de cerf evident - V\u00e9torino\" \/>\n<meta property=\"og:description\" content=\"Le bois de cerf entier taille XS convient pour les chiens de tr\u00e8s petite taille (Pinscher, Yorkshire...). Le bois de cerf entier\u00a0permet d&#039;occuper votre chien\u00a0et convient parfaitement aux chiens qui aiment m\u00e2chouiller. De plus, ce bois permet naturellement de d\u00e9tartrer les dents et d&#039;apporter du calcium et min\u00e9raux \u00e0 votre chien.\" \/>\n<meta property=\"og:url\" content=\"https:\/\/www.vetorino.com\/veterinaire\/lens-62300\/boutique\/product\/friandise-en-bois-de-cerf\/\" \/>\n<meta property=\"og:site_name\" content=\"V\u00e9torino\" \/>\n<meta property=\"article:publisher\" content=\"https:\/\/www.facebook.com\/Vetorino\/\" \/>\n<meta property=\"article:modified_time\" content=\"2024-07-03T12:14:31+00:00\" \/>\n<meta property=\"og:image\" content=\"https:\/\/www.vetorino.com\/boutique\/wp-content\/uploads\/2021\/08\/1075570-42.jpg\" \/>\n\t<meta property=\"og:image:width\" content=\"255\" \/>\n\t<meta property=\"og:image:height\" content=\"255\" \/>\n\t<meta property=\"og:image:type\" content=\"image\/jpeg\" \/>\n<meta name=\"twitter:card\" content=\"summary_large_image\" \/>\n<meta name=\"twitter:label1\" content=\"Disponibilit\u00e9\" \/>\n\t<meta name=\"twitter:data1\" content=\"En stock\" \/>\n<script type=\"application\/ld+json\" class=\"yoast-schema-graph\">{\"@context\":\"https:\\\/\\\/schema.org\",\"@graph\":[{\"@type\":\"WebPage\",\"@id\":\"https:\\\/\\\/www.vetorino.com\\\/boutique\\\/product\\\/friandise-en-bois-de-cerf\\\/\",\"url\":\"https:\\\/\\\/www.vetorino.com\\\/boutique\\\/product\\\/friandise-en-bois-de-cerf\\\/\",\"name\":\"Friandise en bois de cerf evident - V\u00e9torino\",\"isPartOf\":{\"@id\":\"https:\\\/\\\/www.vetorino.com\\\/boutique\\\/#website\"},\"primaryImageOfPage\":{\"@id\":\"https:\\\/\\\/www.vetorino.com\\\/boutique\\\/product\\\/friandise-en-bois-de-cerf\\\/#primaryimage\"},\"image\":{\"@id\":\"https:\\\/\\\/www.vetorino.com\\\/boutique\\\/product\\\/friandise-en-bois-de-cerf\\\/#primaryimage\"},\"thumbnailUrl\":\"https:\\\/\\\/www.vetorino.com\\\/boutique\\\/wp-content\\\/uploads\\\/2021\\\/08\\\/1075570-42.jpg\",\"datePublished\":\"2021-08-23T14:10:46+00:00\",\"dateModified\":\"2024-07-03T12:14:31+00:00\",\"description\":\"Le bois de cerf entier taille XS convient pour les chiens de tr\u00e8s petite taille (Pinscher, Yorkshire...). Le bois de cerf entier\u00a0permet d'occuper votre chien\u00a0et convient parfaitement aux chiens qui aiment m\u00e2chouiller. De plus, ce bois permet naturellement de d\u00e9tartrer les dents et d'apporter du calcium et min\u00e9raux \u00e0 votre chien.\",\"breadcrumb\":{\"@id\":\"https:\\\/\\\/www.vetorino.com\\\/boutique\\\/product\\\/friandise-en-bois-de-cerf\\\/#breadcrumb\"},\"inLanguage\":\"fr-FR\",\"potentialAction\":[{\"@type\":\"ReadAction\",\"target\":[\"https:\\\/\\\/www.vetorino.com\\\/boutique\\\/product\\\/friandise-en-bois-de-cerf\\\/\"]}]},{\"@type\":\"ImageObject\",\"inLanguage\":\"fr-FR\",\"@id\":\"https:\\\/\\\/www.vetorino.com\\\/boutique\\\/product\\\/friandise-en-bois-de-cerf\\\/#primaryimage\",\"url\":\"https:\\\/\\\/www.vetorino.com\\\/boutique\\\/wp-content\\\/uploads\\\/2021\\\/08\\\/1075570-42.jpg\",\"contentUrl\":\"https:\\\/\\\/www.vetorino.com\\\/boutique\\\/wp-content\\\/uploads\\\/2021\\\/08\\\/1075570-42.jpg\",\"width\":255,\"height\":255},{\"@type\":\"BreadcrumbList\",\"@id\":\"https:\\\/\\\/www.vetorino.com\\\/boutique\\\/product\\\/friandise-en-bois-de-cerf\\\/#breadcrumb\",\"itemListElement\":[{\"@type\":\"ListItem\",\"position\":1,\"name\":\"Accueil\",\"item\":\"https:\\\/\\\/www.vetorino.com\\\/boutique\\\/\"},{\"@type\":\"ListItem\",\"position\":2,\"name\":\"Produits\",\"item\":\"https:\\\/\\\/www.vetorino.com\\\/boutique\\\/\"},{\"@type\":\"ListItem\",\"position\":3,\"name\":\"Friandise en bois de cerf\"}]},{\"@type\":\"WebSite\",\"@id\":\"https:\\\/\\\/www.vetorino.com\\\/boutique\\\/#website\",\"url\":\"https:\\\/\\\/www.vetorino.com\\\/boutique\\\/\",\"name\":\"V\u00e9torino\",\"description\":\"\",\"publisher\":{\"@id\":\"https:\\\/\\\/www.vetorino.com\\\/boutique\\\/#organization\"},\"potentialAction\":[{\"@type\":\"SearchAction\",\"target\":{\"@type\":\"EntryPoint\",\"urlTemplate\":\"https:\\\/\\\/www.vetorino.com\\\/boutique\\\/?s={search_term_string}\"},\"query-input\":{\"@type\":\"PropertyValueSpecification\",\"valueRequired\":true,\"valueName\":\"search_term_string\"}}],\"inLanguage\":\"fr-FR\"},{\"@type\":\"Organization\",\"@id\":\"https:\\\/\\\/www.vetorino.com\\\/boutique\\\/#organization\",\"name\":\"V\u00e9torino\",\"url\":\"https:\\\/\\\/www.vetorino.com\\\/boutique\\\/\",\"logo\":{\"@type\":\"ImageObject\",\"inLanguage\":\"fr-FR\",\"@id\":\"https:\\\/\\\/www.vetorino.com\\\/boutique\\\/#\\\/schema\\\/logo\\\/image\\\/\",\"url\":\"https:\\\/\\\/www.vetorino.com\\\/boutique\\\/wp-content\\\/uploads\\\/2024\\\/10\\\/logo.jpg\",\"contentUrl\":\"https:\\\/\\\/www.vetorino.com\\\/boutique\\\/wp-content\\\/uploads\\\/2024\\\/10\\\/logo.jpg\",\"width\":1200,\"height\":610,\"caption\":\"V\u00e9torino\"},\"image\":{\"@id\":\"https:\\\/\\\/www.vetorino.com\\\/boutique\\\/#\\\/schema\\\/logo\\\/image\\\/\"},\"sameAs\":[\"https:\\\/\\\/www.facebook.com\\\/Vetorino\\\/\",\"https:\\\/\\\/www.instagram.com\\\/vetorino_off\\\/\",\"https:\\\/\\\/www.linkedin.com\\\/company\\\/vtorino\\\/\"]}]}<\/script>\n<meta property=\"product:brand\" content=\"evident\" \/>\n<meta property=\"og:availability\" content=\"instock\" \/>\n<meta property=\"product:availability\" content=\"instock\" \/>\n<meta property=\"product:condition\" content=\"new\" \/>\n<!-- \/ Yoast SEO plugin. -->","yoast_head_json":{"title":"Friandise en bois de cerf evident - V\u00e9torino","description":"Le bois de cerf entier taille XS convient pour les chiens de tr\u00e8s petite taille (Pinscher, Yorkshire...). Le bois de cerf entier\u00a0permet d'occuper votre chien\u00a0et convient parfaitement aux chiens qui aiment m\u00e2chouiller. De plus, ce bois permet naturellement de d\u00e9tartrer les dents et d'apporter du calcium et min\u00e9raux \u00e0 votre chien.","robots":{"index":"noindex","follow":"nofollow"},"og_locale":"fr_FR","og_type":"article","og_title":"Friandise en bois de cerf evident - V\u00e9torino","og_description":"Le bois de cerf entier taille XS convient pour les chiens de tr\u00e8s petite taille (Pinscher, Yorkshire...). Le bois de cerf entier\u00a0permet d'occuper votre chien\u00a0et convient parfaitement aux chiens qui aiment m\u00e2chouiller. De plus, ce bois permet naturellement de d\u00e9tartrer les dents et d'apporter du calcium et min\u00e9raux \u00e0 votre chien.","og_url":"https:\/\/www.vetorino.com\/veterinaire\/lens-62300\/boutique\/product\/friandise-en-bois-de-cerf\/","og_site_name":"V\u00e9torino","article_publisher":"https:\/\/www.facebook.com\/Vetorino\/","article_modified_time":"2024-07-03T12:14:31+00:00","og_image":[{"width":255,"height":255,"url":"https:\/\/www.vetorino.com\/boutique\/wp-content\/uploads\/2021\/08\/1075570-42.jpg","type":"image\/jpeg"}],"twitter_card":"summary_large_image","twitter_misc":{"Disponibilit\u00e9":"En stock"},"schema":{"@context":"https:\/\/schema.org","@graph":[{"@type":"WebPage","@id":"https:\/\/www.vetorino.com\/boutique\/product\/friandise-en-bois-de-cerf\/","url":"https:\/\/www.vetorino.com\/boutique\/product\/friandise-en-bois-de-cerf\/","name":"Friandise en bois de cerf evident - V\u00e9torino","isPartOf":{"@id":"https:\/\/www.vetorino.com\/boutique\/#website"},"primaryImageOfPage":{"@id":"https:\/\/www.vetorino.com\/boutique\/product\/friandise-en-bois-de-cerf\/#primaryimage"},"image":{"@id":"https:\/\/www.vetorino.com\/boutique\/product\/friandise-en-bois-de-cerf\/#primaryimage"},"thumbnailUrl":"https:\/\/www.vetorino.com\/boutique\/wp-content\/uploads\/2021\/08\/1075570-42.jpg","datePublished":"2021-08-23T14:10:46+00:00","dateModified":"2024-07-03T12:14:31+00:00","description":"Le bois de cerf entier taille XS convient pour les chiens de tr\u00e8s petite taille (Pinscher, Yorkshire...). Le bois de cerf entier\u00a0permet d'occuper votre chien\u00a0et convient parfaitement aux chiens qui aiment m\u00e2chouiller. De plus, ce bois permet naturellement de d\u00e9tartrer les dents et d'apporter du calcium et min\u00e9raux \u00e0 votre chien.","breadcrumb":{"@id":"https:\/\/www.vetorino.com\/boutique\/product\/friandise-en-bois-de-cerf\/#breadcrumb"},"inLanguage":"fr-FR","potentialAction":[{"@type":"ReadAction","target":["https:\/\/www.vetorino.com\/boutique\/product\/friandise-en-bois-de-cerf\/"]}]},{"@type":"ImageObject","inLanguage":"fr-FR","@id":"https:\/\/www.vetorino.com\/boutique\/product\/friandise-en-bois-de-cerf\/#primaryimage","url":"https:\/\/www.vetorino.com\/boutique\/wp-content\/uploads\/2021\/08\/1075570-42.jpg","contentUrl":"https:\/\/www.vetorino.com\/boutique\/wp-content\/uploads\/2021\/08\/1075570-42.jpg","width":255,"height":255},{"@type":"BreadcrumbList","@id":"https:\/\/www.vetorino.com\/boutique\/product\/friandise-en-bois-de-cerf\/#breadcrumb","itemListElement":[{"@type":"ListItem","position":1,"name":"Accueil","item":"https:\/\/www.vetorino.com\/boutique\/"},{"@type":"ListItem","position":2,"name":"Produits","item":"https:\/\/www.vetorino.com\/boutique\/"},{"@type":"ListItem","position":3,"name":"Friandise en bois de cerf"}]},{"@type":"WebSite","@id":"https:\/\/www.vetorino.com\/boutique\/#website","url":"https:\/\/www.vetorino.com\/boutique\/","name":"V\u00e9torino","description":"","publisher":{"@id":"https:\/\/www.vetorino.com\/boutique\/#organization"},"potentialAction":[{"@type":"SearchAction","target":{"@type":"EntryPoint","urlTemplate":"https:\/\/www.vetorino.com\/boutique\/?s={search_term_string}"},"query-input":{"@type":"PropertyValueSpecification","valueRequired":true,"valueName":"search_term_string"}}],"inLanguage":"fr-FR"},{"@type":"Organization","@id":"https:\/\/www.vetorino.com\/boutique\/#organization","name":"V\u00e9torino","url":"https:\/\/www.vetorino.com\/boutique\/","logo":{"@type":"ImageObject","inLanguage":"fr-FR","@id":"https:\/\/www.vetorino.com\/boutique\/#\/schema\/logo\/image\/","url":"https:\/\/www.vetorino.com\/boutique\/wp-content\/uploads\/2024\/10\/logo.jpg","contentUrl":"https:\/\/www.vetorino.com\/boutique\/wp-content\/uploads\/2024\/10\/logo.jpg","width":1200,"height":610,"caption":"V\u00e9torino"},"image":{"@id":"https:\/\/www.vetorino.com\/boutique\/#\/schema\/logo\/image\/"},"sameAs":["https:\/\/www.facebook.com\/Vetorino\/","https:\/\/www.instagram.com\/vetorino_off\/","https:\/\/www.linkedin.com\/company\/vtorino\/"]}]},"product_brand":"evident","og_availability":"instock","product_availability":"instock","product_condition":"new"},"_links":{"self":[{"href":"https:\/\/www.vetorino.com\/veterinaire\/lens-62300\/boutique\/wp-json\/wp\/v2\/product\/217378","targetHints":{"allow":["GET"]}}],"collection":[{"href":"https:\/\/www.vetorino.com\/veterinaire\/lens-62300\/boutique\/wp-json\/wp\/v2\/product"}],"about":[{"href":"https:\/\/www.vetorino.com\/veterinaire\/lens-62300\/boutique\/wp-json\/wp\/v2\/types\/product"}],"wp:featuredmedia":[{"embeddable":true,"href":"https:\/\/www.vetorino.com\/veterinaire\/lens-62300\/boutique\/wp-json\/wp\/v2\/media\/217377"}],"wp:attachment":[{"href":"https:\/\/www.vetorino.com\/veterinaire\/lens-62300\/boutique\/wp-json\/wp\/v2\/media?parent=217378"}],"wp:term":[{"taxonomy":"product_cat","embeddable":true,"href":"https:\/\/www.vetorino.com\/veterinaire\/lens-62300\/boutique\/wp-json\/wp\/v2\/product_cat?post=217378"},{"taxonomy":"product_tag","embeddable":true,"href":"https:\/\/www.vetorino.com\/veterinaire\/lens-62300\/boutique\/wp-json\/wp\/v2\/product_tag?post=217378"}],"curies":[{"name":"wp","href":"https:\/\/api.w.org\/{rel}","templated":true}]}}