{"id":281581,"date":"2021-12-28T21:23:22","date_gmt":"2021-12-28T20:23:22","guid":{"rendered":"https:\/\/www.vetorino.com\/boutique\/product\/c-for-part-coffret-4-bolus\/"},"modified":"2024-01-17T16:13:35","modified_gmt":"2024-01-17T15:13:35","slug":"c-for-part-coffret-4-bolus","status":"publish","type":"product","link":"https:\/\/www.vetorino.com\/veterinaire\/lens-62300\/boutique\/product\/c-for-part-coffret-4-bolus\/","title":{"rendered":"C FOR CAL 4 BOLUS"},"content":{"rendered":"<p><strong>Comment utiliser C FOR CAL ?<\/strong><\/p>\n<p><strong>En compl\u00e9ment d&#8217;une perfusion calcique<\/strong>\u00a0: 1 bolus de C For Cal par voie orale apr\u00e8s la perfusion, puis 1 C For Cal 8 \u00e0 12 heures plus tard.<\/p>\n<p>Possibilit\u00e9 de renouveler 1 C For Cal 12 heures apr\u00e8s pour les vaches \u00e0 risque de rechute.<\/p>\n<p><strong>En usage pr\u00e9ventif<\/strong>\u00a0pour limiter l&#8217;incidence des cas d&#8217;hypocalc\u00e9mie clinique et subclinique, il est recommand\u00e9 d&#8217;administrer par voie orale 1 C For Cal juste apr\u00e8s la mise-bas ou lors de part languissant puis 1 C For Cal 12 heures plus tard.<\/p>\n<p>Possibilit\u00e9 de renouveler 1 C For Cal \u00e0 J2 et J3 pour les vaches \u00e0 risque.<\/p>\n<p>C For Cal est un bolus de calcium et magn\u00e9sium, \u00e0 lib\u00e9ration imm\u00e9diate (temps de dissolution: 20-30min), recommand\u00e9 lors de fi\u00e8vre de lait (hypocalc\u00e9mie) chez la vache laiti\u00e8re.<\/p>\n<p>Il apporte une quantit\u00e9 importante de calcium (40g\/bolus) hautement assimilable (37 g sous forme de chlorure de calcium) permettant une restauration rapide de la calc\u00e9mie.<\/p>\n<p>Par ailleurs, l&#8217;apport en magn\u00e9sium (8g\/bolus) et l&#8217;effet acidifiant des chlorures optimisent la mobilisation du calcium osseux par un meilleur fonctionnement de la parathormone et une bonne r\u00e9ponse des tissus osseux \u00e0 la parathormone.<\/p>\n<p>C For Cal est \u00e9galement indiqu\u00e9 en usage pr\u00e9ventif pour limiter l&#8217;incidence des hypocalc\u00e9mies cliniques et subcliniques juste apr\u00e8s le v\u00ealage ou lors de part languissant.<\/p>\n<p>Pr\u00e9sent\u00e9 sous forme de bolus, C for Cal est pratique, facile d&#8217;utilisation et s\u00e9curisant (peu de risque de fausse d\u00e9glutition). Enrob\u00e9 d&#8217;une cire v\u00e9g\u00e9tale, il n&#8217;est pas irritant pour la muqueuse oesophagienne malgr\u00e9 une quantit\u00e9 importante de chlorures.<\/p>\n","protected":false},"excerpt":{"rendered":"<p><strong>C FOR CAL est un bolus de calcium et de magnesium du Laboratoire Savetis pr\u00e9conis\u00e9 pour la gestion des fi\u00e8vres de lait (fi\u00e8vres vitulaires) chez la vache.<\/strong><\/p>\n","protected":false},"featured_media":808206,"template":"","meta":[],"product_cat":[6864,6870],"product_tag":[],"class_list":{"0":"post-281581","1":"product","2":"type-product","3":"status-publish","4":"has-post-thumbnail","6":"product_cat-animaux-delevage","7":"product_cat-bovins","9":"first","10":"instock","11":"taxable","12":"shipping-taxable","13":"purchasable","14":"product-type-simple"},"yoast_head":"<!-- This site is optimized with the Yoast SEO plugin v27.3 - https:\/\/yoast.com\/product\/yoast-seo-wordpress\/ -->\n<title>C FOR CAL 4 BOLUS - V\u00e9torino<\/title>\n<meta name=\"description\" content=\"C FOR CAL est un bolus de calcium et de magnesium du Laboratoire Savetis pr\u00e9conis\u00e9 pour la gestion des fi\u00e8vres de lait (fi\u00e8vres vitulaires) chez la vache.\" \/>\n<meta name=\"robots\" content=\"noindex, nofollow\" \/>\n<meta property=\"og:locale\" content=\"fr_FR\" \/>\n<meta property=\"og:type\" content=\"article\" \/>\n<meta property=\"og:title\" content=\"C FOR CAL 4 BOLUS - V\u00e9torino\" \/>\n<meta property=\"og:description\" content=\"C FOR CAL est un bolus de calcium et de magnesium du Laboratoire Savetis pr\u00e9conis\u00e9 pour la gestion des fi\u00e8vres de lait (fi\u00e8vres vitulaires) chez la vache.\" \/>\n<meta property=\"og:url\" content=\"https:\/\/www.vetorino.com\/veterinaire\/lens-62300\/boutique\/product\/c-for-part-coffret-4-bolus\/\" \/>\n<meta property=\"og:site_name\" content=\"V\u00e9torino\" \/>\n<meta property=\"article:publisher\" content=\"https:\/\/www.facebook.com\/Vetorino\/\" \/>\n<meta property=\"article:modified_time\" content=\"2024-01-17T15:13:35+00:00\" \/>\n<meta property=\"og:image\" content=\"https:\/\/www.vetorino.com\/boutique\/wp-content\/uploads\/2021\/12\/coffret-cforpart.png\" \/>\n\t<meta property=\"og:image:width\" content=\"1974\" \/>\n\t<meta property=\"og:image:height\" content=\"1287\" \/>\n\t<meta property=\"og:image:type\" content=\"image\/png\" \/>\n<meta name=\"twitter:card\" content=\"summary_large_image\" \/>\n<meta name=\"twitter:label1\" content=\"Prix\" \/>\n\t<meta name=\"twitter:data1\" content=\"45,34&euro;\" \/>\n\t<meta name=\"twitter:label2\" content=\"Disponibilit\u00e9\" \/>\n\t<meta name=\"twitter:data2\" content=\"En stock\" \/>\n<script type=\"application\/ld+json\" class=\"yoast-schema-graph\">{\"@context\":\"https:\\\/\\\/schema.org\",\"@graph\":[{\"@type\":\"WebPage\",\"@id\":\"https:\\\/\\\/www.vetorino.com\\\/boutique\\\/product\\\/c-for-part-coffret-4-bolus\\\/\",\"url\":\"https:\\\/\\\/www.vetorino.com\\\/boutique\\\/product\\\/c-for-part-coffret-4-bolus\\\/\",\"name\":\"C FOR CAL 4 BOLUS - V\u00e9torino\",\"isPartOf\":{\"@id\":\"https:\\\/\\\/www.vetorino.com\\\/boutique\\\/#website\"},\"primaryImageOfPage\":{\"@id\":\"https:\\\/\\\/www.vetorino.com\\\/boutique\\\/product\\\/c-for-part-coffret-4-bolus\\\/#primaryimage\"},\"image\":{\"@id\":\"https:\\\/\\\/www.vetorino.com\\\/boutique\\\/product\\\/c-for-part-coffret-4-bolus\\\/#primaryimage\"},\"thumbnailUrl\":\"https:\\\/\\\/www.vetorino.com\\\/boutique\\\/wp-content\\\/uploads\\\/2021\\\/12\\\/coffret-cforpart.png\",\"datePublished\":\"2021-12-28T20:23:22+00:00\",\"dateModified\":\"2024-01-17T15:13:35+00:00\",\"description\":\"C FOR CAL est un bolus de calcium et de magnesium du Laboratoire Savetis pr\u00e9conis\u00e9 pour la gestion des fi\u00e8vres de lait (fi\u00e8vres vitulaires) chez la vache.\",\"breadcrumb\":{\"@id\":\"https:\\\/\\\/www.vetorino.com\\\/boutique\\\/product\\\/c-for-part-coffret-4-bolus\\\/#breadcrumb\"},\"inLanguage\":\"fr-FR\",\"potentialAction\":[{\"@type\":\"ReadAction\",\"target\":[\"https:\\\/\\\/www.vetorino.com\\\/boutique\\\/product\\\/c-for-part-coffret-4-bolus\\\/\"]}]},{\"@type\":\"ImageObject\",\"inLanguage\":\"fr-FR\",\"@id\":\"https:\\\/\\\/www.vetorino.com\\\/boutique\\\/product\\\/c-for-part-coffret-4-bolus\\\/#primaryimage\",\"url\":\"https:\\\/\\\/www.vetorino.com\\\/boutique\\\/wp-content\\\/uploads\\\/2021\\\/12\\\/coffret-cforpart.png\",\"contentUrl\":\"https:\\\/\\\/www.vetorino.com\\\/boutique\\\/wp-content\\\/uploads\\\/2021\\\/12\\\/coffret-cforpart.png\",\"width\":1974,\"height\":1287},{\"@type\":\"BreadcrumbList\",\"@id\":\"https:\\\/\\\/www.vetorino.com\\\/boutique\\\/product\\\/c-for-part-coffret-4-bolus\\\/#breadcrumb\",\"itemListElement\":[{\"@type\":\"ListItem\",\"position\":1,\"name\":\"Accueil\",\"item\":\"https:\\\/\\\/www.vetorino.com\\\/boutique\\\/\"},{\"@type\":\"ListItem\",\"position\":2,\"name\":\"Produits\",\"item\":\"https:\\\/\\\/www.vetorino.com\\\/boutique\\\/\"},{\"@type\":\"ListItem\",\"position\":3,\"name\":\"C FOR CAL 4 BOLUS\"}]},{\"@type\":\"WebSite\",\"@id\":\"https:\\\/\\\/www.vetorino.com\\\/boutique\\\/#website\",\"url\":\"https:\\\/\\\/www.vetorino.com\\\/boutique\\\/\",\"name\":\"V\u00e9torino\",\"description\":\"\",\"publisher\":{\"@id\":\"https:\\\/\\\/www.vetorino.com\\\/boutique\\\/#organization\"},\"potentialAction\":[{\"@type\":\"SearchAction\",\"target\":{\"@type\":\"EntryPoint\",\"urlTemplate\":\"https:\\\/\\\/www.vetorino.com\\\/boutique\\\/?s={search_term_string}\"},\"query-input\":{\"@type\":\"PropertyValueSpecification\",\"valueRequired\":true,\"valueName\":\"search_term_string\"}}],\"inLanguage\":\"fr-FR\"},{\"@type\":\"Organization\",\"@id\":\"https:\\\/\\\/www.vetorino.com\\\/boutique\\\/#organization\",\"name\":\"V\u00e9torino\",\"url\":\"https:\\\/\\\/www.vetorino.com\\\/boutique\\\/\",\"logo\":{\"@type\":\"ImageObject\",\"inLanguage\":\"fr-FR\",\"@id\":\"https:\\\/\\\/www.vetorino.com\\\/boutique\\\/#\\\/schema\\\/logo\\\/image\\\/\",\"url\":\"https:\\\/\\\/www.vetorino.com\\\/boutique\\\/wp-content\\\/uploads\\\/2024\\\/10\\\/logo.jpg\",\"contentUrl\":\"https:\\\/\\\/www.vetorino.com\\\/boutique\\\/wp-content\\\/uploads\\\/2024\\\/10\\\/logo.jpg\",\"width\":1200,\"height\":610,\"caption\":\"V\u00e9torino\"},\"image\":{\"@id\":\"https:\\\/\\\/www.vetorino.com\\\/boutique\\\/#\\\/schema\\\/logo\\\/image\\\/\"},\"sameAs\":[\"https:\\\/\\\/www.facebook.com\\\/Vetorino\\\/\",\"https:\\\/\\\/www.instagram.com\\\/vetorino_off\\\/\",\"https:\\\/\\\/www.linkedin.com\\\/company\\\/vtorino\\\/\"]}]}<\/script>\n<meta property=\"product:price:amount\" content=\"45.34\" \/>\n<meta property=\"product:price:currency\" content=\"EUR\" \/>\n<meta property=\"og:availability\" content=\"instock\" \/>\n<meta property=\"product:availability\" content=\"instock\" \/>\n<meta property=\"product:retailer_item_id\" content=\"A-1863270\" \/>\n<meta property=\"product:condition\" content=\"new\" \/>\n<!-- \/ Yoast SEO plugin. -->","yoast_head_json":{"title":"C FOR CAL 4 BOLUS - V\u00e9torino","description":"C FOR CAL est un bolus de calcium et de magnesium du Laboratoire Savetis pr\u00e9conis\u00e9 pour la gestion des fi\u00e8vres de lait (fi\u00e8vres vitulaires) chez la vache.","robots":{"index":"noindex","follow":"nofollow"},"og_locale":"fr_FR","og_type":"article","og_title":"C FOR CAL 4 BOLUS - V\u00e9torino","og_description":"C FOR CAL est un bolus de calcium et de magnesium du Laboratoire Savetis pr\u00e9conis\u00e9 pour la gestion des fi\u00e8vres de lait (fi\u00e8vres vitulaires) chez la vache.","og_url":"https:\/\/www.vetorino.com\/veterinaire\/lens-62300\/boutique\/product\/c-for-part-coffret-4-bolus\/","og_site_name":"V\u00e9torino","article_publisher":"https:\/\/www.facebook.com\/Vetorino\/","article_modified_time":"2024-01-17T15:13:35+00:00","og_image":[{"width":1974,"height":1287,"url":"https:\/\/www.vetorino.com\/boutique\/wp-content\/uploads\/2021\/12\/coffret-cforpart.png","type":"image\/png"}],"twitter_card":"summary_large_image","twitter_misc":{"Prix":"45,34&euro;","Disponibilit\u00e9":"En stock"},"schema":{"@context":"https:\/\/schema.org","@graph":[{"@type":"WebPage","@id":"https:\/\/www.vetorino.com\/boutique\/product\/c-for-part-coffret-4-bolus\/","url":"https:\/\/www.vetorino.com\/boutique\/product\/c-for-part-coffret-4-bolus\/","name":"C FOR CAL 4 BOLUS - V\u00e9torino","isPartOf":{"@id":"https:\/\/www.vetorino.com\/boutique\/#website"},"primaryImageOfPage":{"@id":"https:\/\/www.vetorino.com\/boutique\/product\/c-for-part-coffret-4-bolus\/#primaryimage"},"image":{"@id":"https:\/\/www.vetorino.com\/boutique\/product\/c-for-part-coffret-4-bolus\/#primaryimage"},"thumbnailUrl":"https:\/\/www.vetorino.com\/boutique\/wp-content\/uploads\/2021\/12\/coffret-cforpart.png","datePublished":"2021-12-28T20:23:22+00:00","dateModified":"2024-01-17T15:13:35+00:00","description":"C FOR CAL est un bolus de calcium et de magnesium du Laboratoire Savetis pr\u00e9conis\u00e9 pour la gestion des fi\u00e8vres de lait (fi\u00e8vres vitulaires) chez la vache.","breadcrumb":{"@id":"https:\/\/www.vetorino.com\/boutique\/product\/c-for-part-coffret-4-bolus\/#breadcrumb"},"inLanguage":"fr-FR","potentialAction":[{"@type":"ReadAction","target":["https:\/\/www.vetorino.com\/boutique\/product\/c-for-part-coffret-4-bolus\/"]}]},{"@type":"ImageObject","inLanguage":"fr-FR","@id":"https:\/\/www.vetorino.com\/boutique\/product\/c-for-part-coffret-4-bolus\/#primaryimage","url":"https:\/\/www.vetorino.com\/boutique\/wp-content\/uploads\/2021\/12\/coffret-cforpart.png","contentUrl":"https:\/\/www.vetorino.com\/boutique\/wp-content\/uploads\/2021\/12\/coffret-cforpart.png","width":1974,"height":1287},{"@type":"BreadcrumbList","@id":"https:\/\/www.vetorino.com\/boutique\/product\/c-for-part-coffret-4-bolus\/#breadcrumb","itemListElement":[{"@type":"ListItem","position":1,"name":"Accueil","item":"https:\/\/www.vetorino.com\/boutique\/"},{"@type":"ListItem","position":2,"name":"Produits","item":"https:\/\/www.vetorino.com\/boutique\/"},{"@type":"ListItem","position":3,"name":"C FOR CAL 4 BOLUS"}]},{"@type":"WebSite","@id":"https:\/\/www.vetorino.com\/boutique\/#website","url":"https:\/\/www.vetorino.com\/boutique\/","name":"V\u00e9torino","description":"","publisher":{"@id":"https:\/\/www.vetorino.com\/boutique\/#organization"},"potentialAction":[{"@type":"SearchAction","target":{"@type":"EntryPoint","urlTemplate":"https:\/\/www.vetorino.com\/boutique\/?s={search_term_string}"},"query-input":{"@type":"PropertyValueSpecification","valueRequired":true,"valueName":"search_term_string"}}],"inLanguage":"fr-FR"},{"@type":"Organization","@id":"https:\/\/www.vetorino.com\/boutique\/#organization","name":"V\u00e9torino","url":"https:\/\/www.vetorino.com\/boutique\/","logo":{"@type":"ImageObject","inLanguage":"fr-FR","@id":"https:\/\/www.vetorino.com\/boutique\/#\/schema\/logo\/image\/","url":"https:\/\/www.vetorino.com\/boutique\/wp-content\/uploads\/2024\/10\/logo.jpg","contentUrl":"https:\/\/www.vetorino.com\/boutique\/wp-content\/uploads\/2024\/10\/logo.jpg","width":1200,"height":610,"caption":"V\u00e9torino"},"image":{"@id":"https:\/\/www.vetorino.com\/boutique\/#\/schema\/logo\/image\/"},"sameAs":["https:\/\/www.facebook.com\/Vetorino\/","https:\/\/www.instagram.com\/vetorino_off\/","https:\/\/www.linkedin.com\/company\/vtorino\/"]}]},"product_price_amount":"45.34","product_price_currency":"EUR","og_availability":"instock","product_availability":"instock","product_retailer_item_id":"A-1863270","product_condition":"new"},"_links":{"self":[{"href":"https:\/\/www.vetorino.com\/veterinaire\/lens-62300\/boutique\/wp-json\/wp\/v2\/product\/281581","targetHints":{"allow":["GET"]}}],"collection":[{"href":"https:\/\/www.vetorino.com\/veterinaire\/lens-62300\/boutique\/wp-json\/wp\/v2\/product"}],"about":[{"href":"https:\/\/www.vetorino.com\/veterinaire\/lens-62300\/boutique\/wp-json\/wp\/v2\/types\/product"}],"wp:featuredmedia":[{"embeddable":true,"href":"https:\/\/www.vetorino.com\/veterinaire\/lens-62300\/boutique\/wp-json\/wp\/v2\/media\/808206"}],"wp:attachment":[{"href":"https:\/\/www.vetorino.com\/veterinaire\/lens-62300\/boutique\/wp-json\/wp\/v2\/media?parent=281581"}],"wp:term":[{"taxonomy":"product_cat","embeddable":true,"href":"https:\/\/www.vetorino.com\/veterinaire\/lens-62300\/boutique\/wp-json\/wp\/v2\/product_cat?post=281581"},{"taxonomy":"product_tag","embeddable":true,"href":"https:\/\/www.vetorino.com\/veterinaire\/lens-62300\/boutique\/wp-json\/wp\/v2\/product_tag?post=281581"}],"curies":[{"name":"wp","href":"https:\/\/api.w.org\/{rel}","templated":true}]}}