{"id":33491,"date":"2020-03-04T21:57:02","date_gmt":"2020-03-04T20:57:02","guid":{"rendered":"https:\/\/www.vetorino.com\/boutique\/product\/tapis-antibacterien\/"},"modified":"2024-07-08T17:28:10","modified_gmt":"2024-07-08T15:28:10","slug":"tapis-antibacterien","status":"publish","type":"product","link":"https:\/\/www.vetorino.com\/veterinaire\/lens-62300\/boutique\/product\/tapis-antibacterien\/","title":{"rendered":"Tapis de couchage antibact\u00e9rien pour chiens"},"content":{"rendered":"<p>Ce<strong> tapis de couchage pour chien Hunter\u00a0antibact\u00e9rien\u00a0et\u00a0anti-odeurs<\/strong> qui<strong>\u00a0<\/strong>pr\u00e9vient la formation d&#8217;odeur caus\u00e9e par les bact\u00e9ries et emp\u00eache les liquides de p\u00e9n\u00e9trer dans les fibres pour une hygi\u00e8ne optimale. Tr\u00e8s confortable pour votre animal, il est \u00e9galement tr\u00e8s facile d&#8217;entretien : un simple lavage \u00e0 30\u00b0 suffit \u00e0 raviver la protection anti-odeur. Coussin polyester d\u00e9houssable avec fermeture \u00e9clair.<\/p>\n<p><strong>Existe en deux formats :<\/strong><\/p>\n<ul>\n<li>Longueur 100 cm x Largeur 70 cm, hauteur 5 cm<\/li>\n<li>Longueur 80\u00a0cm x Largeur 60 cm, hauteur 5 cm<\/li>\n<\/ul>\n","protected":false},"excerpt":{"rendered":"<p>Ce<strong> tapis de couchage pour chien Hunter\u00a0antibact\u00e9rien\u00a0et\u00a0anti-odeurs<\/strong> qui<strong>\u00a0<\/strong>pr\u00e9vient la formation d&#8217;odeur caus\u00e9e par les bact\u00e9ries et emp\u00eache les liquides de p\u00e9n\u00e9trer dans les fibres pour une hygi\u00e8ne optimale. Tr\u00e8s confortable pour votre animal, il est \u00e9galement tr\u00e8s facile d&#8217;entretien : un simple lavage \u00e0 30\u00b0 suffit \u00e0 raviver la protection anti-odeur. Coussin polyester d\u00e9houssable avec fermeture \u00e9clair.<\/p>\n","protected":false},"featured_media":76933,"template":"","meta":[],"product_cat":[12550,2698,12596],"product_tag":[],"class_list":{"0":"post-33491","1":"product","2":"type-product","3":"status-publish","4":"has-post-thumbnail","6":"product_cat-accessoires-du-chien","7":"product_cat-chien","8":"product_cat-confort-du-chien","9":"pa_marque-hunter","11":"first","12":"instock","13":"taxable","14":"shipping-taxable","15":"purchasable","16":"product-type-variable"},"yoast_head":"<!-- This site is optimized with the Yoast SEO plugin v27.3 - https:\/\/yoast.com\/product\/yoast-seo-wordpress\/ -->\n<title>Tapis de couchage antibact\u00e9rien pour chiens Hunter - V\u00e9torino<\/title>\n<meta name=\"description\" content=\"Ce tapis de couchage pour chien Hunter\u00a0antibact\u00e9rien\u00a0et\u00a0anti-odeurs qui\u00a0pr\u00e9vient la formation d&#039;odeur caus\u00e9e par les bact\u00e9ries et emp\u00eache les liquides de p\u00e9n\u00e9trer dans les fibres pour une hygi\u00e8ne optimale. Tr\u00e8s confortable pour votre animal, il est \u00e9galement tr\u00e8s facile d&#039;entretien : un simple lavage \u00e0 30\u00b0 suffit \u00e0 raviver la protection anti-odeur. Coussin polyester d\u00e9houssable avec fermeture \u00e9clair.\" \/>\n<meta name=\"robots\" content=\"noindex, nofollow\" \/>\n<meta property=\"og:locale\" content=\"fr_FR\" \/>\n<meta property=\"og:type\" content=\"article\" \/>\n<meta property=\"og:title\" content=\"Tapis de couchage antibact\u00e9rien pour chiens Hunter - V\u00e9torino\" \/>\n<meta property=\"og:description\" content=\"Ce tapis de couchage pour chien Hunter\u00a0antibact\u00e9rien\u00a0et\u00a0anti-odeurs qui\u00a0pr\u00e9vient la formation d&#039;odeur caus\u00e9e par les bact\u00e9ries et emp\u00eache les liquides de p\u00e9n\u00e9trer dans les fibres pour une hygi\u00e8ne optimale. Tr\u00e8s confortable pour votre animal, il est \u00e9galement tr\u00e8s facile d&#039;entretien : un simple lavage \u00e0 30\u00b0 suffit \u00e0 raviver la protection anti-odeur. Coussin polyester d\u00e9houssable avec fermeture \u00e9clair.\" \/>\n<meta property=\"og:url\" content=\"https:\/\/www.vetorino.com\/veterinaire\/lens-62300\/boutique\/product\/tapis-antibacterien\/\" \/>\n<meta property=\"og:site_name\" content=\"V\u00e9torino\" \/>\n<meta property=\"article:publisher\" content=\"https:\/\/www.facebook.com\/Vetorino\/\" \/>\n<meta property=\"article:modified_time\" content=\"2024-07-08T15:28:10+00:00\" \/>\n<meta property=\"og:image\" content=\"https:\/\/www.vetorino.com\/boutique\/wp-content\/uploads\/2020\/03\/tapis-de-couchage-antibacterien-rouge-pm-chien-20.jpg\" \/>\n\t<meta property=\"og:image:width\" content=\"700\" \/>\n\t<meta property=\"og:image:height\" content=\"800\" \/>\n\t<meta property=\"og:image:type\" content=\"image\/jpeg\" \/>\n<meta name=\"twitter:card\" content=\"summary_large_image\" \/>\n<meta name=\"twitter:label1\" content=\"Disponibilit\u00e9\" \/>\n\t<meta name=\"twitter:data1\" content=\"En stock\" \/>\n<script type=\"application\/ld+json\" class=\"yoast-schema-graph\">{\"@context\":\"https:\\\/\\\/schema.org\",\"@graph\":[{\"@type\":\"WebPage\",\"@id\":\"https:\\\/\\\/www.vetorino.com\\\/boutique\\\/product\\\/tapis-antibacterien\\\/\",\"url\":\"https:\\\/\\\/www.vetorino.com\\\/boutique\\\/product\\\/tapis-antibacterien\\\/\",\"name\":\"Tapis de couchage antibact\u00e9rien pour chiens Hunter - V\u00e9torino\",\"isPartOf\":{\"@id\":\"https:\\\/\\\/www.vetorino.com\\\/boutique\\\/#website\"},\"primaryImageOfPage\":{\"@id\":\"https:\\\/\\\/www.vetorino.com\\\/boutique\\\/product\\\/tapis-antibacterien\\\/#primaryimage\"},\"image\":{\"@id\":\"https:\\\/\\\/www.vetorino.com\\\/boutique\\\/product\\\/tapis-antibacterien\\\/#primaryimage\"},\"thumbnailUrl\":\"https:\\\/\\\/www.vetorino.com\\\/boutique\\\/wp-content\\\/uploads\\\/2020\\\/03\\\/tapis-de-couchage-antibacterien-rouge-pm-chien-20.jpg\",\"datePublished\":\"2020-03-04T20:57:02+00:00\",\"dateModified\":\"2024-07-08T15:28:10+00:00\",\"description\":\"Ce tapis de couchage pour chien Hunter\u00a0antibact\u00e9rien\u00a0et\u00a0anti-odeurs qui\u00a0pr\u00e9vient la formation d'odeur caus\u00e9e par les bact\u00e9ries et emp\u00eache les liquides de p\u00e9n\u00e9trer dans les fibres pour une hygi\u00e8ne optimale. Tr\u00e8s confortable pour votre animal, il est \u00e9galement tr\u00e8s facile d'entretien : un simple lavage \u00e0 30\u00b0 suffit \u00e0 raviver la protection anti-odeur. Coussin polyester d\u00e9houssable avec fermeture \u00e9clair.\",\"breadcrumb\":{\"@id\":\"https:\\\/\\\/www.vetorino.com\\\/boutique\\\/product\\\/tapis-antibacterien\\\/#breadcrumb\"},\"inLanguage\":\"fr-FR\",\"potentialAction\":[{\"@type\":\"ReadAction\",\"target\":[\"https:\\\/\\\/www.vetorino.com\\\/boutique\\\/product\\\/tapis-antibacterien\\\/\"]}]},{\"@type\":\"ImageObject\",\"inLanguage\":\"fr-FR\",\"@id\":\"https:\\\/\\\/www.vetorino.com\\\/boutique\\\/product\\\/tapis-antibacterien\\\/#primaryimage\",\"url\":\"https:\\\/\\\/www.vetorino.com\\\/boutique\\\/wp-content\\\/uploads\\\/2020\\\/03\\\/tapis-de-couchage-antibacterien-rouge-pm-chien-20.jpg\",\"contentUrl\":\"https:\\\/\\\/www.vetorino.com\\\/boutique\\\/wp-content\\\/uploads\\\/2020\\\/03\\\/tapis-de-couchage-antibacterien-rouge-pm-chien-20.jpg\",\"width\":700,\"height\":800},{\"@type\":\"BreadcrumbList\",\"@id\":\"https:\\\/\\\/www.vetorino.com\\\/boutique\\\/product\\\/tapis-antibacterien\\\/#breadcrumb\",\"itemListElement\":[{\"@type\":\"ListItem\",\"position\":1,\"name\":\"Accueil\",\"item\":\"https:\\\/\\\/www.vetorino.com\\\/boutique\\\/\"},{\"@type\":\"ListItem\",\"position\":2,\"name\":\"Produits\",\"item\":\"https:\\\/\\\/www.vetorino.com\\\/boutique\\\/\"},{\"@type\":\"ListItem\",\"position\":3,\"name\":\"Tapis de couchage antibact\u00e9rien pour chiens\"}]},{\"@type\":\"WebSite\",\"@id\":\"https:\\\/\\\/www.vetorino.com\\\/boutique\\\/#website\",\"url\":\"https:\\\/\\\/www.vetorino.com\\\/boutique\\\/\",\"name\":\"V\u00e9torino\",\"description\":\"\",\"publisher\":{\"@id\":\"https:\\\/\\\/www.vetorino.com\\\/boutique\\\/#organization\"},\"potentialAction\":[{\"@type\":\"SearchAction\",\"target\":{\"@type\":\"EntryPoint\",\"urlTemplate\":\"https:\\\/\\\/www.vetorino.com\\\/boutique\\\/?s={search_term_string}\"},\"query-input\":{\"@type\":\"PropertyValueSpecification\",\"valueRequired\":true,\"valueName\":\"search_term_string\"}}],\"inLanguage\":\"fr-FR\"},{\"@type\":\"Organization\",\"@id\":\"https:\\\/\\\/www.vetorino.com\\\/boutique\\\/#organization\",\"name\":\"V\u00e9torino\",\"url\":\"https:\\\/\\\/www.vetorino.com\\\/boutique\\\/\",\"logo\":{\"@type\":\"ImageObject\",\"inLanguage\":\"fr-FR\",\"@id\":\"https:\\\/\\\/www.vetorino.com\\\/boutique\\\/#\\\/schema\\\/logo\\\/image\\\/\",\"url\":\"https:\\\/\\\/www.vetorino.com\\\/boutique\\\/wp-content\\\/uploads\\\/2024\\\/10\\\/logo.jpg\",\"contentUrl\":\"https:\\\/\\\/www.vetorino.com\\\/boutique\\\/wp-content\\\/uploads\\\/2024\\\/10\\\/logo.jpg\",\"width\":1200,\"height\":610,\"caption\":\"V\u00e9torino\"},\"image\":{\"@id\":\"https:\\\/\\\/www.vetorino.com\\\/boutique\\\/#\\\/schema\\\/logo\\\/image\\\/\"},\"sameAs\":[\"https:\\\/\\\/www.facebook.com\\\/Vetorino\\\/\",\"https:\\\/\\\/www.instagram.com\\\/vetorino_off\\\/\",\"https:\\\/\\\/www.linkedin.com\\\/company\\\/vtorino\\\/\"]}]}<\/script>\n<meta property=\"product:brand\" content=\"Hunter\" \/>\n<meta property=\"og:availability\" content=\"instock\" \/>\n<meta property=\"product:availability\" content=\"instock\" \/>\n<meta property=\"product:condition\" content=\"new\" \/>\n<!-- \/ Yoast SEO plugin. -->","yoast_head_json":{"title":"Tapis de couchage antibact\u00e9rien pour chiens Hunter - V\u00e9torino","description":"Ce tapis de couchage pour chien Hunter\u00a0antibact\u00e9rien\u00a0et\u00a0anti-odeurs qui\u00a0pr\u00e9vient la formation d'odeur caus\u00e9e par les bact\u00e9ries et emp\u00eache les liquides de p\u00e9n\u00e9trer dans les fibres pour une hygi\u00e8ne optimale. Tr\u00e8s confortable pour votre animal, il est \u00e9galement tr\u00e8s facile d'entretien : un simple lavage \u00e0 30\u00b0 suffit \u00e0 raviver la protection anti-odeur. Coussin polyester d\u00e9houssable avec fermeture \u00e9clair.","robots":{"index":"noindex","follow":"nofollow"},"og_locale":"fr_FR","og_type":"article","og_title":"Tapis de couchage antibact\u00e9rien pour chiens Hunter - V\u00e9torino","og_description":"Ce tapis de couchage pour chien Hunter\u00a0antibact\u00e9rien\u00a0et\u00a0anti-odeurs qui\u00a0pr\u00e9vient la formation d'odeur caus\u00e9e par les bact\u00e9ries et emp\u00eache les liquides de p\u00e9n\u00e9trer dans les fibres pour une hygi\u00e8ne optimale. Tr\u00e8s confortable pour votre animal, il est \u00e9galement tr\u00e8s facile d'entretien : un simple lavage \u00e0 30\u00b0 suffit \u00e0 raviver la protection anti-odeur. Coussin polyester d\u00e9houssable avec fermeture \u00e9clair.","og_url":"https:\/\/www.vetorino.com\/veterinaire\/lens-62300\/boutique\/product\/tapis-antibacterien\/","og_site_name":"V\u00e9torino","article_publisher":"https:\/\/www.facebook.com\/Vetorino\/","article_modified_time":"2024-07-08T15:28:10+00:00","og_image":[{"width":700,"height":800,"url":"https:\/\/www.vetorino.com\/boutique\/wp-content\/uploads\/2020\/03\/tapis-de-couchage-antibacterien-rouge-pm-chien-20.jpg","type":"image\/jpeg"}],"twitter_card":"summary_large_image","twitter_misc":{"Disponibilit\u00e9":"En stock"},"schema":{"@context":"https:\/\/schema.org","@graph":[{"@type":"WebPage","@id":"https:\/\/www.vetorino.com\/boutique\/product\/tapis-antibacterien\/","url":"https:\/\/www.vetorino.com\/boutique\/product\/tapis-antibacterien\/","name":"Tapis de couchage antibact\u00e9rien pour chiens Hunter - V\u00e9torino","isPartOf":{"@id":"https:\/\/www.vetorino.com\/boutique\/#website"},"primaryImageOfPage":{"@id":"https:\/\/www.vetorino.com\/boutique\/product\/tapis-antibacterien\/#primaryimage"},"image":{"@id":"https:\/\/www.vetorino.com\/boutique\/product\/tapis-antibacterien\/#primaryimage"},"thumbnailUrl":"https:\/\/www.vetorino.com\/boutique\/wp-content\/uploads\/2020\/03\/tapis-de-couchage-antibacterien-rouge-pm-chien-20.jpg","datePublished":"2020-03-04T20:57:02+00:00","dateModified":"2024-07-08T15:28:10+00:00","description":"Ce tapis de couchage pour chien Hunter\u00a0antibact\u00e9rien\u00a0et\u00a0anti-odeurs qui\u00a0pr\u00e9vient la formation d'odeur caus\u00e9e par les bact\u00e9ries et emp\u00eache les liquides de p\u00e9n\u00e9trer dans les fibres pour une hygi\u00e8ne optimale. Tr\u00e8s confortable pour votre animal, il est \u00e9galement tr\u00e8s facile d'entretien : un simple lavage \u00e0 30\u00b0 suffit \u00e0 raviver la protection anti-odeur. Coussin polyester d\u00e9houssable avec fermeture \u00e9clair.","breadcrumb":{"@id":"https:\/\/www.vetorino.com\/boutique\/product\/tapis-antibacterien\/#breadcrumb"},"inLanguage":"fr-FR","potentialAction":[{"@type":"ReadAction","target":["https:\/\/www.vetorino.com\/boutique\/product\/tapis-antibacterien\/"]}]},{"@type":"ImageObject","inLanguage":"fr-FR","@id":"https:\/\/www.vetorino.com\/boutique\/product\/tapis-antibacterien\/#primaryimage","url":"https:\/\/www.vetorino.com\/boutique\/wp-content\/uploads\/2020\/03\/tapis-de-couchage-antibacterien-rouge-pm-chien-20.jpg","contentUrl":"https:\/\/www.vetorino.com\/boutique\/wp-content\/uploads\/2020\/03\/tapis-de-couchage-antibacterien-rouge-pm-chien-20.jpg","width":700,"height":800},{"@type":"BreadcrumbList","@id":"https:\/\/www.vetorino.com\/boutique\/product\/tapis-antibacterien\/#breadcrumb","itemListElement":[{"@type":"ListItem","position":1,"name":"Accueil","item":"https:\/\/www.vetorino.com\/boutique\/"},{"@type":"ListItem","position":2,"name":"Produits","item":"https:\/\/www.vetorino.com\/boutique\/"},{"@type":"ListItem","position":3,"name":"Tapis de couchage antibact\u00e9rien pour chiens"}]},{"@type":"WebSite","@id":"https:\/\/www.vetorino.com\/boutique\/#website","url":"https:\/\/www.vetorino.com\/boutique\/","name":"V\u00e9torino","description":"","publisher":{"@id":"https:\/\/www.vetorino.com\/boutique\/#organization"},"potentialAction":[{"@type":"SearchAction","target":{"@type":"EntryPoint","urlTemplate":"https:\/\/www.vetorino.com\/boutique\/?s={search_term_string}"},"query-input":{"@type":"PropertyValueSpecification","valueRequired":true,"valueName":"search_term_string"}}],"inLanguage":"fr-FR"},{"@type":"Organization","@id":"https:\/\/www.vetorino.com\/boutique\/#organization","name":"V\u00e9torino","url":"https:\/\/www.vetorino.com\/boutique\/","logo":{"@type":"ImageObject","inLanguage":"fr-FR","@id":"https:\/\/www.vetorino.com\/boutique\/#\/schema\/logo\/image\/","url":"https:\/\/www.vetorino.com\/boutique\/wp-content\/uploads\/2024\/10\/logo.jpg","contentUrl":"https:\/\/www.vetorino.com\/boutique\/wp-content\/uploads\/2024\/10\/logo.jpg","width":1200,"height":610,"caption":"V\u00e9torino"},"image":{"@id":"https:\/\/www.vetorino.com\/boutique\/#\/schema\/logo\/image\/"},"sameAs":["https:\/\/www.facebook.com\/Vetorino\/","https:\/\/www.instagram.com\/vetorino_off\/","https:\/\/www.linkedin.com\/company\/vtorino\/"]}]},"product_brand":"Hunter","og_availability":"instock","product_availability":"instock","product_condition":"new"},"_links":{"self":[{"href":"https:\/\/www.vetorino.com\/veterinaire\/lens-62300\/boutique\/wp-json\/wp\/v2\/product\/33491","targetHints":{"allow":["GET"]}}],"collection":[{"href":"https:\/\/www.vetorino.com\/veterinaire\/lens-62300\/boutique\/wp-json\/wp\/v2\/product"}],"about":[{"href":"https:\/\/www.vetorino.com\/veterinaire\/lens-62300\/boutique\/wp-json\/wp\/v2\/types\/product"}],"wp:featuredmedia":[{"embeddable":true,"href":"https:\/\/www.vetorino.com\/veterinaire\/lens-62300\/boutique\/wp-json\/wp\/v2\/media\/76933"}],"wp:attachment":[{"href":"https:\/\/www.vetorino.com\/veterinaire\/lens-62300\/boutique\/wp-json\/wp\/v2\/media?parent=33491"}],"wp:term":[{"taxonomy":"product_cat","embeddable":true,"href":"https:\/\/www.vetorino.com\/veterinaire\/lens-62300\/boutique\/wp-json\/wp\/v2\/product_cat?post=33491"},{"taxonomy":"product_tag","embeddable":true,"href":"https:\/\/www.vetorino.com\/veterinaire\/lens-62300\/boutique\/wp-json\/wp\/v2\/product_tag?post=33491"}],"curies":[{"name":"wp","href":"https:\/\/api.w.org\/{rel}","templated":true}]}}