{"id":552895,"date":"2023-02-06T09:52:05","date_gmt":"2023-02-06T08:52:05","guid":{"rendered":"https:\/\/www.vetorino.com\/boutique\/product\/huile-de-saumon-et-chanvre-cbd-4\/"},"modified":"2024-04-26T10:02:00","modified_gmt":"2024-04-26T08:02:00","slug":"huile-de-saumon-et-chanvre-cbd-4","status":"publish","type":"product","link":"https:\/\/www.vetorino.com\/veterinaire\/lens-62300\/boutique\/product\/huile-de-saumon-et-chanvre-cbd-4\/","title":{"rendered":"Huile de Saumon et chanvre CBD 4 %"},"content":{"rendered":"<p>Cette huile de saumon et huile de chanvre <strong>CBD<\/strong> est <strong>un compl\u00e9ment alimentaire<\/strong> d\u00e9di\u00e9 au bien-\u00eatre de<br \/>\nl\u2019articulation des chats et chiens.<\/p>\n<p><strong>Tr\u00e8s riche en om\u00e9ga 3 et om\u00e9ga 6,<\/strong> les huile de saumon et de chanvre sont toutes les deux reconnues<br \/>\npour leurs propri\u00e9t\u00e9s inflammatoires et leurs b\u00e9n\u00e9fices en cas de douleurs articulaires, tendinites ou<br \/>\narthrose.<\/p>\n<p>Notre huile de chanvre est obtenus \u00e0 partir de chanvre fran\u00e7ais bio (Sativa L.) et contient<br \/>\nnaturellement du CBD. Notre proc\u00e9d\u00e9 d&#8217;extraction par chromatographie nous permet d&#8217;exclure le<br \/>\nTHC r\u00e9siduel et de conserver le spectre large autour du CBD, incluant notamment le CBG, CBN, les<br \/>\nterp\u00e8nes et flavono\u00efdes. Ces mol\u00e9cules agissent par effet d&#8217;entourage.<\/p>\n<p>Une grande \u00e9tude bibliographique r\u00e9cente sur les aliments compl\u00e9mentaires pour le soutien des<br \/>\narticulations canines et f\u00e9lines a montr\u00e9 que les aliments compl\u00e9mentaires riches en om\u00e9ga-3 ou<br \/>\ncontenant du cannabidiol \u00e9taient les seuls efficaces. The Blob Lab a donc formul\u00e9 le meilleur des deux<br \/>\nmondes dans ses produits avec huiles de saumon et chanvre riches en omega- 3 et en CBD !<\/p>\n<p><strong>Conseils d&#8217;utilisation : <\/strong><\/p>\n<ul>\n<li>Cette huile convient aux chiens entre 10kg et 15kg.<\/li>\n<li>Privil\u00e9gier une utilisation quotidienne sur 30 jours. Commencer par la plus petite dose journali\u00e8re<br \/>\nrecommand\u00e9e sur le produit puis augmenter progressivement. Ne pas d\u00e9passer la dose recommand\u00e9e.<\/li>\n<li>L\u2019huile peut \u00eatre donn\u00e9e sous la langue, sur les croquettes ou sur une friandise.<strong><br \/>\n<\/strong><\/li>\n<\/ul>\n<p>&nbsp;<\/p>\n","protected":false},"excerpt":{"rendered":"<p><strong>Cette huile de saumon et huile de chanvre CBD est un compl\u00e9ment alimentaire d\u00e9di\u00e9 au bien-\u00eatre de<\/strong><br \/>\n<strong>l\u2019articulation des chats et chiens.<\/strong><\/p>\n<p><strong>Utilisation :\u00a0<\/strong><\/p>\n<ul>\n<li>Cette huile convient aux chiens entre 10kg et 15kg.<\/li>\n<\/ul>\n","protected":false},"featured_media":905885,"template":"","meta":[],"product_cat":[12551,12552,12581,12582,2697,2698,12632,12633],"product_tag":[],"class_list":{"0":"post-552895","1":"product","2":"type-product","3":"status-publish","4":"has-post-thumbnail","6":"product_cat-alimentation-du-chat","7":"product_cat-alimentation-du-chien","8":"product_cat-alimentation-medicalisee-pour-chat","9":"product_cat-alimentation-medicalisee-pour-chien","10":"product_cat-chat","11":"product_cat-chien","12":"product_cat-soutien-articulaire-du-chat","13":"product_cat-soutien-articulaire-du-chien","14":"pa_marque-the-blob-lab","16":"first","17":"instock","18":"taxable","19":"shipping-taxable","20":"purchasable","21":"product-type-simple"},"yoast_head":"<!-- This site is optimized with the Yoast SEO plugin v27.3 - https:\/\/yoast.com\/product\/yoast-seo-wordpress\/ -->\n<title>Huile de Saumon et chanvre CBD 4 % The Blob Lab - V\u00e9torino<\/title>\n<meta name=\"description\" content=\"Cette huile de saumon et huile de chanvre CBD est un compl\u00e9ment alimentaire d\u00e9di\u00e9 au bien-\u00eatre de l\u2019articulation des chats et chiens.  Utilisation :\u00a0   Cette huile convient aux chiens entre 10kg et 15kg.\" \/>\n<meta name=\"robots\" content=\"noindex, nofollow\" \/>\n<meta property=\"og:locale\" content=\"fr_FR\" \/>\n<meta property=\"og:type\" content=\"article\" \/>\n<meta property=\"og:title\" content=\"Huile de Saumon et chanvre CBD 4 % The Blob Lab - V\u00e9torino\" \/>\n<meta property=\"og:description\" content=\"Cette huile de saumon et huile de chanvre CBD est un compl\u00e9ment alimentaire d\u00e9di\u00e9 au bien-\u00eatre de l\u2019articulation des chats et chiens.  Utilisation :\u00a0   Cette huile convient aux chiens entre 10kg et 15kg.\" \/>\n<meta property=\"og:url\" content=\"https:\/\/www.vetorino.com\/veterinaire\/lens-62300\/boutique\/product\/huile-de-saumon-et-chanvre-cbd-4\/\" \/>\n<meta property=\"og:site_name\" content=\"V\u00e9torino\" \/>\n<meta property=\"article:publisher\" content=\"https:\/\/www.facebook.com\/Vetorino\/\" \/>\n<meta property=\"article:modified_time\" content=\"2024-04-26T08:02:00+00:00\" \/>\n<meta property=\"og:image\" content=\"https:\/\/www.vetorino.com\/boutique\/wp-content\/uploads\/2023\/02\/Huile-Saumon-chanvre-CBD-chiens-The-Blob-Lab.jpg\" \/>\n\t<meta property=\"og:image:width\" content=\"750\" \/>\n\t<meta property=\"og:image:height\" content=\"750\" \/>\n\t<meta property=\"og:image:type\" content=\"image\/jpeg\" \/>\n<meta name=\"twitter:card\" content=\"summary_large_image\" \/>\n<meta name=\"twitter:label1\" content=\"Prix\" \/>\n\t<meta name=\"twitter:data1\" content=\"24,29&euro;\" \/>\n\t<meta name=\"twitter:label2\" content=\"Disponibilit\u00e9\" \/>\n\t<meta name=\"twitter:data2\" content=\"En stock\" \/>\n<script type=\"application\/ld+json\" class=\"yoast-schema-graph\">{\"@context\":\"https:\\\/\\\/schema.org\",\"@graph\":[{\"@type\":\"WebPage\",\"@id\":\"https:\\\/\\\/www.vetorino.com\\\/boutique\\\/product\\\/huile-de-saumon-et-chanvre-cbd-4\\\/\",\"url\":\"https:\\\/\\\/www.vetorino.com\\\/boutique\\\/product\\\/huile-de-saumon-et-chanvre-cbd-4\\\/\",\"name\":\"Huile de Saumon et chanvre CBD 4 % The Blob Lab - V\u00e9torino\",\"isPartOf\":{\"@id\":\"https:\\\/\\\/www.vetorino.com\\\/boutique\\\/#website\"},\"primaryImageOfPage\":{\"@id\":\"https:\\\/\\\/www.vetorino.com\\\/boutique\\\/product\\\/huile-de-saumon-et-chanvre-cbd-4\\\/#primaryimage\"},\"image\":{\"@id\":\"https:\\\/\\\/www.vetorino.com\\\/boutique\\\/product\\\/huile-de-saumon-et-chanvre-cbd-4\\\/#primaryimage\"},\"thumbnailUrl\":\"https:\\\/\\\/www.vetorino.com\\\/boutique\\\/wp-content\\\/uploads\\\/2023\\\/02\\\/Huile-Saumon-chanvre-CBD-chiens-The-Blob-Lab.jpg\",\"datePublished\":\"2023-02-06T08:52:05+00:00\",\"dateModified\":\"2024-04-26T08:02:00+00:00\",\"description\":\"Cette huile de saumon et huile de chanvre CBD est un compl\u00e9ment alimentaire d\u00e9di\u00e9 au bien-\u00eatre de l\u2019articulation des chats et chiens. Utilisation :\u00a0 Cette huile convient aux chiens entre 10kg et 15kg.\",\"breadcrumb\":{\"@id\":\"https:\\\/\\\/www.vetorino.com\\\/boutique\\\/product\\\/huile-de-saumon-et-chanvre-cbd-4\\\/#breadcrumb\"},\"inLanguage\":\"fr-FR\",\"potentialAction\":[{\"@type\":\"ReadAction\",\"target\":[\"https:\\\/\\\/www.vetorino.com\\\/boutique\\\/product\\\/huile-de-saumon-et-chanvre-cbd-4\\\/\"]}]},{\"@type\":\"ImageObject\",\"inLanguage\":\"fr-FR\",\"@id\":\"https:\\\/\\\/www.vetorino.com\\\/boutique\\\/product\\\/huile-de-saumon-et-chanvre-cbd-4\\\/#primaryimage\",\"url\":\"https:\\\/\\\/www.vetorino.com\\\/boutique\\\/wp-content\\\/uploads\\\/2023\\\/02\\\/Huile-Saumon-chanvre-CBD-chiens-The-Blob-Lab.jpg\",\"contentUrl\":\"https:\\\/\\\/www.vetorino.com\\\/boutique\\\/wp-content\\\/uploads\\\/2023\\\/02\\\/Huile-Saumon-chanvre-CBD-chiens-The-Blob-Lab.jpg\",\"width\":750,\"height\":750},{\"@type\":\"BreadcrumbList\",\"@id\":\"https:\\\/\\\/www.vetorino.com\\\/boutique\\\/product\\\/huile-de-saumon-et-chanvre-cbd-4\\\/#breadcrumb\",\"itemListElement\":[{\"@type\":\"ListItem\",\"position\":1,\"name\":\"Accueil\",\"item\":\"https:\\\/\\\/www.vetorino.com\\\/boutique\\\/\"},{\"@type\":\"ListItem\",\"position\":2,\"name\":\"Produits\",\"item\":\"https:\\\/\\\/www.vetorino.com\\\/boutique\\\/\"},{\"@type\":\"ListItem\",\"position\":3,\"name\":\"Huile de Saumon et chanvre CBD 4 %\"}]},{\"@type\":\"WebSite\",\"@id\":\"https:\\\/\\\/www.vetorino.com\\\/boutique\\\/#website\",\"url\":\"https:\\\/\\\/www.vetorino.com\\\/boutique\\\/\",\"name\":\"V\u00e9torino\",\"description\":\"\",\"publisher\":{\"@id\":\"https:\\\/\\\/www.vetorino.com\\\/boutique\\\/#organization\"},\"potentialAction\":[{\"@type\":\"SearchAction\",\"target\":{\"@type\":\"EntryPoint\",\"urlTemplate\":\"https:\\\/\\\/www.vetorino.com\\\/boutique\\\/?s={search_term_string}\"},\"query-input\":{\"@type\":\"PropertyValueSpecification\",\"valueRequired\":true,\"valueName\":\"search_term_string\"}}],\"inLanguage\":\"fr-FR\"},{\"@type\":\"Organization\",\"@id\":\"https:\\\/\\\/www.vetorino.com\\\/boutique\\\/#organization\",\"name\":\"V\u00e9torino\",\"url\":\"https:\\\/\\\/www.vetorino.com\\\/boutique\\\/\",\"logo\":{\"@type\":\"ImageObject\",\"inLanguage\":\"fr-FR\",\"@id\":\"https:\\\/\\\/www.vetorino.com\\\/boutique\\\/#\\\/schema\\\/logo\\\/image\\\/\",\"url\":\"https:\\\/\\\/www.vetorino.com\\\/boutique\\\/wp-content\\\/uploads\\\/2024\\\/10\\\/logo.jpg\",\"contentUrl\":\"https:\\\/\\\/www.vetorino.com\\\/boutique\\\/wp-content\\\/uploads\\\/2024\\\/10\\\/logo.jpg\",\"width\":1200,\"height\":610,\"caption\":\"V\u00e9torino\"},\"image\":{\"@id\":\"https:\\\/\\\/www.vetorino.com\\\/boutique\\\/#\\\/schema\\\/logo\\\/image\\\/\"},\"sameAs\":[\"https:\\\/\\\/www.facebook.com\\\/Vetorino\\\/\",\"https:\\\/\\\/www.instagram.com\\\/vetorino_off\\\/\",\"https:\\\/\\\/www.linkedin.com\\\/company\\\/vtorino\\\/\"]}]}<\/script>\n<meta property=\"product:brand\" content=\"The Blob Lab\" \/>\n<meta property=\"product:price:amount\" content=\"24.29\" \/>\n<meta property=\"product:price:currency\" content=\"EUR\" \/>\n<meta property=\"og:availability\" content=\"instock\" \/>\n<meta property=\"product:availability\" content=\"instock\" \/>\n<meta property=\"product:retailer_item_id\" content=\"A-1868300\" \/>\n<meta property=\"product:condition\" content=\"new\" \/>\n<!-- \/ Yoast SEO plugin. -->","yoast_head_json":{"title":"Huile de Saumon et chanvre CBD 4 % The Blob Lab - V\u00e9torino","description":"Cette huile de saumon et huile de chanvre CBD est un compl\u00e9ment alimentaire d\u00e9di\u00e9 au bien-\u00eatre de l\u2019articulation des chats et chiens.  Utilisation :\u00a0   Cette huile convient aux chiens entre 10kg et 15kg.","robots":{"index":"noindex","follow":"nofollow"},"og_locale":"fr_FR","og_type":"article","og_title":"Huile de Saumon et chanvre CBD 4 % The Blob Lab - V\u00e9torino","og_description":"Cette huile de saumon et huile de chanvre CBD est un compl\u00e9ment alimentaire d\u00e9di\u00e9 au bien-\u00eatre de l\u2019articulation des chats et chiens.  Utilisation :\u00a0   Cette huile convient aux chiens entre 10kg et 15kg.","og_url":"https:\/\/www.vetorino.com\/veterinaire\/lens-62300\/boutique\/product\/huile-de-saumon-et-chanvre-cbd-4\/","og_site_name":"V\u00e9torino","article_publisher":"https:\/\/www.facebook.com\/Vetorino\/","article_modified_time":"2024-04-26T08:02:00+00:00","og_image":[{"width":750,"height":750,"url":"https:\/\/www.vetorino.com\/boutique\/wp-content\/uploads\/2023\/02\/Huile-Saumon-chanvre-CBD-chiens-The-Blob-Lab.jpg","type":"image\/jpeg"}],"twitter_card":"summary_large_image","twitter_misc":{"Prix":"24,29&euro;","Disponibilit\u00e9":"En stock"},"schema":{"@context":"https:\/\/schema.org","@graph":[{"@type":"WebPage","@id":"https:\/\/www.vetorino.com\/boutique\/product\/huile-de-saumon-et-chanvre-cbd-4\/","url":"https:\/\/www.vetorino.com\/boutique\/product\/huile-de-saumon-et-chanvre-cbd-4\/","name":"Huile de Saumon et chanvre CBD 4 % The Blob Lab - V\u00e9torino","isPartOf":{"@id":"https:\/\/www.vetorino.com\/boutique\/#website"},"primaryImageOfPage":{"@id":"https:\/\/www.vetorino.com\/boutique\/product\/huile-de-saumon-et-chanvre-cbd-4\/#primaryimage"},"image":{"@id":"https:\/\/www.vetorino.com\/boutique\/product\/huile-de-saumon-et-chanvre-cbd-4\/#primaryimage"},"thumbnailUrl":"https:\/\/www.vetorino.com\/boutique\/wp-content\/uploads\/2023\/02\/Huile-Saumon-chanvre-CBD-chiens-The-Blob-Lab.jpg","datePublished":"2023-02-06T08:52:05+00:00","dateModified":"2024-04-26T08:02:00+00:00","description":"Cette huile de saumon et huile de chanvre CBD est un compl\u00e9ment alimentaire d\u00e9di\u00e9 au bien-\u00eatre de l\u2019articulation des chats et chiens. Utilisation :\u00a0 Cette huile convient aux chiens entre 10kg et 15kg.","breadcrumb":{"@id":"https:\/\/www.vetorino.com\/boutique\/product\/huile-de-saumon-et-chanvre-cbd-4\/#breadcrumb"},"inLanguage":"fr-FR","potentialAction":[{"@type":"ReadAction","target":["https:\/\/www.vetorino.com\/boutique\/product\/huile-de-saumon-et-chanvre-cbd-4\/"]}]},{"@type":"ImageObject","inLanguage":"fr-FR","@id":"https:\/\/www.vetorino.com\/boutique\/product\/huile-de-saumon-et-chanvre-cbd-4\/#primaryimage","url":"https:\/\/www.vetorino.com\/boutique\/wp-content\/uploads\/2023\/02\/Huile-Saumon-chanvre-CBD-chiens-The-Blob-Lab.jpg","contentUrl":"https:\/\/www.vetorino.com\/boutique\/wp-content\/uploads\/2023\/02\/Huile-Saumon-chanvre-CBD-chiens-The-Blob-Lab.jpg","width":750,"height":750},{"@type":"BreadcrumbList","@id":"https:\/\/www.vetorino.com\/boutique\/product\/huile-de-saumon-et-chanvre-cbd-4\/#breadcrumb","itemListElement":[{"@type":"ListItem","position":1,"name":"Accueil","item":"https:\/\/www.vetorino.com\/boutique\/"},{"@type":"ListItem","position":2,"name":"Produits","item":"https:\/\/www.vetorino.com\/boutique\/"},{"@type":"ListItem","position":3,"name":"Huile de Saumon et chanvre CBD 4 %"}]},{"@type":"WebSite","@id":"https:\/\/www.vetorino.com\/boutique\/#website","url":"https:\/\/www.vetorino.com\/boutique\/","name":"V\u00e9torino","description":"","publisher":{"@id":"https:\/\/www.vetorino.com\/boutique\/#organization"},"potentialAction":[{"@type":"SearchAction","target":{"@type":"EntryPoint","urlTemplate":"https:\/\/www.vetorino.com\/boutique\/?s={search_term_string}"},"query-input":{"@type":"PropertyValueSpecification","valueRequired":true,"valueName":"search_term_string"}}],"inLanguage":"fr-FR"},{"@type":"Organization","@id":"https:\/\/www.vetorino.com\/boutique\/#organization","name":"V\u00e9torino","url":"https:\/\/www.vetorino.com\/boutique\/","logo":{"@type":"ImageObject","inLanguage":"fr-FR","@id":"https:\/\/www.vetorino.com\/boutique\/#\/schema\/logo\/image\/","url":"https:\/\/www.vetorino.com\/boutique\/wp-content\/uploads\/2024\/10\/logo.jpg","contentUrl":"https:\/\/www.vetorino.com\/boutique\/wp-content\/uploads\/2024\/10\/logo.jpg","width":1200,"height":610,"caption":"V\u00e9torino"},"image":{"@id":"https:\/\/www.vetorino.com\/boutique\/#\/schema\/logo\/image\/"},"sameAs":["https:\/\/www.facebook.com\/Vetorino\/","https:\/\/www.instagram.com\/vetorino_off\/","https:\/\/www.linkedin.com\/company\/vtorino\/"]}]},"product_brand":"The Blob Lab","product_price_amount":"24.29","product_price_currency":"EUR","og_availability":"instock","product_availability":"instock","product_retailer_item_id":"A-1868300","product_condition":"new"},"_links":{"self":[{"href":"https:\/\/www.vetorino.com\/veterinaire\/lens-62300\/boutique\/wp-json\/wp\/v2\/product\/552895","targetHints":{"allow":["GET"]}}],"collection":[{"href":"https:\/\/www.vetorino.com\/veterinaire\/lens-62300\/boutique\/wp-json\/wp\/v2\/product"}],"about":[{"href":"https:\/\/www.vetorino.com\/veterinaire\/lens-62300\/boutique\/wp-json\/wp\/v2\/types\/product"}],"wp:featuredmedia":[{"embeddable":true,"href":"https:\/\/www.vetorino.com\/veterinaire\/lens-62300\/boutique\/wp-json\/wp\/v2\/media\/905885"}],"wp:attachment":[{"href":"https:\/\/www.vetorino.com\/veterinaire\/lens-62300\/boutique\/wp-json\/wp\/v2\/media?parent=552895"}],"wp:term":[{"taxonomy":"product_cat","embeddable":true,"href":"https:\/\/www.vetorino.com\/veterinaire\/lens-62300\/boutique\/wp-json\/wp\/v2\/product_cat?post=552895"},{"taxonomy":"product_tag","embeddable":true,"href":"https:\/\/www.vetorino.com\/veterinaire\/lens-62300\/boutique\/wp-json\/wp\/v2\/product_tag?post=552895"}],"curies":[{"name":"wp","href":"https:\/\/api.w.org\/{rel}","templated":true}]}}