{"id":560065,"date":"2023-02-20T10:33:57","date_gmt":"2023-02-20T09:33:57","guid":{"rendered":"https:\/\/www.vetorino.com\/boutique\/product\/antinol-chien\/"},"modified":"2026-03-17T10:45:31","modified_gmt":"2026-03-17T09:45:31","slug":"antinol-chien","status":"publish","type":"product","link":"https:\/\/www.vetorino.com\/veterinaire\/lens-62300\/boutique\/product\/antinol-chien\/","title":{"rendered":"Antinol Chien"},"content":{"rendered":"<p><strong>Soutien et entretien de la fonction articulaire en cas d&#8217;osth\u00e9oarthrose.<br \/>\n<\/strong><br \/>\nAntinol contient du PCSO-524, un concentr\u00e9 unique et brevet\u00e9 de lipides marins pour le soutien du m\u00e9tabolisme des articulations en cas d&#8217;ost\u00e9oarthrose (OA). Contient des compos\u00e9s bioactifs rares et puissants tels que l&#8217;acide octad\u00e9cat\u00e9tra\u00e9no\u00efque (OTA) et l&#8217;acide eicosat\u00e9tra\u00e9no\u00efque (ETA) Niveaux \u00e9lev\u00e9s d&#8217;EPA et de DHA.<br \/>\nLes lipides marins PSCO-524 pr\u00e9sentant un profil unique de double liaisons, d&#8217;esters de st\u00e9rol et d&#8217;antioxydants qui ne sont pas pr\u00e9sents dans les acides gras Om\u00e9ga 3 les plus courants.<br \/>\nSeul Antinol contient du PSCO-524 qui est extrait \u00e0 froid pour stabiliser les lipides marins et maintenir leur puissance, contrairement au traitement thermique qui d\u00e9truit les fractions de lipides marins.<\/p>\n","protected":false},"excerpt":{"rendered":"<p><strong>Antinol<sup>\u00ae<\/sup><\/strong>\ufe0f contribue \u00e0 la sant\u00e9 des articulations et favorise le confort et la mobilit\u00e9 au quotidien de votre chien. Il est formul\u00e9 pour le soutien du m\u00e9tabolisme des articulations en cas d&#8217;ost\u00e9oarthrose. Antinol pour chien contient un concentr\u00e9 de lipides marins unique, durable et exclusif &#8211; soutenu par une science mondiale, il est naturel et s\u00fbr pour une utilisation \u00e0 long terme.<\/p>\n","protected":false},"featured_media":0,"template":"","meta":[],"product_cat":[2738,2698],"product_tag":[],"class_list":{"0":"post-560065","1":"product","2":"type-product","3":"status-publish","5":"product_cat-aliments-complementaires-pour-chien","6":"product_cat-chien","7":"pa_marque-vetz-petz-europe","9":"first","10":"instock","11":"taxable","12":"shipping-taxable","13":"purchasable","14":"product-type-variable"},"yoast_head":"<!-- This site is optimized with the Yoast SEO plugin v27.3 - https:\/\/yoast.com\/product\/yoast-seo-wordpress\/ -->\n<title>Antinol Chien Vetz Petz Europe - V\u00e9torino<\/title>\n<meta name=\"description\" content=\"Antinol\u00ae\ufe0f contribue \u00e0 la sant\u00e9 des articulations et favorise le confort et la mobilit\u00e9 au quotidien de votre chien. Il est formul\u00e9 pour le soutien du m\u00e9tabolisme des articulations en cas d&#039;ost\u00e9oarthrose. Antinol pour chien contient un concentr\u00e9 de lipides marins unique, durable et exclusif - soutenu par une science mondiale, il est naturel et s\u00fbr pour une utilisation \u00e0 long terme.\" \/>\n<meta name=\"robots\" content=\"noindex, nofollow\" \/>\n<meta property=\"og:locale\" content=\"fr_FR\" \/>\n<meta property=\"og:type\" content=\"article\" \/>\n<meta property=\"og:title\" content=\"Antinol Chien Vetz Petz Europe - V\u00e9torino\" \/>\n<meta property=\"og:description\" content=\"Antinol\u00ae\ufe0f contribue \u00e0 la sant\u00e9 des articulations et favorise le confort et la mobilit\u00e9 au quotidien de votre chien. Il est formul\u00e9 pour le soutien du m\u00e9tabolisme des articulations en cas d&#039;ost\u00e9oarthrose. Antinol pour chien contient un concentr\u00e9 de lipides marins unique, durable et exclusif - soutenu par une science mondiale, il est naturel et s\u00fbr pour une utilisation \u00e0 long terme.\" \/>\n<meta property=\"og:url\" content=\"https:\/\/www.vetorino.com\/veterinaire\/lens-62300\/boutique\/product\/antinol-chien\/\" \/>\n<meta property=\"og:site_name\" content=\"V\u00e9torino\" \/>\n<meta property=\"article:publisher\" content=\"https:\/\/www.facebook.com\/Vetorino\/\" \/>\n<meta property=\"article:modified_time\" content=\"2026-03-17T09:45:31+00:00\" \/>\n<meta property=\"og:image\" content=\"https:\/\/www.vetorino.com\/boutique\/wp-content\/uploads\/2020\/09\/logo-vetorino-1.png\" \/>\n\t<meta property=\"og:image:width\" content=\"539\" \/>\n\t<meta property=\"og:image:height\" content=\"224\" \/>\n\t<meta property=\"og:image:type\" content=\"image\/png\" \/>\n<meta name=\"twitter:card\" content=\"summary_large_image\" \/>\n<meta name=\"twitter:label1\" content=\"Disponibilit\u00e9\" \/>\n\t<meta name=\"twitter:data1\" content=\"En stock\" \/>\n<script type=\"application\/ld+json\" class=\"yoast-schema-graph\">{\"@context\":\"https:\\\/\\\/schema.org\",\"@graph\":[{\"@type\":\"WebPage\",\"@id\":\"https:\\\/\\\/www.vetorino.com\\\/boutique\\\/product\\\/antinol-chien\\\/\",\"url\":\"https:\\\/\\\/www.vetorino.com\\\/boutique\\\/product\\\/antinol-chien\\\/\",\"name\":\"Antinol Chien Vetz Petz Europe - V\u00e9torino\",\"isPartOf\":{\"@id\":\"https:\\\/\\\/www.vetorino.com\\\/boutique\\\/#website\"},\"datePublished\":\"2023-02-20T09:33:57+00:00\",\"dateModified\":\"2026-03-17T09:45:31+00:00\",\"description\":\"Antinol\u00ae\ufe0f contribue \u00e0 la sant\u00e9 des articulations et favorise le confort et la mobilit\u00e9 au quotidien de votre chien. Il est formul\u00e9 pour le soutien du m\u00e9tabolisme des articulations en cas d'ost\u00e9oarthrose. Antinol pour chien contient un concentr\u00e9 de lipides marins unique, durable et exclusif - soutenu par une science mondiale, il est naturel et s\u00fbr pour une utilisation \u00e0 long terme.\",\"breadcrumb\":{\"@id\":\"https:\\\/\\\/www.vetorino.com\\\/boutique\\\/product\\\/antinol-chien\\\/#breadcrumb\"},\"inLanguage\":\"fr-FR\",\"potentialAction\":[{\"@type\":\"ReadAction\",\"target\":[\"https:\\\/\\\/www.vetorino.com\\\/boutique\\\/product\\\/antinol-chien\\\/\"]}]},{\"@type\":\"BreadcrumbList\",\"@id\":\"https:\\\/\\\/www.vetorino.com\\\/boutique\\\/product\\\/antinol-chien\\\/#breadcrumb\",\"itemListElement\":[{\"@type\":\"ListItem\",\"position\":1,\"name\":\"Accueil\",\"item\":\"https:\\\/\\\/www.vetorino.com\\\/boutique\\\/\"},{\"@type\":\"ListItem\",\"position\":2,\"name\":\"Produits\",\"item\":\"https:\\\/\\\/www.vetorino.com\\\/boutique\\\/\"},{\"@type\":\"ListItem\",\"position\":3,\"name\":\"Antinol Chien\"}]},{\"@type\":\"WebSite\",\"@id\":\"https:\\\/\\\/www.vetorino.com\\\/boutique\\\/#website\",\"url\":\"https:\\\/\\\/www.vetorino.com\\\/boutique\\\/\",\"name\":\"V\u00e9torino\",\"description\":\"\",\"publisher\":{\"@id\":\"https:\\\/\\\/www.vetorino.com\\\/boutique\\\/#organization\"},\"potentialAction\":[{\"@type\":\"SearchAction\",\"target\":{\"@type\":\"EntryPoint\",\"urlTemplate\":\"https:\\\/\\\/www.vetorino.com\\\/boutique\\\/?s={search_term_string}\"},\"query-input\":{\"@type\":\"PropertyValueSpecification\",\"valueRequired\":true,\"valueName\":\"search_term_string\"}}],\"inLanguage\":\"fr-FR\"},{\"@type\":\"Organization\",\"@id\":\"https:\\\/\\\/www.vetorino.com\\\/boutique\\\/#organization\",\"name\":\"V\u00e9torino\",\"url\":\"https:\\\/\\\/www.vetorino.com\\\/boutique\\\/\",\"logo\":{\"@type\":\"ImageObject\",\"inLanguage\":\"fr-FR\",\"@id\":\"https:\\\/\\\/www.vetorino.com\\\/boutique\\\/#\\\/schema\\\/logo\\\/image\\\/\",\"url\":\"https:\\\/\\\/www.vetorino.com\\\/boutique\\\/wp-content\\\/uploads\\\/2024\\\/10\\\/logo.jpg\",\"contentUrl\":\"https:\\\/\\\/www.vetorino.com\\\/boutique\\\/wp-content\\\/uploads\\\/2024\\\/10\\\/logo.jpg\",\"width\":1200,\"height\":610,\"caption\":\"V\u00e9torino\"},\"image\":{\"@id\":\"https:\\\/\\\/www.vetorino.com\\\/boutique\\\/#\\\/schema\\\/logo\\\/image\\\/\"},\"sameAs\":[\"https:\\\/\\\/www.facebook.com\\\/Vetorino\\\/\",\"https:\\\/\\\/www.instagram.com\\\/vetorino_off\\\/\",\"https:\\\/\\\/www.linkedin.com\\\/company\\\/vtorino\\\/\"]}]}<\/script>\n<meta property=\"product:brand\" content=\"Vetz Petz Europe\" \/>\n<meta property=\"og:availability\" content=\"instock\" \/>\n<meta property=\"product:availability\" content=\"instock\" \/>\n<meta property=\"product:condition\" content=\"new\" \/>\n<!-- \/ Yoast SEO plugin. -->","yoast_head_json":{"title":"Antinol Chien Vetz Petz Europe - V\u00e9torino","description":"Antinol\u00ae\ufe0f contribue \u00e0 la sant\u00e9 des articulations et favorise le confort et la mobilit\u00e9 au quotidien de votre chien. Il est formul\u00e9 pour le soutien du m\u00e9tabolisme des articulations en cas d'ost\u00e9oarthrose. Antinol pour chien contient un concentr\u00e9 de lipides marins unique, durable et exclusif - soutenu par une science mondiale, il est naturel et s\u00fbr pour une utilisation \u00e0 long terme.","robots":{"index":"noindex","follow":"nofollow"},"og_locale":"fr_FR","og_type":"article","og_title":"Antinol Chien Vetz Petz Europe - V\u00e9torino","og_description":"Antinol\u00ae\ufe0f contribue \u00e0 la sant\u00e9 des articulations et favorise le confort et la mobilit\u00e9 au quotidien de votre chien. Il est formul\u00e9 pour le soutien du m\u00e9tabolisme des articulations en cas d'ost\u00e9oarthrose. Antinol pour chien contient un concentr\u00e9 de lipides marins unique, durable et exclusif - soutenu par une science mondiale, il est naturel et s\u00fbr pour une utilisation \u00e0 long terme.","og_url":"https:\/\/www.vetorino.com\/veterinaire\/lens-62300\/boutique\/product\/antinol-chien\/","og_site_name":"V\u00e9torino","article_publisher":"https:\/\/www.facebook.com\/Vetorino\/","article_modified_time":"2026-03-17T09:45:31+00:00","og_image":[{"width":539,"height":224,"url":"https:\/\/www.vetorino.com\/boutique\/wp-content\/uploads\/2020\/09\/logo-vetorino-1.png","type":"image\/png"}],"twitter_card":"summary_large_image","twitter_misc":{"Disponibilit\u00e9":"En stock"},"schema":{"@context":"https:\/\/schema.org","@graph":[{"@type":"WebPage","@id":"https:\/\/www.vetorino.com\/boutique\/product\/antinol-chien\/","url":"https:\/\/www.vetorino.com\/boutique\/product\/antinol-chien\/","name":"Antinol Chien Vetz Petz Europe - V\u00e9torino","isPartOf":{"@id":"https:\/\/www.vetorino.com\/boutique\/#website"},"datePublished":"2023-02-20T09:33:57+00:00","dateModified":"2026-03-17T09:45:31+00:00","description":"Antinol\u00ae\ufe0f contribue \u00e0 la sant\u00e9 des articulations et favorise le confort et la mobilit\u00e9 au quotidien de votre chien. Il est formul\u00e9 pour le soutien du m\u00e9tabolisme des articulations en cas d'ost\u00e9oarthrose. Antinol pour chien contient un concentr\u00e9 de lipides marins unique, durable et exclusif - soutenu par une science mondiale, il est naturel et s\u00fbr pour une utilisation \u00e0 long terme.","breadcrumb":{"@id":"https:\/\/www.vetorino.com\/boutique\/product\/antinol-chien\/#breadcrumb"},"inLanguage":"fr-FR","potentialAction":[{"@type":"ReadAction","target":["https:\/\/www.vetorino.com\/boutique\/product\/antinol-chien\/"]}]},{"@type":"BreadcrumbList","@id":"https:\/\/www.vetorino.com\/boutique\/product\/antinol-chien\/#breadcrumb","itemListElement":[{"@type":"ListItem","position":1,"name":"Accueil","item":"https:\/\/www.vetorino.com\/boutique\/"},{"@type":"ListItem","position":2,"name":"Produits","item":"https:\/\/www.vetorino.com\/boutique\/"},{"@type":"ListItem","position":3,"name":"Antinol Chien"}]},{"@type":"WebSite","@id":"https:\/\/www.vetorino.com\/boutique\/#website","url":"https:\/\/www.vetorino.com\/boutique\/","name":"V\u00e9torino","description":"","publisher":{"@id":"https:\/\/www.vetorino.com\/boutique\/#organization"},"potentialAction":[{"@type":"SearchAction","target":{"@type":"EntryPoint","urlTemplate":"https:\/\/www.vetorino.com\/boutique\/?s={search_term_string}"},"query-input":{"@type":"PropertyValueSpecification","valueRequired":true,"valueName":"search_term_string"}}],"inLanguage":"fr-FR"},{"@type":"Organization","@id":"https:\/\/www.vetorino.com\/boutique\/#organization","name":"V\u00e9torino","url":"https:\/\/www.vetorino.com\/boutique\/","logo":{"@type":"ImageObject","inLanguage":"fr-FR","@id":"https:\/\/www.vetorino.com\/boutique\/#\/schema\/logo\/image\/","url":"https:\/\/www.vetorino.com\/boutique\/wp-content\/uploads\/2024\/10\/logo.jpg","contentUrl":"https:\/\/www.vetorino.com\/boutique\/wp-content\/uploads\/2024\/10\/logo.jpg","width":1200,"height":610,"caption":"V\u00e9torino"},"image":{"@id":"https:\/\/www.vetorino.com\/boutique\/#\/schema\/logo\/image\/"},"sameAs":["https:\/\/www.facebook.com\/Vetorino\/","https:\/\/www.instagram.com\/vetorino_off\/","https:\/\/www.linkedin.com\/company\/vtorino\/"]}]},"product_brand":"Vetz Petz Europe","og_availability":"instock","product_availability":"instock","product_condition":"new"},"_links":{"self":[{"href":"https:\/\/www.vetorino.com\/veterinaire\/lens-62300\/boutique\/wp-json\/wp\/v2\/product\/560065","targetHints":{"allow":["GET"]}}],"collection":[{"href":"https:\/\/www.vetorino.com\/veterinaire\/lens-62300\/boutique\/wp-json\/wp\/v2\/product"}],"about":[{"href":"https:\/\/www.vetorino.com\/veterinaire\/lens-62300\/boutique\/wp-json\/wp\/v2\/types\/product"}],"wp:attachment":[{"href":"https:\/\/www.vetorino.com\/veterinaire\/lens-62300\/boutique\/wp-json\/wp\/v2\/media?parent=560065"}],"wp:term":[{"taxonomy":"product_cat","embeddable":true,"href":"https:\/\/www.vetorino.com\/veterinaire\/lens-62300\/boutique\/wp-json\/wp\/v2\/product_cat?post=560065"},{"taxonomy":"product_tag","embeddable":true,"href":"https:\/\/www.vetorino.com\/veterinaire\/lens-62300\/boutique\/wp-json\/wp\/v2\/product_tag?post=560065"}],"curies":[{"name":"wp","href":"https:\/\/api.w.org\/{rel}","templated":true}]}}