{"id":684663,"date":"2023-08-30T05:35:13","date_gmt":"2023-08-30T03:35:13","guid":{"rendered":"https:\/\/www.vetorino.com\/boutique\/product\/canine-i-d-stress-boite\/"},"modified":"2025-03-05T11:03:37","modified_gmt":"2025-03-05T10:03:37","slug":"canine-i-d-stress-boite","status":"publish","type":"product","link":"https:\/\/www.vetorino.com\/veterinaire\/lens-62300\/boutique\/product\/canine-i-d-stress-boite\/","title":{"rendered":"Chien i\/d Digestive Stress au Poulet"},"content":{"rendered":"<p><strong>Nutrition clinique qui aide \u00e0 g\u00e9rer les comportements li\u00e9s au stress, y compris les troubles digestifs, chez les chiens pesant jusqu\u2019\u00e0 14 kg.<\/strong><\/p>\n<p><strong>Utilisation :<\/strong><\/p>\n<ul>\n<li>Colite de stress chez les chiens de moins de 14 kg<\/li>\n<\/ul>\n<p><strong>Contre indications :<\/strong><\/p>\n<ul>\n<li>Chiots<\/li>\n<li>Femelles en gestation ou en lactation.<\/li>\n<\/ul>\n<p><strong>Bienfaits essentiels :<\/strong><\/p>\n<ul>\n<li>Facile \u00e0 dig\u00e9rer, fournit toute la nutrition dont votre chien a besoin lors d\u2019\u00e9pisodes de troubles digestifs li\u00e9s au stress et qui peut \u00eatre utilis\u00e9 sur le long terme.<\/li>\n<li>Go\u00fbt d\u00e9licieux que votre chien va adorer.<\/li>\n<li>Formule anti-stress pour g\u00e9rer les comportements li\u00e9s au stress, notamment les troubles digestifs chez les chiens de races petites et moyennes.<\/li>\n<li>\u00c9labor\u00e9e avec la technologie d\u2019ingr\u00e9dients exclusive ActivBiome+, un m\u00e9lange sp\u00e9cifique de fibres pour nourrir rapidement le microbiome intestinal.<\/li>\n<li>Un m\u00e9lange unique de fibres pr\u00e9biotiques pour favoriser la r\u00e9gularit\u00e9 des selles et aider \u00e0 \u00e9quilibrer la fonction digestive.<\/li>\n<li>Une nutrition qui aide \u00e0 am\u00e9liorer la digestion et la qualit\u00e9 des selles.<\/li>\n<li>Acides gras Om\u00e9ga-3 issus d\u2019huile de poisson ajout\u00e9s.<\/li>\n<\/ul>\n<p><strong>Cet aliment est destin\u00e9 \u00e0 la prise en charge nutritionnelle\u00a0des probl\u00e8mes digestifs chez le chien. Veuillez consulter votre v\u00e9t\u00e9rinaire avant utilisation.<\/strong><\/p>\n","protected":false},"excerpt":{"rendered":"<p><strong>Cliniquement prouv\u00e9 pour\u00a0calmer les troubles digestifs\u00a0chez le\u00a0chien en seulement 3 jours.<br \/>\n<\/strong><\/p>\n<p><strong>Utilisation :<br \/>\n<\/strong><\/p>\n<ul>\n<li>Chiot ou chien adulte<\/li>\n<li>Troubles gastro-intestinaux<\/li>\n<\/ul>\n<p><strong>Cet aliment est destin\u00e9 \u00e0 la prise en charge nutritionnelle\u00a0des probl\u00e8mes digestifs chez le chien. Veuillez consulter votre v\u00e9t\u00e9rinaire avant utilisation.\u00a0<\/strong><\/p>\n","protected":false},"featured_media":782872,"template":"","meta":[],"product_cat":[12552,12582,2698],"product_tag":[],"class_list":{"0":"post-684663","1":"product","2":"type-product","3":"status-publish","4":"has-post-thumbnail","6":"product_cat-alimentation-du-chien","7":"product_cat-alimentation-medicalisee-pour-chien","8":"product_cat-chien","9":"pa_marque-hills-pet-nutrition","11":"first","12":"instock","13":"taxable","14":"shipping-taxable","15":"purchasable","16":"product-type-simple"},"yoast_head":"<!-- This site is optimized with the Yoast SEO plugin v27.3 - https:\/\/yoast.com\/product\/yoast-seo-wordpress\/ -->\n<title>Prescription Diet (Hill&#039;s) Chien i\/d Digestive Stress au Poulet Hill&#039;s - V\u00e9torino<\/title>\n<meta name=\"description\" content=\"Cliniquement prouv\u00e9 pour\u00a0calmer les troubles digestifs\u00a0chez le\u00a0chien en seulement 3 jours.   Utilisation :    Chiot ou chien adulte  Troubles gastro-intestinaux  Cet aliment est destin\u00e9 \u00e0 la prise en charge nutritionnelle\u00a0des probl\u00e8mes digestifs chez le chien. Veuillez consulter votre v\u00e9t\u00e9rinaire avant utilisation.\u00a0\" \/>\n<meta name=\"robots\" content=\"noindex, nofollow\" \/>\n<meta property=\"og:locale\" content=\"fr_FR\" \/>\n<meta property=\"og:type\" content=\"article\" \/>\n<meta property=\"og:title\" content=\"Prescription Diet (Hill&#039;s) Chien i\/d Digestive Stress au Poulet Hill&#039;s - V\u00e9torino\" \/>\n<meta property=\"og:description\" content=\"Cliniquement prouv\u00e9 pour\u00a0calmer les troubles digestifs\u00a0chez le\u00a0chien en seulement 3 jours.   Utilisation :    Chiot ou chien adulte  Troubles gastro-intestinaux  Cet aliment est destin\u00e9 \u00e0 la prise en charge nutritionnelle\u00a0des probl\u00e8mes digestifs chez le chien. Veuillez consulter votre v\u00e9t\u00e9rinaire avant utilisation.\u00a0\" \/>\n<meta property=\"og:url\" content=\"https:\/\/www.vetorino.com\/veterinaire\/lens-62300\/boutique\/product\/canine-i-d-stress-boite\/\" \/>\n<meta property=\"og:site_name\" content=\"V\u00e9torino\" \/>\n<meta property=\"article:publisher\" content=\"https:\/\/www.facebook.com\/Vetorino\/\" \/>\n<meta property=\"article:modified_time\" content=\"2025-03-05T10:03:37+00:00\" \/>\n<meta property=\"og:image\" content=\"https:\/\/www.vetorino.com\/boutique\/wp-content\/uploads\/2023\/08\/chien-id-digestive-stress-au-poulet.webp\" \/>\n\t<meta property=\"og:image:width\" content=\"540\" \/>\n\t<meta property=\"og:image:height\" content=\"540\" \/>\n\t<meta property=\"og:image:type\" content=\"image\/webp\" \/>\n<meta name=\"twitter:card\" content=\"summary_large_image\" \/>\n<meta name=\"twitter:label1\" content=\"Prix\" \/>\n\t<meta name=\"twitter:data1\" content=\"34,94&euro;\" \/>\n\t<meta name=\"twitter:label2\" content=\"Disponibilit\u00e9\" \/>\n\t<meta name=\"twitter:data2\" content=\"En stock\" \/>\n<script type=\"application\/ld+json\" class=\"yoast-schema-graph\">{\"@context\":\"https:\\\/\\\/schema.org\",\"@graph\":[{\"@type\":\"WebPage\",\"@id\":\"https:\\\/\\\/www.vetorino.com\\\/veterinaire\\\/briancon-05100\\\/boutique\\\/product\\\/canine-i-d-stress-boite\\\/\",\"url\":\"https:\\\/\\\/www.vetorino.com\\\/veterinaire\\\/briancon-05100\\\/boutique\\\/product\\\/canine-i-d-stress-boite\\\/\",\"name\":\"Prescription Diet (Hill's) Chien i\\\/d Digestive Stress au Poulet Hill's - V\u00e9torino\",\"isPartOf\":{\"@id\":\"https:\\\/\\\/www.vetorino.com\\\/boutique\\\/#website\"},\"primaryImageOfPage\":{\"@id\":\"https:\\\/\\\/www.vetorino.com\\\/veterinaire\\\/briancon-05100\\\/boutique\\\/product\\\/canine-i-d-stress-boite\\\/#primaryimage\"},\"image\":{\"@id\":\"https:\\\/\\\/www.vetorino.com\\\/veterinaire\\\/briancon-05100\\\/boutique\\\/product\\\/canine-i-d-stress-boite\\\/#primaryimage\"},\"thumbnailUrl\":\"https:\\\/\\\/www.vetorino.com\\\/boutique\\\/wp-content\\\/uploads\\\/2023\\\/08\\\/chien-id-digestive-stress-au-poulet.webp\",\"datePublished\":\"2023-08-30T03:35:13+00:00\",\"dateModified\":\"2025-03-05T10:03:37+00:00\",\"description\":\"Cliniquement prouv\u00e9 pour\u00a0calmer les troubles digestifs\u00a0chez le\u00a0chien en seulement 3 jours. Utilisation : Chiot ou chien adulte Troubles gastro-intestinaux Cet aliment est destin\u00e9 \u00e0 la prise en charge nutritionnelle\u00a0des probl\u00e8mes digestifs chez le chien. Veuillez consulter votre v\u00e9t\u00e9rinaire avant utilisation.\u00a0\",\"breadcrumb\":{\"@id\":\"https:\\\/\\\/www.vetorino.com\\\/veterinaire\\\/briancon-05100\\\/boutique\\\/product\\\/canine-i-d-stress-boite\\\/#breadcrumb\"},\"inLanguage\":\"fr-FR\",\"potentialAction\":[{\"@type\":\"ReadAction\",\"target\":[\"https:\\\/\\\/www.vetorino.com\\\/veterinaire\\\/briancon-05100\\\/boutique\\\/product\\\/canine-i-d-stress-boite\\\/\"]}]},{\"@type\":\"ImageObject\",\"inLanguage\":\"fr-FR\",\"@id\":\"https:\\\/\\\/www.vetorino.com\\\/veterinaire\\\/briancon-05100\\\/boutique\\\/product\\\/canine-i-d-stress-boite\\\/#primaryimage\",\"url\":\"https:\\\/\\\/www.vetorino.com\\\/boutique\\\/wp-content\\\/uploads\\\/2023\\\/08\\\/chien-id-digestive-stress-au-poulet.webp\",\"contentUrl\":\"https:\\\/\\\/www.vetorino.com\\\/boutique\\\/wp-content\\\/uploads\\\/2023\\\/08\\\/chien-id-digestive-stress-au-poulet.webp\",\"width\":540,\"height\":540},{\"@type\":\"BreadcrumbList\",\"@id\":\"https:\\\/\\\/www.vetorino.com\\\/veterinaire\\\/briancon-05100\\\/boutique\\\/product\\\/canine-i-d-stress-boite\\\/#breadcrumb\",\"itemListElement\":[{\"@type\":\"ListItem\",\"position\":1,\"name\":\"Accueil\",\"item\":\"https:\\\/\\\/www.vetorino.com\\\/boutique\\\/\"},{\"@type\":\"ListItem\",\"position\":2,\"name\":\"Produits\",\"item\":\"https:\\\/\\\/www.vetorino.com\\\/boutique\\\/\"},{\"@type\":\"ListItem\",\"position\":3,\"name\":\"Chien i\\\/d Digestive Stress au Poulet\"}]},{\"@type\":\"WebSite\",\"@id\":\"https:\\\/\\\/www.vetorino.com\\\/boutique\\\/#website\",\"url\":\"https:\\\/\\\/www.vetorino.com\\\/boutique\\\/\",\"name\":\"V\u00e9torino\",\"description\":\"\",\"publisher\":{\"@id\":\"https:\\\/\\\/www.vetorino.com\\\/boutique\\\/#organization\"},\"potentialAction\":[{\"@type\":\"SearchAction\",\"target\":{\"@type\":\"EntryPoint\",\"urlTemplate\":\"https:\\\/\\\/www.vetorino.com\\\/boutique\\\/?s={search_term_string}\"},\"query-input\":{\"@type\":\"PropertyValueSpecification\",\"valueRequired\":true,\"valueName\":\"search_term_string\"}}],\"inLanguage\":\"fr-FR\"},{\"@type\":\"Organization\",\"@id\":\"https:\\\/\\\/www.vetorino.com\\\/boutique\\\/#organization\",\"name\":\"V\u00e9torino\",\"url\":\"https:\\\/\\\/www.vetorino.com\\\/boutique\\\/\",\"logo\":{\"@type\":\"ImageObject\",\"inLanguage\":\"fr-FR\",\"@id\":\"https:\\\/\\\/www.vetorino.com\\\/boutique\\\/#\\\/schema\\\/logo\\\/image\\\/\",\"url\":\"https:\\\/\\\/www.vetorino.com\\\/boutique\\\/wp-content\\\/uploads\\\/2024\\\/10\\\/logo.jpg\",\"contentUrl\":\"https:\\\/\\\/www.vetorino.com\\\/boutique\\\/wp-content\\\/uploads\\\/2024\\\/10\\\/logo.jpg\",\"width\":1200,\"height\":610,\"caption\":\"V\u00e9torino\"},\"image\":{\"@id\":\"https:\\\/\\\/www.vetorino.com\\\/boutique\\\/#\\\/schema\\\/logo\\\/image\\\/\"},\"sameAs\":[\"https:\\\/\\\/www.facebook.com\\\/Vetorino\\\/\",\"https:\\\/\\\/www.instagram.com\\\/vetorino_off\\\/\",\"https:\\\/\\\/www.linkedin.com\\\/company\\\/vtorino\\\/\"]}]}<\/script>\n<meta property=\"product:brand\" content=\"Hill&#039;s\" \/>\n<meta property=\"product:price:amount\" content=\"34.94\" \/>\n<meta property=\"product:price:currency\" content=\"EUR\" \/>\n<meta property=\"og:availability\" content=\"instock\" \/>\n<meta property=\"product:availability\" content=\"instock\" \/>\n<meta property=\"product:retailer_item_id\" content=\"A-1878770\" \/>\n<meta property=\"product:condition\" content=\"new\" \/>\n<!-- \/ Yoast SEO plugin. -->","yoast_head_json":{"title":"Prescription Diet (Hill's) Chien i\/d Digestive Stress au Poulet Hill's - V\u00e9torino","description":"Cliniquement prouv\u00e9 pour\u00a0calmer les troubles digestifs\u00a0chez le\u00a0chien en seulement 3 jours.   Utilisation :    Chiot ou chien adulte  Troubles gastro-intestinaux  Cet aliment est destin\u00e9 \u00e0 la prise en charge nutritionnelle\u00a0des probl\u00e8mes digestifs chez le chien. Veuillez consulter votre v\u00e9t\u00e9rinaire avant utilisation.\u00a0","robots":{"index":"noindex","follow":"nofollow"},"og_locale":"fr_FR","og_type":"article","og_title":"Prescription Diet (Hill's) Chien i\/d Digestive Stress au Poulet Hill's - V\u00e9torino","og_description":"Cliniquement prouv\u00e9 pour\u00a0calmer les troubles digestifs\u00a0chez le\u00a0chien en seulement 3 jours.   Utilisation :    Chiot ou chien adulte  Troubles gastro-intestinaux  Cet aliment est destin\u00e9 \u00e0 la prise en charge nutritionnelle\u00a0des probl\u00e8mes digestifs chez le chien. Veuillez consulter votre v\u00e9t\u00e9rinaire avant utilisation.\u00a0","og_url":"https:\/\/www.vetorino.com\/veterinaire\/lens-62300\/boutique\/product\/canine-i-d-stress-boite\/","og_site_name":"V\u00e9torino","article_publisher":"https:\/\/www.facebook.com\/Vetorino\/","article_modified_time":"2025-03-05T10:03:37+00:00","og_image":[{"width":540,"height":540,"url":"https:\/\/www.vetorino.com\/boutique\/wp-content\/uploads\/2023\/08\/chien-id-digestive-stress-au-poulet.webp","type":"image\/webp"}],"twitter_card":"summary_large_image","twitter_misc":{"Prix":"34,94&euro;","Disponibilit\u00e9":"En stock"},"schema":{"@context":"https:\/\/schema.org","@graph":[{"@type":"WebPage","@id":"https:\/\/www.vetorino.com\/veterinaire\/briancon-05100\/boutique\/product\/canine-i-d-stress-boite\/","url":"https:\/\/www.vetorino.com\/veterinaire\/briancon-05100\/boutique\/product\/canine-i-d-stress-boite\/","name":"Prescription Diet (Hill's) Chien i\/d Digestive Stress au Poulet Hill's - V\u00e9torino","isPartOf":{"@id":"https:\/\/www.vetorino.com\/boutique\/#website"},"primaryImageOfPage":{"@id":"https:\/\/www.vetorino.com\/veterinaire\/briancon-05100\/boutique\/product\/canine-i-d-stress-boite\/#primaryimage"},"image":{"@id":"https:\/\/www.vetorino.com\/veterinaire\/briancon-05100\/boutique\/product\/canine-i-d-stress-boite\/#primaryimage"},"thumbnailUrl":"https:\/\/www.vetorino.com\/boutique\/wp-content\/uploads\/2023\/08\/chien-id-digestive-stress-au-poulet.webp","datePublished":"2023-08-30T03:35:13+00:00","dateModified":"2025-03-05T10:03:37+00:00","description":"Cliniquement prouv\u00e9 pour\u00a0calmer les troubles digestifs\u00a0chez le\u00a0chien en seulement 3 jours. Utilisation : Chiot ou chien adulte Troubles gastro-intestinaux Cet aliment est destin\u00e9 \u00e0 la prise en charge nutritionnelle\u00a0des probl\u00e8mes digestifs chez le chien. Veuillez consulter votre v\u00e9t\u00e9rinaire avant utilisation.\u00a0","breadcrumb":{"@id":"https:\/\/www.vetorino.com\/veterinaire\/briancon-05100\/boutique\/product\/canine-i-d-stress-boite\/#breadcrumb"},"inLanguage":"fr-FR","potentialAction":[{"@type":"ReadAction","target":["https:\/\/www.vetorino.com\/veterinaire\/briancon-05100\/boutique\/product\/canine-i-d-stress-boite\/"]}]},{"@type":"ImageObject","inLanguage":"fr-FR","@id":"https:\/\/www.vetorino.com\/veterinaire\/briancon-05100\/boutique\/product\/canine-i-d-stress-boite\/#primaryimage","url":"https:\/\/www.vetorino.com\/boutique\/wp-content\/uploads\/2023\/08\/chien-id-digestive-stress-au-poulet.webp","contentUrl":"https:\/\/www.vetorino.com\/boutique\/wp-content\/uploads\/2023\/08\/chien-id-digestive-stress-au-poulet.webp","width":540,"height":540},{"@type":"BreadcrumbList","@id":"https:\/\/www.vetorino.com\/veterinaire\/briancon-05100\/boutique\/product\/canine-i-d-stress-boite\/#breadcrumb","itemListElement":[{"@type":"ListItem","position":1,"name":"Accueil","item":"https:\/\/www.vetorino.com\/boutique\/"},{"@type":"ListItem","position":2,"name":"Produits","item":"https:\/\/www.vetorino.com\/boutique\/"},{"@type":"ListItem","position":3,"name":"Chien i\/d Digestive Stress au Poulet"}]},{"@type":"WebSite","@id":"https:\/\/www.vetorino.com\/boutique\/#website","url":"https:\/\/www.vetorino.com\/boutique\/","name":"V\u00e9torino","description":"","publisher":{"@id":"https:\/\/www.vetorino.com\/boutique\/#organization"},"potentialAction":[{"@type":"SearchAction","target":{"@type":"EntryPoint","urlTemplate":"https:\/\/www.vetorino.com\/boutique\/?s={search_term_string}"},"query-input":{"@type":"PropertyValueSpecification","valueRequired":true,"valueName":"search_term_string"}}],"inLanguage":"fr-FR"},{"@type":"Organization","@id":"https:\/\/www.vetorino.com\/boutique\/#organization","name":"V\u00e9torino","url":"https:\/\/www.vetorino.com\/boutique\/","logo":{"@type":"ImageObject","inLanguage":"fr-FR","@id":"https:\/\/www.vetorino.com\/boutique\/#\/schema\/logo\/image\/","url":"https:\/\/www.vetorino.com\/boutique\/wp-content\/uploads\/2024\/10\/logo.jpg","contentUrl":"https:\/\/www.vetorino.com\/boutique\/wp-content\/uploads\/2024\/10\/logo.jpg","width":1200,"height":610,"caption":"V\u00e9torino"},"image":{"@id":"https:\/\/www.vetorino.com\/boutique\/#\/schema\/logo\/image\/"},"sameAs":["https:\/\/www.facebook.com\/Vetorino\/","https:\/\/www.instagram.com\/vetorino_off\/","https:\/\/www.linkedin.com\/company\/vtorino\/"]}]},"product_brand":"Hill's","product_price_amount":"34.94","product_price_currency":"EUR","og_availability":"instock","product_availability":"instock","product_retailer_item_id":"A-1878770","product_condition":"new"},"_links":{"self":[{"href":"https:\/\/www.vetorino.com\/veterinaire\/lens-62300\/boutique\/wp-json\/wp\/v2\/product\/684663","targetHints":{"allow":["GET"]}}],"collection":[{"href":"https:\/\/www.vetorino.com\/veterinaire\/lens-62300\/boutique\/wp-json\/wp\/v2\/product"}],"about":[{"href":"https:\/\/www.vetorino.com\/veterinaire\/lens-62300\/boutique\/wp-json\/wp\/v2\/types\/product"}],"wp:featuredmedia":[{"embeddable":true,"href":"https:\/\/www.vetorino.com\/veterinaire\/lens-62300\/boutique\/wp-json\/wp\/v2\/media\/782872"}],"wp:attachment":[{"href":"https:\/\/www.vetorino.com\/veterinaire\/lens-62300\/boutique\/wp-json\/wp\/v2\/media?parent=684663"}],"wp:term":[{"taxonomy":"product_cat","embeddable":true,"href":"https:\/\/www.vetorino.com\/veterinaire\/lens-62300\/boutique\/wp-json\/wp\/v2\/product_cat?post=684663"},{"taxonomy":"product_tag","embeddable":true,"href":"https:\/\/www.vetorino.com\/veterinaire\/lens-62300\/boutique\/wp-json\/wp\/v2\/product_tag?post=684663"}],"curies":[{"name":"wp","href":"https:\/\/api.w.org\/{rel}","templated":true}]}}