{"id":743919,"date":"2023-11-15T15:46:22","date_gmt":"2023-11-15T14:46:22","guid":{"rendered":"https:\/\/www.vetorino.com\/boutique\/product\/cartimax-omega-pate-2\/"},"modified":"2023-11-16T10:24:50","modified_gmt":"2023-11-16T09:24:50","slug":"cartimax-omega-pate-2","status":"publish","type":"product","link":"https:\/\/www.vetorino.com\/veterinaire\/lens-62300\/boutique\/product\/cartimax-omega-pate-2\/","title":{"rendered":"Cartimax om\u00e9ga p\u00e2te"},"content":{"rendered":"<p><strong>Aliment compl\u00e9mentaire pour la mobilit\u00e9 des chiens et des chats. P\u00e2te orale aromatis\u00e9e qui apporte des \u00e9l\u00e9ments essentiels pour le cartilage\u00a0 et contribue \u00e0 moduler l&#8217;inflammation.<br \/>\n<\/strong><\/p>\n<p><strong>Utilisation :<\/strong><\/p>\n<ul>\n<li>Suppl\u00e9ment nutritionnel pour chiens et chats<\/li>\n<li>Soutien du m\u00e9tabolisme articulaire et des troubles locomoteurs d&#8217;origine arthrosique<\/li>\n<li>Acc\u00e9l\u00e8re aussi la r\u00e9cup\u00e9ration fonctionnelle de la mobilit\u00e9 articulaire<\/li>\n<\/ul>\n<p><strong>Mode d&#8217;emploi :<\/strong><\/p>\n<ul>\n<li>Chats et chiens de moins de 10 kg : 1 ml par jour<\/li>\n<li>Chiens entre 10 et 30 kg : 2 ml par jour<\/li>\n<li>Chiens de plus de 30 kg : 3 ml par jour.<\/li>\n<\/ul>\n<p>R\u00e9gler la bague sur la quantit\u00e9 voulue et appuyer sur le piston pour d\u00e9livrer le produit. \u00c0 faire avaler directement, m\u00e9lang\u00e9 \u00e0 la nourriture ou d\u00e9pos\u00e9, pour le chat, sur la patte (prise par l\u00e9chage). Reboucher la seringue apr\u00e8s chaque utilisation.<\/p>\n<p><strong>Suivre les conseils du v\u00e9t\u00e9rinaire.<\/strong><\/p>\n<p><strong>Avantages :<\/strong><\/p>\n<ul>\n<li>Les ingr\u00e9dients participent \u00e0 la nutrition du cartilage (glucosamine, chondro\u00eftine, oligo-\u00e9l\u00e9ments) et \u00e0 la modulation de l\u2019inflammation (acides gras essentiels om\u00e9ga 3)<\/li>\n<li>L\u2019ar\u00f4me viande contribue \u00e0 faciliter la prise.<\/li>\n<li>Le format en seringue gradu\u00e9e est particuli\u00e8rement adapt\u00e9 pour les chats et les chiens de petite taille.<\/li>\n<\/ul>\n","protected":false},"excerpt":{"rendered":"<div id=\"product-description-short-5629\">\n<p><strong>Aliment compl\u00e9mentaire pour la mobilit\u00e9 des chiens et des chats. P\u00e2te orale aromatis\u00e9e qui apporte des \u00e9l\u00e9ments essentiels pour le cartilage\u00a0 et contribue \u00e0 moduler l&#8217;inflammation<\/strong><\/p>\n<\/div>\n","protected":false},"featured_media":743918,"template":"","meta":[],"product_cat":[2697],"product_tag":[],"class_list":{"0":"post-743919","1":"product","2":"type-product","3":"status-publish","4":"has-post-thumbnail","6":"product_cat-chat","7":"pa_marque-mp-labo","9":"first","10":"instock","11":"taxable","12":"shipping-taxable","13":"purchasable","14":"product-type-variable"},"yoast_head":"<!-- This site is optimized with the Yoast SEO plugin v27.3 - https:\/\/yoast.com\/product\/yoast-seo-wordpress\/ -->\n<title>Cartimax om\u00e9ga p\u00e2te Mp Labo - V\u00e9torino<\/title>\n<meta name=\"description\" content=\"Aliment compl\u00e9mentaire pour la mobilit\u00e9 des chiens et des chats. P\u00e2te orale aromatis\u00e9e qui apporte des \u00e9l\u00e9ments essentiels pour le cartilage\u00a0 et contribue \u00e0 moduler l&#039;inflammation\" \/>\n<meta name=\"robots\" content=\"noindex, nofollow\" \/>\n<meta property=\"og:locale\" content=\"fr_FR\" \/>\n<meta property=\"og:type\" content=\"article\" \/>\n<meta property=\"og:title\" content=\"Cartimax om\u00e9ga p\u00e2te Mp Labo - V\u00e9torino\" \/>\n<meta property=\"og:description\" content=\"Aliment compl\u00e9mentaire pour la mobilit\u00e9 des chiens et des chats. P\u00e2te orale aromatis\u00e9e qui apporte des \u00e9l\u00e9ments essentiels pour le cartilage\u00a0 et contribue \u00e0 moduler l&#039;inflammation\" \/>\n<meta property=\"og:url\" content=\"https:\/\/www.vetorino.com\/veterinaire\/lens-62300\/boutique\/product\/cartimax-omega-pate-2\/\" \/>\n<meta property=\"og:site_name\" content=\"V\u00e9torino\" \/>\n<meta property=\"article:publisher\" content=\"https:\/\/www.facebook.com\/Vetorino\/\" \/>\n<meta property=\"article:modified_time\" content=\"2023-11-16T09:24:50+00:00\" \/>\n<meta property=\"og:image\" content=\"https:\/\/www.vetorino.com\/boutique\/wp-content\/uploads\/2023\/11\/MPLABO-1878700-1-scaled.jpg\" \/>\n\t<meta property=\"og:image:width\" content=\"2560\" \/>\n\t<meta property=\"og:image:height\" content=\"1605\" \/>\n\t<meta property=\"og:image:type\" content=\"image\/jpeg\" \/>\n<meta name=\"twitter:card\" content=\"summary_large_image\" \/>\n<meta name=\"twitter:label1\" content=\"Disponibilit\u00e9\" \/>\n\t<meta name=\"twitter:data1\" content=\"En stock\" \/>\n<script type=\"application\/ld+json\" class=\"yoast-schema-graph\">{\"@context\":\"https:\\\/\\\/schema.org\",\"@graph\":[{\"@type\":\"WebPage\",\"@id\":\"https:\\\/\\\/www.vetorino.com\\\/boutique\\\/product\\\/cartimax-omega-pate-2\\\/\",\"url\":\"https:\\\/\\\/www.vetorino.com\\\/boutique\\\/product\\\/cartimax-omega-pate-2\\\/\",\"name\":\"Cartimax om\u00e9ga p\u00e2te Mp Labo - V\u00e9torino\",\"isPartOf\":{\"@id\":\"https:\\\/\\\/www.vetorino.com\\\/boutique\\\/#website\"},\"primaryImageOfPage\":{\"@id\":\"https:\\\/\\\/www.vetorino.com\\\/boutique\\\/product\\\/cartimax-omega-pate-2\\\/#primaryimage\"},\"image\":{\"@id\":\"https:\\\/\\\/www.vetorino.com\\\/boutique\\\/product\\\/cartimax-omega-pate-2\\\/#primaryimage\"},\"thumbnailUrl\":\"https:\\\/\\\/www.vetorino.com\\\/boutique\\\/wp-content\\\/uploads\\\/2023\\\/11\\\/MPLABO-1878700-1-scaled.jpg\",\"datePublished\":\"2023-11-15T14:46:22+00:00\",\"dateModified\":\"2023-11-16T09:24:50+00:00\",\"description\":\"Aliment compl\u00e9mentaire pour la mobilit\u00e9 des chiens et des chats. P\u00e2te orale aromatis\u00e9e qui apporte des \u00e9l\u00e9ments essentiels pour le cartilage\u00a0 et contribue \u00e0 moduler l'inflammation\",\"breadcrumb\":{\"@id\":\"https:\\\/\\\/www.vetorino.com\\\/boutique\\\/product\\\/cartimax-omega-pate-2\\\/#breadcrumb\"},\"inLanguage\":\"fr-FR\",\"potentialAction\":[{\"@type\":\"ReadAction\",\"target\":[\"https:\\\/\\\/www.vetorino.com\\\/boutique\\\/product\\\/cartimax-omega-pate-2\\\/\"]}]},{\"@type\":\"ImageObject\",\"inLanguage\":\"fr-FR\",\"@id\":\"https:\\\/\\\/www.vetorino.com\\\/boutique\\\/product\\\/cartimax-omega-pate-2\\\/#primaryimage\",\"url\":\"https:\\\/\\\/www.vetorino.com\\\/boutique\\\/wp-content\\\/uploads\\\/2023\\\/11\\\/MPLABO-1878700-1-scaled.jpg\",\"contentUrl\":\"https:\\\/\\\/www.vetorino.com\\\/boutique\\\/wp-content\\\/uploads\\\/2023\\\/11\\\/MPLABO-1878700-1-scaled.jpg\",\"width\":2560,\"height\":1605},{\"@type\":\"BreadcrumbList\",\"@id\":\"https:\\\/\\\/www.vetorino.com\\\/boutique\\\/product\\\/cartimax-omega-pate-2\\\/#breadcrumb\",\"itemListElement\":[{\"@type\":\"ListItem\",\"position\":1,\"name\":\"Accueil\",\"item\":\"https:\\\/\\\/www.vetorino.com\\\/boutique\\\/\"},{\"@type\":\"ListItem\",\"position\":2,\"name\":\"Produits\",\"item\":\"https:\\\/\\\/www.vetorino.com\\\/boutique\\\/\"},{\"@type\":\"ListItem\",\"position\":3,\"name\":\"Cartimax om\u00e9ga p\u00e2te\"}]},{\"@type\":\"WebSite\",\"@id\":\"https:\\\/\\\/www.vetorino.com\\\/boutique\\\/#website\",\"url\":\"https:\\\/\\\/www.vetorino.com\\\/boutique\\\/\",\"name\":\"V\u00e9torino\",\"description\":\"\",\"publisher\":{\"@id\":\"https:\\\/\\\/www.vetorino.com\\\/boutique\\\/#organization\"},\"potentialAction\":[{\"@type\":\"SearchAction\",\"target\":{\"@type\":\"EntryPoint\",\"urlTemplate\":\"https:\\\/\\\/www.vetorino.com\\\/boutique\\\/?s={search_term_string}\"},\"query-input\":{\"@type\":\"PropertyValueSpecification\",\"valueRequired\":true,\"valueName\":\"search_term_string\"}}],\"inLanguage\":\"fr-FR\"},{\"@type\":\"Organization\",\"@id\":\"https:\\\/\\\/www.vetorino.com\\\/boutique\\\/#organization\",\"name\":\"V\u00e9torino\",\"url\":\"https:\\\/\\\/www.vetorino.com\\\/boutique\\\/\",\"logo\":{\"@type\":\"ImageObject\",\"inLanguage\":\"fr-FR\",\"@id\":\"https:\\\/\\\/www.vetorino.com\\\/boutique\\\/#\\\/schema\\\/logo\\\/image\\\/\",\"url\":\"https:\\\/\\\/www.vetorino.com\\\/boutique\\\/wp-content\\\/uploads\\\/2024\\\/10\\\/logo.jpg\",\"contentUrl\":\"https:\\\/\\\/www.vetorino.com\\\/boutique\\\/wp-content\\\/uploads\\\/2024\\\/10\\\/logo.jpg\",\"width\":1200,\"height\":610,\"caption\":\"V\u00e9torino\"},\"image\":{\"@id\":\"https:\\\/\\\/www.vetorino.com\\\/boutique\\\/#\\\/schema\\\/logo\\\/image\\\/\"},\"sameAs\":[\"https:\\\/\\\/www.facebook.com\\\/Vetorino\\\/\",\"https:\\\/\\\/www.instagram.com\\\/vetorino_off\\\/\",\"https:\\\/\\\/www.linkedin.com\\\/company\\\/vtorino\\\/\"]}]}<\/script>\n<meta property=\"product:brand\" content=\"Mp Labo\" \/>\n<meta property=\"og:availability\" content=\"instock\" \/>\n<meta property=\"product:availability\" content=\"instock\" \/>\n<meta property=\"product:condition\" content=\"new\" \/>\n<!-- \/ Yoast SEO plugin. -->","yoast_head_json":{"title":"Cartimax om\u00e9ga p\u00e2te Mp Labo - V\u00e9torino","description":"Aliment compl\u00e9mentaire pour la mobilit\u00e9 des chiens et des chats. P\u00e2te orale aromatis\u00e9e qui apporte des \u00e9l\u00e9ments essentiels pour le cartilage\u00a0 et contribue \u00e0 moduler l'inflammation","robots":{"index":"noindex","follow":"nofollow"},"og_locale":"fr_FR","og_type":"article","og_title":"Cartimax om\u00e9ga p\u00e2te Mp Labo - V\u00e9torino","og_description":"Aliment compl\u00e9mentaire pour la mobilit\u00e9 des chiens et des chats. P\u00e2te orale aromatis\u00e9e qui apporte des \u00e9l\u00e9ments essentiels pour le cartilage\u00a0 et contribue \u00e0 moduler l'inflammation","og_url":"https:\/\/www.vetorino.com\/veterinaire\/lens-62300\/boutique\/product\/cartimax-omega-pate-2\/","og_site_name":"V\u00e9torino","article_publisher":"https:\/\/www.facebook.com\/Vetorino\/","article_modified_time":"2023-11-16T09:24:50+00:00","og_image":[{"width":2560,"height":1605,"url":"https:\/\/www.vetorino.com\/boutique\/wp-content\/uploads\/2023\/11\/MPLABO-1878700-1-scaled.jpg","type":"image\/jpeg"}],"twitter_card":"summary_large_image","twitter_misc":{"Disponibilit\u00e9":"En stock"},"schema":{"@context":"https:\/\/schema.org","@graph":[{"@type":"WebPage","@id":"https:\/\/www.vetorino.com\/boutique\/product\/cartimax-omega-pate-2\/","url":"https:\/\/www.vetorino.com\/boutique\/product\/cartimax-omega-pate-2\/","name":"Cartimax om\u00e9ga p\u00e2te Mp Labo - V\u00e9torino","isPartOf":{"@id":"https:\/\/www.vetorino.com\/boutique\/#website"},"primaryImageOfPage":{"@id":"https:\/\/www.vetorino.com\/boutique\/product\/cartimax-omega-pate-2\/#primaryimage"},"image":{"@id":"https:\/\/www.vetorino.com\/boutique\/product\/cartimax-omega-pate-2\/#primaryimage"},"thumbnailUrl":"https:\/\/www.vetorino.com\/boutique\/wp-content\/uploads\/2023\/11\/MPLABO-1878700-1-scaled.jpg","datePublished":"2023-11-15T14:46:22+00:00","dateModified":"2023-11-16T09:24:50+00:00","description":"Aliment compl\u00e9mentaire pour la mobilit\u00e9 des chiens et des chats. P\u00e2te orale aromatis\u00e9e qui apporte des \u00e9l\u00e9ments essentiels pour le cartilage\u00a0 et contribue \u00e0 moduler l'inflammation","breadcrumb":{"@id":"https:\/\/www.vetorino.com\/boutique\/product\/cartimax-omega-pate-2\/#breadcrumb"},"inLanguage":"fr-FR","potentialAction":[{"@type":"ReadAction","target":["https:\/\/www.vetorino.com\/boutique\/product\/cartimax-omega-pate-2\/"]}]},{"@type":"ImageObject","inLanguage":"fr-FR","@id":"https:\/\/www.vetorino.com\/boutique\/product\/cartimax-omega-pate-2\/#primaryimage","url":"https:\/\/www.vetorino.com\/boutique\/wp-content\/uploads\/2023\/11\/MPLABO-1878700-1-scaled.jpg","contentUrl":"https:\/\/www.vetorino.com\/boutique\/wp-content\/uploads\/2023\/11\/MPLABO-1878700-1-scaled.jpg","width":2560,"height":1605},{"@type":"BreadcrumbList","@id":"https:\/\/www.vetorino.com\/boutique\/product\/cartimax-omega-pate-2\/#breadcrumb","itemListElement":[{"@type":"ListItem","position":1,"name":"Accueil","item":"https:\/\/www.vetorino.com\/boutique\/"},{"@type":"ListItem","position":2,"name":"Produits","item":"https:\/\/www.vetorino.com\/boutique\/"},{"@type":"ListItem","position":3,"name":"Cartimax om\u00e9ga p\u00e2te"}]},{"@type":"WebSite","@id":"https:\/\/www.vetorino.com\/boutique\/#website","url":"https:\/\/www.vetorino.com\/boutique\/","name":"V\u00e9torino","description":"","publisher":{"@id":"https:\/\/www.vetorino.com\/boutique\/#organization"},"potentialAction":[{"@type":"SearchAction","target":{"@type":"EntryPoint","urlTemplate":"https:\/\/www.vetorino.com\/boutique\/?s={search_term_string}"},"query-input":{"@type":"PropertyValueSpecification","valueRequired":true,"valueName":"search_term_string"}}],"inLanguage":"fr-FR"},{"@type":"Organization","@id":"https:\/\/www.vetorino.com\/boutique\/#organization","name":"V\u00e9torino","url":"https:\/\/www.vetorino.com\/boutique\/","logo":{"@type":"ImageObject","inLanguage":"fr-FR","@id":"https:\/\/www.vetorino.com\/boutique\/#\/schema\/logo\/image\/","url":"https:\/\/www.vetorino.com\/boutique\/wp-content\/uploads\/2024\/10\/logo.jpg","contentUrl":"https:\/\/www.vetorino.com\/boutique\/wp-content\/uploads\/2024\/10\/logo.jpg","width":1200,"height":610,"caption":"V\u00e9torino"},"image":{"@id":"https:\/\/www.vetorino.com\/boutique\/#\/schema\/logo\/image\/"},"sameAs":["https:\/\/www.facebook.com\/Vetorino\/","https:\/\/www.instagram.com\/vetorino_off\/","https:\/\/www.linkedin.com\/company\/vtorino\/"]}]},"product_brand":"Mp Labo","og_availability":"instock","product_availability":"instock","product_condition":"new"},"_links":{"self":[{"href":"https:\/\/www.vetorino.com\/veterinaire\/lens-62300\/boutique\/wp-json\/wp\/v2\/product\/743919","targetHints":{"allow":["GET"]}}],"collection":[{"href":"https:\/\/www.vetorino.com\/veterinaire\/lens-62300\/boutique\/wp-json\/wp\/v2\/product"}],"about":[{"href":"https:\/\/www.vetorino.com\/veterinaire\/lens-62300\/boutique\/wp-json\/wp\/v2\/types\/product"}],"wp:featuredmedia":[{"embeddable":true,"href":"https:\/\/www.vetorino.com\/veterinaire\/lens-62300\/boutique\/wp-json\/wp\/v2\/media\/743918"}],"wp:attachment":[{"href":"https:\/\/www.vetorino.com\/veterinaire\/lens-62300\/boutique\/wp-json\/wp\/v2\/media?parent=743919"}],"wp:term":[{"taxonomy":"product_cat","embeddable":true,"href":"https:\/\/www.vetorino.com\/veterinaire\/lens-62300\/boutique\/wp-json\/wp\/v2\/product_cat?post=743919"},{"taxonomy":"product_tag","embeddable":true,"href":"https:\/\/www.vetorino.com\/veterinaire\/lens-62300\/boutique\/wp-json\/wp\/v2\/product_tag?post=743919"}],"curies":[{"name":"wp","href":"https:\/\/api.w.org\/{rel}","templated":true}]}}