{"id":838915,"date":"2024-02-15T17:35:43","date_gmt":"2024-02-15T16:35:43","guid":{"rendered":"https:\/\/www.vetorino.com\/boutique\/product\/selective-junior-cochon-dinde\/"},"modified":"2024-04-11T11:07:09","modified_gmt":"2024-04-11T09:07:09","slug":"selective-junior-cochon-dinde","status":"publish","type":"product","link":"https:\/\/www.vetorino.com\/veterinaire\/lens-62300\/boutique\/product\/selective-junior-cochon-dinde\/","title":{"rendered":"Selective Cochon d&#8217;Inde Junior"},"content":{"rendered":"<p><strong>Aliment pour cochons d\u2019Inde, complet et \u00e9quilibr\u00e9 sur le plan nutritionnel, qui contient un m\u00e9lange d\u2019herbes afin de faciliter l\u2019\u00e9limination naturelle de l\u2019eau accumul\u00e9e.<\/strong><\/p>\n<p><strong>Utilisation :<\/strong><\/p>\n<ul>\n<li>Granul\u00e9s pour cochon d&#8217;Inde jusqu&#8217;\u00e0 20 semaines.<\/li>\n<\/ul>\n<p><strong>Bienfaits essentiels :<\/strong><\/p>\n<ul>\n<li>Apport optimal en fibres pour favoriser la digestion et la sant\u00e9 dentaire.<\/li>\n<li>Plus de vitamine C stabilis\u00e9e pour une longue dur\u00e9e de conservation pour subvenir aux besoins essentiels journaliers du cochon d&#8217;inde.<\/li>\n<li>Contient de l&#8217;Om\u00e9ga 3 &amp; 6 pour une peau et un pelage sains afin de compenser l\u2019incapacit\u00e9 naturelle du cochon d\u2019Inde \u00e0 stocker cette vitamine dans son organisme.<\/li>\n<\/ul>\n","protected":false},"excerpt":{"rendered":"<p><strong>Aliment pour cochons d\u2019Inde <\/strong><strong>formul\u00e9 pour la croissance, qui contient un m\u00e9lange d\u2019herbes afin de faciliter l\u2019\u00e9limination naturelle de l\u2019eau accumul\u00e9e.<\/strong><\/p>\n<p><strong>Utilisation :<\/strong><\/p>\n<ul>\n<li>Granul\u00e9s pour cochon d&#8217;Inde jusqu&#8217;\u00e0 20 semaines.<\/li>\n<\/ul>\n","protected":false},"featured_media":838917,"template":"","meta":[],"product_cat":[12580,6892,12672,2727,12570],"product_tag":[],"class_list":{"0":"post-838915","1":"product","2":"type-product","3":"status-publish","4":"has-post-thumbnail","6":"product_cat-alimentation-du-rongeur","7":"product_cat-cochons-dinde","8":"product_cat-granule-et-melange-pour-rongeur","9":"product_cat-nac","10":"product_cat-rongeur","11":"pa_marque-supreme-petfoods","13":"first","14":"instock","15":"taxable","16":"shipping-taxable","17":"purchasable","18":"product-type-simple"},"yoast_head":"<!-- This site is optimized with the Yoast SEO plugin v27.3 - https:\/\/yoast.com\/product\/yoast-seo-wordpress\/ -->\n<title>Selective Selective Cochon d&#039;Inde Junior Supreme Petfoods - V\u00e9torino<\/title>\n<meta name=\"description\" content=\"Aliment pour cochons d\u2019Inde formul\u00e9 pour la croissance, qui contient un m\u00e9lange d\u2019herbes afin de faciliter l\u2019\u00e9limination naturelle de l\u2019eau accumul\u00e9e.  Utilisation :   Granul\u00e9s pour cochon d&#039;Inde jusqu&#039;\u00e0 20 semaines.\" \/>\n<meta name=\"robots\" content=\"noindex, nofollow\" \/>\n<meta property=\"og:locale\" content=\"fr_FR\" \/>\n<meta property=\"og:type\" content=\"article\" \/>\n<meta property=\"og:title\" content=\"Selective Selective Cochon d&#039;Inde Junior Supreme Petfoods - V\u00e9torino\" \/>\n<meta property=\"og:description\" content=\"Aliment pour cochons d\u2019Inde formul\u00e9 pour la croissance, qui contient un m\u00e9lange d\u2019herbes afin de faciliter l\u2019\u00e9limination naturelle de l\u2019eau accumul\u00e9e.  Utilisation :   Granul\u00e9s pour cochon d&#039;Inde jusqu&#039;\u00e0 20 semaines.\" \/>\n<meta property=\"og:url\" content=\"https:\/\/www.vetorino.com\/veterinaire\/lens-62300\/boutique\/product\/selective-junior-cochon-dinde\/\" \/>\n<meta property=\"og:site_name\" content=\"V\u00e9torino\" \/>\n<meta property=\"article:publisher\" content=\"https:\/\/www.facebook.com\/Vetorino\/\" \/>\n<meta property=\"article:modified_time\" content=\"2024-04-11T09:07:09+00:00\" \/>\n<meta property=\"og:image\" content=\"https:\/\/www.vetorino.com\/boutique\/wp-content\/uploads\/2022\/09\/selective-cochon-d-inde-juniorf.webp\" \/>\n\t<meta property=\"og:image:width\" content=\"540\" \/>\n\t<meta property=\"og:image:height\" content=\"540\" \/>\n\t<meta property=\"og:image:type\" content=\"image\/webp\" \/>\n<meta name=\"twitter:card\" content=\"summary_large_image\" \/>\n<meta name=\"twitter:label1\" content=\"Prix\" \/>\n\t<meta name=\"twitter:data1\" content=\"8,23&euro;\" \/>\n\t<meta name=\"twitter:label2\" content=\"Disponibilit\u00e9\" \/>\n\t<meta name=\"twitter:data2\" content=\"En stock\" \/>\n<script type=\"application\/ld+json\" class=\"yoast-schema-graph\">{\"@context\":\"https:\\\/\\\/schema.org\",\"@graph\":[{\"@type\":\"WebPage\",\"@id\":\"https:\\\/\\\/www.vetorino.com\\\/boutique\\\/product\\\/selective-junior-cochon-dinde\\\/\",\"url\":\"https:\\\/\\\/www.vetorino.com\\\/boutique\\\/product\\\/selective-junior-cochon-dinde\\\/\",\"name\":\"Selective Selective Cochon d'Inde Junior Supreme Petfoods - V\u00e9torino\",\"isPartOf\":{\"@id\":\"https:\\\/\\\/www.vetorino.com\\\/boutique\\\/#website\"},\"primaryImageOfPage\":{\"@id\":\"https:\\\/\\\/www.vetorino.com\\\/boutique\\\/product\\\/selective-junior-cochon-dinde\\\/#primaryimage\"},\"image\":{\"@id\":\"https:\\\/\\\/www.vetorino.com\\\/boutique\\\/product\\\/selective-junior-cochon-dinde\\\/#primaryimage\"},\"thumbnailUrl\":\"https:\\\/\\\/www.vetorino.com\\\/boutique\\\/wp-content\\\/uploads\\\/2022\\\/09\\\/selective-cochon-d-inde-juniorf.webp\",\"datePublished\":\"2024-02-15T16:35:43+00:00\",\"dateModified\":\"2024-04-11T09:07:09+00:00\",\"description\":\"Aliment pour cochons d\u2019Inde formul\u00e9 pour la croissance, qui contient un m\u00e9lange d\u2019herbes afin de faciliter l\u2019\u00e9limination naturelle de l\u2019eau accumul\u00e9e. Utilisation : Granul\u00e9s pour cochon d'Inde jusqu'\u00e0 20 semaines.\",\"breadcrumb\":{\"@id\":\"https:\\\/\\\/www.vetorino.com\\\/boutique\\\/product\\\/selective-junior-cochon-dinde\\\/#breadcrumb\"},\"inLanguage\":\"fr-FR\",\"potentialAction\":[{\"@type\":\"ReadAction\",\"target\":[\"https:\\\/\\\/www.vetorino.com\\\/boutique\\\/product\\\/selective-junior-cochon-dinde\\\/\"]}]},{\"@type\":\"ImageObject\",\"inLanguage\":\"fr-FR\",\"@id\":\"https:\\\/\\\/www.vetorino.com\\\/boutique\\\/product\\\/selective-junior-cochon-dinde\\\/#primaryimage\",\"url\":\"https:\\\/\\\/www.vetorino.com\\\/boutique\\\/wp-content\\\/uploads\\\/2022\\\/09\\\/selective-cochon-d-inde-juniorf.webp\",\"contentUrl\":\"https:\\\/\\\/www.vetorino.com\\\/boutique\\\/wp-content\\\/uploads\\\/2022\\\/09\\\/selective-cochon-d-inde-juniorf.webp\",\"width\":540,\"height\":540},{\"@type\":\"BreadcrumbList\",\"@id\":\"https:\\\/\\\/www.vetorino.com\\\/boutique\\\/product\\\/selective-junior-cochon-dinde\\\/#breadcrumb\",\"itemListElement\":[{\"@type\":\"ListItem\",\"position\":1,\"name\":\"Accueil\",\"item\":\"https:\\\/\\\/www.vetorino.com\\\/boutique\\\/\"},{\"@type\":\"ListItem\",\"position\":2,\"name\":\"Produits\",\"item\":\"https:\\\/\\\/www.vetorino.com\\\/boutique\\\/\"},{\"@type\":\"ListItem\",\"position\":3,\"name\":\"Selective Cochon d&#8217;Inde Junior\"}]},{\"@type\":\"WebSite\",\"@id\":\"https:\\\/\\\/www.vetorino.com\\\/boutique\\\/#website\",\"url\":\"https:\\\/\\\/www.vetorino.com\\\/boutique\\\/\",\"name\":\"V\u00e9torino\",\"description\":\"\",\"publisher\":{\"@id\":\"https:\\\/\\\/www.vetorino.com\\\/boutique\\\/#organization\"},\"potentialAction\":[{\"@type\":\"SearchAction\",\"target\":{\"@type\":\"EntryPoint\",\"urlTemplate\":\"https:\\\/\\\/www.vetorino.com\\\/boutique\\\/?s={search_term_string}\"},\"query-input\":{\"@type\":\"PropertyValueSpecification\",\"valueRequired\":true,\"valueName\":\"search_term_string\"}}],\"inLanguage\":\"fr-FR\"},{\"@type\":\"Organization\",\"@id\":\"https:\\\/\\\/www.vetorino.com\\\/boutique\\\/#organization\",\"name\":\"V\u00e9torino\",\"url\":\"https:\\\/\\\/www.vetorino.com\\\/boutique\\\/\",\"logo\":{\"@type\":\"ImageObject\",\"inLanguage\":\"fr-FR\",\"@id\":\"https:\\\/\\\/www.vetorino.com\\\/boutique\\\/#\\\/schema\\\/logo\\\/image\\\/\",\"url\":\"https:\\\/\\\/www.vetorino.com\\\/boutique\\\/wp-content\\\/uploads\\\/2024\\\/10\\\/logo.jpg\",\"contentUrl\":\"https:\\\/\\\/www.vetorino.com\\\/boutique\\\/wp-content\\\/uploads\\\/2024\\\/10\\\/logo.jpg\",\"width\":1200,\"height\":610,\"caption\":\"V\u00e9torino\"},\"image\":{\"@id\":\"https:\\\/\\\/www.vetorino.com\\\/boutique\\\/#\\\/schema\\\/logo\\\/image\\\/\"},\"sameAs\":[\"https:\\\/\\\/www.facebook.com\\\/Vetorino\\\/\",\"https:\\\/\\\/www.instagram.com\\\/vetorino_off\\\/\",\"https:\\\/\\\/www.linkedin.com\\\/company\\\/vtorino\\\/\"]}]}<\/script>\n<meta property=\"product:brand\" content=\"Supreme Petfoods\" \/>\n<meta property=\"product:price:amount\" content=\"8.23\" \/>\n<meta property=\"product:price:currency\" content=\"EUR\" \/>\n<meta property=\"og:availability\" content=\"instock\" \/>\n<meta property=\"product:availability\" content=\"instock\" \/>\n<meta property=\"product:retailer_item_id\" content=\"A-1868620\" \/>\n<meta property=\"product:condition\" content=\"new\" \/>\n<!-- \/ Yoast SEO plugin. -->","yoast_head_json":{"title":"Selective Selective Cochon d'Inde Junior Supreme Petfoods - V\u00e9torino","description":"Aliment pour cochons d\u2019Inde formul\u00e9 pour la croissance, qui contient un m\u00e9lange d\u2019herbes afin de faciliter l\u2019\u00e9limination naturelle de l\u2019eau accumul\u00e9e.  Utilisation :   Granul\u00e9s pour cochon d'Inde jusqu'\u00e0 20 semaines.","robots":{"index":"noindex","follow":"nofollow"},"og_locale":"fr_FR","og_type":"article","og_title":"Selective Selective Cochon d'Inde Junior Supreme Petfoods - V\u00e9torino","og_description":"Aliment pour cochons d\u2019Inde formul\u00e9 pour la croissance, qui contient un m\u00e9lange d\u2019herbes afin de faciliter l\u2019\u00e9limination naturelle de l\u2019eau accumul\u00e9e.  Utilisation :   Granul\u00e9s pour cochon d'Inde jusqu'\u00e0 20 semaines.","og_url":"https:\/\/www.vetorino.com\/veterinaire\/lens-62300\/boutique\/product\/selective-junior-cochon-dinde\/","og_site_name":"V\u00e9torino","article_publisher":"https:\/\/www.facebook.com\/Vetorino\/","article_modified_time":"2024-04-11T09:07:09+00:00","og_image":[{"width":540,"height":540,"url":"https:\/\/www.vetorino.com\/boutique\/wp-content\/uploads\/2022\/09\/selective-cochon-d-inde-juniorf.webp","type":"image\/webp"}],"twitter_card":"summary_large_image","twitter_misc":{"Prix":"8,23&euro;","Disponibilit\u00e9":"En stock"},"schema":{"@context":"https:\/\/schema.org","@graph":[{"@type":"WebPage","@id":"https:\/\/www.vetorino.com\/boutique\/product\/selective-junior-cochon-dinde\/","url":"https:\/\/www.vetorino.com\/boutique\/product\/selective-junior-cochon-dinde\/","name":"Selective Selective Cochon d'Inde Junior Supreme Petfoods - V\u00e9torino","isPartOf":{"@id":"https:\/\/www.vetorino.com\/boutique\/#website"},"primaryImageOfPage":{"@id":"https:\/\/www.vetorino.com\/boutique\/product\/selective-junior-cochon-dinde\/#primaryimage"},"image":{"@id":"https:\/\/www.vetorino.com\/boutique\/product\/selective-junior-cochon-dinde\/#primaryimage"},"thumbnailUrl":"https:\/\/www.vetorino.com\/boutique\/wp-content\/uploads\/2022\/09\/selective-cochon-d-inde-juniorf.webp","datePublished":"2024-02-15T16:35:43+00:00","dateModified":"2024-04-11T09:07:09+00:00","description":"Aliment pour cochons d\u2019Inde formul\u00e9 pour la croissance, qui contient un m\u00e9lange d\u2019herbes afin de faciliter l\u2019\u00e9limination naturelle de l\u2019eau accumul\u00e9e. Utilisation : Granul\u00e9s pour cochon d'Inde jusqu'\u00e0 20 semaines.","breadcrumb":{"@id":"https:\/\/www.vetorino.com\/boutique\/product\/selective-junior-cochon-dinde\/#breadcrumb"},"inLanguage":"fr-FR","potentialAction":[{"@type":"ReadAction","target":["https:\/\/www.vetorino.com\/boutique\/product\/selective-junior-cochon-dinde\/"]}]},{"@type":"ImageObject","inLanguage":"fr-FR","@id":"https:\/\/www.vetorino.com\/boutique\/product\/selective-junior-cochon-dinde\/#primaryimage","url":"https:\/\/www.vetorino.com\/boutique\/wp-content\/uploads\/2022\/09\/selective-cochon-d-inde-juniorf.webp","contentUrl":"https:\/\/www.vetorino.com\/boutique\/wp-content\/uploads\/2022\/09\/selective-cochon-d-inde-juniorf.webp","width":540,"height":540},{"@type":"BreadcrumbList","@id":"https:\/\/www.vetorino.com\/boutique\/product\/selective-junior-cochon-dinde\/#breadcrumb","itemListElement":[{"@type":"ListItem","position":1,"name":"Accueil","item":"https:\/\/www.vetorino.com\/boutique\/"},{"@type":"ListItem","position":2,"name":"Produits","item":"https:\/\/www.vetorino.com\/boutique\/"},{"@type":"ListItem","position":3,"name":"Selective Cochon d&#8217;Inde Junior"}]},{"@type":"WebSite","@id":"https:\/\/www.vetorino.com\/boutique\/#website","url":"https:\/\/www.vetorino.com\/boutique\/","name":"V\u00e9torino","description":"","publisher":{"@id":"https:\/\/www.vetorino.com\/boutique\/#organization"},"potentialAction":[{"@type":"SearchAction","target":{"@type":"EntryPoint","urlTemplate":"https:\/\/www.vetorino.com\/boutique\/?s={search_term_string}"},"query-input":{"@type":"PropertyValueSpecification","valueRequired":true,"valueName":"search_term_string"}}],"inLanguage":"fr-FR"},{"@type":"Organization","@id":"https:\/\/www.vetorino.com\/boutique\/#organization","name":"V\u00e9torino","url":"https:\/\/www.vetorino.com\/boutique\/","logo":{"@type":"ImageObject","inLanguage":"fr-FR","@id":"https:\/\/www.vetorino.com\/boutique\/#\/schema\/logo\/image\/","url":"https:\/\/www.vetorino.com\/boutique\/wp-content\/uploads\/2024\/10\/logo.jpg","contentUrl":"https:\/\/www.vetorino.com\/boutique\/wp-content\/uploads\/2024\/10\/logo.jpg","width":1200,"height":610,"caption":"V\u00e9torino"},"image":{"@id":"https:\/\/www.vetorino.com\/boutique\/#\/schema\/logo\/image\/"},"sameAs":["https:\/\/www.facebook.com\/Vetorino\/","https:\/\/www.instagram.com\/vetorino_off\/","https:\/\/www.linkedin.com\/company\/vtorino\/"]}]},"product_brand":"Supreme Petfoods","product_price_amount":"8.23","product_price_currency":"EUR","og_availability":"instock","product_availability":"instock","product_retailer_item_id":"A-1868620","product_condition":"new"},"_links":{"self":[{"href":"https:\/\/www.vetorino.com\/veterinaire\/lens-62300\/boutique\/wp-json\/wp\/v2\/product\/838915","targetHints":{"allow":["GET"]}}],"collection":[{"href":"https:\/\/www.vetorino.com\/veterinaire\/lens-62300\/boutique\/wp-json\/wp\/v2\/product"}],"about":[{"href":"https:\/\/www.vetorino.com\/veterinaire\/lens-62300\/boutique\/wp-json\/wp\/v2\/types\/product"}],"wp:featuredmedia":[{"embeddable":true,"href":"https:\/\/www.vetorino.com\/veterinaire\/lens-62300\/boutique\/wp-json\/wp\/v2\/media\/838917"}],"wp:attachment":[{"href":"https:\/\/www.vetorino.com\/veterinaire\/lens-62300\/boutique\/wp-json\/wp\/v2\/media?parent=838915"}],"wp:term":[{"taxonomy":"product_cat","embeddable":true,"href":"https:\/\/www.vetorino.com\/veterinaire\/lens-62300\/boutique\/wp-json\/wp\/v2\/product_cat?post=838915"},{"taxonomy":"product_tag","embeddable":true,"href":"https:\/\/www.vetorino.com\/veterinaire\/lens-62300\/boutique\/wp-json\/wp\/v2\/product_tag?post=838915"}],"curies":[{"name":"wp","href":"https:\/\/api.w.org\/{rel}","templated":true}]}}