{"id":951286,"date":"2024-06-19T05:35:06","date_gmt":"2024-06-19T03:35:06","guid":{"rendered":"https:\/\/www.vetorino.com\/boutique\/product\/ppvd-canine-en-gastrointestinal-boites\/"},"modified":"2025-10-06T15:10:09","modified_gmt":"2025-10-06T13:10:09","slug":"ppvd-canine-en-gastrointestinal-boites","status":"publish","type":"product","link":"https:\/\/www.vetorino.com\/veterinaire\/lens-62300\/boutique\/product\/ppvd-canine-en-gastrointestinal-boites\/","title":{"rendered":"Ppvd Canine EN Gastrointestinal Bo\u00eete"},"content":{"rendered":"<p><strong>Aliment v\u00e9t\u00e9rinaire complet, tr\u00e8s digestible, pour aider \u00e0 la gestion nutritionelle des troubles gastro-intestinaux, pancr\u00e9atiques ou chroniques h\u00e9patiques (sans enc\u00e9phalopathie) chez le chien adulte et le chiot.<br \/>\n<\/strong><\/p>\n<p><strong>Utilisation :<\/strong><\/p>\n<ul>\n<li>Chien de tout \u00e2ge<\/li>\n<li>troubles gastro-intestinaux, pancr\u00e9atiques ou chroniques\u00a0h\u00e9patiques\u00a0(sans enc\u00e9phalopathie)<\/li>\n<li>Malabsorbtion, maldigestion<\/li>\n<\/ul>\n<p><strong>Bienfaits essentiels :<\/strong><\/p>\n<ul>\n<li class=\"icon\"><strong>Teneur r\u00e9duite en mati\u00e8res grasses :\u00a0<\/strong>Pour aider \u00e0 minimiser la maldigestion des graisses.<\/li>\n<li class=\"icon\"><strong>Teneur \u00e9lev\u00e9e en AGCM (Acides Gras \u00e0 Chaines Moyenne) :\u00a0<\/strong>Avec une source sp\u00e9ciale de mati\u00e8res grasses (huile de noix de coco), riche en AGCM pour une absorption intestinale facilit\u00e9e.<\/li>\n<li class=\"icon\"><strong>Digestibilit\u00e9 \u00e9lev\u00e9e :\u00a0<\/strong>Ingr\u00e9dients faciles \u00e0 dig\u00e9rer pour aider \u00e0 soulager l\u2019intestin.<\/li>\n<\/ul>\n<p><strong>Ce produit est destin\u00e9 \u00e0 la prise en charge d&#8217;une maladie. Il est conseill\u00e9 de demander conseil \u00e0 votre v\u00e9t\u00e9rinaire avant utilisation.<\/strong><\/p>\n","protected":false},"excerpt":{"rendered":"<p><strong>Proplan Veterinary Diets Canine EN Gastrointestinal <\/strong>est un aliment v\u00e9t\u00e9rinaire complet, tr\u00e8s digeste, pour aider \u00e0 la gestion nutritionnelle des troubles gastro-intestinaux, pancr\u00e9atiques ou chroniques h\u00e9patiques (sans enc\u00e9phalopathie) chez le chien adulte et le chiot.<\/p>\n","protected":false},"featured_media":653088,"template":"","meta":[],"product_cat":[12552,12582,2698,12636],"product_tag":[],"class_list":{"0":"post-951286","1":"product","2":"type-product","3":"status-publish","4":"has-post-thumbnail","6":"product_cat-alimentation-du-chien","7":"product_cat-alimentation-medicalisee-pour-chien","8":"product_cat-chien","9":"product_cat-systeme-digestif-du-chien","10":"pa_marque-purina","12":"first","13":"instock","14":"taxable","15":"shipping-taxable","16":"purchasable","17":"product-type-variable"},"yoast_head":"<!-- This site is optimized with the Yoast SEO plugin v27.3 - https:\/\/yoast.com\/product\/yoast-seo-wordpress\/ -->\n<title>Veterinary Diets (Purina Proplan) Ppvd Canine EN Gastrointestinal Bo\u00eete Purina Pro Plan - V\u00e9torino<\/title>\n<meta name=\"description\" content=\"Proplan Veterinary Diets Canine EN Gastrointestinal est un aliment v\u00e9t\u00e9rinaire complet, tr\u00e8s digeste, pour aider \u00e0 la gestion nutritionnelle des troubles gastro-intestinaux, pancr\u00e9atiques ou chroniques h\u00e9patiques (sans enc\u00e9phalopathie) chez le chien adulte et le chiot.\" \/>\n<meta name=\"robots\" content=\"noindex, nofollow\" \/>\n<meta property=\"og:locale\" content=\"fr_FR\" \/>\n<meta property=\"og:type\" content=\"article\" \/>\n<meta property=\"og:title\" content=\"Veterinary Diets (Purina Proplan) Ppvd Canine EN Gastrointestinal Bo\u00eete Purina Pro Plan - V\u00e9torino\" \/>\n<meta property=\"og:description\" content=\"Proplan Veterinary Diets Canine EN Gastrointestinal est un aliment v\u00e9t\u00e9rinaire complet, tr\u00e8s digeste, pour aider \u00e0 la gestion nutritionnelle des troubles gastro-intestinaux, pancr\u00e9atiques ou chroniques h\u00e9patiques (sans enc\u00e9phalopathie) chez le chien adulte et le chiot.\" \/>\n<meta property=\"og:url\" content=\"https:\/\/www.vetorino.com\/veterinaire\/lens-62300\/boutique\/product\/ppvd-canine-en-gastrointestinal-boites\/\" \/>\n<meta property=\"og:site_name\" content=\"V\u00e9torino\" \/>\n<meta property=\"article:publisher\" content=\"https:\/\/www.facebook.com\/Vetorino\/\" \/>\n<meta property=\"article:modified_time\" content=\"2025-10-06T13:10:09+00:00\" \/>\n<meta property=\"og:image\" content=\"https:\/\/www.vetorino.com\/boutique\/wp-content\/uploads\/2021\/11\/07613035180376_C1N1_44165837-1024x1024.png\" \/>\n\t<meta property=\"og:image:width\" content=\"1024\" \/>\n\t<meta property=\"og:image:height\" content=\"1024\" \/>\n\t<meta property=\"og:image:type\" content=\"image\/png\" \/>\n<meta name=\"twitter:card\" content=\"summary_large_image\" \/>\n<meta name=\"twitter:label1\" content=\"Disponibilit\u00e9\" \/>\n\t<meta name=\"twitter:data1\" content=\"En stock\" \/>\n<script type=\"application\/ld+json\" class=\"yoast-schema-graph\">{\"@context\":\"https:\\\/\\\/schema.org\",\"@graph\":[{\"@type\":\"WebPage\",\"@id\":\"https:\\\/\\\/www.vetorino.com\\\/veterinaire\\\/briancon-05100\\\/boutique\\\/product\\\/ppvd-canine-en-gastrointestinal-boites\\\/\",\"url\":\"https:\\\/\\\/www.vetorino.com\\\/veterinaire\\\/briancon-05100\\\/boutique\\\/product\\\/ppvd-canine-en-gastrointestinal-boites\\\/\",\"name\":\"Veterinary Diets (Purina Proplan) Ppvd Canine EN Gastrointestinal Bo\u00eete Purina Pro Plan - V\u00e9torino\",\"isPartOf\":{\"@id\":\"https:\\\/\\\/www.vetorino.com\\\/boutique\\\/#website\"},\"primaryImageOfPage\":{\"@id\":\"https:\\\/\\\/www.vetorino.com\\\/veterinaire\\\/briancon-05100\\\/boutique\\\/product\\\/ppvd-canine-en-gastrointestinal-boites\\\/#primaryimage\"},\"image\":{\"@id\":\"https:\\\/\\\/www.vetorino.com\\\/veterinaire\\\/briancon-05100\\\/boutique\\\/product\\\/ppvd-canine-en-gastrointestinal-boites\\\/#primaryimage\"},\"thumbnailUrl\":\"https:\\\/\\\/www.vetorino.com\\\/boutique\\\/wp-content\\\/uploads\\\/2021\\\/11\\\/07613035180376_C1N1_44165837.png\",\"datePublished\":\"2024-06-19T03:35:06+00:00\",\"dateModified\":\"2025-10-06T13:10:09+00:00\",\"description\":\"Proplan Veterinary Diets Canine EN Gastrointestinal est un aliment v\u00e9t\u00e9rinaire complet, tr\u00e8s digeste, pour aider \u00e0 la gestion nutritionnelle des troubles gastro-intestinaux, pancr\u00e9atiques ou chroniques h\u00e9patiques (sans enc\u00e9phalopathie) chez le chien adulte et le chiot.\",\"breadcrumb\":{\"@id\":\"https:\\\/\\\/www.vetorino.com\\\/veterinaire\\\/briancon-05100\\\/boutique\\\/product\\\/ppvd-canine-en-gastrointestinal-boites\\\/#breadcrumb\"},\"inLanguage\":\"fr-FR\",\"potentialAction\":[{\"@type\":\"ReadAction\",\"target\":[\"https:\\\/\\\/www.vetorino.com\\\/veterinaire\\\/briancon-05100\\\/boutique\\\/product\\\/ppvd-canine-en-gastrointestinal-boites\\\/\"]}]},{\"@type\":\"ImageObject\",\"inLanguage\":\"fr-FR\",\"@id\":\"https:\\\/\\\/www.vetorino.com\\\/veterinaire\\\/briancon-05100\\\/boutique\\\/product\\\/ppvd-canine-en-gastrointestinal-boites\\\/#primaryimage\",\"url\":\"https:\\\/\\\/www.vetorino.com\\\/boutique\\\/wp-content\\\/uploads\\\/2021\\\/11\\\/07613035180376_C1N1_44165837.png\",\"contentUrl\":\"https:\\\/\\\/www.vetorino.com\\\/boutique\\\/wp-content\\\/uploads\\\/2021\\\/11\\\/07613035180376_C1N1_44165837.png\",\"width\":2500,\"height\":2500},{\"@type\":\"BreadcrumbList\",\"@id\":\"https:\\\/\\\/www.vetorino.com\\\/veterinaire\\\/briancon-05100\\\/boutique\\\/product\\\/ppvd-canine-en-gastrointestinal-boites\\\/#breadcrumb\",\"itemListElement\":[{\"@type\":\"ListItem\",\"position\":1,\"name\":\"Accueil\",\"item\":\"https:\\\/\\\/www.vetorino.com\\\/boutique\\\/\"},{\"@type\":\"ListItem\",\"position\":2,\"name\":\"Produits\",\"item\":\"https:\\\/\\\/www.vetorino.com\\\/boutique\\\/\"},{\"@type\":\"ListItem\",\"position\":3,\"name\":\"Ppvd Canine EN Gastrointestinal Bo\u00eete\"}]},{\"@type\":\"WebSite\",\"@id\":\"https:\\\/\\\/www.vetorino.com\\\/boutique\\\/#website\",\"url\":\"https:\\\/\\\/www.vetorino.com\\\/boutique\\\/\",\"name\":\"V\u00e9torino\",\"description\":\"\",\"publisher\":{\"@id\":\"https:\\\/\\\/www.vetorino.com\\\/boutique\\\/#organization\"},\"potentialAction\":[{\"@type\":\"SearchAction\",\"target\":{\"@type\":\"EntryPoint\",\"urlTemplate\":\"https:\\\/\\\/www.vetorino.com\\\/boutique\\\/?s={search_term_string}\"},\"query-input\":{\"@type\":\"PropertyValueSpecification\",\"valueRequired\":true,\"valueName\":\"search_term_string\"}}],\"inLanguage\":\"fr-FR\"},{\"@type\":\"Organization\",\"@id\":\"https:\\\/\\\/www.vetorino.com\\\/boutique\\\/#organization\",\"name\":\"V\u00e9torino\",\"url\":\"https:\\\/\\\/www.vetorino.com\\\/boutique\\\/\",\"logo\":{\"@type\":\"ImageObject\",\"inLanguage\":\"fr-FR\",\"@id\":\"https:\\\/\\\/www.vetorino.com\\\/boutique\\\/#\\\/schema\\\/logo\\\/image\\\/\",\"url\":\"https:\\\/\\\/www.vetorino.com\\\/boutique\\\/wp-content\\\/uploads\\\/2024\\\/10\\\/logo.jpg\",\"contentUrl\":\"https:\\\/\\\/www.vetorino.com\\\/boutique\\\/wp-content\\\/uploads\\\/2024\\\/10\\\/logo.jpg\",\"width\":1200,\"height\":610,\"caption\":\"V\u00e9torino\"},\"image\":{\"@id\":\"https:\\\/\\\/www.vetorino.com\\\/boutique\\\/#\\\/schema\\\/logo\\\/image\\\/\"},\"sameAs\":[\"https:\\\/\\\/www.facebook.com\\\/Vetorino\\\/\",\"https:\\\/\\\/www.instagram.com\\\/vetorino_off\\\/\",\"https:\\\/\\\/www.linkedin.com\\\/company\\\/vtorino\\\/\"]}]}<\/script>\n<meta property=\"product:brand\" content=\"Purina Pro Plan\" \/>\n<meta property=\"og:availability\" content=\"instock\" \/>\n<meta property=\"product:availability\" content=\"instock\" \/>\n<meta property=\"product:condition\" content=\"new\" \/>\n<!-- \/ Yoast SEO plugin. -->","yoast_head_json":{"title":"Veterinary Diets (Purina Proplan) Ppvd Canine EN Gastrointestinal Bo\u00eete Purina Pro Plan - V\u00e9torino","description":"Proplan Veterinary Diets Canine EN Gastrointestinal est un aliment v\u00e9t\u00e9rinaire complet, tr\u00e8s digeste, pour aider \u00e0 la gestion nutritionnelle des troubles gastro-intestinaux, pancr\u00e9atiques ou chroniques h\u00e9patiques (sans enc\u00e9phalopathie) chez le chien adulte et le chiot.","robots":{"index":"noindex","follow":"nofollow"},"og_locale":"fr_FR","og_type":"article","og_title":"Veterinary Diets (Purina Proplan) Ppvd Canine EN Gastrointestinal Bo\u00eete Purina Pro Plan - V\u00e9torino","og_description":"Proplan Veterinary Diets Canine EN Gastrointestinal est un aliment v\u00e9t\u00e9rinaire complet, tr\u00e8s digeste, pour aider \u00e0 la gestion nutritionnelle des troubles gastro-intestinaux, pancr\u00e9atiques ou chroniques h\u00e9patiques (sans enc\u00e9phalopathie) chez le chien adulte et le chiot.","og_url":"https:\/\/www.vetorino.com\/veterinaire\/lens-62300\/boutique\/product\/ppvd-canine-en-gastrointestinal-boites\/","og_site_name":"V\u00e9torino","article_publisher":"https:\/\/www.facebook.com\/Vetorino\/","article_modified_time":"2025-10-06T13:10:09+00:00","og_image":[{"width":1024,"height":1024,"url":"https:\/\/www.vetorino.com\/boutique\/wp-content\/uploads\/2021\/11\/07613035180376_C1N1_44165837-1024x1024.png","type":"image\/png"}],"twitter_card":"summary_large_image","twitter_misc":{"Disponibilit\u00e9":"En stock"},"schema":{"@context":"https:\/\/schema.org","@graph":[{"@type":"WebPage","@id":"https:\/\/www.vetorino.com\/veterinaire\/briancon-05100\/boutique\/product\/ppvd-canine-en-gastrointestinal-boites\/","url":"https:\/\/www.vetorino.com\/veterinaire\/briancon-05100\/boutique\/product\/ppvd-canine-en-gastrointestinal-boites\/","name":"Veterinary Diets (Purina Proplan) Ppvd Canine EN Gastrointestinal Bo\u00eete Purina Pro Plan - V\u00e9torino","isPartOf":{"@id":"https:\/\/www.vetorino.com\/boutique\/#website"},"primaryImageOfPage":{"@id":"https:\/\/www.vetorino.com\/veterinaire\/briancon-05100\/boutique\/product\/ppvd-canine-en-gastrointestinal-boites\/#primaryimage"},"image":{"@id":"https:\/\/www.vetorino.com\/veterinaire\/briancon-05100\/boutique\/product\/ppvd-canine-en-gastrointestinal-boites\/#primaryimage"},"thumbnailUrl":"https:\/\/www.vetorino.com\/boutique\/wp-content\/uploads\/2021\/11\/07613035180376_C1N1_44165837.png","datePublished":"2024-06-19T03:35:06+00:00","dateModified":"2025-10-06T13:10:09+00:00","description":"Proplan Veterinary Diets Canine EN Gastrointestinal est un aliment v\u00e9t\u00e9rinaire complet, tr\u00e8s digeste, pour aider \u00e0 la gestion nutritionnelle des troubles gastro-intestinaux, pancr\u00e9atiques ou chroniques h\u00e9patiques (sans enc\u00e9phalopathie) chez le chien adulte et le chiot.","breadcrumb":{"@id":"https:\/\/www.vetorino.com\/veterinaire\/briancon-05100\/boutique\/product\/ppvd-canine-en-gastrointestinal-boites\/#breadcrumb"},"inLanguage":"fr-FR","potentialAction":[{"@type":"ReadAction","target":["https:\/\/www.vetorino.com\/veterinaire\/briancon-05100\/boutique\/product\/ppvd-canine-en-gastrointestinal-boites\/"]}]},{"@type":"ImageObject","inLanguage":"fr-FR","@id":"https:\/\/www.vetorino.com\/veterinaire\/briancon-05100\/boutique\/product\/ppvd-canine-en-gastrointestinal-boites\/#primaryimage","url":"https:\/\/www.vetorino.com\/boutique\/wp-content\/uploads\/2021\/11\/07613035180376_C1N1_44165837.png","contentUrl":"https:\/\/www.vetorino.com\/boutique\/wp-content\/uploads\/2021\/11\/07613035180376_C1N1_44165837.png","width":2500,"height":2500},{"@type":"BreadcrumbList","@id":"https:\/\/www.vetorino.com\/veterinaire\/briancon-05100\/boutique\/product\/ppvd-canine-en-gastrointestinal-boites\/#breadcrumb","itemListElement":[{"@type":"ListItem","position":1,"name":"Accueil","item":"https:\/\/www.vetorino.com\/boutique\/"},{"@type":"ListItem","position":2,"name":"Produits","item":"https:\/\/www.vetorino.com\/boutique\/"},{"@type":"ListItem","position":3,"name":"Ppvd Canine EN Gastrointestinal Bo\u00eete"}]},{"@type":"WebSite","@id":"https:\/\/www.vetorino.com\/boutique\/#website","url":"https:\/\/www.vetorino.com\/boutique\/","name":"V\u00e9torino","description":"","publisher":{"@id":"https:\/\/www.vetorino.com\/boutique\/#organization"},"potentialAction":[{"@type":"SearchAction","target":{"@type":"EntryPoint","urlTemplate":"https:\/\/www.vetorino.com\/boutique\/?s={search_term_string}"},"query-input":{"@type":"PropertyValueSpecification","valueRequired":true,"valueName":"search_term_string"}}],"inLanguage":"fr-FR"},{"@type":"Organization","@id":"https:\/\/www.vetorino.com\/boutique\/#organization","name":"V\u00e9torino","url":"https:\/\/www.vetorino.com\/boutique\/","logo":{"@type":"ImageObject","inLanguage":"fr-FR","@id":"https:\/\/www.vetorino.com\/boutique\/#\/schema\/logo\/image\/","url":"https:\/\/www.vetorino.com\/boutique\/wp-content\/uploads\/2024\/10\/logo.jpg","contentUrl":"https:\/\/www.vetorino.com\/boutique\/wp-content\/uploads\/2024\/10\/logo.jpg","width":1200,"height":610,"caption":"V\u00e9torino"},"image":{"@id":"https:\/\/www.vetorino.com\/boutique\/#\/schema\/logo\/image\/"},"sameAs":["https:\/\/www.facebook.com\/Vetorino\/","https:\/\/www.instagram.com\/vetorino_off\/","https:\/\/www.linkedin.com\/company\/vtorino\/"]}]},"product_brand":"Purina Pro Plan","og_availability":"instock","product_availability":"instock","product_condition":"new"},"_links":{"self":[{"href":"https:\/\/www.vetorino.com\/veterinaire\/lens-62300\/boutique\/wp-json\/wp\/v2\/product\/951286","targetHints":{"allow":["GET"]}}],"collection":[{"href":"https:\/\/www.vetorino.com\/veterinaire\/lens-62300\/boutique\/wp-json\/wp\/v2\/product"}],"about":[{"href":"https:\/\/www.vetorino.com\/veterinaire\/lens-62300\/boutique\/wp-json\/wp\/v2\/types\/product"}],"wp:featuredmedia":[{"embeddable":true,"href":"https:\/\/www.vetorino.com\/veterinaire\/lens-62300\/boutique\/wp-json\/wp\/v2\/media\/653088"}],"wp:attachment":[{"href":"https:\/\/www.vetorino.com\/veterinaire\/lens-62300\/boutique\/wp-json\/wp\/v2\/media?parent=951286"}],"wp:term":[{"taxonomy":"product_cat","embeddable":true,"href":"https:\/\/www.vetorino.com\/veterinaire\/lens-62300\/boutique\/wp-json\/wp\/v2\/product_cat?post=951286"},{"taxonomy":"product_tag","embeddable":true,"href":"https:\/\/www.vetorino.com\/veterinaire\/lens-62300\/boutique\/wp-json\/wp\/v2\/product_tag?post=951286"}],"curies":[{"name":"wp","href":"https:\/\/api.w.org\/{rel}","templated":true}]}}