{"id":1810597,"date":"2026-04-27T12:26:23","date_gmt":"2026-04-27T10:26:23","guid":{"rendered":"https:\/\/www.vetorino.com\/boutique\/product\/friandises-chat-trixie-creamy-snacks\/"},"modified":"2026-04-27T15:01:30","modified_gmt":"2026-04-27T13:01:30","slug":"friandises-chat-trixie-creamy-snacks","status":"publish","type":"product","link":"https:\/\/www.vetorino.com\/veterinaire\/louvignedudesert-35420\/boutique\/product\/friandises-chat-trixie-creamy-snacks\/","title":{"rendered":"Friandises Chat Creamy Snacks"},"content":{"rendered":"<p>Le Trixie Creamy Snack est une friandise liquide pour chat qui convient parfaitement pour agr\u00e9menter les croquettes. Avec une <strong>recette sans gluten <\/strong>il offre une d\u00e9licieuse r\u00e9compense \u00e0 votre chat.<\/p>\n<p>Ce snack ne contient pas de sucre ajout\u00e9, mais de la pr\u00e9cieuse vitamine E qui contribue \u00e0 soutenir les d\u00e9fenses immunitaires.<\/p>\n<p>De plus, la recette fournit <strong>de la taurine<\/strong>, qui soutient la fonction cardiaque et la vision de votre tigre de salon. De plus<strong>, il favorise l&#8217;absorption de liquide<\/strong>\u00a0par votre chat et peut \u00eatre id\u00e9alement congel\u00e9, par exemple dans un tapis \u00e0 l\u00e9cher. Sa grande acceptation par les chats en fait une friandise tr\u00e8s appr\u00e9ci\u00e9e que vous pouvez offrir \u00e0 votre animal sans crainte.<\/p>\n<p><strong>Caract\u00e9ristiques de Trixie Creamy Snack\u00a0 :<\/strong><\/p>\n<ul>\n<li>D\u00e9licieuse friandise pour chat sous forme de cr\u00e8me<\/li>\n<li><strong>Haute app\u00e9tence<\/strong>\u00a0garantissent une grande acceptation par les chats<\/li>\n<li><strong>Sans gluten ni sucres ajout\u00e9s<\/strong>: pour une alimentation digeste et adapt\u00e9e \u00e0 l&#8217;esp\u00e8ce<\/li>\n<li><strong>Contient de la vitamine E<\/strong>: soutient les d\u00e9fenses immunitaires de votre animal<\/li>\n<li><strong>Avec taurine<\/strong>: soutient la fonction cardiaque et la vision de votre chat<\/li>\n<li><strong>Id\u00e9al pour affiner les aliments secs<\/strong>: apporte du liquide et du go\u00fbt<\/li>\n<li>Convient \u00e0 la cong\u00e9lation<\/li>\n<\/ul>\n","protected":false},"excerpt":{"rendered":"<ul>\n<li>D\u00e9licieuse friandise pour chat sous forme de cr\u00e8me<\/li>\n<li><strong>Haute app\u00e9tence<\/strong>\u00a0garantissent une grande acceptation par les chats<\/li>\n<li><strong>Sans gluten ni sucres ajout\u00e9s<\/strong>: pour une alimentation digeste et adapt\u00e9e \u00e0 l&#8217;esp\u00e8ce<\/li>\n<li><strong>Contient de la vitamine E<\/strong>: soutient les d\u00e9fenses immunitaires de votre animal<\/li>\n<li><strong>Avec taurine<\/strong>: soutient la fonction cardiaque et la vision de votre chat<\/li>\n<li><strong>Id\u00e9al pour affiner les aliments secs<\/strong>: apporte du liquide et du go\u00fbt<\/li>\n<\/ul>\n","protected":false},"featured_media":1810726,"template":"","meta":[],"product_cat":[12551,2697,2733],"product_tag":[],"class_list":{"0":"post-1810597","1":"product","2":"type-product","3":"status-publish","4":"has-post-thumbnail","6":"product_cat-alimentation-du-chat","7":"product_cat-chat","8":"product_cat-friandises-pour-chat","9":"pa_marque-trixie","11":"first","12":"instock","13":"taxable","14":"shipping-taxable","15":"purchasable","16":"product-type-variable"},"yoast_head":"<!-- This site is optimized with the Yoast SEO plugin v27.5 - https:\/\/yoast.com\/product\/yoast-seo-wordpress\/ -->\n<title>Friandises Chat Creamy Snacks Trixie - V\u00e9torino<\/title>\n<meta name=\"description\" content=\"D\u00e9licieuse friandise pour chat sous forme de cr\u00e8me  Haute app\u00e9tence\u00a0garantissent une grande acceptation par les chats  Sans gluten ni sucres ajout\u00e9s: pour une alimentation digeste et adapt\u00e9e \u00e0 l&#039;esp\u00e8ce  Contient de la vitamine E: soutient les d\u00e9fenses immunitaires de votre animal  Avec taurine: soutient la fonction cardiaque et la vision de votre chat  Id\u00e9al pour affiner les aliments secs: apporte du liquide et du go\u00fbt\" \/>\n<meta name=\"robots\" content=\"noindex, nofollow\" \/>\n<meta property=\"og:locale\" content=\"fr_FR\" \/>\n<meta property=\"og:type\" content=\"article\" \/>\n<meta property=\"og:title\" content=\"Friandises Chat Creamy Snacks Trixie - V\u00e9torino\" \/>\n<meta property=\"og:description\" content=\"D\u00e9licieuse friandise pour chat sous forme de cr\u00e8me  Haute app\u00e9tence\u00a0garantissent une grande acceptation par les chats  Sans gluten ni sucres ajout\u00e9s: pour une alimentation digeste et adapt\u00e9e \u00e0 l&#039;esp\u00e8ce  Contient de la vitamine E: soutient les d\u00e9fenses immunitaires de votre animal  Avec taurine: soutient la fonction cardiaque et la vision de votre chat  Id\u00e9al pour affiner les aliments secs: apporte du liquide et du go\u00fbt\" \/>\n<meta property=\"og:url\" content=\"https:\/\/www.vetorino.com\/veterinaire\/louvignedudesert-35420\/boutique\/product\/friandises-chat-trixie-creamy-snacks\/\" \/>\n<meta property=\"og:site_name\" content=\"V\u00e9torino\" \/>\n<meta property=\"article:publisher\" content=\"https:\/\/www.facebook.com\/Vetorino\/\" \/>\n<meta property=\"article:modified_time\" content=\"2026-04-27T13:01:30+00:00\" \/>\n<meta property=\"og:image\" content=\"https:\/\/www.vetorino.com\/boutique\/wp-content\/uploads\/2026\/04\/trixie-creamy-snack.webp\" \/>\n\t<meta property=\"og:image:width\" content=\"900\" \/>\n\t<meta property=\"og:image:height\" content=\"900\" \/>\n\t<meta property=\"og:image:type\" content=\"image\/webp\" \/>\n<meta name=\"twitter:card\" content=\"summary_large_image\" \/>\n<meta name=\"twitter:label1\" content=\"Disponibilit\u00e9\" \/>\n\t<meta name=\"twitter:data1\" content=\"En stock\" \/>\n<script type=\"application\/ld+json\" class=\"yoast-schema-graph\">{\"@context\":\"https:\\\/\\\/schema.org\",\"@graph\":[{\"@type\":\"WebPage\",\"@id\":\"https:\\\/\\\/www.vetorino.com\\\/veterinaire\\\/clinique-chardon-paris-16\\\/boutique\\\/product\\\/friandises-chat-trixie-creamy-snacks\\\/\",\"url\":\"https:\\\/\\\/www.vetorino.com\\\/veterinaire\\\/clinique-chardon-paris-16\\\/boutique\\\/product\\\/friandises-chat-trixie-creamy-snacks\\\/\",\"name\":\"Friandises Chat Creamy Snacks Trixie - V\u00e9torino\",\"isPartOf\":{\"@id\":\"https:\\\/\\\/www.vetorino.com\\\/boutique\\\/#website\"},\"primaryImageOfPage\":{\"@id\":\"https:\\\/\\\/www.vetorino.com\\\/veterinaire\\\/clinique-chardon-paris-16\\\/boutique\\\/product\\\/friandises-chat-trixie-creamy-snacks\\\/#primaryimage\"},\"image\":{\"@id\":\"https:\\\/\\\/www.vetorino.com\\\/veterinaire\\\/clinique-chardon-paris-16\\\/boutique\\\/product\\\/friandises-chat-trixie-creamy-snacks\\\/#primaryimage\"},\"thumbnailUrl\":\"https:\\\/\\\/www.vetorino.com\\\/boutique\\\/wp-content\\\/uploads\\\/2026\\\/04\\\/trixie-creamy-snack.webp\",\"datePublished\":\"2026-04-27T10:26:23+00:00\",\"dateModified\":\"2026-04-27T13:01:30+00:00\",\"description\":\"D\u00e9licieuse friandise pour chat sous forme de cr\u00e8me Haute app\u00e9tence\u00a0garantissent une grande acceptation par les chats Sans gluten ni sucres ajout\u00e9s: pour une alimentation digeste et adapt\u00e9e \u00e0 l'esp\u00e8ce Contient de la vitamine E: soutient les d\u00e9fenses immunitaires de votre animal Avec taurine: soutient la fonction cardiaque et la vision de votre chat Id\u00e9al pour affiner les aliments secs: apporte du liquide et du go\u00fbt\",\"breadcrumb\":{\"@id\":\"https:\\\/\\\/www.vetorino.com\\\/veterinaire\\\/clinique-chardon-paris-16\\\/boutique\\\/product\\\/friandises-chat-trixie-creamy-snacks\\\/#breadcrumb\"},\"inLanguage\":\"fr-FR\",\"potentialAction\":[{\"@type\":\"ReadAction\",\"target\":[\"https:\\\/\\\/www.vetorino.com\\\/veterinaire\\\/clinique-chardon-paris-16\\\/boutique\\\/product\\\/friandises-chat-trixie-creamy-snacks\\\/\"]}]},{\"@type\":\"ImageObject\",\"inLanguage\":\"fr-FR\",\"@id\":\"https:\\\/\\\/www.vetorino.com\\\/veterinaire\\\/clinique-chardon-paris-16\\\/boutique\\\/product\\\/friandises-chat-trixie-creamy-snacks\\\/#primaryimage\",\"url\":\"https:\\\/\\\/www.vetorino.com\\\/boutique\\\/wp-content\\\/uploads\\\/2026\\\/04\\\/trixie-creamy-snack.webp\",\"contentUrl\":\"https:\\\/\\\/www.vetorino.com\\\/boutique\\\/wp-content\\\/uploads\\\/2026\\\/04\\\/trixie-creamy-snack.webp\",\"width\":900,\"height\":900},{\"@type\":\"BreadcrumbList\",\"@id\":\"https:\\\/\\\/www.vetorino.com\\\/veterinaire\\\/clinique-chardon-paris-16\\\/boutique\\\/product\\\/friandises-chat-trixie-creamy-snacks\\\/#breadcrumb\",\"itemListElement\":[{\"@type\":\"ListItem\",\"position\":1,\"name\":\"Accueil\",\"item\":\"https:\\\/\\\/www.vetorino.com\\\/boutique\\\/\"},{\"@type\":\"ListItem\",\"position\":2,\"name\":\"Produits\",\"item\":\"https:\\\/\\\/www.vetorino.com\\\/boutique\\\/\"},{\"@type\":\"ListItem\",\"position\":3,\"name\":\"Friandises Chat Creamy Snacks\"}]},{\"@type\":\"WebSite\",\"@id\":\"https:\\\/\\\/www.vetorino.com\\\/boutique\\\/#website\",\"url\":\"https:\\\/\\\/www.vetorino.com\\\/boutique\\\/\",\"name\":\"V\u00e9torino\",\"description\":\"\",\"publisher\":{\"@id\":\"https:\\\/\\\/www.vetorino.com\\\/boutique\\\/#organization\"},\"potentialAction\":[{\"@type\":\"SearchAction\",\"target\":{\"@type\":\"EntryPoint\",\"urlTemplate\":\"https:\\\/\\\/www.vetorino.com\\\/boutique\\\/?s={search_term_string}\"},\"query-input\":{\"@type\":\"PropertyValueSpecification\",\"valueRequired\":true,\"valueName\":\"search_term_string\"}}],\"inLanguage\":\"fr-FR\"},{\"@type\":\"Organization\",\"@id\":\"https:\\\/\\\/www.vetorino.com\\\/boutique\\\/#organization\",\"name\":\"V\u00e9torino\",\"url\":\"https:\\\/\\\/www.vetorino.com\\\/boutique\\\/\",\"logo\":{\"@type\":\"ImageObject\",\"inLanguage\":\"fr-FR\",\"@id\":\"https:\\\/\\\/www.vetorino.com\\\/boutique\\\/#\\\/schema\\\/logo\\\/image\\\/\",\"url\":\"https:\\\/\\\/www.vetorino.com\\\/boutique\\\/wp-content\\\/uploads\\\/2024\\\/10\\\/logo.jpg\",\"contentUrl\":\"https:\\\/\\\/www.vetorino.com\\\/boutique\\\/wp-content\\\/uploads\\\/2024\\\/10\\\/logo.jpg\",\"width\":1200,\"height\":610,\"caption\":\"V\u00e9torino\"},\"image\":{\"@id\":\"https:\\\/\\\/www.vetorino.com\\\/boutique\\\/#\\\/schema\\\/logo\\\/image\\\/\"},\"sameAs\":[\"https:\\\/\\\/www.facebook.com\\\/Vetorino\\\/\",\"https:\\\/\\\/www.instagram.com\\\/vetorino_off\\\/\",\"https:\\\/\\\/www.linkedin.com\\\/company\\\/vtorino\\\/\"]}]}<\/script>\n<meta property=\"product:brand\" content=\"Trixie\" \/>\n<meta property=\"og:availability\" content=\"instock\" \/>\n<meta property=\"product:availability\" content=\"instock\" \/>\n<meta property=\"product:condition\" content=\"new\" \/>\n<!-- \/ Yoast SEO plugin. -->","yoast_head_json":{"title":"Friandises Chat Creamy Snacks Trixie - V\u00e9torino","description":"D\u00e9licieuse friandise pour chat sous forme de cr\u00e8me  Haute app\u00e9tence\u00a0garantissent une grande acceptation par les chats  Sans gluten ni sucres ajout\u00e9s: pour une alimentation digeste et adapt\u00e9e \u00e0 l'esp\u00e8ce  Contient de la vitamine E: soutient les d\u00e9fenses immunitaires de votre animal  Avec taurine: soutient la fonction cardiaque et la vision de votre chat  Id\u00e9al pour affiner les aliments secs: apporte du liquide et du go\u00fbt","robots":{"index":"noindex","follow":"nofollow"},"og_locale":"fr_FR","og_type":"article","og_title":"Friandises Chat Creamy Snacks Trixie - V\u00e9torino","og_description":"D\u00e9licieuse friandise pour chat sous forme de cr\u00e8me  Haute app\u00e9tence\u00a0garantissent une grande acceptation par les chats  Sans gluten ni sucres ajout\u00e9s: pour une alimentation digeste et adapt\u00e9e \u00e0 l'esp\u00e8ce  Contient de la vitamine E: soutient les d\u00e9fenses immunitaires de votre animal  Avec taurine: soutient la fonction cardiaque et la vision de votre chat  Id\u00e9al pour affiner les aliments secs: apporte du liquide et du go\u00fbt","og_url":"https:\/\/www.vetorino.com\/veterinaire\/louvignedudesert-35420\/boutique\/product\/friandises-chat-trixie-creamy-snacks\/","og_site_name":"V\u00e9torino","article_publisher":"https:\/\/www.facebook.com\/Vetorino\/","article_modified_time":"2026-04-27T13:01:30+00:00","og_image":[{"width":900,"height":900,"url":"https:\/\/www.vetorino.com\/boutique\/wp-content\/uploads\/2026\/04\/trixie-creamy-snack.webp","type":"image\/webp"}],"twitter_card":"summary_large_image","twitter_misc":{"Disponibilit\u00e9":"En stock"},"schema":{"@context":"https:\/\/schema.org","@graph":[{"@type":"WebPage","@id":"https:\/\/www.vetorino.com\/veterinaire\/clinique-chardon-paris-16\/boutique\/product\/friandises-chat-trixie-creamy-snacks\/","url":"https:\/\/www.vetorino.com\/veterinaire\/clinique-chardon-paris-16\/boutique\/product\/friandises-chat-trixie-creamy-snacks\/","name":"Friandises Chat Creamy Snacks Trixie - V\u00e9torino","isPartOf":{"@id":"https:\/\/www.vetorino.com\/boutique\/#website"},"primaryImageOfPage":{"@id":"https:\/\/www.vetorino.com\/veterinaire\/clinique-chardon-paris-16\/boutique\/product\/friandises-chat-trixie-creamy-snacks\/#primaryimage"},"image":{"@id":"https:\/\/www.vetorino.com\/veterinaire\/clinique-chardon-paris-16\/boutique\/product\/friandises-chat-trixie-creamy-snacks\/#primaryimage"},"thumbnailUrl":"https:\/\/www.vetorino.com\/boutique\/wp-content\/uploads\/2026\/04\/trixie-creamy-snack.webp","datePublished":"2026-04-27T10:26:23+00:00","dateModified":"2026-04-27T13:01:30+00:00","description":"D\u00e9licieuse friandise pour chat sous forme de cr\u00e8me Haute app\u00e9tence\u00a0garantissent une grande acceptation par les chats Sans gluten ni sucres ajout\u00e9s: pour une alimentation digeste et adapt\u00e9e \u00e0 l'esp\u00e8ce Contient de la vitamine E: soutient les d\u00e9fenses immunitaires de votre animal Avec taurine: soutient la fonction cardiaque et la vision de votre chat Id\u00e9al pour affiner les aliments secs: apporte du liquide et du go\u00fbt","breadcrumb":{"@id":"https:\/\/www.vetorino.com\/veterinaire\/clinique-chardon-paris-16\/boutique\/product\/friandises-chat-trixie-creamy-snacks\/#breadcrumb"},"inLanguage":"fr-FR","potentialAction":[{"@type":"ReadAction","target":["https:\/\/www.vetorino.com\/veterinaire\/clinique-chardon-paris-16\/boutique\/product\/friandises-chat-trixie-creamy-snacks\/"]}]},{"@type":"ImageObject","inLanguage":"fr-FR","@id":"https:\/\/www.vetorino.com\/veterinaire\/clinique-chardon-paris-16\/boutique\/product\/friandises-chat-trixie-creamy-snacks\/#primaryimage","url":"https:\/\/www.vetorino.com\/boutique\/wp-content\/uploads\/2026\/04\/trixie-creamy-snack.webp","contentUrl":"https:\/\/www.vetorino.com\/boutique\/wp-content\/uploads\/2026\/04\/trixie-creamy-snack.webp","width":900,"height":900},{"@type":"BreadcrumbList","@id":"https:\/\/www.vetorino.com\/veterinaire\/clinique-chardon-paris-16\/boutique\/product\/friandises-chat-trixie-creamy-snacks\/#breadcrumb","itemListElement":[{"@type":"ListItem","position":1,"name":"Accueil","item":"https:\/\/www.vetorino.com\/boutique\/"},{"@type":"ListItem","position":2,"name":"Produits","item":"https:\/\/www.vetorino.com\/boutique\/"},{"@type":"ListItem","position":3,"name":"Friandises Chat Creamy Snacks"}]},{"@type":"WebSite","@id":"https:\/\/www.vetorino.com\/boutique\/#website","url":"https:\/\/www.vetorino.com\/boutique\/","name":"V\u00e9torino","description":"","publisher":{"@id":"https:\/\/www.vetorino.com\/boutique\/#organization"},"potentialAction":[{"@type":"SearchAction","target":{"@type":"EntryPoint","urlTemplate":"https:\/\/www.vetorino.com\/boutique\/?s={search_term_string}"},"query-input":{"@type":"PropertyValueSpecification","valueRequired":true,"valueName":"search_term_string"}}],"inLanguage":"fr-FR"},{"@type":"Organization","@id":"https:\/\/www.vetorino.com\/boutique\/#organization","name":"V\u00e9torino","url":"https:\/\/www.vetorino.com\/boutique\/","logo":{"@type":"ImageObject","inLanguage":"fr-FR","@id":"https:\/\/www.vetorino.com\/boutique\/#\/schema\/logo\/image\/","url":"https:\/\/www.vetorino.com\/boutique\/wp-content\/uploads\/2024\/10\/logo.jpg","contentUrl":"https:\/\/www.vetorino.com\/boutique\/wp-content\/uploads\/2024\/10\/logo.jpg","width":1200,"height":610,"caption":"V\u00e9torino"},"image":{"@id":"https:\/\/www.vetorino.com\/boutique\/#\/schema\/logo\/image\/"},"sameAs":["https:\/\/www.facebook.com\/Vetorino\/","https:\/\/www.instagram.com\/vetorino_off\/","https:\/\/www.linkedin.com\/company\/vtorino\/"]}]},"product_brand":"Trixie","og_availability":"instock","product_availability":"instock","product_condition":"new"},"_links":{"self":[{"href":"https:\/\/www.vetorino.com\/veterinaire\/louvignedudesert-35420\/boutique\/wp-json\/wp\/v2\/product\/1810597","targetHints":{"allow":["GET"]}}],"collection":[{"href":"https:\/\/www.vetorino.com\/veterinaire\/louvignedudesert-35420\/boutique\/wp-json\/wp\/v2\/product"}],"about":[{"href":"https:\/\/www.vetorino.com\/veterinaire\/louvignedudesert-35420\/boutique\/wp-json\/wp\/v2\/types\/product"}],"wp:featuredmedia":[{"embeddable":true,"href":"https:\/\/www.vetorino.com\/veterinaire\/louvignedudesert-35420\/boutique\/wp-json\/wp\/v2\/media\/1810726"}],"wp:attachment":[{"href":"https:\/\/www.vetorino.com\/veterinaire\/louvignedudesert-35420\/boutique\/wp-json\/wp\/v2\/media?parent=1810597"}],"wp:term":[{"taxonomy":"product_cat","embeddable":true,"href":"https:\/\/www.vetorino.com\/veterinaire\/louvignedudesert-35420\/boutique\/wp-json\/wp\/v2\/product_cat?post=1810597"},{"taxonomy":"product_tag","embeddable":true,"href":"https:\/\/www.vetorino.com\/veterinaire\/louvignedudesert-35420\/boutique\/wp-json\/wp\/v2\/product_tag?post=1810597"}],"curies":[{"name":"wp","href":"https:\/\/api.w.org\/{rel}","templated":true}]}}