{"id":100588,"date":"2020-06-30T01:46:42","date_gmt":"2020-06-29T23:46:42","guid":{"rendered":"https:\/\/www.vetorino.com\/boutique\/product\/perroquets-exotic-fruits\/"},"modified":"2026-03-31T20:42:05","modified_gmt":"2026-03-31T18:42:05","slug":"perroquets-exotic-fruits","status":"publish","type":"product","link":"https:\/\/www.vetorino.com\/veterinaire\/lyon-69006\/boutique\/product\/perroquets-exotic-fruits\/","title":{"rendered":"Perroquets Exotic Fruits"},"content":{"rendered":"<div class='hidden'>VERSELE-LAGA<\/div>\n<div class='hidden'>Oiseaux<\/div>\n<div class='hidden'>Sec<\/div>\n<div class='hidden'>Autres<\/div>\n<div class='hidden'>Perroquet<\/div>\n<p>M\u00e9lange de c\u00e9r\u00e9ales soigneusement s\u00e9lectionn\u00e9es, enrichi de fruits s\u00e9ch\u00e9s, m\u00fbris au soleil et de d\u00e9licieuses noix d\u00e9cortiqu\u00e9es.                        <br \/>&#8211; Produit exclusivement \u00e0 base de produits frais, sans aucun ajout de colorant ou d&#8217;ar\u00f4me.<br \/>&#8211; Plus de 30 ingr\u00e9dients diff\u00e9rents, aux fruits exotiques, l\u00e9gumes et noix. M\u00e9lange haut en go\u00fbt et couleurs.<\/p>\n","protected":false},"excerpt":{"rendered":"<p>VERSELE-LAGA Oiseaux Sec Autres Perroquet M\u00e9lange de c\u00e9r\u00e9ales soigneusement s\u00e9lectionn\u00e9es, enrichi de fruits s\u00e9ch\u00e9s, m\u00fbris au soleil et de d\u00e9licieuses noix d\u00e9cortiqu\u00e9es. &#8211; Produit exclusivement \u00e0 base de produits frais, sans aucun ajout de colorant ou d&#8217;ar\u00f4me.&#8211; Plus de 30 ingr\u00e9dients diff\u00e9rents, aux fruits exotiques, l\u00e9gumes et noix. M\u00e9lange haut en go\u00fbt et couleurs.<\/p>\n","protected":false},"featured_media":100587,"template":"","meta":[],"product_cat":[12576,12677,2727,2746],"product_tag":[],"class_list":{"0":"post-100588","1":"product","2":"type-product","3":"status-publish","4":"has-post-thumbnail","6":"product_cat-alimentation-de-loiseau","7":"product_cat-friandise-pour-oiseau","8":"product_cat-nac","9":"product_cat-oiseau","10":"pa_marque-versele-laga","12":"first","13":"outofstock","14":"taxable","15":"shipping-taxable","16":"purchasable","17":"product-type-simple"},"yoast_head":"<!-- This site is optimized with the Yoast SEO plugin v27.3 - https:\/\/yoast.com\/product\/yoast-seo-wordpress\/ -->\n<title>Perroquets Exotic Fruits Versele Laga - V\u00e9torino<\/title>\n<meta name=\"description\" content=\"VERSELE-LAGAOiseauxSecAutresPerroquetM\u00e9lange de c\u00e9r\u00e9ales soigneusement s\u00e9lectionn\u00e9es, enrichi de fruits s\u00e9ch\u00e9s, m\u00fbris au soleil et de d\u00e9licieuses noix\" \/>\n<meta name=\"robots\" content=\"noindex, nofollow\" \/>\n<meta property=\"og:locale\" content=\"fr_FR\" \/>\n<meta property=\"og:type\" content=\"article\" \/>\n<meta property=\"og:title\" content=\"Perroquets Exotic Fruits Versele Laga - V\u00e9torino\" \/>\n<meta property=\"og:description\" content=\"VERSELE-LAGAOiseauxSecAutresPerroquetM\u00e9lange de c\u00e9r\u00e9ales soigneusement s\u00e9lectionn\u00e9es, enrichi de fruits s\u00e9ch\u00e9s, m\u00fbris au soleil et de d\u00e9licieuses noix\" \/>\n<meta property=\"og:url\" content=\"https:\/\/www.vetorino.com\/veterinaire\/lyon-69006\/boutique\/product\/perroquets-exotic-fruits\/\" \/>\n<meta property=\"og:site_name\" content=\"V\u00e9torino\" \/>\n<meta property=\"article:publisher\" content=\"https:\/\/www.facebook.com\/Vetorino\/\" \/>\n<meta property=\"article:modified_time\" content=\"2026-03-31T18:42:05+00:00\" \/>\n<meta property=\"og:image\" content=\"https:\/\/www.vetorino.com\/boutique\/wp-content\/uploads\/2020\/06\/FilsPER017FormatMediumTypeIM.png\" \/>\n\t<meta property=\"og:image:width\" content=\"400\" \/>\n\t<meta property=\"og:image:height\" content=\"400\" \/>\n\t<meta property=\"og:image:type\" content=\"image\/png\" \/>\n<meta name=\"twitter:card\" content=\"summary_large_image\" \/>\n<meta name=\"twitter:label1\" content=\"Prix\" \/>\n\t<meta name=\"twitter:data1\" content=\"7,34&euro;\" \/>\n\t<meta name=\"twitter:label2\" content=\"Disponibilit\u00e9\" \/>\n\t<meta name=\"twitter:data2\" content=\"Rupture de stock\" \/>\n<script type=\"application\/ld+json\" class=\"yoast-schema-graph\">{\"@context\":\"https:\\\/\\\/schema.org\",\"@graph\":[{\"@type\":\"WebPage\",\"@id\":\"https:\\\/\\\/www.vetorino.com\\\/boutique\\\/product\\\/perroquets-exotic-fruits\\\/\",\"url\":\"https:\\\/\\\/www.vetorino.com\\\/boutique\\\/product\\\/perroquets-exotic-fruits\\\/\",\"name\":\"Perroquets Exotic Fruits Versele Laga - V\u00e9torino\",\"isPartOf\":{\"@id\":\"https:\\\/\\\/www.vetorino.com\\\/boutique\\\/#website\"},\"primaryImageOfPage\":{\"@id\":\"https:\\\/\\\/www.vetorino.com\\\/boutique\\\/product\\\/perroquets-exotic-fruits\\\/#primaryimage\"},\"image\":{\"@id\":\"https:\\\/\\\/www.vetorino.com\\\/boutique\\\/product\\\/perroquets-exotic-fruits\\\/#primaryimage\"},\"thumbnailUrl\":\"https:\\\/\\\/www.vetorino.com\\\/boutique\\\/wp-content\\\/uploads\\\/2020\\\/06\\\/FilsPER017FormatMediumTypeIM.png\",\"datePublished\":\"2020-06-29T23:46:42+00:00\",\"dateModified\":\"2026-03-31T18:42:05+00:00\",\"description\":\"VERSELE-LAGAOiseauxSecAutresPerroquetM\u00e9lange de c\u00e9r\u00e9ales soigneusement s\u00e9lectionn\u00e9es, enrichi de fruits s\u00e9ch\u00e9s, m\u00fbris au soleil et de d\u00e9licieuses noix\",\"breadcrumb\":{\"@id\":\"https:\\\/\\\/www.vetorino.com\\\/boutique\\\/product\\\/perroquets-exotic-fruits\\\/#breadcrumb\"},\"inLanguage\":\"fr-FR\",\"potentialAction\":[{\"@type\":\"ReadAction\",\"target\":[\"https:\\\/\\\/www.vetorino.com\\\/boutique\\\/product\\\/perroquets-exotic-fruits\\\/\"]}]},{\"@type\":\"ImageObject\",\"inLanguage\":\"fr-FR\",\"@id\":\"https:\\\/\\\/www.vetorino.com\\\/boutique\\\/product\\\/perroquets-exotic-fruits\\\/#primaryimage\",\"url\":\"https:\\\/\\\/www.vetorino.com\\\/boutique\\\/wp-content\\\/uploads\\\/2020\\\/06\\\/FilsPER017FormatMediumTypeIM.png\",\"contentUrl\":\"https:\\\/\\\/www.vetorino.com\\\/boutique\\\/wp-content\\\/uploads\\\/2020\\\/06\\\/FilsPER017FormatMediumTypeIM.png\",\"width\":400,\"height\":400},{\"@type\":\"BreadcrumbList\",\"@id\":\"https:\\\/\\\/www.vetorino.com\\\/boutique\\\/product\\\/perroquets-exotic-fruits\\\/#breadcrumb\",\"itemListElement\":[{\"@type\":\"ListItem\",\"position\":1,\"name\":\"Accueil\",\"item\":\"https:\\\/\\\/www.vetorino.com\\\/boutique\\\/\"},{\"@type\":\"ListItem\",\"position\":2,\"name\":\"Produits\",\"item\":\"https:\\\/\\\/www.vetorino.com\\\/boutique\\\/\"},{\"@type\":\"ListItem\",\"position\":3,\"name\":\"Perroquets Exotic Fruits\"}]},{\"@type\":\"WebSite\",\"@id\":\"https:\\\/\\\/www.vetorino.com\\\/boutique\\\/#website\",\"url\":\"https:\\\/\\\/www.vetorino.com\\\/boutique\\\/\",\"name\":\"V\u00e9torino\",\"description\":\"\",\"publisher\":{\"@id\":\"https:\\\/\\\/www.vetorino.com\\\/boutique\\\/#organization\"},\"potentialAction\":[{\"@type\":\"SearchAction\",\"target\":{\"@type\":\"EntryPoint\",\"urlTemplate\":\"https:\\\/\\\/www.vetorino.com\\\/boutique\\\/?s={search_term_string}\"},\"query-input\":{\"@type\":\"PropertyValueSpecification\",\"valueRequired\":true,\"valueName\":\"search_term_string\"}}],\"inLanguage\":\"fr-FR\"},{\"@type\":\"Organization\",\"@id\":\"https:\\\/\\\/www.vetorino.com\\\/boutique\\\/#organization\",\"name\":\"V\u00e9torino\",\"url\":\"https:\\\/\\\/www.vetorino.com\\\/boutique\\\/\",\"logo\":{\"@type\":\"ImageObject\",\"inLanguage\":\"fr-FR\",\"@id\":\"https:\\\/\\\/www.vetorino.com\\\/boutique\\\/#\\\/schema\\\/logo\\\/image\\\/\",\"url\":\"https:\\\/\\\/www.vetorino.com\\\/boutique\\\/wp-content\\\/uploads\\\/2024\\\/10\\\/logo.jpg\",\"contentUrl\":\"https:\\\/\\\/www.vetorino.com\\\/boutique\\\/wp-content\\\/uploads\\\/2024\\\/10\\\/logo.jpg\",\"width\":1200,\"height\":610,\"caption\":\"V\u00e9torino\"},\"image\":{\"@id\":\"https:\\\/\\\/www.vetorino.com\\\/boutique\\\/#\\\/schema\\\/logo\\\/image\\\/\"},\"sameAs\":[\"https:\\\/\\\/www.facebook.com\\\/Vetorino\\\/\",\"https:\\\/\\\/www.instagram.com\\\/vetorino_off\\\/\",\"https:\\\/\\\/www.linkedin.com\\\/company\\\/vtorino\\\/\"]}]}<\/script>\n<meta property=\"product:brand\" content=\"Versele Laga\" \/>\n<meta property=\"product:price:amount\" content=\"7.34\" \/>\n<meta property=\"product:price:currency\" content=\"EUR\" \/>\n<meta property=\"og:availability\" content=\"out of stock\" \/>\n<meta property=\"product:availability\" content=\"out of stock\" \/>\n<meta property=\"product:retailer_item_id\" content=\"C-PER017\" \/>\n<meta property=\"product:condition\" content=\"new\" \/>\n<!-- \/ Yoast SEO plugin. -->","yoast_head_json":{"title":"Perroquets Exotic Fruits Versele Laga - V\u00e9torino","description":"VERSELE-LAGAOiseauxSecAutresPerroquetM\u00e9lange de c\u00e9r\u00e9ales soigneusement s\u00e9lectionn\u00e9es, enrichi de fruits s\u00e9ch\u00e9s, m\u00fbris au soleil et de d\u00e9licieuses noix","robots":{"index":"noindex","follow":"nofollow"},"og_locale":"fr_FR","og_type":"article","og_title":"Perroquets Exotic Fruits Versele Laga - V\u00e9torino","og_description":"VERSELE-LAGAOiseauxSecAutresPerroquetM\u00e9lange de c\u00e9r\u00e9ales soigneusement s\u00e9lectionn\u00e9es, enrichi de fruits s\u00e9ch\u00e9s, m\u00fbris au soleil et de d\u00e9licieuses noix","og_url":"https:\/\/www.vetorino.com\/veterinaire\/lyon-69006\/boutique\/product\/perroquets-exotic-fruits\/","og_site_name":"V\u00e9torino","article_publisher":"https:\/\/www.facebook.com\/Vetorino\/","article_modified_time":"2026-03-31T18:42:05+00:00","og_image":[{"width":400,"height":400,"url":"https:\/\/www.vetorino.com\/boutique\/wp-content\/uploads\/2020\/06\/FilsPER017FormatMediumTypeIM.png","type":"image\/png"}],"twitter_card":"summary_large_image","twitter_misc":{"Prix":"7,34&euro;","Disponibilit\u00e9":"Rupture de stock"},"schema":{"@context":"https:\/\/schema.org","@graph":[{"@type":"WebPage","@id":"https:\/\/www.vetorino.com\/boutique\/product\/perroquets-exotic-fruits\/","url":"https:\/\/www.vetorino.com\/boutique\/product\/perroquets-exotic-fruits\/","name":"Perroquets Exotic Fruits Versele Laga - V\u00e9torino","isPartOf":{"@id":"https:\/\/www.vetorino.com\/boutique\/#website"},"primaryImageOfPage":{"@id":"https:\/\/www.vetorino.com\/boutique\/product\/perroquets-exotic-fruits\/#primaryimage"},"image":{"@id":"https:\/\/www.vetorino.com\/boutique\/product\/perroquets-exotic-fruits\/#primaryimage"},"thumbnailUrl":"https:\/\/www.vetorino.com\/boutique\/wp-content\/uploads\/2020\/06\/FilsPER017FormatMediumTypeIM.png","datePublished":"2020-06-29T23:46:42+00:00","dateModified":"2026-03-31T18:42:05+00:00","description":"VERSELE-LAGAOiseauxSecAutresPerroquetM\u00e9lange de c\u00e9r\u00e9ales soigneusement s\u00e9lectionn\u00e9es, enrichi de fruits s\u00e9ch\u00e9s, m\u00fbris au soleil et de d\u00e9licieuses noix","breadcrumb":{"@id":"https:\/\/www.vetorino.com\/boutique\/product\/perroquets-exotic-fruits\/#breadcrumb"},"inLanguage":"fr-FR","potentialAction":[{"@type":"ReadAction","target":["https:\/\/www.vetorino.com\/boutique\/product\/perroquets-exotic-fruits\/"]}]},{"@type":"ImageObject","inLanguage":"fr-FR","@id":"https:\/\/www.vetorino.com\/boutique\/product\/perroquets-exotic-fruits\/#primaryimage","url":"https:\/\/www.vetorino.com\/boutique\/wp-content\/uploads\/2020\/06\/FilsPER017FormatMediumTypeIM.png","contentUrl":"https:\/\/www.vetorino.com\/boutique\/wp-content\/uploads\/2020\/06\/FilsPER017FormatMediumTypeIM.png","width":400,"height":400},{"@type":"BreadcrumbList","@id":"https:\/\/www.vetorino.com\/boutique\/product\/perroquets-exotic-fruits\/#breadcrumb","itemListElement":[{"@type":"ListItem","position":1,"name":"Accueil","item":"https:\/\/www.vetorino.com\/boutique\/"},{"@type":"ListItem","position":2,"name":"Produits","item":"https:\/\/www.vetorino.com\/boutique\/"},{"@type":"ListItem","position":3,"name":"Perroquets Exotic Fruits"}]},{"@type":"WebSite","@id":"https:\/\/www.vetorino.com\/boutique\/#website","url":"https:\/\/www.vetorino.com\/boutique\/","name":"V\u00e9torino","description":"","publisher":{"@id":"https:\/\/www.vetorino.com\/boutique\/#organization"},"potentialAction":[{"@type":"SearchAction","target":{"@type":"EntryPoint","urlTemplate":"https:\/\/www.vetorino.com\/boutique\/?s={search_term_string}"},"query-input":{"@type":"PropertyValueSpecification","valueRequired":true,"valueName":"search_term_string"}}],"inLanguage":"fr-FR"},{"@type":"Organization","@id":"https:\/\/www.vetorino.com\/boutique\/#organization","name":"V\u00e9torino","url":"https:\/\/www.vetorino.com\/boutique\/","logo":{"@type":"ImageObject","inLanguage":"fr-FR","@id":"https:\/\/www.vetorino.com\/boutique\/#\/schema\/logo\/image\/","url":"https:\/\/www.vetorino.com\/boutique\/wp-content\/uploads\/2024\/10\/logo.jpg","contentUrl":"https:\/\/www.vetorino.com\/boutique\/wp-content\/uploads\/2024\/10\/logo.jpg","width":1200,"height":610,"caption":"V\u00e9torino"},"image":{"@id":"https:\/\/www.vetorino.com\/boutique\/#\/schema\/logo\/image\/"},"sameAs":["https:\/\/www.facebook.com\/Vetorino\/","https:\/\/www.instagram.com\/vetorino_off\/","https:\/\/www.linkedin.com\/company\/vtorino\/"]}]},"product_brand":"Versele Laga","product_price_amount":"7.34","product_price_currency":"EUR","og_availability":"out of stock","product_availability":"out of stock","product_retailer_item_id":"C-PER017","product_condition":"new"},"_links":{"self":[{"href":"https:\/\/www.vetorino.com\/veterinaire\/lyon-69006\/boutique\/wp-json\/wp\/v2\/product\/100588","targetHints":{"allow":["GET"]}}],"collection":[{"href":"https:\/\/www.vetorino.com\/veterinaire\/lyon-69006\/boutique\/wp-json\/wp\/v2\/product"}],"about":[{"href":"https:\/\/www.vetorino.com\/veterinaire\/lyon-69006\/boutique\/wp-json\/wp\/v2\/types\/product"}],"wp:featuredmedia":[{"embeddable":true,"href":"https:\/\/www.vetorino.com\/veterinaire\/lyon-69006\/boutique\/wp-json\/wp\/v2\/media\/100587"}],"wp:attachment":[{"href":"https:\/\/www.vetorino.com\/veterinaire\/lyon-69006\/boutique\/wp-json\/wp\/v2\/media?parent=100588"}],"wp:term":[{"taxonomy":"product_cat","embeddable":true,"href":"https:\/\/www.vetorino.com\/veterinaire\/lyon-69006\/boutique\/wp-json\/wp\/v2\/product_cat?post=100588"},{"taxonomy":"product_tag","embeddable":true,"href":"https:\/\/www.vetorino.com\/veterinaire\/lyon-69006\/boutique\/wp-json\/wp\/v2\/product_tag?post=100588"}],"curies":[{"name":"wp","href":"https:\/\/api.w.org\/{rel}","templated":true}]}}