{"id":101843,"date":"2020-06-30T12:32:26","date_gmt":"2020-06-30T10:32:26","guid":{"rendered":"https:\/\/www.vetorino.com\/boutique\/product\/selective-4-rabbit-lapin-3\/"},"modified":"2026-03-31T23:03:26","modified_gmt":"2026-03-31T21:03:26","slug":"selective-4-rabbit-lapin-3","status":"publish","type":"product","link":"https:\/\/www.vetorino.com\/veterinaire\/lyon-69006\/boutique\/product\/selective-4-rabbit-lapin-3\/","title":{"rendered":"Selective Mature Lapin"},"content":{"rendered":"<p><strong>Formul\u00e9 pour les besoins nutritionnels changeants des lapins \u00e2g\u00e9s de 4 ans et plus.<\/strong><\/p>\n<p><strong>Utilisation :<\/strong><\/p>\n<ul>\n<li>Lapin\u00a0senior de plus de 4 ans<\/li>\n<\/ul>\n<p><strong>Bienfaits essentiels :<\/strong><\/p>\n<ul>\n<li><strong>Pr\u00e9vient l\u2019alimentation s\u00e9lective<\/strong> \u2013 un probl\u00e8me fr\u00e9quemment observ\u00e9 chez le lapin<\/li>\n<li><strong>Complet<\/strong> sur le plan nutritionnel<\/li>\n<li><strong>Riche en fibres<\/strong> \u2013 22%<\/li>\n<li>Enrichi en <strong>vitamine C \u2013<\/strong> 500mg\/kg<\/li>\n<li>Contient de la fl\u00e9ole des pr\u00e9s et du thym pour <strong>stimuler l\u2019app\u00e9tit<\/strong>, ce qui permet d\u2019\u00e9viter le refus de s\u2019alimenter li\u00e9 \u00e0 l\u2019\u00e2ge.<\/li>\n<li>Contient des graines de lin \u2013 une excellente source<strong> d\u2019acides gras om\u00e9ga 3 et 6<\/strong><\/li>\n<li>Contient des herbes<strong> soigneusement s\u00e9lectionn\u00e9es<\/strong>, afin d\u2019augmenter les apports en antioxydants chez les lapins vieillissants<\/li>\n<\/ul>\n","protected":false},"excerpt":{"rendered":"<p><strong>Formul\u00e9 pour les besoins nutritionnels changeants des lapins \u00e2g\u00e9s de 4 ans et plus.<\/strong><\/p>\n<p><strong>Utilisation :<\/strong><\/p>\n<ul>\n<li>Lapin\u00a0senior de plus de 4 ans<\/li>\n<\/ul>\n","protected":false},"featured_media":915943,"template":"","meta":[],"product_cat":[12578,12563,2727],"product_tag":[],"class_list":{"0":"post-101843","1":"product","2":"type-product","3":"status-publish","4":"has-post-thumbnail","6":"product_cat-alimentation-du-lapin","7":"product_cat-lapin","8":"product_cat-nac","9":"pa_marque-supreme-petfoods","11":"first","12":"instock","13":"taxable","14":"shipping-taxable","15":"purchasable","16":"product-type-simple"},"yoast_head":"<!-- This site is optimized with the Yoast SEO plugin v27.3 - https:\/\/yoast.com\/product\/yoast-seo-wordpress\/ -->\n<title>Selective Mature Lapin Supreme Petfoods - V\u00e9torino<\/title>\n<meta name=\"description\" content=\"Formul\u00e9 pour les besoins nutritionnels changeants des lapins \u00e2g\u00e9s de 4 ans et plus.  Utilisation :   Lapin\u00a0senior de plus de 4 ans\" \/>\n<meta name=\"robots\" content=\"noindex, nofollow\" \/>\n<meta property=\"og:locale\" content=\"fr_FR\" \/>\n<meta property=\"og:type\" content=\"article\" \/>\n<meta property=\"og:title\" content=\"Selective Mature Lapin Supreme Petfoods - V\u00e9torino\" \/>\n<meta property=\"og:description\" content=\"Formul\u00e9 pour les besoins nutritionnels changeants des lapins \u00e2g\u00e9s de 4 ans et plus.  Utilisation :   Lapin\u00a0senior de plus de 4 ans\" \/>\n<meta property=\"og:url\" content=\"https:\/\/www.vetorino.com\/veterinaire\/lyon-69006\/boutique\/product\/selective-4-rabbit-lapin-3\/\" \/>\n<meta property=\"og:site_name\" content=\"V\u00e9torino\" \/>\n<meta property=\"article:publisher\" content=\"https:\/\/www.facebook.com\/Vetorino\/\" \/>\n<meta property=\"article:modified_time\" content=\"2026-03-31T21:03:26+00:00\" \/>\n<meta property=\"og:image\" content=\"https:\/\/www.vetorino.com\/boutique\/wp-content\/uploads\/2020\/06\/selective-mature-lapin2.webp\" \/>\n\t<meta property=\"og:image:width\" content=\"540\" \/>\n\t<meta property=\"og:image:height\" content=\"540\" \/>\n\t<meta property=\"og:image:type\" content=\"image\/webp\" \/>\n<meta name=\"twitter:card\" content=\"summary_large_image\" \/>\n<meta name=\"twitter:label1\" content=\"Prix\" \/>\n\t<meta name=\"twitter:data1\" content=\"45,27&euro;\" \/>\n\t<meta name=\"twitter:label2\" content=\"Disponibilit\u00e9\" \/>\n\t<meta name=\"twitter:data2\" content=\"En stock\" \/>\n<script type=\"application\/ld+json\" class=\"yoast-schema-graph\">{\"@context\":\"https:\\\/\\\/schema.org\",\"@graph\":[{\"@type\":\"WebPage\",\"@id\":\"https:\\\/\\\/www.vetorino.com\\\/boutique\\\/product\\\/selective-4-rabbit-lapin-3\\\/\",\"url\":\"https:\\\/\\\/www.vetorino.com\\\/boutique\\\/product\\\/selective-4-rabbit-lapin-3\\\/\",\"name\":\"Selective Mature Lapin Supreme Petfoods - V\u00e9torino\",\"isPartOf\":{\"@id\":\"https:\\\/\\\/www.vetorino.com\\\/boutique\\\/#website\"},\"primaryImageOfPage\":{\"@id\":\"https:\\\/\\\/www.vetorino.com\\\/boutique\\\/product\\\/selective-4-rabbit-lapin-3\\\/#primaryimage\"},\"image\":{\"@id\":\"https:\\\/\\\/www.vetorino.com\\\/boutique\\\/product\\\/selective-4-rabbit-lapin-3\\\/#primaryimage\"},\"thumbnailUrl\":\"https:\\\/\\\/www.vetorino.com\\\/boutique\\\/wp-content\\\/uploads\\\/2020\\\/06\\\/selective-mature-lapin2.webp\",\"datePublished\":\"2020-06-30T10:32:26+00:00\",\"dateModified\":\"2026-03-31T21:03:26+00:00\",\"description\":\"Formul\u00e9 pour les besoins nutritionnels changeants des lapins \u00e2g\u00e9s de 4 ans et plus. Utilisation : Lapin\u00a0senior de plus de 4 ans\",\"breadcrumb\":{\"@id\":\"https:\\\/\\\/www.vetorino.com\\\/boutique\\\/product\\\/selective-4-rabbit-lapin-3\\\/#breadcrumb\"},\"inLanguage\":\"fr-FR\",\"potentialAction\":[{\"@type\":\"ReadAction\",\"target\":[\"https:\\\/\\\/www.vetorino.com\\\/boutique\\\/product\\\/selective-4-rabbit-lapin-3\\\/\"]}]},{\"@type\":\"ImageObject\",\"inLanguage\":\"fr-FR\",\"@id\":\"https:\\\/\\\/www.vetorino.com\\\/boutique\\\/product\\\/selective-4-rabbit-lapin-3\\\/#primaryimage\",\"url\":\"https:\\\/\\\/www.vetorino.com\\\/boutique\\\/wp-content\\\/uploads\\\/2020\\\/06\\\/selective-mature-lapin2.webp\",\"contentUrl\":\"https:\\\/\\\/www.vetorino.com\\\/boutique\\\/wp-content\\\/uploads\\\/2020\\\/06\\\/selective-mature-lapin2.webp\",\"width\":540,\"height\":540},{\"@type\":\"BreadcrumbList\",\"@id\":\"https:\\\/\\\/www.vetorino.com\\\/boutique\\\/product\\\/selective-4-rabbit-lapin-3\\\/#breadcrumb\",\"itemListElement\":[{\"@type\":\"ListItem\",\"position\":1,\"name\":\"Accueil\",\"item\":\"https:\\\/\\\/www.vetorino.com\\\/boutique\\\/\"},{\"@type\":\"ListItem\",\"position\":2,\"name\":\"Produits\",\"item\":\"https:\\\/\\\/www.vetorino.com\\\/boutique\\\/\"},{\"@type\":\"ListItem\",\"position\":3,\"name\":\"Selective Mature Lapin\"}]},{\"@type\":\"WebSite\",\"@id\":\"https:\\\/\\\/www.vetorino.com\\\/boutique\\\/#website\",\"url\":\"https:\\\/\\\/www.vetorino.com\\\/boutique\\\/\",\"name\":\"V\u00e9torino\",\"description\":\"\",\"publisher\":{\"@id\":\"https:\\\/\\\/www.vetorino.com\\\/boutique\\\/#organization\"},\"potentialAction\":[{\"@type\":\"SearchAction\",\"target\":{\"@type\":\"EntryPoint\",\"urlTemplate\":\"https:\\\/\\\/www.vetorino.com\\\/boutique\\\/?s={search_term_string}\"},\"query-input\":{\"@type\":\"PropertyValueSpecification\",\"valueRequired\":true,\"valueName\":\"search_term_string\"}}],\"inLanguage\":\"fr-FR\"},{\"@type\":\"Organization\",\"@id\":\"https:\\\/\\\/www.vetorino.com\\\/boutique\\\/#organization\",\"name\":\"V\u00e9torino\",\"url\":\"https:\\\/\\\/www.vetorino.com\\\/boutique\\\/\",\"logo\":{\"@type\":\"ImageObject\",\"inLanguage\":\"fr-FR\",\"@id\":\"https:\\\/\\\/www.vetorino.com\\\/boutique\\\/#\\\/schema\\\/logo\\\/image\\\/\",\"url\":\"https:\\\/\\\/www.vetorino.com\\\/boutique\\\/wp-content\\\/uploads\\\/2024\\\/10\\\/logo.jpg\",\"contentUrl\":\"https:\\\/\\\/www.vetorino.com\\\/boutique\\\/wp-content\\\/uploads\\\/2024\\\/10\\\/logo.jpg\",\"width\":1200,\"height\":610,\"caption\":\"V\u00e9torino\"},\"image\":{\"@id\":\"https:\\\/\\\/www.vetorino.com\\\/boutique\\\/#\\\/schema\\\/logo\\\/image\\\/\"},\"sameAs\":[\"https:\\\/\\\/www.facebook.com\\\/Vetorino\\\/\",\"https:\\\/\\\/www.instagram.com\\\/vetorino_off\\\/\",\"https:\\\/\\\/www.linkedin.com\\\/company\\\/vtorino\\\/\"]}]}<\/script>\n<meta property=\"product:brand\" content=\"Supreme Petfoods\" \/>\n<meta property=\"product:price:amount\" content=\"45.27\" \/>\n<meta property=\"product:price:currency\" content=\"EUR\" \/>\n<meta property=\"og:availability\" content=\"instock\" \/>\n<meta property=\"product:availability\" content=\"instock\" \/>\n<meta property=\"product:retailer_item_id\" content=\"C-SEL243\" \/>\n<meta property=\"product:condition\" content=\"new\" \/>\n<!-- \/ Yoast SEO plugin. -->","yoast_head_json":{"title":"Selective Mature Lapin Supreme Petfoods - V\u00e9torino","description":"Formul\u00e9 pour les besoins nutritionnels changeants des lapins \u00e2g\u00e9s de 4 ans et plus.  Utilisation :   Lapin\u00a0senior de plus de 4 ans","robots":{"index":"noindex","follow":"nofollow"},"og_locale":"fr_FR","og_type":"article","og_title":"Selective Mature Lapin Supreme Petfoods - V\u00e9torino","og_description":"Formul\u00e9 pour les besoins nutritionnels changeants des lapins \u00e2g\u00e9s de 4 ans et plus.  Utilisation :   Lapin\u00a0senior de plus de 4 ans","og_url":"https:\/\/www.vetorino.com\/veterinaire\/lyon-69006\/boutique\/product\/selective-4-rabbit-lapin-3\/","og_site_name":"V\u00e9torino","article_publisher":"https:\/\/www.facebook.com\/Vetorino\/","article_modified_time":"2026-03-31T21:03:26+00:00","og_image":[{"width":540,"height":540,"url":"https:\/\/www.vetorino.com\/boutique\/wp-content\/uploads\/2020\/06\/selective-mature-lapin2.webp","type":"image\/webp"}],"twitter_card":"summary_large_image","twitter_misc":{"Prix":"45,27&euro;","Disponibilit\u00e9":"En stock"},"schema":{"@context":"https:\/\/schema.org","@graph":[{"@type":"WebPage","@id":"https:\/\/www.vetorino.com\/boutique\/product\/selective-4-rabbit-lapin-3\/","url":"https:\/\/www.vetorino.com\/boutique\/product\/selective-4-rabbit-lapin-3\/","name":"Selective Mature Lapin Supreme Petfoods - V\u00e9torino","isPartOf":{"@id":"https:\/\/www.vetorino.com\/boutique\/#website"},"primaryImageOfPage":{"@id":"https:\/\/www.vetorino.com\/boutique\/product\/selective-4-rabbit-lapin-3\/#primaryimage"},"image":{"@id":"https:\/\/www.vetorino.com\/boutique\/product\/selective-4-rabbit-lapin-3\/#primaryimage"},"thumbnailUrl":"https:\/\/www.vetorino.com\/boutique\/wp-content\/uploads\/2020\/06\/selective-mature-lapin2.webp","datePublished":"2020-06-30T10:32:26+00:00","dateModified":"2026-03-31T21:03:26+00:00","description":"Formul\u00e9 pour les besoins nutritionnels changeants des lapins \u00e2g\u00e9s de 4 ans et plus. Utilisation : Lapin\u00a0senior de plus de 4 ans","breadcrumb":{"@id":"https:\/\/www.vetorino.com\/boutique\/product\/selective-4-rabbit-lapin-3\/#breadcrumb"},"inLanguage":"fr-FR","potentialAction":[{"@type":"ReadAction","target":["https:\/\/www.vetorino.com\/boutique\/product\/selective-4-rabbit-lapin-3\/"]}]},{"@type":"ImageObject","inLanguage":"fr-FR","@id":"https:\/\/www.vetorino.com\/boutique\/product\/selective-4-rabbit-lapin-3\/#primaryimage","url":"https:\/\/www.vetorino.com\/boutique\/wp-content\/uploads\/2020\/06\/selective-mature-lapin2.webp","contentUrl":"https:\/\/www.vetorino.com\/boutique\/wp-content\/uploads\/2020\/06\/selective-mature-lapin2.webp","width":540,"height":540},{"@type":"BreadcrumbList","@id":"https:\/\/www.vetorino.com\/boutique\/product\/selective-4-rabbit-lapin-3\/#breadcrumb","itemListElement":[{"@type":"ListItem","position":1,"name":"Accueil","item":"https:\/\/www.vetorino.com\/boutique\/"},{"@type":"ListItem","position":2,"name":"Produits","item":"https:\/\/www.vetorino.com\/boutique\/"},{"@type":"ListItem","position":3,"name":"Selective Mature Lapin"}]},{"@type":"WebSite","@id":"https:\/\/www.vetorino.com\/boutique\/#website","url":"https:\/\/www.vetorino.com\/boutique\/","name":"V\u00e9torino","description":"","publisher":{"@id":"https:\/\/www.vetorino.com\/boutique\/#organization"},"potentialAction":[{"@type":"SearchAction","target":{"@type":"EntryPoint","urlTemplate":"https:\/\/www.vetorino.com\/boutique\/?s={search_term_string}"},"query-input":{"@type":"PropertyValueSpecification","valueRequired":true,"valueName":"search_term_string"}}],"inLanguage":"fr-FR"},{"@type":"Organization","@id":"https:\/\/www.vetorino.com\/boutique\/#organization","name":"V\u00e9torino","url":"https:\/\/www.vetorino.com\/boutique\/","logo":{"@type":"ImageObject","inLanguage":"fr-FR","@id":"https:\/\/www.vetorino.com\/boutique\/#\/schema\/logo\/image\/","url":"https:\/\/www.vetorino.com\/boutique\/wp-content\/uploads\/2024\/10\/logo.jpg","contentUrl":"https:\/\/www.vetorino.com\/boutique\/wp-content\/uploads\/2024\/10\/logo.jpg","width":1200,"height":610,"caption":"V\u00e9torino"},"image":{"@id":"https:\/\/www.vetorino.com\/boutique\/#\/schema\/logo\/image\/"},"sameAs":["https:\/\/www.facebook.com\/Vetorino\/","https:\/\/www.instagram.com\/vetorino_off\/","https:\/\/www.linkedin.com\/company\/vtorino\/"]}]},"product_brand":"Supreme Petfoods","product_price_amount":"45.27","product_price_currency":"EUR","og_availability":"instock","product_availability":"instock","product_retailer_item_id":"C-SEL243","product_condition":"new"},"_links":{"self":[{"href":"https:\/\/www.vetorino.com\/veterinaire\/lyon-69006\/boutique\/wp-json\/wp\/v2\/product\/101843","targetHints":{"allow":["GET"]}}],"collection":[{"href":"https:\/\/www.vetorino.com\/veterinaire\/lyon-69006\/boutique\/wp-json\/wp\/v2\/product"}],"about":[{"href":"https:\/\/www.vetorino.com\/veterinaire\/lyon-69006\/boutique\/wp-json\/wp\/v2\/types\/product"}],"wp:featuredmedia":[{"embeddable":true,"href":"https:\/\/www.vetorino.com\/veterinaire\/lyon-69006\/boutique\/wp-json\/wp\/v2\/media\/915943"}],"wp:attachment":[{"href":"https:\/\/www.vetorino.com\/veterinaire\/lyon-69006\/boutique\/wp-json\/wp\/v2\/media?parent=101843"}],"wp:term":[{"taxonomy":"product_cat","embeddable":true,"href":"https:\/\/www.vetorino.com\/veterinaire\/lyon-69006\/boutique\/wp-json\/wp\/v2\/product_cat?post=101843"},{"taxonomy":"product_tag","embeddable":true,"href":"https:\/\/www.vetorino.com\/veterinaire\/lyon-69006\/boutique\/wp-json\/wp\/v2\/product_tag?post=101843"}],"curies":[{"name":"wp","href":"https:\/\/api.w.org\/{rel}","templated":true}]}}