{"id":107039,"date":"2020-07-09T19:33:10","date_gmt":"2020-07-09T17:33:10","guid":{"rendered":"https:\/\/www.vetorino.com\/boutique\/product\/chatiere-petsafe-pet-doors\/"},"modified":"2026-04-03T12:04:44","modified_gmt":"2026-04-03T10:04:44","slug":"chatiere-petsafe-pet-doors","status":"publish","type":"product","link":"https:\/\/www.vetorino.com\/veterinaire\/lyon-69006\/boutique\/product\/chatiere-petsafe-pet-doors\/","title":{"rendered":"Chati\u00e8re PetSafe Pet Doors"},"content":{"rendered":"<div class=\"hidden\">MATERIEL<\/div>\n<div class=\"hidden\">Chats<\/div>\n<p>Votre Microchip Petporte smart flap\u00ae ne fonctionnera que si votre chat a \u00e9t\u00e9 \u00e9quip\u00e9 d&#8217;une puce \u00e9lectronique.<br \/>\n\u00c0 l&#8217;heure actuelle, certaines puces \u00e2g\u00e9s et non-standards peuvent ne pas fonctionner avec cette chati\u00e8re.<\/p>\n<ul>\n<li style=\"list-style-type: none\">\n<ul>\n<li>Facile \u00e0 programmer.<\/li>\n<li>Programmable pour un maximum de 40 chats \u00e9quip\u00e9s d\u2019une puce \u00e9lectronique.<\/li>\n<li>Double verrou automatique renforc\u00e9 avec syst\u00e8me de verrouillage manuel \u00e0 4 positions.<\/li>\n<li>Permet de restreindre l\u2019entr\u00e9e des chats ind\u00e9sirables.<\/li>\n<li>Bourrelet d\u2019\u00e9tanch\u00e9it\u00e9 pour une efficacit\u00e9 \u00e9nerg\u00e9tique supplementaire.<\/li>\n<li>Voyant de batterie faible.<\/li>\n<li>Convient aux portes en bois, PVC, Upvc ou portes en m\u00e9tal.<\/li>\n<li>et aux murs en brique, verre et bois avec notre adaptateur d\u2019installation (Des accessoires suppl\u00e9mentaires peuvent \u00eatre requis pour les portes en m\u00e9tal ou au noyau m\u00e9tallique)<\/li>\n<li>Pour les chats de 8 kg au maximum.<\/li>\n<li>Battant en plastique rigide, transparent.<\/li>\n<li>Cadre r\u00e9sistant en plastique.<\/li>\n<li>Fonctionne avec 4 piles AA (non incluses).<\/li>\n<\/ul>\n<\/li>\n<\/ul>\n<ul>\n<li>La pile dure g\u00e9n\u00e9ralement 1 an.<\/li>\n<\/ul>\n<p>Le syst\u00e8me inclut : cadre int\u00e9rieur, cadre ext\u00e9rieur, guide de d\u00e9marrage rapide, gabarit de d\u00e9coupe, vis d\u2019obturation, mat\u00e9riel \u2013 vis.<\/p>\n<p><iframe title=\"Nous vous pr\u00e9sentons la Chati\u00e8re avec puce \u00e9lectronique PetSafe\u00ae\" width=\"980\" height=\"551\" src=\"https:\/\/www.youtube.com\/embed\/mGQ2h4fIL4c?feature=oembed&#038;enablejsapi=1&#038;origin=https:\/\/www.vetorino.com\" frameborder=\"0\" allow=\"accelerometer; autoplay; clipboard-write; encrypted-media; gyroscope; picture-in-picture\" allowfullscreen><\/iframe><\/p>\n<p>&nbsp;<\/p>\n<p>&nbsp;<\/p>\n","protected":false},"excerpt":{"rendered":"<p>MATERIEL Chats Votre Microchip Petporte smart flap\u00ae ne fonctionnera que si votre chat a \u00e9t\u00e9 \u00e9quip\u00e9 d&#8217;une puce \u00e9lectronique. \u00c0 l&#8217;heure actuelle, certaines puces \u00e2g\u00e9s et non-standards peuvent ne pas fonctionner avec cette chati\u00e8re. Facile \u00e0 programmer. Programmable pour un maximum de 40 chats \u00e9quip\u00e9s d\u2019une puce \u00e9lectronique. Double verrou automatique renforc\u00e9 avec syst\u00e8me de [&hellip;]<\/p>\n","protected":false},"featured_media":107036,"template":"","meta":[],"product_cat":[12548,2697,2750,12631],"product_tag":[],"class_list":{"0":"post-107039","1":"product","2":"type-product","3":"status-publish","4":"has-post-thumbnail","6":"product_cat-accessoire-du-chat","7":"product_cat-chat","8":"product_cat-chatieres","9":"product_cat-sortie-du-chat","10":"pa_marque-petsafe","12":"first","13":"instock","14":"taxable","15":"shipping-taxable","16":"purchasable","17":"product-type-variable"},"yoast_head":"<!-- This site is optimized with the Yoast SEO plugin v27.3 - https:\/\/yoast.com\/product\/yoast-seo-wordpress\/ -->\n<title>Chati\u00e8re PetSafe Pet Doors PetSafe - V\u00e9torino<\/title>\n<meta name=\"description\" content=\"MATERIEL Chats Votre Microchip Petporte smart flap\u00ae ne fonctionnera que si votre chat a \u00e9t\u00e9 \u00e9quip\u00e9 d&#039;une puce \u00e9lectronique. \u00c0 l&#039;heure actuelle, certaines\" \/>\n<meta name=\"robots\" content=\"noindex, nofollow\" \/>\n<meta property=\"og:locale\" content=\"fr_FR\" \/>\n<meta property=\"og:type\" content=\"article\" \/>\n<meta property=\"og:title\" content=\"Chati\u00e8re PetSafe Pet Doors PetSafe - V\u00e9torino\" \/>\n<meta property=\"og:description\" content=\"MATERIEL Chats Votre Microchip Petporte smart flap\u00ae ne fonctionnera que si votre chat a \u00e9t\u00e9 \u00e9quip\u00e9 d&#039;une puce \u00e9lectronique. \u00c0 l&#039;heure actuelle, certaines\" \/>\n<meta property=\"og:url\" content=\"https:\/\/www.vetorino.com\/veterinaire\/lyon-69006\/boutique\/product\/chatiere-petsafe-pet-doors\/\" \/>\n<meta property=\"og:site_name\" content=\"V\u00e9torino\" \/>\n<meta property=\"article:publisher\" content=\"https:\/\/www.facebook.com\/Vetorino\/\" \/>\n<meta property=\"article:modified_time\" content=\"2026-04-03T10:04:44+00:00\" \/>\n<meta property=\"og:image\" content=\"https:\/\/www.vetorino.com\/boutique\/wp-content\/uploads\/2020\/07\/FilsCHA818FormatMediumTypeIM-6.png\" \/>\n\t<meta property=\"og:image:width\" content=\"400\" \/>\n\t<meta property=\"og:image:height\" content=\"400\" \/>\n\t<meta property=\"og:image:type\" content=\"image\/png\" \/>\n<meta name=\"twitter:card\" content=\"summary_large_image\" \/>\n<meta name=\"twitter:label1\" content=\"Disponibilit\u00e9\" \/>\n\t<meta name=\"twitter:data1\" content=\"En stock\" \/>\n<script type=\"application\/ld+json\" class=\"yoast-schema-graph\">{\"@context\":\"https:\\\/\\\/schema.org\",\"@graph\":[{\"@type\":\"WebPage\",\"@id\":\"https:\\\/\\\/www.vetorino.com\\\/boutique\\\/product\\\/chatiere-petsafe-pet-doors\\\/\",\"url\":\"https:\\\/\\\/www.vetorino.com\\\/boutique\\\/product\\\/chatiere-petsafe-pet-doors\\\/\",\"name\":\"Chati\u00e8re PetSafe Pet Doors PetSafe - V\u00e9torino\",\"isPartOf\":{\"@id\":\"https:\\\/\\\/www.vetorino.com\\\/boutique\\\/#website\"},\"primaryImageOfPage\":{\"@id\":\"https:\\\/\\\/www.vetorino.com\\\/boutique\\\/product\\\/chatiere-petsafe-pet-doors\\\/#primaryimage\"},\"image\":{\"@id\":\"https:\\\/\\\/www.vetorino.com\\\/boutique\\\/product\\\/chatiere-petsafe-pet-doors\\\/#primaryimage\"},\"thumbnailUrl\":\"https:\\\/\\\/www.vetorino.com\\\/boutique\\\/wp-content\\\/uploads\\\/2020\\\/07\\\/FilsCHA818FormatMediumTypeIM-6.png\",\"datePublished\":\"2020-07-09T17:33:10+00:00\",\"dateModified\":\"2026-04-03T10:04:44+00:00\",\"description\":\"MATERIEL Chats Votre Microchip Petporte smart flap\u00ae ne fonctionnera que si votre chat a \u00e9t\u00e9 \u00e9quip\u00e9 d'une puce \u00e9lectronique. \u00c0 l'heure actuelle, certaines\",\"breadcrumb\":{\"@id\":\"https:\\\/\\\/www.vetorino.com\\\/boutique\\\/product\\\/chatiere-petsafe-pet-doors\\\/#breadcrumb\"},\"inLanguage\":\"fr-FR\",\"potentialAction\":[{\"@type\":\"ReadAction\",\"target\":[\"https:\\\/\\\/www.vetorino.com\\\/boutique\\\/product\\\/chatiere-petsafe-pet-doors\\\/\"]}]},{\"@type\":\"ImageObject\",\"inLanguage\":\"fr-FR\",\"@id\":\"https:\\\/\\\/www.vetorino.com\\\/boutique\\\/product\\\/chatiere-petsafe-pet-doors\\\/#primaryimage\",\"url\":\"https:\\\/\\\/www.vetorino.com\\\/boutique\\\/wp-content\\\/uploads\\\/2020\\\/07\\\/FilsCHA818FormatMediumTypeIM-6.png\",\"contentUrl\":\"https:\\\/\\\/www.vetorino.com\\\/boutique\\\/wp-content\\\/uploads\\\/2020\\\/07\\\/FilsCHA818FormatMediumTypeIM-6.png\",\"width\":400,\"height\":400},{\"@type\":\"BreadcrumbList\",\"@id\":\"https:\\\/\\\/www.vetorino.com\\\/boutique\\\/product\\\/chatiere-petsafe-pet-doors\\\/#breadcrumb\",\"itemListElement\":[{\"@type\":\"ListItem\",\"position\":1,\"name\":\"Accueil\",\"item\":\"https:\\\/\\\/www.vetorino.com\\\/boutique\\\/\"},{\"@type\":\"ListItem\",\"position\":2,\"name\":\"Produits\",\"item\":\"https:\\\/\\\/www.vetorino.com\\\/boutique\\\/\"},{\"@type\":\"ListItem\",\"position\":3,\"name\":\"Chati\u00e8re PetSafe Pet Doors\"}]},{\"@type\":\"WebSite\",\"@id\":\"https:\\\/\\\/www.vetorino.com\\\/boutique\\\/#website\",\"url\":\"https:\\\/\\\/www.vetorino.com\\\/boutique\\\/\",\"name\":\"V\u00e9torino\",\"description\":\"\",\"publisher\":{\"@id\":\"https:\\\/\\\/www.vetorino.com\\\/boutique\\\/#organization\"},\"potentialAction\":[{\"@type\":\"SearchAction\",\"target\":{\"@type\":\"EntryPoint\",\"urlTemplate\":\"https:\\\/\\\/www.vetorino.com\\\/boutique\\\/?s={search_term_string}\"},\"query-input\":{\"@type\":\"PropertyValueSpecification\",\"valueRequired\":true,\"valueName\":\"search_term_string\"}}],\"inLanguage\":\"fr-FR\"},{\"@type\":\"Organization\",\"@id\":\"https:\\\/\\\/www.vetorino.com\\\/boutique\\\/#organization\",\"name\":\"V\u00e9torino\",\"url\":\"https:\\\/\\\/www.vetorino.com\\\/boutique\\\/\",\"logo\":{\"@type\":\"ImageObject\",\"inLanguage\":\"fr-FR\",\"@id\":\"https:\\\/\\\/www.vetorino.com\\\/boutique\\\/#\\\/schema\\\/logo\\\/image\\\/\",\"url\":\"https:\\\/\\\/www.vetorino.com\\\/boutique\\\/wp-content\\\/uploads\\\/2024\\\/10\\\/logo.jpg\",\"contentUrl\":\"https:\\\/\\\/www.vetorino.com\\\/boutique\\\/wp-content\\\/uploads\\\/2024\\\/10\\\/logo.jpg\",\"width\":1200,\"height\":610,\"caption\":\"V\u00e9torino\"},\"image\":{\"@id\":\"https:\\\/\\\/www.vetorino.com\\\/boutique\\\/#\\\/schema\\\/logo\\\/image\\\/\"},\"sameAs\":[\"https:\\\/\\\/www.facebook.com\\\/Vetorino\\\/\",\"https:\\\/\\\/www.instagram.com\\\/vetorino_off\\\/\",\"https:\\\/\\\/www.linkedin.com\\\/company\\\/vtorino\\\/\"]}]}<\/script>\n<meta property=\"product:brand\" content=\"PetSafe\" \/>\n<meta property=\"og:availability\" content=\"instock\" \/>\n<meta property=\"product:availability\" content=\"instock\" \/>\n<meta property=\"product:condition\" content=\"new\" \/>\n<!-- \/ Yoast SEO plugin. -->","yoast_head_json":{"title":"Chati\u00e8re PetSafe Pet Doors PetSafe - V\u00e9torino","description":"MATERIEL Chats Votre Microchip Petporte smart flap\u00ae ne fonctionnera que si votre chat a \u00e9t\u00e9 \u00e9quip\u00e9 d'une puce \u00e9lectronique. \u00c0 l'heure actuelle, certaines","robots":{"index":"noindex","follow":"nofollow"},"og_locale":"fr_FR","og_type":"article","og_title":"Chati\u00e8re PetSafe Pet Doors PetSafe - V\u00e9torino","og_description":"MATERIEL Chats Votre Microchip Petporte smart flap\u00ae ne fonctionnera que si votre chat a \u00e9t\u00e9 \u00e9quip\u00e9 d'une puce \u00e9lectronique. \u00c0 l'heure actuelle, certaines","og_url":"https:\/\/www.vetorino.com\/veterinaire\/lyon-69006\/boutique\/product\/chatiere-petsafe-pet-doors\/","og_site_name":"V\u00e9torino","article_publisher":"https:\/\/www.facebook.com\/Vetorino\/","article_modified_time":"2026-04-03T10:04:44+00:00","og_image":[{"width":400,"height":400,"url":"https:\/\/www.vetorino.com\/boutique\/wp-content\/uploads\/2020\/07\/FilsCHA818FormatMediumTypeIM-6.png","type":"image\/png"}],"twitter_card":"summary_large_image","twitter_misc":{"Disponibilit\u00e9":"En stock"},"schema":{"@context":"https:\/\/schema.org","@graph":[{"@type":"WebPage","@id":"https:\/\/www.vetorino.com\/boutique\/product\/chatiere-petsafe-pet-doors\/","url":"https:\/\/www.vetorino.com\/boutique\/product\/chatiere-petsafe-pet-doors\/","name":"Chati\u00e8re PetSafe Pet Doors PetSafe - V\u00e9torino","isPartOf":{"@id":"https:\/\/www.vetorino.com\/boutique\/#website"},"primaryImageOfPage":{"@id":"https:\/\/www.vetorino.com\/boutique\/product\/chatiere-petsafe-pet-doors\/#primaryimage"},"image":{"@id":"https:\/\/www.vetorino.com\/boutique\/product\/chatiere-petsafe-pet-doors\/#primaryimage"},"thumbnailUrl":"https:\/\/www.vetorino.com\/boutique\/wp-content\/uploads\/2020\/07\/FilsCHA818FormatMediumTypeIM-6.png","datePublished":"2020-07-09T17:33:10+00:00","dateModified":"2026-04-03T10:04:44+00:00","description":"MATERIEL Chats Votre Microchip Petporte smart flap\u00ae ne fonctionnera que si votre chat a \u00e9t\u00e9 \u00e9quip\u00e9 d'une puce \u00e9lectronique. \u00c0 l'heure actuelle, certaines","breadcrumb":{"@id":"https:\/\/www.vetorino.com\/boutique\/product\/chatiere-petsafe-pet-doors\/#breadcrumb"},"inLanguage":"fr-FR","potentialAction":[{"@type":"ReadAction","target":["https:\/\/www.vetorino.com\/boutique\/product\/chatiere-petsafe-pet-doors\/"]}]},{"@type":"ImageObject","inLanguage":"fr-FR","@id":"https:\/\/www.vetorino.com\/boutique\/product\/chatiere-petsafe-pet-doors\/#primaryimage","url":"https:\/\/www.vetorino.com\/boutique\/wp-content\/uploads\/2020\/07\/FilsCHA818FormatMediumTypeIM-6.png","contentUrl":"https:\/\/www.vetorino.com\/boutique\/wp-content\/uploads\/2020\/07\/FilsCHA818FormatMediumTypeIM-6.png","width":400,"height":400},{"@type":"BreadcrumbList","@id":"https:\/\/www.vetorino.com\/boutique\/product\/chatiere-petsafe-pet-doors\/#breadcrumb","itemListElement":[{"@type":"ListItem","position":1,"name":"Accueil","item":"https:\/\/www.vetorino.com\/boutique\/"},{"@type":"ListItem","position":2,"name":"Produits","item":"https:\/\/www.vetorino.com\/boutique\/"},{"@type":"ListItem","position":3,"name":"Chati\u00e8re PetSafe Pet Doors"}]},{"@type":"WebSite","@id":"https:\/\/www.vetorino.com\/boutique\/#website","url":"https:\/\/www.vetorino.com\/boutique\/","name":"V\u00e9torino","description":"","publisher":{"@id":"https:\/\/www.vetorino.com\/boutique\/#organization"},"potentialAction":[{"@type":"SearchAction","target":{"@type":"EntryPoint","urlTemplate":"https:\/\/www.vetorino.com\/boutique\/?s={search_term_string}"},"query-input":{"@type":"PropertyValueSpecification","valueRequired":true,"valueName":"search_term_string"}}],"inLanguage":"fr-FR"},{"@type":"Organization","@id":"https:\/\/www.vetorino.com\/boutique\/#organization","name":"V\u00e9torino","url":"https:\/\/www.vetorino.com\/boutique\/","logo":{"@type":"ImageObject","inLanguage":"fr-FR","@id":"https:\/\/www.vetorino.com\/boutique\/#\/schema\/logo\/image\/","url":"https:\/\/www.vetorino.com\/boutique\/wp-content\/uploads\/2024\/10\/logo.jpg","contentUrl":"https:\/\/www.vetorino.com\/boutique\/wp-content\/uploads\/2024\/10\/logo.jpg","width":1200,"height":610,"caption":"V\u00e9torino"},"image":{"@id":"https:\/\/www.vetorino.com\/boutique\/#\/schema\/logo\/image\/"},"sameAs":["https:\/\/www.facebook.com\/Vetorino\/","https:\/\/www.instagram.com\/vetorino_off\/","https:\/\/www.linkedin.com\/company\/vtorino\/"]}]},"product_brand":"PetSafe","og_availability":"instock","product_availability":"instock","product_condition":"new"},"_links":{"self":[{"href":"https:\/\/www.vetorino.com\/veterinaire\/lyon-69006\/boutique\/wp-json\/wp\/v2\/product\/107039","targetHints":{"allow":["GET"]}}],"collection":[{"href":"https:\/\/www.vetorino.com\/veterinaire\/lyon-69006\/boutique\/wp-json\/wp\/v2\/product"}],"about":[{"href":"https:\/\/www.vetorino.com\/veterinaire\/lyon-69006\/boutique\/wp-json\/wp\/v2\/types\/product"}],"wp:featuredmedia":[{"embeddable":true,"href":"https:\/\/www.vetorino.com\/veterinaire\/lyon-69006\/boutique\/wp-json\/wp\/v2\/media\/107036"}],"wp:attachment":[{"href":"https:\/\/www.vetorino.com\/veterinaire\/lyon-69006\/boutique\/wp-json\/wp\/v2\/media?parent=107039"}],"wp:term":[{"taxonomy":"product_cat","embeddable":true,"href":"https:\/\/www.vetorino.com\/veterinaire\/lyon-69006\/boutique\/wp-json\/wp\/v2\/product_cat?post=107039"},{"taxonomy":"product_tag","embeddable":true,"href":"https:\/\/www.vetorino.com\/veterinaire\/lyon-69006\/boutique\/wp-json\/wp\/v2\/product_tag?post=107039"}],"curies":[{"name":"wp","href":"https:\/\/api.w.org\/{rel}","templated":true}]}}