{"id":130039,"date":"2020-11-25T19:58:42","date_gmt":"2020-11-25T18:58:42","guid":{"rendered":"https:\/\/www.vetorino.com\/boutique\/product\/manteau-impermeable-confort-loft-kurgo\/"},"modified":"2026-04-04T09:41:20","modified_gmt":"2026-04-04T07:41:20","slug":"manteau-impermeable-confort-loft-kurgo","status":"publish","type":"product","link":"https:\/\/www.vetorino.com\/veterinaire\/lyon-69006\/boutique\/product\/manteau-impermeable-confort-loft-kurgo\/","title":{"rendered":"Manteau imperm\u00e9able Confort Loft Kurgo"},"content":{"rendered":"<p>D&eacute;couvrez la veste isolante tout-en-un, &agrave; tout faire !<br \/>\nCon&ccedil;u pour les jours ensoleill&eacute;s, les jours pluvieux et tout le reste, l&#039;ajustement est athl&eacute;tique, ce qui signifie que votre chien sera pr&ecirc;t pour chaque sprint, promenade, saut, roulis et sieste qui lui arrive.&nbsp;<br \/>\nR&eacute;versible, elle sera aussi &agrave; la mode qu&rsquo;elle est confortable.<\/p>\n<ul>\n<li>Conception r&eacute;versible.<\/li>\n<li>Fermeture &agrave; glissi&egrave;re bidirectionnelle pour acc&eacute;der au harnais et \/ ou au col.<\/li>\n<li>Construit avec un mat&eacute;riau microtomique Ripstop et un remplissage polytech.<\/li>\n<li>Deux points de r&eacute;glage lat&eacute;raux avec mati&egrave;re auto-agrippante.<\/li>\n<li>R&eacute;sistant &agrave; l&#039;eau.<\/li>\n<li>Accents r&eacute;fl&eacute;chissants.<\/li>\n<li>Coupe et style athl&eacute;tique.<\/li>\n<li>Lavage en machine doux ou lavage &agrave; la main. S&eacute;cher &agrave; l&#039;air libre.<\/li>\n<\/ul>\n<p>Choix de la taille : Tour de cou TC \/ Tour de poitrail TP \/ Longueur dos Lg<\/p>\n<ul>\n<li>XS : TC 36 cm \/ TP 38 &agrave; 51 cm \/ Lg : 25 cm.<\/li>\n<li>S : TC&nbsp;41 cm \/ TP&nbsp;48 &agrave;&nbsp;69 cm \/ Lg :&nbsp;34 cm.<\/li>\n<li>M&nbsp;: TC&nbsp;48 cm \/ TP 66 &agrave;&nbsp;89 cm \/ Lg :&nbsp;50 cm.<\/li>\n<li>L&nbsp;: TC&nbsp;58 cm \/ TP&nbsp;76 &agrave;&nbsp;99 cm \/ Lg :&nbsp;57 cm.<\/li>\n<li>XL&nbsp;: TC&nbsp;66 cm \/ TP&nbsp;89 &agrave;&nbsp;114 cm \/ Lg :&nbsp;69 cm.<\/li>\n<\/ul>\n","protected":false},"excerpt":{"rendered":"<p>D&eacute;couvrez la veste isolante tout-en-un, &agrave; tout faire ! Con&ccedil;u pour les jours ensoleill&eacute;s, les jours pluvieux et tout le reste, l&#039;ajustement est athl&eacute;tique, ce qui signifie que votre chien sera pr&ecirc;t pour chaque sprint, promenade, saut, roulis et sieste qui lui arrive.&nbsp; R&eacute;versible, elle sera aussi &agrave; la mode qu&rsquo;elle est confortable. Conception r&eacute;versible. [&hellip;]<\/p>\n","protected":false},"featured_media":130038,"template":"","meta":[],"product_cat":[2698,2777],"product_tag":[],"class_list":{"0":"post-130039","1":"product","2":"type-product","3":"status-publish","4":"has-post-thumbnail","6":"product_cat-chien","7":"product_cat-colliers-laisses-et-harnais-pour-chien","8":"pa_marque-materiel","10":"first","11":"instock","12":"taxable","13":"shipping-taxable","14":"purchasable","15":"product-type-variable"},"yoast_head":"<!-- This site is optimized with the Yoast SEO plugin v27.3 - https:\/\/yoast.com\/product\/yoast-seo-wordpress\/ -->\n<title>Manteau imperm\u00e9able Confort Loft Kurgo Mat\u00e9riel - V\u00e9torino<\/title>\n<meta name=\"description\" content=\"D&eacute;couvrez la veste isolante tout-en-un, &agrave; tout faire ! Con&ccedil;u pour les jours ensoleill&eacute;s, les jours pluvieux et tout le reste,\" \/>\n<meta name=\"robots\" content=\"noindex, nofollow\" \/>\n<meta property=\"og:locale\" content=\"fr_FR\" \/>\n<meta property=\"og:type\" content=\"article\" \/>\n<meta property=\"og:title\" content=\"Manteau imperm\u00e9able Confort Loft Kurgo Mat\u00e9riel - V\u00e9torino\" \/>\n<meta property=\"og:description\" content=\"D&eacute;couvrez la veste isolante tout-en-un, &agrave; tout faire ! Con&ccedil;u pour les jours ensoleill&eacute;s, les jours pluvieux et tout le reste,\" \/>\n<meta property=\"og:url\" content=\"https:\/\/www.vetorino.com\/veterinaire\/lyon-69006\/boutique\/product\/manteau-impermeable-confort-loft-kurgo\/\" \/>\n<meta property=\"og:site_name\" content=\"V\u00e9torino\" \/>\n<meta property=\"article:publisher\" content=\"https:\/\/www.facebook.com\/Vetorino\/\" \/>\n<meta property=\"article:modified_time\" content=\"2026-04-04T07:41:20+00:00\" \/>\n<meta property=\"og:image\" content=\"https:\/\/www.vetorino.com\/boutique\/wp-content\/uploads\/2020\/11\/FilsMAN874FormatMediumTypeIM.png\" \/>\n\t<meta property=\"og:image:width\" content=\"400\" \/>\n\t<meta property=\"og:image:height\" content=\"400\" \/>\n\t<meta property=\"og:image:type\" content=\"image\/png\" \/>\n<meta name=\"twitter:card\" content=\"summary_large_image\" \/>\n<meta name=\"twitter:label1\" content=\"Disponibilit\u00e9\" \/>\n\t<meta name=\"twitter:data1\" content=\"En stock\" \/>\n<script type=\"application\/ld+json\" class=\"yoast-schema-graph\">{\"@context\":\"https:\\\/\\\/schema.org\",\"@graph\":[{\"@type\":\"WebPage\",\"@id\":\"https:\\\/\\\/www.vetorino.com\\\/boutique\\\/product\\\/manteau-impermeable-confort-loft-kurgo\\\/\",\"url\":\"https:\\\/\\\/www.vetorino.com\\\/boutique\\\/product\\\/manteau-impermeable-confort-loft-kurgo\\\/\",\"name\":\"Manteau imperm\u00e9able Confort Loft Kurgo Mat\u00e9riel - V\u00e9torino\",\"isPartOf\":{\"@id\":\"https:\\\/\\\/www.vetorino.com\\\/boutique\\\/#website\"},\"primaryImageOfPage\":{\"@id\":\"https:\\\/\\\/www.vetorino.com\\\/boutique\\\/product\\\/manteau-impermeable-confort-loft-kurgo\\\/#primaryimage\"},\"image\":{\"@id\":\"https:\\\/\\\/www.vetorino.com\\\/boutique\\\/product\\\/manteau-impermeable-confort-loft-kurgo\\\/#primaryimage\"},\"thumbnailUrl\":\"https:\\\/\\\/www.vetorino.com\\\/boutique\\\/wp-content\\\/uploads\\\/2020\\\/11\\\/FilsMAN874FormatMediumTypeIM.png\",\"datePublished\":\"2020-11-25T18:58:42+00:00\",\"dateModified\":\"2026-04-04T07:41:20+00:00\",\"description\":\"D&eacute;couvrez la veste isolante tout-en-un, &agrave; tout faire ! Con&ccedil;u pour les jours ensoleill&eacute;s, les jours pluvieux et tout le reste,\",\"breadcrumb\":{\"@id\":\"https:\\\/\\\/www.vetorino.com\\\/boutique\\\/product\\\/manteau-impermeable-confort-loft-kurgo\\\/#breadcrumb\"},\"inLanguage\":\"fr-FR\",\"potentialAction\":[{\"@type\":\"ReadAction\",\"target\":[\"https:\\\/\\\/www.vetorino.com\\\/boutique\\\/product\\\/manteau-impermeable-confort-loft-kurgo\\\/\"]}]},{\"@type\":\"ImageObject\",\"inLanguage\":\"fr-FR\",\"@id\":\"https:\\\/\\\/www.vetorino.com\\\/boutique\\\/product\\\/manteau-impermeable-confort-loft-kurgo\\\/#primaryimage\",\"url\":\"https:\\\/\\\/www.vetorino.com\\\/boutique\\\/wp-content\\\/uploads\\\/2020\\\/11\\\/FilsMAN874FormatMediumTypeIM.png\",\"contentUrl\":\"https:\\\/\\\/www.vetorino.com\\\/boutique\\\/wp-content\\\/uploads\\\/2020\\\/11\\\/FilsMAN874FormatMediumTypeIM.png\",\"width\":400,\"height\":400},{\"@type\":\"BreadcrumbList\",\"@id\":\"https:\\\/\\\/www.vetorino.com\\\/boutique\\\/product\\\/manteau-impermeable-confort-loft-kurgo\\\/#breadcrumb\",\"itemListElement\":[{\"@type\":\"ListItem\",\"position\":1,\"name\":\"Accueil\",\"item\":\"https:\\\/\\\/www.vetorino.com\\\/boutique\\\/\"},{\"@type\":\"ListItem\",\"position\":2,\"name\":\"Produits\",\"item\":\"https:\\\/\\\/www.vetorino.com\\\/boutique\\\/\"},{\"@type\":\"ListItem\",\"position\":3,\"name\":\"Manteau imperm\u00e9able Confort Loft Kurgo\"}]},{\"@type\":\"WebSite\",\"@id\":\"https:\\\/\\\/www.vetorino.com\\\/boutique\\\/#website\",\"url\":\"https:\\\/\\\/www.vetorino.com\\\/boutique\\\/\",\"name\":\"V\u00e9torino\",\"description\":\"\",\"publisher\":{\"@id\":\"https:\\\/\\\/www.vetorino.com\\\/boutique\\\/#organization\"},\"potentialAction\":[{\"@type\":\"SearchAction\",\"target\":{\"@type\":\"EntryPoint\",\"urlTemplate\":\"https:\\\/\\\/www.vetorino.com\\\/boutique\\\/?s={search_term_string}\"},\"query-input\":{\"@type\":\"PropertyValueSpecification\",\"valueRequired\":true,\"valueName\":\"search_term_string\"}}],\"inLanguage\":\"fr-FR\"},{\"@type\":\"Organization\",\"@id\":\"https:\\\/\\\/www.vetorino.com\\\/boutique\\\/#organization\",\"name\":\"V\u00e9torino\",\"url\":\"https:\\\/\\\/www.vetorino.com\\\/boutique\\\/\",\"logo\":{\"@type\":\"ImageObject\",\"inLanguage\":\"fr-FR\",\"@id\":\"https:\\\/\\\/www.vetorino.com\\\/boutique\\\/#\\\/schema\\\/logo\\\/image\\\/\",\"url\":\"https:\\\/\\\/www.vetorino.com\\\/boutique\\\/wp-content\\\/uploads\\\/2024\\\/10\\\/logo.jpg\",\"contentUrl\":\"https:\\\/\\\/www.vetorino.com\\\/boutique\\\/wp-content\\\/uploads\\\/2024\\\/10\\\/logo.jpg\",\"width\":1200,\"height\":610,\"caption\":\"V\u00e9torino\"},\"image\":{\"@id\":\"https:\\\/\\\/www.vetorino.com\\\/boutique\\\/#\\\/schema\\\/logo\\\/image\\\/\"},\"sameAs\":[\"https:\\\/\\\/www.facebook.com\\\/Vetorino\\\/\",\"https:\\\/\\\/www.instagram.com\\\/vetorino_off\\\/\",\"https:\\\/\\\/www.linkedin.com\\\/company\\\/vtorino\\\/\"]}]}<\/script>\n<meta property=\"product:brand\" content=\"Mat\u00e9riel\" \/>\n<meta property=\"og:availability\" content=\"instock\" \/>\n<meta property=\"product:availability\" content=\"instock\" \/>\n<meta property=\"product:condition\" content=\"new\" \/>\n<!-- \/ Yoast SEO plugin. -->","yoast_head_json":{"title":"Manteau imperm\u00e9able Confort Loft Kurgo Mat\u00e9riel - V\u00e9torino","description":"D&eacute;couvrez la veste isolante tout-en-un, &agrave; tout faire ! Con&ccedil;u pour les jours ensoleill&eacute;s, les jours pluvieux et tout le reste,","robots":{"index":"noindex","follow":"nofollow"},"og_locale":"fr_FR","og_type":"article","og_title":"Manteau imperm\u00e9able Confort Loft Kurgo Mat\u00e9riel - V\u00e9torino","og_description":"D&eacute;couvrez la veste isolante tout-en-un, &agrave; tout faire ! Con&ccedil;u pour les jours ensoleill&eacute;s, les jours pluvieux et tout le reste,","og_url":"https:\/\/www.vetorino.com\/veterinaire\/lyon-69006\/boutique\/product\/manteau-impermeable-confort-loft-kurgo\/","og_site_name":"V\u00e9torino","article_publisher":"https:\/\/www.facebook.com\/Vetorino\/","article_modified_time":"2026-04-04T07:41:20+00:00","og_image":[{"width":400,"height":400,"url":"https:\/\/www.vetorino.com\/boutique\/wp-content\/uploads\/2020\/11\/FilsMAN874FormatMediumTypeIM.png","type":"image\/png"}],"twitter_card":"summary_large_image","twitter_misc":{"Disponibilit\u00e9":"En stock"},"schema":{"@context":"https:\/\/schema.org","@graph":[{"@type":"WebPage","@id":"https:\/\/www.vetorino.com\/boutique\/product\/manteau-impermeable-confort-loft-kurgo\/","url":"https:\/\/www.vetorino.com\/boutique\/product\/manteau-impermeable-confort-loft-kurgo\/","name":"Manteau imperm\u00e9able Confort Loft Kurgo Mat\u00e9riel - V\u00e9torino","isPartOf":{"@id":"https:\/\/www.vetorino.com\/boutique\/#website"},"primaryImageOfPage":{"@id":"https:\/\/www.vetorino.com\/boutique\/product\/manteau-impermeable-confort-loft-kurgo\/#primaryimage"},"image":{"@id":"https:\/\/www.vetorino.com\/boutique\/product\/manteau-impermeable-confort-loft-kurgo\/#primaryimage"},"thumbnailUrl":"https:\/\/www.vetorino.com\/boutique\/wp-content\/uploads\/2020\/11\/FilsMAN874FormatMediumTypeIM.png","datePublished":"2020-11-25T18:58:42+00:00","dateModified":"2026-04-04T07:41:20+00:00","description":"D&eacute;couvrez la veste isolante tout-en-un, &agrave; tout faire ! Con&ccedil;u pour les jours ensoleill&eacute;s, les jours pluvieux et tout le reste,","breadcrumb":{"@id":"https:\/\/www.vetorino.com\/boutique\/product\/manteau-impermeable-confort-loft-kurgo\/#breadcrumb"},"inLanguage":"fr-FR","potentialAction":[{"@type":"ReadAction","target":["https:\/\/www.vetorino.com\/boutique\/product\/manteau-impermeable-confort-loft-kurgo\/"]}]},{"@type":"ImageObject","inLanguage":"fr-FR","@id":"https:\/\/www.vetorino.com\/boutique\/product\/manteau-impermeable-confort-loft-kurgo\/#primaryimage","url":"https:\/\/www.vetorino.com\/boutique\/wp-content\/uploads\/2020\/11\/FilsMAN874FormatMediumTypeIM.png","contentUrl":"https:\/\/www.vetorino.com\/boutique\/wp-content\/uploads\/2020\/11\/FilsMAN874FormatMediumTypeIM.png","width":400,"height":400},{"@type":"BreadcrumbList","@id":"https:\/\/www.vetorino.com\/boutique\/product\/manteau-impermeable-confort-loft-kurgo\/#breadcrumb","itemListElement":[{"@type":"ListItem","position":1,"name":"Accueil","item":"https:\/\/www.vetorino.com\/boutique\/"},{"@type":"ListItem","position":2,"name":"Produits","item":"https:\/\/www.vetorino.com\/boutique\/"},{"@type":"ListItem","position":3,"name":"Manteau imperm\u00e9able Confort Loft Kurgo"}]},{"@type":"WebSite","@id":"https:\/\/www.vetorino.com\/boutique\/#website","url":"https:\/\/www.vetorino.com\/boutique\/","name":"V\u00e9torino","description":"","publisher":{"@id":"https:\/\/www.vetorino.com\/boutique\/#organization"},"potentialAction":[{"@type":"SearchAction","target":{"@type":"EntryPoint","urlTemplate":"https:\/\/www.vetorino.com\/boutique\/?s={search_term_string}"},"query-input":{"@type":"PropertyValueSpecification","valueRequired":true,"valueName":"search_term_string"}}],"inLanguage":"fr-FR"},{"@type":"Organization","@id":"https:\/\/www.vetorino.com\/boutique\/#organization","name":"V\u00e9torino","url":"https:\/\/www.vetorino.com\/boutique\/","logo":{"@type":"ImageObject","inLanguage":"fr-FR","@id":"https:\/\/www.vetorino.com\/boutique\/#\/schema\/logo\/image\/","url":"https:\/\/www.vetorino.com\/boutique\/wp-content\/uploads\/2024\/10\/logo.jpg","contentUrl":"https:\/\/www.vetorino.com\/boutique\/wp-content\/uploads\/2024\/10\/logo.jpg","width":1200,"height":610,"caption":"V\u00e9torino"},"image":{"@id":"https:\/\/www.vetorino.com\/boutique\/#\/schema\/logo\/image\/"},"sameAs":["https:\/\/www.facebook.com\/Vetorino\/","https:\/\/www.instagram.com\/vetorino_off\/","https:\/\/www.linkedin.com\/company\/vtorino\/"]}]},"product_brand":"Mat\u00e9riel","og_availability":"instock","product_availability":"instock","product_condition":"new"},"_links":{"self":[{"href":"https:\/\/www.vetorino.com\/veterinaire\/lyon-69006\/boutique\/wp-json\/wp\/v2\/product\/130039","targetHints":{"allow":["GET"]}}],"collection":[{"href":"https:\/\/www.vetorino.com\/veterinaire\/lyon-69006\/boutique\/wp-json\/wp\/v2\/product"}],"about":[{"href":"https:\/\/www.vetorino.com\/veterinaire\/lyon-69006\/boutique\/wp-json\/wp\/v2\/types\/product"}],"wp:featuredmedia":[{"embeddable":true,"href":"https:\/\/www.vetorino.com\/veterinaire\/lyon-69006\/boutique\/wp-json\/wp\/v2\/media\/130038"}],"wp:attachment":[{"href":"https:\/\/www.vetorino.com\/veterinaire\/lyon-69006\/boutique\/wp-json\/wp\/v2\/media?parent=130039"}],"wp:term":[{"taxonomy":"product_cat","embeddable":true,"href":"https:\/\/www.vetorino.com\/veterinaire\/lyon-69006\/boutique\/wp-json\/wp\/v2\/product_cat?post=130039"},{"taxonomy":"product_tag","embeddable":true,"href":"https:\/\/www.vetorino.com\/veterinaire\/lyon-69006\/boutique\/wp-json\/wp\/v2\/product_tag?post=130039"}],"curies":[{"name":"wp","href":"https:\/\/api.w.org\/{rel}","templated":true}]}}