{"id":89448,"date":"2020-06-26T03:11:40","date_gmt":"2020-06-26T01:11:40","guid":{"rendered":"https:\/\/www.vetorino.com\/boutique\/product\/anti-germ-iofilm\/"},"modified":"2022-01-28T00:06:45","modified_gmt":"2022-01-27T23:06:45","slug":"anti-germ-iofilm","status":"publish","type":"product","link":"https:\/\/www.vetorino.com\/veterinaire\/lyon-69006\/boutique\/product\/anti-germ-iofilm\/","title":{"rendered":"Anti-Germ Iofilm"},"content":{"rendered":"<div class='hidden'>KERSIA HYPRED<\/div>\n<div class='hidden'>Bovins<\/div>\n<div class='hidden'>Produits d&#8217;hygi\u00e8ne<\/div>\n<p>Gel d\u00e9sinfectant iod\u00e9 pour la protection des trayons. Son principe actif iod\u00e9 lui conf\u00e8re une tr\u00e8s bonne efficacit\u00e9 d\u00e9sinfectante. Particuli\u00e8rement adapt\u00e9 pour pr\u00e9venir la mammite bovine. Son film souple assure une protection prolong\u00e9e apr\u00e8s la traite. Ses agents cosm\u00e9tiques lui conf\u00e8rent des propri\u00e9t\u00e9s hydratantes, adoucissantes, surgraissantes, protectrices et r\u00e9paratrices pour les couches superficielles de la peau. Appliquer pur apr\u00e8s la traite par trempage des trayons.<\/p>\n","protected":false},"excerpt":{"rendered":"<p>KERSIA HYPRED Bovins Produits d&#8217;hygi\u00e8ne Gel d\u00e9sinfectant iod\u00e9 pour la protection des trayons. Son principe actif iod\u00e9 lui conf\u00e8re une tr\u00e8s bonne efficacit\u00e9 d\u00e9sinfectante. Particuli\u00e8rement adapt\u00e9 pour pr\u00e9venir la mammite bovine. Son film souple assure une protection prolong\u00e9e apr\u00e8s la traite. Ses agents cosm\u00e9tiques lui conf\u00e8rent des propri\u00e9t\u00e9s hydratantes, adoucissantes, surgraissantes, protectrices et r\u00e9paratrices pour [&hellip;]<\/p>\n","protected":false},"featured_media":89447,"template":"","meta":[],"product_cat":[6864,6870],"product_tag":[],"class_list":{"0":"post-89448","1":"product","2":"type-product","3":"status-publish","4":"has-post-thumbnail","6":"product_cat-animaux-delevage","7":"product_cat-bovins","8":"pa_marque-kersia-hypred","10":"first","11":"outofstock","12":"taxable","13":"shipping-taxable","14":"purchasable","15":"product-type-simple"},"yoast_head":"<!-- This site is optimized with the Yoast SEO plugin v27.3 - https:\/\/yoast.com\/product\/yoast-seo-wordpress\/ -->\n<title>Anti-Germ Iofilm KERSIA HYPRED - V\u00e9torino<\/title>\n<meta name=\"description\" content=\"KERSIA HYPREDBovinsProduits d&#039;hygi\u00e8neGel d\u00e9sinfectant iod\u00e9 pour la protection des trayons. Son principe actif iod\u00e9 lui conf\u00e8re une tr\u00e8s bonne efficacit\u00e9\" \/>\n<meta name=\"robots\" content=\"noindex, nofollow\" \/>\n<meta property=\"og:locale\" content=\"fr_FR\" \/>\n<meta property=\"og:type\" content=\"article\" \/>\n<meta property=\"og:title\" content=\"Anti-Germ Iofilm KERSIA HYPRED - V\u00e9torino\" \/>\n<meta property=\"og:description\" content=\"KERSIA HYPREDBovinsProduits d&#039;hygi\u00e8neGel d\u00e9sinfectant iod\u00e9 pour la protection des trayons. Son principe actif iod\u00e9 lui conf\u00e8re une tr\u00e8s bonne efficacit\u00e9\" \/>\n<meta property=\"og:url\" content=\"https:\/\/www.vetorino.com\/veterinaire\/lyon-69006\/boutique\/product\/anti-germ-iofilm\/\" \/>\n<meta property=\"og:site_name\" content=\"V\u00e9torino\" \/>\n<meta property=\"article:publisher\" content=\"https:\/\/www.facebook.com\/Vetorino\/\" \/>\n<meta property=\"article:modified_time\" content=\"2022-01-27T23:06:45+00:00\" \/>\n<meta property=\"og:image\" content=\"https:\/\/www.vetorino.com\/boutique\/wp-content\/uploads\/2020\/06\/FilsANT023FormatMediumTypeIM-3.png\" \/>\n\t<meta property=\"og:image:width\" content=\"400\" \/>\n\t<meta property=\"og:image:height\" content=\"400\" \/>\n\t<meta property=\"og:image:type\" content=\"image\/png\" \/>\n<meta name=\"twitter:card\" content=\"summary_large_image\" \/>\n<meta name=\"twitter:label1\" content=\"Prix\" \/>\n\t<meta name=\"twitter:data1\" content=\"46,46&euro;\" \/>\n\t<meta name=\"twitter:label2\" content=\"Disponibilit\u00e9\" \/>\n\t<meta name=\"twitter:data2\" content=\"Rupture de stock\" \/>\n<script type=\"application\/ld+json\" class=\"yoast-schema-graph\">{\"@context\":\"https:\\\/\\\/schema.org\",\"@graph\":[{\"@type\":\"WebPage\",\"@id\":\"https:\\\/\\\/www.vetorino.com\\\/boutique\\\/product\\\/anti-germ-iofilm\\\/\",\"url\":\"https:\\\/\\\/www.vetorino.com\\\/boutique\\\/product\\\/anti-germ-iofilm\\\/\",\"name\":\"Anti-Germ Iofilm KERSIA HYPRED - V\u00e9torino\",\"isPartOf\":{\"@id\":\"https:\\\/\\\/www.vetorino.com\\\/boutique\\\/#website\"},\"primaryImageOfPage\":{\"@id\":\"https:\\\/\\\/www.vetorino.com\\\/boutique\\\/product\\\/anti-germ-iofilm\\\/#primaryimage\"},\"image\":{\"@id\":\"https:\\\/\\\/www.vetorino.com\\\/boutique\\\/product\\\/anti-germ-iofilm\\\/#primaryimage\"},\"thumbnailUrl\":\"https:\\\/\\\/www.vetorino.com\\\/boutique\\\/wp-content\\\/uploads\\\/2020\\\/06\\\/FilsANT023FormatMediumTypeIM-3.png\",\"datePublished\":\"2020-06-26T01:11:40+00:00\",\"dateModified\":\"2022-01-27T23:06:45+00:00\",\"description\":\"KERSIA HYPREDBovinsProduits d'hygi\u00e8neGel d\u00e9sinfectant iod\u00e9 pour la protection des trayons. Son principe actif iod\u00e9 lui conf\u00e8re une tr\u00e8s bonne efficacit\u00e9\",\"breadcrumb\":{\"@id\":\"https:\\\/\\\/www.vetorino.com\\\/boutique\\\/product\\\/anti-germ-iofilm\\\/#breadcrumb\"},\"inLanguage\":\"fr-FR\",\"potentialAction\":[{\"@type\":\"ReadAction\",\"target\":[\"https:\\\/\\\/www.vetorino.com\\\/boutique\\\/product\\\/anti-germ-iofilm\\\/\"]}]},{\"@type\":\"ImageObject\",\"inLanguage\":\"fr-FR\",\"@id\":\"https:\\\/\\\/www.vetorino.com\\\/boutique\\\/product\\\/anti-germ-iofilm\\\/#primaryimage\",\"url\":\"https:\\\/\\\/www.vetorino.com\\\/boutique\\\/wp-content\\\/uploads\\\/2020\\\/06\\\/FilsANT023FormatMediumTypeIM-3.png\",\"contentUrl\":\"https:\\\/\\\/www.vetorino.com\\\/boutique\\\/wp-content\\\/uploads\\\/2020\\\/06\\\/FilsANT023FormatMediumTypeIM-3.png\",\"width\":400,\"height\":400},{\"@type\":\"BreadcrumbList\",\"@id\":\"https:\\\/\\\/www.vetorino.com\\\/boutique\\\/product\\\/anti-germ-iofilm\\\/#breadcrumb\",\"itemListElement\":[{\"@type\":\"ListItem\",\"position\":1,\"name\":\"Accueil\",\"item\":\"https:\\\/\\\/www.vetorino.com\\\/boutique\\\/\"},{\"@type\":\"ListItem\",\"position\":2,\"name\":\"Produits\",\"item\":\"https:\\\/\\\/www.vetorino.com\\\/boutique\\\/\"},{\"@type\":\"ListItem\",\"position\":3,\"name\":\"Anti-Germ Iofilm\"}]},{\"@type\":\"WebSite\",\"@id\":\"https:\\\/\\\/www.vetorino.com\\\/boutique\\\/#website\",\"url\":\"https:\\\/\\\/www.vetorino.com\\\/boutique\\\/\",\"name\":\"V\u00e9torino\",\"description\":\"\",\"publisher\":{\"@id\":\"https:\\\/\\\/www.vetorino.com\\\/boutique\\\/#organization\"},\"potentialAction\":[{\"@type\":\"SearchAction\",\"target\":{\"@type\":\"EntryPoint\",\"urlTemplate\":\"https:\\\/\\\/www.vetorino.com\\\/boutique\\\/?s={search_term_string}\"},\"query-input\":{\"@type\":\"PropertyValueSpecification\",\"valueRequired\":true,\"valueName\":\"search_term_string\"}}],\"inLanguage\":\"fr-FR\"},{\"@type\":\"Organization\",\"@id\":\"https:\\\/\\\/www.vetorino.com\\\/boutique\\\/#organization\",\"name\":\"V\u00e9torino\",\"url\":\"https:\\\/\\\/www.vetorino.com\\\/boutique\\\/\",\"logo\":{\"@type\":\"ImageObject\",\"inLanguage\":\"fr-FR\",\"@id\":\"https:\\\/\\\/www.vetorino.com\\\/boutique\\\/#\\\/schema\\\/logo\\\/image\\\/\",\"url\":\"https:\\\/\\\/www.vetorino.com\\\/boutique\\\/wp-content\\\/uploads\\\/2024\\\/10\\\/logo.jpg\",\"contentUrl\":\"https:\\\/\\\/www.vetorino.com\\\/boutique\\\/wp-content\\\/uploads\\\/2024\\\/10\\\/logo.jpg\",\"width\":1200,\"height\":610,\"caption\":\"V\u00e9torino\"},\"image\":{\"@id\":\"https:\\\/\\\/www.vetorino.com\\\/boutique\\\/#\\\/schema\\\/logo\\\/image\\\/\"},\"sameAs\":[\"https:\\\/\\\/www.facebook.com\\\/Vetorino\\\/\",\"https:\\\/\\\/www.instagram.com\\\/vetorino_off\\\/\",\"https:\\\/\\\/www.linkedin.com\\\/company\\\/vtorino\\\/\"]}]}<\/script>\n<meta property=\"product:brand\" content=\"KERSIA HYPRED\" \/>\n<meta property=\"product:price:amount\" content=\"46.46\" \/>\n<meta property=\"product:price:currency\" content=\"EUR\" \/>\n<meta property=\"og:availability\" content=\"out of stock\" \/>\n<meta property=\"product:availability\" content=\"out of stock\" \/>\n<meta property=\"product:retailer_item_id\" content=\"C-ANT023\" \/>\n<meta property=\"product:condition\" content=\"new\" \/>\n<!-- \/ Yoast SEO plugin. -->","yoast_head_json":{"title":"Anti-Germ Iofilm KERSIA HYPRED - V\u00e9torino","description":"KERSIA HYPREDBovinsProduits d'hygi\u00e8neGel d\u00e9sinfectant iod\u00e9 pour la protection des trayons. Son principe actif iod\u00e9 lui conf\u00e8re une tr\u00e8s bonne efficacit\u00e9","robots":{"index":"noindex","follow":"nofollow"},"og_locale":"fr_FR","og_type":"article","og_title":"Anti-Germ Iofilm KERSIA HYPRED - V\u00e9torino","og_description":"KERSIA HYPREDBovinsProduits d'hygi\u00e8neGel d\u00e9sinfectant iod\u00e9 pour la protection des trayons. Son principe actif iod\u00e9 lui conf\u00e8re une tr\u00e8s bonne efficacit\u00e9","og_url":"https:\/\/www.vetorino.com\/veterinaire\/lyon-69006\/boutique\/product\/anti-germ-iofilm\/","og_site_name":"V\u00e9torino","article_publisher":"https:\/\/www.facebook.com\/Vetorino\/","article_modified_time":"2022-01-27T23:06:45+00:00","og_image":[{"width":400,"height":400,"url":"https:\/\/www.vetorino.com\/boutique\/wp-content\/uploads\/2020\/06\/FilsANT023FormatMediumTypeIM-3.png","type":"image\/png"}],"twitter_card":"summary_large_image","twitter_misc":{"Prix":"46,46&euro;","Disponibilit\u00e9":"Rupture de stock"},"schema":{"@context":"https:\/\/schema.org","@graph":[{"@type":"WebPage","@id":"https:\/\/www.vetorino.com\/boutique\/product\/anti-germ-iofilm\/","url":"https:\/\/www.vetorino.com\/boutique\/product\/anti-germ-iofilm\/","name":"Anti-Germ Iofilm KERSIA HYPRED - V\u00e9torino","isPartOf":{"@id":"https:\/\/www.vetorino.com\/boutique\/#website"},"primaryImageOfPage":{"@id":"https:\/\/www.vetorino.com\/boutique\/product\/anti-germ-iofilm\/#primaryimage"},"image":{"@id":"https:\/\/www.vetorino.com\/boutique\/product\/anti-germ-iofilm\/#primaryimage"},"thumbnailUrl":"https:\/\/www.vetorino.com\/boutique\/wp-content\/uploads\/2020\/06\/FilsANT023FormatMediumTypeIM-3.png","datePublished":"2020-06-26T01:11:40+00:00","dateModified":"2022-01-27T23:06:45+00:00","description":"KERSIA HYPREDBovinsProduits d'hygi\u00e8neGel d\u00e9sinfectant iod\u00e9 pour la protection des trayons. Son principe actif iod\u00e9 lui conf\u00e8re une tr\u00e8s bonne efficacit\u00e9","breadcrumb":{"@id":"https:\/\/www.vetorino.com\/boutique\/product\/anti-germ-iofilm\/#breadcrumb"},"inLanguage":"fr-FR","potentialAction":[{"@type":"ReadAction","target":["https:\/\/www.vetorino.com\/boutique\/product\/anti-germ-iofilm\/"]}]},{"@type":"ImageObject","inLanguage":"fr-FR","@id":"https:\/\/www.vetorino.com\/boutique\/product\/anti-germ-iofilm\/#primaryimage","url":"https:\/\/www.vetorino.com\/boutique\/wp-content\/uploads\/2020\/06\/FilsANT023FormatMediumTypeIM-3.png","contentUrl":"https:\/\/www.vetorino.com\/boutique\/wp-content\/uploads\/2020\/06\/FilsANT023FormatMediumTypeIM-3.png","width":400,"height":400},{"@type":"BreadcrumbList","@id":"https:\/\/www.vetorino.com\/boutique\/product\/anti-germ-iofilm\/#breadcrumb","itemListElement":[{"@type":"ListItem","position":1,"name":"Accueil","item":"https:\/\/www.vetorino.com\/boutique\/"},{"@type":"ListItem","position":2,"name":"Produits","item":"https:\/\/www.vetorino.com\/boutique\/"},{"@type":"ListItem","position":3,"name":"Anti-Germ Iofilm"}]},{"@type":"WebSite","@id":"https:\/\/www.vetorino.com\/boutique\/#website","url":"https:\/\/www.vetorino.com\/boutique\/","name":"V\u00e9torino","description":"","publisher":{"@id":"https:\/\/www.vetorino.com\/boutique\/#organization"},"potentialAction":[{"@type":"SearchAction","target":{"@type":"EntryPoint","urlTemplate":"https:\/\/www.vetorino.com\/boutique\/?s={search_term_string}"},"query-input":{"@type":"PropertyValueSpecification","valueRequired":true,"valueName":"search_term_string"}}],"inLanguage":"fr-FR"},{"@type":"Organization","@id":"https:\/\/www.vetorino.com\/boutique\/#organization","name":"V\u00e9torino","url":"https:\/\/www.vetorino.com\/boutique\/","logo":{"@type":"ImageObject","inLanguage":"fr-FR","@id":"https:\/\/www.vetorino.com\/boutique\/#\/schema\/logo\/image\/","url":"https:\/\/www.vetorino.com\/boutique\/wp-content\/uploads\/2024\/10\/logo.jpg","contentUrl":"https:\/\/www.vetorino.com\/boutique\/wp-content\/uploads\/2024\/10\/logo.jpg","width":1200,"height":610,"caption":"V\u00e9torino"},"image":{"@id":"https:\/\/www.vetorino.com\/boutique\/#\/schema\/logo\/image\/"},"sameAs":["https:\/\/www.facebook.com\/Vetorino\/","https:\/\/www.instagram.com\/vetorino_off\/","https:\/\/www.linkedin.com\/company\/vtorino\/"]}]},"product_brand":"KERSIA HYPRED","product_price_amount":"46.46","product_price_currency":"EUR","og_availability":"out of stock","product_availability":"out of stock","product_retailer_item_id":"C-ANT023","product_condition":"new"},"_links":{"self":[{"href":"https:\/\/www.vetorino.com\/veterinaire\/lyon-69006\/boutique\/wp-json\/wp\/v2\/product\/89448","targetHints":{"allow":["GET"]}}],"collection":[{"href":"https:\/\/www.vetorino.com\/veterinaire\/lyon-69006\/boutique\/wp-json\/wp\/v2\/product"}],"about":[{"href":"https:\/\/www.vetorino.com\/veterinaire\/lyon-69006\/boutique\/wp-json\/wp\/v2\/types\/product"}],"wp:featuredmedia":[{"embeddable":true,"href":"https:\/\/www.vetorino.com\/veterinaire\/lyon-69006\/boutique\/wp-json\/wp\/v2\/media\/89447"}],"wp:attachment":[{"href":"https:\/\/www.vetorino.com\/veterinaire\/lyon-69006\/boutique\/wp-json\/wp\/v2\/media?parent=89448"}],"wp:term":[{"taxonomy":"product_cat","embeddable":true,"href":"https:\/\/www.vetorino.com\/veterinaire\/lyon-69006\/boutique\/wp-json\/wp\/v2\/product_cat?post=89448"},{"taxonomy":"product_tag","embeddable":true,"href":"https:\/\/www.vetorino.com\/veterinaire\/lyon-69006\/boutique\/wp-json\/wp\/v2\/product_tag?post=89448"}],"curies":[{"name":"wp","href":"https:\/\/api.w.org\/{rel}","templated":true}]}}