{"id":906308,"date":"2024-04-26T17:37:35","date_gmt":"2024-04-26T15:37:35","guid":{"rendered":"https:\/\/www.vetorino.com\/boutique\/product\/jouet-chat-wouapy-balle-en-matatabi\/"},"modified":"2026-02-02T02:42:15","modified_gmt":"2026-02-02T01:42:15","slug":"jouet-chat-wouapy-balle-en-matatabi","status":"publish","type":"product","link":"https:\/\/www.vetorino.com\/veterinaire\/lyon-69006\/boutique\/product\/jouet-chat-wouapy-balle-en-matatabi\/","title":{"rendered":"Jouet chat balle en matatabi"},"content":{"rendered":"<p>Offrez un peu d&#8217;exercice ludique \u00e0 votre chat ! Ce jouet en forme de balle, compos\u00e9 de bois de matatabi et d\u2019herbe \u00e0 chat (100% naturel) constitue un moyen d&#8217;amuser votre chat tout en favorisant son hygi\u00e8ne bucco-dentaire. D&#8217;autres mod\u00e8les sont disponibles dans la m\u00eame gamme.<\/p>\n<ul>\n<li class=\"product-description-texte\">Stimulez l&#8217;exercice physique de votre chat d&#8217;int\u00e9rieur pour son bien-\u00eatre mais aussi pour sa sant\u00e9. L&#8217;exercice physique permet de limiter la prise de poids des chats qui n&#8217;ont pas acc\u00e8s \u00e0 un ext\u00e9rieur<\/li>\n<li class=\"product-description-texte\">Le matatabi est une plante grimpante (de la m\u00eame famille que le kiwi) dont la plupart des chats raffolent. Aussi appel\u00e9e \u00abvigne argent\u00e9e\u00bb, elle a sur eux le m\u00eame effet que l\u2019herbe \u00e0 chat.<\/li>\n<\/ul>\n","protected":false},"excerpt":{"rendered":"<p>Le matatabi est une plante grimpante chinoise similaire \u00e0 l&#8217;herbe \u00e0 chat, elle va stimuler l&#8217;int\u00e9r\u00eat des f\u00e9lins pendant de longues minutes, la plupart des chats en raffolent.<br \/>\nCe jouet est pens\u00e9 pour \u00eatre chass\u00e9 puis m\u00e2ch\u00e9.<\/p>\n","protected":false},"featured_media":908536,"template":"","meta":[],"product_cat":[12548,2697,12609,12560,12620],"product_tag":[],"class_list":{"0":"post-906308","1":"product","2":"type-product","3":"status-publish","4":"has-post-thumbnail","6":"product_cat-accessoire-du-chat","7":"product_cat-chat","8":"product_cat-hygiene-bucco-dentaire-du-chat","9":"product_cat-hygiene-du-chat","10":"product_cat-jeux-educatifs-pour-chat","11":"pa_marque-wouapy","13":"first","14":"instock","15":"taxable","16":"shipping-taxable","17":"purchasable","18":"product-type-simple"},"yoast_head":"<!-- This site is optimized with the Yoast SEO plugin v27.3 - https:\/\/yoast.com\/product\/yoast-seo-wordpress\/ -->\n<title>Jouet chat balle en matatabi Wouapy - V\u00e9torino<\/title>\n<meta name=\"description\" content=\"Le matatabi est une plante grimpante chinoise similaire \u00e0 l&#039;herbe \u00e0 chat, elle va stimuler l&#039;int\u00e9r\u00eat des f\u00e9lins pendant de longues minutes, la plupart des chats en raffolent. Ce jouet est pens\u00e9 pour \u00eatre chass\u00e9 puis m\u00e2ch\u00e9.\" \/>\n<meta name=\"robots\" content=\"noindex, nofollow\" \/>\n<meta property=\"og:locale\" content=\"fr_FR\" \/>\n<meta property=\"og:type\" content=\"article\" \/>\n<meta property=\"og:title\" content=\"Jouet chat balle en matatabi Wouapy - V\u00e9torino\" \/>\n<meta property=\"og:description\" content=\"Le matatabi est une plante grimpante chinoise similaire \u00e0 l&#039;herbe \u00e0 chat, elle va stimuler l&#039;int\u00e9r\u00eat des f\u00e9lins pendant de longues minutes, la plupart des chats en raffolent. Ce jouet est pens\u00e9 pour \u00eatre chass\u00e9 puis m\u00e2ch\u00e9.\" \/>\n<meta property=\"og:url\" content=\"https:\/\/www.vetorino.com\/veterinaire\/lyon-69006\/boutique\/product\/jouet-chat-wouapy-balle-en-matatabi\/\" \/>\n<meta property=\"og:site_name\" content=\"V\u00e9torino\" \/>\n<meta property=\"article:publisher\" content=\"https:\/\/www.facebook.com\/Vetorino\/\" \/>\n<meta property=\"article:modified_time\" content=\"2026-02-02T01:42:15+00:00\" \/>\n<meta property=\"og:image\" content=\"https:\/\/www.vetorino.com\/boutique\/wp-content\/uploads\/2024\/04\/825308_001.jpg\" \/>\n\t<meta property=\"og:image:width\" content=\"1000\" \/>\n\t<meta property=\"og:image:height\" content=\"1000\" \/>\n\t<meta property=\"og:image:type\" content=\"image\/jpeg\" \/>\n<meta name=\"twitter:card\" content=\"summary_large_image\" \/>\n<meta name=\"twitter:label1\" content=\"Prix\" \/>\n\t<meta name=\"twitter:data1\" content=\"2,14&euro;\" \/>\n\t<meta name=\"twitter:label2\" content=\"Disponibilit\u00e9\" \/>\n\t<meta name=\"twitter:data2\" content=\"En stock\" \/>\n<script type=\"application\/ld+json\" class=\"yoast-schema-graph\">{\"@context\":\"https:\\\/\\\/schema.org\",\"@graph\":[{\"@type\":\"WebPage\",\"@id\":\"https:\\\/\\\/www.vetorino.com\\\/boutique\\\/product\\\/jouet-chat-wouapy-balle-en-matatabi\\\/\",\"url\":\"https:\\\/\\\/www.vetorino.com\\\/boutique\\\/product\\\/jouet-chat-wouapy-balle-en-matatabi\\\/\",\"name\":\"Jouet chat balle en matatabi Wouapy - V\u00e9torino\",\"isPartOf\":{\"@id\":\"https:\\\/\\\/www.vetorino.com\\\/boutique\\\/#website\"},\"primaryImageOfPage\":{\"@id\":\"https:\\\/\\\/www.vetorino.com\\\/boutique\\\/product\\\/jouet-chat-wouapy-balle-en-matatabi\\\/#primaryimage\"},\"image\":{\"@id\":\"https:\\\/\\\/www.vetorino.com\\\/boutique\\\/product\\\/jouet-chat-wouapy-balle-en-matatabi\\\/#primaryimage\"},\"thumbnailUrl\":\"https:\\\/\\\/www.vetorino.com\\\/boutique\\\/wp-content\\\/uploads\\\/2024\\\/04\\\/825308_001.jpg\",\"datePublished\":\"2024-04-26T15:37:35+00:00\",\"dateModified\":\"2026-02-02T01:42:15+00:00\",\"description\":\"Le matatabi est une plante grimpante chinoise similaire \u00e0 l'herbe \u00e0 chat, elle va stimuler l'int\u00e9r\u00eat des f\u00e9lins pendant de longues minutes, la plupart des chats en raffolent. Ce jouet est pens\u00e9 pour \u00eatre chass\u00e9 puis m\u00e2ch\u00e9.\",\"breadcrumb\":{\"@id\":\"https:\\\/\\\/www.vetorino.com\\\/boutique\\\/product\\\/jouet-chat-wouapy-balle-en-matatabi\\\/#breadcrumb\"},\"inLanguage\":\"fr-FR\",\"potentialAction\":[{\"@type\":\"ReadAction\",\"target\":[\"https:\\\/\\\/www.vetorino.com\\\/boutique\\\/product\\\/jouet-chat-wouapy-balle-en-matatabi\\\/\"]}]},{\"@type\":\"ImageObject\",\"inLanguage\":\"fr-FR\",\"@id\":\"https:\\\/\\\/www.vetorino.com\\\/boutique\\\/product\\\/jouet-chat-wouapy-balle-en-matatabi\\\/#primaryimage\",\"url\":\"https:\\\/\\\/www.vetorino.com\\\/boutique\\\/wp-content\\\/uploads\\\/2024\\\/04\\\/825308_001.jpg\",\"contentUrl\":\"https:\\\/\\\/www.vetorino.com\\\/boutique\\\/wp-content\\\/uploads\\\/2024\\\/04\\\/825308_001.jpg\",\"width\":1000,\"height\":1000},{\"@type\":\"BreadcrumbList\",\"@id\":\"https:\\\/\\\/www.vetorino.com\\\/boutique\\\/product\\\/jouet-chat-wouapy-balle-en-matatabi\\\/#breadcrumb\",\"itemListElement\":[{\"@type\":\"ListItem\",\"position\":1,\"name\":\"Accueil\",\"item\":\"https:\\\/\\\/www.vetorino.com\\\/boutique\\\/\"},{\"@type\":\"ListItem\",\"position\":2,\"name\":\"Produits\",\"item\":\"https:\\\/\\\/www.vetorino.com\\\/boutique\\\/\"},{\"@type\":\"ListItem\",\"position\":3,\"name\":\"Jouet chat balle en matatabi\"}]},{\"@type\":\"WebSite\",\"@id\":\"https:\\\/\\\/www.vetorino.com\\\/boutique\\\/#website\",\"url\":\"https:\\\/\\\/www.vetorino.com\\\/boutique\\\/\",\"name\":\"V\u00e9torino\",\"description\":\"\",\"publisher\":{\"@id\":\"https:\\\/\\\/www.vetorino.com\\\/boutique\\\/#organization\"},\"potentialAction\":[{\"@type\":\"SearchAction\",\"target\":{\"@type\":\"EntryPoint\",\"urlTemplate\":\"https:\\\/\\\/www.vetorino.com\\\/boutique\\\/?s={search_term_string}\"},\"query-input\":{\"@type\":\"PropertyValueSpecification\",\"valueRequired\":true,\"valueName\":\"search_term_string\"}}],\"inLanguage\":\"fr-FR\"},{\"@type\":\"Organization\",\"@id\":\"https:\\\/\\\/www.vetorino.com\\\/boutique\\\/#organization\",\"name\":\"V\u00e9torino\",\"url\":\"https:\\\/\\\/www.vetorino.com\\\/boutique\\\/\",\"logo\":{\"@type\":\"ImageObject\",\"inLanguage\":\"fr-FR\",\"@id\":\"https:\\\/\\\/www.vetorino.com\\\/boutique\\\/#\\\/schema\\\/logo\\\/image\\\/\",\"url\":\"https:\\\/\\\/www.vetorino.com\\\/boutique\\\/wp-content\\\/uploads\\\/2024\\\/10\\\/logo.jpg\",\"contentUrl\":\"https:\\\/\\\/www.vetorino.com\\\/boutique\\\/wp-content\\\/uploads\\\/2024\\\/10\\\/logo.jpg\",\"width\":1200,\"height\":610,\"caption\":\"V\u00e9torino\"},\"image\":{\"@id\":\"https:\\\/\\\/www.vetorino.com\\\/boutique\\\/#\\\/schema\\\/logo\\\/image\\\/\"},\"sameAs\":[\"https:\\\/\\\/www.facebook.com\\\/Vetorino\\\/\",\"https:\\\/\\\/www.instagram.com\\\/vetorino_off\\\/\",\"https:\\\/\\\/www.linkedin.com\\\/company\\\/vtorino\\\/\"]}]}<\/script>\n<meta property=\"product:brand\" content=\"Wouapy\" \/>\n<meta property=\"product:price:amount\" content=\"2.14\" \/>\n<meta property=\"product:price:currency\" content=\"EUR\" \/>\n<meta property=\"og:availability\" content=\"instock\" \/>\n<meta property=\"product:availability\" content=\"instock\" \/>\n<meta property=\"product:retailer_item_id\" content=\"C-JOU316\" \/>\n<meta property=\"product:condition\" content=\"new\" \/>\n<!-- \/ Yoast SEO plugin. -->","yoast_head_json":{"title":"Jouet chat balle en matatabi Wouapy - V\u00e9torino","description":"Le matatabi est une plante grimpante chinoise similaire \u00e0 l'herbe \u00e0 chat, elle va stimuler l'int\u00e9r\u00eat des f\u00e9lins pendant de longues minutes, la plupart des chats en raffolent. Ce jouet est pens\u00e9 pour \u00eatre chass\u00e9 puis m\u00e2ch\u00e9.","robots":{"index":"noindex","follow":"nofollow"},"og_locale":"fr_FR","og_type":"article","og_title":"Jouet chat balle en matatabi Wouapy - V\u00e9torino","og_description":"Le matatabi est une plante grimpante chinoise similaire \u00e0 l'herbe \u00e0 chat, elle va stimuler l'int\u00e9r\u00eat des f\u00e9lins pendant de longues minutes, la plupart des chats en raffolent. Ce jouet est pens\u00e9 pour \u00eatre chass\u00e9 puis m\u00e2ch\u00e9.","og_url":"https:\/\/www.vetorino.com\/veterinaire\/lyon-69006\/boutique\/product\/jouet-chat-wouapy-balle-en-matatabi\/","og_site_name":"V\u00e9torino","article_publisher":"https:\/\/www.facebook.com\/Vetorino\/","article_modified_time":"2026-02-02T01:42:15+00:00","og_image":[{"width":1000,"height":1000,"url":"https:\/\/www.vetorino.com\/boutique\/wp-content\/uploads\/2024\/04\/825308_001.jpg","type":"image\/jpeg"}],"twitter_card":"summary_large_image","twitter_misc":{"Prix":"2,14&euro;","Disponibilit\u00e9":"En stock"},"schema":{"@context":"https:\/\/schema.org","@graph":[{"@type":"WebPage","@id":"https:\/\/www.vetorino.com\/boutique\/product\/jouet-chat-wouapy-balle-en-matatabi\/","url":"https:\/\/www.vetorino.com\/boutique\/product\/jouet-chat-wouapy-balle-en-matatabi\/","name":"Jouet chat balle en matatabi Wouapy - V\u00e9torino","isPartOf":{"@id":"https:\/\/www.vetorino.com\/boutique\/#website"},"primaryImageOfPage":{"@id":"https:\/\/www.vetorino.com\/boutique\/product\/jouet-chat-wouapy-balle-en-matatabi\/#primaryimage"},"image":{"@id":"https:\/\/www.vetorino.com\/boutique\/product\/jouet-chat-wouapy-balle-en-matatabi\/#primaryimage"},"thumbnailUrl":"https:\/\/www.vetorino.com\/boutique\/wp-content\/uploads\/2024\/04\/825308_001.jpg","datePublished":"2024-04-26T15:37:35+00:00","dateModified":"2026-02-02T01:42:15+00:00","description":"Le matatabi est une plante grimpante chinoise similaire \u00e0 l'herbe \u00e0 chat, elle va stimuler l'int\u00e9r\u00eat des f\u00e9lins pendant de longues minutes, la plupart des chats en raffolent. Ce jouet est pens\u00e9 pour \u00eatre chass\u00e9 puis m\u00e2ch\u00e9.","breadcrumb":{"@id":"https:\/\/www.vetorino.com\/boutique\/product\/jouet-chat-wouapy-balle-en-matatabi\/#breadcrumb"},"inLanguage":"fr-FR","potentialAction":[{"@type":"ReadAction","target":["https:\/\/www.vetorino.com\/boutique\/product\/jouet-chat-wouapy-balle-en-matatabi\/"]}]},{"@type":"ImageObject","inLanguage":"fr-FR","@id":"https:\/\/www.vetorino.com\/boutique\/product\/jouet-chat-wouapy-balle-en-matatabi\/#primaryimage","url":"https:\/\/www.vetorino.com\/boutique\/wp-content\/uploads\/2024\/04\/825308_001.jpg","contentUrl":"https:\/\/www.vetorino.com\/boutique\/wp-content\/uploads\/2024\/04\/825308_001.jpg","width":1000,"height":1000},{"@type":"BreadcrumbList","@id":"https:\/\/www.vetorino.com\/boutique\/product\/jouet-chat-wouapy-balle-en-matatabi\/#breadcrumb","itemListElement":[{"@type":"ListItem","position":1,"name":"Accueil","item":"https:\/\/www.vetorino.com\/boutique\/"},{"@type":"ListItem","position":2,"name":"Produits","item":"https:\/\/www.vetorino.com\/boutique\/"},{"@type":"ListItem","position":3,"name":"Jouet chat balle en matatabi"}]},{"@type":"WebSite","@id":"https:\/\/www.vetorino.com\/boutique\/#website","url":"https:\/\/www.vetorino.com\/boutique\/","name":"V\u00e9torino","description":"","publisher":{"@id":"https:\/\/www.vetorino.com\/boutique\/#organization"},"potentialAction":[{"@type":"SearchAction","target":{"@type":"EntryPoint","urlTemplate":"https:\/\/www.vetorino.com\/boutique\/?s={search_term_string}"},"query-input":{"@type":"PropertyValueSpecification","valueRequired":true,"valueName":"search_term_string"}}],"inLanguage":"fr-FR"},{"@type":"Organization","@id":"https:\/\/www.vetorino.com\/boutique\/#organization","name":"V\u00e9torino","url":"https:\/\/www.vetorino.com\/boutique\/","logo":{"@type":"ImageObject","inLanguage":"fr-FR","@id":"https:\/\/www.vetorino.com\/boutique\/#\/schema\/logo\/image\/","url":"https:\/\/www.vetorino.com\/boutique\/wp-content\/uploads\/2024\/10\/logo.jpg","contentUrl":"https:\/\/www.vetorino.com\/boutique\/wp-content\/uploads\/2024\/10\/logo.jpg","width":1200,"height":610,"caption":"V\u00e9torino"},"image":{"@id":"https:\/\/www.vetorino.com\/boutique\/#\/schema\/logo\/image\/"},"sameAs":["https:\/\/www.facebook.com\/Vetorino\/","https:\/\/www.instagram.com\/vetorino_off\/","https:\/\/www.linkedin.com\/company\/vtorino\/"]}]},"product_brand":"Wouapy","product_price_amount":"2.14","product_price_currency":"EUR","og_availability":"instock","product_availability":"instock","product_retailer_item_id":"C-JOU316","product_condition":"new"},"_links":{"self":[{"href":"https:\/\/www.vetorino.com\/veterinaire\/lyon-69006\/boutique\/wp-json\/wp\/v2\/product\/906308","targetHints":{"allow":["GET"]}}],"collection":[{"href":"https:\/\/www.vetorino.com\/veterinaire\/lyon-69006\/boutique\/wp-json\/wp\/v2\/product"}],"about":[{"href":"https:\/\/www.vetorino.com\/veterinaire\/lyon-69006\/boutique\/wp-json\/wp\/v2\/types\/product"}],"wp:featuredmedia":[{"embeddable":true,"href":"https:\/\/www.vetorino.com\/veterinaire\/lyon-69006\/boutique\/wp-json\/wp\/v2\/media\/908536"}],"wp:attachment":[{"href":"https:\/\/www.vetorino.com\/veterinaire\/lyon-69006\/boutique\/wp-json\/wp\/v2\/media?parent=906308"}],"wp:term":[{"taxonomy":"product_cat","embeddable":true,"href":"https:\/\/www.vetorino.com\/veterinaire\/lyon-69006\/boutique\/wp-json\/wp\/v2\/product_cat?post=906308"},{"taxonomy":"product_tag","embeddable":true,"href":"https:\/\/www.vetorino.com\/veterinaire\/lyon-69006\/boutique\/wp-json\/wp\/v2\/product_tag?post=906308"}],"curies":[{"name":"wp","href":"https:\/\/api.w.org\/{rel}","templated":true}]}}