{"id":911500,"date":"2024-05-02T11:34:34","date_gmt":"2024-05-02T09:34:34","guid":{"rendered":"https:\/\/www.vetorino.com\/boutique\/product\/tapis-de-lechage-wouapy-a-ventouses\/"},"modified":"2026-02-22T12:13:42","modified_gmt":"2026-02-22T11:13:42","slug":"tapis-de-lechage-wouapy-a-ventouses","status":"publish","type":"product","link":"https:\/\/www.vetorino.com\/veterinaire\/lyon-69006\/boutique\/product\/tapis-de-lechage-wouapy-a-ventouses\/","title":{"rendered":"Tapis de l\u00e9chage \u00e0 ventouses"},"content":{"rendered":"<div class=\"zm-title\">\n<p><span style=\"font-size: 16px\">Le <\/span><b style=\"font-size: 16px\">Tapis \u00e0 l\u00e9cher pour chien et chat\u00a0<\/b><span style=\"font-size: 16px\">permet de distraire votre animal lorsqu\u2019il est seul, lorsque vous le lavez ou lorsque vous lui faites des soins (ex : coupe des griffes), ou qu\u2019il est expos\u00e9 \u00e0 toute autre situation pouvant le stresser.<\/span><\/p>\n<\/div>\n<div class=\"product-zmstylus mwct2\">\n<div id=\"DESCR_TINY-bloc-1\" class=\"stylusBloc stylusBloc--text\">\n<div class=\"stylusBloc__content\">\n<p>Cet accessoire est id\u00e9al pour occuper votre animal pendant un long moment. Le l\u00e9chage permet de manger lentement et r\u00e9duit ainsi les ballonnements, ce qui favorise\u00a0la lib\u00e9ration d\u2019endorphines qui contribuer \u00e0 calmer et r\u00e9duire l\u2019anxi\u00e9t\u00e9. De plus, le l\u00e9chage permet de produire de la salive et contribue ainsi \u00e0 la protection des dents et des gencives.<\/p>\n<p><b>Mode d&#8217;emploi<\/b>\u00a0:<br \/>\n&#8211; Fixez d\u2019abord votre tapis gr\u00e2ce aux ventouses (m\u00eame en position horizontale car cela minimisera les risques de glissement et renversement lors de l\u2019utilisation).<br \/>\n&#8211; Etalez ensuite l\u2019aliment pr\u00e9f\u00e9r\u00e9 de votre animal : p\u00e2tes \u00e0 tartiner pour animaux, fromages frais \u00e0 tartiner, yaourts natures, pur\u00e9es de fruits ou de l\u00e9gumes, etc&#8230; (Demandez l\u2019avis de votre v\u00e9t\u00e9rinaire pour savoir quel aliment correspondra le mieux \u00e0 votre animal)<br \/>\n&#8211; Vous pouvez \u00e9galement mettre le tapis au cong\u00e9lateur pour cr\u00e9er plus de surprise \u00e0 votre fid\u00e8le compagnon<\/p>\n<\/div>\n<\/div>\n<\/div>\n","protected":false},"excerpt":{"rendered":"<p>Le <b>Tapis \u00e0 l\u00e9cher pour chien et chat\u00a0<\/b>permet de distraire votre animal lorsqu\u2019il est seul, lorsque vous le lavez ou lorsque vous lui faites des soins (ex : coupe des griffes), ou qu\u2019il est expos\u00e9 \u00e0 toute autre situation pouvant le stresser.<\/p>\n","protected":false},"featured_media":603063,"template":"","meta":[],"product_cat":[12548,12550,2697,2698,12596,12606,12607],"product_tag":[],"class_list":{"0":"post-911500","1":"product","2":"type-product","3":"status-publish","4":"has-post-thumbnail","6":"product_cat-accessoire-du-chat","7":"product_cat-accessoires-du-chien","8":"product_cat-chat","9":"product_cat-chien","10":"product_cat-confort-du-chien","11":"product_cat-gamelles-pour-chat","12":"product_cat-gamelles-pour-chien","13":"pa_marque-wouapy","15":"first","16":"instock","17":"taxable","18":"shipping-taxable","19":"purchasable","20":"product-type-variable"},"yoast_head":"<!-- This site is optimized with the Yoast SEO plugin v27.3 - https:\/\/yoast.com\/product\/yoast-seo-wordpress\/ -->\n<title>Tapis de l\u00e9chage \u00e0 ventouses Wouapy - V\u00e9torino<\/title>\n<meta name=\"description\" content=\"Le Tapis \u00e0 l\u00e9cher pour chien et chat\u00a0permet de distraire votre animal lorsqu\u2019il est seul, lorsque vous le lavez ou lorsque vous lui faites des soins (ex : coupe des griffes), ou qu\u2019il est expos\u00e9 \u00e0 toute autre situation pouvant le stresser.\" \/>\n<meta name=\"robots\" content=\"noindex, nofollow\" \/>\n<meta property=\"og:locale\" content=\"fr_FR\" \/>\n<meta property=\"og:type\" content=\"article\" \/>\n<meta property=\"og:title\" content=\"Tapis de l\u00e9chage \u00e0 ventouses Wouapy - V\u00e9torino\" \/>\n<meta property=\"og:description\" content=\"Le Tapis \u00e0 l\u00e9cher pour chien et chat\u00a0permet de distraire votre animal lorsqu\u2019il est seul, lorsque vous le lavez ou lorsque vous lui faites des soins (ex : coupe des griffes), ou qu\u2019il est expos\u00e9 \u00e0 toute autre situation pouvant le stresser.\" \/>\n<meta property=\"og:url\" content=\"https:\/\/www.vetorino.com\/veterinaire\/lyon-69006\/boutique\/product\/tapis-de-lechage-wouapy-a-ventouses\/\" \/>\n<meta property=\"og:site_name\" content=\"V\u00e9torino\" \/>\n<meta property=\"article:publisher\" content=\"https:\/\/www.facebook.com\/Vetorino\/\" \/>\n<meta property=\"article:modified_time\" content=\"2026-02-22T11:13:42+00:00\" \/>\n<meta property=\"og:image\" content=\"https:\/\/www.vetorino.com\/boutique\/wp-content\/uploads\/2023\/04\/la_603d86ea612dec96096c5e0fcc8dd42ab6d1664875974.jpeg\" \/>\n\t<meta property=\"og:image:width\" content=\"1147\" \/>\n\t<meta property=\"og:image:height\" content=\"1200\" \/>\n\t<meta property=\"og:image:type\" content=\"image\/jpeg\" \/>\n<meta name=\"twitter:card\" content=\"summary_large_image\" \/>\n<meta name=\"twitter:label1\" content=\"Disponibilit\u00e9\" \/>\n\t<meta name=\"twitter:data1\" content=\"En stock\" \/>\n<script type=\"application\/ld+json\" class=\"yoast-schema-graph\">{\"@context\":\"https:\\\/\\\/schema.org\",\"@graph\":[{\"@type\":\"WebPage\",\"@id\":\"https:\\\/\\\/www.vetorino.com\\\/boutique\\\/product\\\/tapis-de-lechage-wouapy-a-ventouses\\\/\",\"url\":\"https:\\\/\\\/www.vetorino.com\\\/boutique\\\/product\\\/tapis-de-lechage-wouapy-a-ventouses\\\/\",\"name\":\"Tapis de l\u00e9chage \u00e0 ventouses Wouapy - V\u00e9torino\",\"isPartOf\":{\"@id\":\"https:\\\/\\\/www.vetorino.com\\\/boutique\\\/#website\"},\"primaryImageOfPage\":{\"@id\":\"https:\\\/\\\/www.vetorino.com\\\/boutique\\\/product\\\/tapis-de-lechage-wouapy-a-ventouses\\\/#primaryimage\"},\"image\":{\"@id\":\"https:\\\/\\\/www.vetorino.com\\\/boutique\\\/product\\\/tapis-de-lechage-wouapy-a-ventouses\\\/#primaryimage\"},\"thumbnailUrl\":\"https:\\\/\\\/www.vetorino.com\\\/boutique\\\/wp-content\\\/uploads\\\/2023\\\/04\\\/la_603d86ea612dec96096c5e0fcc8dd42ab6d1664875974.jpeg\",\"datePublished\":\"2024-05-02T09:34:34+00:00\",\"dateModified\":\"2026-02-22T11:13:42+00:00\",\"description\":\"Le Tapis \u00e0 l\u00e9cher pour chien et chat\u00a0permet de distraire votre animal lorsqu\u2019il est seul, lorsque vous le lavez ou lorsque vous lui faites des soins (ex : coupe des griffes), ou qu\u2019il est expos\u00e9 \u00e0 toute autre situation pouvant le stresser.\",\"breadcrumb\":{\"@id\":\"https:\\\/\\\/www.vetorino.com\\\/boutique\\\/product\\\/tapis-de-lechage-wouapy-a-ventouses\\\/#breadcrumb\"},\"inLanguage\":\"fr-FR\",\"potentialAction\":[{\"@type\":\"ReadAction\",\"target\":[\"https:\\\/\\\/www.vetorino.com\\\/boutique\\\/product\\\/tapis-de-lechage-wouapy-a-ventouses\\\/\"]}]},{\"@type\":\"ImageObject\",\"inLanguage\":\"fr-FR\",\"@id\":\"https:\\\/\\\/www.vetorino.com\\\/boutique\\\/product\\\/tapis-de-lechage-wouapy-a-ventouses\\\/#primaryimage\",\"url\":\"https:\\\/\\\/www.vetorino.com\\\/boutique\\\/wp-content\\\/uploads\\\/2023\\\/04\\\/la_603d86ea612dec96096c5e0fcc8dd42ab6d1664875974.jpeg\",\"contentUrl\":\"https:\\\/\\\/www.vetorino.com\\\/boutique\\\/wp-content\\\/uploads\\\/2023\\\/04\\\/la_603d86ea612dec96096c5e0fcc8dd42ab6d1664875974.jpeg\",\"width\":1147,\"height\":1200},{\"@type\":\"BreadcrumbList\",\"@id\":\"https:\\\/\\\/www.vetorino.com\\\/boutique\\\/product\\\/tapis-de-lechage-wouapy-a-ventouses\\\/#breadcrumb\",\"itemListElement\":[{\"@type\":\"ListItem\",\"position\":1,\"name\":\"Accueil\",\"item\":\"https:\\\/\\\/www.vetorino.com\\\/boutique\\\/\"},{\"@type\":\"ListItem\",\"position\":2,\"name\":\"Produits\",\"item\":\"https:\\\/\\\/www.vetorino.com\\\/boutique\\\/\"},{\"@type\":\"ListItem\",\"position\":3,\"name\":\"Tapis de l\u00e9chage \u00e0 ventouses\"}]},{\"@type\":\"WebSite\",\"@id\":\"https:\\\/\\\/www.vetorino.com\\\/boutique\\\/#website\",\"url\":\"https:\\\/\\\/www.vetorino.com\\\/boutique\\\/\",\"name\":\"V\u00e9torino\",\"description\":\"\",\"publisher\":{\"@id\":\"https:\\\/\\\/www.vetorino.com\\\/boutique\\\/#organization\"},\"potentialAction\":[{\"@type\":\"SearchAction\",\"target\":{\"@type\":\"EntryPoint\",\"urlTemplate\":\"https:\\\/\\\/www.vetorino.com\\\/boutique\\\/?s={search_term_string}\"},\"query-input\":{\"@type\":\"PropertyValueSpecification\",\"valueRequired\":true,\"valueName\":\"search_term_string\"}}],\"inLanguage\":\"fr-FR\"},{\"@type\":\"Organization\",\"@id\":\"https:\\\/\\\/www.vetorino.com\\\/boutique\\\/#organization\",\"name\":\"V\u00e9torino\",\"url\":\"https:\\\/\\\/www.vetorino.com\\\/boutique\\\/\",\"logo\":{\"@type\":\"ImageObject\",\"inLanguage\":\"fr-FR\",\"@id\":\"https:\\\/\\\/www.vetorino.com\\\/boutique\\\/#\\\/schema\\\/logo\\\/image\\\/\",\"url\":\"https:\\\/\\\/www.vetorino.com\\\/boutique\\\/wp-content\\\/uploads\\\/2024\\\/10\\\/logo.jpg\",\"contentUrl\":\"https:\\\/\\\/www.vetorino.com\\\/boutique\\\/wp-content\\\/uploads\\\/2024\\\/10\\\/logo.jpg\",\"width\":1200,\"height\":610,\"caption\":\"V\u00e9torino\"},\"image\":{\"@id\":\"https:\\\/\\\/www.vetorino.com\\\/boutique\\\/#\\\/schema\\\/logo\\\/image\\\/\"},\"sameAs\":[\"https:\\\/\\\/www.facebook.com\\\/Vetorino\\\/\",\"https:\\\/\\\/www.instagram.com\\\/vetorino_off\\\/\",\"https:\\\/\\\/www.linkedin.com\\\/company\\\/vtorino\\\/\"]}]}<\/script>\n<meta property=\"product:brand\" content=\"Wouapy\" \/>\n<meta property=\"og:availability\" content=\"instock\" \/>\n<meta property=\"product:availability\" content=\"instock\" \/>\n<meta property=\"product:condition\" content=\"new\" \/>\n<!-- \/ Yoast SEO plugin. -->","yoast_head_json":{"title":"Tapis de l\u00e9chage \u00e0 ventouses Wouapy - V\u00e9torino","description":"Le Tapis \u00e0 l\u00e9cher pour chien et chat\u00a0permet de distraire votre animal lorsqu\u2019il est seul, lorsque vous le lavez ou lorsque vous lui faites des soins (ex : coupe des griffes), ou qu\u2019il est expos\u00e9 \u00e0 toute autre situation pouvant le stresser.","robots":{"index":"noindex","follow":"nofollow"},"og_locale":"fr_FR","og_type":"article","og_title":"Tapis de l\u00e9chage \u00e0 ventouses Wouapy - V\u00e9torino","og_description":"Le Tapis \u00e0 l\u00e9cher pour chien et chat\u00a0permet de distraire votre animal lorsqu\u2019il est seul, lorsque vous le lavez ou lorsque vous lui faites des soins (ex : coupe des griffes), ou qu\u2019il est expos\u00e9 \u00e0 toute autre situation pouvant le stresser.","og_url":"https:\/\/www.vetorino.com\/veterinaire\/lyon-69006\/boutique\/product\/tapis-de-lechage-wouapy-a-ventouses\/","og_site_name":"V\u00e9torino","article_publisher":"https:\/\/www.facebook.com\/Vetorino\/","article_modified_time":"2026-02-22T11:13:42+00:00","og_image":[{"width":1147,"height":1200,"url":"https:\/\/www.vetorino.com\/boutique\/wp-content\/uploads\/2023\/04\/la_603d86ea612dec96096c5e0fcc8dd42ab6d1664875974.jpeg","type":"image\/jpeg"}],"twitter_card":"summary_large_image","twitter_misc":{"Disponibilit\u00e9":"En stock"},"schema":{"@context":"https:\/\/schema.org","@graph":[{"@type":"WebPage","@id":"https:\/\/www.vetorino.com\/boutique\/product\/tapis-de-lechage-wouapy-a-ventouses\/","url":"https:\/\/www.vetorino.com\/boutique\/product\/tapis-de-lechage-wouapy-a-ventouses\/","name":"Tapis de l\u00e9chage \u00e0 ventouses Wouapy - V\u00e9torino","isPartOf":{"@id":"https:\/\/www.vetorino.com\/boutique\/#website"},"primaryImageOfPage":{"@id":"https:\/\/www.vetorino.com\/boutique\/product\/tapis-de-lechage-wouapy-a-ventouses\/#primaryimage"},"image":{"@id":"https:\/\/www.vetorino.com\/boutique\/product\/tapis-de-lechage-wouapy-a-ventouses\/#primaryimage"},"thumbnailUrl":"https:\/\/www.vetorino.com\/boutique\/wp-content\/uploads\/2023\/04\/la_603d86ea612dec96096c5e0fcc8dd42ab6d1664875974.jpeg","datePublished":"2024-05-02T09:34:34+00:00","dateModified":"2026-02-22T11:13:42+00:00","description":"Le Tapis \u00e0 l\u00e9cher pour chien et chat\u00a0permet de distraire votre animal lorsqu\u2019il est seul, lorsque vous le lavez ou lorsque vous lui faites des soins (ex : coupe des griffes), ou qu\u2019il est expos\u00e9 \u00e0 toute autre situation pouvant le stresser.","breadcrumb":{"@id":"https:\/\/www.vetorino.com\/boutique\/product\/tapis-de-lechage-wouapy-a-ventouses\/#breadcrumb"},"inLanguage":"fr-FR","potentialAction":[{"@type":"ReadAction","target":["https:\/\/www.vetorino.com\/boutique\/product\/tapis-de-lechage-wouapy-a-ventouses\/"]}]},{"@type":"ImageObject","inLanguage":"fr-FR","@id":"https:\/\/www.vetorino.com\/boutique\/product\/tapis-de-lechage-wouapy-a-ventouses\/#primaryimage","url":"https:\/\/www.vetorino.com\/boutique\/wp-content\/uploads\/2023\/04\/la_603d86ea612dec96096c5e0fcc8dd42ab6d1664875974.jpeg","contentUrl":"https:\/\/www.vetorino.com\/boutique\/wp-content\/uploads\/2023\/04\/la_603d86ea612dec96096c5e0fcc8dd42ab6d1664875974.jpeg","width":1147,"height":1200},{"@type":"BreadcrumbList","@id":"https:\/\/www.vetorino.com\/boutique\/product\/tapis-de-lechage-wouapy-a-ventouses\/#breadcrumb","itemListElement":[{"@type":"ListItem","position":1,"name":"Accueil","item":"https:\/\/www.vetorino.com\/boutique\/"},{"@type":"ListItem","position":2,"name":"Produits","item":"https:\/\/www.vetorino.com\/boutique\/"},{"@type":"ListItem","position":3,"name":"Tapis de l\u00e9chage \u00e0 ventouses"}]},{"@type":"WebSite","@id":"https:\/\/www.vetorino.com\/boutique\/#website","url":"https:\/\/www.vetorino.com\/boutique\/","name":"V\u00e9torino","description":"","publisher":{"@id":"https:\/\/www.vetorino.com\/boutique\/#organization"},"potentialAction":[{"@type":"SearchAction","target":{"@type":"EntryPoint","urlTemplate":"https:\/\/www.vetorino.com\/boutique\/?s={search_term_string}"},"query-input":{"@type":"PropertyValueSpecification","valueRequired":true,"valueName":"search_term_string"}}],"inLanguage":"fr-FR"},{"@type":"Organization","@id":"https:\/\/www.vetorino.com\/boutique\/#organization","name":"V\u00e9torino","url":"https:\/\/www.vetorino.com\/boutique\/","logo":{"@type":"ImageObject","inLanguage":"fr-FR","@id":"https:\/\/www.vetorino.com\/boutique\/#\/schema\/logo\/image\/","url":"https:\/\/www.vetorino.com\/boutique\/wp-content\/uploads\/2024\/10\/logo.jpg","contentUrl":"https:\/\/www.vetorino.com\/boutique\/wp-content\/uploads\/2024\/10\/logo.jpg","width":1200,"height":610,"caption":"V\u00e9torino"},"image":{"@id":"https:\/\/www.vetorino.com\/boutique\/#\/schema\/logo\/image\/"},"sameAs":["https:\/\/www.facebook.com\/Vetorino\/","https:\/\/www.instagram.com\/vetorino_off\/","https:\/\/www.linkedin.com\/company\/vtorino\/"]}]},"product_brand":"Wouapy","og_availability":"instock","product_availability":"instock","product_condition":"new"},"_links":{"self":[{"href":"https:\/\/www.vetorino.com\/veterinaire\/lyon-69006\/boutique\/wp-json\/wp\/v2\/product\/911500","targetHints":{"allow":["GET"]}}],"collection":[{"href":"https:\/\/www.vetorino.com\/veterinaire\/lyon-69006\/boutique\/wp-json\/wp\/v2\/product"}],"about":[{"href":"https:\/\/www.vetorino.com\/veterinaire\/lyon-69006\/boutique\/wp-json\/wp\/v2\/types\/product"}],"wp:featuredmedia":[{"embeddable":true,"href":"https:\/\/www.vetorino.com\/veterinaire\/lyon-69006\/boutique\/wp-json\/wp\/v2\/media\/603063"}],"wp:attachment":[{"href":"https:\/\/www.vetorino.com\/veterinaire\/lyon-69006\/boutique\/wp-json\/wp\/v2\/media?parent=911500"}],"wp:term":[{"taxonomy":"product_cat","embeddable":true,"href":"https:\/\/www.vetorino.com\/veterinaire\/lyon-69006\/boutique\/wp-json\/wp\/v2\/product_cat?post=911500"},{"taxonomy":"product_tag","embeddable":true,"href":"https:\/\/www.vetorino.com\/veterinaire\/lyon-69006\/boutique\/wp-json\/wp\/v2\/product_tag?post=911500"}],"curies":[{"name":"wp","href":"https:\/\/api.w.org\/{rel}","templated":true}]}}