{"id":96412,"date":"2020-06-29T17:41:29","date_gmt":"2020-06-29T15:41:29","guid":{"rendered":"https:\/\/www.vetorino.com\/boutique\/product\/frontline-combo-chien-40-60-kg\/"},"modified":"2026-04-02T17:48:48","modified_gmt":"2026-04-02T15:48:48","slug":"frontline-combo-chien-40-60-kg","status":"publish","type":"product","link":"https:\/\/www.vetorino.com\/veterinaire\/lyon-69006\/boutique\/product\/frontline-combo-chien-40-60-kg\/","title":{"rendered":"Frontline Combo Chien 40-60 kg"},"content":{"rendered":"<p>FRONTLINE COMBO permet de lutter contre les parasites des chiens. Il est efficace contre les puces, les \u0153ufs et larves de puces gr\u00e2ce \u00e0 sa formule enrichie \u00e0 l\u2019IGR, les poux du chien et les tiques.<\/p>\n<p><strong>Utilisation<\/strong><\/p>\n<ul>\n<li>Chienne en gestation : traiter la m\u00e8re avant la naissance des petits leur assure une protection car elle est source de puces pour ses chiots<\/li>\n<li>Chien de plus de 8 semaines et de plus de 40 kg<\/li>\n<li>Chien de petite race (40 \u00e0 60 kg)<\/li>\n<\/ul>\n","protected":false},"excerpt":{"rendered":"<p><strong><a>FRONTLINE COMBO chien 40-60kg<\/a><\/strong>\u00a0permet de <strong>lutter<\/strong> <strong>contre<\/strong> les <strong>parasites<\/strong> des <strong>chiens<\/strong>. Il est efficace contre les <strong>puces<\/strong>,\u00a0les\u00a0<strong>\u0153ufs<\/strong> et <strong>larves<\/strong> de <strong>puces<\/strong> gr\u00e2ce \u00e0 sa formule enrichie \u00e0 l\u2019IGR, les <strong>poux<\/strong>\u00a0du chien\u00a0et les\u00a0<strong>tiques<\/strong>.<\/p>\n","protected":false},"featured_media":170623,"template":"","meta":[],"product_cat":[12554,2698],"product_tag":[],"class_list":{"0":"post-96412","1":"product","2":"type-product","3":"status-publish","4":"has-post-thumbnail","6":"product_cat-antiparasitaire-du-chien","7":"product_cat-chien","8":"pa_marque-boehringer","10":"first","11":"instock","12":"taxable","13":"shipping-taxable","14":"purchasable","15":"product-type-variable"},"yoast_head":"<!-- This site is optimized with the Yoast SEO plugin v27.3 - https:\/\/yoast.com\/product\/yoast-seo-wordpress\/ -->\n<title>Frontline Frontline Combo Chien 40-60 kg Boehringer - V\u00e9torino<\/title>\n<meta name=\"description\" content=\"FRONTLINE COMBO chien 40-60kg\u00a0permet de lutter contre les parasites des chiens. Il est efficace contre les puces,\u00a0les\u00a0\u0153ufs et larves de puces gr\u00e2ce \u00e0 sa formule enrichie \u00e0 l\u2019IGR, les poux\u00a0du chien\u00a0et les\u00a0tiques.\" \/>\n<meta name=\"robots\" content=\"noindex, nofollow\" \/>\n<meta property=\"og:locale\" content=\"fr_FR\" \/>\n<meta property=\"og:type\" content=\"article\" \/>\n<meta property=\"og:title\" content=\"Frontline Frontline Combo Chien 40-60 kg Boehringer - V\u00e9torino\" \/>\n<meta property=\"og:description\" content=\"FRONTLINE COMBO chien 40-60kg\u00a0permet de lutter contre les parasites des chiens. Il est efficace contre les puces,\u00a0les\u00a0\u0153ufs et larves de puces gr\u00e2ce \u00e0 sa formule enrichie \u00e0 l\u2019IGR, les poux\u00a0du chien\u00a0et les\u00a0tiques.\" \/>\n<meta property=\"og:url\" content=\"https:\/\/www.vetorino.com\/veterinaire\/lyon-69006\/boutique\/product\/frontline-combo-chien-40-60-kg\/\" \/>\n<meta property=\"og:site_name\" content=\"V\u00e9torino\" \/>\n<meta property=\"article:publisher\" content=\"https:\/\/www.facebook.com\/Vetorino\/\" \/>\n<meta property=\"article:modified_time\" content=\"2026-04-02T15:48:48+00:00\" \/>\n<meta property=\"og:image\" content=\"https:\/\/www.vetorino.com\/boutique\/wp-content\/uploads\/2020\/06\/frontline-combo-chien-de-40-a-60-kg.jpeg\" \/>\n\t<meta property=\"og:image:width\" content=\"800\" \/>\n\t<meta property=\"og:image:height\" content=\"800\" \/>\n\t<meta property=\"og:image:type\" content=\"image\/jpeg\" \/>\n<meta name=\"twitter:card\" content=\"summary_large_image\" \/>\n<meta name=\"twitter:label1\" content=\"Disponibilit\u00e9\" \/>\n\t<meta name=\"twitter:data1\" content=\"En stock\" \/>\n<script type=\"application\/ld+json\" class=\"yoast-schema-graph\">{\"@context\":\"https:\\\/\\\/schema.org\",\"@graph\":[{\"@type\":\"WebPage\",\"@id\":\"https:\\\/\\\/www.vetorino.com\\\/boutique\\\/product\\\/frontline-combo-chien-40-60-kg\\\/\",\"url\":\"https:\\\/\\\/www.vetorino.com\\\/boutique\\\/product\\\/frontline-combo-chien-40-60-kg\\\/\",\"name\":\"Frontline Frontline Combo Chien 40-60 kg Boehringer - V\u00e9torino\",\"isPartOf\":{\"@id\":\"https:\\\/\\\/www.vetorino.com\\\/boutique\\\/#website\"},\"primaryImageOfPage\":{\"@id\":\"https:\\\/\\\/www.vetorino.com\\\/boutique\\\/product\\\/frontline-combo-chien-40-60-kg\\\/#primaryimage\"},\"image\":{\"@id\":\"https:\\\/\\\/www.vetorino.com\\\/boutique\\\/product\\\/frontline-combo-chien-40-60-kg\\\/#primaryimage\"},\"thumbnailUrl\":\"https:\\\/\\\/www.vetorino.com\\\/boutique\\\/wp-content\\\/uploads\\\/2020\\\/06\\\/frontline-combo-chien-de-40-a-60-kg.jpeg\",\"datePublished\":\"2020-06-29T15:41:29+00:00\",\"dateModified\":\"2026-04-02T15:48:48+00:00\",\"description\":\"FRONTLINE COMBO chien 40-60kg\u00a0permet de lutter contre les parasites des chiens. Il est efficace contre les puces,\u00a0les\u00a0\u0153ufs et larves de puces gr\u00e2ce \u00e0 sa formule enrichie \u00e0 l\u2019IGR, les poux\u00a0du chien\u00a0et les\u00a0tiques.\",\"breadcrumb\":{\"@id\":\"https:\\\/\\\/www.vetorino.com\\\/boutique\\\/product\\\/frontline-combo-chien-40-60-kg\\\/#breadcrumb\"},\"inLanguage\":\"fr-FR\",\"potentialAction\":[{\"@type\":\"ReadAction\",\"target\":[\"https:\\\/\\\/www.vetorino.com\\\/boutique\\\/product\\\/frontline-combo-chien-40-60-kg\\\/\"]}]},{\"@type\":\"ImageObject\",\"inLanguage\":\"fr-FR\",\"@id\":\"https:\\\/\\\/www.vetorino.com\\\/boutique\\\/product\\\/frontline-combo-chien-40-60-kg\\\/#primaryimage\",\"url\":\"https:\\\/\\\/www.vetorino.com\\\/boutique\\\/wp-content\\\/uploads\\\/2020\\\/06\\\/frontline-combo-chien-de-40-a-60-kg.jpeg\",\"contentUrl\":\"https:\\\/\\\/www.vetorino.com\\\/boutique\\\/wp-content\\\/uploads\\\/2020\\\/06\\\/frontline-combo-chien-de-40-a-60-kg.jpeg\",\"width\":800,\"height\":800},{\"@type\":\"BreadcrumbList\",\"@id\":\"https:\\\/\\\/www.vetorino.com\\\/boutique\\\/product\\\/frontline-combo-chien-40-60-kg\\\/#breadcrumb\",\"itemListElement\":[{\"@type\":\"ListItem\",\"position\":1,\"name\":\"Accueil\",\"item\":\"https:\\\/\\\/www.vetorino.com\\\/boutique\\\/\"},{\"@type\":\"ListItem\",\"position\":2,\"name\":\"Produits\",\"item\":\"https:\\\/\\\/www.vetorino.com\\\/boutique\\\/\"},{\"@type\":\"ListItem\",\"position\":3,\"name\":\"Frontline Combo Chien 40-60 kg\"}]},{\"@type\":\"WebSite\",\"@id\":\"https:\\\/\\\/www.vetorino.com\\\/boutique\\\/#website\",\"url\":\"https:\\\/\\\/www.vetorino.com\\\/boutique\\\/\",\"name\":\"V\u00e9torino\",\"description\":\"\",\"publisher\":{\"@id\":\"https:\\\/\\\/www.vetorino.com\\\/boutique\\\/#organization\"},\"potentialAction\":[{\"@type\":\"SearchAction\",\"target\":{\"@type\":\"EntryPoint\",\"urlTemplate\":\"https:\\\/\\\/www.vetorino.com\\\/boutique\\\/?s={search_term_string}\"},\"query-input\":{\"@type\":\"PropertyValueSpecification\",\"valueRequired\":true,\"valueName\":\"search_term_string\"}}],\"inLanguage\":\"fr-FR\"},{\"@type\":\"Organization\",\"@id\":\"https:\\\/\\\/www.vetorino.com\\\/boutique\\\/#organization\",\"name\":\"V\u00e9torino\",\"url\":\"https:\\\/\\\/www.vetorino.com\\\/boutique\\\/\",\"logo\":{\"@type\":\"ImageObject\",\"inLanguage\":\"fr-FR\",\"@id\":\"https:\\\/\\\/www.vetorino.com\\\/boutique\\\/#\\\/schema\\\/logo\\\/image\\\/\",\"url\":\"https:\\\/\\\/www.vetorino.com\\\/boutique\\\/wp-content\\\/uploads\\\/2024\\\/10\\\/logo.jpg\",\"contentUrl\":\"https:\\\/\\\/www.vetorino.com\\\/boutique\\\/wp-content\\\/uploads\\\/2024\\\/10\\\/logo.jpg\",\"width\":1200,\"height\":610,\"caption\":\"V\u00e9torino\"},\"image\":{\"@id\":\"https:\\\/\\\/www.vetorino.com\\\/boutique\\\/#\\\/schema\\\/logo\\\/image\\\/\"},\"sameAs\":[\"https:\\\/\\\/www.facebook.com\\\/Vetorino\\\/\",\"https:\\\/\\\/www.instagram.com\\\/vetorino_off\\\/\",\"https:\\\/\\\/www.linkedin.com\\\/company\\\/vtorino\\\/\"]}]}<\/script>\n<meta property=\"product:brand\" content=\"Boehringer\" \/>\n<meta property=\"og:availability\" content=\"instock\" \/>\n<meta property=\"product:availability\" content=\"instock\" \/>\n<meta property=\"product:condition\" content=\"new\" \/>\n<!-- \/ Yoast SEO plugin. -->","yoast_head_json":{"title":"Frontline Frontline Combo Chien 40-60 kg Boehringer - V\u00e9torino","description":"FRONTLINE COMBO chien 40-60kg\u00a0permet de lutter contre les parasites des chiens. Il est efficace contre les puces,\u00a0les\u00a0\u0153ufs et larves de puces gr\u00e2ce \u00e0 sa formule enrichie \u00e0 l\u2019IGR, les poux\u00a0du chien\u00a0et les\u00a0tiques.","robots":{"index":"noindex","follow":"nofollow"},"og_locale":"fr_FR","og_type":"article","og_title":"Frontline Frontline Combo Chien 40-60 kg Boehringer - V\u00e9torino","og_description":"FRONTLINE COMBO chien 40-60kg\u00a0permet de lutter contre les parasites des chiens. Il est efficace contre les puces,\u00a0les\u00a0\u0153ufs et larves de puces gr\u00e2ce \u00e0 sa formule enrichie \u00e0 l\u2019IGR, les poux\u00a0du chien\u00a0et les\u00a0tiques.","og_url":"https:\/\/www.vetorino.com\/veterinaire\/lyon-69006\/boutique\/product\/frontline-combo-chien-40-60-kg\/","og_site_name":"V\u00e9torino","article_publisher":"https:\/\/www.facebook.com\/Vetorino\/","article_modified_time":"2026-04-02T15:48:48+00:00","og_image":[{"width":800,"height":800,"url":"https:\/\/www.vetorino.com\/boutique\/wp-content\/uploads\/2020\/06\/frontline-combo-chien-de-40-a-60-kg.jpeg","type":"image\/jpeg"}],"twitter_card":"summary_large_image","twitter_misc":{"Disponibilit\u00e9":"En stock"},"schema":{"@context":"https:\/\/schema.org","@graph":[{"@type":"WebPage","@id":"https:\/\/www.vetorino.com\/boutique\/product\/frontline-combo-chien-40-60-kg\/","url":"https:\/\/www.vetorino.com\/boutique\/product\/frontline-combo-chien-40-60-kg\/","name":"Frontline Frontline Combo Chien 40-60 kg Boehringer - V\u00e9torino","isPartOf":{"@id":"https:\/\/www.vetorino.com\/boutique\/#website"},"primaryImageOfPage":{"@id":"https:\/\/www.vetorino.com\/boutique\/product\/frontline-combo-chien-40-60-kg\/#primaryimage"},"image":{"@id":"https:\/\/www.vetorino.com\/boutique\/product\/frontline-combo-chien-40-60-kg\/#primaryimage"},"thumbnailUrl":"https:\/\/www.vetorino.com\/boutique\/wp-content\/uploads\/2020\/06\/frontline-combo-chien-de-40-a-60-kg.jpeg","datePublished":"2020-06-29T15:41:29+00:00","dateModified":"2026-04-02T15:48:48+00:00","description":"FRONTLINE COMBO chien 40-60kg\u00a0permet de lutter contre les parasites des chiens. Il est efficace contre les puces,\u00a0les\u00a0\u0153ufs et larves de puces gr\u00e2ce \u00e0 sa formule enrichie \u00e0 l\u2019IGR, les poux\u00a0du chien\u00a0et les\u00a0tiques.","breadcrumb":{"@id":"https:\/\/www.vetorino.com\/boutique\/product\/frontline-combo-chien-40-60-kg\/#breadcrumb"},"inLanguage":"fr-FR","potentialAction":[{"@type":"ReadAction","target":["https:\/\/www.vetorino.com\/boutique\/product\/frontline-combo-chien-40-60-kg\/"]}]},{"@type":"ImageObject","inLanguage":"fr-FR","@id":"https:\/\/www.vetorino.com\/boutique\/product\/frontline-combo-chien-40-60-kg\/#primaryimage","url":"https:\/\/www.vetorino.com\/boutique\/wp-content\/uploads\/2020\/06\/frontline-combo-chien-de-40-a-60-kg.jpeg","contentUrl":"https:\/\/www.vetorino.com\/boutique\/wp-content\/uploads\/2020\/06\/frontline-combo-chien-de-40-a-60-kg.jpeg","width":800,"height":800},{"@type":"BreadcrumbList","@id":"https:\/\/www.vetorino.com\/boutique\/product\/frontline-combo-chien-40-60-kg\/#breadcrumb","itemListElement":[{"@type":"ListItem","position":1,"name":"Accueil","item":"https:\/\/www.vetorino.com\/boutique\/"},{"@type":"ListItem","position":2,"name":"Produits","item":"https:\/\/www.vetorino.com\/boutique\/"},{"@type":"ListItem","position":3,"name":"Frontline Combo Chien 40-60 kg"}]},{"@type":"WebSite","@id":"https:\/\/www.vetorino.com\/boutique\/#website","url":"https:\/\/www.vetorino.com\/boutique\/","name":"V\u00e9torino","description":"","publisher":{"@id":"https:\/\/www.vetorino.com\/boutique\/#organization"},"potentialAction":[{"@type":"SearchAction","target":{"@type":"EntryPoint","urlTemplate":"https:\/\/www.vetorino.com\/boutique\/?s={search_term_string}"},"query-input":{"@type":"PropertyValueSpecification","valueRequired":true,"valueName":"search_term_string"}}],"inLanguage":"fr-FR"},{"@type":"Organization","@id":"https:\/\/www.vetorino.com\/boutique\/#organization","name":"V\u00e9torino","url":"https:\/\/www.vetorino.com\/boutique\/","logo":{"@type":"ImageObject","inLanguage":"fr-FR","@id":"https:\/\/www.vetorino.com\/boutique\/#\/schema\/logo\/image\/","url":"https:\/\/www.vetorino.com\/boutique\/wp-content\/uploads\/2024\/10\/logo.jpg","contentUrl":"https:\/\/www.vetorino.com\/boutique\/wp-content\/uploads\/2024\/10\/logo.jpg","width":1200,"height":610,"caption":"V\u00e9torino"},"image":{"@id":"https:\/\/www.vetorino.com\/boutique\/#\/schema\/logo\/image\/"},"sameAs":["https:\/\/www.facebook.com\/Vetorino\/","https:\/\/www.instagram.com\/vetorino_off\/","https:\/\/www.linkedin.com\/company\/vtorino\/"]}]},"product_brand":"Boehringer","og_availability":"instock","product_availability":"instock","product_condition":"new"},"_links":{"self":[{"href":"https:\/\/www.vetorino.com\/veterinaire\/lyon-69006\/boutique\/wp-json\/wp\/v2\/product\/96412","targetHints":{"allow":["GET"]}}],"collection":[{"href":"https:\/\/www.vetorino.com\/veterinaire\/lyon-69006\/boutique\/wp-json\/wp\/v2\/product"}],"about":[{"href":"https:\/\/www.vetorino.com\/veterinaire\/lyon-69006\/boutique\/wp-json\/wp\/v2\/types\/product"}],"wp:featuredmedia":[{"embeddable":true,"href":"https:\/\/www.vetorino.com\/veterinaire\/lyon-69006\/boutique\/wp-json\/wp\/v2\/media\/170623"}],"wp:attachment":[{"href":"https:\/\/www.vetorino.com\/veterinaire\/lyon-69006\/boutique\/wp-json\/wp\/v2\/media?parent=96412"}],"wp:term":[{"taxonomy":"product_cat","embeddable":true,"href":"https:\/\/www.vetorino.com\/veterinaire\/lyon-69006\/boutique\/wp-json\/wp\/v2\/product_cat?post=96412"},{"taxonomy":"product_tag","embeddable":true,"href":"https:\/\/www.vetorino.com\/veterinaire\/lyon-69006\/boutique\/wp-json\/wp\/v2\/product_tag?post=96412"}],"curies":[{"name":"wp","href":"https:\/\/api.w.org\/{rel}","templated":true}]}}