{"id":3,"date":"2019-10-07T12:44:47","date_gmt":"2019-10-07T10:44:47","guid":{"rendered":"https:\/\/www.vetorino.com\/blog\/?page_id=3"},"modified":"2026-01-20T16:31:21","modified_gmt":"2026-01-20T15:31:21","slug":"politique-de-confidentialite","status":"publish","type":"page","link":"https:\/\/www.vetorino.com\/veterinaire\/mandreslesroses-94520\/boutique\/politique-de-confidentialite\/","title":{"rendered":"Politique de confidentialit\u00e9"},"content":{"rendered":"\n<h2 class=\"wp-block-heading\">Qui sommes-nous&nbsp;?<\/h2>\n\n\n\n<p>L\u2019adresse de notre site Web est&nbsp;: https:\/\/www.vetorino.com\/<\/p>\n\n\n\n<p>V\u00e9torino est exploit\u00e9 par la SAS Woofie, startup parisienne qui a vu le jour en Juin 2019.<\/p>\n\n\n\n<h2 class=\"wp-block-heading\">Utilisation des donn\u00e9es personnelles collect\u00e9es<\/h2>\n\n\n\n<h3 class=\"wp-block-heading\">Donn\u00e9es personnelles<\/h3>\n\n\n\n<p>Les donn\u00e9es personnelles que nous recueillons et traitons peuvent varier en fonction de la finalit\u00e9 de la collecte et des services que nous nous fournissons.<\/p>\n\n\n\n<p>Les cat\u00e9gories de donn\u00e9es personnelles que sommes amen\u00e9s \u00e0 vous demander et \u00e0 conserver sont les suivantes :<\/p>\n\n\n\n<ul class=\"wp-block-list\">\n<li>Coordonn\u00e9es personnelles, telles que, par exemple: vos nom, pr\u00e9nom, adresse mail, adresse postale, num\u00e9ro de t\u00e9l\u00e9phone (fixe\/mobile), clinique v\u00e9t\u00e9rinaire, adresse de livraison, etc.<\/li>\n\n\n\n<li>Contacts et \u00e9changes avec nos services (t\u00e9l\u00e9phone, mail, formulaire de contact, etc.)<\/li>\n\n\n\n<li>Historique de navigation sur le Site ou l\u2019adresse IP (cookies, Google analytics, etc.)<\/li>\n<\/ul>\n\n\n\n<p> En fournissant ces Informations Personnelles, vous acceptez express\u00e9ment qu\u2019elles soient trait\u00e9es par V\u00e9torino.<\/p>\n\n\n\n<p>Nous ne collectons pas de donn\u00e9es sensibles (\u00e0 savoir les donn\u00e9es r\u00e9v\u00e9lant l\u2019origine raciale ou ethnique, les opinions politiques, les convictions religieuses ou philosophiques, l\u2019appartenance syndicale, les donn\u00e9es g\u00e9n\u00e9tiques et biom\u00e9triques ou les donn\u00e9es concernant la sant\u00e9, la vie sexuelle ou l\u2019orientation sexuelle). Nous vous demandons donc de ne pas nous communiquer ce type de donn\u00e9es. Si des donn\u00e9es sensibles nous parvenaient quand m\u00eame, vous nous autorisez explicitement \u00e0 les traiter, conform\u00e9ment aux conditions de la pr\u00e9sente Politique.<\/p>\n\n\n\n<p>Toutes les donn\u00e9es \u00e0 caract\u00e8re personnel que nous recueillons dans le cadre d\u2019une interaction avec vous en tant que client (ou client potentiel) sont conserv\u00e9es et trait\u00e9es conform\u00e9ment \u00e0 la l\u00e9gislation en mati\u00e8re de protection des donn\u00e9es, en particulier le R\u00e8glement G\u00e9n\u00e9ral sur la Protection des Donn\u00e9es 2016\/679 du 27 avril 2016.<\/p>\n\n\n\n<p>Conform\u00e9ment au R\u00e8glement G\u00e9n\u00e9ral sur la Protection des Donn\u00e9es (RGPD) du 14 avril 2016, et \u00e0 la Loi Informatique et Libert\u00e9s du 6 janvier 1978 modifi\u00e9e, nous vous informons des points suivants.<\/p>\n\n\n\n<h3 class=\"wp-block-heading\">Dans quel but traitons-nous vos donn\u00e9es ?<\/h3>\n\n\n\n<p>V\u00e9torino est susceptible de traiter vos Informations Personnelles:<\/p>\n\n\n\n<p>(a) aux fins de vous fournir les informations sur les Services ou les Services que vous avez demand\u00e9s (notamment : l\u2019envoi de produit, de Newsletter, offre commerciale, prescription de votre v\u00e9t\u00e9rinaire etc. ); et\/ou<\/p>\n\n\n\n<p>(b) aux fins de traiter et de r\u00e9pondre \u00e0 vos demandes de renseignements et pour vous contacter pour r\u00e9pondre \u00e0 vos demandes ;<\/p>\n\n\n\n<p>(c) aux fins de recueillir des informations nous permettant d\u2019am\u00e9liorer et de d\u00e9velopper notre Site, nos produits et Services, ainsi que la fonctionnalit\u00e9 de notre site (notamment par le biais de cookies) ; et\/ou<\/p>\n\n\n\n<p>(d) aux fins de pouvoir vous contacter \u00e0 propos de diff\u00e9rents \u00e9v\u00e9nements relatifs \u00e0 V\u00e9torino incluant notamment la mise \u00e0 jour des produits et le support client, nos activit\u00e9s promotionnelles, nos concours, etc.<\/p>\n\n\n\n<p>( e) pour r\u00e9pondre et traiter vos \u00e9ventuelles r\u00e9clamations ;<\/p>\n\n\n\n<p>( f ) pour identifier des personnes qui nous contactent par le site ou par t\u00e9l\u00e9phone, par e-mail ou autres.<\/p>\n\n\n\n<p>Nous collectons et traitons vos donn\u00e9es \u00e0 caract\u00e8re personnel afin de mieux conna\u00eetre nos clients et nos clients potentiels dans la finalit\u00e9 de pouvoir vous proposer nos produits et nos services.<\/p>\n\n\n\n<h3 class=\"wp-block-heading\">Formulaires de contact et de newsletter<\/h3>\n\n\n\n<p>Nous utilisons les donn\u00e9es collect\u00e9es par le biais de nos formulaires de contact et de newsletter afin de vous tenir au courant de l&#8217;actualit\u00e9 en lien avec V\u00e9torino et de vous pr\u00e9senter les produits vendus par nos partenaires v\u00e9t\u00e9rinaires.<\/p>\n\n\n\n<h3 class=\"wp-block-heading\">Cookies<\/h3>\n\n\n\n<p>Si vous utilisez notre site, il vous sera propos\u00e9 d\u2019enregistrer votre nom, adresse de messagerie et site web dans des cookies. C\u2019est uniquement pour votre confort afin de ne pas avoir \u00e0 saisir ces informations si vous d\u00e9posez un autre commentaire plus tard. <\/p>\n\n\n\n<p>Si vous vous rendez sur la page de connexion, un cookie temporaire sera cr\u00e9\u00e9 afin de d\u00e9terminer si votre navigateur accepte les cookies. Il ne contient pas de donn\u00e9es personnelles et sera supprim\u00e9 automatiquement \u00e0 la fermeture de votre navigateur.<\/p>\n\n\n\n<p>Lorsque vous vous connecterez, nous mettrons en place un certain nombre de cookies pour enregistrer vos informations de connexion et vos pr\u00e9f\u00e9rences d\u2019\u00e9cran. La dur\u00e9e de vie d\u2019un cookie de connexion est de deux jours, celle d\u2019un cookie d\u2019option d\u2019\u00e9cran est d\u2019un an. Si vous cochez \u00ab&nbsp;Se souvenir de moi&nbsp;\u00bb, votre cookie de connexion sera conserv\u00e9 pendant deux semaines. Si vous vous d\u00e9connectez de votre compte, le cookie de connexion sera effac\u00e9.<\/p>\n\n\n\n<p>En modifiant ou en publiant une publication, un cookie suppl\u00e9mentaire sera enregistr\u00e9 dans votre navigateur. Ce cookie ne comprend aucune donn\u00e9e personnelle. Il indique simplement l\u2019ID de la publication que vous venez de modifier. Il expire au bout d\u2019un jour.<\/p>\n\n\n\n<h3 class=\"wp-block-heading\">Statistiques et mesures d\u2019audience<\/h3>\n\n\n\n<p>Afin de comprendre nos visiteurs et l&#8217;int\u00e9r\u00eat qu&#8217;il porte \u00e0 V\u00e9torino nous enregistrons le d\u00e9tail du contenu visit\u00e9 sur notre site.<\/p>\n\n\n\n<h2 class=\"wp-block-heading\">Utilisation et transmission de vos donn\u00e9es personnelles<\/h2>\n\n\n\n<h2 class=\"wp-block-heading\">Les droits que vous avez sur vos donn\u00e9es<\/h2>\n\n\n\n<p>Si vous avez un compte, vous pouvez demander \u00e0 recevoir un fichier contenant toutes les donn\u00e9es personnelles que nous poss\u00e9dons \u00e0 votre sujet, incluant celles que vous nous avez fournies. Vous pouvez \u00e9galement demander la suppression des donn\u00e9es personnelles vous concernant. Cela ne prend pas en compte les donn\u00e9es stock\u00e9es \u00e0 des fins administratives, l\u00e9gales ou pour des raisons de s\u00e9curit\u00e9.<\/p>\n\n\n\n<h2 class=\"wp-block-heading\">Conservation de vos donn\u00e9es<\/h2>\n\n\n\n<p>Vos Informations Personnelles sont conserv\u00e9es par V\u00e9torino uniquement pour le temps correspondant \u00e0 la finalit\u00e9 de la collecte tel qu\u2019indiqu\u00e9 ci-dessus (section : dans quel but traitons-nous vos donn\u00e9es) qui ne saurait en tout \u00e9tat de cause exc\u00e9der 36 mois si aucun Service de V\u00e9torino n\u2019a \u00e9t\u00e9 utilis\u00e9.<\/p>\n\n\n\n<p>Si vous avez utilis\u00e9 nos Services, V\u00e9torino conservera vos donn\u00e9es \u00e0 caract\u00e8re personnel pendant une dur\u00e9e de maximum 10 ans \u00e0 compter du dernier achat \/ du dernier contact avec notre site, major\u00e9e d\u2019une p\u00e9riode de v\u00e9rification de 6 mois, sauf si leur dur\u00e9e de conservation doit \u00eatre prolong\u00e9e sur la base d\u2019une obligation l\u00e9gale ou dans l\u2019int\u00e9r\u00eat l\u00e9gitime de V\u00e9torino.<\/p>\n\n\n\n<h2 class=\"wp-block-heading\">Transmission de vos donn\u00e9es personnelles<\/h2>\n\n\n\n<p>Vos donn\u00e9es personnelles sont utilis\u00e9es par V\u00e9torino, ses employ\u00e9s et ses partenaires, qui sont sans toutefois s&#8217;y limiter, les v\u00e9t\u00e9rinaires avec qui nous op\u00e9rons, les services logistiques en charge d&#8217;acheminer les colis et de les \u00e9tiqueter.<\/p>\n\n\n\n<h2 class=\"wp-block-heading\">Informations de contact<\/h2>\n\n\n\n<p>Le responsable du traitement est la soci\u00e9t\u00e9 Woofie, ayant son si\u00e8ge social au :<\/p>\n\n\n\n<p>43 boulevard Exelmans<br>75016 Paris<br>FRANCE<br>t\u00e9l. :  +33 7 67 51 61 85 <br>e-mail : \u00ab contact@vetorino.com \u00bb.<\/p>\n\n\n\n<h2 class=\"wp-block-heading\">Informations suppl\u00e9mentaires<\/h2>\n\n\n\n<h3 class=\"wp-block-heading\">Comment nous prot\u00e9geons vos donn\u00e9es<\/h3>\n\n\n\n<p>Afin de garantir la protection de vos donn\u00e9es nous avons recours au chiffrement SSL sur l&#8217;ensemble du site vetorino.com. Nous stockons vos mots de passe sous format crypt\u00e9 afin que m\u00eame en cas d&#8217;intrusion dans notre base de donn\u00e9es ceux-ci demeurent inconnus. Nos \u00e9quipes n&#8217;ont ainsi pas acc\u00e8s \u00e0 vos mots de passe et ne vous les demanderont jamais.<\/p>\n\n\n\n<p>Les transactions financi\u00e8res sont assur\u00e9es par le biais de notre prestataire agr\u00e9\u00e9 MangoPay (MANGOPAY SA 2 Avenue Am\u00e9lie, L-1125 Luxembourg).<\/p>\n\n\n\n<p>Lorsque vous enregistrez sur V\u00e9torino vos informations de carte de cr\u00e9dit pour pouvoir souscrire un abonnement ou payer plus rapidement lors de vos prochains achats, nous ne stockons pas sur nos serveurs lesdites informations. C&#8217;est Mangopay qui est en charge de s\u00e9curiser cette donn\u00e9e afin de garantir au mieux la s\u00e9curit\u00e9 des informations les plus importantes. <\/p>\n\n\n\n<h3 class=\"wp-block-heading\">Proc\u00e9dures mises en \u0153uvre en cas de fuite de donn\u00e9es<\/h3>\n\n\n\n<p>En cas de fuite de donn\u00e9es V\u00e9torino s&#8217;engage \u00e0 respecter les obligations d\u00e9coulant du RGPD et de proc\u00e9der \u00e0 la notification des fuites de donn\u00e9es aux utilisateurs V\u00e9torino et aux autorit\u00e9s comp\u00e9tentes.<\/p>\n\n\n\n<h3 class=\"wp-block-heading\">Op\u00e9rations de marketing automatis\u00e9 et\/ou de profilage r\u00e9alis\u00e9es \u00e0 l\u2019aide des donn\u00e9es personnelles<\/h3>\n\n\n\n<p>Nous communiquerons avec vous le plus souvent par le biais d&#8217;envois d&#8217;emails automatis\u00e9s ou de SMS ou encore par le biais de notre chat. Exceptionnellement, des membres de notre \u00e9quipes pourront vous appeler afin de vous accompagner dans l&#8217;utilisation de nos services, effectuer une enqu\u00eate de satisfaction ou pour tout autre raison qui entreraient dans notre objet social.<\/p>\n","protected":false},"excerpt":{"rendered":"<p>Qui sommes-nous&nbsp;? L\u2019adresse de notre site Web est&nbsp;: https:\/\/www.vetorino.com\/ V\u00e9torino est exploit\u00e9 par la SAS Woofie, startup parisienne qui a vu le jour en Juin 2019. Utilisation des donn\u00e9es personnelles collect\u00e9es Donn\u00e9es personnelles Les donn\u00e9es personnelles que nous recueillons et traitons peuvent varier en fonction de la finalit\u00e9 de la collecte et des services que [&hellip;]<\/p>\n","protected":false},"author":1,"featured_media":0,"parent":0,"menu_order":0,"comment_status":"closed","ping_status":"open","template":"","meta":{"footnotes":""},"class_list":["post-3","page","type-page","status-publish","hentry"],"yoast_head":"<!-- This site is optimized with the Yoast SEO plugin v27.3 - https:\/\/yoast.com\/product\/yoast-seo-wordpress\/ -->\n<title>Politique de confidentialit\u00e9 - V\u00e9torino<\/title>\n<meta name=\"description\" content=\"Sur Vetorino.com, d\u00e9couvrez notre politique de confidentialit\u00e9 transparente et rassurante pour vos achats en toute s\u00e9r\u00e9nit\u00e9.\" \/>\n<meta name=\"robots\" content=\"noindex, nofollow\" \/>\n<meta property=\"og:locale\" content=\"fr_FR\" \/>\n<meta property=\"og:type\" content=\"article\" \/>\n<meta property=\"og:title\" content=\"Politique de confidentialit\u00e9 - V\u00e9torino\" \/>\n<meta property=\"og:description\" content=\"Sur Vetorino.com, d\u00e9couvrez notre politique de confidentialit\u00e9 transparente et rassurante pour vos achats en toute s\u00e9r\u00e9nit\u00e9.\" \/>\n<meta property=\"og:url\" content=\"https:\/\/www.vetorino.com\/veterinaire\/mandreslesroses-94520\/boutique\/politique-de-confidentialite\/\" \/>\n<meta property=\"og:site_name\" content=\"V\u00e9torino\" \/>\n<meta property=\"article:publisher\" content=\"https:\/\/www.facebook.com\/Vetorino\/\" \/>\n<meta property=\"article:modified_time\" content=\"2026-01-20T15:31:21+00:00\" \/>\n<meta property=\"og:image\" content=\"https:\/\/www.vetorino.com\/boutique\/wp-content\/uploads\/2020\/09\/logo-vetorino-1.png\" \/>\n\t<meta property=\"og:image:width\" content=\"539\" \/>\n\t<meta property=\"og:image:height\" content=\"224\" \/>\n\t<meta property=\"og:image:type\" content=\"image\/png\" \/>\n<meta name=\"twitter:card\" content=\"summary_large_image\" \/>\n<meta name=\"twitter:label1\" content=\"Dur\u00e9e de lecture estim\u00e9e\" \/>\n\t<meta name=\"twitter:data1\" content=\"7 minutes\" \/>\n<script type=\"application\/ld+json\" class=\"yoast-schema-graph\">{\"@context\":\"https:\\\/\\\/schema.org\",\"@graph\":[{\"@type\":\"WebPage\",\"@id\":\"https:\\\/\\\/www.vetorino.com\\\/boutique\\\/politique-de-confidentialite\\\/\",\"url\":\"https:\\\/\\\/www.vetorino.com\\\/boutique\\\/politique-de-confidentialite\\\/\",\"name\":\"Politique de confidentialit\u00e9 - V\u00e9torino\",\"isPartOf\":{\"@id\":\"https:\\\/\\\/www.vetorino.com\\\/boutique\\\/#website\"},\"datePublished\":\"2019-10-07T10:44:47+00:00\",\"dateModified\":\"2026-01-20T15:31:21+00:00\",\"description\":\"Sur Vetorino.com, d\u00e9couvrez notre politique de confidentialit\u00e9 transparente et rassurante pour vos achats en toute s\u00e9r\u00e9nit\u00e9.\",\"breadcrumb\":{\"@id\":\"https:\\\/\\\/www.vetorino.com\\\/boutique\\\/politique-de-confidentialite\\\/#breadcrumb\"},\"inLanguage\":\"fr-FR\",\"potentialAction\":[{\"@type\":\"ReadAction\",\"target\":[\"https:\\\/\\\/www.vetorino.com\\\/boutique\\\/politique-de-confidentialite\\\/\"]}]},{\"@type\":\"BreadcrumbList\",\"@id\":\"https:\\\/\\\/www.vetorino.com\\\/boutique\\\/politique-de-confidentialite\\\/#breadcrumb\",\"itemListElement\":[{\"@type\":\"ListItem\",\"position\":1,\"name\":\"Accueil\",\"item\":\"https:\\\/\\\/www.vetorino.com\\\/boutique\\\/\"},{\"@type\":\"ListItem\",\"position\":2,\"name\":\"Politique de confidentialit\u00e9\"}]},{\"@type\":\"WebSite\",\"@id\":\"https:\\\/\\\/www.vetorino.com\\\/boutique\\\/#website\",\"url\":\"https:\\\/\\\/www.vetorino.com\\\/boutique\\\/\",\"name\":\"V\u00e9torino\",\"description\":\"\",\"publisher\":{\"@id\":\"https:\\\/\\\/www.vetorino.com\\\/boutique\\\/#organization\"},\"potentialAction\":[{\"@type\":\"SearchAction\",\"target\":{\"@type\":\"EntryPoint\",\"urlTemplate\":\"https:\\\/\\\/www.vetorino.com\\\/boutique\\\/?s={search_term_string}\"},\"query-input\":{\"@type\":\"PropertyValueSpecification\",\"valueRequired\":true,\"valueName\":\"search_term_string\"}}],\"inLanguage\":\"fr-FR\"},{\"@type\":\"Organization\",\"@id\":\"https:\\\/\\\/www.vetorino.com\\\/boutique\\\/#organization\",\"name\":\"V\u00e9torino\",\"url\":\"https:\\\/\\\/www.vetorino.com\\\/boutique\\\/\",\"logo\":{\"@type\":\"ImageObject\",\"inLanguage\":\"fr-FR\",\"@id\":\"https:\\\/\\\/www.vetorino.com\\\/boutique\\\/#\\\/schema\\\/logo\\\/image\\\/\",\"url\":\"https:\\\/\\\/www.vetorino.com\\\/boutique\\\/wp-content\\\/uploads\\\/2024\\\/10\\\/logo.jpg\",\"contentUrl\":\"https:\\\/\\\/www.vetorino.com\\\/boutique\\\/wp-content\\\/uploads\\\/2024\\\/10\\\/logo.jpg\",\"width\":1200,\"height\":610,\"caption\":\"V\u00e9torino\"},\"image\":{\"@id\":\"https:\\\/\\\/www.vetorino.com\\\/boutique\\\/#\\\/schema\\\/logo\\\/image\\\/\"},\"sameAs\":[\"https:\\\/\\\/www.facebook.com\\\/Vetorino\\\/\",\"https:\\\/\\\/www.instagram.com\\\/vetorino_off\\\/\",\"https:\\\/\\\/www.linkedin.com\\\/company\\\/vtorino\\\/\"]}]}<\/script>\n<!-- \/ Yoast SEO plugin. -->","yoast_head_json":{"title":"Politique de confidentialit\u00e9 - V\u00e9torino","description":"Sur Vetorino.com, d\u00e9couvrez notre politique de confidentialit\u00e9 transparente et rassurante pour vos achats en toute s\u00e9r\u00e9nit\u00e9.","robots":{"index":"noindex","follow":"nofollow"},"og_locale":"fr_FR","og_type":"article","og_title":"Politique de confidentialit\u00e9 - V\u00e9torino","og_description":"Sur Vetorino.com, d\u00e9couvrez notre politique de confidentialit\u00e9 transparente et rassurante pour vos achats en toute s\u00e9r\u00e9nit\u00e9.","og_url":"https:\/\/www.vetorino.com\/veterinaire\/mandreslesroses-94520\/boutique\/politique-de-confidentialite\/","og_site_name":"V\u00e9torino","article_publisher":"https:\/\/www.facebook.com\/Vetorino\/","article_modified_time":"2026-01-20T15:31:21+00:00","og_image":[{"width":539,"height":224,"url":"https:\/\/www.vetorino.com\/boutique\/wp-content\/uploads\/2020\/09\/logo-vetorino-1.png","type":"image\/png"}],"twitter_card":"summary_large_image","twitter_misc":{"Dur\u00e9e de lecture estim\u00e9e":"7 minutes"},"schema":{"@context":"https:\/\/schema.org","@graph":[{"@type":"WebPage","@id":"https:\/\/www.vetorino.com\/boutique\/politique-de-confidentialite\/","url":"https:\/\/www.vetorino.com\/boutique\/politique-de-confidentialite\/","name":"Politique de confidentialit\u00e9 - V\u00e9torino","isPartOf":{"@id":"https:\/\/www.vetorino.com\/boutique\/#website"},"datePublished":"2019-10-07T10:44:47+00:00","dateModified":"2026-01-20T15:31:21+00:00","description":"Sur Vetorino.com, d\u00e9couvrez notre politique de confidentialit\u00e9 transparente et rassurante pour vos achats en toute s\u00e9r\u00e9nit\u00e9.","breadcrumb":{"@id":"https:\/\/www.vetorino.com\/boutique\/politique-de-confidentialite\/#breadcrumb"},"inLanguage":"fr-FR","potentialAction":[{"@type":"ReadAction","target":["https:\/\/www.vetorino.com\/boutique\/politique-de-confidentialite\/"]}]},{"@type":"BreadcrumbList","@id":"https:\/\/www.vetorino.com\/boutique\/politique-de-confidentialite\/#breadcrumb","itemListElement":[{"@type":"ListItem","position":1,"name":"Accueil","item":"https:\/\/www.vetorino.com\/boutique\/"},{"@type":"ListItem","position":2,"name":"Politique de confidentialit\u00e9"}]},{"@type":"WebSite","@id":"https:\/\/www.vetorino.com\/boutique\/#website","url":"https:\/\/www.vetorino.com\/boutique\/","name":"V\u00e9torino","description":"","publisher":{"@id":"https:\/\/www.vetorino.com\/boutique\/#organization"},"potentialAction":[{"@type":"SearchAction","target":{"@type":"EntryPoint","urlTemplate":"https:\/\/www.vetorino.com\/boutique\/?s={search_term_string}"},"query-input":{"@type":"PropertyValueSpecification","valueRequired":true,"valueName":"search_term_string"}}],"inLanguage":"fr-FR"},{"@type":"Organization","@id":"https:\/\/www.vetorino.com\/boutique\/#organization","name":"V\u00e9torino","url":"https:\/\/www.vetorino.com\/boutique\/","logo":{"@type":"ImageObject","inLanguage":"fr-FR","@id":"https:\/\/www.vetorino.com\/boutique\/#\/schema\/logo\/image\/","url":"https:\/\/www.vetorino.com\/boutique\/wp-content\/uploads\/2024\/10\/logo.jpg","contentUrl":"https:\/\/www.vetorino.com\/boutique\/wp-content\/uploads\/2024\/10\/logo.jpg","width":1200,"height":610,"caption":"V\u00e9torino"},"image":{"@id":"https:\/\/www.vetorino.com\/boutique\/#\/schema\/logo\/image\/"},"sameAs":["https:\/\/www.facebook.com\/Vetorino\/","https:\/\/www.instagram.com\/vetorino_off\/","https:\/\/www.linkedin.com\/company\/vtorino\/"]}]}},"_links":{"self":[{"href":"https:\/\/www.vetorino.com\/veterinaire\/mandreslesroses-94520\/boutique\/wp-json\/wp\/v2\/pages\/3","targetHints":{"allow":["GET"]}}],"collection":[{"href":"https:\/\/www.vetorino.com\/veterinaire\/mandreslesroses-94520\/boutique\/wp-json\/wp\/v2\/pages"}],"about":[{"href":"https:\/\/www.vetorino.com\/veterinaire\/mandreslesroses-94520\/boutique\/wp-json\/wp\/v2\/types\/page"}],"author":[{"embeddable":true,"href":"https:\/\/www.vetorino.com\/veterinaire\/mandreslesroses-94520\/boutique\/wp-json\/wp\/v2\/users\/1"}],"replies":[{"embeddable":true,"href":"https:\/\/www.vetorino.com\/veterinaire\/mandreslesroses-94520\/boutique\/wp-json\/wp\/v2\/comments?post=3"}],"version-history":[{"count":2,"href":"https:\/\/www.vetorino.com\/veterinaire\/mandreslesroses-94520\/boutique\/wp-json\/wp\/v2\/pages\/3\/revisions"}],"predecessor-version":[{"id":832014,"href":"https:\/\/www.vetorino.com\/veterinaire\/mandreslesroses-94520\/boutique\/wp-json\/wp\/v2\/pages\/3\/revisions\/832014"}],"wp:attachment":[{"href":"https:\/\/www.vetorino.com\/veterinaire\/mandreslesroses-94520\/boutique\/wp-json\/wp\/v2\/media?parent=3"}],"curies":[{"name":"wp","href":"https:\/\/api.w.org\/{rel}","templated":true}]}}