{"id":101549,"date":"2020-06-30T11:48:25","date_gmt":"2020-06-30T09:48:25","guid":{"rendered":"https:\/\/www.vetorino.com\/boutique\/product\/repas-complet-cochon-dinde-acti\/"},"modified":"2024-01-14T02:42:12","modified_gmt":"2024-01-14T01:42:12","slug":"repas-complet-cochon-dinde-acti","status":"publish","type":"product","link":"https:\/\/www.vetorino.com\/veterinaire\/mandreslesroses-94520\/boutique\/product\/repas-complet-cochon-dinde-acti\/","title":{"rendered":"Repas Complet Cochon d&#8217;Inde Acti"},"content":{"rendered":"<div class='hidden'>HAMI FORM SARL SOCEC<\/div>\n<div class='hidden'>Rongeurs<\/div>\n<div class='hidden'>Sec<\/div>\n<div class='hidden'>Granul\u00e9s<\/div>\n<div class='hidden'>Cochon d&#8217;inde &#8211; Adulte<\/div>\n<p>Le Cochon d&#8217;Inde Acti a \u00e9t\u00e9 sp\u00e9cifiquement \u00e9tudi\u00e9 pour aider votre animal de compagnie \u00e0 renforcer et stabiliser ses d\u00e9fenses immunitaires contre les divers parasites internes susceptibles de nuire \u00e0 sa bonne sant\u00e9.<br \/>Gr\u00e2ce \u00e0 l&#8217;importante diversit\u00e9 et au grand nombre de ses plantes aromatiques aux vertus reconnues (gramin\u00e9es, l\u00e9gumineux, ombellif\u00e8res, plantes aromatiques et autres issus du c&#338;ur de foin)*, le Cochon d&#8217;Inde Acti rappelle par son go\u00fbt et son odeur ce que votre rongeur aurait instinctivement cherch\u00e9 dans la nature. Les vitamines, fibres, min\u00e9raux pr\u00e9sents dans cet aliment participent \u00e0 la bonne harmonie de la flore intestinale.<\/p>\n","protected":false},"excerpt":{"rendered":"<p>HAMI FORM SARL SOCEC Rongeurs Sec Granul\u00e9s Cochon d&#8217;inde &#8211; Adulte Le Cochon d&#8217;Inde Acti a \u00e9t\u00e9 sp\u00e9cifiquement \u00e9tudi\u00e9 pour aider votre animal de compagnie \u00e0 renforcer et stabiliser ses d\u00e9fenses immunitaires contre les divers parasites internes susceptibles de nuire \u00e0 sa bonne sant\u00e9.Gr\u00e2ce \u00e0 l&#8217;importante diversit\u00e9 et au grand nombre de ses plantes aromatiques [&hellip;]<\/p>\n","protected":false},"featured_media":101548,"template":"","meta":[],"product_cat":[6892,2727,12570],"product_tag":[],"class_list":{"0":"post-101549","1":"product","2":"type-product","3":"status-publish","4":"has-post-thumbnail","6":"product_cat-cochons-dinde","7":"product_cat-nac","8":"product_cat-rongeur","9":"pa_marque-hami-form-sarl-socec","11":"first","12":"outofstock","13":"taxable","14":"shipping-taxable","15":"purchasable","16":"product-type-simple"},"yoast_head":"<!-- This site is optimized with the Yoast SEO plugin v27.3 - https:\/\/yoast.com\/product\/yoast-seo-wordpress\/ -->\n<title>Repas Complet Cochon d&#039;Inde Acti HAMI FORM SARL SOCEC - V\u00e9torino<\/title>\n<meta name=\"description\" content=\"HAMI FORM SARL SOCECRongeursSecGranul\u00e9sCochon d&#039;inde - AdulteLe Cochon d&#039;Inde Acti a \u00e9t\u00e9 sp\u00e9cifiquement \u00e9tudi\u00e9 pour aider votre animal de compagnie \u00e0\" \/>\n<meta name=\"robots\" content=\"noindex, nofollow\" \/>\n<meta property=\"og:locale\" content=\"fr_FR\" \/>\n<meta property=\"og:type\" content=\"article\" \/>\n<meta property=\"og:title\" content=\"Repas Complet Cochon d&#039;Inde Acti HAMI FORM SARL SOCEC - V\u00e9torino\" \/>\n<meta property=\"og:description\" content=\"HAMI FORM SARL SOCECRongeursSecGranul\u00e9sCochon d&#039;inde - AdulteLe Cochon d&#039;Inde Acti a \u00e9t\u00e9 sp\u00e9cifiquement \u00e9tudi\u00e9 pour aider votre animal de compagnie \u00e0\" \/>\n<meta property=\"og:url\" content=\"https:\/\/www.vetorino.com\/veterinaire\/mandreslesroses-94520\/boutique\/product\/repas-complet-cochon-dinde-acti\/\" \/>\n<meta property=\"og:site_name\" content=\"V\u00e9torino\" \/>\n<meta property=\"article:publisher\" content=\"https:\/\/www.facebook.com\/Vetorino\/\" \/>\n<meta property=\"article:modified_time\" content=\"2024-01-14T01:42:12+00:00\" \/>\n<meta property=\"og:image\" content=\"https:\/\/www.vetorino.com\/boutique\/wp-content\/uploads\/2020\/06\/FilsREP030FormatMediumTypeIM.png\" \/>\n\t<meta property=\"og:image:width\" content=\"400\" \/>\n\t<meta property=\"og:image:height\" content=\"400\" \/>\n\t<meta property=\"og:image:type\" content=\"image\/png\" \/>\n<meta name=\"twitter:card\" content=\"summary_large_image\" \/>\n<meta name=\"twitter:label1\" content=\"Prix\" \/>\n\t<meta name=\"twitter:data1\" content=\"5,83&euro;\" \/>\n\t<meta name=\"twitter:label2\" content=\"Disponibilit\u00e9\" \/>\n\t<meta name=\"twitter:data2\" content=\"Rupture de stock\" \/>\n<script type=\"application\/ld+json\" class=\"yoast-schema-graph\">{\"@context\":\"https:\\\/\\\/schema.org\",\"@graph\":[{\"@type\":\"WebPage\",\"@id\":\"https:\\\/\\\/www.vetorino.com\\\/boutique\\\/product\\\/repas-complet-cochon-dinde-acti\\\/\",\"url\":\"https:\\\/\\\/www.vetorino.com\\\/boutique\\\/product\\\/repas-complet-cochon-dinde-acti\\\/\",\"name\":\"Repas Complet Cochon d'Inde Acti HAMI FORM SARL SOCEC - V\u00e9torino\",\"isPartOf\":{\"@id\":\"https:\\\/\\\/www.vetorino.com\\\/boutique\\\/#website\"},\"primaryImageOfPage\":{\"@id\":\"https:\\\/\\\/www.vetorino.com\\\/boutique\\\/product\\\/repas-complet-cochon-dinde-acti\\\/#primaryimage\"},\"image\":{\"@id\":\"https:\\\/\\\/www.vetorino.com\\\/boutique\\\/product\\\/repas-complet-cochon-dinde-acti\\\/#primaryimage\"},\"thumbnailUrl\":\"https:\\\/\\\/www.vetorino.com\\\/boutique\\\/wp-content\\\/uploads\\\/2020\\\/06\\\/FilsREP030FormatMediumTypeIM.png\",\"datePublished\":\"2020-06-30T09:48:25+00:00\",\"dateModified\":\"2024-01-14T01:42:12+00:00\",\"description\":\"HAMI FORM SARL SOCECRongeursSecGranul\u00e9sCochon d'inde - AdulteLe Cochon d'Inde Acti a \u00e9t\u00e9 sp\u00e9cifiquement \u00e9tudi\u00e9 pour aider votre animal de compagnie \u00e0\",\"breadcrumb\":{\"@id\":\"https:\\\/\\\/www.vetorino.com\\\/boutique\\\/product\\\/repas-complet-cochon-dinde-acti\\\/#breadcrumb\"},\"inLanguage\":\"fr-FR\",\"potentialAction\":[{\"@type\":\"ReadAction\",\"target\":[\"https:\\\/\\\/www.vetorino.com\\\/boutique\\\/product\\\/repas-complet-cochon-dinde-acti\\\/\"]}]},{\"@type\":\"ImageObject\",\"inLanguage\":\"fr-FR\",\"@id\":\"https:\\\/\\\/www.vetorino.com\\\/boutique\\\/product\\\/repas-complet-cochon-dinde-acti\\\/#primaryimage\",\"url\":\"https:\\\/\\\/www.vetorino.com\\\/boutique\\\/wp-content\\\/uploads\\\/2020\\\/06\\\/FilsREP030FormatMediumTypeIM.png\",\"contentUrl\":\"https:\\\/\\\/www.vetorino.com\\\/boutique\\\/wp-content\\\/uploads\\\/2020\\\/06\\\/FilsREP030FormatMediumTypeIM.png\",\"width\":400,\"height\":400},{\"@type\":\"BreadcrumbList\",\"@id\":\"https:\\\/\\\/www.vetorino.com\\\/boutique\\\/product\\\/repas-complet-cochon-dinde-acti\\\/#breadcrumb\",\"itemListElement\":[{\"@type\":\"ListItem\",\"position\":1,\"name\":\"Accueil\",\"item\":\"https:\\\/\\\/www.vetorino.com\\\/boutique\\\/\"},{\"@type\":\"ListItem\",\"position\":2,\"name\":\"Produits\",\"item\":\"https:\\\/\\\/www.vetorino.com\\\/boutique\\\/\"},{\"@type\":\"ListItem\",\"position\":3,\"name\":\"Repas Complet Cochon d&#8217;Inde Acti\"}]},{\"@type\":\"WebSite\",\"@id\":\"https:\\\/\\\/www.vetorino.com\\\/boutique\\\/#website\",\"url\":\"https:\\\/\\\/www.vetorino.com\\\/boutique\\\/\",\"name\":\"V\u00e9torino\",\"description\":\"\",\"publisher\":{\"@id\":\"https:\\\/\\\/www.vetorino.com\\\/boutique\\\/#organization\"},\"potentialAction\":[{\"@type\":\"SearchAction\",\"target\":{\"@type\":\"EntryPoint\",\"urlTemplate\":\"https:\\\/\\\/www.vetorino.com\\\/boutique\\\/?s={search_term_string}\"},\"query-input\":{\"@type\":\"PropertyValueSpecification\",\"valueRequired\":true,\"valueName\":\"search_term_string\"}}],\"inLanguage\":\"fr-FR\"},{\"@type\":\"Organization\",\"@id\":\"https:\\\/\\\/www.vetorino.com\\\/boutique\\\/#organization\",\"name\":\"V\u00e9torino\",\"url\":\"https:\\\/\\\/www.vetorino.com\\\/boutique\\\/\",\"logo\":{\"@type\":\"ImageObject\",\"inLanguage\":\"fr-FR\",\"@id\":\"https:\\\/\\\/www.vetorino.com\\\/boutique\\\/#\\\/schema\\\/logo\\\/image\\\/\",\"url\":\"https:\\\/\\\/www.vetorino.com\\\/boutique\\\/wp-content\\\/uploads\\\/2024\\\/10\\\/logo.jpg\",\"contentUrl\":\"https:\\\/\\\/www.vetorino.com\\\/boutique\\\/wp-content\\\/uploads\\\/2024\\\/10\\\/logo.jpg\",\"width\":1200,\"height\":610,\"caption\":\"V\u00e9torino\"},\"image\":{\"@id\":\"https:\\\/\\\/www.vetorino.com\\\/boutique\\\/#\\\/schema\\\/logo\\\/image\\\/\"},\"sameAs\":[\"https:\\\/\\\/www.facebook.com\\\/Vetorino\\\/\",\"https:\\\/\\\/www.instagram.com\\\/vetorino_off\\\/\",\"https:\\\/\\\/www.linkedin.com\\\/company\\\/vtorino\\\/\"]}]}<\/script>\n<meta property=\"product:brand\" content=\"HAMI FORM SARL SOCEC\" \/>\n<meta property=\"product:price:amount\" content=\"5.83\" \/>\n<meta property=\"product:price:currency\" content=\"EUR\" \/>\n<meta property=\"og:availability\" content=\"out of stock\" \/>\n<meta property=\"product:availability\" content=\"out of stock\" \/>\n<meta property=\"product:retailer_item_id\" content=\"C-REP030\" \/>\n<meta property=\"product:condition\" content=\"new\" \/>\n<!-- \/ Yoast SEO plugin. -->","yoast_head_json":{"title":"Repas Complet Cochon d'Inde Acti HAMI FORM SARL SOCEC - V\u00e9torino","description":"HAMI FORM SARL SOCECRongeursSecGranul\u00e9sCochon d'inde - AdulteLe Cochon d'Inde Acti a \u00e9t\u00e9 sp\u00e9cifiquement \u00e9tudi\u00e9 pour aider votre animal de compagnie \u00e0","robots":{"index":"noindex","follow":"nofollow"},"og_locale":"fr_FR","og_type":"article","og_title":"Repas Complet Cochon d'Inde Acti HAMI FORM SARL SOCEC - V\u00e9torino","og_description":"HAMI FORM SARL SOCECRongeursSecGranul\u00e9sCochon d'inde - AdulteLe Cochon d'Inde Acti a \u00e9t\u00e9 sp\u00e9cifiquement \u00e9tudi\u00e9 pour aider votre animal de compagnie \u00e0","og_url":"https:\/\/www.vetorino.com\/veterinaire\/mandreslesroses-94520\/boutique\/product\/repas-complet-cochon-dinde-acti\/","og_site_name":"V\u00e9torino","article_publisher":"https:\/\/www.facebook.com\/Vetorino\/","article_modified_time":"2024-01-14T01:42:12+00:00","og_image":[{"width":400,"height":400,"url":"https:\/\/www.vetorino.com\/boutique\/wp-content\/uploads\/2020\/06\/FilsREP030FormatMediumTypeIM.png","type":"image\/png"}],"twitter_card":"summary_large_image","twitter_misc":{"Prix":"5,83&euro;","Disponibilit\u00e9":"Rupture de stock"},"schema":{"@context":"https:\/\/schema.org","@graph":[{"@type":"WebPage","@id":"https:\/\/www.vetorino.com\/boutique\/product\/repas-complet-cochon-dinde-acti\/","url":"https:\/\/www.vetorino.com\/boutique\/product\/repas-complet-cochon-dinde-acti\/","name":"Repas Complet Cochon d'Inde Acti HAMI FORM SARL SOCEC - V\u00e9torino","isPartOf":{"@id":"https:\/\/www.vetorino.com\/boutique\/#website"},"primaryImageOfPage":{"@id":"https:\/\/www.vetorino.com\/boutique\/product\/repas-complet-cochon-dinde-acti\/#primaryimage"},"image":{"@id":"https:\/\/www.vetorino.com\/boutique\/product\/repas-complet-cochon-dinde-acti\/#primaryimage"},"thumbnailUrl":"https:\/\/www.vetorino.com\/boutique\/wp-content\/uploads\/2020\/06\/FilsREP030FormatMediumTypeIM.png","datePublished":"2020-06-30T09:48:25+00:00","dateModified":"2024-01-14T01:42:12+00:00","description":"HAMI FORM SARL SOCECRongeursSecGranul\u00e9sCochon d'inde - AdulteLe Cochon d'Inde Acti a \u00e9t\u00e9 sp\u00e9cifiquement \u00e9tudi\u00e9 pour aider votre animal de compagnie \u00e0","breadcrumb":{"@id":"https:\/\/www.vetorino.com\/boutique\/product\/repas-complet-cochon-dinde-acti\/#breadcrumb"},"inLanguage":"fr-FR","potentialAction":[{"@type":"ReadAction","target":["https:\/\/www.vetorino.com\/boutique\/product\/repas-complet-cochon-dinde-acti\/"]}]},{"@type":"ImageObject","inLanguage":"fr-FR","@id":"https:\/\/www.vetorino.com\/boutique\/product\/repas-complet-cochon-dinde-acti\/#primaryimage","url":"https:\/\/www.vetorino.com\/boutique\/wp-content\/uploads\/2020\/06\/FilsREP030FormatMediumTypeIM.png","contentUrl":"https:\/\/www.vetorino.com\/boutique\/wp-content\/uploads\/2020\/06\/FilsREP030FormatMediumTypeIM.png","width":400,"height":400},{"@type":"BreadcrumbList","@id":"https:\/\/www.vetorino.com\/boutique\/product\/repas-complet-cochon-dinde-acti\/#breadcrumb","itemListElement":[{"@type":"ListItem","position":1,"name":"Accueil","item":"https:\/\/www.vetorino.com\/boutique\/"},{"@type":"ListItem","position":2,"name":"Produits","item":"https:\/\/www.vetorino.com\/boutique\/"},{"@type":"ListItem","position":3,"name":"Repas Complet Cochon d&#8217;Inde Acti"}]},{"@type":"WebSite","@id":"https:\/\/www.vetorino.com\/boutique\/#website","url":"https:\/\/www.vetorino.com\/boutique\/","name":"V\u00e9torino","description":"","publisher":{"@id":"https:\/\/www.vetorino.com\/boutique\/#organization"},"potentialAction":[{"@type":"SearchAction","target":{"@type":"EntryPoint","urlTemplate":"https:\/\/www.vetorino.com\/boutique\/?s={search_term_string}"},"query-input":{"@type":"PropertyValueSpecification","valueRequired":true,"valueName":"search_term_string"}}],"inLanguage":"fr-FR"},{"@type":"Organization","@id":"https:\/\/www.vetorino.com\/boutique\/#organization","name":"V\u00e9torino","url":"https:\/\/www.vetorino.com\/boutique\/","logo":{"@type":"ImageObject","inLanguage":"fr-FR","@id":"https:\/\/www.vetorino.com\/boutique\/#\/schema\/logo\/image\/","url":"https:\/\/www.vetorino.com\/boutique\/wp-content\/uploads\/2024\/10\/logo.jpg","contentUrl":"https:\/\/www.vetorino.com\/boutique\/wp-content\/uploads\/2024\/10\/logo.jpg","width":1200,"height":610,"caption":"V\u00e9torino"},"image":{"@id":"https:\/\/www.vetorino.com\/boutique\/#\/schema\/logo\/image\/"},"sameAs":["https:\/\/www.facebook.com\/Vetorino\/","https:\/\/www.instagram.com\/vetorino_off\/","https:\/\/www.linkedin.com\/company\/vtorino\/"]}]},"product_brand":"HAMI FORM SARL SOCEC","product_price_amount":"5.83","product_price_currency":"EUR","og_availability":"out of stock","product_availability":"out of stock","product_retailer_item_id":"C-REP030","product_condition":"new"},"_links":{"self":[{"href":"https:\/\/www.vetorino.com\/veterinaire\/mandreslesroses-94520\/boutique\/wp-json\/wp\/v2\/product\/101549","targetHints":{"allow":["GET"]}}],"collection":[{"href":"https:\/\/www.vetorino.com\/veterinaire\/mandreslesroses-94520\/boutique\/wp-json\/wp\/v2\/product"}],"about":[{"href":"https:\/\/www.vetorino.com\/veterinaire\/mandreslesroses-94520\/boutique\/wp-json\/wp\/v2\/types\/product"}],"wp:featuredmedia":[{"embeddable":true,"href":"https:\/\/www.vetorino.com\/veterinaire\/mandreslesroses-94520\/boutique\/wp-json\/wp\/v2\/media\/101548"}],"wp:attachment":[{"href":"https:\/\/www.vetorino.com\/veterinaire\/mandreslesroses-94520\/boutique\/wp-json\/wp\/v2\/media?parent=101549"}],"wp:term":[{"taxonomy":"product_cat","embeddable":true,"href":"https:\/\/www.vetorino.com\/veterinaire\/mandreslesroses-94520\/boutique\/wp-json\/wp\/v2\/product_cat?post=101549"},{"taxonomy":"product_tag","embeddable":true,"href":"https:\/\/www.vetorino.com\/veterinaire\/mandreslesroses-94520\/boutique\/wp-json\/wp\/v2\/product_tag?post=101549"}],"curies":[{"name":"wp","href":"https:\/\/api.w.org\/{rel}","templated":true}]}}