{"id":101837,"date":"2020-06-30T12:32:21","date_gmt":"2020-06-30T10:32:21","guid":{"rendered":"https:\/\/www.vetorino.com\/boutique\/product\/selective-harvest-loops-pour-hamsters\/"},"modified":"2026-04-03T18:56:24","modified_gmt":"2026-04-03T16:56:24","slug":"selective-harvest-loops-pour-hamsters","status":"publish","type":"product","link":"https:\/\/www.vetorino.com\/veterinaire\/mandreslesroses-94520\/boutique\/product\/selective-harvest-loops-pour-hamsters\/","title":{"rendered":"Selective Naturals Harvest Loops Hamster"},"content":{"rendered":"<p><strong>Friandises nutritives pour hamsters et gerbilles qui compl\u00e8tent parfaitement la gamme d\u2019aliments et de foin Selective.<\/strong><\/p>\n<p><strong>Utilisation :<\/strong><\/p>\n<ul>\n<li>Convient aux hamsters, gerbilles, souris et rats.<\/li>\n<\/ul>\n<h4 class=\"product-features__tab-heading text-tertiary\">Mode d\u2019emploi :<\/h4>\n<ul>\n<li>\u00c0 utiliser comme friandise pour compl\u00e9menter l\u2019alimentation r\u00e9guli\u00e8re de votre animal de compagnie.<\/li>\n<li>Donner de 1 \u00e0 2 friandises par jour en fonction de la taille de l\u2019animal. De l\u2019eau fra\u00eeche doit \u00eatre disponible en tout temps.<\/li>\n<li>Conserver dans un endroit frais et sec.<\/li>\n<\/ul>\n<p><strong>Bienfaits essentiels :<\/strong><\/p>\n<ul class=\"product-header__points\">\n<li class=\"product-header__point feature feature--tertiary\">Friandises pour hamsters, gerbilles, rats et souris<\/li>\n<li class=\"product-header__point feature feature--tertiary\">Avec de la <strong>pomme<\/strong>, des<strong> graines de lin<\/strong> et <strong>arachides<\/strong><\/li>\n<li class=\"product-header__point feature feature--tertiary\">Parfait pour une<strong> alimentation \u00e0 la main<\/strong>, favorise les <strong>interactions<\/strong> et la cr\u00e9ation d\u2019un lien avec l\u2019animal<\/li>\n<li class=\"product-header__point feature feature--tertiary\">Riche en ingr\u00e9dients <strong>naturels<\/strong><\/li>\n<li class=\"product-header__point feature feature--tertiary\">Vraiment <strong>savoureux<\/strong> sans aucun sucre ajout\u00e9<\/li>\n<li class=\"product-header__point feature feature--tertiary\">Sans colorants ni aro\u0302mes artificiels<\/li>\n<li class=\"product-header__point feature feature--tertiary\">Contient des graines de lin, une source naturelle d\u2019Om\u00e9ga 3 et 6, pour une peau saine et un pelage brillant<\/li>\n<li class=\"product-header__point feature feature--tertiary\">Recommand\u00e9 par les <strong>v\u00e9t\u00e9rinaires<\/strong><\/li>\n<li class=\"product-header__point feature feature--tertiary\">Emballage <strong>recyclable<\/strong><\/li>\n<\/ul>\n","protected":false},"excerpt":{"rendered":"<p><strong>Friandises nutritives pour hamsters et gerbilles qui compl\u00e8tent parfaitement la gamme d\u2019aliments et de foin Selective.<\/strong><\/p>\n<p><strong>Utilisation :<\/strong><\/p>\n<ul>\n<li>Convient aux hamsters, gerbilles, souris et rats.<\/li>\n<\/ul>\n","protected":false},"featured_media":915955,"template":"","meta":[],"product_cat":[12580,12669,2727,12570],"product_tag":[],"class_list":{"0":"post-101837","1":"product","2":"type-product","3":"status-publish","4":"has-post-thumbnail","6":"product_cat-alimentation-du-rongeur","7":"product_cat-friandise-pour-rongeur","8":"product_cat-nac","9":"product_cat-rongeur","10":"pa_marque-supreme-petfoods","12":"first","13":"outofstock","14":"taxable","15":"shipping-taxable","16":"purchasable","17":"product-type-simple"},"yoast_head":"<!-- This site is optimized with the Yoast SEO plugin v27.3 - https:\/\/yoast.com\/product\/yoast-seo-wordpress\/ -->\n<title>Selective Naturals Harvest Loops Hamster Supreme Petfoods - V\u00e9torino<\/title>\n<meta name=\"description\" content=\"Friandises nutritives pour hamsters et gerbilles qui compl\u00e8tent parfaitement la gamme d\u2019aliments et de foin Selective.  Utilisation :   Convient aux hamsters, gerbilles, souris et rats.\" \/>\n<meta name=\"robots\" content=\"noindex, nofollow\" \/>\n<meta property=\"og:locale\" content=\"fr_FR\" \/>\n<meta property=\"og:type\" content=\"article\" \/>\n<meta property=\"og:title\" content=\"Selective Naturals Harvest Loops Hamster Supreme Petfoods - V\u00e9torino\" \/>\n<meta property=\"og:description\" content=\"Friandises nutritives pour hamsters et gerbilles qui compl\u00e8tent parfaitement la gamme d\u2019aliments et de foin Selective.  Utilisation :   Convient aux hamsters, gerbilles, souris et rats.\" \/>\n<meta property=\"og:url\" content=\"https:\/\/www.vetorino.com\/veterinaire\/mandreslesroses-94520\/boutique\/product\/selective-harvest-loops-pour-hamsters\/\" \/>\n<meta property=\"og:site_name\" content=\"V\u00e9torino\" \/>\n<meta property=\"article:publisher\" content=\"https:\/\/www.facebook.com\/Vetorino\/\" \/>\n<meta property=\"article:modified_time\" content=\"2026-04-03T16:56:24+00:00\" \/>\n<meta property=\"og:image\" content=\"https:\/\/www.vetorino.com\/boutique\/wp-content\/uploads\/2020\/06\/selective-naturals-harvest-loops-hamster.webp\" \/>\n\t<meta property=\"og:image:width\" content=\"800\" \/>\n\t<meta property=\"og:image:height\" content=\"800\" \/>\n\t<meta property=\"og:image:type\" content=\"image\/webp\" \/>\n<meta name=\"twitter:card\" content=\"summary_large_image\" \/>\n<meta name=\"twitter:label1\" content=\"Prix\" \/>\n\t<meta name=\"twitter:data1\" content=\"11,48&euro;\" \/>\n\t<meta name=\"twitter:label2\" content=\"Disponibilit\u00e9\" \/>\n\t<meta name=\"twitter:data2\" content=\"Rupture de stock\" \/>\n<script type=\"application\/ld+json\" class=\"yoast-schema-graph\">{\"@context\":\"https:\\\/\\\/schema.org\",\"@graph\":[{\"@type\":\"WebPage\",\"@id\":\"https:\\\/\\\/www.vetorino.com\\\/veterinaire\\\/evry-91000\\\/boutique\\\/product\\\/selective-harvest-loops-pour-hamsters\\\/\",\"url\":\"https:\\\/\\\/www.vetorino.com\\\/veterinaire\\\/evry-91000\\\/boutique\\\/product\\\/selective-harvest-loops-pour-hamsters\\\/\",\"name\":\"Selective Naturals Harvest Loops Hamster Supreme Petfoods - V\u00e9torino\",\"isPartOf\":{\"@id\":\"https:\\\/\\\/www.vetorino.com\\\/boutique\\\/#website\"},\"primaryImageOfPage\":{\"@id\":\"https:\\\/\\\/www.vetorino.com\\\/veterinaire\\\/evry-91000\\\/boutique\\\/product\\\/selective-harvest-loops-pour-hamsters\\\/#primaryimage\"},\"image\":{\"@id\":\"https:\\\/\\\/www.vetorino.com\\\/veterinaire\\\/evry-91000\\\/boutique\\\/product\\\/selective-harvest-loops-pour-hamsters\\\/#primaryimage\"},\"thumbnailUrl\":\"https:\\\/\\\/www.vetorino.com\\\/boutique\\\/wp-content\\\/uploads\\\/2020\\\/06\\\/selective-naturals-harvest-loops-hamster.webp\",\"datePublished\":\"2020-06-30T10:32:21+00:00\",\"dateModified\":\"2026-04-03T16:56:24+00:00\",\"description\":\"Friandises nutritives pour hamsters et gerbilles qui compl\u00e8tent parfaitement la gamme d\u2019aliments et de foin Selective. Utilisation : Convient aux hamsters, gerbilles, souris et rats.\",\"breadcrumb\":{\"@id\":\"https:\\\/\\\/www.vetorino.com\\\/veterinaire\\\/evry-91000\\\/boutique\\\/product\\\/selective-harvest-loops-pour-hamsters\\\/#breadcrumb\"},\"inLanguage\":\"fr-FR\",\"potentialAction\":[{\"@type\":\"ReadAction\",\"target\":[\"https:\\\/\\\/www.vetorino.com\\\/veterinaire\\\/evry-91000\\\/boutique\\\/product\\\/selective-harvest-loops-pour-hamsters\\\/\"]}]},{\"@type\":\"ImageObject\",\"inLanguage\":\"fr-FR\",\"@id\":\"https:\\\/\\\/www.vetorino.com\\\/veterinaire\\\/evry-91000\\\/boutique\\\/product\\\/selective-harvest-loops-pour-hamsters\\\/#primaryimage\",\"url\":\"https:\\\/\\\/www.vetorino.com\\\/boutique\\\/wp-content\\\/uploads\\\/2020\\\/06\\\/selective-naturals-harvest-loops-hamster.webp\",\"contentUrl\":\"https:\\\/\\\/www.vetorino.com\\\/boutique\\\/wp-content\\\/uploads\\\/2020\\\/06\\\/selective-naturals-harvest-loops-hamster.webp\",\"width\":800,\"height\":800},{\"@type\":\"BreadcrumbList\",\"@id\":\"https:\\\/\\\/www.vetorino.com\\\/veterinaire\\\/evry-91000\\\/boutique\\\/product\\\/selective-harvest-loops-pour-hamsters\\\/#breadcrumb\",\"itemListElement\":[{\"@type\":\"ListItem\",\"position\":1,\"name\":\"Accueil\",\"item\":\"https:\\\/\\\/www.vetorino.com\\\/boutique\\\/\"},{\"@type\":\"ListItem\",\"position\":2,\"name\":\"Produits\",\"item\":\"https:\\\/\\\/www.vetorino.com\\\/boutique\\\/\"},{\"@type\":\"ListItem\",\"position\":3,\"name\":\"Selective Naturals Harvest Loops Hamster\"}]},{\"@type\":\"WebSite\",\"@id\":\"https:\\\/\\\/www.vetorino.com\\\/boutique\\\/#website\",\"url\":\"https:\\\/\\\/www.vetorino.com\\\/boutique\\\/\",\"name\":\"V\u00e9torino\",\"description\":\"\",\"publisher\":{\"@id\":\"https:\\\/\\\/www.vetorino.com\\\/boutique\\\/#organization\"},\"potentialAction\":[{\"@type\":\"SearchAction\",\"target\":{\"@type\":\"EntryPoint\",\"urlTemplate\":\"https:\\\/\\\/www.vetorino.com\\\/boutique\\\/?s={search_term_string}\"},\"query-input\":{\"@type\":\"PropertyValueSpecification\",\"valueRequired\":true,\"valueName\":\"search_term_string\"}}],\"inLanguage\":\"fr-FR\"},{\"@type\":\"Organization\",\"@id\":\"https:\\\/\\\/www.vetorino.com\\\/boutique\\\/#organization\",\"name\":\"V\u00e9torino\",\"url\":\"https:\\\/\\\/www.vetorino.com\\\/boutique\\\/\",\"logo\":{\"@type\":\"ImageObject\",\"inLanguage\":\"fr-FR\",\"@id\":\"https:\\\/\\\/www.vetorino.com\\\/boutique\\\/#\\\/schema\\\/logo\\\/image\\\/\",\"url\":\"https:\\\/\\\/www.vetorino.com\\\/boutique\\\/wp-content\\\/uploads\\\/2024\\\/10\\\/logo.jpg\",\"contentUrl\":\"https:\\\/\\\/www.vetorino.com\\\/boutique\\\/wp-content\\\/uploads\\\/2024\\\/10\\\/logo.jpg\",\"width\":1200,\"height\":610,\"caption\":\"V\u00e9torino\"},\"image\":{\"@id\":\"https:\\\/\\\/www.vetorino.com\\\/boutique\\\/#\\\/schema\\\/logo\\\/image\\\/\"},\"sameAs\":[\"https:\\\/\\\/www.facebook.com\\\/Vetorino\\\/\",\"https:\\\/\\\/www.instagram.com\\\/vetorino_off\\\/\",\"https:\\\/\\\/www.linkedin.com\\\/company\\\/vtorino\\\/\"]}]}<\/script>\n<meta property=\"product:brand\" content=\"Supreme Petfoods\" \/>\n<meta property=\"product:price:amount\" content=\"11.48\" \/>\n<meta property=\"product:price:currency\" content=\"EUR\" \/>\n<meta property=\"og:availability\" content=\"out of stock\" \/>\n<meta property=\"product:availability\" content=\"out of stock\" \/>\n<meta property=\"product:retailer_item_id\" content=\"C-SEL239\" \/>\n<meta property=\"product:condition\" content=\"new\" \/>\n<!-- \/ Yoast SEO plugin. -->","yoast_head_json":{"title":"Selective Naturals Harvest Loops Hamster Supreme Petfoods - V\u00e9torino","description":"Friandises nutritives pour hamsters et gerbilles qui compl\u00e8tent parfaitement la gamme d\u2019aliments et de foin Selective.  Utilisation :   Convient aux hamsters, gerbilles, souris et rats.","robots":{"index":"noindex","follow":"nofollow"},"og_locale":"fr_FR","og_type":"article","og_title":"Selective Naturals Harvest Loops Hamster Supreme Petfoods - V\u00e9torino","og_description":"Friandises nutritives pour hamsters et gerbilles qui compl\u00e8tent parfaitement la gamme d\u2019aliments et de foin Selective.  Utilisation :   Convient aux hamsters, gerbilles, souris et rats.","og_url":"https:\/\/www.vetorino.com\/veterinaire\/mandreslesroses-94520\/boutique\/product\/selective-harvest-loops-pour-hamsters\/","og_site_name":"V\u00e9torino","article_publisher":"https:\/\/www.facebook.com\/Vetorino\/","article_modified_time":"2026-04-03T16:56:24+00:00","og_image":[{"width":800,"height":800,"url":"https:\/\/www.vetorino.com\/boutique\/wp-content\/uploads\/2020\/06\/selective-naturals-harvest-loops-hamster.webp","type":"image\/webp"}],"twitter_card":"summary_large_image","twitter_misc":{"Prix":"11,48&euro;","Disponibilit\u00e9":"Rupture de stock"},"schema":{"@context":"https:\/\/schema.org","@graph":[{"@type":"WebPage","@id":"https:\/\/www.vetorino.com\/veterinaire\/evry-91000\/boutique\/product\/selective-harvest-loops-pour-hamsters\/","url":"https:\/\/www.vetorino.com\/veterinaire\/evry-91000\/boutique\/product\/selective-harvest-loops-pour-hamsters\/","name":"Selective Naturals Harvest Loops Hamster Supreme Petfoods - V\u00e9torino","isPartOf":{"@id":"https:\/\/www.vetorino.com\/boutique\/#website"},"primaryImageOfPage":{"@id":"https:\/\/www.vetorino.com\/veterinaire\/evry-91000\/boutique\/product\/selective-harvest-loops-pour-hamsters\/#primaryimage"},"image":{"@id":"https:\/\/www.vetorino.com\/veterinaire\/evry-91000\/boutique\/product\/selective-harvest-loops-pour-hamsters\/#primaryimage"},"thumbnailUrl":"https:\/\/www.vetorino.com\/boutique\/wp-content\/uploads\/2020\/06\/selective-naturals-harvest-loops-hamster.webp","datePublished":"2020-06-30T10:32:21+00:00","dateModified":"2026-04-03T16:56:24+00:00","description":"Friandises nutritives pour hamsters et gerbilles qui compl\u00e8tent parfaitement la gamme d\u2019aliments et de foin Selective. Utilisation : Convient aux hamsters, gerbilles, souris et rats.","breadcrumb":{"@id":"https:\/\/www.vetorino.com\/veterinaire\/evry-91000\/boutique\/product\/selective-harvest-loops-pour-hamsters\/#breadcrumb"},"inLanguage":"fr-FR","potentialAction":[{"@type":"ReadAction","target":["https:\/\/www.vetorino.com\/veterinaire\/evry-91000\/boutique\/product\/selective-harvest-loops-pour-hamsters\/"]}]},{"@type":"ImageObject","inLanguage":"fr-FR","@id":"https:\/\/www.vetorino.com\/veterinaire\/evry-91000\/boutique\/product\/selective-harvest-loops-pour-hamsters\/#primaryimage","url":"https:\/\/www.vetorino.com\/boutique\/wp-content\/uploads\/2020\/06\/selective-naturals-harvest-loops-hamster.webp","contentUrl":"https:\/\/www.vetorino.com\/boutique\/wp-content\/uploads\/2020\/06\/selective-naturals-harvest-loops-hamster.webp","width":800,"height":800},{"@type":"BreadcrumbList","@id":"https:\/\/www.vetorino.com\/veterinaire\/evry-91000\/boutique\/product\/selective-harvest-loops-pour-hamsters\/#breadcrumb","itemListElement":[{"@type":"ListItem","position":1,"name":"Accueil","item":"https:\/\/www.vetorino.com\/boutique\/"},{"@type":"ListItem","position":2,"name":"Produits","item":"https:\/\/www.vetorino.com\/boutique\/"},{"@type":"ListItem","position":3,"name":"Selective Naturals Harvest Loops Hamster"}]},{"@type":"WebSite","@id":"https:\/\/www.vetorino.com\/boutique\/#website","url":"https:\/\/www.vetorino.com\/boutique\/","name":"V\u00e9torino","description":"","publisher":{"@id":"https:\/\/www.vetorino.com\/boutique\/#organization"},"potentialAction":[{"@type":"SearchAction","target":{"@type":"EntryPoint","urlTemplate":"https:\/\/www.vetorino.com\/boutique\/?s={search_term_string}"},"query-input":{"@type":"PropertyValueSpecification","valueRequired":true,"valueName":"search_term_string"}}],"inLanguage":"fr-FR"},{"@type":"Organization","@id":"https:\/\/www.vetorino.com\/boutique\/#organization","name":"V\u00e9torino","url":"https:\/\/www.vetorino.com\/boutique\/","logo":{"@type":"ImageObject","inLanguage":"fr-FR","@id":"https:\/\/www.vetorino.com\/boutique\/#\/schema\/logo\/image\/","url":"https:\/\/www.vetorino.com\/boutique\/wp-content\/uploads\/2024\/10\/logo.jpg","contentUrl":"https:\/\/www.vetorino.com\/boutique\/wp-content\/uploads\/2024\/10\/logo.jpg","width":1200,"height":610,"caption":"V\u00e9torino"},"image":{"@id":"https:\/\/www.vetorino.com\/boutique\/#\/schema\/logo\/image\/"},"sameAs":["https:\/\/www.facebook.com\/Vetorino\/","https:\/\/www.instagram.com\/vetorino_off\/","https:\/\/www.linkedin.com\/company\/vtorino\/"]}]},"product_brand":"Supreme Petfoods","product_price_amount":"11.48","product_price_currency":"EUR","og_availability":"out of stock","product_availability":"out of stock","product_retailer_item_id":"C-SEL239","product_condition":"new"},"_links":{"self":[{"href":"https:\/\/www.vetorino.com\/veterinaire\/mandreslesroses-94520\/boutique\/wp-json\/wp\/v2\/product\/101837","targetHints":{"allow":["GET"]}}],"collection":[{"href":"https:\/\/www.vetorino.com\/veterinaire\/mandreslesroses-94520\/boutique\/wp-json\/wp\/v2\/product"}],"about":[{"href":"https:\/\/www.vetorino.com\/veterinaire\/mandreslesroses-94520\/boutique\/wp-json\/wp\/v2\/types\/product"}],"wp:featuredmedia":[{"embeddable":true,"href":"https:\/\/www.vetorino.com\/veterinaire\/mandreslesroses-94520\/boutique\/wp-json\/wp\/v2\/media\/915955"}],"wp:attachment":[{"href":"https:\/\/www.vetorino.com\/veterinaire\/mandreslesroses-94520\/boutique\/wp-json\/wp\/v2\/media?parent=101837"}],"wp:term":[{"taxonomy":"product_cat","embeddable":true,"href":"https:\/\/www.vetorino.com\/veterinaire\/mandreslesroses-94520\/boutique\/wp-json\/wp\/v2\/product_cat?post=101837"},{"taxonomy":"product_tag","embeddable":true,"href":"https:\/\/www.vetorino.com\/veterinaire\/mandreslesroses-94520\/boutique\/wp-json\/wp\/v2\/product_tag?post=101837"}],"curies":[{"name":"wp","href":"https:\/\/api.w.org\/{rel}","templated":true}]}}