{"id":104205,"date":"2020-06-30T18:07:44","date_gmt":"2020-06-30T16:07:44","guid":{"rendered":"https:\/\/www.vetorino.com\/boutique\/product\/virkon\/"},"modified":"2025-09-08T15:33:25","modified_gmt":"2025-09-08T13:33:25","slug":"virkon","status":"publish","type":"product","link":"https:\/\/www.vetorino.com\/veterinaire\/mandreslesroses-94520\/boutique\/product\/virkon\/","title":{"rendered":"Virkon"},"content":{"rendered":"<p>D\u00e9sinfectant virucide, bact\u00e9ricide et fongicide \u00e0 large spectre pour le logement, le mat\u00e9riel d&#8217;\u00e9levage et le mat\u00e9riel de transport des animaux domestiques.<br \/>\nDes \u00e9tudes ind\u00e9pendantes ont prouv\u00e9 son efficacit\u00e9 sur les 17 familles de virus :\u00a0en pr\u00e9sence d&#8217;eau dure,\u00a0en pr\u00e9sence de mati\u00e8re organique,\u00a0\u00e0 basse temp\u00e9rature.<\/p>\n<p>Activit\u00e9 synergique des composants qui lib\u00e8rent, sous forme d\u2019une r\u00e9action en cha\u00eene, des mol\u00e9cules biocides de nature oxydante.<br \/>\nPr\u00e9sence de deux acides organiques (acides maliques) et d\u2019un acide non organique (acide sulfamique), quipermet d\u2019abaisser le pH et de potentialiser l\u2019action du biocide principal : l\u2019Oxone.<br \/>\nActivit\u00e9 tensioactive et d\u00e9tergente pour une meilleure p\u00e9n\u00e9tration des biofilms, ce qui favorise le contact intime entre la solution biocide et les pathog\u00e8nes \u00e0 d\u00e9truire.<\/p>\n<p>Comprim\u00e9 soluble dans l\u2019eau contenant la substance active biocide :\u00a0 Bis(peroxymonosulfate)bis(sulfate) de pentapotassium (504 g\/kg).<\/p>\n","protected":false},"excerpt":{"rendered":"<p>D\u00e9sinfectant virucide, bact\u00e9ricide et fongicide \u00e0 large spectre pour le logement, le mat\u00e9riel d&#8217;\u00e9levage et le mat\u00e9riel de transport des animaux domestiques.<\/p>\n","protected":false},"featured_media":180959,"template":"","meta":[],"product_cat":[12547,12762,12760,6874],"product_tag":[],"class_list":{"0":"post-104205","1":"product","2":"type-product","3":"status-publish","4":"has-post-thumbnail","6":"product_cat-cheval","7":"product_cat-hygiene-des-batiments","8":"product_cat-materiel-et-equipement-du-cheval","9":"product_cat-porcins","10":"pa_marque-huvepharma-sa","12":"first","13":"instock","14":"taxable","15":"shipping-taxable","16":"purchasable","17":"product-type-variable"},"yoast_head":"<!-- This site is optimized with the Yoast SEO plugin v27.3 - https:\/\/yoast.com\/product\/yoast-seo-wordpress\/ -->\n<title>Virkon Huvepharma SA - V\u00e9torino<\/title>\n<meta name=\"description\" content=\"D\u00e9sinfectant virucide, bact\u00e9ricide et fongicide \u00e0 large spectre pour le logement, le mat\u00e9riel d&#039;\u00e9levage et le mat\u00e9riel de transport des animaux domestiques.\" \/>\n<meta name=\"robots\" content=\"noindex, nofollow\" \/>\n<meta property=\"og:locale\" content=\"fr_FR\" \/>\n<meta property=\"og:type\" content=\"article\" \/>\n<meta property=\"og:title\" content=\"Virkon Huvepharma SA - V\u00e9torino\" \/>\n<meta property=\"og:description\" content=\"D\u00e9sinfectant virucide, bact\u00e9ricide et fongicide \u00e0 large spectre pour le logement, le mat\u00e9riel d&#039;\u00e9levage et le mat\u00e9riel de transport des animaux domestiques.\" \/>\n<meta property=\"og:url\" content=\"https:\/\/www.vetorino.com\/veterinaire\/mandreslesroses-94520\/boutique\/product\/virkon\/\" \/>\n<meta property=\"og:site_name\" content=\"V\u00e9torino\" \/>\n<meta property=\"article:publisher\" content=\"https:\/\/www.facebook.com\/Vetorino\/\" \/>\n<meta property=\"article:modified_time\" content=\"2025-09-08T13:33:25+00:00\" \/>\n<meta property=\"og:image\" content=\"https:\/\/www.vetorino.com\/boutique\/wp-content\/uploads\/2020\/06\/0112002.jpeg\" \/>\n\t<meta property=\"og:image:width\" content=\"400\" \/>\n\t<meta property=\"og:image:height\" content=\"400\" \/>\n\t<meta property=\"og:image:type\" content=\"image\/jpeg\" \/>\n<meta name=\"twitter:card\" content=\"summary_large_image\" \/>\n<meta name=\"twitter:label1\" content=\"Disponibilit\u00e9\" \/>\n\t<meta name=\"twitter:data1\" content=\"En stock\" \/>\n<script type=\"application\/ld+json\" class=\"yoast-schema-graph\">{\"@context\":\"https:\\\/\\\/schema.org\",\"@graph\":[{\"@type\":\"WebPage\",\"@id\":\"https:\\\/\\\/www.vetorino.com\\\/boutique\\\/product\\\/virkon\\\/\",\"url\":\"https:\\\/\\\/www.vetorino.com\\\/boutique\\\/product\\\/virkon\\\/\",\"name\":\"Virkon Huvepharma SA - V\u00e9torino\",\"isPartOf\":{\"@id\":\"https:\\\/\\\/www.vetorino.com\\\/boutique\\\/#website\"},\"primaryImageOfPage\":{\"@id\":\"https:\\\/\\\/www.vetorino.com\\\/boutique\\\/product\\\/virkon\\\/#primaryimage\"},\"image\":{\"@id\":\"https:\\\/\\\/www.vetorino.com\\\/boutique\\\/product\\\/virkon\\\/#primaryimage\"},\"thumbnailUrl\":\"https:\\\/\\\/www.vetorino.com\\\/boutique\\\/wp-content\\\/uploads\\\/2020\\\/06\\\/0112002.jpeg\",\"datePublished\":\"2020-06-30T16:07:44+00:00\",\"dateModified\":\"2025-09-08T13:33:25+00:00\",\"description\":\"D\u00e9sinfectant virucide, bact\u00e9ricide et fongicide \u00e0 large spectre pour le logement, le mat\u00e9riel d'\u00e9levage et le mat\u00e9riel de transport des animaux domestiques.\",\"breadcrumb\":{\"@id\":\"https:\\\/\\\/www.vetorino.com\\\/boutique\\\/product\\\/virkon\\\/#breadcrumb\"},\"inLanguage\":\"fr-FR\",\"potentialAction\":[{\"@type\":\"ReadAction\",\"target\":[\"https:\\\/\\\/www.vetorino.com\\\/boutique\\\/product\\\/virkon\\\/\"]}]},{\"@type\":\"ImageObject\",\"inLanguage\":\"fr-FR\",\"@id\":\"https:\\\/\\\/www.vetorino.com\\\/boutique\\\/product\\\/virkon\\\/#primaryimage\",\"url\":\"https:\\\/\\\/www.vetorino.com\\\/boutique\\\/wp-content\\\/uploads\\\/2020\\\/06\\\/0112002.jpeg\",\"contentUrl\":\"https:\\\/\\\/www.vetorino.com\\\/boutique\\\/wp-content\\\/uploads\\\/2020\\\/06\\\/0112002.jpeg\",\"width\":400,\"height\":400},{\"@type\":\"BreadcrumbList\",\"@id\":\"https:\\\/\\\/www.vetorino.com\\\/boutique\\\/product\\\/virkon\\\/#breadcrumb\",\"itemListElement\":[{\"@type\":\"ListItem\",\"position\":1,\"name\":\"Accueil\",\"item\":\"https:\\\/\\\/www.vetorino.com\\\/boutique\\\/\"},{\"@type\":\"ListItem\",\"position\":2,\"name\":\"Produits\",\"item\":\"https:\\\/\\\/www.vetorino.com\\\/boutique\\\/\"},{\"@type\":\"ListItem\",\"position\":3,\"name\":\"Virkon\"}]},{\"@type\":\"WebSite\",\"@id\":\"https:\\\/\\\/www.vetorino.com\\\/boutique\\\/#website\",\"url\":\"https:\\\/\\\/www.vetorino.com\\\/boutique\\\/\",\"name\":\"V\u00e9torino\",\"description\":\"\",\"publisher\":{\"@id\":\"https:\\\/\\\/www.vetorino.com\\\/boutique\\\/#organization\"},\"potentialAction\":[{\"@type\":\"SearchAction\",\"target\":{\"@type\":\"EntryPoint\",\"urlTemplate\":\"https:\\\/\\\/www.vetorino.com\\\/boutique\\\/?s={search_term_string}\"},\"query-input\":{\"@type\":\"PropertyValueSpecification\",\"valueRequired\":true,\"valueName\":\"search_term_string\"}}],\"inLanguage\":\"fr-FR\"},{\"@type\":\"Organization\",\"@id\":\"https:\\\/\\\/www.vetorino.com\\\/boutique\\\/#organization\",\"name\":\"V\u00e9torino\",\"url\":\"https:\\\/\\\/www.vetorino.com\\\/boutique\\\/\",\"logo\":{\"@type\":\"ImageObject\",\"inLanguage\":\"fr-FR\",\"@id\":\"https:\\\/\\\/www.vetorino.com\\\/boutique\\\/#\\\/schema\\\/logo\\\/image\\\/\",\"url\":\"https:\\\/\\\/www.vetorino.com\\\/boutique\\\/wp-content\\\/uploads\\\/2024\\\/10\\\/logo.jpg\",\"contentUrl\":\"https:\\\/\\\/www.vetorino.com\\\/boutique\\\/wp-content\\\/uploads\\\/2024\\\/10\\\/logo.jpg\",\"width\":1200,\"height\":610,\"caption\":\"V\u00e9torino\"},\"image\":{\"@id\":\"https:\\\/\\\/www.vetorino.com\\\/boutique\\\/#\\\/schema\\\/logo\\\/image\\\/\"},\"sameAs\":[\"https:\\\/\\\/www.facebook.com\\\/Vetorino\\\/\",\"https:\\\/\\\/www.instagram.com\\\/vetorino_off\\\/\",\"https:\\\/\\\/www.linkedin.com\\\/company\\\/vtorino\\\/\"]}]}<\/script>\n<meta property=\"product:brand\" content=\"Huvepharma SA\" \/>\n<meta property=\"og:availability\" content=\"instock\" \/>\n<meta property=\"product:availability\" content=\"instock\" \/>\n<meta property=\"product:condition\" content=\"new\" \/>\n<!-- \/ Yoast SEO plugin. -->","yoast_head_json":{"title":"Virkon Huvepharma SA - V\u00e9torino","description":"D\u00e9sinfectant virucide, bact\u00e9ricide et fongicide \u00e0 large spectre pour le logement, le mat\u00e9riel d'\u00e9levage et le mat\u00e9riel de transport des animaux domestiques.","robots":{"index":"noindex","follow":"nofollow"},"og_locale":"fr_FR","og_type":"article","og_title":"Virkon Huvepharma SA - V\u00e9torino","og_description":"D\u00e9sinfectant virucide, bact\u00e9ricide et fongicide \u00e0 large spectre pour le logement, le mat\u00e9riel d'\u00e9levage et le mat\u00e9riel de transport des animaux domestiques.","og_url":"https:\/\/www.vetorino.com\/veterinaire\/mandreslesroses-94520\/boutique\/product\/virkon\/","og_site_name":"V\u00e9torino","article_publisher":"https:\/\/www.facebook.com\/Vetorino\/","article_modified_time":"2025-09-08T13:33:25+00:00","og_image":[{"width":400,"height":400,"url":"https:\/\/www.vetorino.com\/boutique\/wp-content\/uploads\/2020\/06\/0112002.jpeg","type":"image\/jpeg"}],"twitter_card":"summary_large_image","twitter_misc":{"Disponibilit\u00e9":"En stock"},"schema":{"@context":"https:\/\/schema.org","@graph":[{"@type":"WebPage","@id":"https:\/\/www.vetorino.com\/boutique\/product\/virkon\/","url":"https:\/\/www.vetorino.com\/boutique\/product\/virkon\/","name":"Virkon Huvepharma SA - V\u00e9torino","isPartOf":{"@id":"https:\/\/www.vetorino.com\/boutique\/#website"},"primaryImageOfPage":{"@id":"https:\/\/www.vetorino.com\/boutique\/product\/virkon\/#primaryimage"},"image":{"@id":"https:\/\/www.vetorino.com\/boutique\/product\/virkon\/#primaryimage"},"thumbnailUrl":"https:\/\/www.vetorino.com\/boutique\/wp-content\/uploads\/2020\/06\/0112002.jpeg","datePublished":"2020-06-30T16:07:44+00:00","dateModified":"2025-09-08T13:33:25+00:00","description":"D\u00e9sinfectant virucide, bact\u00e9ricide et fongicide \u00e0 large spectre pour le logement, le mat\u00e9riel d'\u00e9levage et le mat\u00e9riel de transport des animaux domestiques.","breadcrumb":{"@id":"https:\/\/www.vetorino.com\/boutique\/product\/virkon\/#breadcrumb"},"inLanguage":"fr-FR","potentialAction":[{"@type":"ReadAction","target":["https:\/\/www.vetorino.com\/boutique\/product\/virkon\/"]}]},{"@type":"ImageObject","inLanguage":"fr-FR","@id":"https:\/\/www.vetorino.com\/boutique\/product\/virkon\/#primaryimage","url":"https:\/\/www.vetorino.com\/boutique\/wp-content\/uploads\/2020\/06\/0112002.jpeg","contentUrl":"https:\/\/www.vetorino.com\/boutique\/wp-content\/uploads\/2020\/06\/0112002.jpeg","width":400,"height":400},{"@type":"BreadcrumbList","@id":"https:\/\/www.vetorino.com\/boutique\/product\/virkon\/#breadcrumb","itemListElement":[{"@type":"ListItem","position":1,"name":"Accueil","item":"https:\/\/www.vetorino.com\/boutique\/"},{"@type":"ListItem","position":2,"name":"Produits","item":"https:\/\/www.vetorino.com\/boutique\/"},{"@type":"ListItem","position":3,"name":"Virkon"}]},{"@type":"WebSite","@id":"https:\/\/www.vetorino.com\/boutique\/#website","url":"https:\/\/www.vetorino.com\/boutique\/","name":"V\u00e9torino","description":"","publisher":{"@id":"https:\/\/www.vetorino.com\/boutique\/#organization"},"potentialAction":[{"@type":"SearchAction","target":{"@type":"EntryPoint","urlTemplate":"https:\/\/www.vetorino.com\/boutique\/?s={search_term_string}"},"query-input":{"@type":"PropertyValueSpecification","valueRequired":true,"valueName":"search_term_string"}}],"inLanguage":"fr-FR"},{"@type":"Organization","@id":"https:\/\/www.vetorino.com\/boutique\/#organization","name":"V\u00e9torino","url":"https:\/\/www.vetorino.com\/boutique\/","logo":{"@type":"ImageObject","inLanguage":"fr-FR","@id":"https:\/\/www.vetorino.com\/boutique\/#\/schema\/logo\/image\/","url":"https:\/\/www.vetorino.com\/boutique\/wp-content\/uploads\/2024\/10\/logo.jpg","contentUrl":"https:\/\/www.vetorino.com\/boutique\/wp-content\/uploads\/2024\/10\/logo.jpg","width":1200,"height":610,"caption":"V\u00e9torino"},"image":{"@id":"https:\/\/www.vetorino.com\/boutique\/#\/schema\/logo\/image\/"},"sameAs":["https:\/\/www.facebook.com\/Vetorino\/","https:\/\/www.instagram.com\/vetorino_off\/","https:\/\/www.linkedin.com\/company\/vtorino\/"]}]},"product_brand":"Huvepharma SA","og_availability":"instock","product_availability":"instock","product_condition":"new"},"_links":{"self":[{"href":"https:\/\/www.vetorino.com\/veterinaire\/mandreslesroses-94520\/boutique\/wp-json\/wp\/v2\/product\/104205","targetHints":{"allow":["GET"]}}],"collection":[{"href":"https:\/\/www.vetorino.com\/veterinaire\/mandreslesroses-94520\/boutique\/wp-json\/wp\/v2\/product"}],"about":[{"href":"https:\/\/www.vetorino.com\/veterinaire\/mandreslesroses-94520\/boutique\/wp-json\/wp\/v2\/types\/product"}],"wp:featuredmedia":[{"embeddable":true,"href":"https:\/\/www.vetorino.com\/veterinaire\/mandreslesroses-94520\/boutique\/wp-json\/wp\/v2\/media\/180959"}],"wp:attachment":[{"href":"https:\/\/www.vetorino.com\/veterinaire\/mandreslesroses-94520\/boutique\/wp-json\/wp\/v2\/media?parent=104205"}],"wp:term":[{"taxonomy":"product_cat","embeddable":true,"href":"https:\/\/www.vetorino.com\/veterinaire\/mandreslesroses-94520\/boutique\/wp-json\/wp\/v2\/product_cat?post=104205"},{"taxonomy":"product_tag","embeddable":true,"href":"https:\/\/www.vetorino.com\/veterinaire\/mandreslesroses-94520\/boutique\/wp-json\/wp\/v2\/product_tag?post=104205"}],"curies":[{"name":"wp","href":"https:\/\/api.w.org\/{rel}","templated":true}]}}