{"id":130286,"date":"2020-11-25T20:10:10","date_gmt":"2020-11-25T19:10:10","guid":{"rendered":"https:\/\/www.vetorino.com\/boutique\/product\/camera-eyenimal-pet-vision-live-full-hd\/"},"modified":"2026-02-22T15:43:50","modified_gmt":"2026-02-22T14:43:50","slug":"camera-eyenimal-pet-vision-live-full-hd","status":"publish","type":"product","link":"https:\/\/www.vetorino.com\/veterinaire\/mandreslesroses-94520\/boutique\/product\/camera-eyenimal-pet-vision-live-full-hd\/","title":{"rendered":"Cam\u00e9ra Eyenimal Pet Vision Live Full HD"},"content":{"rendered":"<div id=\"tabs-description\" class=\"ui-tabs-panel ui-widget-content ui-corner-bottom\" role=\"tabpanel\" aria-hidden=\"false\" aria-labelledby=\"ui-id-1\">\n<p>Gardez contact avec votre animal partout sur votre Smartphone, tablette num\u00e9rique ou ordinateur.<br \/>\nLa Pet Vision Live HD est une cam\u00e9ra vid\u00e9o audio num\u00e9rique qui permet de surveiller son chat ou son chien o\u00f9 que vous soyez, en France ou \u00e0 l\u2019\u00e9tranger, sur votre iPhone\u00ae, iPad\u00ae, Smartphone Android\u00ae, ordinateur PC via 3G\/4G\/4G+\/WIFI.<br \/>\nLa rotation sur 270\u00b0 (\u00e0 l\u2019horizontale) et 80\u00b0 (\u00e0 la verticale), la possibilit\u00e9 d\u2019activer des alarmes sur d\u00e9tection de mouvement, le syst\u00e8me audio bidirectionnel qui permet aux ma\u00eetres d\u2019entendre leur animal et de lui parler, la vision infrarouge de nuit font de la Pet Vision Live un vrai syst\u00e8me interactif pour la surveillance de son animal de compagnie et de son environnement \u00e0 distance.<\/p>\n<ul>\n<li>Installation sans fil simple et rapide.<\/li>\n<li>R\u00e9solution vid\u00e9o : HD 720x1280P.<\/li>\n<li>Passage automatique en mode &#8220;Nuit&#8221; : vision infrarouge jusqu\u2019\u00e0 10 m\u00e8tres.<\/li>\n<li>Rotation horizontale : 270\u00b0 \/ Rotation verticale : 80\u00b0.<\/li>\n<li>Enregistrement et syst\u00e8me audio bidirectionnel pour interagir avec votre animal de compagnie.<\/li>\n<li>Syst\u00e8me de d\u00e9tection de mouvement intelligent : alerte sonore sur la cam\u00e9ra et notifications envoy\u00e9es en temps r\u00e9el sur l&#8217;application mobile.<\/li>\n<li>Affichage 4 canaux, jusqu&#8217;\u00e0 10 utilisateurs en ligne en simultan\u00e9.<\/li>\n<li>Alimentation \u00e9lectrique : adaptateur secteur DC 5V\/2.0 A.<\/li>\n<\/ul>\n<\/div>\n","protected":false},"excerpt":{"rendered":"<p>La cam\u00e9ra Eyenimal Pet Vision Live Full HD est une cam\u00e9ra qui vous permet de surveiller votre animal depuis votre smartphone ou votre tablette. Permet d&#8217;identifier certains comportements ge\u0302nants afin d&#8217;en parler a\u0300 un spe\u0301cialiste (ve\u0301te\u0301rinaire, comportementaliste,etc.).<\/p>\n","protected":false},"featured_media":685767,"template":"","meta":[],"product_cat":[2786,2698],"product_tag":[],"class_list":{"0":"post-130286","1":"product","2":"type-product","3":"status-publish","4":"has-post-thumbnail","6":"product_cat-anti-stress-et-anxiete-du-chien","7":"product_cat-chien","8":"pa_marque-eyenimal","10":"first","11":"instock","12":"taxable","13":"shipping-taxable","14":"purchasable","15":"product-type-simple"},"yoast_head":"<!-- This site is optimized with the Yoast SEO plugin v27.3 - https:\/\/yoast.com\/product\/yoast-seo-wordpress\/ -->\n<title>Cam\u00e9ra Eyenimal Pet Vision Live Full HD Eyenimal - V\u00e9torino<\/title>\n<meta name=\"description\" content=\"La cam\u00e9ra Eyenimal Pet Vision Live Full HD est une cam\u00e9ra qui vous permet de surveiller votre animal depuis votre smartphone ou votre tablette. Permet d&#039;identifier certains comportements ge\u0302nants afin d&#039;en parler a\u0300 un spe\u0301cialiste (ve\u0301te\u0301rinaire, comportementaliste,etc.).\" \/>\n<meta name=\"robots\" content=\"noindex, nofollow\" \/>\n<meta property=\"og:locale\" content=\"fr_FR\" \/>\n<meta property=\"og:type\" content=\"article\" \/>\n<meta property=\"og:title\" content=\"Cam\u00e9ra Eyenimal Pet Vision Live Full HD Eyenimal - V\u00e9torino\" \/>\n<meta property=\"og:description\" content=\"La cam\u00e9ra Eyenimal Pet Vision Live Full HD est une cam\u00e9ra qui vous permet de surveiller votre animal depuis votre smartphone ou votre tablette. Permet d&#039;identifier certains comportements ge\u0302nants afin d&#039;en parler a\u0300 un spe\u0301cialiste (ve\u0301te\u0301rinaire, comportementaliste,etc.).\" \/>\n<meta property=\"og:url\" content=\"https:\/\/www.vetorino.com\/veterinaire\/mandreslesroses-94520\/boutique\/product\/camera-eyenimal-pet-vision-live-full-hd\/\" \/>\n<meta property=\"og:site_name\" content=\"V\u00e9torino\" \/>\n<meta property=\"article:publisher\" content=\"https:\/\/www.facebook.com\/Vetorino\/\" \/>\n<meta property=\"article:modified_time\" content=\"2026-02-22T14:43:50+00:00\" \/>\n<meta property=\"og:image\" content=\"https:\/\/www.vetorino.com\/boutique\/wp-content\/uploads\/2020\/11\/0_full-1.jpg\" \/>\n\t<meta property=\"og:image:width\" content=\"1080\" \/>\n\t<meta property=\"og:image:height\" content=\"1080\" \/>\n\t<meta property=\"og:image:type\" content=\"image\/jpeg\" \/>\n<meta name=\"twitter:card\" content=\"summary_large_image\" \/>\n<meta name=\"twitter:label1\" content=\"Prix\" \/>\n\t<meta name=\"twitter:data1\" content=\"53,54&euro;\" \/>\n\t<meta name=\"twitter:label2\" content=\"Disponibilit\u00e9\" \/>\n\t<meta name=\"twitter:data2\" content=\"En stock\" \/>\n<script type=\"application\/ld+json\" class=\"yoast-schema-graph\">{\"@context\":\"https:\\\/\\\/schema.org\",\"@graph\":[{\"@type\":\"WebPage\",\"@id\":\"https:\\\/\\\/www.vetorino.com\\\/boutique\\\/product\\\/camera-eyenimal-pet-vision-live-full-hd\\\/\",\"url\":\"https:\\\/\\\/www.vetorino.com\\\/boutique\\\/product\\\/camera-eyenimal-pet-vision-live-full-hd\\\/\",\"name\":\"Cam\u00e9ra Eyenimal Pet Vision Live Full HD Eyenimal - V\u00e9torino\",\"isPartOf\":{\"@id\":\"https:\\\/\\\/www.vetorino.com\\\/boutique\\\/#website\"},\"primaryImageOfPage\":{\"@id\":\"https:\\\/\\\/www.vetorino.com\\\/boutique\\\/product\\\/camera-eyenimal-pet-vision-live-full-hd\\\/#primaryimage\"},\"image\":{\"@id\":\"https:\\\/\\\/www.vetorino.com\\\/boutique\\\/product\\\/camera-eyenimal-pet-vision-live-full-hd\\\/#primaryimage\"},\"thumbnailUrl\":\"https:\\\/\\\/www.vetorino.com\\\/boutique\\\/wp-content\\\/uploads\\\/2020\\\/11\\\/0_full-1.jpg\",\"datePublished\":\"2020-11-25T19:10:10+00:00\",\"dateModified\":\"2026-02-22T14:43:50+00:00\",\"description\":\"La cam\u00e9ra Eyenimal Pet Vision Live Full HD est une cam\u00e9ra qui vous permet de surveiller votre animal depuis votre smartphone ou votre tablette. Permet d'identifier certains comportements ge\u0302nants afin d'en parler a\u0300 un spe\u0301cialiste (ve\u0301te\u0301rinaire, comportementaliste,etc.).\",\"breadcrumb\":{\"@id\":\"https:\\\/\\\/www.vetorino.com\\\/boutique\\\/product\\\/camera-eyenimal-pet-vision-live-full-hd\\\/#breadcrumb\"},\"inLanguage\":\"fr-FR\",\"potentialAction\":[{\"@type\":\"ReadAction\",\"target\":[\"https:\\\/\\\/www.vetorino.com\\\/boutique\\\/product\\\/camera-eyenimal-pet-vision-live-full-hd\\\/\"]}]},{\"@type\":\"ImageObject\",\"inLanguage\":\"fr-FR\",\"@id\":\"https:\\\/\\\/www.vetorino.com\\\/boutique\\\/product\\\/camera-eyenimal-pet-vision-live-full-hd\\\/#primaryimage\",\"url\":\"https:\\\/\\\/www.vetorino.com\\\/boutique\\\/wp-content\\\/uploads\\\/2020\\\/11\\\/0_full-1.jpg\",\"contentUrl\":\"https:\\\/\\\/www.vetorino.com\\\/boutique\\\/wp-content\\\/uploads\\\/2020\\\/11\\\/0_full-1.jpg\",\"width\":1080,\"height\":1080},{\"@type\":\"BreadcrumbList\",\"@id\":\"https:\\\/\\\/www.vetorino.com\\\/boutique\\\/product\\\/camera-eyenimal-pet-vision-live-full-hd\\\/#breadcrumb\",\"itemListElement\":[{\"@type\":\"ListItem\",\"position\":1,\"name\":\"Accueil\",\"item\":\"https:\\\/\\\/www.vetorino.com\\\/boutique\\\/\"},{\"@type\":\"ListItem\",\"position\":2,\"name\":\"Produits\",\"item\":\"https:\\\/\\\/www.vetorino.com\\\/boutique\\\/\"},{\"@type\":\"ListItem\",\"position\":3,\"name\":\"Cam\u00e9ra Eyenimal Pet Vision Live Full HD\"}]},{\"@type\":\"WebSite\",\"@id\":\"https:\\\/\\\/www.vetorino.com\\\/boutique\\\/#website\",\"url\":\"https:\\\/\\\/www.vetorino.com\\\/boutique\\\/\",\"name\":\"V\u00e9torino\",\"description\":\"\",\"publisher\":{\"@id\":\"https:\\\/\\\/www.vetorino.com\\\/boutique\\\/#organization\"},\"potentialAction\":[{\"@type\":\"SearchAction\",\"target\":{\"@type\":\"EntryPoint\",\"urlTemplate\":\"https:\\\/\\\/www.vetorino.com\\\/boutique\\\/?s={search_term_string}\"},\"query-input\":{\"@type\":\"PropertyValueSpecification\",\"valueRequired\":true,\"valueName\":\"search_term_string\"}}],\"inLanguage\":\"fr-FR\"},{\"@type\":\"Organization\",\"@id\":\"https:\\\/\\\/www.vetorino.com\\\/boutique\\\/#organization\",\"name\":\"V\u00e9torino\",\"url\":\"https:\\\/\\\/www.vetorino.com\\\/boutique\\\/\",\"logo\":{\"@type\":\"ImageObject\",\"inLanguage\":\"fr-FR\",\"@id\":\"https:\\\/\\\/www.vetorino.com\\\/boutique\\\/#\\\/schema\\\/logo\\\/image\\\/\",\"url\":\"https:\\\/\\\/www.vetorino.com\\\/boutique\\\/wp-content\\\/uploads\\\/2024\\\/10\\\/logo.jpg\",\"contentUrl\":\"https:\\\/\\\/www.vetorino.com\\\/boutique\\\/wp-content\\\/uploads\\\/2024\\\/10\\\/logo.jpg\",\"width\":1200,\"height\":610,\"caption\":\"V\u00e9torino\"},\"image\":{\"@id\":\"https:\\\/\\\/www.vetorino.com\\\/boutique\\\/#\\\/schema\\\/logo\\\/image\\\/\"},\"sameAs\":[\"https:\\\/\\\/www.facebook.com\\\/Vetorino\\\/\",\"https:\\\/\\\/www.instagram.com\\\/vetorino_off\\\/\",\"https:\\\/\\\/www.linkedin.com\\\/company\\\/vtorino\\\/\"]}]}<\/script>\n<meta property=\"product:brand\" content=\"Eyenimal\" \/>\n<meta property=\"product:price:amount\" content=\"53.54\" \/>\n<meta property=\"product:price:currency\" content=\"EUR\" \/>\n<meta property=\"og:availability\" content=\"instock\" \/>\n<meta property=\"product:availability\" content=\"instock\" \/>\n<meta property=\"product:retailer_item_id\" content=\"C-CAM710\" \/>\n<meta property=\"product:condition\" content=\"new\" \/>\n<!-- \/ Yoast SEO plugin. -->","yoast_head_json":{"title":"Cam\u00e9ra Eyenimal Pet Vision Live Full HD Eyenimal - V\u00e9torino","description":"La cam\u00e9ra Eyenimal Pet Vision Live Full HD est une cam\u00e9ra qui vous permet de surveiller votre animal depuis votre smartphone ou votre tablette. Permet d'identifier certains comportements ge\u0302nants afin d'en parler a\u0300 un spe\u0301cialiste (ve\u0301te\u0301rinaire, comportementaliste,etc.).","robots":{"index":"noindex","follow":"nofollow"},"og_locale":"fr_FR","og_type":"article","og_title":"Cam\u00e9ra Eyenimal Pet Vision Live Full HD Eyenimal - V\u00e9torino","og_description":"La cam\u00e9ra Eyenimal Pet Vision Live Full HD est une cam\u00e9ra qui vous permet de surveiller votre animal depuis votre smartphone ou votre tablette. Permet d'identifier certains comportements ge\u0302nants afin d'en parler a\u0300 un spe\u0301cialiste (ve\u0301te\u0301rinaire, comportementaliste,etc.).","og_url":"https:\/\/www.vetorino.com\/veterinaire\/mandreslesroses-94520\/boutique\/product\/camera-eyenimal-pet-vision-live-full-hd\/","og_site_name":"V\u00e9torino","article_publisher":"https:\/\/www.facebook.com\/Vetorino\/","article_modified_time":"2026-02-22T14:43:50+00:00","og_image":[{"width":1080,"height":1080,"url":"https:\/\/www.vetorino.com\/boutique\/wp-content\/uploads\/2020\/11\/0_full-1.jpg","type":"image\/jpeg"}],"twitter_card":"summary_large_image","twitter_misc":{"Prix":"53,54&euro;","Disponibilit\u00e9":"En stock"},"schema":{"@context":"https:\/\/schema.org","@graph":[{"@type":"WebPage","@id":"https:\/\/www.vetorino.com\/boutique\/product\/camera-eyenimal-pet-vision-live-full-hd\/","url":"https:\/\/www.vetorino.com\/boutique\/product\/camera-eyenimal-pet-vision-live-full-hd\/","name":"Cam\u00e9ra Eyenimal Pet Vision Live Full HD Eyenimal - V\u00e9torino","isPartOf":{"@id":"https:\/\/www.vetorino.com\/boutique\/#website"},"primaryImageOfPage":{"@id":"https:\/\/www.vetorino.com\/boutique\/product\/camera-eyenimal-pet-vision-live-full-hd\/#primaryimage"},"image":{"@id":"https:\/\/www.vetorino.com\/boutique\/product\/camera-eyenimal-pet-vision-live-full-hd\/#primaryimage"},"thumbnailUrl":"https:\/\/www.vetorino.com\/boutique\/wp-content\/uploads\/2020\/11\/0_full-1.jpg","datePublished":"2020-11-25T19:10:10+00:00","dateModified":"2026-02-22T14:43:50+00:00","description":"La cam\u00e9ra Eyenimal Pet Vision Live Full HD est une cam\u00e9ra qui vous permet de surveiller votre animal depuis votre smartphone ou votre tablette. Permet d'identifier certains comportements ge\u0302nants afin d'en parler a\u0300 un spe\u0301cialiste (ve\u0301te\u0301rinaire, comportementaliste,etc.).","breadcrumb":{"@id":"https:\/\/www.vetorino.com\/boutique\/product\/camera-eyenimal-pet-vision-live-full-hd\/#breadcrumb"},"inLanguage":"fr-FR","potentialAction":[{"@type":"ReadAction","target":["https:\/\/www.vetorino.com\/boutique\/product\/camera-eyenimal-pet-vision-live-full-hd\/"]}]},{"@type":"ImageObject","inLanguage":"fr-FR","@id":"https:\/\/www.vetorino.com\/boutique\/product\/camera-eyenimal-pet-vision-live-full-hd\/#primaryimage","url":"https:\/\/www.vetorino.com\/boutique\/wp-content\/uploads\/2020\/11\/0_full-1.jpg","contentUrl":"https:\/\/www.vetorino.com\/boutique\/wp-content\/uploads\/2020\/11\/0_full-1.jpg","width":1080,"height":1080},{"@type":"BreadcrumbList","@id":"https:\/\/www.vetorino.com\/boutique\/product\/camera-eyenimal-pet-vision-live-full-hd\/#breadcrumb","itemListElement":[{"@type":"ListItem","position":1,"name":"Accueil","item":"https:\/\/www.vetorino.com\/boutique\/"},{"@type":"ListItem","position":2,"name":"Produits","item":"https:\/\/www.vetorino.com\/boutique\/"},{"@type":"ListItem","position":3,"name":"Cam\u00e9ra Eyenimal Pet Vision Live Full HD"}]},{"@type":"WebSite","@id":"https:\/\/www.vetorino.com\/boutique\/#website","url":"https:\/\/www.vetorino.com\/boutique\/","name":"V\u00e9torino","description":"","publisher":{"@id":"https:\/\/www.vetorino.com\/boutique\/#organization"},"potentialAction":[{"@type":"SearchAction","target":{"@type":"EntryPoint","urlTemplate":"https:\/\/www.vetorino.com\/boutique\/?s={search_term_string}"},"query-input":{"@type":"PropertyValueSpecification","valueRequired":true,"valueName":"search_term_string"}}],"inLanguage":"fr-FR"},{"@type":"Organization","@id":"https:\/\/www.vetorino.com\/boutique\/#organization","name":"V\u00e9torino","url":"https:\/\/www.vetorino.com\/boutique\/","logo":{"@type":"ImageObject","inLanguage":"fr-FR","@id":"https:\/\/www.vetorino.com\/boutique\/#\/schema\/logo\/image\/","url":"https:\/\/www.vetorino.com\/boutique\/wp-content\/uploads\/2024\/10\/logo.jpg","contentUrl":"https:\/\/www.vetorino.com\/boutique\/wp-content\/uploads\/2024\/10\/logo.jpg","width":1200,"height":610,"caption":"V\u00e9torino"},"image":{"@id":"https:\/\/www.vetorino.com\/boutique\/#\/schema\/logo\/image\/"},"sameAs":["https:\/\/www.facebook.com\/Vetorino\/","https:\/\/www.instagram.com\/vetorino_off\/","https:\/\/www.linkedin.com\/company\/vtorino\/"]}]},"product_brand":"Eyenimal","product_price_amount":"53.54","product_price_currency":"EUR","og_availability":"instock","product_availability":"instock","product_retailer_item_id":"C-CAM710","product_condition":"new"},"_links":{"self":[{"href":"https:\/\/www.vetorino.com\/veterinaire\/mandreslesroses-94520\/boutique\/wp-json\/wp\/v2\/product\/130286","targetHints":{"allow":["GET"]}}],"collection":[{"href":"https:\/\/www.vetorino.com\/veterinaire\/mandreslesroses-94520\/boutique\/wp-json\/wp\/v2\/product"}],"about":[{"href":"https:\/\/www.vetorino.com\/veterinaire\/mandreslesroses-94520\/boutique\/wp-json\/wp\/v2\/types\/product"}],"wp:featuredmedia":[{"embeddable":true,"href":"https:\/\/www.vetorino.com\/veterinaire\/mandreslesroses-94520\/boutique\/wp-json\/wp\/v2\/media\/685767"}],"wp:attachment":[{"href":"https:\/\/www.vetorino.com\/veterinaire\/mandreslesroses-94520\/boutique\/wp-json\/wp\/v2\/media?parent=130286"}],"wp:term":[{"taxonomy":"product_cat","embeddable":true,"href":"https:\/\/www.vetorino.com\/veterinaire\/mandreslesroses-94520\/boutique\/wp-json\/wp\/v2\/product_cat?post=130286"},{"taxonomy":"product_tag","embeddable":true,"href":"https:\/\/www.vetorino.com\/veterinaire\/mandreslesroses-94520\/boutique\/wp-json\/wp\/v2\/product_tag?post=130286"}],"curies":[{"name":"wp","href":"https:\/\/api.w.org\/{rel}","templated":true}]}}