{"id":1354975,"date":"2025-06-02T17:51:45","date_gmt":"2025-06-02T15:51:45","guid":{"rendered":"https:\/\/www.vetorino.com\/boutique\/product\/veterinary-hpm-dog-adult-neutered-large-medium-new\/"},"modified":"2026-03-17T05:14:06","modified_gmt":"2026-03-17T04:14:06","slug":"veterinary-hpm-dog-adult-neutered-large-medium-new","status":"publish","type":"product","link":"https:\/\/www.vetorino.com\/veterinaire\/mandreslesroses-94520\/boutique\/product\/veterinary-hpm-dog-adult-neutered-large-medium-new\/","title":{"rendered":"Adult Neutered Large &amp; Medium &#8211; chien"},"content":{"rendered":"<p><strong>Adult Neutered Dog Large &amp; Medium est une alimentation compl\u00e8te et \u00e9quilibr\u00e9e pour chien adulte st\u00e9rilis\u00e9 ou ayant tendance \u00e0 l\u2019embonpoint.<\/strong><\/p>\n<p><strong>Utilisation<\/strong>\u00a0:<\/p>\n<ul>\n<li>Chien<strong> st\u00e9rilis\u00e9 de moyenne race<\/strong> (poids adulte de 11 \u00e0 25 kg) de plus de 12 mois.<\/li>\n<li>Chien <strong>st\u00e9rilis\u00e9 de grande race<\/strong> (poids adulte de plus de 25kg) de plus de 18 mois.<\/li>\n<\/ul>\n<p><strong>Bienfaits essentiels<\/strong><strong>\u00a0:<\/strong><\/p>\n<ul>\n<li><strong>Contr\u00f4le du poids corporel<\/strong>\u00a0: Aide \u00e0 maintenir un poids optimal, \u00e0 pr\u00e9server la masse musculaire et \u00e0 limiter le d\u00e9p\u00f4t de tissu adipeux. Aide \u00e0 satisfaire l\u2019app\u00e9tit de votre chien st\u00e9rilis\u00e9.<\/li>\n<li><strong>Soutien des articulations et des muscles<\/strong>\u00a0: Aide \u00e0 maintenir la masse musculaire, l\u2019\u00e9lasticit\u00e9 et la r\u00e9sistance des articulations.<\/li>\n<li><strong>Haute tol\u00e9rance digestive<\/strong>\u00a0: Contribue au d\u00e9veloppement harmonieux de la flore digestive et normalise l\u2019odeur et la consistance des selles.<\/li>\n<li><strong>Faible indice glyc\u00e9mique<\/strong>\u00a0: Aide \u00e0 stabiliser la glyc\u00e9mie.<\/li>\n<li><strong>Formule peu allerg\u00e9nique<\/strong>\u00a0: Sans bl\u00e9, ma\u00efs, gluten, soja, \u0153uf, b\u0153uf ni poisson dans le but de r\u00e9duire le risque d\u2019intol\u00e9rance alimentaire.<\/li>\n<li><strong>Beaut\u00e9 de la peau et du pelage<\/strong>\u00a0: Contribue \u00e0 la fonction barri\u00e8re de la peau et agit sur la brillance et la beaut\u00e9 du pelage.<\/li>\n<\/ul>\n<p><strong>Aliment fabriqu\u00e9 en France :<\/strong><strong><br \/>\n<\/strong>C\u2019est dans le sud de la France, au sein de Virbac Nutrition \u00e0 Vauvert (Camargue), que la gamme est produite et conditionn\u00e9e.<br \/>\nLes aliments sont issus d\u2019une expertise d\u00e9di\u00e9e \u00e0 la nutrition pour chiens et chats afin de r\u00e9pondre aux exigences des propri\u00e9taires en mati\u00e8re de qualit\u00e9, tra\u00e7abilit\u00e9 et s\u00e9curit\u00e9 alimentaire.<\/p>\n","protected":false},"excerpt":{"rendered":"<div id=\"product-description-short-4147\">\n<p><strong>Adult Neutered Dog Large &amp; Medium est une alimentation compl\u00e8te et \u00e9quilibr\u00e9e pour chien adulte st\u00e9rilis\u00e9 ou ayant tendance \u00e0 l\u2019embonpoint.<\/strong><\/p>\n<p><strong>Utilisation<\/strong>\u00a0:<\/p>\n<ul>\n<li>Chien st\u00e9rilis\u00e9 de moyenne race (poids adulte de 11 \u00e0 25 kg) de plus de 12 mois.<\/li>\n<li>Chien st\u00e9rilis\u00e9 de grande race (poids adulte de plus de 25kg) de plus de 18 mois.<\/li>\n<\/ul>\n<\/div>\n<div class=\"product-actions\"><\/div>\n","protected":false},"featured_media":1319488,"template":"","meta":[],"product_cat":[12552,12584,2698],"product_tag":[],"class_list":{"0":"post-1354975","1":"product","2":"type-product","3":"status-publish","4":"has-post-thumbnail","6":"product_cat-alimentation-du-chien","7":"product_cat-alimentation-premium-pour-chien","8":"product_cat-chien","9":"pa_marque-virbac","11":"first","12":"instock","13":"taxable","14":"shipping-taxable","15":"purchasable","16":"product-type-variable"},"yoast_head":"<!-- This site is optimized with the Yoast SEO plugin v27.3 - https:\/\/yoast.com\/product\/yoast-seo-wordpress\/ -->\n<title>Veterinary HPM (Virbac) Adult Neutered Large &amp; Medium - chien Virbac - V\u00e9torino<\/title>\n<meta name=\"description\" content=\"Adult Neutered Dog Large &amp; Medium est une alimentation compl\u00e8te et \u00e9quilibr\u00e9e pour chien adulte st\u00e9rilis\u00e9 ou ayant tendance \u00e0 l\u2019embonpoint.  Utilisation\u00a0:   Chien st\u00e9rilis\u00e9 de moyenne race (poids adulte de 11 \u00e0 25 kg) de plus de 12 mois.  Chien st\u00e9rilis\u00e9 de grande race (poids adulte de plus de 25kg) de plus de 18 mois.\" \/>\n<meta name=\"robots\" content=\"noindex, nofollow\" \/>\n<meta property=\"og:locale\" content=\"fr_FR\" \/>\n<meta property=\"og:type\" content=\"article\" \/>\n<meta property=\"og:title\" content=\"Veterinary HPM (Virbac) Adult Neutered Large &amp; Medium - chien Virbac - V\u00e9torino\" \/>\n<meta property=\"og:description\" content=\"Adult Neutered Dog Large &amp; Medium est une alimentation compl\u00e8te et \u00e9quilibr\u00e9e pour chien adulte st\u00e9rilis\u00e9 ou ayant tendance \u00e0 l\u2019embonpoint.  Utilisation\u00a0:   Chien st\u00e9rilis\u00e9 de moyenne race (poids adulte de 11 \u00e0 25 kg) de plus de 12 mois.  Chien st\u00e9rilis\u00e9 de grande race (poids adulte de plus de 25kg) de plus de 18 mois.\" \/>\n<meta property=\"og:url\" content=\"https:\/\/www.vetorino.com\/veterinaire\/mandreslesroses-94520\/boutique\/product\/veterinary-hpm-dog-adult-neutered-large-medium-new\/\" \/>\n<meta property=\"og:site_name\" content=\"V\u00e9torino\" \/>\n<meta property=\"article:publisher\" content=\"https:\/\/www.facebook.com\/Vetorino\/\" \/>\n<meta property=\"article:modified_time\" content=\"2026-03-17T04:14:06+00:00\" \/>\n<meta property=\"og:image\" content=\"https:\/\/www.vetorino.com\/boutique\/wp-content\/uploads\/2025\/05\/veterinary-hpm-dog-adult-neutered-large-medium-new-4.webp\" \/>\n\t<meta property=\"og:image:width\" content=\"800\" \/>\n\t<meta property=\"og:image:height\" content=\"800\" \/>\n\t<meta property=\"og:image:type\" content=\"image\/webp\" \/>\n<meta name=\"twitter:card\" content=\"summary_large_image\" \/>\n<meta name=\"twitter:label1\" content=\"Disponibilit\u00e9\" \/>\n\t<meta name=\"twitter:data1\" content=\"En stock\" \/>\n<script type=\"application\/ld+json\" class=\"yoast-schema-graph\">{\"@context\":\"https:\\\/\\\/schema.org\",\"@graph\":[{\"@type\":\"WebPage\",\"@id\":\"https:\\\/\\\/www.vetorino.com\\\/boutique\\\/product\\\/veterinary-hpm-dog-adult-neutered-large-medium-new\\\/\",\"url\":\"https:\\\/\\\/www.vetorino.com\\\/boutique\\\/product\\\/veterinary-hpm-dog-adult-neutered-large-medium-new\\\/\",\"name\":\"Veterinary HPM (Virbac) Adult Neutered Large &amp; Medium - chien Virbac - V\u00e9torino\",\"isPartOf\":{\"@id\":\"https:\\\/\\\/www.vetorino.com\\\/boutique\\\/#website\"},\"primaryImageOfPage\":{\"@id\":\"https:\\\/\\\/www.vetorino.com\\\/boutique\\\/product\\\/veterinary-hpm-dog-adult-neutered-large-medium-new\\\/#primaryimage\"},\"image\":{\"@id\":\"https:\\\/\\\/www.vetorino.com\\\/boutique\\\/product\\\/veterinary-hpm-dog-adult-neutered-large-medium-new\\\/#primaryimage\"},\"thumbnailUrl\":\"https:\\\/\\\/www.vetorino.com\\\/boutique\\\/wp-content\\\/uploads\\\/2025\\\/05\\\/veterinary-hpm-dog-adult-neutered-large-medium-new-4.webp\",\"datePublished\":\"2025-06-02T15:51:45+00:00\",\"dateModified\":\"2026-03-17T04:14:06+00:00\",\"description\":\"Adult Neutered Dog Large &amp; Medium est une alimentation compl\u00e8te et \u00e9quilibr\u00e9e pour chien adulte st\u00e9rilis\u00e9 ou ayant tendance \u00e0 l\u2019embonpoint. Utilisation\u00a0: Chien st\u00e9rilis\u00e9 de moyenne race (poids adulte de 11 \u00e0 25 kg) de plus de 12 mois. Chien st\u00e9rilis\u00e9 de grande race (poids adulte de plus de 25kg) de plus de 18 mois.\",\"breadcrumb\":{\"@id\":\"https:\\\/\\\/www.vetorino.com\\\/boutique\\\/product\\\/veterinary-hpm-dog-adult-neutered-large-medium-new\\\/#breadcrumb\"},\"inLanguage\":\"fr-FR\",\"potentialAction\":[{\"@type\":\"ReadAction\",\"target\":[\"https:\\\/\\\/www.vetorino.com\\\/boutique\\\/product\\\/veterinary-hpm-dog-adult-neutered-large-medium-new\\\/\"]}]},{\"@type\":\"ImageObject\",\"inLanguage\":\"fr-FR\",\"@id\":\"https:\\\/\\\/www.vetorino.com\\\/boutique\\\/product\\\/veterinary-hpm-dog-adult-neutered-large-medium-new\\\/#primaryimage\",\"url\":\"https:\\\/\\\/www.vetorino.com\\\/boutique\\\/wp-content\\\/uploads\\\/2025\\\/05\\\/veterinary-hpm-dog-adult-neutered-large-medium-new-4.webp\",\"contentUrl\":\"https:\\\/\\\/www.vetorino.com\\\/boutique\\\/wp-content\\\/uploads\\\/2025\\\/05\\\/veterinary-hpm-dog-adult-neutered-large-medium-new-4.webp\",\"width\":800,\"height\":800},{\"@type\":\"BreadcrumbList\",\"@id\":\"https:\\\/\\\/www.vetorino.com\\\/boutique\\\/product\\\/veterinary-hpm-dog-adult-neutered-large-medium-new\\\/#breadcrumb\",\"itemListElement\":[{\"@type\":\"ListItem\",\"position\":1,\"name\":\"Accueil\",\"item\":\"https:\\\/\\\/www.vetorino.com\\\/boutique\\\/\"},{\"@type\":\"ListItem\",\"position\":2,\"name\":\"Produits\",\"item\":\"https:\\\/\\\/www.vetorino.com\\\/boutique\\\/\"},{\"@type\":\"ListItem\",\"position\":3,\"name\":\"Adult Neutered Large &amp; Medium &#8211; chien\"}]},{\"@type\":\"WebSite\",\"@id\":\"https:\\\/\\\/www.vetorino.com\\\/boutique\\\/#website\",\"url\":\"https:\\\/\\\/www.vetorino.com\\\/boutique\\\/\",\"name\":\"V\u00e9torino\",\"description\":\"\",\"publisher\":{\"@id\":\"https:\\\/\\\/www.vetorino.com\\\/boutique\\\/#organization\"},\"potentialAction\":[{\"@type\":\"SearchAction\",\"target\":{\"@type\":\"EntryPoint\",\"urlTemplate\":\"https:\\\/\\\/www.vetorino.com\\\/boutique\\\/?s={search_term_string}\"},\"query-input\":{\"@type\":\"PropertyValueSpecification\",\"valueRequired\":true,\"valueName\":\"search_term_string\"}}],\"inLanguage\":\"fr-FR\"},{\"@type\":\"Organization\",\"@id\":\"https:\\\/\\\/www.vetorino.com\\\/boutique\\\/#organization\",\"name\":\"V\u00e9torino\",\"url\":\"https:\\\/\\\/www.vetorino.com\\\/boutique\\\/\",\"logo\":{\"@type\":\"ImageObject\",\"inLanguage\":\"fr-FR\",\"@id\":\"https:\\\/\\\/www.vetorino.com\\\/boutique\\\/#\\\/schema\\\/logo\\\/image\\\/\",\"url\":\"https:\\\/\\\/www.vetorino.com\\\/boutique\\\/wp-content\\\/uploads\\\/2024\\\/10\\\/logo.jpg\",\"contentUrl\":\"https:\\\/\\\/www.vetorino.com\\\/boutique\\\/wp-content\\\/uploads\\\/2024\\\/10\\\/logo.jpg\",\"width\":1200,\"height\":610,\"caption\":\"V\u00e9torino\"},\"image\":{\"@id\":\"https:\\\/\\\/www.vetorino.com\\\/boutique\\\/#\\\/schema\\\/logo\\\/image\\\/\"},\"sameAs\":[\"https:\\\/\\\/www.facebook.com\\\/Vetorino\\\/\",\"https:\\\/\\\/www.instagram.com\\\/vetorino_off\\\/\",\"https:\\\/\\\/www.linkedin.com\\\/company\\\/vtorino\\\/\"]}]}<\/script>\n<meta property=\"product:brand\" content=\"Virbac\" \/>\n<meta property=\"og:availability\" content=\"instock\" \/>\n<meta property=\"product:availability\" content=\"instock\" \/>\n<meta property=\"product:condition\" content=\"new\" \/>\n<!-- \/ Yoast SEO plugin. -->","yoast_head_json":{"title":"Veterinary HPM (Virbac) Adult Neutered Large &amp; Medium - chien Virbac - V\u00e9torino","description":"Adult Neutered Dog Large &amp; Medium est une alimentation compl\u00e8te et \u00e9quilibr\u00e9e pour chien adulte st\u00e9rilis\u00e9 ou ayant tendance \u00e0 l\u2019embonpoint.  Utilisation\u00a0:   Chien st\u00e9rilis\u00e9 de moyenne race (poids adulte de 11 \u00e0 25 kg) de plus de 12 mois.  Chien st\u00e9rilis\u00e9 de grande race (poids adulte de plus de 25kg) de plus de 18 mois.","robots":{"index":"noindex","follow":"nofollow"},"og_locale":"fr_FR","og_type":"article","og_title":"Veterinary HPM (Virbac) Adult Neutered Large &amp; Medium - chien Virbac - V\u00e9torino","og_description":"Adult Neutered Dog Large &amp; Medium est une alimentation compl\u00e8te et \u00e9quilibr\u00e9e pour chien adulte st\u00e9rilis\u00e9 ou ayant tendance \u00e0 l\u2019embonpoint.  Utilisation\u00a0:   Chien st\u00e9rilis\u00e9 de moyenne race (poids adulte de 11 \u00e0 25 kg) de plus de 12 mois.  Chien st\u00e9rilis\u00e9 de grande race (poids adulte de plus de 25kg) de plus de 18 mois.","og_url":"https:\/\/www.vetorino.com\/veterinaire\/mandreslesroses-94520\/boutique\/product\/veterinary-hpm-dog-adult-neutered-large-medium-new\/","og_site_name":"V\u00e9torino","article_publisher":"https:\/\/www.facebook.com\/Vetorino\/","article_modified_time":"2026-03-17T04:14:06+00:00","og_image":[{"width":800,"height":800,"url":"https:\/\/www.vetorino.com\/boutique\/wp-content\/uploads\/2025\/05\/veterinary-hpm-dog-adult-neutered-large-medium-new-4.webp","type":"image\/webp"}],"twitter_card":"summary_large_image","twitter_misc":{"Disponibilit\u00e9":"En stock"},"schema":{"@context":"https:\/\/schema.org","@graph":[{"@type":"WebPage","@id":"https:\/\/www.vetorino.com\/boutique\/product\/veterinary-hpm-dog-adult-neutered-large-medium-new\/","url":"https:\/\/www.vetorino.com\/boutique\/product\/veterinary-hpm-dog-adult-neutered-large-medium-new\/","name":"Veterinary HPM (Virbac) Adult Neutered Large &amp; Medium - chien Virbac - V\u00e9torino","isPartOf":{"@id":"https:\/\/www.vetorino.com\/boutique\/#website"},"primaryImageOfPage":{"@id":"https:\/\/www.vetorino.com\/boutique\/product\/veterinary-hpm-dog-adult-neutered-large-medium-new\/#primaryimage"},"image":{"@id":"https:\/\/www.vetorino.com\/boutique\/product\/veterinary-hpm-dog-adult-neutered-large-medium-new\/#primaryimage"},"thumbnailUrl":"https:\/\/www.vetorino.com\/boutique\/wp-content\/uploads\/2025\/05\/veterinary-hpm-dog-adult-neutered-large-medium-new-4.webp","datePublished":"2025-06-02T15:51:45+00:00","dateModified":"2026-03-17T04:14:06+00:00","description":"Adult Neutered Dog Large &amp; Medium est une alimentation compl\u00e8te et \u00e9quilibr\u00e9e pour chien adulte st\u00e9rilis\u00e9 ou ayant tendance \u00e0 l\u2019embonpoint. Utilisation\u00a0: Chien st\u00e9rilis\u00e9 de moyenne race (poids adulte de 11 \u00e0 25 kg) de plus de 12 mois. Chien st\u00e9rilis\u00e9 de grande race (poids adulte de plus de 25kg) de plus de 18 mois.","breadcrumb":{"@id":"https:\/\/www.vetorino.com\/boutique\/product\/veterinary-hpm-dog-adult-neutered-large-medium-new\/#breadcrumb"},"inLanguage":"fr-FR","potentialAction":[{"@type":"ReadAction","target":["https:\/\/www.vetorino.com\/boutique\/product\/veterinary-hpm-dog-adult-neutered-large-medium-new\/"]}]},{"@type":"ImageObject","inLanguage":"fr-FR","@id":"https:\/\/www.vetorino.com\/boutique\/product\/veterinary-hpm-dog-adult-neutered-large-medium-new\/#primaryimage","url":"https:\/\/www.vetorino.com\/boutique\/wp-content\/uploads\/2025\/05\/veterinary-hpm-dog-adult-neutered-large-medium-new-4.webp","contentUrl":"https:\/\/www.vetorino.com\/boutique\/wp-content\/uploads\/2025\/05\/veterinary-hpm-dog-adult-neutered-large-medium-new-4.webp","width":800,"height":800},{"@type":"BreadcrumbList","@id":"https:\/\/www.vetorino.com\/boutique\/product\/veterinary-hpm-dog-adult-neutered-large-medium-new\/#breadcrumb","itemListElement":[{"@type":"ListItem","position":1,"name":"Accueil","item":"https:\/\/www.vetorino.com\/boutique\/"},{"@type":"ListItem","position":2,"name":"Produits","item":"https:\/\/www.vetorino.com\/boutique\/"},{"@type":"ListItem","position":3,"name":"Adult Neutered Large &amp; Medium &#8211; chien"}]},{"@type":"WebSite","@id":"https:\/\/www.vetorino.com\/boutique\/#website","url":"https:\/\/www.vetorino.com\/boutique\/","name":"V\u00e9torino","description":"","publisher":{"@id":"https:\/\/www.vetorino.com\/boutique\/#organization"},"potentialAction":[{"@type":"SearchAction","target":{"@type":"EntryPoint","urlTemplate":"https:\/\/www.vetorino.com\/boutique\/?s={search_term_string}"},"query-input":{"@type":"PropertyValueSpecification","valueRequired":true,"valueName":"search_term_string"}}],"inLanguage":"fr-FR"},{"@type":"Organization","@id":"https:\/\/www.vetorino.com\/boutique\/#organization","name":"V\u00e9torino","url":"https:\/\/www.vetorino.com\/boutique\/","logo":{"@type":"ImageObject","inLanguage":"fr-FR","@id":"https:\/\/www.vetorino.com\/boutique\/#\/schema\/logo\/image\/","url":"https:\/\/www.vetorino.com\/boutique\/wp-content\/uploads\/2024\/10\/logo.jpg","contentUrl":"https:\/\/www.vetorino.com\/boutique\/wp-content\/uploads\/2024\/10\/logo.jpg","width":1200,"height":610,"caption":"V\u00e9torino"},"image":{"@id":"https:\/\/www.vetorino.com\/boutique\/#\/schema\/logo\/image\/"},"sameAs":["https:\/\/www.facebook.com\/Vetorino\/","https:\/\/www.instagram.com\/vetorino_off\/","https:\/\/www.linkedin.com\/company\/vtorino\/"]}]},"product_brand":"Virbac","og_availability":"instock","product_availability":"instock","product_condition":"new"},"_links":{"self":[{"href":"https:\/\/www.vetorino.com\/veterinaire\/mandreslesroses-94520\/boutique\/wp-json\/wp\/v2\/product\/1354975","targetHints":{"allow":["GET"]}}],"collection":[{"href":"https:\/\/www.vetorino.com\/veterinaire\/mandreslesroses-94520\/boutique\/wp-json\/wp\/v2\/product"}],"about":[{"href":"https:\/\/www.vetorino.com\/veterinaire\/mandreslesroses-94520\/boutique\/wp-json\/wp\/v2\/types\/product"}],"wp:featuredmedia":[{"embeddable":true,"href":"https:\/\/www.vetorino.com\/veterinaire\/mandreslesroses-94520\/boutique\/wp-json\/wp\/v2\/media\/1319488"}],"wp:attachment":[{"href":"https:\/\/www.vetorino.com\/veterinaire\/mandreslesroses-94520\/boutique\/wp-json\/wp\/v2\/media?parent=1354975"}],"wp:term":[{"taxonomy":"product_cat","embeddable":true,"href":"https:\/\/www.vetorino.com\/veterinaire\/mandreslesroses-94520\/boutique\/wp-json\/wp\/v2\/product_cat?post=1354975"},{"taxonomy":"product_tag","embeddable":true,"href":"https:\/\/www.vetorino.com\/veterinaire\/mandreslesroses-94520\/boutique\/wp-json\/wp\/v2\/product_tag?post=1354975"}],"curies":[{"name":"wp","href":"https:\/\/api.w.org\/{rel}","templated":true}]}}