{"id":292126,"date":"2022-02-01T11:40:23","date_gmt":"2022-02-01T10:40:23","guid":{"rendered":"https:\/\/www.vetorino.com\/boutique\/product\/tonivet-chien-hypoallergenique-intolerance-alimentaire\/"},"modified":"2026-04-03T00:51:32","modified_gmt":"2026-04-02T22:51:32","slug":"tonivet-chien-hypoallergenique-intolerance-alimentaire","status":"publish","type":"product","link":"https:\/\/www.vetorino.com\/veterinaire\/mandreslesroses-94520\/boutique\/product\/tonivet-chien-hypoallergenique-intolerance-alimentaire\/","title":{"rendered":"Chien Hypoallerg\u00e9nique Intol\u00e9rance Alimentaire"},"content":{"rendered":"<p><strong>TONIVET HYPOALLERG\u00c9NIQUE<\/strong> est un aliment di\u00e9t\u00e9tique complet pour chiens destin\u00e9 \u00e0 r\u00e9pondre aux intol\u00e9rances alimentaires avec troubles digestifs, de la peau et du pelage. Poss\u00e8de une combinaison appropri\u00e9e des caract\u00e9ristiques nutritionnelles essentielles.<\/p>\n<p>Taille de croquettes : 16 mm<\/p>\n<p><strong>Bienfaits essentiels :<\/strong><\/p>\n<p>\u2022 R\u00e9duction des r\u00e9actions cutan\u00e9es et digestives li\u00e9es \u00e0 une intol\u00e9rance alimentaire<br \/>\n\u2022 Haute tol\u00e9rance digestive : prot\u00e9ines de larves de T\u00e9n\u00e9brion au poids mol\u00e9culaire<br \/>\nnaturellement faible.<br \/>\n\u2022 R\u00e9gime d\u2019\u00e9viction : Source de prot\u00e9ine animale unique.<br \/>\n\u2022 Source de glucides tr\u00e8s digeste : Riz, f\u00e9cule de pomme de terre.<br \/>\n\u2022 \u00c9quilibre en acides gras essentiels :<br \/>\n\u2022 Huile naturelle d\u2019anchois et de sardines sauvages, graines de chia (Om\u00e9ga 3, EPA, DHA).<br \/>\n\u2022 Graisse de canard, Huile de tournesol linol\u00e9ique biologique (Om\u00e9ga 6, LA, GLA).<br \/>\n\u2022 Antioxydants secondairescellulaires aident \u00e0 prot\u00e9ger les cellules digestives contre les radicaux<br \/>\nlibres et soutiennent la r\u00e9ponse immunitaire : S\u00e9l\u00e9nium organique.<\/p>\n<p>Sacs recyclables et compostables.<\/p>\n","protected":false},"excerpt":{"rendered":"<p><strong>TONIVET HYPOALLERG\u00c9NIQUE<\/strong> est un aliment di\u00e9t\u00e9tique complet pour chiens destin\u00e9 \u00e0 r\u00e9pondre aux intol\u00e9rances alimentaires avec troubles digestifs, de la peau et du pelage. Poss\u00e8de une combinaison appropri\u00e9e des caract\u00e9ristiques nutritionnelles essentielles.<\/p>\n","protected":false},"featured_media":763884,"template":"","meta":[],"product_cat":[12552,12582,2698],"product_tag":[],"class_list":{"0":"post-292126","1":"product","2":"type-product","3":"status-publish","4":"has-post-thumbnail","6":"product_cat-alimentation-du-chien","7":"product_cat-alimentation-medicalisee-pour-chien","8":"product_cat-chien","9":"pa_marque-tonivet","11":"first","12":"instock","13":"taxable","14":"shipping-taxable","15":"purchasable","16":"product-type-variable"},"yoast_head":"<!-- This site is optimized with the Yoast SEO plugin v27.3 - https:\/\/yoast.com\/product\/yoast-seo-wordpress\/ -->\n<title>Chien Hypoallerg\u00e9nique Intol\u00e9rance Alimentaire Tonivet - V\u00e9torino<\/title>\n<meta name=\"description\" content=\"TONIVET HYPOALLERG\u00c9NIQUE est un aliment di\u00e9t\u00e9tique complet pour chiens destin\u00e9 \u00e0 r\u00e9pondre aux intol\u00e9rances alimentaires avec troubles digestifs, de la peau et du pelage. Poss\u00e8de une combinaison appropri\u00e9e des caract\u00e9ristiques nutritionnelles essentielles.\" \/>\n<meta name=\"robots\" content=\"noindex, nofollow\" \/>\n<meta property=\"og:locale\" content=\"fr_FR\" \/>\n<meta property=\"og:type\" content=\"article\" \/>\n<meta property=\"og:title\" content=\"Chien Hypoallerg\u00e9nique Intol\u00e9rance Alimentaire Tonivet - V\u00e9torino\" \/>\n<meta property=\"og:description\" content=\"TONIVET HYPOALLERG\u00c9NIQUE est un aliment di\u00e9t\u00e9tique complet pour chiens destin\u00e9 \u00e0 r\u00e9pondre aux intol\u00e9rances alimentaires avec troubles digestifs, de la peau et du pelage. Poss\u00e8de une combinaison appropri\u00e9e des caract\u00e9ristiques nutritionnelles essentielles.\" \/>\n<meta property=\"og:url\" content=\"https:\/\/www.vetorino.com\/veterinaire\/mandreslesroses-94520\/boutique\/product\/tonivet-chien-hypoallergenique-intolerance-alimentaire\/\" \/>\n<meta property=\"og:site_name\" content=\"V\u00e9torino\" \/>\n<meta property=\"article:publisher\" content=\"https:\/\/www.facebook.com\/Vetorino\/\" \/>\n<meta property=\"article:modified_time\" content=\"2026-04-02T22:51:32+00:00\" \/>\n<meta property=\"og:image\" content=\"https:\/\/www.vetorino.com\/boutique\/wp-content\/uploads\/2022\/01\/TONIVET-LAB-1862830-1862840.jpg\" \/>\n\t<meta property=\"og:image:width\" content=\"800\" \/>\n\t<meta property=\"og:image:height\" content=\"800\" \/>\n\t<meta property=\"og:image:type\" content=\"image\/jpeg\" \/>\n<meta name=\"twitter:card\" content=\"summary_large_image\" \/>\n<meta name=\"twitter:label1\" content=\"Disponibilit\u00e9\" \/>\n\t<meta name=\"twitter:data1\" content=\"En stock\" \/>\n<script type=\"application\/ld+json\" class=\"yoast-schema-graph\">{\"@context\":\"https:\\\/\\\/schema.org\",\"@graph\":[{\"@type\":\"WebPage\",\"@id\":\"https:\\\/\\\/www.vetorino.com\\\/boutique\\\/product\\\/tonivet-chien-hypoallergenique-intolerance-alimentaire\\\/\",\"url\":\"https:\\\/\\\/www.vetorino.com\\\/boutique\\\/product\\\/tonivet-chien-hypoallergenique-intolerance-alimentaire\\\/\",\"name\":\"Chien Hypoallerg\u00e9nique Intol\u00e9rance Alimentaire Tonivet - V\u00e9torino\",\"isPartOf\":{\"@id\":\"https:\\\/\\\/www.vetorino.com\\\/boutique\\\/#website\"},\"primaryImageOfPage\":{\"@id\":\"https:\\\/\\\/www.vetorino.com\\\/boutique\\\/product\\\/tonivet-chien-hypoallergenique-intolerance-alimentaire\\\/#primaryimage\"},\"image\":{\"@id\":\"https:\\\/\\\/www.vetorino.com\\\/boutique\\\/product\\\/tonivet-chien-hypoallergenique-intolerance-alimentaire\\\/#primaryimage\"},\"thumbnailUrl\":\"https:\\\/\\\/www.vetorino.com\\\/boutique\\\/wp-content\\\/uploads\\\/2022\\\/01\\\/TONIVET-LAB-1862830-1862840.jpg\",\"datePublished\":\"2022-02-01T10:40:23+00:00\",\"dateModified\":\"2026-04-02T22:51:32+00:00\",\"description\":\"TONIVET HYPOALLERG\u00c9NIQUE est un aliment di\u00e9t\u00e9tique complet pour chiens destin\u00e9 \u00e0 r\u00e9pondre aux intol\u00e9rances alimentaires avec troubles digestifs, de la peau et du pelage. Poss\u00e8de une combinaison appropri\u00e9e des caract\u00e9ristiques nutritionnelles essentielles.\",\"breadcrumb\":{\"@id\":\"https:\\\/\\\/www.vetorino.com\\\/boutique\\\/product\\\/tonivet-chien-hypoallergenique-intolerance-alimentaire\\\/#breadcrumb\"},\"inLanguage\":\"fr-FR\",\"potentialAction\":[{\"@type\":\"ReadAction\",\"target\":[\"https:\\\/\\\/www.vetorino.com\\\/boutique\\\/product\\\/tonivet-chien-hypoallergenique-intolerance-alimentaire\\\/\"]}]},{\"@type\":\"ImageObject\",\"inLanguage\":\"fr-FR\",\"@id\":\"https:\\\/\\\/www.vetorino.com\\\/boutique\\\/product\\\/tonivet-chien-hypoallergenique-intolerance-alimentaire\\\/#primaryimage\",\"url\":\"https:\\\/\\\/www.vetorino.com\\\/boutique\\\/wp-content\\\/uploads\\\/2022\\\/01\\\/TONIVET-LAB-1862830-1862840.jpg\",\"contentUrl\":\"https:\\\/\\\/www.vetorino.com\\\/boutique\\\/wp-content\\\/uploads\\\/2022\\\/01\\\/TONIVET-LAB-1862830-1862840.jpg\",\"width\":800,\"height\":800},{\"@type\":\"BreadcrumbList\",\"@id\":\"https:\\\/\\\/www.vetorino.com\\\/boutique\\\/product\\\/tonivet-chien-hypoallergenique-intolerance-alimentaire\\\/#breadcrumb\",\"itemListElement\":[{\"@type\":\"ListItem\",\"position\":1,\"name\":\"Accueil\",\"item\":\"https:\\\/\\\/www.vetorino.com\\\/boutique\\\/\"},{\"@type\":\"ListItem\",\"position\":2,\"name\":\"Produits\",\"item\":\"https:\\\/\\\/www.vetorino.com\\\/boutique\\\/\"},{\"@type\":\"ListItem\",\"position\":3,\"name\":\"Chien Hypoallerg\u00e9nique Intol\u00e9rance Alimentaire\"}]},{\"@type\":\"WebSite\",\"@id\":\"https:\\\/\\\/www.vetorino.com\\\/boutique\\\/#website\",\"url\":\"https:\\\/\\\/www.vetorino.com\\\/boutique\\\/\",\"name\":\"V\u00e9torino\",\"description\":\"\",\"publisher\":{\"@id\":\"https:\\\/\\\/www.vetorino.com\\\/boutique\\\/#organization\"},\"potentialAction\":[{\"@type\":\"SearchAction\",\"target\":{\"@type\":\"EntryPoint\",\"urlTemplate\":\"https:\\\/\\\/www.vetorino.com\\\/boutique\\\/?s={search_term_string}\"},\"query-input\":{\"@type\":\"PropertyValueSpecification\",\"valueRequired\":true,\"valueName\":\"search_term_string\"}}],\"inLanguage\":\"fr-FR\"},{\"@type\":\"Organization\",\"@id\":\"https:\\\/\\\/www.vetorino.com\\\/boutique\\\/#organization\",\"name\":\"V\u00e9torino\",\"url\":\"https:\\\/\\\/www.vetorino.com\\\/boutique\\\/\",\"logo\":{\"@type\":\"ImageObject\",\"inLanguage\":\"fr-FR\",\"@id\":\"https:\\\/\\\/www.vetorino.com\\\/boutique\\\/#\\\/schema\\\/logo\\\/image\\\/\",\"url\":\"https:\\\/\\\/www.vetorino.com\\\/boutique\\\/wp-content\\\/uploads\\\/2024\\\/10\\\/logo.jpg\",\"contentUrl\":\"https:\\\/\\\/www.vetorino.com\\\/boutique\\\/wp-content\\\/uploads\\\/2024\\\/10\\\/logo.jpg\",\"width\":1200,\"height\":610,\"caption\":\"V\u00e9torino\"},\"image\":{\"@id\":\"https:\\\/\\\/www.vetorino.com\\\/boutique\\\/#\\\/schema\\\/logo\\\/image\\\/\"},\"sameAs\":[\"https:\\\/\\\/www.facebook.com\\\/Vetorino\\\/\",\"https:\\\/\\\/www.instagram.com\\\/vetorino_off\\\/\",\"https:\\\/\\\/www.linkedin.com\\\/company\\\/vtorino\\\/\"]}]}<\/script>\n<meta property=\"product:brand\" content=\"Tonivet\" \/>\n<meta property=\"og:availability\" content=\"instock\" \/>\n<meta property=\"product:availability\" content=\"instock\" \/>\n<meta property=\"product:condition\" content=\"new\" \/>\n<!-- \/ Yoast SEO plugin. -->","yoast_head_json":{"title":"Chien Hypoallerg\u00e9nique Intol\u00e9rance Alimentaire Tonivet - V\u00e9torino","description":"TONIVET HYPOALLERG\u00c9NIQUE est un aliment di\u00e9t\u00e9tique complet pour chiens destin\u00e9 \u00e0 r\u00e9pondre aux intol\u00e9rances alimentaires avec troubles digestifs, de la peau et du pelage. Poss\u00e8de une combinaison appropri\u00e9e des caract\u00e9ristiques nutritionnelles essentielles.","robots":{"index":"noindex","follow":"nofollow"},"og_locale":"fr_FR","og_type":"article","og_title":"Chien Hypoallerg\u00e9nique Intol\u00e9rance Alimentaire Tonivet - V\u00e9torino","og_description":"TONIVET HYPOALLERG\u00c9NIQUE est un aliment di\u00e9t\u00e9tique complet pour chiens destin\u00e9 \u00e0 r\u00e9pondre aux intol\u00e9rances alimentaires avec troubles digestifs, de la peau et du pelage. Poss\u00e8de une combinaison appropri\u00e9e des caract\u00e9ristiques nutritionnelles essentielles.","og_url":"https:\/\/www.vetorino.com\/veterinaire\/mandreslesroses-94520\/boutique\/product\/tonivet-chien-hypoallergenique-intolerance-alimentaire\/","og_site_name":"V\u00e9torino","article_publisher":"https:\/\/www.facebook.com\/Vetorino\/","article_modified_time":"2026-04-02T22:51:32+00:00","og_image":[{"width":800,"height":800,"url":"https:\/\/www.vetorino.com\/boutique\/wp-content\/uploads\/2022\/01\/TONIVET-LAB-1862830-1862840.jpg","type":"image\/jpeg"}],"twitter_card":"summary_large_image","twitter_misc":{"Disponibilit\u00e9":"En stock"},"schema":{"@context":"https:\/\/schema.org","@graph":[{"@type":"WebPage","@id":"https:\/\/www.vetorino.com\/boutique\/product\/tonivet-chien-hypoallergenique-intolerance-alimentaire\/","url":"https:\/\/www.vetorino.com\/boutique\/product\/tonivet-chien-hypoallergenique-intolerance-alimentaire\/","name":"Chien Hypoallerg\u00e9nique Intol\u00e9rance Alimentaire Tonivet - V\u00e9torino","isPartOf":{"@id":"https:\/\/www.vetorino.com\/boutique\/#website"},"primaryImageOfPage":{"@id":"https:\/\/www.vetorino.com\/boutique\/product\/tonivet-chien-hypoallergenique-intolerance-alimentaire\/#primaryimage"},"image":{"@id":"https:\/\/www.vetorino.com\/boutique\/product\/tonivet-chien-hypoallergenique-intolerance-alimentaire\/#primaryimage"},"thumbnailUrl":"https:\/\/www.vetorino.com\/boutique\/wp-content\/uploads\/2022\/01\/TONIVET-LAB-1862830-1862840.jpg","datePublished":"2022-02-01T10:40:23+00:00","dateModified":"2026-04-02T22:51:32+00:00","description":"TONIVET HYPOALLERG\u00c9NIQUE est un aliment di\u00e9t\u00e9tique complet pour chiens destin\u00e9 \u00e0 r\u00e9pondre aux intol\u00e9rances alimentaires avec troubles digestifs, de la peau et du pelage. Poss\u00e8de une combinaison appropri\u00e9e des caract\u00e9ristiques nutritionnelles essentielles.","breadcrumb":{"@id":"https:\/\/www.vetorino.com\/boutique\/product\/tonivet-chien-hypoallergenique-intolerance-alimentaire\/#breadcrumb"},"inLanguage":"fr-FR","potentialAction":[{"@type":"ReadAction","target":["https:\/\/www.vetorino.com\/boutique\/product\/tonivet-chien-hypoallergenique-intolerance-alimentaire\/"]}]},{"@type":"ImageObject","inLanguage":"fr-FR","@id":"https:\/\/www.vetorino.com\/boutique\/product\/tonivet-chien-hypoallergenique-intolerance-alimentaire\/#primaryimage","url":"https:\/\/www.vetorino.com\/boutique\/wp-content\/uploads\/2022\/01\/TONIVET-LAB-1862830-1862840.jpg","contentUrl":"https:\/\/www.vetorino.com\/boutique\/wp-content\/uploads\/2022\/01\/TONIVET-LAB-1862830-1862840.jpg","width":800,"height":800},{"@type":"BreadcrumbList","@id":"https:\/\/www.vetorino.com\/boutique\/product\/tonivet-chien-hypoallergenique-intolerance-alimentaire\/#breadcrumb","itemListElement":[{"@type":"ListItem","position":1,"name":"Accueil","item":"https:\/\/www.vetorino.com\/boutique\/"},{"@type":"ListItem","position":2,"name":"Produits","item":"https:\/\/www.vetorino.com\/boutique\/"},{"@type":"ListItem","position":3,"name":"Chien Hypoallerg\u00e9nique Intol\u00e9rance Alimentaire"}]},{"@type":"WebSite","@id":"https:\/\/www.vetorino.com\/boutique\/#website","url":"https:\/\/www.vetorino.com\/boutique\/","name":"V\u00e9torino","description":"","publisher":{"@id":"https:\/\/www.vetorino.com\/boutique\/#organization"},"potentialAction":[{"@type":"SearchAction","target":{"@type":"EntryPoint","urlTemplate":"https:\/\/www.vetorino.com\/boutique\/?s={search_term_string}"},"query-input":{"@type":"PropertyValueSpecification","valueRequired":true,"valueName":"search_term_string"}}],"inLanguage":"fr-FR"},{"@type":"Organization","@id":"https:\/\/www.vetorino.com\/boutique\/#organization","name":"V\u00e9torino","url":"https:\/\/www.vetorino.com\/boutique\/","logo":{"@type":"ImageObject","inLanguage":"fr-FR","@id":"https:\/\/www.vetorino.com\/boutique\/#\/schema\/logo\/image\/","url":"https:\/\/www.vetorino.com\/boutique\/wp-content\/uploads\/2024\/10\/logo.jpg","contentUrl":"https:\/\/www.vetorino.com\/boutique\/wp-content\/uploads\/2024\/10\/logo.jpg","width":1200,"height":610,"caption":"V\u00e9torino"},"image":{"@id":"https:\/\/www.vetorino.com\/boutique\/#\/schema\/logo\/image\/"},"sameAs":["https:\/\/www.facebook.com\/Vetorino\/","https:\/\/www.instagram.com\/vetorino_off\/","https:\/\/www.linkedin.com\/company\/vtorino\/"]}]},"product_brand":"Tonivet","og_availability":"instock","product_availability":"instock","product_condition":"new"},"_links":{"self":[{"href":"https:\/\/www.vetorino.com\/veterinaire\/mandreslesroses-94520\/boutique\/wp-json\/wp\/v2\/product\/292126","targetHints":{"allow":["GET"]}}],"collection":[{"href":"https:\/\/www.vetorino.com\/veterinaire\/mandreslesroses-94520\/boutique\/wp-json\/wp\/v2\/product"}],"about":[{"href":"https:\/\/www.vetorino.com\/veterinaire\/mandreslesroses-94520\/boutique\/wp-json\/wp\/v2\/types\/product"}],"wp:featuredmedia":[{"embeddable":true,"href":"https:\/\/www.vetorino.com\/veterinaire\/mandreslesroses-94520\/boutique\/wp-json\/wp\/v2\/media\/763884"}],"wp:attachment":[{"href":"https:\/\/www.vetorino.com\/veterinaire\/mandreslesroses-94520\/boutique\/wp-json\/wp\/v2\/media?parent=292126"}],"wp:term":[{"taxonomy":"product_cat","embeddable":true,"href":"https:\/\/www.vetorino.com\/veterinaire\/mandreslesroses-94520\/boutique\/wp-json\/wp\/v2\/product_cat?post=292126"},{"taxonomy":"product_tag","embeddable":true,"href":"https:\/\/www.vetorino.com\/veterinaire\/mandreslesroses-94520\/boutique\/wp-json\/wp\/v2\/product_tag?post=292126"}],"curies":[{"name":"wp","href":"https:\/\/api.w.org\/{rel}","templated":true}]}}