{"id":597415,"date":"2023-04-18T11:07:18","date_gmt":"2023-04-18T09:07:18","guid":{"rendered":"https:\/\/www.vetorino.com\/boutique\/product\/observence-chat-en-barre\/"},"modified":"2026-03-27T02:42:10","modified_gmt":"2026-03-27T01:42:10","slug":"observence-chat-en-barre","status":"publish","type":"product","link":"https:\/\/www.vetorino.com\/veterinaire\/mandreslesroses-94520\/boutique\/product\/observence-chat-en-barre\/","title":{"rendered":"Observence chat \u2013 Friandise cache-comprim\u00e9"},"content":{"rendered":"<p><strong>Aliment compl\u00e9mentaire app\u00e9tent pauvre en calories pour chat et autres animaux domestiques carnivores sous forme de barre fractionnable permettant de dissimuler les comprim\u00e9s et les g\u00e9lules\u00a0pour en faciliter la prise.<\/strong><\/p>\n<p><strong>Utilisation :<\/strong><\/p>\n<ul>\n<li>Recouvre et dissimule la majorit\u00e9 des types de comprim\u00e9s\/g\u00e9lules<\/li>\n<\/ul>\n<p><strong>Bienfaits essentiels :<\/strong><\/p>\n<ul>\n<li><strong>Recette savoureuse :<\/strong>\u00a0go\u00fbt et saveur correspondant aux go\u00fbts de l&#8217;animal et dissimulant parfaitement les m\u00e9dicaments.<\/li>\n<li><strong>Hypocalorique :<\/strong>\u00a0aucune incidence sur les r\u00e9gimes alimentaires, teneur \u00e9nerg\u00e9tique \u00e9quivalent \u00e0\u00a0celle d&#8217;une croquette de r\u00e9gime de m\u00eame poids.<\/li>\n<li><strong>Pratique :<\/strong>\u00a0permet de faire prendre facilement des comprim\u00e9s \u00e0 son animal, la texture emp\u00eachant l&#8217;animal de dissocier le comprim\u00e9 de la boulette.<\/li>\n<li><strong>Facilit\u00e9 d&#8217;administration :<\/strong>\u00a0les comprim\u00e9s\/g\u00e9lules sont cach\u00e9s dans des petites boulettes de viande que vous aurez plac\u00e9es dans sa nourriture ou que vous lui donnerez directement pour faciliter la prise de m\u00e9dicaments.<\/li>\n<\/ul>\n<p><strong>Mode d&#8217;emploi :<\/strong><\/p>\n<p>1. Ouvrir le sachet suivant les pointill\u00e9s et en sortir la barre.<\/p>\n<p>2. Couper un morceau de la barre d\u2019un volume \u00e9quivalent \u00e0 une bouch\u00e9e pour votre animal. Former une petite boulette et la d\u00e9poser dans sa gamelle vide.<\/p>\n<p>Attendre que votre animal la mange sans le contraindre.<\/p>\n<p>Proc\u00e9der \u00e0 cette \u00e9tape lors de la toute premi\u00e8re utilisation. Cela permet \u00e0 l\u2019animal de se familiariser avec le produit et d\u2019\u00eatre mis en confiance pour les prises suivantes de boulettes contenant les comprim\u00e9s.<\/p>\n<p>3. Renouveler l\u2019op\u00e9ration en introduisant, cette fois, le comprim\u00e9 (ou g\u00e9lule) \u00e0 faire prendre dans le morceau pr\u00e9lev\u00e9. Le comprim\u00e9 (ou g\u00e9lule) doit \u00eatre invisible.<\/p>\n<p>Si le comprim\u00e9 est fractionnable, r\u00e9aliser plusieurs petites boulettes plut\u00f4t qu\u2019une grosse.<\/p>\n<p>4. L\u2019excellente conservation du produit \u00e0 temp\u00e9rature ambiante vous permet de garder la barre jusqu&#8217;\u00e0 3 mois en refermant le sachet apr\u00e8s ouverture.<\/p>\n<p>La barre fractionnable vous permet d\u2019adapter le volume de la boulette \u00e0 la taille du comprim\u00e9 ou de la g\u00e9lule ainsi qu\u2019\u00e0 la gueule de l\u2019animal.<\/p>\n<p><strong>Astuce TVM :<\/strong><\/p>\n<p>&#8211; Propos\u00e9 r\u00e9guli\u00e8rement comme friandise, votre animal s\u2019habituera au produit et cela facilitera les prises suivantes avec comprim\u00e9 ou g\u00e9lule.<\/p>\n<p>&#8211; Aucune incidence sur les r\u00e9gimes alimentaires : peut \u00eatre utilis\u00e9 comme friandise au quotidien.<\/p>\n<p>&#8211; Pour redonner confiance et app\u00e9tit \u00e0 votre animal, donnez-lui 1 ou 2 boulettes sans comprim\u00e9 ou g\u00e9lule dans sa gamelle.<\/p>\n<p><strong>Votre v\u00e9t\u00e9rinaire peut \u00eatre amen\u00e9 \u00e0 adapter le mode d&#8217;emploi propos\u00e9. Bien suivre ses recommandations.<\/strong><\/p>\n","protected":false},"excerpt":{"rendered":"<p><strong>Aliment compl\u00e9mentaire app\u00e9tent pauvre en calories pour chat et autres animaux domestiques carnivores sous forme de barre fractionnable permettant de dissimuler les comprim\u00e9s et les g\u00e9lules\u00a0pour en faciliter la prise.<\/strong><\/p>\n<p><strong>Utilisation :<\/strong><\/p>\n<ul>\n<li>Recouvre et dissimule la majorit\u00e9 des types de comprim\u00e9s\/g\u00e9lules<\/li>\n<\/ul>\n","protected":false},"featured_media":597418,"template":"","meta":[],"product_cat":[12551,2697,2733],"product_tag":[],"class_list":{"0":"post-597415","1":"product","2":"type-product","3":"status-publish","4":"has-post-thumbnail","6":"product_cat-alimentation-du-chat","7":"product_cat-chat","8":"product_cat-friandises-pour-chat","9":"pa_marque-tvm","11":"first","12":"instock","13":"taxable","14":"shipping-taxable","15":"purchasable","16":"product-type-variable"},"yoast_head":"<!-- This site is optimized with the Yoast SEO plugin v27.3 - https:\/\/yoast.com\/product\/yoast-seo-wordpress\/ -->\n<title>Observence chat \u2013 Friandise cache-comprim\u00e9 D\u00f4mes Pharma TVM - V\u00e9torino<\/title>\n<meta name=\"description\" content=\"Aliment compl\u00e9mentaire app\u00e9tent pauvre en calories pour chat et autres animaux domestiques carnivores sous forme de barre fractionnable permettant de dissimuler les comprim\u00e9s et les g\u00e9lules\u00a0pour en faciliter la prise.  Utilisation :   Recouvre et dissimule la majorit\u00e9 des types de comprim\u00e9s\/g\u00e9lules\" \/>\n<meta name=\"robots\" content=\"noindex, nofollow\" \/>\n<meta property=\"og:locale\" content=\"fr_FR\" \/>\n<meta property=\"og:type\" content=\"article\" \/>\n<meta property=\"og:title\" content=\"Observence chat \u2013 Friandise cache-comprim\u00e9 D\u00f4mes Pharma TVM - V\u00e9torino\" \/>\n<meta property=\"og:description\" content=\"Aliment compl\u00e9mentaire app\u00e9tent pauvre en calories pour chat et autres animaux domestiques carnivores sous forme de barre fractionnable permettant de dissimuler les comprim\u00e9s et les g\u00e9lules\u00a0pour en faciliter la prise.  Utilisation :   Recouvre et dissimule la majorit\u00e9 des types de comprim\u00e9s\/g\u00e9lules\" \/>\n<meta property=\"og:url\" content=\"https:\/\/www.vetorino.com\/veterinaire\/mandreslesroses-94520\/boutique\/product\/observence-chat-en-barre\/\" \/>\n<meta property=\"og:site_name\" content=\"V\u00e9torino\" \/>\n<meta property=\"article:publisher\" content=\"https:\/\/www.facebook.com\/Vetorino\/\" \/>\n<meta property=\"article:modified_time\" content=\"2026-03-27T01:42:10+00:00\" \/>\n<meta property=\"og:image\" content=\"https:\/\/www.vetorino.com\/boutique\/wp-content\/uploads\/2023\/04\/TVM-8104006.jpg\" \/>\n\t<meta property=\"og:image:width\" content=\"800\" \/>\n\t<meta property=\"og:image:height\" content=\"600\" \/>\n\t<meta property=\"og:image:type\" content=\"image\/jpeg\" \/>\n<meta name=\"twitter:card\" content=\"summary_large_image\" \/>\n<meta name=\"twitter:label1\" content=\"Disponibilit\u00e9\" \/>\n\t<meta name=\"twitter:data1\" content=\"En stock\" \/>\n<script type=\"application\/ld+json\" class=\"yoast-schema-graph\">{\"@context\":\"https:\\\/\\\/schema.org\",\"@graph\":[{\"@type\":\"WebPage\",\"@id\":\"https:\\\/\\\/www.vetorino.com\\\/boutique\\\/product\\\/observence-chat-en-barre\\\/\",\"url\":\"https:\\\/\\\/www.vetorino.com\\\/boutique\\\/product\\\/observence-chat-en-barre\\\/\",\"name\":\"Observence chat \u2013 Friandise cache-comprim\u00e9 D\u00f4mes Pharma TVM - V\u00e9torino\",\"isPartOf\":{\"@id\":\"https:\\\/\\\/www.vetorino.com\\\/boutique\\\/#website\"},\"primaryImageOfPage\":{\"@id\":\"https:\\\/\\\/www.vetorino.com\\\/boutique\\\/product\\\/observence-chat-en-barre\\\/#primaryimage\"},\"image\":{\"@id\":\"https:\\\/\\\/www.vetorino.com\\\/boutique\\\/product\\\/observence-chat-en-barre\\\/#primaryimage\"},\"thumbnailUrl\":\"https:\\\/\\\/www.vetorino.com\\\/boutique\\\/wp-content\\\/uploads\\\/2023\\\/04\\\/TVM-8104006.jpg\",\"datePublished\":\"2023-04-18T09:07:18+00:00\",\"dateModified\":\"2026-03-27T01:42:10+00:00\",\"description\":\"Aliment compl\u00e9mentaire app\u00e9tent pauvre en calories pour chat et autres animaux domestiques carnivores sous forme de barre fractionnable permettant de dissimuler les comprim\u00e9s et les g\u00e9lules\u00a0pour en faciliter la prise. Utilisation : Recouvre et dissimule la majorit\u00e9 des types de comprim\u00e9s\\\/g\u00e9lules\",\"breadcrumb\":{\"@id\":\"https:\\\/\\\/www.vetorino.com\\\/boutique\\\/product\\\/observence-chat-en-barre\\\/#breadcrumb\"},\"inLanguage\":\"fr-FR\",\"potentialAction\":[{\"@type\":\"ReadAction\",\"target\":[\"https:\\\/\\\/www.vetorino.com\\\/boutique\\\/product\\\/observence-chat-en-barre\\\/\"]}]},{\"@type\":\"ImageObject\",\"inLanguage\":\"fr-FR\",\"@id\":\"https:\\\/\\\/www.vetorino.com\\\/boutique\\\/product\\\/observence-chat-en-barre\\\/#primaryimage\",\"url\":\"https:\\\/\\\/www.vetorino.com\\\/boutique\\\/wp-content\\\/uploads\\\/2023\\\/04\\\/TVM-8104006.jpg\",\"contentUrl\":\"https:\\\/\\\/www.vetorino.com\\\/boutique\\\/wp-content\\\/uploads\\\/2023\\\/04\\\/TVM-8104006.jpg\",\"width\":800,\"height\":600},{\"@type\":\"BreadcrumbList\",\"@id\":\"https:\\\/\\\/www.vetorino.com\\\/boutique\\\/product\\\/observence-chat-en-barre\\\/#breadcrumb\",\"itemListElement\":[{\"@type\":\"ListItem\",\"position\":1,\"name\":\"Accueil\",\"item\":\"https:\\\/\\\/www.vetorino.com\\\/boutique\\\/\"},{\"@type\":\"ListItem\",\"position\":2,\"name\":\"Produits\",\"item\":\"https:\\\/\\\/www.vetorino.com\\\/boutique\\\/\"},{\"@type\":\"ListItem\",\"position\":3,\"name\":\"Observence chat \u2013 Friandise cache-comprim\u00e9\"}]},{\"@type\":\"WebSite\",\"@id\":\"https:\\\/\\\/www.vetorino.com\\\/boutique\\\/#website\",\"url\":\"https:\\\/\\\/www.vetorino.com\\\/boutique\\\/\",\"name\":\"V\u00e9torino\",\"description\":\"\",\"publisher\":{\"@id\":\"https:\\\/\\\/www.vetorino.com\\\/boutique\\\/#organization\"},\"potentialAction\":[{\"@type\":\"SearchAction\",\"target\":{\"@type\":\"EntryPoint\",\"urlTemplate\":\"https:\\\/\\\/www.vetorino.com\\\/boutique\\\/?s={search_term_string}\"},\"query-input\":{\"@type\":\"PropertyValueSpecification\",\"valueRequired\":true,\"valueName\":\"search_term_string\"}}],\"inLanguage\":\"fr-FR\"},{\"@type\":\"Organization\",\"@id\":\"https:\\\/\\\/www.vetorino.com\\\/boutique\\\/#organization\",\"name\":\"V\u00e9torino\",\"url\":\"https:\\\/\\\/www.vetorino.com\\\/boutique\\\/\",\"logo\":{\"@type\":\"ImageObject\",\"inLanguage\":\"fr-FR\",\"@id\":\"https:\\\/\\\/www.vetorino.com\\\/boutique\\\/#\\\/schema\\\/logo\\\/image\\\/\",\"url\":\"https:\\\/\\\/www.vetorino.com\\\/boutique\\\/wp-content\\\/uploads\\\/2024\\\/10\\\/logo.jpg\",\"contentUrl\":\"https:\\\/\\\/www.vetorino.com\\\/boutique\\\/wp-content\\\/uploads\\\/2024\\\/10\\\/logo.jpg\",\"width\":1200,\"height\":610,\"caption\":\"V\u00e9torino\"},\"image\":{\"@id\":\"https:\\\/\\\/www.vetorino.com\\\/boutique\\\/#\\\/schema\\\/logo\\\/image\\\/\"},\"sameAs\":[\"https:\\\/\\\/www.facebook.com\\\/Vetorino\\\/\",\"https:\\\/\\\/www.instagram.com\\\/vetorino_off\\\/\",\"https:\\\/\\\/www.linkedin.com\\\/company\\\/vtorino\\\/\"]}]}<\/script>\n<meta property=\"product:brand\" content=\"D\u00f4mes Pharma TVM\" \/>\n<meta property=\"og:availability\" content=\"instock\" \/>\n<meta property=\"product:availability\" content=\"instock\" \/>\n<meta property=\"product:condition\" content=\"new\" \/>\n<!-- \/ Yoast SEO plugin. -->","yoast_head_json":{"title":"Observence chat \u2013 Friandise cache-comprim\u00e9 D\u00f4mes Pharma TVM - V\u00e9torino","description":"Aliment compl\u00e9mentaire app\u00e9tent pauvre en calories pour chat et autres animaux domestiques carnivores sous forme de barre fractionnable permettant de dissimuler les comprim\u00e9s et les g\u00e9lules\u00a0pour en faciliter la prise.  Utilisation :   Recouvre et dissimule la majorit\u00e9 des types de comprim\u00e9s\/g\u00e9lules","robots":{"index":"noindex","follow":"nofollow"},"og_locale":"fr_FR","og_type":"article","og_title":"Observence chat \u2013 Friandise cache-comprim\u00e9 D\u00f4mes Pharma TVM - V\u00e9torino","og_description":"Aliment compl\u00e9mentaire app\u00e9tent pauvre en calories pour chat et autres animaux domestiques carnivores sous forme de barre fractionnable permettant de dissimuler les comprim\u00e9s et les g\u00e9lules\u00a0pour en faciliter la prise.  Utilisation :   Recouvre et dissimule la majorit\u00e9 des types de comprim\u00e9s\/g\u00e9lules","og_url":"https:\/\/www.vetorino.com\/veterinaire\/mandreslesroses-94520\/boutique\/product\/observence-chat-en-barre\/","og_site_name":"V\u00e9torino","article_publisher":"https:\/\/www.facebook.com\/Vetorino\/","article_modified_time":"2026-03-27T01:42:10+00:00","og_image":[{"width":800,"height":600,"url":"https:\/\/www.vetorino.com\/boutique\/wp-content\/uploads\/2023\/04\/TVM-8104006.jpg","type":"image\/jpeg"}],"twitter_card":"summary_large_image","twitter_misc":{"Disponibilit\u00e9":"En stock"},"schema":{"@context":"https:\/\/schema.org","@graph":[{"@type":"WebPage","@id":"https:\/\/www.vetorino.com\/boutique\/product\/observence-chat-en-barre\/","url":"https:\/\/www.vetorino.com\/boutique\/product\/observence-chat-en-barre\/","name":"Observence chat \u2013 Friandise cache-comprim\u00e9 D\u00f4mes Pharma TVM - V\u00e9torino","isPartOf":{"@id":"https:\/\/www.vetorino.com\/boutique\/#website"},"primaryImageOfPage":{"@id":"https:\/\/www.vetorino.com\/boutique\/product\/observence-chat-en-barre\/#primaryimage"},"image":{"@id":"https:\/\/www.vetorino.com\/boutique\/product\/observence-chat-en-barre\/#primaryimage"},"thumbnailUrl":"https:\/\/www.vetorino.com\/boutique\/wp-content\/uploads\/2023\/04\/TVM-8104006.jpg","datePublished":"2023-04-18T09:07:18+00:00","dateModified":"2026-03-27T01:42:10+00:00","description":"Aliment compl\u00e9mentaire app\u00e9tent pauvre en calories pour chat et autres animaux domestiques carnivores sous forme de barre fractionnable permettant de dissimuler les comprim\u00e9s et les g\u00e9lules\u00a0pour en faciliter la prise. Utilisation : Recouvre et dissimule la majorit\u00e9 des types de comprim\u00e9s\/g\u00e9lules","breadcrumb":{"@id":"https:\/\/www.vetorino.com\/boutique\/product\/observence-chat-en-barre\/#breadcrumb"},"inLanguage":"fr-FR","potentialAction":[{"@type":"ReadAction","target":["https:\/\/www.vetorino.com\/boutique\/product\/observence-chat-en-barre\/"]}]},{"@type":"ImageObject","inLanguage":"fr-FR","@id":"https:\/\/www.vetorino.com\/boutique\/product\/observence-chat-en-barre\/#primaryimage","url":"https:\/\/www.vetorino.com\/boutique\/wp-content\/uploads\/2023\/04\/TVM-8104006.jpg","contentUrl":"https:\/\/www.vetorino.com\/boutique\/wp-content\/uploads\/2023\/04\/TVM-8104006.jpg","width":800,"height":600},{"@type":"BreadcrumbList","@id":"https:\/\/www.vetorino.com\/boutique\/product\/observence-chat-en-barre\/#breadcrumb","itemListElement":[{"@type":"ListItem","position":1,"name":"Accueil","item":"https:\/\/www.vetorino.com\/boutique\/"},{"@type":"ListItem","position":2,"name":"Produits","item":"https:\/\/www.vetorino.com\/boutique\/"},{"@type":"ListItem","position":3,"name":"Observence chat \u2013 Friandise cache-comprim\u00e9"}]},{"@type":"WebSite","@id":"https:\/\/www.vetorino.com\/boutique\/#website","url":"https:\/\/www.vetorino.com\/boutique\/","name":"V\u00e9torino","description":"","publisher":{"@id":"https:\/\/www.vetorino.com\/boutique\/#organization"},"potentialAction":[{"@type":"SearchAction","target":{"@type":"EntryPoint","urlTemplate":"https:\/\/www.vetorino.com\/boutique\/?s={search_term_string}"},"query-input":{"@type":"PropertyValueSpecification","valueRequired":true,"valueName":"search_term_string"}}],"inLanguage":"fr-FR"},{"@type":"Organization","@id":"https:\/\/www.vetorino.com\/boutique\/#organization","name":"V\u00e9torino","url":"https:\/\/www.vetorino.com\/boutique\/","logo":{"@type":"ImageObject","inLanguage":"fr-FR","@id":"https:\/\/www.vetorino.com\/boutique\/#\/schema\/logo\/image\/","url":"https:\/\/www.vetorino.com\/boutique\/wp-content\/uploads\/2024\/10\/logo.jpg","contentUrl":"https:\/\/www.vetorino.com\/boutique\/wp-content\/uploads\/2024\/10\/logo.jpg","width":1200,"height":610,"caption":"V\u00e9torino"},"image":{"@id":"https:\/\/www.vetorino.com\/boutique\/#\/schema\/logo\/image\/"},"sameAs":["https:\/\/www.facebook.com\/Vetorino\/","https:\/\/www.instagram.com\/vetorino_off\/","https:\/\/www.linkedin.com\/company\/vtorino\/"]}]},"product_brand":"D\u00f4mes Pharma TVM","og_availability":"instock","product_availability":"instock","product_condition":"new"},"_links":{"self":[{"href":"https:\/\/www.vetorino.com\/veterinaire\/mandreslesroses-94520\/boutique\/wp-json\/wp\/v2\/product\/597415","targetHints":{"allow":["GET"]}}],"collection":[{"href":"https:\/\/www.vetorino.com\/veterinaire\/mandreslesroses-94520\/boutique\/wp-json\/wp\/v2\/product"}],"about":[{"href":"https:\/\/www.vetorino.com\/veterinaire\/mandreslesroses-94520\/boutique\/wp-json\/wp\/v2\/types\/product"}],"wp:featuredmedia":[{"embeddable":true,"href":"https:\/\/www.vetorino.com\/veterinaire\/mandreslesroses-94520\/boutique\/wp-json\/wp\/v2\/media\/597418"}],"wp:attachment":[{"href":"https:\/\/www.vetorino.com\/veterinaire\/mandreslesroses-94520\/boutique\/wp-json\/wp\/v2\/media?parent=597415"}],"wp:term":[{"taxonomy":"product_cat","embeddable":true,"href":"https:\/\/www.vetorino.com\/veterinaire\/mandreslesroses-94520\/boutique\/wp-json\/wp\/v2\/product_cat?post=597415"},{"taxonomy":"product_tag","embeddable":true,"href":"https:\/\/www.vetorino.com\/veterinaire\/mandreslesroses-94520\/boutique\/wp-json\/wp\/v2\/product_tag?post=597415"}],"curies":[{"name":"wp","href":"https:\/\/api.w.org\/{rel}","templated":true}]}}