{"id":601805,"date":"2023-04-25T10:31:07","date_gmt":"2023-04-25T08:31:07","guid":{"rendered":"https:\/\/www.vetorino.com\/boutique\/product\/vetcare-urinary-health-rabbit\/"},"modified":"2026-01-27T14:31:11","modified_gmt":"2026-01-27T13:31:11","slug":"vetcare-urinary-health-rabbit","status":"publish","type":"product","link":"https:\/\/www.vetorino.com\/veterinaire\/mandreslesroses-94520\/boutique\/product\/vetcare-urinary-health-rabbit\/","title":{"rendered":"Vetcare Urinary Health Rabbit"},"content":{"rendered":"<p class=\"page-title\"><strong>Vet Care Plus Urinary Tract Health est une alimentation Monoforage quotidienne compl\u00e8te et \u00e9quilibr\u00e9e pour lapins.<\/strong><\/p>\n<p class=\"page-title\"><strong>Utilisation :<\/strong><\/p>\n<ul>\n<li>Lapin de toute race et tout \u00e2ge (\u00e0 partir de 20 semaines)<\/li>\n<li>Convient \u00e0 l&#8217;alimentation de long terme pour des lapins qui ont une sensibilit\u00e9 aux troubles du tractus urinaire<\/li>\n<\/ul>\n<p><strong>Bienfaits essentiels :<\/strong><\/p>\n<ul>\n<li>Alimentation compl\u00e9ment\u00e9e en ingr\u00e9dients pouvant \u00eatre b\u00e9n\u00e9fiques au syst\u00e8me urinaire tout en fournissant de <strong>hauts niveaux de fibres<\/strong><\/li>\n<li>Particules de<strong> fibres longues<\/strong> parfaitement adapt\u00e9es aux besoins physiologiques du lapin.<\/li>\n<li>La nature fibreuse et les propri\u00e9t\u00e9s phyiques de cette alimentation Monoforage encourage une prise d&#8217;eau r\u00e9guli\u00e8re et allonge le temps de mastication pour une<strong> meilleure usure dentaire<\/strong>.<\/li>\n<\/ul>\n","protected":false},"excerpt":{"rendered":"<p><strong>Vet Care Plus Urinary Tract Health est une alimentation Monoforage quotidienne compl\u00e8te et \u00e9quilibr\u00e9e pour lapins.<\/strong><\/p>\n","protected":false},"featured_media":601810,"template":"","meta":[],"product_cat":[12578,12659,12563,2727],"product_tag":[],"class_list":{"0":"post-601805","1":"product","2":"type-product","3":"status-publish","4":"has-post-thumbnail","6":"product_cat-alimentation-du-lapin","7":"product_cat-alimentation-medicalisee-pour-lapin","8":"product_cat-lapin","9":"product_cat-nac","10":"pa_marque-supreme-petfoods","12":"first","13":"instock","14":"taxable","15":"shipping-taxable","16":"purchasable","17":"product-type-variable"},"yoast_head":"<!-- This site is optimized with the Yoast SEO plugin v27.3 - https:\/\/yoast.com\/product\/yoast-seo-wordpress\/ -->\n<title>Vetcare Urinary Health Rabbit Supreme Petfoods - V\u00e9torino<\/title>\n<meta name=\"description\" content=\"Vet Care Plus Urinary Tract Health est une alimentation Monoforage quotidienne compl\u00e8te et \u00e9quilibr\u00e9e pour lapins.\" \/>\n<meta name=\"robots\" content=\"noindex, nofollow\" \/>\n<meta property=\"og:locale\" content=\"fr_FR\" \/>\n<meta property=\"og:type\" content=\"article\" \/>\n<meta property=\"og:title\" content=\"Vetcare Urinary Health Rabbit Supreme Petfoods - V\u00e9torino\" \/>\n<meta property=\"og:description\" content=\"Vet Care Plus Urinary Tract Health est une alimentation Monoforage quotidienne compl\u00e8te et \u00e9quilibr\u00e9e pour lapins.\" \/>\n<meta property=\"og:url\" content=\"https:\/\/www.vetorino.com\/veterinaire\/mandreslesroses-94520\/boutique\/product\/vetcare-urinary-health-rabbit\/\" \/>\n<meta property=\"og:site_name\" content=\"V\u00e9torino\" \/>\n<meta property=\"article:publisher\" content=\"https:\/\/www.facebook.com\/Vetorino\/\" \/>\n<meta property=\"article:modified_time\" content=\"2026-01-27T13:31:11+00:00\" \/>\n<meta property=\"og:image\" content=\"https:\/\/www.vetorino.com\/boutique\/wp-content\/uploads\/2023\/04\/vetcareplus-urinary-tract-health-formula-pour-lapin-seau-de-15-kg.jpg\" \/>\n\t<meta property=\"og:image:width\" content=\"800\" \/>\n\t<meta property=\"og:image:height\" content=\"800\" \/>\n\t<meta property=\"og:image:type\" content=\"image\/jpeg\" \/>\n<meta name=\"twitter:card\" content=\"summary_large_image\" \/>\n<meta name=\"twitter:label1\" content=\"Disponibilit\u00e9\" \/>\n\t<meta name=\"twitter:data1\" content=\"En stock\" \/>\n<script type=\"application\/ld+json\" class=\"yoast-schema-graph\">{\"@context\":\"https:\\\/\\\/schema.org\",\"@graph\":[{\"@type\":\"WebPage\",\"@id\":\"https:\\\/\\\/www.vetorino.com\\\/veterinaire\\\/ferrette-68480\\\/boutique\\\/product\\\/vetcare-urinary-health-rabbit\\\/\",\"url\":\"https:\\\/\\\/www.vetorino.com\\\/veterinaire\\\/ferrette-68480\\\/boutique\\\/product\\\/vetcare-urinary-health-rabbit\\\/\",\"name\":\"Vetcare Urinary Health Rabbit Supreme Petfoods - V\u00e9torino\",\"isPartOf\":{\"@id\":\"https:\\\/\\\/www.vetorino.com\\\/boutique\\\/#website\"},\"primaryImageOfPage\":{\"@id\":\"https:\\\/\\\/www.vetorino.com\\\/veterinaire\\\/ferrette-68480\\\/boutique\\\/product\\\/vetcare-urinary-health-rabbit\\\/#primaryimage\"},\"image\":{\"@id\":\"https:\\\/\\\/www.vetorino.com\\\/veterinaire\\\/ferrette-68480\\\/boutique\\\/product\\\/vetcare-urinary-health-rabbit\\\/#primaryimage\"},\"thumbnailUrl\":\"https:\\\/\\\/www.vetorino.com\\\/boutique\\\/wp-content\\\/uploads\\\/2023\\\/04\\\/vetcareplus-urinary-tract-health-formula-pour-lapin-seau-de-15-kg.jpg\",\"datePublished\":\"2023-04-25T08:31:07+00:00\",\"dateModified\":\"2026-01-27T13:31:11+00:00\",\"description\":\"Vet Care Plus Urinary Tract Health est une alimentation Monoforage quotidienne compl\u00e8te et \u00e9quilibr\u00e9e pour lapins.\",\"breadcrumb\":{\"@id\":\"https:\\\/\\\/www.vetorino.com\\\/veterinaire\\\/ferrette-68480\\\/boutique\\\/product\\\/vetcare-urinary-health-rabbit\\\/#breadcrumb\"},\"inLanguage\":\"fr-FR\",\"potentialAction\":[{\"@type\":\"ReadAction\",\"target\":[\"https:\\\/\\\/www.vetorino.com\\\/veterinaire\\\/ferrette-68480\\\/boutique\\\/product\\\/vetcare-urinary-health-rabbit\\\/\"]}]},{\"@type\":\"ImageObject\",\"inLanguage\":\"fr-FR\",\"@id\":\"https:\\\/\\\/www.vetorino.com\\\/veterinaire\\\/ferrette-68480\\\/boutique\\\/product\\\/vetcare-urinary-health-rabbit\\\/#primaryimage\",\"url\":\"https:\\\/\\\/www.vetorino.com\\\/boutique\\\/wp-content\\\/uploads\\\/2023\\\/04\\\/vetcareplus-urinary-tract-health-formula-pour-lapin-seau-de-15-kg.jpg\",\"contentUrl\":\"https:\\\/\\\/www.vetorino.com\\\/boutique\\\/wp-content\\\/uploads\\\/2023\\\/04\\\/vetcareplus-urinary-tract-health-formula-pour-lapin-seau-de-15-kg.jpg\",\"width\":800,\"height\":800},{\"@type\":\"BreadcrumbList\",\"@id\":\"https:\\\/\\\/www.vetorino.com\\\/veterinaire\\\/ferrette-68480\\\/boutique\\\/product\\\/vetcare-urinary-health-rabbit\\\/#breadcrumb\",\"itemListElement\":[{\"@type\":\"ListItem\",\"position\":1,\"name\":\"Accueil\",\"item\":\"https:\\\/\\\/www.vetorino.com\\\/boutique\\\/\"},{\"@type\":\"ListItem\",\"position\":2,\"name\":\"Produits\",\"item\":\"https:\\\/\\\/www.vetorino.com\\\/boutique\\\/\"},{\"@type\":\"ListItem\",\"position\":3,\"name\":\"Vetcare Urinary Health Rabbit\"}]},{\"@type\":\"WebSite\",\"@id\":\"https:\\\/\\\/www.vetorino.com\\\/boutique\\\/#website\",\"url\":\"https:\\\/\\\/www.vetorino.com\\\/boutique\\\/\",\"name\":\"V\u00e9torino\",\"description\":\"\",\"publisher\":{\"@id\":\"https:\\\/\\\/www.vetorino.com\\\/boutique\\\/#organization\"},\"potentialAction\":[{\"@type\":\"SearchAction\",\"target\":{\"@type\":\"EntryPoint\",\"urlTemplate\":\"https:\\\/\\\/www.vetorino.com\\\/boutique\\\/?s={search_term_string}\"},\"query-input\":{\"@type\":\"PropertyValueSpecification\",\"valueRequired\":true,\"valueName\":\"search_term_string\"}}],\"inLanguage\":\"fr-FR\"},{\"@type\":\"Organization\",\"@id\":\"https:\\\/\\\/www.vetorino.com\\\/boutique\\\/#organization\",\"name\":\"V\u00e9torino\",\"url\":\"https:\\\/\\\/www.vetorino.com\\\/boutique\\\/\",\"logo\":{\"@type\":\"ImageObject\",\"inLanguage\":\"fr-FR\",\"@id\":\"https:\\\/\\\/www.vetorino.com\\\/boutique\\\/#\\\/schema\\\/logo\\\/image\\\/\",\"url\":\"https:\\\/\\\/www.vetorino.com\\\/boutique\\\/wp-content\\\/uploads\\\/2024\\\/10\\\/logo.jpg\",\"contentUrl\":\"https:\\\/\\\/www.vetorino.com\\\/boutique\\\/wp-content\\\/uploads\\\/2024\\\/10\\\/logo.jpg\",\"width\":1200,\"height\":610,\"caption\":\"V\u00e9torino\"},\"image\":{\"@id\":\"https:\\\/\\\/www.vetorino.com\\\/boutique\\\/#\\\/schema\\\/logo\\\/image\\\/\"},\"sameAs\":[\"https:\\\/\\\/www.facebook.com\\\/Vetorino\\\/\",\"https:\\\/\\\/www.instagram.com\\\/vetorino_off\\\/\",\"https:\\\/\\\/www.linkedin.com\\\/company\\\/vtorino\\\/\"]}]}<\/script>\n<meta property=\"product:brand\" content=\"Supreme Petfoods\" \/>\n<meta property=\"og:availability\" content=\"instock\" \/>\n<meta property=\"product:availability\" content=\"instock\" \/>\n<meta property=\"product:condition\" content=\"new\" \/>\n<!-- \/ Yoast SEO plugin. -->","yoast_head_json":{"title":"Vetcare Urinary Health Rabbit Supreme Petfoods - V\u00e9torino","description":"Vet Care Plus Urinary Tract Health est une alimentation Monoforage quotidienne compl\u00e8te et \u00e9quilibr\u00e9e pour lapins.","robots":{"index":"noindex","follow":"nofollow"},"og_locale":"fr_FR","og_type":"article","og_title":"Vetcare Urinary Health Rabbit Supreme Petfoods - V\u00e9torino","og_description":"Vet Care Plus Urinary Tract Health est une alimentation Monoforage quotidienne compl\u00e8te et \u00e9quilibr\u00e9e pour lapins.","og_url":"https:\/\/www.vetorino.com\/veterinaire\/mandreslesroses-94520\/boutique\/product\/vetcare-urinary-health-rabbit\/","og_site_name":"V\u00e9torino","article_publisher":"https:\/\/www.facebook.com\/Vetorino\/","article_modified_time":"2026-01-27T13:31:11+00:00","og_image":[{"width":800,"height":800,"url":"https:\/\/www.vetorino.com\/boutique\/wp-content\/uploads\/2023\/04\/vetcareplus-urinary-tract-health-formula-pour-lapin-seau-de-15-kg.jpg","type":"image\/jpeg"}],"twitter_card":"summary_large_image","twitter_misc":{"Disponibilit\u00e9":"En stock"},"schema":{"@context":"https:\/\/schema.org","@graph":[{"@type":"WebPage","@id":"https:\/\/www.vetorino.com\/veterinaire\/ferrette-68480\/boutique\/product\/vetcare-urinary-health-rabbit\/","url":"https:\/\/www.vetorino.com\/veterinaire\/ferrette-68480\/boutique\/product\/vetcare-urinary-health-rabbit\/","name":"Vetcare Urinary Health Rabbit Supreme Petfoods - V\u00e9torino","isPartOf":{"@id":"https:\/\/www.vetorino.com\/boutique\/#website"},"primaryImageOfPage":{"@id":"https:\/\/www.vetorino.com\/veterinaire\/ferrette-68480\/boutique\/product\/vetcare-urinary-health-rabbit\/#primaryimage"},"image":{"@id":"https:\/\/www.vetorino.com\/veterinaire\/ferrette-68480\/boutique\/product\/vetcare-urinary-health-rabbit\/#primaryimage"},"thumbnailUrl":"https:\/\/www.vetorino.com\/boutique\/wp-content\/uploads\/2023\/04\/vetcareplus-urinary-tract-health-formula-pour-lapin-seau-de-15-kg.jpg","datePublished":"2023-04-25T08:31:07+00:00","dateModified":"2026-01-27T13:31:11+00:00","description":"Vet Care Plus Urinary Tract Health est une alimentation Monoforage quotidienne compl\u00e8te et \u00e9quilibr\u00e9e pour lapins.","breadcrumb":{"@id":"https:\/\/www.vetorino.com\/veterinaire\/ferrette-68480\/boutique\/product\/vetcare-urinary-health-rabbit\/#breadcrumb"},"inLanguage":"fr-FR","potentialAction":[{"@type":"ReadAction","target":["https:\/\/www.vetorino.com\/veterinaire\/ferrette-68480\/boutique\/product\/vetcare-urinary-health-rabbit\/"]}]},{"@type":"ImageObject","inLanguage":"fr-FR","@id":"https:\/\/www.vetorino.com\/veterinaire\/ferrette-68480\/boutique\/product\/vetcare-urinary-health-rabbit\/#primaryimage","url":"https:\/\/www.vetorino.com\/boutique\/wp-content\/uploads\/2023\/04\/vetcareplus-urinary-tract-health-formula-pour-lapin-seau-de-15-kg.jpg","contentUrl":"https:\/\/www.vetorino.com\/boutique\/wp-content\/uploads\/2023\/04\/vetcareplus-urinary-tract-health-formula-pour-lapin-seau-de-15-kg.jpg","width":800,"height":800},{"@type":"BreadcrumbList","@id":"https:\/\/www.vetorino.com\/veterinaire\/ferrette-68480\/boutique\/product\/vetcare-urinary-health-rabbit\/#breadcrumb","itemListElement":[{"@type":"ListItem","position":1,"name":"Accueil","item":"https:\/\/www.vetorino.com\/boutique\/"},{"@type":"ListItem","position":2,"name":"Produits","item":"https:\/\/www.vetorino.com\/boutique\/"},{"@type":"ListItem","position":3,"name":"Vetcare Urinary Health Rabbit"}]},{"@type":"WebSite","@id":"https:\/\/www.vetorino.com\/boutique\/#website","url":"https:\/\/www.vetorino.com\/boutique\/","name":"V\u00e9torino","description":"","publisher":{"@id":"https:\/\/www.vetorino.com\/boutique\/#organization"},"potentialAction":[{"@type":"SearchAction","target":{"@type":"EntryPoint","urlTemplate":"https:\/\/www.vetorino.com\/boutique\/?s={search_term_string}"},"query-input":{"@type":"PropertyValueSpecification","valueRequired":true,"valueName":"search_term_string"}}],"inLanguage":"fr-FR"},{"@type":"Organization","@id":"https:\/\/www.vetorino.com\/boutique\/#organization","name":"V\u00e9torino","url":"https:\/\/www.vetorino.com\/boutique\/","logo":{"@type":"ImageObject","inLanguage":"fr-FR","@id":"https:\/\/www.vetorino.com\/boutique\/#\/schema\/logo\/image\/","url":"https:\/\/www.vetorino.com\/boutique\/wp-content\/uploads\/2024\/10\/logo.jpg","contentUrl":"https:\/\/www.vetorino.com\/boutique\/wp-content\/uploads\/2024\/10\/logo.jpg","width":1200,"height":610,"caption":"V\u00e9torino"},"image":{"@id":"https:\/\/www.vetorino.com\/boutique\/#\/schema\/logo\/image\/"},"sameAs":["https:\/\/www.facebook.com\/Vetorino\/","https:\/\/www.instagram.com\/vetorino_off\/","https:\/\/www.linkedin.com\/company\/vtorino\/"]}]},"product_brand":"Supreme Petfoods","og_availability":"instock","product_availability":"instock","product_condition":"new"},"_links":{"self":[{"href":"https:\/\/www.vetorino.com\/veterinaire\/mandreslesroses-94520\/boutique\/wp-json\/wp\/v2\/product\/601805","targetHints":{"allow":["GET"]}}],"collection":[{"href":"https:\/\/www.vetorino.com\/veterinaire\/mandreslesroses-94520\/boutique\/wp-json\/wp\/v2\/product"}],"about":[{"href":"https:\/\/www.vetorino.com\/veterinaire\/mandreslesroses-94520\/boutique\/wp-json\/wp\/v2\/types\/product"}],"wp:featuredmedia":[{"embeddable":true,"href":"https:\/\/www.vetorino.com\/veterinaire\/mandreslesroses-94520\/boutique\/wp-json\/wp\/v2\/media\/601810"}],"wp:attachment":[{"href":"https:\/\/www.vetorino.com\/veterinaire\/mandreslesroses-94520\/boutique\/wp-json\/wp\/v2\/media?parent=601805"}],"wp:term":[{"taxonomy":"product_cat","embeddable":true,"href":"https:\/\/www.vetorino.com\/veterinaire\/mandreslesroses-94520\/boutique\/wp-json\/wp\/v2\/product_cat?post=601805"},{"taxonomy":"product_tag","embeddable":true,"href":"https:\/\/www.vetorino.com\/veterinaire\/mandreslesroses-94520\/boutique\/wp-json\/wp\/v2\/product_tag?post=601805"}],"curies":[{"name":"wp","href":"https:\/\/api.w.org\/{rel}","templated":true}]}}