{"id":630272,"date":"2023-06-07T10:06:45","date_gmt":"2023-06-07T08:06:45","guid":{"rendered":"https:\/\/www.vetorino.com\/boutique\/product\/vet-essentials-chien-multi-benefit-wei-adult-1-sm-m-po\/"},"modified":"2026-03-07T02:43:04","modified_gmt":"2026-03-07T01:43:04","slug":"vet-essentials-chien-multi-benefit-wei-adult-1-sm-m-po","status":"publish","type":"product","link":"https:\/\/www.vetorino.com\/veterinaire\/mandreslesroses-94520\/boutique\/product\/vet-essentials-chien-multi-benefit-wei-adult-1-sm-m-po\/","title":{"rendered":"Chien Multi-Benefit + Weight Adult 1+ Small &amp; Mini Poulet"},"content":{"rendered":"<p><strong>Croquettes au Poulet pour petits chiens de plus de 1 an, apr\u00e8s la st\u00e9rilisation ou pour les races pr\u00e9dispos\u00e9es au surpoids Contient une Technologie de gestion du poids pour favoriser un poids optimal, un m\u00e9lange de fibres pour une digestion saine, et des niveaux de min\u00e9raux contr\u00f4l\u00e9s pour garantir une bonne sant\u00e9 urinaire.<\/strong><\/p>\n<p><strong>Utilisation :<\/strong><\/p>\n<ul>\n<li>Chiens adultes et adultes matures de 1 an et plus, pour maintenir un poids de forme<\/li>\n<\/ul>\n<p><strong>Contre-indications :<\/strong><\/p>\n<ul>\n<li>Chiots de moins de 1 an.<\/li>\n<li>Chiennes en gestation ou allaitantes.<\/li>\n<\/ul>\n<p><strong>Bienfaits essentiels :<\/strong><\/p>\n<ul>\n<li>Aide votre chien st\u00e9rilis\u00e9 \u00e0\u00a0<strong>atteindre et maintenir un poids optimal<\/strong>\u00a0gr\u00e2ce \u00e0 un m\u00e9lange unique d&#8217;ingr\u00e9dients et une faible teneur en graisses prouv\u00e9s pour favoriser la combustion des graisses<\/li>\n<li>M\u00e9lange optimal de fibres, y compris de pr\u00e9biotiques, pour favoriser la<strong>\u00a0sant\u00e9 du tube digestif<\/strong>.<\/li>\n<li>Soutien du\u00a0<strong>Syst\u00e8me Immunitaire<\/strong>\u00a0: niveaux \u00e9lev\u00e9s d&#8217;antioxydants pour favoriser les d\u00e9fenses naturelles.<\/li>\n<li>Avec des acides gras om\u00e9ga-6 pour une\u00a0<strong>peau saine<\/strong>\u00a0et un\u00a0<strong>pelage somptueux<\/strong>\u00a0pour des c\u00e2lins extra doux.<\/li>\n<li>Des niveaux contr\u00f4l\u00e9s de magn\u00e9sium, de phosphore et de calcium pour aider \u00e0 maintenir la bonne sant\u00e9 du syst\u00e8me urinaire.<\/li>\n<li><strong>Garantie 100% rembours\u00e9<\/strong>\u00a0: Votre animal est satisfait ou vous \u00eates rembours\u00e9.<\/li>\n<\/ul>\n<p><span data-sheets-value=\"{&quot;1&quot;:2,&quot;2&quot;:&quot;Hill's VET ESSENTIALS MULTI-BENEFIT + WEIGHT Croquettes pour Chien au Poulet (pour petits chiens adultes de 1 \u00e0 6 ans, apr\u00e8s la st\u00e9rilisation ou pour les races pr\u00e9dispos\u00e9es au surpoids) est une nutrition disponible exclusivement chez les v\u00e9t\u00e9rinaires, aux b\u00e9n\u00e9fices multiples, formul\u00e9e pour soutenir un poids optimal, ainsi que la sant\u00e9 digestive et articulaire. Notre technologie unique de gestion de poids favorisant la combustion des graisses les aide \u00e0 maintenir ou atteindre un poids optimal \u2014 pour un meilleur quotidien, aujourd'hui et demain.&quot;}\" data-sheets-userformat=\"{&quot;2&quot;:13311,&quot;3&quot;:{&quot;1&quot;:2,&quot;2&quot;:&quot;0&quot;,&quot;3&quot;:1},&quot;4&quot;:{&quot;1&quot;:2,&quot;2&quot;:16777215},&quot;5&quot;:{&quot;1&quot;:[{&quot;1&quot;:2,&quot;2&quot;:0,&quot;5&quot;:{&quot;1&quot;:2,&quot;2&quot;:0}},{&quot;1&quot;:0,&quot;2&quot;:0,&quot;3&quot;:3},{&quot;1&quot;:1,&quot;2&quot;:0,&quot;4&quot;:2}]},&quot;6&quot;:{&quot;1&quot;:[{&quot;1&quot;:2,&quot;2&quot;:0,&quot;5&quot;:{&quot;1&quot;:2,&quot;2&quot;:0}},{&quot;1&quot;:0,&quot;2&quot;:0,&quot;3&quot;:3},{&quot;1&quot;:1,&quot;2&quot;:0,&quot;4&quot;:1}]},&quot;7&quot;:{&quot;1&quot;:[{&quot;1&quot;:2,&quot;2&quot;:0,&quot;5&quot;:{&quot;1&quot;:2,&quot;2&quot;:0}},{&quot;1&quot;:0,&quot;2&quot;:0,&quot;3&quot;:3},{&quot;1&quot;:1,&quot;2&quot;:0,&quot;4&quot;:1}]},&quot;8&quot;:{&quot;1&quot;:[{&quot;1&quot;:2,&quot;2&quot;:0,&quot;5&quot;:{&quot;1&quot;:2,&quot;2&quot;:0}},{&quot;1&quot;:0,&quot;2&quot;:0,&quot;3&quot;:3},{&quot;1&quot;:1,&quot;2&quot;:0,&quot;4&quot;:1}]},&quot;9&quot;:0,&quot;10&quot;:1,&quot;11&quot;:4,&quot;12&quot;:0,&quot;15&quot;:&quot;Montserrat&quot;,&quot;16&quot;:11}\">\u00a0<\/span><\/p>\n","protected":false},"excerpt":{"rendered":"<div id=\"product-description-short-3660\">\n<div>\n<p><strong>Croquettes pour Chien au Poulet formul\u00e9es pour soutenir un poids optimal, ainsi que la sant\u00e9 digestive et articulaire.<\/strong><\/p>\n<\/div>\n<p><strong>Utilisation :<\/strong><\/p>\n<ul>\n<li>Chiens adultes ou s\u00e9niors \u00e0 partir de 1 an<\/li>\n<li>Pour maintenir un poids de forme<\/li>\n<li>Chien st\u00e9rilis\u00e9 ou entier<\/li>\n<\/ul>\n<\/div>\n<div class=\"product-actions\"><\/div>\n","protected":false},"featured_media":983051,"template":"","meta":[],"product_cat":[12552,12584,2698],"product_tag":[],"class_list":{"0":"post-630272","1":"product","2":"type-product","3":"status-publish","4":"has-post-thumbnail","6":"product_cat-alimentation-du-chien","7":"product_cat-alimentation-premium-pour-chien","8":"product_cat-chien","9":"pa_marque-hills-pet-nutrition","11":"first","12":"instock","13":"taxable","14":"shipping-taxable","15":"purchasable","16":"product-type-variable"},"yoast_head":"<!-- This site is optimized with the Yoast SEO plugin v27.3 - https:\/\/yoast.com\/product\/yoast-seo-wordpress\/ -->\n<title>Vetessentials (Hill&#039;s) Chien Multi-Benefit + Weight Adult 1+ Small &amp; Mini Poulet Hill&#039;s - V\u00e9torino<\/title>\n<meta name=\"description\" content=\"Croquettes pour Chien au Poulet formul\u00e9es pour soutenir un poids optimal, ainsi que la sant\u00e9 digestive et articulaire.   Utilisation :   Chiens adultes ou s\u00e9niors \u00e0 partir de 1 an  Pour maintenir un poids de forme  Chien st\u00e9rilis\u00e9 ou entier\" \/>\n<meta name=\"robots\" content=\"noindex, nofollow\" \/>\n<meta property=\"og:locale\" content=\"fr_FR\" \/>\n<meta property=\"og:type\" content=\"article\" \/>\n<meta property=\"og:title\" content=\"Vetessentials (Hill&#039;s) Chien Multi-Benefit + Weight Adult 1+ Small &amp; Mini Poulet Hill&#039;s - V\u00e9torino\" \/>\n<meta property=\"og:description\" content=\"Croquettes pour Chien au Poulet formul\u00e9es pour soutenir un poids optimal, ainsi que la sant\u00e9 digestive et articulaire.   Utilisation :   Chiens adultes ou s\u00e9niors \u00e0 partir de 1 an  Pour maintenir un poids de forme  Chien st\u00e9rilis\u00e9 ou entier\" \/>\n<meta property=\"og:url\" content=\"https:\/\/www.vetorino.com\/veterinaire\/mandreslesroses-94520\/boutique\/product\/vet-essentials-chien-multi-benefit-wei-adult-1-sm-m-po\/\" \/>\n<meta property=\"og:site_name\" content=\"V\u00e9torino\" \/>\n<meta property=\"article:publisher\" content=\"https:\/\/www.facebook.com\/Vetorino\/\" \/>\n<meta property=\"article:modified_time\" content=\"2026-03-07T01:43:04+00:00\" \/>\n<meta property=\"og:image\" content=\"https:\/\/www.vetorino.com\/boutique\/wp-content\/uploads\/2020\/03\/neutered-dog-adult-smallmini-2-1.jpg\" \/>\n\t<meta property=\"og:image:width\" content=\"540\" \/>\n\t<meta property=\"og:image:height\" content=\"540\" \/>\n\t<meta property=\"og:image:type\" content=\"image\/jpeg\" \/>\n<meta name=\"twitter:card\" content=\"summary_large_image\" \/>\n<meta name=\"twitter:label1\" content=\"Disponibilit\u00e9\" \/>\n\t<meta name=\"twitter:data1\" content=\"En stock\" \/>\n<script type=\"application\/ld+json\" class=\"yoast-schema-graph\">{\"@context\":\"https:\\\/\\\/schema.org\",\"@graph\":[{\"@type\":\"WebPage\",\"@id\":\"https:\\\/\\\/www.vetorino.com\\\/veterinaire\\\/briancon-05100\\\/boutique\\\/product\\\/vet-essentials-chien-multi-benefit-wei-adult-1-sm-m-po\\\/\",\"url\":\"https:\\\/\\\/www.vetorino.com\\\/veterinaire\\\/briancon-05100\\\/boutique\\\/product\\\/vet-essentials-chien-multi-benefit-wei-adult-1-sm-m-po\\\/\",\"name\":\"Vetessentials (Hill's) Chien Multi-Benefit + Weight Adult 1+ Small &amp; Mini Poulet Hill's - V\u00e9torino\",\"isPartOf\":{\"@id\":\"https:\\\/\\\/www.vetorino.com\\\/boutique\\\/#website\"},\"primaryImageOfPage\":{\"@id\":\"https:\\\/\\\/www.vetorino.com\\\/veterinaire\\\/briancon-05100\\\/boutique\\\/product\\\/vet-essentials-chien-multi-benefit-wei-adult-1-sm-m-po\\\/#primaryimage\"},\"image\":{\"@id\":\"https:\\\/\\\/www.vetorino.com\\\/veterinaire\\\/briancon-05100\\\/boutique\\\/product\\\/vet-essentials-chien-multi-benefit-wei-adult-1-sm-m-po\\\/#primaryimage\"},\"thumbnailUrl\":\"https:\\\/\\\/www.vetorino.com\\\/boutique\\\/wp-content\\\/uploads\\\/2020\\\/03\\\/neutered-dog-adult-smallmini-2-1.jpg\",\"datePublished\":\"2023-06-07T08:06:45+00:00\",\"dateModified\":\"2026-03-07T01:43:04+00:00\",\"description\":\"Croquettes pour Chien au Poulet formul\u00e9es pour soutenir un poids optimal, ainsi que la sant\u00e9 digestive et articulaire. Utilisation : Chiens adultes ou s\u00e9niors \u00e0 partir de 1 an Pour maintenir un poids de forme Chien st\u00e9rilis\u00e9 ou entier\",\"breadcrumb\":{\"@id\":\"https:\\\/\\\/www.vetorino.com\\\/veterinaire\\\/briancon-05100\\\/boutique\\\/product\\\/vet-essentials-chien-multi-benefit-wei-adult-1-sm-m-po\\\/#breadcrumb\"},\"inLanguage\":\"fr-FR\",\"potentialAction\":[{\"@type\":\"ReadAction\",\"target\":[\"https:\\\/\\\/www.vetorino.com\\\/veterinaire\\\/briancon-05100\\\/boutique\\\/product\\\/vet-essentials-chien-multi-benefit-wei-adult-1-sm-m-po\\\/\"]}]},{\"@type\":\"ImageObject\",\"inLanguage\":\"fr-FR\",\"@id\":\"https:\\\/\\\/www.vetorino.com\\\/veterinaire\\\/briancon-05100\\\/boutique\\\/product\\\/vet-essentials-chien-multi-benefit-wei-adult-1-sm-m-po\\\/#primaryimage\",\"url\":\"https:\\\/\\\/www.vetorino.com\\\/boutique\\\/wp-content\\\/uploads\\\/2020\\\/03\\\/neutered-dog-adult-smallmini-2-1.jpg\",\"contentUrl\":\"https:\\\/\\\/www.vetorino.com\\\/boutique\\\/wp-content\\\/uploads\\\/2020\\\/03\\\/neutered-dog-adult-smallmini-2-1.jpg\",\"width\":540,\"height\":540},{\"@type\":\"BreadcrumbList\",\"@id\":\"https:\\\/\\\/www.vetorino.com\\\/veterinaire\\\/briancon-05100\\\/boutique\\\/product\\\/vet-essentials-chien-multi-benefit-wei-adult-1-sm-m-po\\\/#breadcrumb\",\"itemListElement\":[{\"@type\":\"ListItem\",\"position\":1,\"name\":\"Accueil\",\"item\":\"https:\\\/\\\/www.vetorino.com\\\/boutique\\\/\"},{\"@type\":\"ListItem\",\"position\":2,\"name\":\"Produits\",\"item\":\"https:\\\/\\\/www.vetorino.com\\\/boutique\\\/\"},{\"@type\":\"ListItem\",\"position\":3,\"name\":\"Chien Multi-Benefit + Weight Adult 1+ Small &amp; Mini Poulet\"}]},{\"@type\":\"WebSite\",\"@id\":\"https:\\\/\\\/www.vetorino.com\\\/boutique\\\/#website\",\"url\":\"https:\\\/\\\/www.vetorino.com\\\/boutique\\\/\",\"name\":\"V\u00e9torino\",\"description\":\"\",\"publisher\":{\"@id\":\"https:\\\/\\\/www.vetorino.com\\\/boutique\\\/#organization\"},\"potentialAction\":[{\"@type\":\"SearchAction\",\"target\":{\"@type\":\"EntryPoint\",\"urlTemplate\":\"https:\\\/\\\/www.vetorino.com\\\/boutique\\\/?s={search_term_string}\"},\"query-input\":{\"@type\":\"PropertyValueSpecification\",\"valueRequired\":true,\"valueName\":\"search_term_string\"}}],\"inLanguage\":\"fr-FR\"},{\"@type\":\"Organization\",\"@id\":\"https:\\\/\\\/www.vetorino.com\\\/boutique\\\/#organization\",\"name\":\"V\u00e9torino\",\"url\":\"https:\\\/\\\/www.vetorino.com\\\/boutique\\\/\",\"logo\":{\"@type\":\"ImageObject\",\"inLanguage\":\"fr-FR\",\"@id\":\"https:\\\/\\\/www.vetorino.com\\\/boutique\\\/#\\\/schema\\\/logo\\\/image\\\/\",\"url\":\"https:\\\/\\\/www.vetorino.com\\\/boutique\\\/wp-content\\\/uploads\\\/2024\\\/10\\\/logo.jpg\",\"contentUrl\":\"https:\\\/\\\/www.vetorino.com\\\/boutique\\\/wp-content\\\/uploads\\\/2024\\\/10\\\/logo.jpg\",\"width\":1200,\"height\":610,\"caption\":\"V\u00e9torino\"},\"image\":{\"@id\":\"https:\\\/\\\/www.vetorino.com\\\/boutique\\\/#\\\/schema\\\/logo\\\/image\\\/\"},\"sameAs\":[\"https:\\\/\\\/www.facebook.com\\\/Vetorino\\\/\",\"https:\\\/\\\/www.instagram.com\\\/vetorino_off\\\/\",\"https:\\\/\\\/www.linkedin.com\\\/company\\\/vtorino\\\/\"]}]}<\/script>\n<meta property=\"product:brand\" content=\"Hill&#039;s\" \/>\n<meta property=\"og:availability\" content=\"instock\" \/>\n<meta property=\"product:availability\" content=\"instock\" \/>\n<meta property=\"product:condition\" content=\"new\" \/>\n<!-- \/ Yoast SEO plugin. -->","yoast_head_json":{"title":"Vetessentials (Hill's) Chien Multi-Benefit + Weight Adult 1+ Small &amp; Mini Poulet Hill's - V\u00e9torino","description":"Croquettes pour Chien au Poulet formul\u00e9es pour soutenir un poids optimal, ainsi que la sant\u00e9 digestive et articulaire.   Utilisation :   Chiens adultes ou s\u00e9niors \u00e0 partir de 1 an  Pour maintenir un poids de forme  Chien st\u00e9rilis\u00e9 ou entier","robots":{"index":"noindex","follow":"nofollow"},"og_locale":"fr_FR","og_type":"article","og_title":"Vetessentials (Hill's) Chien Multi-Benefit + Weight Adult 1+ Small &amp; Mini Poulet Hill's - V\u00e9torino","og_description":"Croquettes pour Chien au Poulet formul\u00e9es pour soutenir un poids optimal, ainsi que la sant\u00e9 digestive et articulaire.   Utilisation :   Chiens adultes ou s\u00e9niors \u00e0 partir de 1 an  Pour maintenir un poids de forme  Chien st\u00e9rilis\u00e9 ou entier","og_url":"https:\/\/www.vetorino.com\/veterinaire\/mandreslesroses-94520\/boutique\/product\/vet-essentials-chien-multi-benefit-wei-adult-1-sm-m-po\/","og_site_name":"V\u00e9torino","article_publisher":"https:\/\/www.facebook.com\/Vetorino\/","article_modified_time":"2026-03-07T01:43:04+00:00","og_image":[{"width":540,"height":540,"url":"https:\/\/www.vetorino.com\/boutique\/wp-content\/uploads\/2020\/03\/neutered-dog-adult-smallmini-2-1.jpg","type":"image\/jpeg"}],"twitter_card":"summary_large_image","twitter_misc":{"Disponibilit\u00e9":"En stock"},"schema":{"@context":"https:\/\/schema.org","@graph":[{"@type":"WebPage","@id":"https:\/\/www.vetorino.com\/veterinaire\/briancon-05100\/boutique\/product\/vet-essentials-chien-multi-benefit-wei-adult-1-sm-m-po\/","url":"https:\/\/www.vetorino.com\/veterinaire\/briancon-05100\/boutique\/product\/vet-essentials-chien-multi-benefit-wei-adult-1-sm-m-po\/","name":"Vetessentials (Hill's) Chien Multi-Benefit + Weight Adult 1+ Small &amp; Mini Poulet Hill's - V\u00e9torino","isPartOf":{"@id":"https:\/\/www.vetorino.com\/boutique\/#website"},"primaryImageOfPage":{"@id":"https:\/\/www.vetorino.com\/veterinaire\/briancon-05100\/boutique\/product\/vet-essentials-chien-multi-benefit-wei-adult-1-sm-m-po\/#primaryimage"},"image":{"@id":"https:\/\/www.vetorino.com\/veterinaire\/briancon-05100\/boutique\/product\/vet-essentials-chien-multi-benefit-wei-adult-1-sm-m-po\/#primaryimage"},"thumbnailUrl":"https:\/\/www.vetorino.com\/boutique\/wp-content\/uploads\/2020\/03\/neutered-dog-adult-smallmini-2-1.jpg","datePublished":"2023-06-07T08:06:45+00:00","dateModified":"2026-03-07T01:43:04+00:00","description":"Croquettes pour Chien au Poulet formul\u00e9es pour soutenir un poids optimal, ainsi que la sant\u00e9 digestive et articulaire. Utilisation : Chiens adultes ou s\u00e9niors \u00e0 partir de 1 an Pour maintenir un poids de forme Chien st\u00e9rilis\u00e9 ou entier","breadcrumb":{"@id":"https:\/\/www.vetorino.com\/veterinaire\/briancon-05100\/boutique\/product\/vet-essentials-chien-multi-benefit-wei-adult-1-sm-m-po\/#breadcrumb"},"inLanguage":"fr-FR","potentialAction":[{"@type":"ReadAction","target":["https:\/\/www.vetorino.com\/veterinaire\/briancon-05100\/boutique\/product\/vet-essentials-chien-multi-benefit-wei-adult-1-sm-m-po\/"]}]},{"@type":"ImageObject","inLanguage":"fr-FR","@id":"https:\/\/www.vetorino.com\/veterinaire\/briancon-05100\/boutique\/product\/vet-essentials-chien-multi-benefit-wei-adult-1-sm-m-po\/#primaryimage","url":"https:\/\/www.vetorino.com\/boutique\/wp-content\/uploads\/2020\/03\/neutered-dog-adult-smallmini-2-1.jpg","contentUrl":"https:\/\/www.vetorino.com\/boutique\/wp-content\/uploads\/2020\/03\/neutered-dog-adult-smallmini-2-1.jpg","width":540,"height":540},{"@type":"BreadcrumbList","@id":"https:\/\/www.vetorino.com\/veterinaire\/briancon-05100\/boutique\/product\/vet-essentials-chien-multi-benefit-wei-adult-1-sm-m-po\/#breadcrumb","itemListElement":[{"@type":"ListItem","position":1,"name":"Accueil","item":"https:\/\/www.vetorino.com\/boutique\/"},{"@type":"ListItem","position":2,"name":"Produits","item":"https:\/\/www.vetorino.com\/boutique\/"},{"@type":"ListItem","position":3,"name":"Chien Multi-Benefit + Weight Adult 1+ Small &amp; Mini Poulet"}]},{"@type":"WebSite","@id":"https:\/\/www.vetorino.com\/boutique\/#website","url":"https:\/\/www.vetorino.com\/boutique\/","name":"V\u00e9torino","description":"","publisher":{"@id":"https:\/\/www.vetorino.com\/boutique\/#organization"},"potentialAction":[{"@type":"SearchAction","target":{"@type":"EntryPoint","urlTemplate":"https:\/\/www.vetorino.com\/boutique\/?s={search_term_string}"},"query-input":{"@type":"PropertyValueSpecification","valueRequired":true,"valueName":"search_term_string"}}],"inLanguage":"fr-FR"},{"@type":"Organization","@id":"https:\/\/www.vetorino.com\/boutique\/#organization","name":"V\u00e9torino","url":"https:\/\/www.vetorino.com\/boutique\/","logo":{"@type":"ImageObject","inLanguage":"fr-FR","@id":"https:\/\/www.vetorino.com\/boutique\/#\/schema\/logo\/image\/","url":"https:\/\/www.vetorino.com\/boutique\/wp-content\/uploads\/2024\/10\/logo.jpg","contentUrl":"https:\/\/www.vetorino.com\/boutique\/wp-content\/uploads\/2024\/10\/logo.jpg","width":1200,"height":610,"caption":"V\u00e9torino"},"image":{"@id":"https:\/\/www.vetorino.com\/boutique\/#\/schema\/logo\/image\/"},"sameAs":["https:\/\/www.facebook.com\/Vetorino\/","https:\/\/www.instagram.com\/vetorino_off\/","https:\/\/www.linkedin.com\/company\/vtorino\/"]}]},"product_brand":"Hill's","og_availability":"instock","product_availability":"instock","product_condition":"new"},"_links":{"self":[{"href":"https:\/\/www.vetorino.com\/veterinaire\/mandreslesroses-94520\/boutique\/wp-json\/wp\/v2\/product\/630272","targetHints":{"allow":["GET"]}}],"collection":[{"href":"https:\/\/www.vetorino.com\/veterinaire\/mandreslesroses-94520\/boutique\/wp-json\/wp\/v2\/product"}],"about":[{"href":"https:\/\/www.vetorino.com\/veterinaire\/mandreslesroses-94520\/boutique\/wp-json\/wp\/v2\/types\/product"}],"wp:featuredmedia":[{"embeddable":true,"href":"https:\/\/www.vetorino.com\/veterinaire\/mandreslesroses-94520\/boutique\/wp-json\/wp\/v2\/media\/983051"}],"wp:attachment":[{"href":"https:\/\/www.vetorino.com\/veterinaire\/mandreslesroses-94520\/boutique\/wp-json\/wp\/v2\/media?parent=630272"}],"wp:term":[{"taxonomy":"product_cat","embeddable":true,"href":"https:\/\/www.vetorino.com\/veterinaire\/mandreslesroses-94520\/boutique\/wp-json\/wp\/v2\/product_cat?post=630272"},{"taxonomy":"product_tag","embeddable":true,"href":"https:\/\/www.vetorino.com\/veterinaire\/mandreslesroses-94520\/boutique\/wp-json\/wp\/v2\/product_tag?post=630272"}],"curies":[{"name":"wp","href":"https:\/\/api.w.org\/{rel}","templated":true}]}}