{"id":866221,"date":"2024-03-13T17:11:31","date_gmt":"2024-03-13T16:11:31","guid":{"rendered":"https:\/\/www.vetorino.com\/boutique\/product\/harnais-dog-copenhagen-comfort-walk-pro\/"},"modified":"2026-04-02T02:42:11","modified_gmt":"2026-04-02T00:42:11","slug":"harnais-dog-copenhagen-comfort-walk-pro","status":"publish","type":"product","link":"https:\/\/www.vetorino.com\/veterinaire\/mandreslesroses-94520\/boutique\/product\/harnais-dog-copenhagen-comfort-walk-pro\/","title":{"rendered":"Harnais Dog Copenhagen Comfort Walk Pro"},"content":{"rendered":"<p>Un <strong>harnais \u00e0 la fois l\u00e9ger<\/strong>, <strong>r\u00e9sistant<\/strong> et <strong>confortable<\/strong> pour votre chien. Le harnais Comfort Walk Pro\u2122 de DOG Copenhagen est tout cela \u00e0 la fois et bien plus encore. Il est fabriqu\u00e9 dans des <strong>mat\u00e9riaux<\/strong> <strong>durables<\/strong> <strong>r\u00e9sistant<\/strong> aux taches et \u00e0 l&#8217;eau et est dot\u00e9 d&#8217;un rembourrage doux et respirant sur toute sa surface.<\/p>\n<p>Le harnais s&#8217;enfile facilement en glissant la t\u00eate de votre chien dans la pi\u00e8ce de cou et peut \u00eatre ajust\u00e9 en quatre points, afin de garantir un ajustement optimal et confortable pour chaque chien. Le harnais dispose d&#8217;une poign\u00e9e au dos et de deux options pour attacher la laisse, l&#8217;une au dos et l&#8217;autre au poitrail, pour plus de contr\u00f4le et de flexibilit\u00e9. Le harnais Comfort Walk Pro\u2122 est disponible en diff\u00e9rentes couleurs et en plusieurs tailles, vous \u00eates donc s\u00fbr de trouver celui qui convient \u00e0 votre chien.<\/p>\n<ul>\n<li>Harnais <strong>confortable<\/strong>, facile \u00e0 r\u00e9gler et \u00e0 mettre sur le chien.<\/li>\n<li>Quatre points de r\u00e9glage pour une <strong>adaptation<\/strong> optimale sur chaque chien.<\/li>\n<li>Rembourrage doux et respirant autour de la poitrine, du dos et du ventre pour une confortable utilisation quotidienne.<\/li>\n<li>Le design <strong>ergonomique<\/strong> est respectueux des r\u00e9gions de la peau du dos et du cou.<\/li>\n<li>La poign\u00e9e facile \u00e0 saisir Easy Grab sur le dos permet un contr\u00f4le rapide.<\/li>\n<li>Deux options de fixation de laisse &#8211; une centrale sur le dos et une sur la poitrine.<\/li>\n<li>R\u00e9flecteurs 3M\u2122 pour plus de visibilit\u00e9 lorsqu\u2019il fait sombre.<\/li>\n<li>Mat\u00e9riel en aluminium &#8211; il n\u2019y a rien sur la laisse qui puisse rouiller.<\/li>\n<li>Fixation s\u00e9par\u00e9e pour l&#8217;\u00e9tiquette du chien.<\/li>\n<li>Lavage \u00e0 la main \u00e0 l&#8217;eau ti\u00e8de avec un d\u00e9tergent doux \/ Lavage en machine \u00e0 30 \u00b0 C (utiliser un sac \u00e0 linge).<\/li>\n<li>Laissez le produit s\u00e9cher \u00e0 l&#8217;air.<\/li>\n<\/ul>\n","protected":false},"excerpt":{"rendered":"<p>Un harnais \u00e0 la fois l\u00e9ger, r\u00e9sistant et confortable pour votre chien. Le harnais Comfort Walk Pro\u2122 de DOG Copenhagen est tout cela \u00e0 la fois et bien plus encore. Il est fabriqu\u00e9 dans des mat\u00e9riaux durables r\u00e9sistant aux taches et \u00e0 l&#8217;eau et est dot\u00e9 d&#8217;un rembourrage doux et respirant sur toute sa surface.<\/p>\n","protected":false},"featured_media":866292,"template":"","meta":[],"product_cat":[12550,2698,2777],"product_tag":[],"class_list":{"0":"post-866221","1":"product","2":"type-product","3":"status-publish","4":"has-post-thumbnail","6":"product_cat-accessoires-du-chien","7":"product_cat-chien","8":"product_cat-colliers-laisses-et-harnais-pour-chien","10":"first","11":"instock","12":"taxable","13":"shipping-taxable","14":"purchasable","15":"product-type-variable"},"yoast_head":"<!-- This site is optimized with the Yoast SEO plugin v27.3 - https:\/\/yoast.com\/product\/yoast-seo-wordpress\/ -->\n<title>Harnais Dog Copenhagen Comfort Walk Pro - V\u00e9torino<\/title>\n<meta name=\"description\" content=\"Un harnais \u00e0 la fois l\u00e9ger, r\u00e9sistant et confortable pour votre chien. Le harnais Comfort Walk Pro\u2122 de DOG Copenhagen est tout cela \u00e0 la fois et bien plus encore. Il est fabriqu\u00e9 dans des mat\u00e9riaux durables r\u00e9sistant aux taches et \u00e0 l&#039;eau et est dot\u00e9 d&#039;un rembourrage doux et respirant sur toute sa surface.\" \/>\n<meta name=\"robots\" content=\"noindex, nofollow\" \/>\n<meta property=\"og:locale\" content=\"fr_FR\" \/>\n<meta property=\"og:type\" content=\"article\" \/>\n<meta property=\"og:title\" content=\"Harnais Dog Copenhagen Comfort Walk Pro - V\u00e9torino\" \/>\n<meta property=\"og:description\" content=\"Un harnais \u00e0 la fois l\u00e9ger, r\u00e9sistant et confortable pour votre chien. Le harnais Comfort Walk Pro\u2122 de DOG Copenhagen est tout cela \u00e0 la fois et bien plus encore. Il est fabriqu\u00e9 dans des mat\u00e9riaux durables r\u00e9sistant aux taches et \u00e0 l&#039;eau et est dot\u00e9 d&#039;un rembourrage doux et respirant sur toute sa surface.\" \/>\n<meta property=\"og:url\" content=\"https:\/\/www.vetorino.com\/veterinaire\/mandreslesroses-94520\/boutique\/product\/harnais-dog-copenhagen-comfort-walk-pro\/\" \/>\n<meta property=\"og:site_name\" content=\"V\u00e9torino\" \/>\n<meta property=\"article:publisher\" content=\"https:\/\/www.facebook.com\/Vetorino\/\" \/>\n<meta property=\"article:modified_time\" content=\"2026-04-02T00:42:11+00:00\" \/>\n<meta property=\"og:image\" content=\"https:\/\/www.vetorino.com\/boutique\/wp-content\/uploads\/2024\/03\/prod_15938_220300_1000_none.png\" \/>\n\t<meta property=\"og:image:width\" content=\"1000\" \/>\n\t<meta property=\"og:image:height\" content=\"1000\" \/>\n\t<meta property=\"og:image:type\" content=\"image\/png\" \/>\n<meta name=\"twitter:card\" content=\"summary_large_image\" \/>\n<meta name=\"twitter:label1\" content=\"Disponibilit\u00e9\" \/>\n\t<meta name=\"twitter:data1\" content=\"En stock\" \/>\n<script type=\"application\/ld+json\" class=\"yoast-schema-graph\">{\"@context\":\"https:\\\/\\\/schema.org\",\"@graph\":[{\"@type\":\"WebPage\",\"@id\":\"https:\\\/\\\/www.vetorino.com\\\/boutique\\\/product\\\/harnais-dog-copenhagen-comfort-walk-pro\\\/\",\"url\":\"https:\\\/\\\/www.vetorino.com\\\/boutique\\\/product\\\/harnais-dog-copenhagen-comfort-walk-pro\\\/\",\"name\":\"Harnais Dog Copenhagen Comfort Walk Pro - V\u00e9torino\",\"isPartOf\":{\"@id\":\"https:\\\/\\\/www.vetorino.com\\\/boutique\\\/#website\"},\"primaryImageOfPage\":{\"@id\":\"https:\\\/\\\/www.vetorino.com\\\/boutique\\\/product\\\/harnais-dog-copenhagen-comfort-walk-pro\\\/#primaryimage\"},\"image\":{\"@id\":\"https:\\\/\\\/www.vetorino.com\\\/boutique\\\/product\\\/harnais-dog-copenhagen-comfort-walk-pro\\\/#primaryimage\"},\"thumbnailUrl\":\"https:\\\/\\\/www.vetorino.com\\\/boutique\\\/wp-content\\\/uploads\\\/2024\\\/03\\\/prod_15938_220300_1000_none.png\",\"datePublished\":\"2024-03-13T16:11:31+00:00\",\"dateModified\":\"2026-04-02T00:42:11+00:00\",\"description\":\"Un harnais \u00e0 la fois l\u00e9ger, r\u00e9sistant et confortable pour votre chien. Le harnais Comfort Walk Pro\u2122 de DOG Copenhagen est tout cela \u00e0 la fois et bien plus encore. Il est fabriqu\u00e9 dans des mat\u00e9riaux durables r\u00e9sistant aux taches et \u00e0 l'eau et est dot\u00e9 d'un rembourrage doux et respirant sur toute sa surface.\",\"breadcrumb\":{\"@id\":\"https:\\\/\\\/www.vetorino.com\\\/boutique\\\/product\\\/harnais-dog-copenhagen-comfort-walk-pro\\\/#breadcrumb\"},\"inLanguage\":\"fr-FR\",\"potentialAction\":[{\"@type\":\"ReadAction\",\"target\":[\"https:\\\/\\\/www.vetorino.com\\\/boutique\\\/product\\\/harnais-dog-copenhagen-comfort-walk-pro\\\/\"]}]},{\"@type\":\"ImageObject\",\"inLanguage\":\"fr-FR\",\"@id\":\"https:\\\/\\\/www.vetorino.com\\\/boutique\\\/product\\\/harnais-dog-copenhagen-comfort-walk-pro\\\/#primaryimage\",\"url\":\"https:\\\/\\\/www.vetorino.com\\\/boutique\\\/wp-content\\\/uploads\\\/2024\\\/03\\\/prod_15938_220300_1000_none.png\",\"contentUrl\":\"https:\\\/\\\/www.vetorino.com\\\/boutique\\\/wp-content\\\/uploads\\\/2024\\\/03\\\/prod_15938_220300_1000_none.png\",\"width\":1000,\"height\":1000},{\"@type\":\"BreadcrumbList\",\"@id\":\"https:\\\/\\\/www.vetorino.com\\\/boutique\\\/product\\\/harnais-dog-copenhagen-comfort-walk-pro\\\/#breadcrumb\",\"itemListElement\":[{\"@type\":\"ListItem\",\"position\":1,\"name\":\"Accueil\",\"item\":\"https:\\\/\\\/www.vetorino.com\\\/boutique\\\/\"},{\"@type\":\"ListItem\",\"position\":2,\"name\":\"Produits\",\"item\":\"https:\\\/\\\/www.vetorino.com\\\/boutique\\\/\"},{\"@type\":\"ListItem\",\"position\":3,\"name\":\"Harnais Dog Copenhagen Comfort Walk Pro\"}]},{\"@type\":\"WebSite\",\"@id\":\"https:\\\/\\\/www.vetorino.com\\\/boutique\\\/#website\",\"url\":\"https:\\\/\\\/www.vetorino.com\\\/boutique\\\/\",\"name\":\"V\u00e9torino\",\"description\":\"\",\"publisher\":{\"@id\":\"https:\\\/\\\/www.vetorino.com\\\/boutique\\\/#organization\"},\"potentialAction\":[{\"@type\":\"SearchAction\",\"target\":{\"@type\":\"EntryPoint\",\"urlTemplate\":\"https:\\\/\\\/www.vetorino.com\\\/boutique\\\/?s={search_term_string}\"},\"query-input\":{\"@type\":\"PropertyValueSpecification\",\"valueRequired\":true,\"valueName\":\"search_term_string\"}}],\"inLanguage\":\"fr-FR\"},{\"@type\":\"Organization\",\"@id\":\"https:\\\/\\\/www.vetorino.com\\\/boutique\\\/#organization\",\"name\":\"V\u00e9torino\",\"url\":\"https:\\\/\\\/www.vetorino.com\\\/boutique\\\/\",\"logo\":{\"@type\":\"ImageObject\",\"inLanguage\":\"fr-FR\",\"@id\":\"https:\\\/\\\/www.vetorino.com\\\/boutique\\\/#\\\/schema\\\/logo\\\/image\\\/\",\"url\":\"https:\\\/\\\/www.vetorino.com\\\/boutique\\\/wp-content\\\/uploads\\\/2024\\\/10\\\/logo.jpg\",\"contentUrl\":\"https:\\\/\\\/www.vetorino.com\\\/boutique\\\/wp-content\\\/uploads\\\/2024\\\/10\\\/logo.jpg\",\"width\":1200,\"height\":610,\"caption\":\"V\u00e9torino\"},\"image\":{\"@id\":\"https:\\\/\\\/www.vetorino.com\\\/boutique\\\/#\\\/schema\\\/logo\\\/image\\\/\"},\"sameAs\":[\"https:\\\/\\\/www.facebook.com\\\/Vetorino\\\/\",\"https:\\\/\\\/www.instagram.com\\\/vetorino_off\\\/\",\"https:\\\/\\\/www.linkedin.com\\\/company\\\/vtorino\\\/\"]}]}<\/script>\n<meta property=\"og:availability\" content=\"instock\" \/>\n<meta property=\"product:availability\" content=\"instock\" \/>\n<meta property=\"product:condition\" content=\"new\" \/>\n<!-- \/ Yoast SEO plugin. -->","yoast_head_json":{"title":"Harnais Dog Copenhagen Comfort Walk Pro - V\u00e9torino","description":"Un harnais \u00e0 la fois l\u00e9ger, r\u00e9sistant et confortable pour votre chien. Le harnais Comfort Walk Pro\u2122 de DOG Copenhagen est tout cela \u00e0 la fois et bien plus encore. Il est fabriqu\u00e9 dans des mat\u00e9riaux durables r\u00e9sistant aux taches et \u00e0 l'eau et est dot\u00e9 d'un rembourrage doux et respirant sur toute sa surface.","robots":{"index":"noindex","follow":"nofollow"},"og_locale":"fr_FR","og_type":"article","og_title":"Harnais Dog Copenhagen Comfort Walk Pro - V\u00e9torino","og_description":"Un harnais \u00e0 la fois l\u00e9ger, r\u00e9sistant et confortable pour votre chien. Le harnais Comfort Walk Pro\u2122 de DOG Copenhagen est tout cela \u00e0 la fois et bien plus encore. Il est fabriqu\u00e9 dans des mat\u00e9riaux durables r\u00e9sistant aux taches et \u00e0 l'eau et est dot\u00e9 d'un rembourrage doux et respirant sur toute sa surface.","og_url":"https:\/\/www.vetorino.com\/veterinaire\/mandreslesroses-94520\/boutique\/product\/harnais-dog-copenhagen-comfort-walk-pro\/","og_site_name":"V\u00e9torino","article_publisher":"https:\/\/www.facebook.com\/Vetorino\/","article_modified_time":"2026-04-02T00:42:11+00:00","og_image":[{"width":1000,"height":1000,"url":"https:\/\/www.vetorino.com\/boutique\/wp-content\/uploads\/2024\/03\/prod_15938_220300_1000_none.png","type":"image\/png"}],"twitter_card":"summary_large_image","twitter_misc":{"Disponibilit\u00e9":"En stock"},"schema":{"@context":"https:\/\/schema.org","@graph":[{"@type":"WebPage","@id":"https:\/\/www.vetorino.com\/boutique\/product\/harnais-dog-copenhagen-comfort-walk-pro\/","url":"https:\/\/www.vetorino.com\/boutique\/product\/harnais-dog-copenhagen-comfort-walk-pro\/","name":"Harnais Dog Copenhagen Comfort Walk Pro - V\u00e9torino","isPartOf":{"@id":"https:\/\/www.vetorino.com\/boutique\/#website"},"primaryImageOfPage":{"@id":"https:\/\/www.vetorino.com\/boutique\/product\/harnais-dog-copenhagen-comfort-walk-pro\/#primaryimage"},"image":{"@id":"https:\/\/www.vetorino.com\/boutique\/product\/harnais-dog-copenhagen-comfort-walk-pro\/#primaryimage"},"thumbnailUrl":"https:\/\/www.vetorino.com\/boutique\/wp-content\/uploads\/2024\/03\/prod_15938_220300_1000_none.png","datePublished":"2024-03-13T16:11:31+00:00","dateModified":"2026-04-02T00:42:11+00:00","description":"Un harnais \u00e0 la fois l\u00e9ger, r\u00e9sistant et confortable pour votre chien. Le harnais Comfort Walk Pro\u2122 de DOG Copenhagen est tout cela \u00e0 la fois et bien plus encore. Il est fabriqu\u00e9 dans des mat\u00e9riaux durables r\u00e9sistant aux taches et \u00e0 l'eau et est dot\u00e9 d'un rembourrage doux et respirant sur toute sa surface.","breadcrumb":{"@id":"https:\/\/www.vetorino.com\/boutique\/product\/harnais-dog-copenhagen-comfort-walk-pro\/#breadcrumb"},"inLanguage":"fr-FR","potentialAction":[{"@type":"ReadAction","target":["https:\/\/www.vetorino.com\/boutique\/product\/harnais-dog-copenhagen-comfort-walk-pro\/"]}]},{"@type":"ImageObject","inLanguage":"fr-FR","@id":"https:\/\/www.vetorino.com\/boutique\/product\/harnais-dog-copenhagen-comfort-walk-pro\/#primaryimage","url":"https:\/\/www.vetorino.com\/boutique\/wp-content\/uploads\/2024\/03\/prod_15938_220300_1000_none.png","contentUrl":"https:\/\/www.vetorino.com\/boutique\/wp-content\/uploads\/2024\/03\/prod_15938_220300_1000_none.png","width":1000,"height":1000},{"@type":"BreadcrumbList","@id":"https:\/\/www.vetorino.com\/boutique\/product\/harnais-dog-copenhagen-comfort-walk-pro\/#breadcrumb","itemListElement":[{"@type":"ListItem","position":1,"name":"Accueil","item":"https:\/\/www.vetorino.com\/boutique\/"},{"@type":"ListItem","position":2,"name":"Produits","item":"https:\/\/www.vetorino.com\/boutique\/"},{"@type":"ListItem","position":3,"name":"Harnais Dog Copenhagen Comfort Walk Pro"}]},{"@type":"WebSite","@id":"https:\/\/www.vetorino.com\/boutique\/#website","url":"https:\/\/www.vetorino.com\/boutique\/","name":"V\u00e9torino","description":"","publisher":{"@id":"https:\/\/www.vetorino.com\/boutique\/#organization"},"potentialAction":[{"@type":"SearchAction","target":{"@type":"EntryPoint","urlTemplate":"https:\/\/www.vetorino.com\/boutique\/?s={search_term_string}"},"query-input":{"@type":"PropertyValueSpecification","valueRequired":true,"valueName":"search_term_string"}}],"inLanguage":"fr-FR"},{"@type":"Organization","@id":"https:\/\/www.vetorino.com\/boutique\/#organization","name":"V\u00e9torino","url":"https:\/\/www.vetorino.com\/boutique\/","logo":{"@type":"ImageObject","inLanguage":"fr-FR","@id":"https:\/\/www.vetorino.com\/boutique\/#\/schema\/logo\/image\/","url":"https:\/\/www.vetorino.com\/boutique\/wp-content\/uploads\/2024\/10\/logo.jpg","contentUrl":"https:\/\/www.vetorino.com\/boutique\/wp-content\/uploads\/2024\/10\/logo.jpg","width":1200,"height":610,"caption":"V\u00e9torino"},"image":{"@id":"https:\/\/www.vetorino.com\/boutique\/#\/schema\/logo\/image\/"},"sameAs":["https:\/\/www.facebook.com\/Vetorino\/","https:\/\/www.instagram.com\/vetorino_off\/","https:\/\/www.linkedin.com\/company\/vtorino\/"]}]},"og_availability":"instock","product_availability":"instock","product_condition":"new"},"_links":{"self":[{"href":"https:\/\/www.vetorino.com\/veterinaire\/mandreslesroses-94520\/boutique\/wp-json\/wp\/v2\/product\/866221","targetHints":{"allow":["GET"]}}],"collection":[{"href":"https:\/\/www.vetorino.com\/veterinaire\/mandreslesroses-94520\/boutique\/wp-json\/wp\/v2\/product"}],"about":[{"href":"https:\/\/www.vetorino.com\/veterinaire\/mandreslesroses-94520\/boutique\/wp-json\/wp\/v2\/types\/product"}],"wp:featuredmedia":[{"embeddable":true,"href":"https:\/\/www.vetorino.com\/veterinaire\/mandreslesroses-94520\/boutique\/wp-json\/wp\/v2\/media\/866292"}],"wp:attachment":[{"href":"https:\/\/www.vetorino.com\/veterinaire\/mandreslesroses-94520\/boutique\/wp-json\/wp\/v2\/media?parent=866221"}],"wp:term":[{"taxonomy":"product_cat","embeddable":true,"href":"https:\/\/www.vetorino.com\/veterinaire\/mandreslesroses-94520\/boutique\/wp-json\/wp\/v2\/product_cat?post=866221"},{"taxonomy":"product_tag","embeddable":true,"href":"https:\/\/www.vetorino.com\/veterinaire\/mandreslesroses-94520\/boutique\/wp-json\/wp\/v2\/product_tag?post=866221"}],"curies":[{"name":"wp","href":"https:\/\/api.w.org\/{rel}","templated":true}]}}