{"id":874688,"date":"2024-03-22T10:28:16","date_gmt":"2024-03-22T09:28:16","guid":{"rendered":"https:\/\/www.vetorino.com\/boutique\/product\/flore-process-cheval-3\/"},"modified":"2025-12-23T14:15:50","modified_gmt":"2025-12-23T13:15:50","slug":"flore-process-cheval-3","status":"publish","type":"product","link":"https:\/\/www.vetorino.com\/veterinaire\/mandreslesroses-94520\/boutique\/product\/flore-process-cheval-3\/","title":{"rendered":"Flore Process Cheval"},"content":{"rendered":"<p><strong>Compl\u00e9ment alimentaire sous forme de p\u00e2te orale pour la sant\u00e9 digestive et l&#8217;immunit\u00e9 du cheval.<\/strong><\/p>\n<p><strong>Utilisation :\u00a0<\/strong><\/p>\n<p>Accompagnement des grandes \u00e9tapes de la vie du cheval<\/p>\n<ul>\n<li><strong>Poulinage\u00a0<\/strong>: r\u00e9cup\u00e9ration rapide du poids de la jument apr\u00e8s le poulinage<\/li>\n<li><strong>Naissance\u00a0<\/strong>: implantation pr\u00e9coce d\u2019un microbiote fonctionnel et d\u00e9marrage facilit\u00e9 de la croissance chez le poulain.<\/li>\n<li>Perturbations digestives li\u00e9es aux chaleurs de lait<\/li>\n<li><strong>Sevrage\u00a0<\/strong>: renforcement de l\u2019\u00e9quilibre de la flore digestive du poulain<\/li>\n<\/ul>\n<p>Accompagnement des \u00e9tats de stress ponctuels pouvant entra\u00eener un<strong>\u00a0dysmicrobisme\u00a0<\/strong>:<\/p>\n<ul>\n<li>Transport<\/li>\n<li>Transition alimentaire<\/li>\n<li>Hospitalisation<\/li>\n<li>Traitement antibiotique<\/li>\n<\/ul>\n<p><strong>Pr\u00e9sentation :<\/strong><\/p>\n<p>Bo\u00eete de 5 seringues de p\u00e2te orale de 20 ml<\/p>\n<p><strong>Administration :<\/strong><\/p>\n<p>Administrer le contenu d\u2019une seringue directement dans la bouche du poulain ou du cheval par jour pendant 5 jours.<\/p>\n<p>&nbsp;<\/p>\n<p><strong>Avant l\u2019utilisation, il est recommand\u00e9 de demander l\u2019avis de votre v\u00e9t\u00e9rinaire.<\/strong><\/p>\n","protected":false},"excerpt":{"rendered":"<p><strong>C<\/strong><strong>ompl\u00e9ment alimentaire sous forme de p\u00e2te orale pour la sant\u00e9 digestive et l&#8217;immunit\u00e9 du cheval.<\/strong><\/p>\n<p>Utilisation :<\/p>\n<ul>\n<li>Poulain : Implantation de la flore digestive, perturbations li\u00e9es aux chaleurs de lait, sevrage<\/li>\n<li>Adulte. : D\u00e9sordres digestifs ponctuels (effort, transport&#8230;)<\/li>\n<\/ul>\n","protected":false},"featured_media":874690,"template":"","meta":[],"product_cat":[12757,12547,14072],"product_tag":[],"class_list":{"0":"post-874688","1":"product","2":"type-product","3":"status-publish","4":"has-post-thumbnail","6":"product_cat-alimentation-du-cheval","7":"product_cat-cheval","8":"product_cat-dietetique-et-complements-alimentaires-du-cheval","9":"pa_marque-msd-sante-anima","11":"first","12":"outofstock","13":"taxable","14":"shipping-taxable","15":"purchasable","16":"product-type-simple"},"yoast_head":"<!-- This site is optimized with the Yoast SEO plugin v27.3 - https:\/\/yoast.com\/product\/yoast-seo-wordpress\/ -->\n<title>Flore Process Cheval MSD Sant\u00e9 Animale - V\u00e9torino<\/title>\n<meta name=\"description\" content=\"Compl\u00e9ment alimentaire sous forme de p\u00e2te orale pour la sant\u00e9 digestive et l&#039;immunit\u00e9 du cheval.  Utilisation :   Poulain : Implantation de la flore digestive, perturbations li\u00e9es aux chaleurs de lait, sevrage  Adulte. : D\u00e9sordres digestifs ponctuels (effort, transport...)\" \/>\n<meta name=\"robots\" content=\"noindex, nofollow\" \/>\n<meta property=\"og:locale\" content=\"fr_FR\" \/>\n<meta property=\"og:type\" content=\"article\" \/>\n<meta property=\"og:title\" content=\"Flore Process Cheval MSD Sant\u00e9 Animale - V\u00e9torino\" \/>\n<meta property=\"og:description\" content=\"Compl\u00e9ment alimentaire sous forme de p\u00e2te orale pour la sant\u00e9 digestive et l&#039;immunit\u00e9 du cheval.  Utilisation :   Poulain : Implantation de la flore digestive, perturbations li\u00e9es aux chaleurs de lait, sevrage  Adulte. : D\u00e9sordres digestifs ponctuels (effort, transport...)\" \/>\n<meta property=\"og:url\" content=\"https:\/\/www.vetorino.com\/veterinaire\/mandreslesroses-94520\/boutique\/product\/flore-process-cheval-3\/\" \/>\n<meta property=\"og:site_name\" content=\"V\u00e9torino\" \/>\n<meta property=\"article:publisher\" content=\"https:\/\/www.facebook.com\/Vetorino\/\" \/>\n<meta property=\"article:modified_time\" content=\"2025-12-23T13:15:50+00:00\" \/>\n<meta property=\"og:image\" content=\"https:\/\/www.vetorino.com\/boutique\/wp-content\/uploads\/2021\/05\/flore-process-cheval.png\" \/>\n\t<meta property=\"og:image:width\" content=\"540\" \/>\n\t<meta property=\"og:image:height\" content=\"540\" \/>\n\t<meta property=\"og:image:type\" content=\"image\/png\" \/>\n<meta name=\"twitter:card\" content=\"summary_large_image\" \/>\n<meta name=\"twitter:label1\" content=\"Prix\" \/>\n\t<meta name=\"twitter:data1\" content=\"54,07&euro;\" \/>\n\t<meta name=\"twitter:label2\" content=\"Disponibilit\u00e9\" \/>\n\t<meta name=\"twitter:data2\" content=\"Rupture de stock\" \/>\n<script type=\"application\/ld+json\" class=\"yoast-schema-graph\">{\"@context\":\"https:\\\/\\\/schema.org\",\"@graph\":[{\"@type\":\"WebPage\",\"@id\":\"https:\\\/\\\/www.vetorino.com\\\/boutique\\\/product\\\/flore-process-cheval-3\\\/\",\"url\":\"https:\\\/\\\/www.vetorino.com\\\/boutique\\\/product\\\/flore-process-cheval-3\\\/\",\"name\":\"Flore Process Cheval MSD Sant\u00e9 Animale - V\u00e9torino\",\"isPartOf\":{\"@id\":\"https:\\\/\\\/www.vetorino.com\\\/boutique\\\/#website\"},\"primaryImageOfPage\":{\"@id\":\"https:\\\/\\\/www.vetorino.com\\\/boutique\\\/product\\\/flore-process-cheval-3\\\/#primaryimage\"},\"image\":{\"@id\":\"https:\\\/\\\/www.vetorino.com\\\/boutique\\\/product\\\/flore-process-cheval-3\\\/#primaryimage\"},\"thumbnailUrl\":\"https:\\\/\\\/www.vetorino.com\\\/boutique\\\/wp-content\\\/uploads\\\/2021\\\/05\\\/flore-process-cheval.png\",\"datePublished\":\"2024-03-22T09:28:16+00:00\",\"dateModified\":\"2025-12-23T13:15:50+00:00\",\"description\":\"Compl\u00e9ment alimentaire sous forme de p\u00e2te orale pour la sant\u00e9 digestive et l'immunit\u00e9 du cheval. Utilisation : Poulain : Implantation de la flore digestive, perturbations li\u00e9es aux chaleurs de lait, sevrage Adulte. : D\u00e9sordres digestifs ponctuels (effort, transport...)\",\"breadcrumb\":{\"@id\":\"https:\\\/\\\/www.vetorino.com\\\/boutique\\\/product\\\/flore-process-cheval-3\\\/#breadcrumb\"},\"inLanguage\":\"fr-FR\",\"potentialAction\":[{\"@type\":\"ReadAction\",\"target\":[\"https:\\\/\\\/www.vetorino.com\\\/boutique\\\/product\\\/flore-process-cheval-3\\\/\"]}]},{\"@type\":\"ImageObject\",\"inLanguage\":\"fr-FR\",\"@id\":\"https:\\\/\\\/www.vetorino.com\\\/boutique\\\/product\\\/flore-process-cheval-3\\\/#primaryimage\",\"url\":\"https:\\\/\\\/www.vetorino.com\\\/boutique\\\/wp-content\\\/uploads\\\/2021\\\/05\\\/flore-process-cheval.png\",\"contentUrl\":\"https:\\\/\\\/www.vetorino.com\\\/boutique\\\/wp-content\\\/uploads\\\/2021\\\/05\\\/flore-process-cheval.png\",\"width\":540,\"height\":540},{\"@type\":\"BreadcrumbList\",\"@id\":\"https:\\\/\\\/www.vetorino.com\\\/boutique\\\/product\\\/flore-process-cheval-3\\\/#breadcrumb\",\"itemListElement\":[{\"@type\":\"ListItem\",\"position\":1,\"name\":\"Accueil\",\"item\":\"https:\\\/\\\/www.vetorino.com\\\/boutique\\\/\"},{\"@type\":\"ListItem\",\"position\":2,\"name\":\"Produits\",\"item\":\"https:\\\/\\\/www.vetorino.com\\\/boutique\\\/\"},{\"@type\":\"ListItem\",\"position\":3,\"name\":\"Flore Process Cheval\"}]},{\"@type\":\"WebSite\",\"@id\":\"https:\\\/\\\/www.vetorino.com\\\/boutique\\\/#website\",\"url\":\"https:\\\/\\\/www.vetorino.com\\\/boutique\\\/\",\"name\":\"V\u00e9torino\",\"description\":\"\",\"publisher\":{\"@id\":\"https:\\\/\\\/www.vetorino.com\\\/boutique\\\/#organization\"},\"potentialAction\":[{\"@type\":\"SearchAction\",\"target\":{\"@type\":\"EntryPoint\",\"urlTemplate\":\"https:\\\/\\\/www.vetorino.com\\\/boutique\\\/?s={search_term_string}\"},\"query-input\":{\"@type\":\"PropertyValueSpecification\",\"valueRequired\":true,\"valueName\":\"search_term_string\"}}],\"inLanguage\":\"fr-FR\"},{\"@type\":\"Organization\",\"@id\":\"https:\\\/\\\/www.vetorino.com\\\/boutique\\\/#organization\",\"name\":\"V\u00e9torino\",\"url\":\"https:\\\/\\\/www.vetorino.com\\\/boutique\\\/\",\"logo\":{\"@type\":\"ImageObject\",\"inLanguage\":\"fr-FR\",\"@id\":\"https:\\\/\\\/www.vetorino.com\\\/boutique\\\/#\\\/schema\\\/logo\\\/image\\\/\",\"url\":\"https:\\\/\\\/www.vetorino.com\\\/boutique\\\/wp-content\\\/uploads\\\/2024\\\/10\\\/logo.jpg\",\"contentUrl\":\"https:\\\/\\\/www.vetorino.com\\\/boutique\\\/wp-content\\\/uploads\\\/2024\\\/10\\\/logo.jpg\",\"width\":1200,\"height\":610,\"caption\":\"V\u00e9torino\"},\"image\":{\"@id\":\"https:\\\/\\\/www.vetorino.com\\\/boutique\\\/#\\\/schema\\\/logo\\\/image\\\/\"},\"sameAs\":[\"https:\\\/\\\/www.facebook.com\\\/Vetorino\\\/\",\"https:\\\/\\\/www.instagram.com\\\/vetorino_off\\\/\",\"https:\\\/\\\/www.linkedin.com\\\/company\\\/vtorino\\\/\"]}]}<\/script>\n<meta property=\"product:brand\" content=\"MSD Sant\u00e9 Animale\" \/>\n<meta property=\"product:price:amount\" content=\"54.07\" \/>\n<meta property=\"product:price:currency\" content=\"EUR\" \/>\n<meta property=\"og:availability\" content=\"out of stock\" \/>\n<meta property=\"product:availability\" content=\"out of stock\" \/>\n<meta property=\"product:retailer_item_id\" content=\"C-FLO006\" \/>\n<meta property=\"product:condition\" content=\"new\" \/>\n<!-- \/ Yoast SEO plugin. -->","yoast_head_json":{"title":"Flore Process Cheval MSD Sant\u00e9 Animale - V\u00e9torino","description":"Compl\u00e9ment alimentaire sous forme de p\u00e2te orale pour la sant\u00e9 digestive et l'immunit\u00e9 du cheval.  Utilisation :   Poulain : Implantation de la flore digestive, perturbations li\u00e9es aux chaleurs de lait, sevrage  Adulte. : D\u00e9sordres digestifs ponctuels (effort, transport...)","robots":{"index":"noindex","follow":"nofollow"},"og_locale":"fr_FR","og_type":"article","og_title":"Flore Process Cheval MSD Sant\u00e9 Animale - V\u00e9torino","og_description":"Compl\u00e9ment alimentaire sous forme de p\u00e2te orale pour la sant\u00e9 digestive et l'immunit\u00e9 du cheval.  Utilisation :   Poulain : Implantation de la flore digestive, perturbations li\u00e9es aux chaleurs de lait, sevrage  Adulte. : D\u00e9sordres digestifs ponctuels (effort, transport...)","og_url":"https:\/\/www.vetorino.com\/veterinaire\/mandreslesroses-94520\/boutique\/product\/flore-process-cheval-3\/","og_site_name":"V\u00e9torino","article_publisher":"https:\/\/www.facebook.com\/Vetorino\/","article_modified_time":"2025-12-23T13:15:50+00:00","og_image":[{"width":540,"height":540,"url":"https:\/\/www.vetorino.com\/boutique\/wp-content\/uploads\/2021\/05\/flore-process-cheval.png","type":"image\/png"}],"twitter_card":"summary_large_image","twitter_misc":{"Prix":"54,07&euro;","Disponibilit\u00e9":"Rupture de stock"},"schema":{"@context":"https:\/\/schema.org","@graph":[{"@type":"WebPage","@id":"https:\/\/www.vetorino.com\/boutique\/product\/flore-process-cheval-3\/","url":"https:\/\/www.vetorino.com\/boutique\/product\/flore-process-cheval-3\/","name":"Flore Process Cheval MSD Sant\u00e9 Animale - V\u00e9torino","isPartOf":{"@id":"https:\/\/www.vetorino.com\/boutique\/#website"},"primaryImageOfPage":{"@id":"https:\/\/www.vetorino.com\/boutique\/product\/flore-process-cheval-3\/#primaryimage"},"image":{"@id":"https:\/\/www.vetorino.com\/boutique\/product\/flore-process-cheval-3\/#primaryimage"},"thumbnailUrl":"https:\/\/www.vetorino.com\/boutique\/wp-content\/uploads\/2021\/05\/flore-process-cheval.png","datePublished":"2024-03-22T09:28:16+00:00","dateModified":"2025-12-23T13:15:50+00:00","description":"Compl\u00e9ment alimentaire sous forme de p\u00e2te orale pour la sant\u00e9 digestive et l'immunit\u00e9 du cheval. Utilisation : Poulain : Implantation de la flore digestive, perturbations li\u00e9es aux chaleurs de lait, sevrage Adulte. : D\u00e9sordres digestifs ponctuels (effort, transport...)","breadcrumb":{"@id":"https:\/\/www.vetorino.com\/boutique\/product\/flore-process-cheval-3\/#breadcrumb"},"inLanguage":"fr-FR","potentialAction":[{"@type":"ReadAction","target":["https:\/\/www.vetorino.com\/boutique\/product\/flore-process-cheval-3\/"]}]},{"@type":"ImageObject","inLanguage":"fr-FR","@id":"https:\/\/www.vetorino.com\/boutique\/product\/flore-process-cheval-3\/#primaryimage","url":"https:\/\/www.vetorino.com\/boutique\/wp-content\/uploads\/2021\/05\/flore-process-cheval.png","contentUrl":"https:\/\/www.vetorino.com\/boutique\/wp-content\/uploads\/2021\/05\/flore-process-cheval.png","width":540,"height":540},{"@type":"BreadcrumbList","@id":"https:\/\/www.vetorino.com\/boutique\/product\/flore-process-cheval-3\/#breadcrumb","itemListElement":[{"@type":"ListItem","position":1,"name":"Accueil","item":"https:\/\/www.vetorino.com\/boutique\/"},{"@type":"ListItem","position":2,"name":"Produits","item":"https:\/\/www.vetorino.com\/boutique\/"},{"@type":"ListItem","position":3,"name":"Flore Process Cheval"}]},{"@type":"WebSite","@id":"https:\/\/www.vetorino.com\/boutique\/#website","url":"https:\/\/www.vetorino.com\/boutique\/","name":"V\u00e9torino","description":"","publisher":{"@id":"https:\/\/www.vetorino.com\/boutique\/#organization"},"potentialAction":[{"@type":"SearchAction","target":{"@type":"EntryPoint","urlTemplate":"https:\/\/www.vetorino.com\/boutique\/?s={search_term_string}"},"query-input":{"@type":"PropertyValueSpecification","valueRequired":true,"valueName":"search_term_string"}}],"inLanguage":"fr-FR"},{"@type":"Organization","@id":"https:\/\/www.vetorino.com\/boutique\/#organization","name":"V\u00e9torino","url":"https:\/\/www.vetorino.com\/boutique\/","logo":{"@type":"ImageObject","inLanguage":"fr-FR","@id":"https:\/\/www.vetorino.com\/boutique\/#\/schema\/logo\/image\/","url":"https:\/\/www.vetorino.com\/boutique\/wp-content\/uploads\/2024\/10\/logo.jpg","contentUrl":"https:\/\/www.vetorino.com\/boutique\/wp-content\/uploads\/2024\/10\/logo.jpg","width":1200,"height":610,"caption":"V\u00e9torino"},"image":{"@id":"https:\/\/www.vetorino.com\/boutique\/#\/schema\/logo\/image\/"},"sameAs":["https:\/\/www.facebook.com\/Vetorino\/","https:\/\/www.instagram.com\/vetorino_off\/","https:\/\/www.linkedin.com\/company\/vtorino\/"]}]},"product_brand":"MSD Sant\u00e9 Animale","product_price_amount":"54.07","product_price_currency":"EUR","og_availability":"out of stock","product_availability":"out of stock","product_retailer_item_id":"C-FLO006","product_condition":"new"},"_links":{"self":[{"href":"https:\/\/www.vetorino.com\/veterinaire\/mandreslesroses-94520\/boutique\/wp-json\/wp\/v2\/product\/874688","targetHints":{"allow":["GET"]}}],"collection":[{"href":"https:\/\/www.vetorino.com\/veterinaire\/mandreslesroses-94520\/boutique\/wp-json\/wp\/v2\/product"}],"about":[{"href":"https:\/\/www.vetorino.com\/veterinaire\/mandreslesroses-94520\/boutique\/wp-json\/wp\/v2\/types\/product"}],"wp:featuredmedia":[{"embeddable":true,"href":"https:\/\/www.vetorino.com\/veterinaire\/mandreslesroses-94520\/boutique\/wp-json\/wp\/v2\/media\/874690"}],"wp:attachment":[{"href":"https:\/\/www.vetorino.com\/veterinaire\/mandreslesroses-94520\/boutique\/wp-json\/wp\/v2\/media?parent=874688"}],"wp:term":[{"taxonomy":"product_cat","embeddable":true,"href":"https:\/\/www.vetorino.com\/veterinaire\/mandreslesroses-94520\/boutique\/wp-json\/wp\/v2\/product_cat?post=874688"},{"taxonomy":"product_tag","embeddable":true,"href":"https:\/\/www.vetorino.com\/veterinaire\/mandreslesroses-94520\/boutique\/wp-json\/wp\/v2\/product_tag?post=874688"}],"curies":[{"name":"wp","href":"https:\/\/api.w.org\/{rel}","templated":true}]}}