{"id":89338,"date":"2020-06-26T03:08:46","date_gmt":"2020-06-26T01:08:46","guid":{"rendered":"https:\/\/www.vetorino.com\/boutique\/product\/allermyl-shampoing\/"},"modified":"2024-10-03T10:48:54","modified_gmt":"2024-10-03T08:48:54","slug":"allermyl-shampoing","status":"publish","type":"product","link":"https:\/\/www.vetorino.com\/veterinaire\/mandreslesroses-94520\/boutique\/product\/allermyl-shampoing\/","title":{"rendered":"Allermyl Shampoing Dermatologique"},"content":{"rendered":"<p><strong>Sp\u00e9cifiquement con\u00e7u pour r\u00e9pondre aux besoins des chiens et chats<\/strong> souffrant d&#8217;un d\u00e9s\u00e9quilibre de la barri\u00e8re cutan\u00e9e, Allermyl shampooing est une micro\u00e9mulsion moussante qui combine divers ingr\u00e9dients permettant de maintenir l&#8217;int\u00e9grit\u00e9 de la barri\u00e8re cutan\u00e9e et l&#8217;\u00e9quilibre microbien naturel.<\/p>\n<p><strong>Am\u00e9lioration de la protection de la barri\u00e8re cutan\u00e9e<\/strong> contre les agressions environnementales: Effets apaisant et hydratant (Complexe de Lipides Cutan\u00e9s)<\/p>\n<p>Am\u00e9lioration de la vitalit\u00e9 de la peau gr\u00e2ce \u00e0 la technologie S-I-S (Skin Innovative Science technology): Effets anti-adh\u00e9sion des micro-organismes (Glycotechnologie), Stimulation des d\u00e9fenses microbiennes naturelles de la peau (technologie Defensines)<\/p>\n","protected":false},"excerpt":{"rendered":"<p>Con\u00e7u sp\u00e9cifiquement pour r\u00e9pondre aux besoins des<strong> chiens et chats souffrant d&#8217;un d\u00e9s\u00e9quilibre de la barri\u00e8re cutan\u00e9e,<\/strong> Allermyl shampooing contient des ingr\u00e9dients qui aident \u00e0 pr\u00e9server l&#8217;int\u00e9grit\u00e9 de la barri\u00e8re cutan\u00e9e (Skin Lipid Complex <sup>tm<\/sup>) et l&#8217;\u00e9quilibre microbien naturel.<\/p>\n","protected":false},"featured_media":809979,"template":"","meta":[],"product_cat":[2697],"product_tag":[],"class_list":{"0":"post-89338","1":"product","2":"type-product","3":"status-publish","4":"has-post-thumbnail","6":"product_cat-chat","7":"pa_marque-virbac","9":"first","10":"instock","11":"taxable","12":"shipping-taxable","13":"purchasable","14":"product-type-variable"},"yoast_head":"<!-- This site is optimized with the Yoast SEO plugin v27.3 - https:\/\/yoast.com\/product\/yoast-seo-wordpress\/ -->\n<title>Allermyl Shampoing Dermatologique Virbac - V\u00e9torino<\/title>\n<meta name=\"description\" content=\"Con\u00e7u sp\u00e9cifiquement pour r\u00e9pondre aux besoins des chiens et chats souffrant d&#039;un d\u00e9s\u00e9quilibre de la barri\u00e8re cutan\u00e9e, Allermyl shampooing contient des ingr\u00e9dients qui aident \u00e0 pr\u00e9server l&#039;int\u00e9grit\u00e9 de la barri\u00e8re cutan\u00e9e (Skin Lipid Complex tm) et l&#039;\u00e9quilibre microbien naturel.\" \/>\n<meta name=\"robots\" content=\"noindex, nofollow\" \/>\n<meta property=\"og:locale\" content=\"fr_FR\" \/>\n<meta property=\"og:type\" content=\"article\" \/>\n<meta property=\"og:title\" content=\"Allermyl Shampoing Dermatologique Virbac - V\u00e9torino\" \/>\n<meta property=\"og:description\" content=\"Con\u00e7u sp\u00e9cifiquement pour r\u00e9pondre aux besoins des chiens et chats souffrant d&#039;un d\u00e9s\u00e9quilibre de la barri\u00e8re cutan\u00e9e, Allermyl shampooing contient des ingr\u00e9dients qui aident \u00e0 pr\u00e9server l&#039;int\u00e9grit\u00e9 de la barri\u00e8re cutan\u00e9e (Skin Lipid Complex tm) et l&#039;\u00e9quilibre microbien naturel.\" \/>\n<meta property=\"og:url\" content=\"https:\/\/www.vetorino.com\/veterinaire\/mandreslesroses-94520\/boutique\/product\/allermyl-shampoing\/\" \/>\n<meta property=\"og:site_name\" content=\"V\u00e9torino\" \/>\n<meta property=\"article:publisher\" content=\"https:\/\/www.facebook.com\/Vetorino\/\" \/>\n<meta property=\"article:modified_time\" content=\"2024-10-03T08:48:54+00:00\" \/>\n<meta property=\"og:image\" content=\"https:\/\/www.vetorino.com\/boutique\/wp-content\/uploads\/2024\/01\/VIRBAC-1812430.jpg\" \/>\n\t<meta property=\"og:image:width\" content=\"800\" \/>\n\t<meta property=\"og:image:height\" content=\"800\" \/>\n\t<meta property=\"og:image:type\" content=\"image\/jpeg\" \/>\n<meta name=\"twitter:card\" content=\"summary_large_image\" \/>\n<meta name=\"twitter:label1\" content=\"Disponibilit\u00e9\" \/>\n\t<meta name=\"twitter:data1\" content=\"En stock\" \/>\n<script type=\"application\/ld+json\" class=\"yoast-schema-graph\">{\"@context\":\"https:\\\/\\\/schema.org\",\"@graph\":[{\"@type\":\"WebPage\",\"@id\":\"https:\\\/\\\/www.vetorino.com\\\/veterinaire\\\/pontarlier-25300\\\/boutique\\\/product\\\/allermyl-shampoing\\\/\",\"url\":\"https:\\\/\\\/www.vetorino.com\\\/veterinaire\\\/pontarlier-25300\\\/boutique\\\/product\\\/allermyl-shampoing\\\/\",\"name\":\"Allermyl Shampoing Dermatologique Virbac - V\u00e9torino\",\"isPartOf\":{\"@id\":\"https:\\\/\\\/www.vetorino.com\\\/boutique\\\/#website\"},\"primaryImageOfPage\":{\"@id\":\"https:\\\/\\\/www.vetorino.com\\\/veterinaire\\\/pontarlier-25300\\\/boutique\\\/product\\\/allermyl-shampoing\\\/#primaryimage\"},\"image\":{\"@id\":\"https:\\\/\\\/www.vetorino.com\\\/veterinaire\\\/pontarlier-25300\\\/boutique\\\/product\\\/allermyl-shampoing\\\/#primaryimage\"},\"thumbnailUrl\":\"https:\\\/\\\/www.vetorino.com\\\/boutique\\\/wp-content\\\/uploads\\\/2024\\\/01\\\/VIRBAC-1812430.jpg\",\"datePublished\":\"2020-06-26T01:08:46+00:00\",\"dateModified\":\"2024-10-03T08:48:54+00:00\",\"description\":\"Con\u00e7u sp\u00e9cifiquement pour r\u00e9pondre aux besoins des chiens et chats souffrant d'un d\u00e9s\u00e9quilibre de la barri\u00e8re cutan\u00e9e, Allermyl shampooing contient des ingr\u00e9dients qui aident \u00e0 pr\u00e9server l'int\u00e9grit\u00e9 de la barri\u00e8re cutan\u00e9e (Skin Lipid Complex tm) et l'\u00e9quilibre microbien naturel.\",\"breadcrumb\":{\"@id\":\"https:\\\/\\\/www.vetorino.com\\\/veterinaire\\\/pontarlier-25300\\\/boutique\\\/product\\\/allermyl-shampoing\\\/#breadcrumb\"},\"inLanguage\":\"fr-FR\",\"potentialAction\":[{\"@type\":\"ReadAction\",\"target\":[\"https:\\\/\\\/www.vetorino.com\\\/veterinaire\\\/pontarlier-25300\\\/boutique\\\/product\\\/allermyl-shampoing\\\/\"]}]},{\"@type\":\"ImageObject\",\"inLanguage\":\"fr-FR\",\"@id\":\"https:\\\/\\\/www.vetorino.com\\\/veterinaire\\\/pontarlier-25300\\\/boutique\\\/product\\\/allermyl-shampoing\\\/#primaryimage\",\"url\":\"https:\\\/\\\/www.vetorino.com\\\/boutique\\\/wp-content\\\/uploads\\\/2024\\\/01\\\/VIRBAC-1812430.jpg\",\"contentUrl\":\"https:\\\/\\\/www.vetorino.com\\\/boutique\\\/wp-content\\\/uploads\\\/2024\\\/01\\\/VIRBAC-1812430.jpg\",\"width\":800,\"height\":800},{\"@type\":\"BreadcrumbList\",\"@id\":\"https:\\\/\\\/www.vetorino.com\\\/veterinaire\\\/pontarlier-25300\\\/boutique\\\/product\\\/allermyl-shampoing\\\/#breadcrumb\",\"itemListElement\":[{\"@type\":\"ListItem\",\"position\":1,\"name\":\"Accueil\",\"item\":\"https:\\\/\\\/www.vetorino.com\\\/boutique\\\/\"},{\"@type\":\"ListItem\",\"position\":2,\"name\":\"Produits\",\"item\":\"https:\\\/\\\/www.vetorino.com\\\/boutique\\\/\"},{\"@type\":\"ListItem\",\"position\":3,\"name\":\"Allermyl Shampoing Dermatologique\"}]},{\"@type\":\"WebSite\",\"@id\":\"https:\\\/\\\/www.vetorino.com\\\/boutique\\\/#website\",\"url\":\"https:\\\/\\\/www.vetorino.com\\\/boutique\\\/\",\"name\":\"V\u00e9torino\",\"description\":\"\",\"publisher\":{\"@id\":\"https:\\\/\\\/www.vetorino.com\\\/boutique\\\/#organization\"},\"potentialAction\":[{\"@type\":\"SearchAction\",\"target\":{\"@type\":\"EntryPoint\",\"urlTemplate\":\"https:\\\/\\\/www.vetorino.com\\\/boutique\\\/?s={search_term_string}\"},\"query-input\":{\"@type\":\"PropertyValueSpecification\",\"valueRequired\":true,\"valueName\":\"search_term_string\"}}],\"inLanguage\":\"fr-FR\"},{\"@type\":\"Organization\",\"@id\":\"https:\\\/\\\/www.vetorino.com\\\/boutique\\\/#organization\",\"name\":\"V\u00e9torino\",\"url\":\"https:\\\/\\\/www.vetorino.com\\\/boutique\\\/\",\"logo\":{\"@type\":\"ImageObject\",\"inLanguage\":\"fr-FR\",\"@id\":\"https:\\\/\\\/www.vetorino.com\\\/boutique\\\/#\\\/schema\\\/logo\\\/image\\\/\",\"url\":\"https:\\\/\\\/www.vetorino.com\\\/boutique\\\/wp-content\\\/uploads\\\/2024\\\/10\\\/logo.jpg\",\"contentUrl\":\"https:\\\/\\\/www.vetorino.com\\\/boutique\\\/wp-content\\\/uploads\\\/2024\\\/10\\\/logo.jpg\",\"width\":1200,\"height\":610,\"caption\":\"V\u00e9torino\"},\"image\":{\"@id\":\"https:\\\/\\\/www.vetorino.com\\\/boutique\\\/#\\\/schema\\\/logo\\\/image\\\/\"},\"sameAs\":[\"https:\\\/\\\/www.facebook.com\\\/Vetorino\\\/\",\"https:\\\/\\\/www.instagram.com\\\/vetorino_off\\\/\",\"https:\\\/\\\/www.linkedin.com\\\/company\\\/vtorino\\\/\"]}]}<\/script>\n<meta property=\"product:brand\" content=\"Virbac\" \/>\n<meta property=\"og:availability\" content=\"instock\" \/>\n<meta property=\"product:availability\" content=\"instock\" \/>\n<meta property=\"product:condition\" content=\"new\" \/>\n<!-- \/ Yoast SEO plugin. -->","yoast_head_json":{"title":"Allermyl Shampoing Dermatologique Virbac - V\u00e9torino","description":"Con\u00e7u sp\u00e9cifiquement pour r\u00e9pondre aux besoins des chiens et chats souffrant d'un d\u00e9s\u00e9quilibre de la barri\u00e8re cutan\u00e9e, Allermyl shampooing contient des ingr\u00e9dients qui aident \u00e0 pr\u00e9server l'int\u00e9grit\u00e9 de la barri\u00e8re cutan\u00e9e (Skin Lipid Complex tm) et l'\u00e9quilibre microbien naturel.","robots":{"index":"noindex","follow":"nofollow"},"og_locale":"fr_FR","og_type":"article","og_title":"Allermyl Shampoing Dermatologique Virbac - V\u00e9torino","og_description":"Con\u00e7u sp\u00e9cifiquement pour r\u00e9pondre aux besoins des chiens et chats souffrant d'un d\u00e9s\u00e9quilibre de la barri\u00e8re cutan\u00e9e, Allermyl shampooing contient des ingr\u00e9dients qui aident \u00e0 pr\u00e9server l'int\u00e9grit\u00e9 de la barri\u00e8re cutan\u00e9e (Skin Lipid Complex tm) et l'\u00e9quilibre microbien naturel.","og_url":"https:\/\/www.vetorino.com\/veterinaire\/mandreslesroses-94520\/boutique\/product\/allermyl-shampoing\/","og_site_name":"V\u00e9torino","article_publisher":"https:\/\/www.facebook.com\/Vetorino\/","article_modified_time":"2024-10-03T08:48:54+00:00","og_image":[{"width":800,"height":800,"url":"https:\/\/www.vetorino.com\/boutique\/wp-content\/uploads\/2024\/01\/VIRBAC-1812430.jpg","type":"image\/jpeg"}],"twitter_card":"summary_large_image","twitter_misc":{"Disponibilit\u00e9":"En stock"},"schema":{"@context":"https:\/\/schema.org","@graph":[{"@type":"WebPage","@id":"https:\/\/www.vetorino.com\/veterinaire\/pontarlier-25300\/boutique\/product\/allermyl-shampoing\/","url":"https:\/\/www.vetorino.com\/veterinaire\/pontarlier-25300\/boutique\/product\/allermyl-shampoing\/","name":"Allermyl Shampoing Dermatologique Virbac - V\u00e9torino","isPartOf":{"@id":"https:\/\/www.vetorino.com\/boutique\/#website"},"primaryImageOfPage":{"@id":"https:\/\/www.vetorino.com\/veterinaire\/pontarlier-25300\/boutique\/product\/allermyl-shampoing\/#primaryimage"},"image":{"@id":"https:\/\/www.vetorino.com\/veterinaire\/pontarlier-25300\/boutique\/product\/allermyl-shampoing\/#primaryimage"},"thumbnailUrl":"https:\/\/www.vetorino.com\/boutique\/wp-content\/uploads\/2024\/01\/VIRBAC-1812430.jpg","datePublished":"2020-06-26T01:08:46+00:00","dateModified":"2024-10-03T08:48:54+00:00","description":"Con\u00e7u sp\u00e9cifiquement pour r\u00e9pondre aux besoins des chiens et chats souffrant d'un d\u00e9s\u00e9quilibre de la barri\u00e8re cutan\u00e9e, Allermyl shampooing contient des ingr\u00e9dients qui aident \u00e0 pr\u00e9server l'int\u00e9grit\u00e9 de la barri\u00e8re cutan\u00e9e (Skin Lipid Complex tm) et l'\u00e9quilibre microbien naturel.","breadcrumb":{"@id":"https:\/\/www.vetorino.com\/veterinaire\/pontarlier-25300\/boutique\/product\/allermyl-shampoing\/#breadcrumb"},"inLanguage":"fr-FR","potentialAction":[{"@type":"ReadAction","target":["https:\/\/www.vetorino.com\/veterinaire\/pontarlier-25300\/boutique\/product\/allermyl-shampoing\/"]}]},{"@type":"ImageObject","inLanguage":"fr-FR","@id":"https:\/\/www.vetorino.com\/veterinaire\/pontarlier-25300\/boutique\/product\/allermyl-shampoing\/#primaryimage","url":"https:\/\/www.vetorino.com\/boutique\/wp-content\/uploads\/2024\/01\/VIRBAC-1812430.jpg","contentUrl":"https:\/\/www.vetorino.com\/boutique\/wp-content\/uploads\/2024\/01\/VIRBAC-1812430.jpg","width":800,"height":800},{"@type":"BreadcrumbList","@id":"https:\/\/www.vetorino.com\/veterinaire\/pontarlier-25300\/boutique\/product\/allermyl-shampoing\/#breadcrumb","itemListElement":[{"@type":"ListItem","position":1,"name":"Accueil","item":"https:\/\/www.vetorino.com\/boutique\/"},{"@type":"ListItem","position":2,"name":"Produits","item":"https:\/\/www.vetorino.com\/boutique\/"},{"@type":"ListItem","position":3,"name":"Allermyl Shampoing Dermatologique"}]},{"@type":"WebSite","@id":"https:\/\/www.vetorino.com\/boutique\/#website","url":"https:\/\/www.vetorino.com\/boutique\/","name":"V\u00e9torino","description":"","publisher":{"@id":"https:\/\/www.vetorino.com\/boutique\/#organization"},"potentialAction":[{"@type":"SearchAction","target":{"@type":"EntryPoint","urlTemplate":"https:\/\/www.vetorino.com\/boutique\/?s={search_term_string}"},"query-input":{"@type":"PropertyValueSpecification","valueRequired":true,"valueName":"search_term_string"}}],"inLanguage":"fr-FR"},{"@type":"Organization","@id":"https:\/\/www.vetorino.com\/boutique\/#organization","name":"V\u00e9torino","url":"https:\/\/www.vetorino.com\/boutique\/","logo":{"@type":"ImageObject","inLanguage":"fr-FR","@id":"https:\/\/www.vetorino.com\/boutique\/#\/schema\/logo\/image\/","url":"https:\/\/www.vetorino.com\/boutique\/wp-content\/uploads\/2024\/10\/logo.jpg","contentUrl":"https:\/\/www.vetorino.com\/boutique\/wp-content\/uploads\/2024\/10\/logo.jpg","width":1200,"height":610,"caption":"V\u00e9torino"},"image":{"@id":"https:\/\/www.vetorino.com\/boutique\/#\/schema\/logo\/image\/"},"sameAs":["https:\/\/www.facebook.com\/Vetorino\/","https:\/\/www.instagram.com\/vetorino_off\/","https:\/\/www.linkedin.com\/company\/vtorino\/"]}]},"product_brand":"Virbac","og_availability":"instock","product_availability":"instock","product_condition":"new"},"_links":{"self":[{"href":"https:\/\/www.vetorino.com\/veterinaire\/mandreslesroses-94520\/boutique\/wp-json\/wp\/v2\/product\/89338","targetHints":{"allow":["GET"]}}],"collection":[{"href":"https:\/\/www.vetorino.com\/veterinaire\/mandreslesroses-94520\/boutique\/wp-json\/wp\/v2\/product"}],"about":[{"href":"https:\/\/www.vetorino.com\/veterinaire\/mandreslesroses-94520\/boutique\/wp-json\/wp\/v2\/types\/product"}],"wp:featuredmedia":[{"embeddable":true,"href":"https:\/\/www.vetorino.com\/veterinaire\/mandreslesroses-94520\/boutique\/wp-json\/wp\/v2\/media\/809979"}],"wp:attachment":[{"href":"https:\/\/www.vetorino.com\/veterinaire\/mandreslesroses-94520\/boutique\/wp-json\/wp\/v2\/media?parent=89338"}],"wp:term":[{"taxonomy":"product_cat","embeddable":true,"href":"https:\/\/www.vetorino.com\/veterinaire\/mandreslesroses-94520\/boutique\/wp-json\/wp\/v2\/product_cat?post=89338"},{"taxonomy":"product_tag","embeddable":true,"href":"https:\/\/www.vetorino.com\/veterinaire\/mandreslesroses-94520\/boutique\/wp-json\/wp\/v2\/product_tag?post=89338"}],"curies":[{"name":"wp","href":"https:\/\/api.w.org\/{rel}","templated":true}]}}