{"id":93674,"date":"2020-06-29T13:06:54","date_gmt":"2020-06-29T11:06:54","guid":{"rendered":"https:\/\/www.vetorino.com\/boutique\/product\/collier-confort\/"},"modified":"2026-04-04T02:42:11","modified_gmt":"2026-04-04T00:42:11","slug":"collier-confort","status":"publish","type":"product","link":"https:\/\/www.vetorino.com\/veterinaire\/mandreslesroses-94520\/boutique\/product\/collier-confort\/","title":{"rendered":"Collier Martin Sellier Confort"},"content":{"rendered":"<div class=\"hidden\">MATERIEL<\/div>\n<div class=\"hidden\">Chiens<\/div>\n<p>Confort et robustesse !<br \/>\nLe collier et la laisse en nylon Confort vous offre ainsi qu&#8217;\u00e0 votre chien un confort extr\u00eame gr\u00e2ce \u00e0 sa finition doubl\u00e9e en mousse.<br \/>\nEsth\u00e9tique et tr\u00e8s robuste, il est fabriqu\u00e9 avec une bouclerie m\u00e9tallique laqu\u00e9e noir.<\/p>\n","protected":false},"excerpt":{"rendered":"<p>Alliez simplicit\u00e9, efficacit\u00e9 et pep&#8217;s avec ce collier en nylon.<\/p>\n<p>Tr\u00e8s souple, le collier confort Martin Sellier est rembourr\u00e9 avec de la mousse pour plus de confort. Facile \u00e0 mettre, il se boucle comme une ceinture et s&#8217;ajuste selon la taille du cou de votre chien.<\/p>\n<p>Ce collier est disponible en diff\u00e9rentes tailles :<\/p>\n<ul>\n<li>S : 35cm x 16mm<\/li>\n<li>M : 45cm x 20mm<\/li>\n<li>L : 55cm x 25mm<\/li>\n<li>XL : 65cm x 25mm<\/li>\n<\/ul>\n<p>Existe aussi en noir, en orange, en vert citron, en turquoise, en gris, en beige, en rose et en mauve.<\/p>\n","protected":false},"featured_media":633802,"template":"","meta":[],"product_cat":[2698,2777],"product_tag":[],"class_list":{"0":"post-93674","1":"product","2":"type-product","3":"status-publish","4":"has-post-thumbnail","6":"product_cat-chien","7":"product_cat-colliers-laisses-et-harnais-pour-chien","8":"pa_marque-martin-sellier","10":"first","11":"instock","12":"taxable","13":"shipping-taxable","14":"purchasable","15":"product-type-variable"},"yoast_head":"<!-- This site is optimized with the Yoast SEO plugin v27.3 - https:\/\/yoast.com\/product\/yoast-seo-wordpress\/ -->\n<title>Collier Martin Sellier Confort Martin Sellier - V\u00e9torino<\/title>\n<meta name=\"description\" content=\"Alliez simplicit\u00e9, efficacit\u00e9 et pep&#039;s avec ce collier en nylon.  Tr\u00e8s souple, le collier confort Martin Sellier est rembourr\u00e9 avec de la mousse pour plus de confort. Facile \u00e0 mettre, il se boucle comme une ceinture et s&#039;ajuste selon la taille du cou de votre chien.  Ce collier est disponible en diff\u00e9rentes tailles :   S : 35cm x 16mm  M : 45cm x 20mm  L : 55cm x 25mm  XL : 65cm x 25mm  Existe aussi en noir, en orange, en vert citron, en turquoise, en gris, en beige, en rose et en mauve.\" \/>\n<meta name=\"robots\" content=\"noindex, nofollow\" \/>\n<meta property=\"og:locale\" content=\"fr_FR\" \/>\n<meta property=\"og:type\" content=\"article\" \/>\n<meta property=\"og:title\" content=\"Collier Martin Sellier Confort Martin Sellier - V\u00e9torino\" \/>\n<meta property=\"og:description\" content=\"Alliez simplicit\u00e9, efficacit\u00e9 et pep&#039;s avec ce collier en nylon.  Tr\u00e8s souple, le collier confort Martin Sellier est rembourr\u00e9 avec de la mousse pour plus de confort. Facile \u00e0 mettre, il se boucle comme une ceinture et s&#039;ajuste selon la taille du cou de votre chien.  Ce collier est disponible en diff\u00e9rentes tailles :   S : 35cm x 16mm  M : 45cm x 20mm  L : 55cm x 25mm  XL : 65cm x 25mm  Existe aussi en noir, en orange, en vert citron, en turquoise, en gris, en beige, en rose et en mauve.\" \/>\n<meta property=\"og:url\" content=\"https:\/\/www.vetorino.com\/veterinaire\/mandreslesroses-94520\/boutique\/product\/collier-confort\/\" \/>\n<meta property=\"og:site_name\" content=\"V\u00e9torino\" \/>\n<meta property=\"article:publisher\" content=\"https:\/\/www.facebook.com\/Vetorino\/\" \/>\n<meta property=\"article:modified_time\" content=\"2026-04-04T00:42:11+00:00\" \/>\n<meta property=\"og:image\" content=\"https:\/\/www.vetorino.com\/boutique\/wp-content\/uploads\/2020\/06\/5ad4cd23b17eb.jpg\" \/>\n\t<meta property=\"og:image:width\" content=\"425\" \/>\n\t<meta property=\"og:image:height\" content=\"326\" \/>\n\t<meta property=\"og:image:type\" content=\"image\/jpeg\" \/>\n<meta name=\"twitter:card\" content=\"summary_large_image\" \/>\n<meta name=\"twitter:label1\" content=\"Disponibilit\u00e9\" \/>\n\t<meta name=\"twitter:data1\" content=\"En stock\" \/>\n<script type=\"application\/ld+json\" class=\"yoast-schema-graph\">{\"@context\":\"https:\\\/\\\/schema.org\",\"@graph\":[{\"@type\":\"WebPage\",\"@id\":\"https:\\\/\\\/www.vetorino.com\\\/veterinaire\\\/nivillac-56130\\\/boutique\\\/product\\\/collier-confort\\\/\",\"url\":\"https:\\\/\\\/www.vetorino.com\\\/veterinaire\\\/nivillac-56130\\\/boutique\\\/product\\\/collier-confort\\\/\",\"name\":\"Collier Martin Sellier Confort Martin Sellier - V\u00e9torino\",\"isPartOf\":{\"@id\":\"https:\\\/\\\/www.vetorino.com\\\/boutique\\\/#website\"},\"primaryImageOfPage\":{\"@id\":\"https:\\\/\\\/www.vetorino.com\\\/veterinaire\\\/nivillac-56130\\\/boutique\\\/product\\\/collier-confort\\\/#primaryimage\"},\"image\":{\"@id\":\"https:\\\/\\\/www.vetorino.com\\\/veterinaire\\\/nivillac-56130\\\/boutique\\\/product\\\/collier-confort\\\/#primaryimage\"},\"thumbnailUrl\":\"https:\\\/\\\/www.vetorino.com\\\/boutique\\\/wp-content\\\/uploads\\\/2020\\\/06\\\/5ad4cd23b17eb.jpg\",\"datePublished\":\"2020-06-29T11:06:54+00:00\",\"dateModified\":\"2026-04-04T00:42:11+00:00\",\"description\":\"Alliez simplicit\u00e9, efficacit\u00e9 et pep's avec ce collier en nylon. Tr\u00e8s souple, le collier confort Martin Sellier est rembourr\u00e9 avec de la mousse pour plus de confort. Facile \u00e0 mettre, il se boucle comme une ceinture et s'ajuste selon la taille du cou de votre chien. Ce collier est disponible en diff\u00e9rentes tailles : S : 35cm x 16mm M : 45cm x 20mm L : 55cm x 25mm XL : 65cm x 25mm Existe aussi en noir, en orange, en vert citron, en turquoise, en gris, en beige, en rose et en mauve.\",\"breadcrumb\":{\"@id\":\"https:\\\/\\\/www.vetorino.com\\\/veterinaire\\\/nivillac-56130\\\/boutique\\\/product\\\/collier-confort\\\/#breadcrumb\"},\"inLanguage\":\"fr-FR\",\"potentialAction\":[{\"@type\":\"ReadAction\",\"target\":[\"https:\\\/\\\/www.vetorino.com\\\/veterinaire\\\/nivillac-56130\\\/boutique\\\/product\\\/collier-confort\\\/\"]}]},{\"@type\":\"ImageObject\",\"inLanguage\":\"fr-FR\",\"@id\":\"https:\\\/\\\/www.vetorino.com\\\/veterinaire\\\/nivillac-56130\\\/boutique\\\/product\\\/collier-confort\\\/#primaryimage\",\"url\":\"https:\\\/\\\/www.vetorino.com\\\/boutique\\\/wp-content\\\/uploads\\\/2020\\\/06\\\/5ad4cd23b17eb.jpg\",\"contentUrl\":\"https:\\\/\\\/www.vetorino.com\\\/boutique\\\/wp-content\\\/uploads\\\/2020\\\/06\\\/5ad4cd23b17eb.jpg\",\"width\":425,\"height\":326},{\"@type\":\"BreadcrumbList\",\"@id\":\"https:\\\/\\\/www.vetorino.com\\\/veterinaire\\\/nivillac-56130\\\/boutique\\\/product\\\/collier-confort\\\/#breadcrumb\",\"itemListElement\":[{\"@type\":\"ListItem\",\"position\":1,\"name\":\"Accueil\",\"item\":\"https:\\\/\\\/www.vetorino.com\\\/boutique\\\/\"},{\"@type\":\"ListItem\",\"position\":2,\"name\":\"Produits\",\"item\":\"https:\\\/\\\/www.vetorino.com\\\/boutique\\\/\"},{\"@type\":\"ListItem\",\"position\":3,\"name\":\"Collier Martin Sellier Confort\"}]},{\"@type\":\"WebSite\",\"@id\":\"https:\\\/\\\/www.vetorino.com\\\/boutique\\\/#website\",\"url\":\"https:\\\/\\\/www.vetorino.com\\\/boutique\\\/\",\"name\":\"V\u00e9torino\",\"description\":\"\",\"publisher\":{\"@id\":\"https:\\\/\\\/www.vetorino.com\\\/boutique\\\/#organization\"},\"potentialAction\":[{\"@type\":\"SearchAction\",\"target\":{\"@type\":\"EntryPoint\",\"urlTemplate\":\"https:\\\/\\\/www.vetorino.com\\\/boutique\\\/?s={search_term_string}\"},\"query-input\":{\"@type\":\"PropertyValueSpecification\",\"valueRequired\":true,\"valueName\":\"search_term_string\"}}],\"inLanguage\":\"fr-FR\"},{\"@type\":\"Organization\",\"@id\":\"https:\\\/\\\/www.vetorino.com\\\/boutique\\\/#organization\",\"name\":\"V\u00e9torino\",\"url\":\"https:\\\/\\\/www.vetorino.com\\\/boutique\\\/\",\"logo\":{\"@type\":\"ImageObject\",\"inLanguage\":\"fr-FR\",\"@id\":\"https:\\\/\\\/www.vetorino.com\\\/boutique\\\/#\\\/schema\\\/logo\\\/image\\\/\",\"url\":\"https:\\\/\\\/www.vetorino.com\\\/boutique\\\/wp-content\\\/uploads\\\/2024\\\/10\\\/logo.jpg\",\"contentUrl\":\"https:\\\/\\\/www.vetorino.com\\\/boutique\\\/wp-content\\\/uploads\\\/2024\\\/10\\\/logo.jpg\",\"width\":1200,\"height\":610,\"caption\":\"V\u00e9torino\"},\"image\":{\"@id\":\"https:\\\/\\\/www.vetorino.com\\\/boutique\\\/#\\\/schema\\\/logo\\\/image\\\/\"},\"sameAs\":[\"https:\\\/\\\/www.facebook.com\\\/Vetorino\\\/\",\"https:\\\/\\\/www.instagram.com\\\/vetorino_off\\\/\",\"https:\\\/\\\/www.linkedin.com\\\/company\\\/vtorino\\\/\"]}]}<\/script>\n<meta property=\"product:brand\" content=\"Martin Sellier\" \/>\n<meta property=\"og:availability\" content=\"instock\" \/>\n<meta property=\"product:availability\" content=\"instock\" \/>\n<meta property=\"product:condition\" content=\"new\" \/>\n<!-- \/ Yoast SEO plugin. -->","yoast_head_json":{"title":"Collier Martin Sellier Confort Martin Sellier - V\u00e9torino","description":"Alliez simplicit\u00e9, efficacit\u00e9 et pep's avec ce collier en nylon.  Tr\u00e8s souple, le collier confort Martin Sellier est rembourr\u00e9 avec de la mousse pour plus de confort. Facile \u00e0 mettre, il se boucle comme une ceinture et s'ajuste selon la taille du cou de votre chien.  Ce collier est disponible en diff\u00e9rentes tailles :   S : 35cm x 16mm  M : 45cm x 20mm  L : 55cm x 25mm  XL : 65cm x 25mm  Existe aussi en noir, en orange, en vert citron, en turquoise, en gris, en beige, en rose et en mauve.","robots":{"index":"noindex","follow":"nofollow"},"og_locale":"fr_FR","og_type":"article","og_title":"Collier Martin Sellier Confort Martin Sellier - V\u00e9torino","og_description":"Alliez simplicit\u00e9, efficacit\u00e9 et pep's avec ce collier en nylon.  Tr\u00e8s souple, le collier confort Martin Sellier est rembourr\u00e9 avec de la mousse pour plus de confort. Facile \u00e0 mettre, il se boucle comme une ceinture et s'ajuste selon la taille du cou de votre chien.  Ce collier est disponible en diff\u00e9rentes tailles :   S : 35cm x 16mm  M : 45cm x 20mm  L : 55cm x 25mm  XL : 65cm x 25mm  Existe aussi en noir, en orange, en vert citron, en turquoise, en gris, en beige, en rose et en mauve.","og_url":"https:\/\/www.vetorino.com\/veterinaire\/mandreslesroses-94520\/boutique\/product\/collier-confort\/","og_site_name":"V\u00e9torino","article_publisher":"https:\/\/www.facebook.com\/Vetorino\/","article_modified_time":"2026-04-04T00:42:11+00:00","og_image":[{"width":425,"height":326,"url":"https:\/\/www.vetorino.com\/boutique\/wp-content\/uploads\/2020\/06\/5ad4cd23b17eb.jpg","type":"image\/jpeg"}],"twitter_card":"summary_large_image","twitter_misc":{"Disponibilit\u00e9":"En stock"},"schema":{"@context":"https:\/\/schema.org","@graph":[{"@type":"WebPage","@id":"https:\/\/www.vetorino.com\/veterinaire\/nivillac-56130\/boutique\/product\/collier-confort\/","url":"https:\/\/www.vetorino.com\/veterinaire\/nivillac-56130\/boutique\/product\/collier-confort\/","name":"Collier Martin Sellier Confort Martin Sellier - V\u00e9torino","isPartOf":{"@id":"https:\/\/www.vetorino.com\/boutique\/#website"},"primaryImageOfPage":{"@id":"https:\/\/www.vetorino.com\/veterinaire\/nivillac-56130\/boutique\/product\/collier-confort\/#primaryimage"},"image":{"@id":"https:\/\/www.vetorino.com\/veterinaire\/nivillac-56130\/boutique\/product\/collier-confort\/#primaryimage"},"thumbnailUrl":"https:\/\/www.vetorino.com\/boutique\/wp-content\/uploads\/2020\/06\/5ad4cd23b17eb.jpg","datePublished":"2020-06-29T11:06:54+00:00","dateModified":"2026-04-04T00:42:11+00:00","description":"Alliez simplicit\u00e9, efficacit\u00e9 et pep's avec ce collier en nylon. Tr\u00e8s souple, le collier confort Martin Sellier est rembourr\u00e9 avec de la mousse pour plus de confort. Facile \u00e0 mettre, il se boucle comme une ceinture et s'ajuste selon la taille du cou de votre chien. Ce collier est disponible en diff\u00e9rentes tailles : S : 35cm x 16mm M : 45cm x 20mm L : 55cm x 25mm XL : 65cm x 25mm Existe aussi en noir, en orange, en vert citron, en turquoise, en gris, en beige, en rose et en mauve.","breadcrumb":{"@id":"https:\/\/www.vetorino.com\/veterinaire\/nivillac-56130\/boutique\/product\/collier-confort\/#breadcrumb"},"inLanguage":"fr-FR","potentialAction":[{"@type":"ReadAction","target":["https:\/\/www.vetorino.com\/veterinaire\/nivillac-56130\/boutique\/product\/collier-confort\/"]}]},{"@type":"ImageObject","inLanguage":"fr-FR","@id":"https:\/\/www.vetorino.com\/veterinaire\/nivillac-56130\/boutique\/product\/collier-confort\/#primaryimage","url":"https:\/\/www.vetorino.com\/boutique\/wp-content\/uploads\/2020\/06\/5ad4cd23b17eb.jpg","contentUrl":"https:\/\/www.vetorino.com\/boutique\/wp-content\/uploads\/2020\/06\/5ad4cd23b17eb.jpg","width":425,"height":326},{"@type":"BreadcrumbList","@id":"https:\/\/www.vetorino.com\/veterinaire\/nivillac-56130\/boutique\/product\/collier-confort\/#breadcrumb","itemListElement":[{"@type":"ListItem","position":1,"name":"Accueil","item":"https:\/\/www.vetorino.com\/boutique\/"},{"@type":"ListItem","position":2,"name":"Produits","item":"https:\/\/www.vetorino.com\/boutique\/"},{"@type":"ListItem","position":3,"name":"Collier Martin Sellier Confort"}]},{"@type":"WebSite","@id":"https:\/\/www.vetorino.com\/boutique\/#website","url":"https:\/\/www.vetorino.com\/boutique\/","name":"V\u00e9torino","description":"","publisher":{"@id":"https:\/\/www.vetorino.com\/boutique\/#organization"},"potentialAction":[{"@type":"SearchAction","target":{"@type":"EntryPoint","urlTemplate":"https:\/\/www.vetorino.com\/boutique\/?s={search_term_string}"},"query-input":{"@type":"PropertyValueSpecification","valueRequired":true,"valueName":"search_term_string"}}],"inLanguage":"fr-FR"},{"@type":"Organization","@id":"https:\/\/www.vetorino.com\/boutique\/#organization","name":"V\u00e9torino","url":"https:\/\/www.vetorino.com\/boutique\/","logo":{"@type":"ImageObject","inLanguage":"fr-FR","@id":"https:\/\/www.vetorino.com\/boutique\/#\/schema\/logo\/image\/","url":"https:\/\/www.vetorino.com\/boutique\/wp-content\/uploads\/2024\/10\/logo.jpg","contentUrl":"https:\/\/www.vetorino.com\/boutique\/wp-content\/uploads\/2024\/10\/logo.jpg","width":1200,"height":610,"caption":"V\u00e9torino"},"image":{"@id":"https:\/\/www.vetorino.com\/boutique\/#\/schema\/logo\/image\/"},"sameAs":["https:\/\/www.facebook.com\/Vetorino\/","https:\/\/www.instagram.com\/vetorino_off\/","https:\/\/www.linkedin.com\/company\/vtorino\/"]}]},"product_brand":"Martin Sellier","og_availability":"instock","product_availability":"instock","product_condition":"new"},"_links":{"self":[{"href":"https:\/\/www.vetorino.com\/veterinaire\/mandreslesroses-94520\/boutique\/wp-json\/wp\/v2\/product\/93674","targetHints":{"allow":["GET"]}}],"collection":[{"href":"https:\/\/www.vetorino.com\/veterinaire\/mandreslesroses-94520\/boutique\/wp-json\/wp\/v2\/product"}],"about":[{"href":"https:\/\/www.vetorino.com\/veterinaire\/mandreslesroses-94520\/boutique\/wp-json\/wp\/v2\/types\/product"}],"wp:featuredmedia":[{"embeddable":true,"href":"https:\/\/www.vetorino.com\/veterinaire\/mandreslesroses-94520\/boutique\/wp-json\/wp\/v2\/media\/633802"}],"wp:attachment":[{"href":"https:\/\/www.vetorino.com\/veterinaire\/mandreslesroses-94520\/boutique\/wp-json\/wp\/v2\/media?parent=93674"}],"wp:term":[{"taxonomy":"product_cat","embeddable":true,"href":"https:\/\/www.vetorino.com\/veterinaire\/mandreslesroses-94520\/boutique\/wp-json\/wp\/v2\/product_cat?post=93674"},{"taxonomy":"product_tag","embeddable":true,"href":"https:\/\/www.vetorino.com\/veterinaire\/mandreslesroses-94520\/boutique\/wp-json\/wp\/v2\/product_tag?post=93674"}],"curies":[{"name":"wp","href":"https:\/\/api.w.org\/{rel}","templated":true}]}}