{"id":94223,"date":"2020-06-29T13:11:12","date_gmt":"2020-06-29T11:11:12","guid":{"rendered":"https:\/\/www.vetorino.com\/boutique\/product\/collier-timber-avec-os-metal\/"},"modified":"2023-01-26T15:53:32","modified_gmt":"2023-01-26T14:53:32","slug":"collier-timber-avec-os-metal","status":"publish","type":"product","link":"https:\/\/www.vetorino.com\/veterinaire\/mandreslesroses-94520\/boutique\/product\/collier-timber-avec-os-metal\/","title":{"rendered":"Collier Timber avec Os m\u00e9tal"},"content":{"rendered":"<div class='hidden'>MATERIEL<\/div>\n<div class='hidden'>Chiens<\/div>\n<p>En imitation cuir, ce collier est facile \u00e0 mettre car sa mati\u00e8re lui conf\u00e8re souplesse et solidit\u00e9. <br \/>Tr\u00e8s \u00e9l\u00e9gant coloris taupe doubl\u00e9 beige, avec piq\u00fbres fa\u00e7on sellier et orn\u00e9 d&#8217;os m\u00e9tal.<\/p>\n","protected":false},"excerpt":{"rendered":"<p>MATERIEL Chiens En imitation cuir, ce collier est facile \u00e0 mettre car sa mati\u00e8re lui conf\u00e8re souplesse et solidit\u00e9. Tr\u00e8s \u00e9l\u00e9gant coloris taupe doubl\u00e9 beige, avec piq\u00fbres fa\u00e7on sellier et orn\u00e9 d&#8217;os m\u00e9tal.<\/p>\n","protected":false},"featured_media":94218,"template":"","meta":[],"product_cat":[2698],"product_tag":[],"class_list":{"0":"post-94223","1":"product","2":"type-product","3":"status-publish","4":"has-post-thumbnail","6":"product_cat-chien","7":"pa_marque-materiel","9":"first","10":"instock","11":"taxable","12":"shipping-taxable","13":"purchasable","14":"product-type-variable"},"yoast_head":"<!-- This site is optimized with the Yoast SEO plugin v27.3 - https:\/\/yoast.com\/product\/yoast-seo-wordpress\/ -->\n<title>Collier Timber avec Os m\u00e9tal Mat\u00e9riel - V\u00e9torino<\/title>\n<meta name=\"description\" content=\"MATERIELChiensEn imitation cuir, ce collier est facile \u00e0 mettre car sa mati\u00e8re lui conf\u00e8re souplesse et solidit\u00e9. Tr\u00e8s \u00e9l\u00e9gant coloris taupe doubl\u00e9 beige,\" \/>\n<meta name=\"robots\" content=\"noindex, nofollow\" \/>\n<meta property=\"og:locale\" content=\"fr_FR\" \/>\n<meta property=\"og:type\" content=\"article\" \/>\n<meta property=\"og:title\" content=\"Collier Timber avec Os m\u00e9tal Mat\u00e9riel - V\u00e9torino\" \/>\n<meta property=\"og:description\" content=\"MATERIELChiensEn imitation cuir, ce collier est facile \u00e0 mettre car sa mati\u00e8re lui conf\u00e8re souplesse et solidit\u00e9. Tr\u00e8s \u00e9l\u00e9gant coloris taupe doubl\u00e9 beige,\" \/>\n<meta property=\"og:url\" content=\"https:\/\/www.vetorino.com\/veterinaire\/mandreslesroses-94520\/boutique\/product\/collier-timber-avec-os-metal\/\" \/>\n<meta property=\"og:site_name\" content=\"V\u00e9torino\" \/>\n<meta property=\"article:publisher\" content=\"https:\/\/www.facebook.com\/Vetorino\/\" \/>\n<meta property=\"article:modified_time\" content=\"2023-01-26T14:53:32+00:00\" \/>\n<meta property=\"og:image\" content=\"https:\/\/www.vetorino.com\/boutique\/wp-content\/uploads\/2020\/06\/FilsCOL763FormatMediumTypeIM.png\" \/>\n\t<meta property=\"og:image:width\" content=\"400\" \/>\n\t<meta property=\"og:image:height\" content=\"400\" \/>\n\t<meta property=\"og:image:type\" content=\"image\/png\" \/>\n<meta name=\"twitter:card\" content=\"summary_large_image\" \/>\n<meta name=\"twitter:label1\" content=\"Disponibilit\u00e9\" \/>\n\t<meta name=\"twitter:data1\" content=\"En stock\" \/>\n<script type=\"application\/ld+json\" class=\"yoast-schema-graph\">{\"@context\":\"https:\\\/\\\/schema.org\",\"@graph\":[{\"@type\":\"WebPage\",\"@id\":\"https:\\\/\\\/www.vetorino.com\\\/boutique\\\/product\\\/collier-timber-avec-os-metal\\\/\",\"url\":\"https:\\\/\\\/www.vetorino.com\\\/boutique\\\/product\\\/collier-timber-avec-os-metal\\\/\",\"name\":\"Collier Timber avec Os m\u00e9tal Mat\u00e9riel - V\u00e9torino\",\"isPartOf\":{\"@id\":\"https:\\\/\\\/www.vetorino.com\\\/boutique\\\/#website\"},\"primaryImageOfPage\":{\"@id\":\"https:\\\/\\\/www.vetorino.com\\\/boutique\\\/product\\\/collier-timber-avec-os-metal\\\/#primaryimage\"},\"image\":{\"@id\":\"https:\\\/\\\/www.vetorino.com\\\/boutique\\\/product\\\/collier-timber-avec-os-metal\\\/#primaryimage\"},\"thumbnailUrl\":\"https:\\\/\\\/www.vetorino.com\\\/boutique\\\/wp-content\\\/uploads\\\/2020\\\/06\\\/FilsCOL763FormatMediumTypeIM.png\",\"datePublished\":\"2020-06-29T11:11:12+00:00\",\"dateModified\":\"2023-01-26T14:53:32+00:00\",\"description\":\"MATERIELChiensEn imitation cuir, ce collier est facile \u00e0 mettre car sa mati\u00e8re lui conf\u00e8re souplesse et solidit\u00e9. Tr\u00e8s \u00e9l\u00e9gant coloris taupe doubl\u00e9 beige,\",\"breadcrumb\":{\"@id\":\"https:\\\/\\\/www.vetorino.com\\\/boutique\\\/product\\\/collier-timber-avec-os-metal\\\/#breadcrumb\"},\"inLanguage\":\"fr-FR\",\"potentialAction\":[{\"@type\":\"ReadAction\",\"target\":[\"https:\\\/\\\/www.vetorino.com\\\/boutique\\\/product\\\/collier-timber-avec-os-metal\\\/\"]}]},{\"@type\":\"ImageObject\",\"inLanguage\":\"fr-FR\",\"@id\":\"https:\\\/\\\/www.vetorino.com\\\/boutique\\\/product\\\/collier-timber-avec-os-metal\\\/#primaryimage\",\"url\":\"https:\\\/\\\/www.vetorino.com\\\/boutique\\\/wp-content\\\/uploads\\\/2020\\\/06\\\/FilsCOL763FormatMediumTypeIM.png\",\"contentUrl\":\"https:\\\/\\\/www.vetorino.com\\\/boutique\\\/wp-content\\\/uploads\\\/2020\\\/06\\\/FilsCOL763FormatMediumTypeIM.png\",\"width\":400,\"height\":400},{\"@type\":\"BreadcrumbList\",\"@id\":\"https:\\\/\\\/www.vetorino.com\\\/boutique\\\/product\\\/collier-timber-avec-os-metal\\\/#breadcrumb\",\"itemListElement\":[{\"@type\":\"ListItem\",\"position\":1,\"name\":\"Accueil\",\"item\":\"https:\\\/\\\/www.vetorino.com\\\/boutique\\\/\"},{\"@type\":\"ListItem\",\"position\":2,\"name\":\"Produits\",\"item\":\"https:\\\/\\\/www.vetorino.com\\\/boutique\\\/\"},{\"@type\":\"ListItem\",\"position\":3,\"name\":\"Collier Timber avec Os m\u00e9tal\"}]},{\"@type\":\"WebSite\",\"@id\":\"https:\\\/\\\/www.vetorino.com\\\/boutique\\\/#website\",\"url\":\"https:\\\/\\\/www.vetorino.com\\\/boutique\\\/\",\"name\":\"V\u00e9torino\",\"description\":\"\",\"publisher\":{\"@id\":\"https:\\\/\\\/www.vetorino.com\\\/boutique\\\/#organization\"},\"potentialAction\":[{\"@type\":\"SearchAction\",\"target\":{\"@type\":\"EntryPoint\",\"urlTemplate\":\"https:\\\/\\\/www.vetorino.com\\\/boutique\\\/?s={search_term_string}\"},\"query-input\":{\"@type\":\"PropertyValueSpecification\",\"valueRequired\":true,\"valueName\":\"search_term_string\"}}],\"inLanguage\":\"fr-FR\"},{\"@type\":\"Organization\",\"@id\":\"https:\\\/\\\/www.vetorino.com\\\/boutique\\\/#organization\",\"name\":\"V\u00e9torino\",\"url\":\"https:\\\/\\\/www.vetorino.com\\\/boutique\\\/\",\"logo\":{\"@type\":\"ImageObject\",\"inLanguage\":\"fr-FR\",\"@id\":\"https:\\\/\\\/www.vetorino.com\\\/boutique\\\/#\\\/schema\\\/logo\\\/image\\\/\",\"url\":\"https:\\\/\\\/www.vetorino.com\\\/boutique\\\/wp-content\\\/uploads\\\/2024\\\/10\\\/logo.jpg\",\"contentUrl\":\"https:\\\/\\\/www.vetorino.com\\\/boutique\\\/wp-content\\\/uploads\\\/2024\\\/10\\\/logo.jpg\",\"width\":1200,\"height\":610,\"caption\":\"V\u00e9torino\"},\"image\":{\"@id\":\"https:\\\/\\\/www.vetorino.com\\\/boutique\\\/#\\\/schema\\\/logo\\\/image\\\/\"},\"sameAs\":[\"https:\\\/\\\/www.facebook.com\\\/Vetorino\\\/\",\"https:\\\/\\\/www.instagram.com\\\/vetorino_off\\\/\",\"https:\\\/\\\/www.linkedin.com\\\/company\\\/vtorino\\\/\"]}]}<\/script>\n<meta property=\"product:brand\" content=\"Mat\u00e9riel\" \/>\n<meta property=\"og:availability\" content=\"instock\" \/>\n<meta property=\"product:availability\" content=\"instock\" \/>\n<meta property=\"product:condition\" content=\"new\" \/>\n<!-- \/ Yoast SEO plugin. -->","yoast_head_json":{"title":"Collier Timber avec Os m\u00e9tal Mat\u00e9riel - V\u00e9torino","description":"MATERIELChiensEn imitation cuir, ce collier est facile \u00e0 mettre car sa mati\u00e8re lui conf\u00e8re souplesse et solidit\u00e9. Tr\u00e8s \u00e9l\u00e9gant coloris taupe doubl\u00e9 beige,","robots":{"index":"noindex","follow":"nofollow"},"og_locale":"fr_FR","og_type":"article","og_title":"Collier Timber avec Os m\u00e9tal Mat\u00e9riel - V\u00e9torino","og_description":"MATERIELChiensEn imitation cuir, ce collier est facile \u00e0 mettre car sa mati\u00e8re lui conf\u00e8re souplesse et solidit\u00e9. Tr\u00e8s \u00e9l\u00e9gant coloris taupe doubl\u00e9 beige,","og_url":"https:\/\/www.vetorino.com\/veterinaire\/mandreslesroses-94520\/boutique\/product\/collier-timber-avec-os-metal\/","og_site_name":"V\u00e9torino","article_publisher":"https:\/\/www.facebook.com\/Vetorino\/","article_modified_time":"2023-01-26T14:53:32+00:00","og_image":[{"width":400,"height":400,"url":"https:\/\/www.vetorino.com\/boutique\/wp-content\/uploads\/2020\/06\/FilsCOL763FormatMediumTypeIM.png","type":"image\/png"}],"twitter_card":"summary_large_image","twitter_misc":{"Disponibilit\u00e9":"En stock"},"schema":{"@context":"https:\/\/schema.org","@graph":[{"@type":"WebPage","@id":"https:\/\/www.vetorino.com\/boutique\/product\/collier-timber-avec-os-metal\/","url":"https:\/\/www.vetorino.com\/boutique\/product\/collier-timber-avec-os-metal\/","name":"Collier Timber avec Os m\u00e9tal Mat\u00e9riel - V\u00e9torino","isPartOf":{"@id":"https:\/\/www.vetorino.com\/boutique\/#website"},"primaryImageOfPage":{"@id":"https:\/\/www.vetorino.com\/boutique\/product\/collier-timber-avec-os-metal\/#primaryimage"},"image":{"@id":"https:\/\/www.vetorino.com\/boutique\/product\/collier-timber-avec-os-metal\/#primaryimage"},"thumbnailUrl":"https:\/\/www.vetorino.com\/boutique\/wp-content\/uploads\/2020\/06\/FilsCOL763FormatMediumTypeIM.png","datePublished":"2020-06-29T11:11:12+00:00","dateModified":"2023-01-26T14:53:32+00:00","description":"MATERIELChiensEn imitation cuir, ce collier est facile \u00e0 mettre car sa mati\u00e8re lui conf\u00e8re souplesse et solidit\u00e9. Tr\u00e8s \u00e9l\u00e9gant coloris taupe doubl\u00e9 beige,","breadcrumb":{"@id":"https:\/\/www.vetorino.com\/boutique\/product\/collier-timber-avec-os-metal\/#breadcrumb"},"inLanguage":"fr-FR","potentialAction":[{"@type":"ReadAction","target":["https:\/\/www.vetorino.com\/boutique\/product\/collier-timber-avec-os-metal\/"]}]},{"@type":"ImageObject","inLanguage":"fr-FR","@id":"https:\/\/www.vetorino.com\/boutique\/product\/collier-timber-avec-os-metal\/#primaryimage","url":"https:\/\/www.vetorino.com\/boutique\/wp-content\/uploads\/2020\/06\/FilsCOL763FormatMediumTypeIM.png","contentUrl":"https:\/\/www.vetorino.com\/boutique\/wp-content\/uploads\/2020\/06\/FilsCOL763FormatMediumTypeIM.png","width":400,"height":400},{"@type":"BreadcrumbList","@id":"https:\/\/www.vetorino.com\/boutique\/product\/collier-timber-avec-os-metal\/#breadcrumb","itemListElement":[{"@type":"ListItem","position":1,"name":"Accueil","item":"https:\/\/www.vetorino.com\/boutique\/"},{"@type":"ListItem","position":2,"name":"Produits","item":"https:\/\/www.vetorino.com\/boutique\/"},{"@type":"ListItem","position":3,"name":"Collier Timber avec Os m\u00e9tal"}]},{"@type":"WebSite","@id":"https:\/\/www.vetorino.com\/boutique\/#website","url":"https:\/\/www.vetorino.com\/boutique\/","name":"V\u00e9torino","description":"","publisher":{"@id":"https:\/\/www.vetorino.com\/boutique\/#organization"},"potentialAction":[{"@type":"SearchAction","target":{"@type":"EntryPoint","urlTemplate":"https:\/\/www.vetorino.com\/boutique\/?s={search_term_string}"},"query-input":{"@type":"PropertyValueSpecification","valueRequired":true,"valueName":"search_term_string"}}],"inLanguage":"fr-FR"},{"@type":"Organization","@id":"https:\/\/www.vetorino.com\/boutique\/#organization","name":"V\u00e9torino","url":"https:\/\/www.vetorino.com\/boutique\/","logo":{"@type":"ImageObject","inLanguage":"fr-FR","@id":"https:\/\/www.vetorino.com\/boutique\/#\/schema\/logo\/image\/","url":"https:\/\/www.vetorino.com\/boutique\/wp-content\/uploads\/2024\/10\/logo.jpg","contentUrl":"https:\/\/www.vetorino.com\/boutique\/wp-content\/uploads\/2024\/10\/logo.jpg","width":1200,"height":610,"caption":"V\u00e9torino"},"image":{"@id":"https:\/\/www.vetorino.com\/boutique\/#\/schema\/logo\/image\/"},"sameAs":["https:\/\/www.facebook.com\/Vetorino\/","https:\/\/www.instagram.com\/vetorino_off\/","https:\/\/www.linkedin.com\/company\/vtorino\/"]}]},"product_brand":"Mat\u00e9riel","og_availability":"instock","product_availability":"instock","product_condition":"new"},"_links":{"self":[{"href":"https:\/\/www.vetorino.com\/veterinaire\/mandreslesroses-94520\/boutique\/wp-json\/wp\/v2\/product\/94223","targetHints":{"allow":["GET"]}}],"collection":[{"href":"https:\/\/www.vetorino.com\/veterinaire\/mandreslesroses-94520\/boutique\/wp-json\/wp\/v2\/product"}],"about":[{"href":"https:\/\/www.vetorino.com\/veterinaire\/mandreslesroses-94520\/boutique\/wp-json\/wp\/v2\/types\/product"}],"wp:featuredmedia":[{"embeddable":true,"href":"https:\/\/www.vetorino.com\/veterinaire\/mandreslesroses-94520\/boutique\/wp-json\/wp\/v2\/media\/94218"}],"wp:attachment":[{"href":"https:\/\/www.vetorino.com\/veterinaire\/mandreslesroses-94520\/boutique\/wp-json\/wp\/v2\/media?parent=94223"}],"wp:term":[{"taxonomy":"product_cat","embeddable":true,"href":"https:\/\/www.vetorino.com\/veterinaire\/mandreslesroses-94520\/boutique\/wp-json\/wp\/v2\/product_cat?post=94223"},{"taxonomy":"product_tag","embeddable":true,"href":"https:\/\/www.vetorino.com\/veterinaire\/mandreslesroses-94520\/boutique\/wp-json\/wp\/v2\/product_tag?post=94223"}],"curies":[{"name":"wp","href":"https:\/\/api.w.org\/{rel}","templated":true}]}}